{"id":11237,"date":"2022-07-27T12:53:24","date_gmt":"2022-07-27T10:53:24","guid":{"rendered":"https:\/\/meinradladen.com\/?post_type=product&#038;p=11237"},"modified":"2023-08-10T15:00:11","modified_gmt":"2023-08-10T13:00:11","slug":"halbstarres-mountainbike-cannondale-trail-sl-1-sram-grau-meteor-beige","status":"publish","type":"product","link":"https:\/\/cioelectro.com\/en\/produkt\/halbstarres-mountainbike-cannondale-trail-sl-1-sram-grau-meteor-beige\/","title":{"rendered":"Halbstarres Mountainbike Cannondale Trail SL 1 Sram Grau Meteor Beige"},"content":{"rendered":"<h2>Halbstarres Mountainbike Cannondale Trail SL 1 Sram NX\/SX Eagle 12V 29&#8221; Grau Meteor Beige<\/h2>\n<div class=\"col col-sm-12 col-md-12 col-lg-12\">\n<p>Wechseln Sie in die n\u00e4chsth\u00f6here Stufe! Das\u00a0<strong>Cannondale Trail SL 1<\/strong>\u00a0ist ein halbstarres Mountainbike, das entwickelt wurde, um Ihr Spiel zu verbessern und eine Leidenschaft f\u00fcr den Trail zu wecken. Es wurde f\u00fcr das Gebirge entworfen und ist bereit f\u00fcr alles. Der Rahmen aus Aluminium SmartForm C2 ist eine weitere Steigerung in Bezug auf Aluminiumkonstruktionen. Hochleistungsrohrformen, umfangreiches gewichtssparendes Sto\u00dfen und nahtlose Double-Pass-Schwei\u00dfn\u00e4hte sorgen f\u00fcr ein Fahrgef\u00fchl, das seinesgleichen sucht. Die &#8220;SAVE&#8221; -Mikrofederung sorgt dank strategisch konstruierter Flexzonen im hinteren Dreieck des Rahmens f\u00fcr ein ruhigeres und kontrollierteres Fahrverhalten.<\/p>\n<p>Der\u00a0<strong>integrierte Radsensor<\/strong>\u00a0liefert viele sehr genaue Informationen \u00fcber Geschwindigkeit, Strecke und Entfernung. Au\u00dferdem k\u00f6nnen Sie dar\u00fcber Ihr Fahrrad registrieren und werden u. a. an notwendige Wartungsarbeiten erinnert, und das alles \u00fcber die Cannondale-App.<\/p>\n<p>Im Vergleich zum Trail SE ist das Cannondale Trail SL leichter, schnittiger und auf Schnelligkeit ausgelegt.<\/p>\n<\/div>\n<div class=\"prodsheet_bullets col col-sm-8 col-md-8 col-lg-8\">\n<h4>PRODUKT-HIGHLIGHTS:<\/h4>\n<ul>\n<li>Ein Mountainbike, das entwickelt wurde, um Ihr Spiel zu verbessern und eine Leidenschaft f\u00fcr den Trail zu wecken.<\/li>\n<li>Aluminiumrahmen SmartForm C2.<\/li>\n<li>Sram NX \/ SX Eagle 1 x 12 Speed Antriebsstrang.<\/li>\n<li>Hydraulische Scheibenbremsen Shimano MT400, 160\/160 mm.<\/li>\n<\/ul>\n<\/div>\n<div class=\"prodsheet_specs1 col col-sm-12 col-md-12 col-lg-12\">\n<h4>EINZELHEITEN:<\/h4>\n<table class=\"table table-striped\">\n<tbody>\n<tr>\n<td>Rahmen<\/td>\n<td>Aluminium: All-New, Smartform C2 Alloy, SAVE dropped seatstays, tapered headtube, post mount disc, StraightShot interne Kabelf\u00fchrung, dropper post kompatibel BSA 73, 12 mm Steckachse, Boost 148<\/td>\n<\/tr>\n<tr>\n<td>Gabel<\/td>\n<td>RockShox Reba RL, 100 mm travel, Solo Air, 15&#215;110 mm thru-axle, remote lockout, tapered steerer, 51 mm offset<\/td>\n<\/tr>\n<tr>\n<td>Steuersatz<\/td>\n<td>Integrated Sealed Bearing, Tapered<\/td>\n<\/tr>\n<tr>\n<td>Lenkervorbau<\/td>\n<td>Cannondale 3 mit Intellimount, Alu, 31,8 mm Klemme<\/td>\n<\/tr>\n<tr>\n<td>Lenker<\/td>\n<td>FSA Alloy Riser, 15 mm rise, 760 mm<\/td>\n<\/tr>\n<tr>\n<td>Griffe<\/td>\n<td>Cannondale Feststellgriffe<\/td>\n<\/tr>\n<tr>\n<td>Schalthebel der Kettenschaltung<\/td>\n<td>Sram NX Eagle, 1 x 12 G\u00e4nge<\/td>\n<\/tr>\n<tr>\n<td>Hintere Kettenschaltung<\/td>\n<td>Sram NX Eagle, 12 G\u00e4nge<\/td>\n<\/tr>\n<tr>\n<td>Pedale<\/td>\n<td>Sram SX Eagle, 30 Z\u00e4hne<\/td>\n<\/tr>\n<tr>\n<td>Innenlager<\/td>\n<td>Truvativ Power Spline<\/td>\n<\/tr>\n<tr>\n<td>Kette<\/td>\n<td>Sram NX Eagle, 12 G\u00e4nge<\/td>\n<\/tr>\n<tr>\n<td>Geh\u00e4use<\/td>\n<td>Sram SX Eagle, 11-50 Z\u00e4hne, 12-Gang<\/td>\n<\/tr>\n<tr>\n<td>Bremsgriffe<\/td>\n<td>Shimano MT400<\/td>\n<\/tr>\n<tr>\n<td>Bremsen<\/td>\n<td>Shimano MT400 hydraulic disc, 160\/160 mm RT30 rotors<\/td>\n<\/tr>\n<tr>\n<td>Sattel<\/td>\n<td>Cannondale Ergo XC<\/td>\n<\/tr>\n<tr>\n<td>Sattelst\u00fctze<\/td>\n<td>Cannondale 3, 6061 Alloy, 31,6 x 350\/400 mm<\/td>\n<\/tr>\n<tr>\n<td>R\u00e4der<\/td>\n<td>WTB STX i23 TCS, 32h, Tubeless Ready<\/td>\n<\/tr>\n<tr>\n<td>Vordere Nabe<\/td>\n<td>Shimano MT400, 15 x 110 mm thru-axle<\/td>\n<\/tr>\n<tr>\n<td>Hintere Nabe<\/td>\n<td>Shimano MT400, 12 x 148 mm<\/td>\n<\/tr>\n<tr>\n<td>Reifen<\/td>\n<td>Schwalbe Rocket Rick, K-Guard, 29 x 2,25&#8243;<\/td>\n<\/tr>\n<tr>\n<td>Gewicht<\/td>\n<td>&#8212;<\/td>\n<\/tr>\n<tr>\n<td>Farbe<\/td>\n<td>Meteor Grau<\/td>\n<\/tr>\n<\/tbody>\n<\/table>\n<\/div>\n<div class=\"prodsheet_specs2 col col-sm-8 col-md-8 col-lg-8\">\n<h4>ABMESSUNGEN:<\/h4>\n<p><img decoding=\"async\" src=\"http:\/\/media1.alltricks.fr\/ckfinder\/images\/hardtail_fr.jpg\" \/><\/p>\n<table class=\"table table-striped\">\n<tbody>\n<tr>\n<td>Rahmengr\u00f6\u00dfe<\/td>\n<td>S<\/td>\n<td>M<\/td>\n<td>L<\/td>\n<td>XL<\/td>\n<\/tr>\n<tr>\n<td>Radgr\u00f6\u00dfe (Zoll)<\/td>\n<td>29<\/td>\n<td>29<\/td>\n<td>29<\/td>\n<td>29<\/td>\n<\/tr>\n<tr>\n<td>Sattelrohr (mm)<\/td>\n<td>390<\/td>\n<td>440<\/td>\n<td>470<\/td>\n<td>520<\/td>\n<\/tr>\n<tr>\n<td>Oberes Rohr (mm)<\/td>\n<td>561<\/td>\n<td>593<\/td>\n<td>621<\/td>\n<td>648<\/td>\n<\/tr>\n<tr>\n<td>Basisl\u00e4nge (mm)<\/td>\n<td>435<\/td>\n<td>435<\/td>\n<td>435<\/td>\n<td>435<\/td>\n<\/tr>\n<tr>\n<td>Steuerrohr (mm)<\/td>\n<td>90<\/td>\n<td>100<\/td>\n<td>110<\/td>\n<td>120<\/td>\n<\/tr>\n<tr>\n<td>Lenkwinkel (\u00b0)<\/td>\n<td>68<\/td>\n<td>68<\/td>\n<td>68<\/td>\n<td>68<\/td>\n<\/tr>\n<tr>\n<td>Sattelrohrwinkel (\u00b0)<\/td>\n<td>75<\/td>\n<td>75<\/td>\n<td>75<\/td>\n<td>75<\/td>\n<\/tr>\n<tr>\n<td>Radstand (mm)<\/td>\n<td>1090<\/td>\n<td>1123<\/td>\n<td>1152<\/td>\n<td>1180<\/td>\n<\/tr>\n<tr>\n<td>Stack (mm)<\/td>\n<td>598<\/td>\n<td>608<\/td>\n<td>617<\/td>\n<td>626<\/td>\n<\/tr>\n<tr>\n<td>Reichweite (mm)<\/td>\n<td>389<\/td>\n<td>419<\/td>\n<td>444<\/td>\n<td>469<\/td>\n<\/tr>\n<\/tbody>\n<\/table>\n<\/div>","protected":false},"excerpt":{"rendered":"<p>Halbstarres Mountainbike Cannondale Trail SL 1 Sram NX\/SX Eagle 12V 29&#8221; Grau Meteor Beige Wechseln Sie in die n\u00e4chsth\u00f6here Stufe!<\/p>","protected":false},"featured_media":60466,"comment_status":"open","ping_status":"closed","template":"","meta":{"_rtcl_gb_attr":""},"product_brand":[],"product_cat":[783],"product_tag":[],"class_list":{"0":"post-11237","1":"product","2":"type-product","3":"status-publish","4":"has-post-thumbnail","6":"product_cat-accessories","7":"pa_marke-cannondale","9":"first","10":"instock","11":"taxable","12":"shipping-taxable","13":"purchasable","14":"product-type-variable"},"yoast_head":"<!-- This site is optimized with the Yoast SEO Premium plugin v20.12 (Yoast SEO v27.4) - https:\/\/yoast.com\/product\/yoast-seo-premium-wordpress\/ -->\n<title>Halbstarres Mountainbike Cannondale Trail SL 1 Sram Grau<\/title>\n<meta name=\"description\" content=\"Entdecken Sie unseren Online-Fahrradladen: Gro\u00dfe Auswahl an Modellen f\u00fcr alle Radsportbegeisterten. Von Rennr\u00e4dern bis zu Mountainbikes - finden Sie heute Ihren perfekten Wegbegleiter!\" \/>\n<meta name=\"robots\" content=\"index, follow, max-snippet:-1, max-image-preview:large, max-video-preview:-1\" \/>\n<link rel=\"canonical\" href=\"https:\/\/cioelectro.com\/en\/produkt\/halbstarres-mountainbike-cannondale-trail-sl-1-sram-grau-meteor-beige\/\" \/>\n<meta property=\"og:locale\" content=\"en_US\" \/>\n<meta property=\"og:type\" content=\"article\" \/>\n<meta property=\"og:title\" content=\"Halbstarres Mountainbike Cannondale Trail SL 1 Sram Grau Meteor Beige\" \/>\n<meta property=\"og:description\" content=\"Entdecken Sie unseren Online-Fahrradladen: Gro\u00dfe Auswahl an Modellen f\u00fcr alle Radsportbegeisterten. Von Rennr\u00e4dern bis zu Mountainbikes - finden Sie heute Ihren perfekten Wegbegleiter!\" \/>\n<meta property=\"og:url\" content=\"https:\/\/cioelectro.com\/en\/produkt\/halbstarres-mountainbike-cannondale-trail-sl-1-sram-grau-meteor-beige\/\" \/>\n<meta property=\"og:site_name\" content=\"cioelectro.com\" \/>\n<meta property=\"article:modified_time\" content=\"2023-08-10T13:00:11+00:00\" \/>\n<meta property=\"og:image\" content=\"https:\/\/cioelectro.com\/wp-content\/uploads\/2023\/06\/HALBSTARRES-MOUNTAINBIKE-CANNONDALE-TRAIL-SL-1-SRAM-NXSX-EAGLE-12V-29-GRAU-METEOR-BEIGE.jpg\" \/>\n\t<meta property=\"og:image:width\" content=\"600\" \/>\n\t<meta property=\"og:image:height\" content=\"408\" \/>\n\t<meta property=\"og:image:type\" content=\"image\/jpeg\" \/>\n<meta name=\"twitter:card\" content=\"summary_large_image\" \/>\n<meta name=\"twitter:label1\" content=\"Est. reading time\" \/>\n\t<meta name=\"twitter:data1\" content=\"3 minutes\" \/>\n<script type=\"application\/ld+json\" class=\"yoast-schema-graph\">{\"@context\":\"https:\\\/\\\/schema.org\",\"@graph\":[{\"@type\":\"WebPage\",\"@id\":\"https:\\\/\\\/cioelectro.com\\\/produkt\\\/halbstarres-mountainbike-cannondale-trail-sl-1-sram-grau-meteor-beige\\\/\",\"url\":\"https:\\\/\\\/cioelectro.com\\\/produkt\\\/halbstarres-mountainbike-cannondale-trail-sl-1-sram-grau-meteor-beige\\\/\",\"name\":\"Halbstarres Mountainbike Cannondale Trail SL 1 Sram Grau\",\"isPartOf\":{\"@id\":\"https:\\\/\\\/cioelectro.com\\\/#website\"},\"primaryImageOfPage\":{\"@id\":\"https:\\\/\\\/cioelectro.com\\\/produkt\\\/halbstarres-mountainbike-cannondale-trail-sl-1-sram-grau-meteor-beige\\\/#primaryimage\"},\"image\":{\"@id\":\"https:\\\/\\\/cioelectro.com\\\/produkt\\\/halbstarres-mountainbike-cannondale-trail-sl-1-sram-grau-meteor-beige\\\/#primaryimage\"},\"thumbnailUrl\":\"https:\\\/\\\/cioelectro.com\\\/wp-content\\\/uploads\\\/2023\\\/06\\\/HALBSTARRES-MOUNTAINBIKE-CANNONDALE-TRAIL-SL-1-SRAM-NXSX-EAGLE-12V-29-GRAU-METEOR-BEIGE.jpg\",\"datePublished\":\"2022-07-27T10:53:24+00:00\",\"dateModified\":\"2023-08-10T13:00:11+00:00\",\"description\":\"Entdecken Sie unseren Online-Fahrradladen: Gro\u00dfe Auswahl an Modellen f\u00fcr alle Radsportbegeisterten. Von Rennr\u00e4dern bis zu Mountainbikes - finden Sie heute Ihren perfekten Wegbegleiter!\",\"breadcrumb\":{\"@id\":\"https:\\\/\\\/cioelectro.com\\\/produkt\\\/halbstarres-mountainbike-cannondale-trail-sl-1-sram-grau-meteor-beige\\\/#breadcrumb\"},\"inLanguage\":\"en-US\",\"potentialAction\":[{\"@type\":\"ReadAction\",\"target\":[\"https:\\\/\\\/cioelectro.com\\\/produkt\\\/halbstarres-mountainbike-cannondale-trail-sl-1-sram-grau-meteor-beige\\\/\"]}]},{\"@type\":\"ImageObject\",\"inLanguage\":\"en-US\",\"@id\":\"https:\\\/\\\/cioelectro.com\\\/produkt\\\/halbstarres-mountainbike-cannondale-trail-sl-1-sram-grau-meteor-beige\\\/#primaryimage\",\"url\":\"https:\\\/\\\/cioelectro.com\\\/wp-content\\\/uploads\\\/2023\\\/06\\\/HALBSTARRES-MOUNTAINBIKE-CANNONDALE-TRAIL-SL-1-SRAM-NXSX-EAGLE-12V-29-GRAU-METEOR-BEIGE.jpg\",\"contentUrl\":\"https:\\\/\\\/cioelectro.com\\\/wp-content\\\/uploads\\\/2023\\\/06\\\/HALBSTARRES-MOUNTAINBIKE-CANNONDALE-TRAIL-SL-1-SRAM-NXSX-EAGLE-12V-29-GRAU-METEOR-BEIGE.jpg\",\"width\":600,\"height\":408,\"caption\":\"HALBSTARRES MOUNTAINBIKE CANNONDALE TRAIL SL 1 SRAM NXSX EAGLE 12V 29'' GRAU METEOR BEIGE\"},{\"@type\":\"BreadcrumbList\",\"@id\":\"https:\\\/\\\/cioelectro.com\\\/produkt\\\/halbstarres-mountainbike-cannondale-trail-sl-1-sram-grau-meteor-beige\\\/#breadcrumb\",\"itemListElement\":[{\"@type\":\"ListItem\",\"position\":1,\"name\":\"Startseite\",\"item\":\"https:\\\/\\\/cioelectro.com\\\/\"},{\"@type\":\"ListItem\",\"position\":2,\"name\":\"LADEN\",\"item\":\"https:\\\/\\\/cioelectro.com\\\/laden\\\/\"},{\"@type\":\"ListItem\",\"position\":3,\"name\":\"Halbstarres Mountainbike Cannondale Trail SL 1 Sram Grau Meteor Beige\"}]},{\"@type\":\"WebSite\",\"@id\":\"https:\\\/\\\/cioelectro.com\\\/#website\",\"url\":\"https:\\\/\\\/cioelectro.com\\\/\",\"name\":\"cioelectro.com\",\"description\":\"Treten Sie mit uns ins Abenteuer!\",\"publisher\":{\"@id\":\"https:\\\/\\\/cioelectro.com\\\/#organization\"},\"alternateName\":\"MEIN RADLADEN\",\"potentialAction\":[{\"@type\":\"SearchAction\",\"target\":{\"@type\":\"EntryPoint\",\"urlTemplate\":\"https:\\\/\\\/cioelectro.com\\\/?s={search_term_string}\"},\"query-input\":{\"@type\":\"PropertyValueSpecification\",\"valueRequired\":true,\"valueName\":\"search_term_string\"}}],\"inLanguage\":\"en-US\"},{\"@type\":\"Organization\",\"@id\":\"https:\\\/\\\/cioelectro.com\\\/#organization\",\"name\":\"CIOELECTRO\",\"alternateName\":\"MEIN RADLADEN\",\"url\":\"https:\\\/\\\/cioelectro.com\\\/\",\"logo\":{\"@type\":\"ImageObject\",\"inLanguage\":\"en-US\",\"@id\":\"https:\\\/\\\/cioelectro.com\\\/#\\\/schema\\\/logo\\\/image\\\/\",\"url\":\"https:\\\/\\\/cioelectro.com\\\/wp-content\\\/uploads\\\/2025\\\/12\\\/Logo-2-1200x800.png\",\"contentUrl\":\"https:\\\/\\\/cioelectro.com\\\/wp-content\\\/uploads\\\/2025\\\/12\\\/Logo-2-1200x800.png\",\"width\":1200,\"height\":800,\"caption\":\"CIOELECTRO\"},\"image\":{\"@id\":\"https:\\\/\\\/cioelectro.com\\\/#\\\/schema\\\/logo\\\/image\\\/\"}}]}<\/script>\n<!-- \/ Yoast SEO Premium plugin. -->","yoast_head_json":{"title":"Halbstarres Mountainbike Cannondale Trail SL 1 Sram Grau","description":"Entdecken Sie unseren Online-Fahrradladen: Gro\u00dfe Auswahl an Modellen f\u00fcr alle Radsportbegeisterten. Von Rennr\u00e4dern bis zu Mountainbikes - finden Sie heute Ihren perfekten Wegbegleiter!","robots":{"index":"index","follow":"follow","max-snippet":"max-snippet:-1","max-image-preview":"max-image-preview:large","max-video-preview":"max-video-preview:-1"},"canonical":"https:\/\/cioelectro.com\/en\/produkt\/halbstarres-mountainbike-cannondale-trail-sl-1-sram-grau-meteor-beige\/","og_locale":"en_US","og_type":"article","og_title":"Halbstarres Mountainbike Cannondale Trail SL 1 Sram Grau Meteor Beige","og_description":"Entdecken Sie unseren Online-Fahrradladen: Gro\u00dfe Auswahl an Modellen f\u00fcr alle Radsportbegeisterten. Von Rennr\u00e4dern bis zu Mountainbikes - finden Sie heute Ihren perfekten Wegbegleiter!","og_url":"https:\/\/cioelectro.com\/en\/produkt\/halbstarres-mountainbike-cannondale-trail-sl-1-sram-grau-meteor-beige\/","og_site_name":"cioelectro.com","article_modified_time":"2023-08-10T13:00:11+00:00","og_image":[{"width":600,"height":408,"url":"https:\/\/cioelectro.com\/wp-content\/uploads\/2023\/06\/HALBSTARRES-MOUNTAINBIKE-CANNONDALE-TRAIL-SL-1-SRAM-NXSX-EAGLE-12V-29-GRAU-METEOR-BEIGE.jpg","type":"image\/jpeg"}],"twitter_card":"summary_large_image","twitter_misc":{"Est. reading time":"3 minutes"},"schema":{"@context":"https:\/\/schema.org","@graph":[{"@type":"WebPage","@id":"https:\/\/cioelectro.com\/produkt\/halbstarres-mountainbike-cannondale-trail-sl-1-sram-grau-meteor-beige\/","url":"https:\/\/cioelectro.com\/produkt\/halbstarres-mountainbike-cannondale-trail-sl-1-sram-grau-meteor-beige\/","name":"Halbstarres Mountainbike Cannondale Trail SL 1 Sram Grau","isPartOf":{"@id":"https:\/\/cioelectro.com\/#website"},"primaryImageOfPage":{"@id":"https:\/\/cioelectro.com\/produkt\/halbstarres-mountainbike-cannondale-trail-sl-1-sram-grau-meteor-beige\/#primaryimage"},"image":{"@id":"https:\/\/cioelectro.com\/produkt\/halbstarres-mountainbike-cannondale-trail-sl-1-sram-grau-meteor-beige\/#primaryimage"},"thumbnailUrl":"https:\/\/cioelectro.com\/wp-content\/uploads\/2023\/06\/HALBSTARRES-MOUNTAINBIKE-CANNONDALE-TRAIL-SL-1-SRAM-NXSX-EAGLE-12V-29-GRAU-METEOR-BEIGE.jpg","datePublished":"2022-07-27T10:53:24+00:00","dateModified":"2023-08-10T13:00:11+00:00","description":"Entdecken Sie unseren Online-Fahrradladen: Gro\u00dfe Auswahl an Modellen f\u00fcr alle Radsportbegeisterten. Von Rennr\u00e4dern bis zu Mountainbikes - finden Sie heute Ihren perfekten Wegbegleiter!","breadcrumb":{"@id":"https:\/\/cioelectro.com\/produkt\/halbstarres-mountainbike-cannondale-trail-sl-1-sram-grau-meteor-beige\/#breadcrumb"},"inLanguage":"en-US","potentialAction":[{"@type":"ReadAction","target":["https:\/\/cioelectro.com\/produkt\/halbstarres-mountainbike-cannondale-trail-sl-1-sram-grau-meteor-beige\/"]}]},{"@type":"ImageObject","inLanguage":"en-US","@id":"https:\/\/cioelectro.com\/produkt\/halbstarres-mountainbike-cannondale-trail-sl-1-sram-grau-meteor-beige\/#primaryimage","url":"https:\/\/cioelectro.com\/wp-content\/uploads\/2023\/06\/HALBSTARRES-MOUNTAINBIKE-CANNONDALE-TRAIL-SL-1-SRAM-NXSX-EAGLE-12V-29-GRAU-METEOR-BEIGE.jpg","contentUrl":"https:\/\/cioelectro.com\/wp-content\/uploads\/2023\/06\/HALBSTARRES-MOUNTAINBIKE-CANNONDALE-TRAIL-SL-1-SRAM-NXSX-EAGLE-12V-29-GRAU-METEOR-BEIGE.jpg","width":600,"height":408,"caption":"HALBSTARRES MOUNTAINBIKE CANNONDALE TRAIL SL 1 SRAM NXSX EAGLE 12V 29'' GRAU METEOR BEIGE"},{"@type":"BreadcrumbList","@id":"https:\/\/cioelectro.com\/produkt\/halbstarres-mountainbike-cannondale-trail-sl-1-sram-grau-meteor-beige\/#breadcrumb","itemListElement":[{"@type":"ListItem","position":1,"name":"Startseite","item":"https:\/\/cioelectro.com\/"},{"@type":"ListItem","position":2,"name":"LADEN","item":"https:\/\/cioelectro.com\/laden\/"},{"@type":"ListItem","position":3,"name":"Halbstarres Mountainbike Cannondale Trail SL 1 Sram Grau Meteor Beige"}]},{"@type":"WebSite","@id":"https:\/\/cioelectro.com\/#website","url":"https:\/\/cioelectro.com\/","name":"cioelectro.com","description":"Treten Sie mit uns ins Abenteuer!","publisher":{"@id":"https:\/\/cioelectro.com\/#organization"},"alternateName":"MEIN RADLADEN","potentialAction":[{"@type":"SearchAction","target":{"@type":"EntryPoint","urlTemplate":"https:\/\/cioelectro.com\/?s={search_term_string}"},"query-input":{"@type":"PropertyValueSpecification","valueRequired":true,"valueName":"search_term_string"}}],"inLanguage":"en-US"},{"@type":"Organization","@id":"https:\/\/cioelectro.com\/#organization","name":"CIOELECTRO","alternateName":"MEIN RADLADEN","url":"https:\/\/cioelectro.com\/","logo":{"@type":"ImageObject","inLanguage":"en-US","@id":"https:\/\/cioelectro.com\/#\/schema\/logo\/image\/","url":"https:\/\/cioelectro.com\/wp-content\/uploads\/2025\/12\/Logo-2-1200x800.png","contentUrl":"https:\/\/cioelectro.com\/wp-content\/uploads\/2025\/12\/Logo-2-1200x800.png","width":1200,"height":800,"caption":"CIOELECTRO"},"image":{"@id":"https:\/\/cioelectro.com\/#\/schema\/logo\/image\/"}}]}},"_links":{"self":[{"href":"https:\/\/cioelectro.com\/en\/wp-json\/wp\/v2\/product\/11237","targetHints":{"allow":["GET"]}}],"collection":[{"href":"https:\/\/cioelectro.com\/en\/wp-json\/wp\/v2\/product"}],"about":[{"href":"https:\/\/cioelectro.com\/en\/wp-json\/wp\/v2\/types\/product"}],"replies":[{"embeddable":true,"href":"https:\/\/cioelectro.com\/en\/wp-json\/wp\/v2\/comments?post=11237"}],"version-history":[{"count":0,"href":"https:\/\/cioelectro.com\/en\/wp-json\/wp\/v2\/product\/11237\/revisions"}],"wp:featuredmedia":[{"embeddable":true,"href":"https:\/\/cioelectro.com\/en\/wp-json\/wp\/v2\/media\/60466"}],"wp:attachment":[{"href":"https:\/\/cioelectro.com\/en\/wp-json\/wp\/v2\/media?parent=11237"}],"wp:term":[{"taxonomy":"product_brand","embeddable":true,"href":"https:\/\/cioelectro.com\/en\/wp-json\/wp\/v2\/product_brand?post=11237"},{"taxonomy":"product_cat","embeddable":true,"href":"https:\/\/cioelectro.com\/en\/wp-json\/wp\/v2\/product_cat?post=11237"},{"taxonomy":"product_tag","embeddable":true,"href":"https:\/\/cioelectro.com\/en\/wp-json\/wp\/v2\/product_tag?post=11237"}],"curies":[{"name":"wp","href":"https:\/\/api.w.org\/{rel}","templated":true}]}}