{"id":11294,"date":"2022-07-27T13:46:59","date_gmt":"2022-07-27T11:46:59","guid":{"rendered":"https:\/\/meinradladen.com\/?post_type=product&#038;p=11294"},"modified":"2023-08-10T14:00:23","modified_gmt":"2023-08-10T12:00:23","slug":"kona-lana-i-hardtail-mtb-shimano-altus-8f-schwarz-2022","status":"publish","type":"product","link":"https:\/\/cioelectro.com\/en\/produkt\/kona-lana-i-hardtail-mtb-shimano-altus-8f-schwarz-2022\/","title":{"rendered":"KONA LANA I HARDTAIL MTB SHIMANO ALTUS 8F SCHWARZ 2022"},"content":{"rendered":"<div id=\"product-header-order-name\" class=\"col-lg-20 col-md-20 col-sm-20 col-xs-20\">\n<h2 class=\"heading-title-text\">KONA LANA I HARDTAIL MTB SHIMANO ALTUS 8F SCHWARZ 2022<\/h2>\n<p class=\"col col-sm-12 col-md-12 col-lg-12\">F\u00fcr viele von uns war es ein Fahrrad wie das <strong>LANA I<\/strong>\u00a0. Erschwinglich genug, um nicht zu riskant zu sein, aber mit Komponenten ausgestattet, die Ihnen die Freiheit geben, das Gel\u00e4nde zu erkunden.<br \/>\nDas Lana&#8217;i ist mit integrierten Schalt- und Bremshebeln ausgestattet, um das Cockpit zu straffen und ist jetzt in drei Laufradgr\u00f6\u00dfen erh\u00e4ltlich: 26 Zoll f\u00fcr die Gr\u00f6\u00dfe XS, 27,5 Zoll f\u00fcr die Gr\u00f6\u00dfen S und M und 29 Zoll f\u00fcr die Gr\u00f6\u00dfen L und XL.<br \/>\nMit einem 8-Gang-Antrieb, griffigen Scheibenbremsen und einer 100-mm-Federgabel ist das Lana&#8217;i der perfekte Weg, um zu probieren, was echte Singletrails zu bieten haben.<\/p>\n<div class=\"prodsheet_bullets col col-sm-8 col-md-8 col-lg-8\">\n<h4>DAS + PRODUKT:<\/h4>\n<ul>\n<li>Kona 6061 konifizierter Aluminiumrahmen.<\/li>\n<li>Shimano Altus 2&#215;8-Gang-Antrieb.<\/li>\n<li>Tektro M280 mechanische Scheibenbremsen.<\/li>\n<\/ul>\n<\/div>\n<div class=\"prodsheet_specs1 col col-sm-12 col-md-12 col-lg-12\">\n<h4>EINZELHEITEN:<\/h4>\n<table class=\"table table-striped\">\n<tbody>\n<tr>\n<td>Rahmen<\/td>\n<td>Kona 6061 Aluminium konifiziert<\/td>\n<\/tr>\n<tr>\n<td>Gabel<\/td>\n<td>Suntour XCT30 DS Schraubenfeder, 100 mm<\/td>\n<\/tr>\n<tr>\n<td>Schalthebel<\/td>\n<td>Shimano Altus, 8-Gang<\/td>\n<\/tr>\n<tr>\n<td>Umwerfer<\/td>\n<td>Shimano altus<\/td>\n<\/tr>\n<tr>\n<td>Schaltwerk<\/td>\n<td>Shimano Altus, 8-Gang<\/td>\n<\/tr>\n<tr>\n<td>Kassette<\/td>\n<td>Shimano HG200, 12-32 Z\u00e4hne, 8-Gang<\/td>\n<\/tr>\n<tr>\n<td>Kette<\/td>\n<td>KMC Z8.3<\/td>\n<\/tr>\n<tr>\n<td>Kurbel<\/td>\n<td>Shimano Altus, 22\/36 Z\u00e4hne<\/td>\n<\/tr>\n<tr>\n<td>Tretlager<\/td>\n<td>Feimin 73mm<\/td>\n<\/tr>\n<tr>\n<td>Bremsen<\/td>\n<td>Tektro M280, Mech. Scheibenbremse (180\/160)<\/td>\n<\/tr>\n<tr>\n<td>R\u00e4der<\/td>\n<td>Felgen: Alex DP27K \/ Naben: Joytech (9&#215;100 \/ 10&#215;135)<\/td>\n<\/tr>\n<tr>\n<td>Reifen<\/td>\n<td>WTB-Trail-Boss, 27,5 x 2,25&#8243;<\/td>\n<\/tr>\n<tr>\n<td>Lenker<\/td>\n<td>Kona Aluminium Riser<\/td>\n<\/tr>\n<tr>\n<td>Griffe<\/td>\n<td>Kona Schl\u00fcsselgriff Slip on<\/td>\n<\/tr>\n<tr>\n<td>Stengel<\/td>\n<td>Kona-Steuerung<\/td>\n<\/tr>\n<tr>\n<td>Headset<\/td>\n<td>Feimen HP-H868B<\/td>\n<\/tr>\n<tr>\n<td>Sattel<\/td>\n<td>Kona XC<\/td>\n<\/tr>\n<tr>\n<td>Sattelst\u00fctze<\/td>\n<td>Kona Daumen mit Offset, 31,6 mm<\/td>\n<\/tr>\n<tr>\n<td>Gewicht<\/td>\n<td>&#8212;<\/td>\n<\/tr>\n<tr>\n<td>Farben<\/td>\n<td>Schwarz<\/td>\n<\/tr>\n<\/tbody>\n<\/table>\n<\/div>\n<div class=\"prodsheet_specs2 col col-sm-8 col-md-8 col-lg-8\">\n<h4>GEOMETRIEN:<\/h4>\n<p><img decoding=\"async\" src=\"http:\/\/media1.alltricks.fr\/ckfinder\/images\/hardtail_en.jpg\" \/><\/p>\n<table class=\"table table-striped\">\n<tbody>\n<tr>\n<td>Rahmengr\u00f6\u00dfe<\/td>\n<td>XS<\/td>\n<td>S<\/td>\n<td>m<\/td>\n<td>L<\/td>\n<td>XL<\/td>\n<\/tr>\n<tr>\n<td>Radgr\u00f6\u00dfe<\/td>\n<td>26&#8243;<\/td>\n<td>27,5&#8243;<\/td>\n<td>27,5&#8243;<\/td>\n<td>29&#8243;<\/td>\n<td>29&#8243;<\/td>\n<\/tr>\n<tr>\n<td>Sitzrohr (mm)<\/td>\n<td>331<\/td>\n<td>370<\/td>\n<td>420<\/td>\n<td>470<\/td>\n<td>530<\/td>\n<\/tr>\n<tr>\n<td>Oberrohr (mm)<\/td>\n<td>549<\/td>\n<td>572<\/td>\n<td>600<\/td>\n<td>631<\/td>\n<td>669<\/td>\n<\/tr>\n<tr>\n<td>Basisl\u00e4nge (mm)<\/td>\n<td>425<\/td>\n<td>435<\/td>\n<td>435<\/td>\n<td>450<\/td>\n<td>450<\/td>\n<\/tr>\n<tr>\n<td>Steuerrohr (mm)<\/td>\n<td>100<\/td>\n<td>100<\/td>\n<td>115<\/td>\n<td>115<\/td>\n<td>125<\/td>\n<\/tr>\n<tr>\n<td>Lenkwinkel (\u00b0)<\/td>\n<td>67,5<\/td>\n<td>68<\/td>\n<td>68<\/td>\n<td>68<\/td>\n<td>68<\/td>\n<\/tr>\n<tr>\n<td>Sitzwinkel (\u00b0)<\/td>\n<td>75<\/td>\n<td>75<\/td>\n<td>75<\/td>\n<td>75<\/td>\n<td>75<\/td>\n<\/tr>\n<tr>\n<td>Radstand (mm)<\/td>\n<td>1085<\/td>\n<td>1109<\/td>\n<td>1139<\/td>\n<td>1192<\/td>\n<td>1231<\/td>\n<\/tr>\n<tr>\n<td>Stapel (mm)<\/td>\n<td>556<\/td>\n<td>585<\/td>\n<td>599<\/td>\n<td>620<\/td>\n<td>629<\/td>\n<\/tr>\n<tr>\n<td>Reichweite (mm)<\/td>\n<td>400<\/td>\n<td>415<\/td>\n<td>440<\/td>\n<td>465<\/td>\n<td>500<\/td>\n<\/tr>\n<\/tbody>\n<\/table>\n<\/div>\n<\/div>\n<div id=\"product-header-order-form\" class=\"js-reload-on-event col-lg-20 col-md-20 col-sm-20 col-xs-20\" data-to-watch=\"body\" data-event=\"alltricks:cartChanged\" data-url=\"\/ajax\/product\/ajouter\/F-11947-velos-complets-vtt\/P-1996009-kona_lana__39_i_hardtail_mtb_shimano_altus_8f_schwarz_2022\"><\/div>","protected":false},"excerpt":{"rendered":"<table class=\"table table-striped\">\n<tbody>\n<tr>\n<td class=\"spec-name\">Geschlecht<\/td>\n<td class=\"spec-value\">Herren<\/td>\n<\/tr>\n<tr>\n<td class=\"spec-name\">Gruppe<\/td>\n<td class=\"spec-value\">Shimano Altus 8S<\/td>\n<\/tr>\n<tr>\n<td class=\"spec-name\">collection<\/td>\n<td class=\"spec-value\">2022<\/td>\n<\/tr>\n<\/tbody>\n<\/table>","protected":false},"featured_media":60484,"comment_status":"open","ping_status":"closed","template":"","meta":{"_rtcl_gb_attr":""},"product_brand":[],"product_cat":[783],"product_tag":[],"class_list":{"0":"post-11294","1":"product","2":"type-product","3":"status-publish","4":"has-post-thumbnail","6":"product_cat-accessories","7":"pa_marke-kona","9":"first","10":"instock","11":"taxable","12":"shipping-taxable","13":"purchasable","14":"product-type-variable"},"yoast_head":"<!-- This site is optimized with the Yoast SEO Premium plugin v20.12 (Yoast SEO v27.4) - https:\/\/yoast.com\/product\/yoast-seo-premium-wordpress\/ -->\n<title>KONA LANA I HARDTAIL MTB SHIMANO ALTUS 8F 2022<\/title>\n<meta name=\"description\" content=\"Entdecken Sie unseren Online-Fahrradladen: Gro\u00dfe Auswahl an Modellen f\u00fcr alle Radsportbegeisterten. Von Rennr\u00e4dern bis zu Mountainbikes - finden Sie heute Ihren perfekten Wegbegleiter!\" \/>\n<meta name=\"robots\" content=\"index, follow, max-snippet:-1, max-image-preview:large, max-video-preview:-1\" \/>\n<link rel=\"canonical\" href=\"https:\/\/cioelectro.com\/en\/produkt\/kona-lana-i-hardtail-mtb-shimano-altus-8f-schwarz-2022\/\" \/>\n<meta property=\"og:locale\" content=\"en_US\" \/>\n<meta property=\"og:type\" content=\"article\" \/>\n<meta property=\"og:title\" content=\"KONA LANA I HARDTAIL MTB SHIMANO ALTUS 8F SCHWARZ 2022\" \/>\n<meta property=\"og:description\" content=\"Entdecken Sie unseren Online-Fahrradladen: Gro\u00dfe Auswahl an Modellen f\u00fcr alle Radsportbegeisterten. Von Rennr\u00e4dern bis zu Mountainbikes - finden Sie heute Ihren perfekten Wegbegleiter!\" \/>\n<meta property=\"og:url\" content=\"https:\/\/cioelectro.com\/en\/produkt\/kona-lana-i-hardtail-mtb-shimano-altus-8f-schwarz-2022\/\" \/>\n<meta property=\"og:site_name\" content=\"cioelectro.com\" \/>\n<meta property=\"article:modified_time\" content=\"2023-08-10T12:00:23+00:00\" \/>\n<meta property=\"og:image\" content=\"https:\/\/cioelectro.com\/wp-content\/uploads\/2023\/06\/KONA-LANAI-HARDTAIL-MTB-SHIMANO-ALTUS-8F-SCHWARZ-2022.jpg\" \/>\n\t<meta property=\"og:image:width\" content=\"600\" \/>\n\t<meta property=\"og:image:height\" content=\"407\" \/>\n\t<meta property=\"og:image:type\" content=\"image\/jpeg\" \/>\n<meta name=\"twitter:card\" content=\"summary_large_image\" \/>\n<meta name=\"twitter:label1\" content=\"Est. reading time\" \/>\n\t<meta name=\"twitter:data1\" content=\"2 minutes\" \/>\n<script type=\"application\/ld+json\" class=\"yoast-schema-graph\">{\"@context\":\"https:\\\/\\\/schema.org\",\"@graph\":[{\"@type\":\"WebPage\",\"@id\":\"https:\\\/\\\/cioelectro.com\\\/produkt\\\/kona-lana-i-hardtail-mtb-shimano-altus-8f-schwarz-2022\\\/\",\"url\":\"https:\\\/\\\/cioelectro.com\\\/produkt\\\/kona-lana-i-hardtail-mtb-shimano-altus-8f-schwarz-2022\\\/\",\"name\":\"KONA LANA I HARDTAIL MTB SHIMANO ALTUS 8F 2022\",\"isPartOf\":{\"@id\":\"https:\\\/\\\/cioelectro.com\\\/#website\"},\"primaryImageOfPage\":{\"@id\":\"https:\\\/\\\/cioelectro.com\\\/produkt\\\/kona-lana-i-hardtail-mtb-shimano-altus-8f-schwarz-2022\\\/#primaryimage\"},\"image\":{\"@id\":\"https:\\\/\\\/cioelectro.com\\\/produkt\\\/kona-lana-i-hardtail-mtb-shimano-altus-8f-schwarz-2022\\\/#primaryimage\"},\"thumbnailUrl\":\"https:\\\/\\\/cioelectro.com\\\/wp-content\\\/uploads\\\/2023\\\/06\\\/KONA-LANAI-HARDTAIL-MTB-SHIMANO-ALTUS-8F-SCHWARZ-2022.jpg\",\"datePublished\":\"2022-07-27T11:46:59+00:00\",\"dateModified\":\"2023-08-10T12:00:23+00:00\",\"description\":\"Entdecken Sie unseren Online-Fahrradladen: Gro\u00dfe Auswahl an Modellen f\u00fcr alle Radsportbegeisterten. Von Rennr\u00e4dern bis zu Mountainbikes - finden Sie heute Ihren perfekten Wegbegleiter!\",\"breadcrumb\":{\"@id\":\"https:\\\/\\\/cioelectro.com\\\/produkt\\\/kona-lana-i-hardtail-mtb-shimano-altus-8f-schwarz-2022\\\/#breadcrumb\"},\"inLanguage\":\"en-US\",\"potentialAction\":[{\"@type\":\"ReadAction\",\"target\":[\"https:\\\/\\\/cioelectro.com\\\/produkt\\\/kona-lana-i-hardtail-mtb-shimano-altus-8f-schwarz-2022\\\/\"]}]},{\"@type\":\"ImageObject\",\"inLanguage\":\"en-US\",\"@id\":\"https:\\\/\\\/cioelectro.com\\\/produkt\\\/kona-lana-i-hardtail-mtb-shimano-altus-8f-schwarz-2022\\\/#primaryimage\",\"url\":\"https:\\\/\\\/cioelectro.com\\\/wp-content\\\/uploads\\\/2023\\\/06\\\/KONA-LANAI-HARDTAIL-MTB-SHIMANO-ALTUS-8F-SCHWARZ-2022.jpg\",\"contentUrl\":\"https:\\\/\\\/cioelectro.com\\\/wp-content\\\/uploads\\\/2023\\\/06\\\/KONA-LANAI-HARDTAIL-MTB-SHIMANO-ALTUS-8F-SCHWARZ-2022.jpg\",\"width\":600,\"height\":407,\"caption\":\"KONA LANA I\"},{\"@type\":\"BreadcrumbList\",\"@id\":\"https:\\\/\\\/cioelectro.com\\\/produkt\\\/kona-lana-i-hardtail-mtb-shimano-altus-8f-schwarz-2022\\\/#breadcrumb\",\"itemListElement\":[{\"@type\":\"ListItem\",\"position\":1,\"name\":\"Startseite\",\"item\":\"https:\\\/\\\/cioelectro.com\\\/\"},{\"@type\":\"ListItem\",\"position\":2,\"name\":\"LADEN\",\"item\":\"https:\\\/\\\/cioelectro.com\\\/laden\\\/\"},{\"@type\":\"ListItem\",\"position\":3,\"name\":\"KONA LANA I HARDTAIL MTB SHIMANO ALTUS 8F SCHWARZ 2022\"}]},{\"@type\":\"WebSite\",\"@id\":\"https:\\\/\\\/cioelectro.com\\\/#website\",\"url\":\"https:\\\/\\\/cioelectro.com\\\/\",\"name\":\"cioelectro.com\",\"description\":\"Treten Sie mit uns ins Abenteuer!\",\"publisher\":{\"@id\":\"https:\\\/\\\/cioelectro.com\\\/#organization\"},\"alternateName\":\"MEIN RADLADEN\",\"potentialAction\":[{\"@type\":\"SearchAction\",\"target\":{\"@type\":\"EntryPoint\",\"urlTemplate\":\"https:\\\/\\\/cioelectro.com\\\/?s={search_term_string}\"},\"query-input\":{\"@type\":\"PropertyValueSpecification\",\"valueRequired\":true,\"valueName\":\"search_term_string\"}}],\"inLanguage\":\"en-US\"},{\"@type\":\"Organization\",\"@id\":\"https:\\\/\\\/cioelectro.com\\\/#organization\",\"name\":\"CIOELECTRO\",\"alternateName\":\"MEIN RADLADEN\",\"url\":\"https:\\\/\\\/cioelectro.com\\\/\",\"logo\":{\"@type\":\"ImageObject\",\"inLanguage\":\"en-US\",\"@id\":\"https:\\\/\\\/cioelectro.com\\\/#\\\/schema\\\/logo\\\/image\\\/\",\"url\":\"https:\\\/\\\/cioelectro.com\\\/wp-content\\\/uploads\\\/2025\\\/12\\\/Logo-2-1200x800.png\",\"contentUrl\":\"https:\\\/\\\/cioelectro.com\\\/wp-content\\\/uploads\\\/2025\\\/12\\\/Logo-2-1200x800.png\",\"width\":1200,\"height\":800,\"caption\":\"CIOELECTRO\"},\"image\":{\"@id\":\"https:\\\/\\\/cioelectro.com\\\/#\\\/schema\\\/logo\\\/image\\\/\"}}]}<\/script>\n<!-- \/ Yoast SEO Premium plugin. -->","yoast_head_json":{"title":"KONA LANA I HARDTAIL MTB SHIMANO ALTUS 8F 2022","description":"Entdecken Sie unseren Online-Fahrradladen: Gro\u00dfe Auswahl an Modellen f\u00fcr alle Radsportbegeisterten. Von Rennr\u00e4dern bis zu Mountainbikes - finden Sie heute Ihren perfekten Wegbegleiter!","robots":{"index":"index","follow":"follow","max-snippet":"max-snippet:-1","max-image-preview":"max-image-preview:large","max-video-preview":"max-video-preview:-1"},"canonical":"https:\/\/cioelectro.com\/en\/produkt\/kona-lana-i-hardtail-mtb-shimano-altus-8f-schwarz-2022\/","og_locale":"en_US","og_type":"article","og_title":"KONA LANA I HARDTAIL MTB SHIMANO ALTUS 8F SCHWARZ 2022","og_description":"Entdecken Sie unseren Online-Fahrradladen: Gro\u00dfe Auswahl an Modellen f\u00fcr alle Radsportbegeisterten. Von Rennr\u00e4dern bis zu Mountainbikes - finden Sie heute Ihren perfekten Wegbegleiter!","og_url":"https:\/\/cioelectro.com\/en\/produkt\/kona-lana-i-hardtail-mtb-shimano-altus-8f-schwarz-2022\/","og_site_name":"cioelectro.com","article_modified_time":"2023-08-10T12:00:23+00:00","og_image":[{"width":600,"height":407,"url":"https:\/\/cioelectro.com\/wp-content\/uploads\/2023\/06\/KONA-LANAI-HARDTAIL-MTB-SHIMANO-ALTUS-8F-SCHWARZ-2022.jpg","type":"image\/jpeg"}],"twitter_card":"summary_large_image","twitter_misc":{"Est. reading time":"2 minutes"},"schema":{"@context":"https:\/\/schema.org","@graph":[{"@type":"WebPage","@id":"https:\/\/cioelectro.com\/produkt\/kona-lana-i-hardtail-mtb-shimano-altus-8f-schwarz-2022\/","url":"https:\/\/cioelectro.com\/produkt\/kona-lana-i-hardtail-mtb-shimano-altus-8f-schwarz-2022\/","name":"KONA LANA I HARDTAIL MTB SHIMANO ALTUS 8F 2022","isPartOf":{"@id":"https:\/\/cioelectro.com\/#website"},"primaryImageOfPage":{"@id":"https:\/\/cioelectro.com\/produkt\/kona-lana-i-hardtail-mtb-shimano-altus-8f-schwarz-2022\/#primaryimage"},"image":{"@id":"https:\/\/cioelectro.com\/produkt\/kona-lana-i-hardtail-mtb-shimano-altus-8f-schwarz-2022\/#primaryimage"},"thumbnailUrl":"https:\/\/cioelectro.com\/wp-content\/uploads\/2023\/06\/KONA-LANAI-HARDTAIL-MTB-SHIMANO-ALTUS-8F-SCHWARZ-2022.jpg","datePublished":"2022-07-27T11:46:59+00:00","dateModified":"2023-08-10T12:00:23+00:00","description":"Entdecken Sie unseren Online-Fahrradladen: Gro\u00dfe Auswahl an Modellen f\u00fcr alle Radsportbegeisterten. Von Rennr\u00e4dern bis zu Mountainbikes - finden Sie heute Ihren perfekten Wegbegleiter!","breadcrumb":{"@id":"https:\/\/cioelectro.com\/produkt\/kona-lana-i-hardtail-mtb-shimano-altus-8f-schwarz-2022\/#breadcrumb"},"inLanguage":"en-US","potentialAction":[{"@type":"ReadAction","target":["https:\/\/cioelectro.com\/produkt\/kona-lana-i-hardtail-mtb-shimano-altus-8f-schwarz-2022\/"]}]},{"@type":"ImageObject","inLanguage":"en-US","@id":"https:\/\/cioelectro.com\/produkt\/kona-lana-i-hardtail-mtb-shimano-altus-8f-schwarz-2022\/#primaryimage","url":"https:\/\/cioelectro.com\/wp-content\/uploads\/2023\/06\/KONA-LANAI-HARDTAIL-MTB-SHIMANO-ALTUS-8F-SCHWARZ-2022.jpg","contentUrl":"https:\/\/cioelectro.com\/wp-content\/uploads\/2023\/06\/KONA-LANAI-HARDTAIL-MTB-SHIMANO-ALTUS-8F-SCHWARZ-2022.jpg","width":600,"height":407,"caption":"KONA LANA I"},{"@type":"BreadcrumbList","@id":"https:\/\/cioelectro.com\/produkt\/kona-lana-i-hardtail-mtb-shimano-altus-8f-schwarz-2022\/#breadcrumb","itemListElement":[{"@type":"ListItem","position":1,"name":"Startseite","item":"https:\/\/cioelectro.com\/"},{"@type":"ListItem","position":2,"name":"LADEN","item":"https:\/\/cioelectro.com\/laden\/"},{"@type":"ListItem","position":3,"name":"KONA LANA I HARDTAIL MTB SHIMANO ALTUS 8F SCHWARZ 2022"}]},{"@type":"WebSite","@id":"https:\/\/cioelectro.com\/#website","url":"https:\/\/cioelectro.com\/","name":"cioelectro.com","description":"Treten Sie mit uns ins Abenteuer!","publisher":{"@id":"https:\/\/cioelectro.com\/#organization"},"alternateName":"MEIN RADLADEN","potentialAction":[{"@type":"SearchAction","target":{"@type":"EntryPoint","urlTemplate":"https:\/\/cioelectro.com\/?s={search_term_string}"},"query-input":{"@type":"PropertyValueSpecification","valueRequired":true,"valueName":"search_term_string"}}],"inLanguage":"en-US"},{"@type":"Organization","@id":"https:\/\/cioelectro.com\/#organization","name":"CIOELECTRO","alternateName":"MEIN RADLADEN","url":"https:\/\/cioelectro.com\/","logo":{"@type":"ImageObject","inLanguage":"en-US","@id":"https:\/\/cioelectro.com\/#\/schema\/logo\/image\/","url":"https:\/\/cioelectro.com\/wp-content\/uploads\/2025\/12\/Logo-2-1200x800.png","contentUrl":"https:\/\/cioelectro.com\/wp-content\/uploads\/2025\/12\/Logo-2-1200x800.png","width":1200,"height":800,"caption":"CIOELECTRO"},"image":{"@id":"https:\/\/cioelectro.com\/#\/schema\/logo\/image\/"}}]}},"_links":{"self":[{"href":"https:\/\/cioelectro.com\/en\/wp-json\/wp\/v2\/product\/11294","targetHints":{"allow":["GET"]}}],"collection":[{"href":"https:\/\/cioelectro.com\/en\/wp-json\/wp\/v2\/product"}],"about":[{"href":"https:\/\/cioelectro.com\/en\/wp-json\/wp\/v2\/types\/product"}],"replies":[{"embeddable":true,"href":"https:\/\/cioelectro.com\/en\/wp-json\/wp\/v2\/comments?post=11294"}],"version-history":[{"count":0,"href":"https:\/\/cioelectro.com\/en\/wp-json\/wp\/v2\/product\/11294\/revisions"}],"wp:featuredmedia":[{"embeddable":true,"href":"https:\/\/cioelectro.com\/en\/wp-json\/wp\/v2\/media\/60484"}],"wp:attachment":[{"href":"https:\/\/cioelectro.com\/en\/wp-json\/wp\/v2\/media?parent=11294"}],"wp:term":[{"taxonomy":"product_brand","embeddable":true,"href":"https:\/\/cioelectro.com\/en\/wp-json\/wp\/v2\/product_brand?post=11294"},{"taxonomy":"product_cat","embeddable":true,"href":"https:\/\/cioelectro.com\/en\/wp-json\/wp\/v2\/product_cat?post=11294"},{"taxonomy":"product_tag","embeddable":true,"href":"https:\/\/cioelectro.com\/en\/wp-json\/wp\/v2\/product_tag?post=11294"}],"curies":[{"name":"wp","href":"https:\/\/api.w.org\/{rel}","templated":true}]}}