{"id":11339,"date":"2022-07-27T15:02:58","date_gmt":"2022-07-27T13:02:58","guid":{"rendered":"https:\/\/meinradladen.com\/?post_type=product&#038;p=11339"},"modified":"2025-04-15T18:55:27","modified_gmt":"2025-04-15T16:55:27","slug":"mountainbike-semi-rigid-bh-ultimate-rc-6-5-shimano-blau-silber-2022","status":"publish","type":"product","link":"https:\/\/cioelectro.com\/en\/produkt\/mountainbike-semi-rigid-bh-ultimate-rc-6-5-shimano-blau-silber-2022\/","title":{"rendered":"MOUNTAINBIKE SEMI-RIGID BH ULTIMATE RC 6.5 SHIMANO BLAU \/ SILBER 2022"},"content":{"rendered":"<div id=\"product-header-order-name\" class=\"col-lg-20 col-md-20 col-sm-20 col-xs-20\">\n<h2 class=\"heading-title-text\">MOUNTAINBIKE SEMI-RIGID BH ULTIMATE RC 6.5 SHIMANO DEORE XT 12V 29&#8221; BLAU \/ SILBER 2022<\/h2>\n<\/div>\n<div id=\"product-header-order-form\" class=\"js-reload-on-event col-lg-20 col-md-20 col-sm-20 col-xs-20\" data-to-watch=\"body\" data-event=\"alltricks:cartChanged\" data-url=\"\/ajax\/product\/ajouter\/F-11947-velos-complets-vtt\/P-2090217-mountainbike_semi_rigid_bh_ultimate_rc_6_5_shimano_deore_xt_12v_29___blau___silber_2022\">\n<div class=\"col col-sm-12 col-md-12 col-lg-12\">\n<p>Das <strong>Ultimate RC 6.5<\/strong>\u00a0ist das ideale Rad f\u00fcr Fahrer, die auf XC-Radsport abzielen. Dieses aggressive Rad erleichtert technische Abfahrten und vermittelt Vertrauen und Fahrstabilit\u00e4t. Das Design und die Formen des Ultimate-Rahmens sind vollkommen identisch, mit einem l\u00e4ngeren Oberrohr, kurzen Sitzstreben und einem schlanken Lenkkopfwinkel. Er enth\u00e4lt Toray T800 und T700 Carbonfasern f\u00fcr ein perfektes Gleichgewicht zwischen Steifigkeit und Leichtigkeit.<\/p>\n<\/div>\n<div class=\"prodsheet_bullets col col-sm-8 col-md-8 col-lg-8\">\n<h4>DIE PRODUKTVORTEILE:<\/h4>\n<ul>\n<li>Ultimate RC-Rahmen aus Carbon.<\/li>\n<li>Shimano Deore XT 12-Gang Schaltung.<\/li>\n<li>Hydraulische Scheibenbremsen Shimano MT201 180\/160 mm.<\/li>\n<\/ul>\n<\/div>\n<div class=\"prodsheet_specs1 col col-sm-12 col-md-12 col-lg-12\">\n<h4>DETAILS :<\/h4>\n<table class=\"table table-striped\">\n<tbody>\n<tr>\n<td>Rahmen<\/td>\n<td>Carbon: Ultimate RC 2021 Carbon 29&#8243;, 148X12, BlockLock Headset<\/td>\n<\/tr>\n<tr>\n<td>Gabel<\/td>\n<td>Rock Shox Judy RL Remote Lock 100mm<\/td>\n<\/tr>\n<tr>\n<td>Schalthebel<\/td>\n<td>Shimano Deore 6100 1&#215;12 G\u00e4nge<\/td>\n<\/tr>\n<tr>\n<td>Schaltwerk hinten<\/td>\n<td>Shimano XT 8100 12-Gang<\/td>\n<\/tr>\n<tr>\n<td>Kassette<\/td>\n<td>Shimano Deore 6100 10\/51 Z\u00e4hne<\/td>\n<\/tr>\n<tr>\n<td>Kette<\/td>\n<td>Shimano Deore<\/td>\n<\/tr>\n<tr>\n<td>Tretlager<\/td>\n<td>Shimano MT510, 175 mm<\/td>\n<\/tr>\n<tr>\n<td>Bremsen<\/td>\n<td>Shimano MT201 180\/160 mm<\/td>\n<\/tr>\n<tr>\n<td>Laufr\u00e4der<\/td>\n<td>BH Lite<\/td>\n<\/tr>\n<tr>\n<td>Reifen<\/td>\n<td>Maxxis Ikon 2.20\/ Continental Race King 2.21<\/td>\n<\/tr>\n<tr>\n<td>Lenker<\/td>\n<td>BH Lite Flat 780 mm<\/td>\n<\/tr>\n<tr>\n<td>Griffe<\/td>\n<td>BH Lock On<\/td>\n<\/tr>\n<tr>\n<td>Vorbau<\/td>\n<td>BH SL 80mm, 31,8mm, +\/-6\u00ba<\/td>\n<\/tr>\n<tr>\n<td>Steuersatz<\/td>\n<td>BH Evo By Accros BlockLock Integrated Sealed Bearing<\/td>\n<\/tr>\n<tr>\n<td>Sattel<\/td>\n<td>Prologo Nago RS<\/td>\n<\/tr>\n<tr>\n<td>Sattelst\u00fctze<\/td>\n<td>BH Lite 27,2mm, 420mm<\/td>\n<\/tr>\n<tr>\n<td>Sattelklemme<\/td>\n<td>Ultimate 31,8mm<\/td>\n<\/tr>\n<tr>\n<td>Gewicht<\/td>\n<td>11,9Kg<\/td>\n<\/tr>\n<\/tbody>\n<\/table>\n<\/div>\n<div class=\"prodsheet_specs2 col col-sm-8 col-md-8 col-lg-8\">\n<h4>GEOMETRIEN:<\/h4>\n<p><img decoding=\"async\" src=\"http:\/\/media1.alltricks.fr\/ckfinder\/images\/hardtail_fr.jpg\" \/><\/p>\n<table class=\"table table-striped\">\n<tbody>\n<tr>\n<td>Rahmengr\u00f6\u00dfe<\/td>\n<td>S<\/td>\n<td>M<\/td>\n<td>L<\/td>\n<td>XL<\/td>\n<\/tr>\n<tr>\n<td>Radgr\u00f6\u00dfe (Zoll)<\/td>\n<td>29<\/td>\n<td>29<\/td>\n<td>29<\/td>\n<td>29<\/td>\n<\/tr>\n<tr>\n<td>Sattelrohr (mm)<\/td>\n<td>400<\/td>\n<td>440<\/td>\n<td>480<\/td>\n<td>545<\/td>\n<\/tr>\n<tr>\n<td>Oberrohr (mm)<\/td>\n<td>580<\/td>\n<td>595.5<\/td>\n<td>629.4<\/td>\n<td>648.5<\/td>\n<\/tr>\n<tr>\n<td>L\u00e4nge Basis (mm)<\/td>\n<td>420<\/td>\n<td>420<\/td>\n<td>420<\/td>\n<td>420<\/td>\n<\/tr>\n<tr>\n<td>Lenkh\u00fclse (mm)<\/td>\n<td>95<\/td>\n<td>100<\/td>\n<td>115<\/td>\n<td>130<\/td>\n<\/tr>\n<tr>\n<td>Lenkwinkel (\u00b0)<\/td>\n<td>68.5<\/td>\n<td>68<\/td>\n<td>68<\/td>\n<td>68<\/td>\n<\/tr>\n<tr>\n<td>Winkel Sattelrohr (\u00b0)<\/td>\n<td>74.2<\/td>\n<td>74<\/td>\n<td>74<\/td>\n<td>73.8<\/td>\n<\/tr>\n<tr>\n<td>Radstand (mm)<\/td>\n<td>1093.4<\/td>\n<td>1114.6<\/td>\n<td>1145.5<\/td>\n<td>1165.9<\/td>\n<\/tr>\n<tr>\n<td>Stack (mm)<\/td>\n<td>605.5<\/td>\n<td>610.1<\/td>\n<td>624.1<\/td>\n<td>648.5<\/td>\n<\/tr>\n<tr>\n<td>Reichweite (mm)<\/td>\n<td>402.5<\/td>\n<td>424.5<\/td>\n<td>448<\/td>\n<td>462.5<\/td>\n<\/tr>\n<\/tbody>\n<\/table>\n<\/div>\n<\/div>","protected":false},"excerpt":{"rendered":"<table class=\"table table-striped\">\n<tbody>\n<tr>\n<td class=\"spec-name\">Geschlecht<\/td>\n<td class=\"spec-value\">Herren<\/td>\n<\/tr>\n<tr>\n<td class=\"spec-name\">Gruppe<\/td>\n<td class=\"spec-value\">Shimano Deore XT 12V<\/td>\n<\/tr>\n<tr>\n<td class=\"spec-name\">collection<\/td>\n<td class=\"spec-value\">2022<\/td>\n<\/tr>\n<tr>\n<td class=\"spec-name\">decimal weight<\/td>\n<td class=\"spec-value\">11.90<\/td>\n<\/tr>\n<\/tbody>\n<\/table>","protected":false},"featured_media":60504,"comment_status":"open","ping_status":"closed","template":"","meta":{"_rtcl_gb_attr":""},"product_brand":[],"product_cat":[783],"product_tag":[],"class_list":{"0":"post-11339","1":"product","2":"type-product","3":"status-publish","4":"has-post-thumbnail","6":"product_cat-accessories","7":"pa_marke-bh","9":"first","10":"instock","11":"taxable","12":"shipping-taxable","13":"purchasable","14":"product-type-variable"},"yoast_head":"<!-- This site is optimized with the Yoast SEO Premium plugin v20.12 (Yoast SEO v27.4) - https:\/\/yoast.com\/product\/yoast-seo-premium-wordpress\/ -->\n<title>MOUNTAINBIKE SEMI-RIGID BH ULTIMATE RC 6.5 2022<\/title>\n<meta name=\"description\" content=\"Entdecken Sie unseren Online-Fahrradladen: Gro\u00dfe Auswahl an Modellen f\u00fcr alle Radsportbegeisterten. Von Rennr\u00e4dern bis zu Mountainbikes - finden Sie heute Ihren perfekten Wegbegleiter!\" \/>\n<meta name=\"robots\" content=\"index, follow, max-snippet:-1, max-image-preview:large, max-video-preview:-1\" \/>\n<link rel=\"canonical\" href=\"https:\/\/cioelectro.com\/en\/produkt\/mountainbike-semi-rigid-bh-ultimate-rc-6-5-shimano-blau-silber-2022\/\" \/>\n<meta property=\"og:locale\" content=\"en_US\" \/>\n<meta property=\"og:type\" content=\"article\" \/>\n<meta property=\"og:title\" content=\"MOUNTAINBIKE SEMI-RIGID BH ULTIMATE RC 6.5 SHIMANO BLAU \/ SILBER 2022\" \/>\n<meta property=\"og:description\" content=\"Entdecken Sie unseren Online-Fahrradladen: Gro\u00dfe Auswahl an Modellen f\u00fcr alle Radsportbegeisterten. Von Rennr\u00e4dern bis zu Mountainbikes - finden Sie heute Ihren perfekten Wegbegleiter!\" \/>\n<meta property=\"og:url\" content=\"https:\/\/cioelectro.com\/en\/produkt\/mountainbike-semi-rigid-bh-ultimate-rc-6-5-shimano-blau-silber-2022\/\" \/>\n<meta property=\"og:site_name\" content=\"cioelectro.com\" \/>\n<meta property=\"article:modified_time\" content=\"2025-04-15T16:55:27+00:00\" \/>\n<meta property=\"og:image\" content=\"https:\/\/cioelectro.com\/wp-content\/uploads\/2023\/06\/MOUNTAINBIKE-SEMI-RIGID-BH-ULTIMATE-RC-6.5-SHIMANO-DEORE-XT-12V-29-BLAU-SILBER-2022.jpg\" \/>\n\t<meta property=\"og:image:width\" content=\"600\" \/>\n\t<meta property=\"og:image:height\" content=\"408\" \/>\n\t<meta property=\"og:image:type\" content=\"image\/jpeg\" \/>\n<meta name=\"twitter:card\" content=\"summary_large_image\" \/>\n<meta name=\"twitter:label1\" content=\"Est. reading time\" \/>\n\t<meta name=\"twitter:data1\" content=\"2 minutes\" \/>\n<script type=\"application\/ld+json\" class=\"yoast-schema-graph\">{\"@context\":\"https:\\\/\\\/schema.org\",\"@graph\":[{\"@type\":\"WebPage\",\"@id\":\"https:\\\/\\\/cioelectro.com\\\/produkt\\\/mountainbike-semi-rigid-bh-ultimate-rc-6-5-shimano-blau-silber-2022\\\/\",\"url\":\"https:\\\/\\\/cioelectro.com\\\/produkt\\\/mountainbike-semi-rigid-bh-ultimate-rc-6-5-shimano-blau-silber-2022\\\/\",\"name\":\"MOUNTAINBIKE SEMI-RIGID BH ULTIMATE RC 6.5 2022\",\"isPartOf\":{\"@id\":\"https:\\\/\\\/cioelectro.com\\\/#website\"},\"primaryImageOfPage\":{\"@id\":\"https:\\\/\\\/cioelectro.com\\\/produkt\\\/mountainbike-semi-rigid-bh-ultimate-rc-6-5-shimano-blau-silber-2022\\\/#primaryimage\"},\"image\":{\"@id\":\"https:\\\/\\\/cioelectro.com\\\/produkt\\\/mountainbike-semi-rigid-bh-ultimate-rc-6-5-shimano-blau-silber-2022\\\/#primaryimage\"},\"thumbnailUrl\":\"https:\\\/\\\/cioelectro.com\\\/wp-content\\\/uploads\\\/2023\\\/06\\\/MOUNTAINBIKE-SEMI-RIGID-BH-ULTIMATE-RC-6.5-SHIMANO-DEORE-XT-12V-29-BLAU-SILBER-2022.jpg\",\"datePublished\":\"2022-07-27T13:02:58+00:00\",\"dateModified\":\"2025-04-15T16:55:27+00:00\",\"description\":\"Entdecken Sie unseren Online-Fahrradladen: Gro\u00dfe Auswahl an Modellen f\u00fcr alle Radsportbegeisterten. Von Rennr\u00e4dern bis zu Mountainbikes - finden Sie heute Ihren perfekten Wegbegleiter!\",\"breadcrumb\":{\"@id\":\"https:\\\/\\\/cioelectro.com\\\/produkt\\\/mountainbike-semi-rigid-bh-ultimate-rc-6-5-shimano-blau-silber-2022\\\/#breadcrumb\"},\"inLanguage\":\"en-US\",\"potentialAction\":[{\"@type\":\"ReadAction\",\"target\":[\"https:\\\/\\\/cioelectro.com\\\/produkt\\\/mountainbike-semi-rigid-bh-ultimate-rc-6-5-shimano-blau-silber-2022\\\/\"]}]},{\"@type\":\"ImageObject\",\"inLanguage\":\"en-US\",\"@id\":\"https:\\\/\\\/cioelectro.com\\\/produkt\\\/mountainbike-semi-rigid-bh-ultimate-rc-6-5-shimano-blau-silber-2022\\\/#primaryimage\",\"url\":\"https:\\\/\\\/cioelectro.com\\\/wp-content\\\/uploads\\\/2023\\\/06\\\/MOUNTAINBIKE-SEMI-RIGID-BH-ULTIMATE-RC-6.5-SHIMANO-DEORE-XT-12V-29-BLAU-SILBER-2022.jpg\",\"contentUrl\":\"https:\\\/\\\/cioelectro.com\\\/wp-content\\\/uploads\\\/2023\\\/06\\\/MOUNTAINBIKE-SEMI-RIGID-BH-ULTIMATE-RC-6.5-SHIMANO-DEORE-XT-12V-29-BLAU-SILBER-2022.jpg\",\"width\":600,\"height\":408,\"caption\":\"MOUNTAINBIKE SEMI-RIGID BH ULTIMATE RC 6.5 SHIMANO DEORE XT 12V 29'' BLAU SILBER 2022\"},{\"@type\":\"BreadcrumbList\",\"@id\":\"https:\\\/\\\/cioelectro.com\\\/produkt\\\/mountainbike-semi-rigid-bh-ultimate-rc-6-5-shimano-blau-silber-2022\\\/#breadcrumb\",\"itemListElement\":[{\"@type\":\"ListItem\",\"position\":1,\"name\":\"Startseite\",\"item\":\"https:\\\/\\\/cioelectro.com\\\/\"},{\"@type\":\"ListItem\",\"position\":2,\"name\":\"LADEN\",\"item\":\"https:\\\/\\\/cioelectro.com\\\/laden\\\/\"},{\"@type\":\"ListItem\",\"position\":3,\"name\":\"MOUNTAINBIKE SEMI-RIGID BH ULTIMATE RC 6.5 SHIMANO BLAU \\\/ SILBER 2022\"}]},{\"@type\":\"WebSite\",\"@id\":\"https:\\\/\\\/cioelectro.com\\\/#website\",\"url\":\"https:\\\/\\\/cioelectro.com\\\/\",\"name\":\"cioelectro.com\",\"description\":\"Treten Sie mit uns ins Abenteuer!\",\"publisher\":{\"@id\":\"https:\\\/\\\/cioelectro.com\\\/#organization\"},\"alternateName\":\"MEIN RADLADEN\",\"potentialAction\":[{\"@type\":\"SearchAction\",\"target\":{\"@type\":\"EntryPoint\",\"urlTemplate\":\"https:\\\/\\\/cioelectro.com\\\/?s={search_term_string}\"},\"query-input\":{\"@type\":\"PropertyValueSpecification\",\"valueRequired\":true,\"valueName\":\"search_term_string\"}}],\"inLanguage\":\"en-US\"},{\"@type\":\"Organization\",\"@id\":\"https:\\\/\\\/cioelectro.com\\\/#organization\",\"name\":\"CIOELECTRO\",\"alternateName\":\"MEIN RADLADEN\",\"url\":\"https:\\\/\\\/cioelectro.com\\\/\",\"logo\":{\"@type\":\"ImageObject\",\"inLanguage\":\"en-US\",\"@id\":\"https:\\\/\\\/cioelectro.com\\\/#\\\/schema\\\/logo\\\/image\\\/\",\"url\":\"https:\\\/\\\/cioelectro.com\\\/wp-content\\\/uploads\\\/2025\\\/12\\\/Logo-2-1200x800.png\",\"contentUrl\":\"https:\\\/\\\/cioelectro.com\\\/wp-content\\\/uploads\\\/2025\\\/12\\\/Logo-2-1200x800.png\",\"width\":1200,\"height\":800,\"caption\":\"CIOELECTRO\"},\"image\":{\"@id\":\"https:\\\/\\\/cioelectro.com\\\/#\\\/schema\\\/logo\\\/image\\\/\"}}]}<\/script>\n<!-- \/ Yoast SEO Premium plugin. -->","yoast_head_json":{"title":"MOUNTAINBIKE SEMI-RIGID BH ULTIMATE RC 6.5 2022","description":"Entdecken Sie unseren Online-Fahrradladen: Gro\u00dfe Auswahl an Modellen f\u00fcr alle Radsportbegeisterten. Von Rennr\u00e4dern bis zu Mountainbikes - finden Sie heute Ihren perfekten Wegbegleiter!","robots":{"index":"index","follow":"follow","max-snippet":"max-snippet:-1","max-image-preview":"max-image-preview:large","max-video-preview":"max-video-preview:-1"},"canonical":"https:\/\/cioelectro.com\/en\/produkt\/mountainbike-semi-rigid-bh-ultimate-rc-6-5-shimano-blau-silber-2022\/","og_locale":"en_US","og_type":"article","og_title":"MOUNTAINBIKE SEMI-RIGID BH ULTIMATE RC 6.5 SHIMANO BLAU \/ SILBER 2022","og_description":"Entdecken Sie unseren Online-Fahrradladen: Gro\u00dfe Auswahl an Modellen f\u00fcr alle Radsportbegeisterten. Von Rennr\u00e4dern bis zu Mountainbikes - finden Sie heute Ihren perfekten Wegbegleiter!","og_url":"https:\/\/cioelectro.com\/en\/produkt\/mountainbike-semi-rigid-bh-ultimate-rc-6-5-shimano-blau-silber-2022\/","og_site_name":"cioelectro.com","article_modified_time":"2025-04-15T16:55:27+00:00","og_image":[{"width":600,"height":408,"url":"https:\/\/cioelectro.com\/wp-content\/uploads\/2023\/06\/MOUNTAINBIKE-SEMI-RIGID-BH-ULTIMATE-RC-6.5-SHIMANO-DEORE-XT-12V-29-BLAU-SILBER-2022.jpg","type":"image\/jpeg"}],"twitter_card":"summary_large_image","twitter_misc":{"Est. reading time":"2 minutes"},"schema":{"@context":"https:\/\/schema.org","@graph":[{"@type":"WebPage","@id":"https:\/\/cioelectro.com\/produkt\/mountainbike-semi-rigid-bh-ultimate-rc-6-5-shimano-blau-silber-2022\/","url":"https:\/\/cioelectro.com\/produkt\/mountainbike-semi-rigid-bh-ultimate-rc-6-5-shimano-blau-silber-2022\/","name":"MOUNTAINBIKE SEMI-RIGID BH ULTIMATE RC 6.5 2022","isPartOf":{"@id":"https:\/\/cioelectro.com\/#website"},"primaryImageOfPage":{"@id":"https:\/\/cioelectro.com\/produkt\/mountainbike-semi-rigid-bh-ultimate-rc-6-5-shimano-blau-silber-2022\/#primaryimage"},"image":{"@id":"https:\/\/cioelectro.com\/produkt\/mountainbike-semi-rigid-bh-ultimate-rc-6-5-shimano-blau-silber-2022\/#primaryimage"},"thumbnailUrl":"https:\/\/cioelectro.com\/wp-content\/uploads\/2023\/06\/MOUNTAINBIKE-SEMI-RIGID-BH-ULTIMATE-RC-6.5-SHIMANO-DEORE-XT-12V-29-BLAU-SILBER-2022.jpg","datePublished":"2022-07-27T13:02:58+00:00","dateModified":"2025-04-15T16:55:27+00:00","description":"Entdecken Sie unseren Online-Fahrradladen: Gro\u00dfe Auswahl an Modellen f\u00fcr alle Radsportbegeisterten. Von Rennr\u00e4dern bis zu Mountainbikes - finden Sie heute Ihren perfekten Wegbegleiter!","breadcrumb":{"@id":"https:\/\/cioelectro.com\/produkt\/mountainbike-semi-rigid-bh-ultimate-rc-6-5-shimano-blau-silber-2022\/#breadcrumb"},"inLanguage":"en-US","potentialAction":[{"@type":"ReadAction","target":["https:\/\/cioelectro.com\/produkt\/mountainbike-semi-rigid-bh-ultimate-rc-6-5-shimano-blau-silber-2022\/"]}]},{"@type":"ImageObject","inLanguage":"en-US","@id":"https:\/\/cioelectro.com\/produkt\/mountainbike-semi-rigid-bh-ultimate-rc-6-5-shimano-blau-silber-2022\/#primaryimage","url":"https:\/\/cioelectro.com\/wp-content\/uploads\/2023\/06\/MOUNTAINBIKE-SEMI-RIGID-BH-ULTIMATE-RC-6.5-SHIMANO-DEORE-XT-12V-29-BLAU-SILBER-2022.jpg","contentUrl":"https:\/\/cioelectro.com\/wp-content\/uploads\/2023\/06\/MOUNTAINBIKE-SEMI-RIGID-BH-ULTIMATE-RC-6.5-SHIMANO-DEORE-XT-12V-29-BLAU-SILBER-2022.jpg","width":600,"height":408,"caption":"MOUNTAINBIKE SEMI-RIGID BH ULTIMATE RC 6.5 SHIMANO DEORE XT 12V 29'' BLAU SILBER 2022"},{"@type":"BreadcrumbList","@id":"https:\/\/cioelectro.com\/produkt\/mountainbike-semi-rigid-bh-ultimate-rc-6-5-shimano-blau-silber-2022\/#breadcrumb","itemListElement":[{"@type":"ListItem","position":1,"name":"Startseite","item":"https:\/\/cioelectro.com\/"},{"@type":"ListItem","position":2,"name":"LADEN","item":"https:\/\/cioelectro.com\/laden\/"},{"@type":"ListItem","position":3,"name":"MOUNTAINBIKE SEMI-RIGID BH ULTIMATE RC 6.5 SHIMANO BLAU \/ SILBER 2022"}]},{"@type":"WebSite","@id":"https:\/\/cioelectro.com\/#website","url":"https:\/\/cioelectro.com\/","name":"cioelectro.com","description":"Treten Sie mit uns ins Abenteuer!","publisher":{"@id":"https:\/\/cioelectro.com\/#organization"},"alternateName":"MEIN RADLADEN","potentialAction":[{"@type":"SearchAction","target":{"@type":"EntryPoint","urlTemplate":"https:\/\/cioelectro.com\/?s={search_term_string}"},"query-input":{"@type":"PropertyValueSpecification","valueRequired":true,"valueName":"search_term_string"}}],"inLanguage":"en-US"},{"@type":"Organization","@id":"https:\/\/cioelectro.com\/#organization","name":"CIOELECTRO","alternateName":"MEIN RADLADEN","url":"https:\/\/cioelectro.com\/","logo":{"@type":"ImageObject","inLanguage":"en-US","@id":"https:\/\/cioelectro.com\/#\/schema\/logo\/image\/","url":"https:\/\/cioelectro.com\/wp-content\/uploads\/2025\/12\/Logo-2-1200x800.png","contentUrl":"https:\/\/cioelectro.com\/wp-content\/uploads\/2025\/12\/Logo-2-1200x800.png","width":1200,"height":800,"caption":"CIOELECTRO"},"image":{"@id":"https:\/\/cioelectro.com\/#\/schema\/logo\/image\/"}}]}},"_links":{"self":[{"href":"https:\/\/cioelectro.com\/en\/wp-json\/wp\/v2\/product\/11339","targetHints":{"allow":["GET"]}}],"collection":[{"href":"https:\/\/cioelectro.com\/en\/wp-json\/wp\/v2\/product"}],"about":[{"href":"https:\/\/cioelectro.com\/en\/wp-json\/wp\/v2\/types\/product"}],"replies":[{"embeddable":true,"href":"https:\/\/cioelectro.com\/en\/wp-json\/wp\/v2\/comments?post=11339"}],"version-history":[{"count":0,"href":"https:\/\/cioelectro.com\/en\/wp-json\/wp\/v2\/product\/11339\/revisions"}],"wp:featuredmedia":[{"embeddable":true,"href":"https:\/\/cioelectro.com\/en\/wp-json\/wp\/v2\/media\/60504"}],"wp:attachment":[{"href":"https:\/\/cioelectro.com\/en\/wp-json\/wp\/v2\/media?parent=11339"}],"wp:term":[{"taxonomy":"product_brand","embeddable":true,"href":"https:\/\/cioelectro.com\/en\/wp-json\/wp\/v2\/product_brand?post=11339"},{"taxonomy":"product_cat","embeddable":true,"href":"https:\/\/cioelectro.com\/en\/wp-json\/wp\/v2\/product_cat?post=11339"},{"taxonomy":"product_tag","embeddable":true,"href":"https:\/\/cioelectro.com\/en\/wp-json\/wp\/v2\/product_tag?post=11339"}],"curies":[{"name":"wp","href":"https:\/\/api.w.org\/{rel}","templated":true}]}}