{"id":11348,"date":"2022-07-27T15:46:23","date_gmt":"2022-07-27T13:46:23","guid":{"rendered":"https:\/\/meinradladen.com\/?post_type=product&#038;p=11348"},"modified":"2023-08-10T13:56:44","modified_gmt":"2023-08-10T11:56:44","slug":"cannondale-trail-sl-4-hardtail-mtb-29-shimano-deore-11s-electric-blue","status":"publish","type":"product","link":"https:\/\/cioelectro.com\/en\/produkt\/cannondale-trail-sl-4-hardtail-mtb-29-shimano-deore-11s-electric-blue\/","title":{"rendered":"CANNONDALE TRAIL SL 4 HARDTAIL MTB 29 &#8221; SHIMANO DEORE 11S ELECTRIC BLUE"},"content":{"rendered":"<div id=\"product-header-order-name\" class=\"col-lg-20 col-md-20 col-sm-20 col-xs-20\">\n<h2 class=\"heading-title-text\">CANNONDALE TRAIL SL 4 HARDTAIL MTB 29 &#8221; SHIMANO DEORE 11S ELECTRIC BLUE<\/h2>\n<\/div>\n<div id=\"product-header-order-form\" class=\"js-reload-on-event col-lg-20 col-md-20 col-sm-20 col-xs-20\" data-to-watch=\"body\" data-event=\"alltricks:cartChanged\" data-url=\"\/ajax\/product\/ajouter\/F-11947-velos-complets-vtt\/P-1876593-cannondale_trail_sl_4_hardtail_mtb_29___39___39__shimano_deore_11s_electric_blue\">\n<div class=\"col col-sm-12 col-md-12 col-lg-12\">\n<p>Es auf die n\u00e4chste Stufe bringen! Das\u00a0<strong>Cannondale Trail SL 4<\/strong>\u00a0ist ein Hardtail-Mountainbike, das Ihr Spiel verbessern und eine Leidenschaft f\u00fcr das Trailfahren wecken soll. Es ist f\u00fcr die Berge gebaut und zu allem bereit. Der SmartForm C2 Aluminiumrahmen bringt die Aluminiumkonstruktion auf die n\u00e4chste Stufe. Es verf\u00fcgt \u00fcber leistungsstarke Rohrformen, eine leichte und verst\u00e4rkte Konstruktion sowie glatte Schwei\u00dfn\u00e4hte in zwei Durchg\u00e4ngen, die dieses Fahrrad in seiner Klasse un\u00fcbertroffen machen. Das Mikro-Federungssystem &#8220;SAVE&#8221; sorgt f\u00fcr mehr Komfort und bessere Kontrolle dank Flexzonen, die an strategischen Stellen des hinteren Dreiecks erstellt wurden.<\/p>\n<p>Im Vergleich zum Trail SE ist der Cannondale Trail SL leichter, schlanker und auf Geschwindigkeit ausgelegt.<\/p>\n<\/div>\n<div class=\"prodsheet_bullets col col-sm-8 col-md-8 col-lg-8\">\n<h4>DAS + PRODUKT:<\/h4>\n<ul>\n<li>Ein Mountainbike, das entwickelt wurde, um Ihr Spiel zu verbessern und eine Leidenschaft f\u00fcr Trailrunning zu wecken.<\/li>\n<li>SmartForm C2 Aluminiumrahmen.<\/li>\n<li>Shimano Deore M5100 1&#215;11 Geschwindigkeitsantrieb.<\/li>\n<li>Hydraulische Scheibenbremsen Shimano MT200, 160\/160 mm.<\/li>\n<\/ul>\n<\/div>\n<div class=\"prodsheet_specs1 col col-sm-12 col-md-12 col-lg-12\">\n<h4>EINZELHEITEN:<\/h4>\n<table class=\"table table-striped\">\n<tbody>\n<tr>\n<td>Rahmen<\/td>\n<td>Ganz neu, Smartform C2-Legierung, SAVE-Sitzstreben, konisches Steuerrohr, Post-Mount-Scheibe, StraightShot-interne Kabelf\u00fchrung, Dropper-Post-kompatibler BSA 73, 12-mm-Steckachse, Boost 148<\/td>\n<\/tr>\n<tr>\n<td>Gabel<\/td>\n<td>SR Suntour XCR-RL, 100 mm, Fernverriegelung, luftgefedert, 46 mm Versatz (29 &#8220;)<\/td>\n<\/tr>\n<tr>\n<td>Headset<\/td>\n<td>Integriertes abgedichtetes Lager, konisch<\/td>\n<\/tr>\n<tr>\n<td>Galgen<\/td>\n<td>6061 Legierung, 31,8, 7 \u00b0<\/td>\n<\/tr>\n<tr>\n<td>Lenker<\/td>\n<td>FSA Alloy Riser, 15 mm Anstieg, 760 mm<\/td>\n<\/tr>\n<tr>\n<td>Griffe<\/td>\n<td>Cannondale Dual-Density<\/td>\n<\/tr>\n<tr>\n<td>Schalthebel<\/td>\n<td>Shimano Deore M5100, 11-Gang<\/td>\n<\/tr>\n<tr>\n<td>Umwerfer<\/td>\n<td>Shimano Deore M5100, Direktmontage<\/td>\n<\/tr>\n<tr>\n<td>Schaltwerk<\/td>\n<td>Shimano Deore M5100<\/td>\n<\/tr>\n<tr>\n<td>Kurbelgarnitur<\/td>\n<td>Shimano M5100, 36\/26<\/td>\n<\/tr>\n<tr>\n<td>Tretlager<\/td>\n<td>Patrone, quadratische Verj\u00fcngung<\/td>\n<\/tr>\n<tr>\n<td>Kette<\/td>\n<td>KMC X11, 11-Gang<\/td>\n<\/tr>\n<tr>\n<td>Kassette<\/td>\n<td>Shimano Deore M5100, 11-42, 11-Gang<\/td>\n<\/tr>\n<tr>\n<td>Bremshebel<\/td>\n<td>Shimano MT200 Hydraulikscheibe, 160\/160 mm RT10 Rotoren<\/td>\n<\/tr>\n<tr>\n<td>Bremsen<\/td>\n<td>Shimano MT200 Hydraulikscheibe, 160\/160 mm RT10 Rotoren<\/td>\n<\/tr>\n<tr>\n<td>Sattel<\/td>\n<td>Cannondale Trail, 170 mm, Stahlschienen<\/td>\n<\/tr>\n<tr>\n<td>Sattelschaft<\/td>\n<td>6061 Legierung, 31,6 x 400 mm<\/td>\n<\/tr>\n<tr>\n<td>Rand<\/td>\n<td>WTB STX i23 TCS, 32h, schlauchlos bereit<\/td>\n<\/tr>\n<tr>\n<td>Vorderradnabe<\/td>\n<td>(F) Shimano MT200, QR<\/td>\n<\/tr>\n<tr>\n<td>Hinterradnabe<\/td>\n<td>(R) Shimano MT400 12 x 148<\/td>\n<\/tr>\n<tr>\n<td>Reifen<\/td>\n<td>Schwalbe Rocket Rick, 29 x 2,25 &#8220;, K-Guard<\/td>\n<\/tr>\n<tr>\n<td>Gewicht<\/td>\n<td>&#8212; &#8212;.<\/td>\n<\/tr>\n<tr>\n<td>Farben<\/td>\n<td>Grau<\/td>\n<\/tr>\n<\/tbody>\n<\/table>\n<\/div>\n<div class=\"prodsheet_specs2 col col-sm-8 col-md-8 col-lg-8\">\n<h4>GEOMETRIEN:<\/h4>\n<p><img decoding=\"async\" src=\"http:\/\/media1.alltricks.fr\/ckfinder\/images\/hardtail_fr.jpg\" \/><\/p>\n<table class=\"table table-striped\">\n<tbody>\n<tr>\n<td>Rahmengr\u00f6\u00dfe<\/td>\n<td>S.<\/td>\n<td>M.<\/td>\n<td>L.<\/td>\n<td>XL<\/td>\n<\/tr>\n<tr>\n<td>Radgr\u00f6\u00dfe (Zoll)<\/td>\n<td>29<\/td>\n<td>29<\/td>\n<td>29<\/td>\n<td>29<\/td>\n<\/tr>\n<tr>\n<td>Sitzrohr (mm)<\/td>\n<td>390<\/td>\n<td>440<\/td>\n<td>470<\/td>\n<td>520<\/td>\n<\/tr>\n<tr>\n<td>Oberrohr (mm)<\/td>\n<td>561<\/td>\n<td>593<\/td>\n<td>621<\/td>\n<td>648<\/td>\n<\/tr>\n<tr>\n<td>Grundl\u00e4nge (mm)<\/td>\n<td>435<\/td>\n<td>435<\/td>\n<td>435<\/td>\n<td>435<\/td>\n<\/tr>\n<tr>\n<td>Steuerrohr (mm)<\/td>\n<td>90<\/td>\n<td>100<\/td>\n<td>110<\/td>\n<td>120<\/td>\n<\/tr>\n<tr>\n<td>Lenkwinkel (\u00b0)<\/td>\n<td>68<\/td>\n<td>68<\/td>\n<td>68<\/td>\n<td>68<\/td>\n<\/tr>\n<tr>\n<td>Sitzrohrwinkel (\u00b0)<\/td>\n<td>75<\/td>\n<td>75<\/td>\n<td>75<\/td>\n<td>75<\/td>\n<\/tr>\n<tr>\n<td>Radstand (mm)<\/td>\n<td>1090<\/td>\n<td>1123<\/td>\n<td>1152<\/td>\n<td>1180<\/td>\n<\/tr>\n<tr>\n<td>Stapel (mm)<\/td>\n<td>598<\/td>\n<td>608<\/td>\n<td>617<\/td>\n<td>626<\/td>\n<\/tr>\n<tr>\n<td>Reichweite (mm)<\/td>\n<td>389<\/td>\n<td>419<\/td>\n<td>444<\/td>\n<td>469<\/td>\n<\/tr>\n<\/tbody>\n<\/table>\n<\/div>\n<\/div>","protected":false},"excerpt":{"rendered":"<div class=\"col-lg-14 col-md-14 col-sm-14 col-xs-20\"><\/div>\n<div id=\"product-specifications-table\" class=\"col-lg-20 col-md-20 col-sm-20 col-xs-20\">\n<table class=\"table table-striped\">\n<tbody>\n<tr>\n<td class=\"spec-name\">Geschlecht<\/td>\n<td class=\"spec-value\">Herren<\/td>\n<\/tr>\n<tr>\n<td class=\"spec-name\">Gruppe<\/td>\n<td class=\"spec-value\">Shimano Deore 11V<\/td>\n<\/tr>\n<tr>\n<td class=\"spec-name\">collection<\/td>\n<td class=\"spec-value\">Restst\u00fccke<\/td>\n<\/tr>\n<\/tbody>\n<\/table>\n<\/div>","protected":false},"featured_media":60506,"comment_status":"open","ping_status":"closed","template":"","meta":{"_rtcl_gb_attr":""},"product_brand":[],"product_cat":[783],"product_tag":[],"class_list":{"0":"post-11348","1":"product","2":"type-product","3":"status-publish","4":"has-post-thumbnail","6":"product_cat-accessories","7":"pa_marke-cannondale","9":"first","10":"instock","11":"taxable","12":"shipping-taxable","13":"purchasable","14":"product-type-variable"},"yoast_head":"<!-- This site is optimized with the Yoast SEO Premium plugin v20.12 (Yoast SEO v27.4) - https:\/\/yoast.com\/product\/yoast-seo-premium-wordpress\/ -->\n<title>CANNONDALE TRAIL SL 4 HARDTAIL MTB 29 &#039;&#039; SHIMANO DEORE 11S ELECTRIC BLUE<\/title>\n<meta name=\"description\" content=\"Entdecken Sie unseren Online-Fahrradladen: Gro\u00dfe Auswahl an Modellen f\u00fcr alle Radsportbegeisterten. Von Rennr\u00e4dern bis zu Mountainbikes - finden Sie heute Ihren perfekten Wegbegleiter!\" \/>\n<meta name=\"robots\" content=\"index, follow, max-snippet:-1, max-image-preview:large, max-video-preview:-1\" \/>\n<link rel=\"canonical\" href=\"https:\/\/cioelectro.com\/en\/produkt\/cannondale-trail-sl-4-hardtail-mtb-29-shimano-deore-11s-electric-blue\/\" \/>\n<meta property=\"og:locale\" content=\"en_US\" \/>\n<meta property=\"og:type\" content=\"article\" \/>\n<meta property=\"og:title\" content=\"CANNONDALE TRAIL SL 4 HARDTAIL MTB 29 &#039;&#039; SHIMANO DEORE 11S ELECTRIC BLUE\" \/>\n<meta property=\"og:description\" content=\"Entdecken Sie unseren Online-Fahrradladen: Gro\u00dfe Auswahl an Modellen f\u00fcr alle Radsportbegeisterten. Von Rennr\u00e4dern bis zu Mountainbikes - finden Sie heute Ihren perfekten Wegbegleiter!\" \/>\n<meta property=\"og:url\" content=\"https:\/\/cioelectro.com\/en\/produkt\/cannondale-trail-sl-4-hardtail-mtb-29-shimano-deore-11s-electric-blue\/\" \/>\n<meta property=\"og:site_name\" content=\"cioelectro.com\" \/>\n<meta property=\"article:modified_time\" content=\"2023-08-10T11:56:44+00:00\" \/>\n<meta property=\"og:image\" content=\"https:\/\/cioelectro.com\/wp-content\/uploads\/2023\/06\/CANNONDALE-TRAIL-SL-4-HARDTAIL-MTB-29-SHIMANO-DEORE-11S-ELECTRIC-BLUE.jpg\" \/>\n\t<meta property=\"og:image:width\" content=\"600\" \/>\n\t<meta property=\"og:image:height\" content=\"407\" \/>\n\t<meta property=\"og:image:type\" content=\"image\/jpeg\" \/>\n<meta name=\"twitter:card\" content=\"summary_large_image\" \/>\n<meta name=\"twitter:label1\" content=\"Est. reading time\" \/>\n\t<meta name=\"twitter:data1\" content=\"3 minutes\" \/>\n<script type=\"application\/ld+json\" class=\"yoast-schema-graph\">{\"@context\":\"https:\\\/\\\/schema.org\",\"@graph\":[{\"@type\":\"WebPage\",\"@id\":\"https:\\\/\\\/cioelectro.com\\\/produkt\\\/cannondale-trail-sl-4-hardtail-mtb-29-shimano-deore-11s-electric-blue\\\/\",\"url\":\"https:\\\/\\\/cioelectro.com\\\/produkt\\\/cannondale-trail-sl-4-hardtail-mtb-29-shimano-deore-11s-electric-blue\\\/\",\"name\":\"CANNONDALE TRAIL SL 4 HARDTAIL MTB 29 '' SHIMANO DEORE 11S ELECTRIC BLUE\",\"isPartOf\":{\"@id\":\"https:\\\/\\\/cioelectro.com\\\/#website\"},\"primaryImageOfPage\":{\"@id\":\"https:\\\/\\\/cioelectro.com\\\/produkt\\\/cannondale-trail-sl-4-hardtail-mtb-29-shimano-deore-11s-electric-blue\\\/#primaryimage\"},\"image\":{\"@id\":\"https:\\\/\\\/cioelectro.com\\\/produkt\\\/cannondale-trail-sl-4-hardtail-mtb-29-shimano-deore-11s-electric-blue\\\/#primaryimage\"},\"thumbnailUrl\":\"https:\\\/\\\/cioelectro.com\\\/wp-content\\\/uploads\\\/2023\\\/06\\\/CANNONDALE-TRAIL-SL-4-HARDTAIL-MTB-29-SHIMANO-DEORE-11S-ELECTRIC-BLUE.jpg\",\"datePublished\":\"2022-07-27T13:46:23+00:00\",\"dateModified\":\"2023-08-10T11:56:44+00:00\",\"description\":\"Entdecken Sie unseren Online-Fahrradladen: Gro\u00dfe Auswahl an Modellen f\u00fcr alle Radsportbegeisterten. Von Rennr\u00e4dern bis zu Mountainbikes - finden Sie heute Ihren perfekten Wegbegleiter!\",\"breadcrumb\":{\"@id\":\"https:\\\/\\\/cioelectro.com\\\/produkt\\\/cannondale-trail-sl-4-hardtail-mtb-29-shimano-deore-11s-electric-blue\\\/#breadcrumb\"},\"inLanguage\":\"en-US\",\"potentialAction\":[{\"@type\":\"ReadAction\",\"target\":[\"https:\\\/\\\/cioelectro.com\\\/produkt\\\/cannondale-trail-sl-4-hardtail-mtb-29-shimano-deore-11s-electric-blue\\\/\"]}]},{\"@type\":\"ImageObject\",\"inLanguage\":\"en-US\",\"@id\":\"https:\\\/\\\/cioelectro.com\\\/produkt\\\/cannondale-trail-sl-4-hardtail-mtb-29-shimano-deore-11s-electric-blue\\\/#primaryimage\",\"url\":\"https:\\\/\\\/cioelectro.com\\\/wp-content\\\/uploads\\\/2023\\\/06\\\/CANNONDALE-TRAIL-SL-4-HARDTAIL-MTB-29-SHIMANO-DEORE-11S-ELECTRIC-BLUE.jpg\",\"contentUrl\":\"https:\\\/\\\/cioelectro.com\\\/wp-content\\\/uploads\\\/2023\\\/06\\\/CANNONDALE-TRAIL-SL-4-HARDTAIL-MTB-29-SHIMANO-DEORE-11S-ELECTRIC-BLUE.jpg\",\"width\":600,\"height\":407,\"caption\":\"CANNONDALE TRAIL SL 4 HARDTAIL MTB 29 '' SHIMANO DEORE 11S ELECTRIC BLUE\"},{\"@type\":\"BreadcrumbList\",\"@id\":\"https:\\\/\\\/cioelectro.com\\\/produkt\\\/cannondale-trail-sl-4-hardtail-mtb-29-shimano-deore-11s-electric-blue\\\/#breadcrumb\",\"itemListElement\":[{\"@type\":\"ListItem\",\"position\":1,\"name\":\"Startseite\",\"item\":\"https:\\\/\\\/cioelectro.com\\\/\"},{\"@type\":\"ListItem\",\"position\":2,\"name\":\"LADEN\",\"item\":\"https:\\\/\\\/cioelectro.com\\\/laden\\\/\"},{\"@type\":\"ListItem\",\"position\":3,\"name\":\"CANNONDALE TRAIL SL 4 HARDTAIL MTB 29 &#8221; SHIMANO DEORE 11S ELECTRIC BLUE\"}]},{\"@type\":\"WebSite\",\"@id\":\"https:\\\/\\\/cioelectro.com\\\/#website\",\"url\":\"https:\\\/\\\/cioelectro.com\\\/\",\"name\":\"cioelectro.com\",\"description\":\"Treten Sie mit uns ins Abenteuer!\",\"publisher\":{\"@id\":\"https:\\\/\\\/cioelectro.com\\\/#organization\"},\"alternateName\":\"MEIN RADLADEN\",\"potentialAction\":[{\"@type\":\"SearchAction\",\"target\":{\"@type\":\"EntryPoint\",\"urlTemplate\":\"https:\\\/\\\/cioelectro.com\\\/?s={search_term_string}\"},\"query-input\":{\"@type\":\"PropertyValueSpecification\",\"valueRequired\":true,\"valueName\":\"search_term_string\"}}],\"inLanguage\":\"en-US\"},{\"@type\":\"Organization\",\"@id\":\"https:\\\/\\\/cioelectro.com\\\/#organization\",\"name\":\"CIOELECTRO\",\"alternateName\":\"MEIN RADLADEN\",\"url\":\"https:\\\/\\\/cioelectro.com\\\/\",\"logo\":{\"@type\":\"ImageObject\",\"inLanguage\":\"en-US\",\"@id\":\"https:\\\/\\\/cioelectro.com\\\/#\\\/schema\\\/logo\\\/image\\\/\",\"url\":\"https:\\\/\\\/cioelectro.com\\\/wp-content\\\/uploads\\\/2025\\\/12\\\/Logo-2-1200x800.png\",\"contentUrl\":\"https:\\\/\\\/cioelectro.com\\\/wp-content\\\/uploads\\\/2025\\\/12\\\/Logo-2-1200x800.png\",\"width\":1200,\"height\":800,\"caption\":\"CIOELECTRO\"},\"image\":{\"@id\":\"https:\\\/\\\/cioelectro.com\\\/#\\\/schema\\\/logo\\\/image\\\/\"}}]}<\/script>\n<!-- \/ Yoast SEO Premium plugin. -->","yoast_head_json":{"title":"CANNONDALE TRAIL SL 4 HARDTAIL MTB 29 '' SHIMANO DEORE 11S ELECTRIC BLUE","description":"Entdecken Sie unseren Online-Fahrradladen: Gro\u00dfe Auswahl an Modellen f\u00fcr alle Radsportbegeisterten. Von Rennr\u00e4dern bis zu Mountainbikes - finden Sie heute Ihren perfekten Wegbegleiter!","robots":{"index":"index","follow":"follow","max-snippet":"max-snippet:-1","max-image-preview":"max-image-preview:large","max-video-preview":"max-video-preview:-1"},"canonical":"https:\/\/cioelectro.com\/en\/produkt\/cannondale-trail-sl-4-hardtail-mtb-29-shimano-deore-11s-electric-blue\/","og_locale":"en_US","og_type":"article","og_title":"CANNONDALE TRAIL SL 4 HARDTAIL MTB 29 '' SHIMANO DEORE 11S ELECTRIC BLUE","og_description":"Entdecken Sie unseren Online-Fahrradladen: Gro\u00dfe Auswahl an Modellen f\u00fcr alle Radsportbegeisterten. Von Rennr\u00e4dern bis zu Mountainbikes - finden Sie heute Ihren perfekten Wegbegleiter!","og_url":"https:\/\/cioelectro.com\/en\/produkt\/cannondale-trail-sl-4-hardtail-mtb-29-shimano-deore-11s-electric-blue\/","og_site_name":"cioelectro.com","article_modified_time":"2023-08-10T11:56:44+00:00","og_image":[{"width":600,"height":407,"url":"https:\/\/cioelectro.com\/wp-content\/uploads\/2023\/06\/CANNONDALE-TRAIL-SL-4-HARDTAIL-MTB-29-SHIMANO-DEORE-11S-ELECTRIC-BLUE.jpg","type":"image\/jpeg"}],"twitter_card":"summary_large_image","twitter_misc":{"Est. reading time":"3 minutes"},"schema":{"@context":"https:\/\/schema.org","@graph":[{"@type":"WebPage","@id":"https:\/\/cioelectro.com\/produkt\/cannondale-trail-sl-4-hardtail-mtb-29-shimano-deore-11s-electric-blue\/","url":"https:\/\/cioelectro.com\/produkt\/cannondale-trail-sl-4-hardtail-mtb-29-shimano-deore-11s-electric-blue\/","name":"CANNONDALE TRAIL SL 4 HARDTAIL MTB 29 '' SHIMANO DEORE 11S ELECTRIC BLUE","isPartOf":{"@id":"https:\/\/cioelectro.com\/#website"},"primaryImageOfPage":{"@id":"https:\/\/cioelectro.com\/produkt\/cannondale-trail-sl-4-hardtail-mtb-29-shimano-deore-11s-electric-blue\/#primaryimage"},"image":{"@id":"https:\/\/cioelectro.com\/produkt\/cannondale-trail-sl-4-hardtail-mtb-29-shimano-deore-11s-electric-blue\/#primaryimage"},"thumbnailUrl":"https:\/\/cioelectro.com\/wp-content\/uploads\/2023\/06\/CANNONDALE-TRAIL-SL-4-HARDTAIL-MTB-29-SHIMANO-DEORE-11S-ELECTRIC-BLUE.jpg","datePublished":"2022-07-27T13:46:23+00:00","dateModified":"2023-08-10T11:56:44+00:00","description":"Entdecken Sie unseren Online-Fahrradladen: Gro\u00dfe Auswahl an Modellen f\u00fcr alle Radsportbegeisterten. Von Rennr\u00e4dern bis zu Mountainbikes - finden Sie heute Ihren perfekten Wegbegleiter!","breadcrumb":{"@id":"https:\/\/cioelectro.com\/produkt\/cannondale-trail-sl-4-hardtail-mtb-29-shimano-deore-11s-electric-blue\/#breadcrumb"},"inLanguage":"en-US","potentialAction":[{"@type":"ReadAction","target":["https:\/\/cioelectro.com\/produkt\/cannondale-trail-sl-4-hardtail-mtb-29-shimano-deore-11s-electric-blue\/"]}]},{"@type":"ImageObject","inLanguage":"en-US","@id":"https:\/\/cioelectro.com\/produkt\/cannondale-trail-sl-4-hardtail-mtb-29-shimano-deore-11s-electric-blue\/#primaryimage","url":"https:\/\/cioelectro.com\/wp-content\/uploads\/2023\/06\/CANNONDALE-TRAIL-SL-4-HARDTAIL-MTB-29-SHIMANO-DEORE-11S-ELECTRIC-BLUE.jpg","contentUrl":"https:\/\/cioelectro.com\/wp-content\/uploads\/2023\/06\/CANNONDALE-TRAIL-SL-4-HARDTAIL-MTB-29-SHIMANO-DEORE-11S-ELECTRIC-BLUE.jpg","width":600,"height":407,"caption":"CANNONDALE TRAIL SL 4 HARDTAIL MTB 29 '' SHIMANO DEORE 11S ELECTRIC BLUE"},{"@type":"BreadcrumbList","@id":"https:\/\/cioelectro.com\/produkt\/cannondale-trail-sl-4-hardtail-mtb-29-shimano-deore-11s-electric-blue\/#breadcrumb","itemListElement":[{"@type":"ListItem","position":1,"name":"Startseite","item":"https:\/\/cioelectro.com\/"},{"@type":"ListItem","position":2,"name":"LADEN","item":"https:\/\/cioelectro.com\/laden\/"},{"@type":"ListItem","position":3,"name":"CANNONDALE TRAIL SL 4 HARDTAIL MTB 29 &#8221; SHIMANO DEORE 11S ELECTRIC BLUE"}]},{"@type":"WebSite","@id":"https:\/\/cioelectro.com\/#website","url":"https:\/\/cioelectro.com\/","name":"cioelectro.com","description":"Treten Sie mit uns ins Abenteuer!","publisher":{"@id":"https:\/\/cioelectro.com\/#organization"},"alternateName":"MEIN RADLADEN","potentialAction":[{"@type":"SearchAction","target":{"@type":"EntryPoint","urlTemplate":"https:\/\/cioelectro.com\/?s={search_term_string}"},"query-input":{"@type":"PropertyValueSpecification","valueRequired":true,"valueName":"search_term_string"}}],"inLanguage":"en-US"},{"@type":"Organization","@id":"https:\/\/cioelectro.com\/#organization","name":"CIOELECTRO","alternateName":"MEIN RADLADEN","url":"https:\/\/cioelectro.com\/","logo":{"@type":"ImageObject","inLanguage":"en-US","@id":"https:\/\/cioelectro.com\/#\/schema\/logo\/image\/","url":"https:\/\/cioelectro.com\/wp-content\/uploads\/2025\/12\/Logo-2-1200x800.png","contentUrl":"https:\/\/cioelectro.com\/wp-content\/uploads\/2025\/12\/Logo-2-1200x800.png","width":1200,"height":800,"caption":"CIOELECTRO"},"image":{"@id":"https:\/\/cioelectro.com\/#\/schema\/logo\/image\/"}}]}},"_links":{"self":[{"href":"https:\/\/cioelectro.com\/en\/wp-json\/wp\/v2\/product\/11348","targetHints":{"allow":["GET"]}}],"collection":[{"href":"https:\/\/cioelectro.com\/en\/wp-json\/wp\/v2\/product"}],"about":[{"href":"https:\/\/cioelectro.com\/en\/wp-json\/wp\/v2\/types\/product"}],"replies":[{"embeddable":true,"href":"https:\/\/cioelectro.com\/en\/wp-json\/wp\/v2\/comments?post=11348"}],"version-history":[{"count":0,"href":"https:\/\/cioelectro.com\/en\/wp-json\/wp\/v2\/product\/11348\/revisions"}],"wp:featuredmedia":[{"embeddable":true,"href":"https:\/\/cioelectro.com\/en\/wp-json\/wp\/v2\/media\/60506"}],"wp:attachment":[{"href":"https:\/\/cioelectro.com\/en\/wp-json\/wp\/v2\/media?parent=11348"}],"wp:term":[{"taxonomy":"product_brand","embeddable":true,"href":"https:\/\/cioelectro.com\/en\/wp-json\/wp\/v2\/product_brand?post=11348"},{"taxonomy":"product_cat","embeddable":true,"href":"https:\/\/cioelectro.com\/en\/wp-json\/wp\/v2\/product_cat?post=11348"},{"taxonomy":"product_tag","embeddable":true,"href":"https:\/\/cioelectro.com\/en\/wp-json\/wp\/v2\/product_tag?post=11348"}],"curies":[{"name":"wp","href":"https:\/\/api.w.org\/{rel}","templated":true}]}}