{"id":11401,"date":"2022-07-27T17:23:18","date_gmt":"2022-07-27T15:23:18","guid":{"rendered":"https:\/\/meinradladen.com\/?post_type=product&#038;p=11401"},"modified":"2023-08-10T13:48:44","modified_gmt":"2023-08-10T11:48:44","slug":"cannondale-scalpel-ht-carbon-3-hardtail-mtb-shimano-textmarker-2021","status":"publish","type":"product","link":"https:\/\/cioelectro.com\/en\/produkt\/cannondale-scalpel-ht-carbon-3-hardtail-mtb-shimano-textmarker-2021\/","title":{"rendered":"CANNONDALE SCALPEL HT CARBON 3 HARDTAIL MTB SHIMANO TEXTMARKER 2021"},"content":{"rendered":"<div id=\"product-header-order-name\" class=\"col-lg-20 col-md-20 col-sm-20 col-xs-20\">\n<h2 class=\"heading-title-text\">CANNONDALE SCALPEL HT CARBON 3 HARDTAIL MTB SHIMANO SLX XT 12F 29&#8221; TEXTMARKER 2021<\/h2>\n<\/div>\n<div id=\"product-header-order-form\" class=\"js-reload-on-event col-lg-20 col-md-20 col-sm-20 col-xs-20\" data-to-watch=\"body\" data-event=\"alltricks:cartChanged\" data-url=\"\/ajax\/product\/ajouter\/F-11947-velos-complets-vtt\/P-2032279-cannondale_scalpel_ht_carbon_3_hardtail_mtb_shimano_slx_xt_12f_29___textmarker_2021\">\n<div class=\"col col-sm-12 col-md-12 col-lg-12\">\n<p>Das\u00a0<strong>Scalpel HT<\/strong>\u00a0ist ein XC-Renn-Hardtail, das dir mehr bietet. Mehr von dem, was du an einem Hardtail liebst ? Beschleunigung, Explosivit\u00e4t und ein leichtes Klettergef\u00fchl, plus ein bisschen mehr.<\/p>\n<p>Ein Hardtail mit messerscharfer Pr\u00e4zision, Shimano SLX-Schaltung und einer 100-mm-RockShox SID-Gabel<\/p>\n<\/div>\n<div class=\"prodsheet_bullets col col-sm-8 col-md-8 col-lg-8\">\n<h4>DAS + PRODUKT:<\/h4>\n<ul>\n<li>Scalpel HT Carbonrahmen und RockShox SID SL Select + RL 100mm Gabel.<\/li>\n<li>Shimano SLX XT 1&#215;12-fach Antrieb<\/li>\n<li>Shimano M6100 hydraulische Scheibenbremsen.<\/li>\n<\/ul>\n<\/div>\n<div class=\"prodsheet_specs1 col col-sm-12 col-md-12 col-lg-12\">\n<h4>EINZELHEITEN:<\/h4>\n<table class=\"table table-striped\">\n<tbody>\n<tr>\n<td>Rahmen<\/td>\n<td>Carbon: Scalpel HT Carbon, Proportional Response Design, PF30-83, konisches Steuerrohr, 55 mm Kettenlinie, Speed Release 12 mm Steckachse mit UDH-Aufh\u00e4nger<\/td>\n<\/tr>\n<tr>\n<td>Gabel<\/td>\n<td>RockShox SID SL Select + RL, 100 mm, Debonair, Remote Lockout, 15&#215;110 mm Steckachse, konischer Gabelschaft, 44 mm Offset<\/td>\n<\/tr>\n<tr>\n<td>Schalthebel<\/td>\n<td>Shimano SLX, 1&#215;12-fach<\/td>\n<\/tr>\n<tr>\n<td>Schaltwerk<\/td>\n<td>Shimano XT 12-fach<\/td>\n<\/tr>\n<tr>\n<td>Kassette<\/td>\n<td>Shimano SLX, 10-51 Z\u00e4hne<\/td>\n<\/tr>\n<tr>\n<td>Kette<\/td>\n<td>Shimano SLX, 12-fach<\/td>\n<\/tr>\n<tr>\n<td>Kurbel<\/td>\n<td>Cannondale 1, BB30 83MTB, OPI SpiderRing, 34 Z\u00e4hne, 55mm Kettenlinie<\/td>\n<\/tr>\n<tr>\n<td>Tretlager<\/td>\n<td>Cannondale Aluminium PressFit30<\/td>\n<\/tr>\n<tr>\n<td>Bremsen<\/td>\n<td>Shimano M6100 hydraulische Scheibe, 160 \/ 160 mm RT64-Rotoren<\/td>\n<\/tr>\n<tr>\n<td>R\u00e4der<\/td>\n<td>Stan&#8217;s NoTubes Crest MK4, 28h, Tubeless Ready<\/td>\n<\/tr>\n<tr>\n<td>Reifen<\/td>\n<td>F: Schwalbe Racing Ray EVO, 29 x 2.25&#8243;, Twinskin, Tubeless ready \/ R: Schwalbe Racing Ralph EVO, 29 x 2.25&#8243;, SnakeSkin, Addix Compound, Tubeless ready<\/td>\n<\/tr>\n<tr>\n<td>Lenker<\/td>\n<td>Cannondale 2 Flat, konifiziertes 2014er Aluminium, 31,8 mm, 3\u00b0 Anstieg, 8\u00b0 Sweep, 760 mm<\/td>\n<\/tr>\n<tr>\n<td>Griffe<\/td>\n<td>Cannondale XC Silikon<\/td>\n<\/tr>\n<tr>\n<td>Stengel<\/td>\n<td>Cannondale 2, 6061 Legierung, 31,8, 7 \u00b0<\/td>\n<\/tr>\n<tr>\n<td>Sattel<\/td>\n<td>Fabric Scoop Shallow Elite, hohle Cro-Mo-Schienen<\/td>\n<\/tr>\n<tr>\n<td>Sattelst\u00fctze<\/td>\n<td>C2 Carbon, 27,2x400mm<\/td>\n<\/tr>\n<tr>\n<td>Gewicht<\/td>\n<td>&#8212;<\/td>\n<\/tr>\n<tr>\n<td>Farben<\/td>\n<td>Textmarker<\/td>\n<\/tr>\n<\/tbody>\n<\/table>\n<\/div>\n<div class=\"prodsheet_specs2 col col-sm-8 col-md-8 col-lg-8\">\n<h4>GEOMETRIEN:<\/h4>\n<p><img decoding=\"async\" src=\"http:\/\/media1.alltricks.fr\/ckfinder\/images\/hardtail_en.jpg\" \/><\/p>\n<table class=\"table table-striped\">\n<tbody>\n<tr>\n<td>Rahmengr\u00f6\u00dfe<\/td>\n<td>S<\/td>\n<td>M<\/td>\n<td>L<\/td>\n<td>XL<\/td>\n<\/tr>\n<tr>\n<td>Sitzrohr (mm)<\/td>\n<td>390<\/td>\n<td>440<\/td>\n<td>480<\/td>\n<td>530<\/td>\n<\/tr>\n<tr>\n<td>Oberrohr (mm)<\/td>\n<td>571<\/td>\n<td>594<\/td>\n<td>617<\/td>\n<td>640<\/td>\n<\/tr>\n<tr>\n<td>Basisl\u00e4nge (mm)<\/td>\n<td>430<\/td>\n<td>435<\/td>\n<td>440<\/td>\n<td>445<\/td>\n<\/tr>\n<tr>\n<td>Steuerrohr (mm)<\/td>\n<td>99<\/td>\n<td>110<\/td>\n<td>122<\/td>\n<td>135<\/td>\n<\/tr>\n<tr>\n<td>Lenkwinkel (\u00b0)<\/td>\n<td>67<\/td>\n<td>67<\/td>\n<td>67<\/td>\n<td>67<\/td>\n<\/tr>\n<tr>\n<td>Sitzwinkel (\u00b0)<\/td>\n<td>73,2<\/td>\n<td>74<\/td>\n<td>74,6<\/td>\n<td>75<\/td>\n<\/tr>\n<tr>\n<td>Radstand (mm)<\/td>\n<td>1124<\/td>\n<td>1154<\/td>\n<td>1183<\/td>\n<td>1214<\/td>\n<\/tr>\n<tr>\n<td>Stapel (mm)<\/td>\n<td>602<\/td>\n<td>612<\/td>\n<td>623<\/td>\n<td>635<\/td>\n<\/tr>\n<tr>\n<td>Reichweite (mm)<\/td>\n<td>410<\/td>\n<td>430<\/td>\n<td>450<\/td>\n<td>470<\/td>\n<\/tr>\n<\/tbody>\n<\/table>\n<\/div>\n<\/div>","protected":false},"excerpt":{"rendered":"<p>CANNONDALE SCALPEL HT CARBON 3 HARDTAIL MTB SHIMANO SLX XT 12F 29&#8221; TEXTMARKER 2021 Das\u00a0Scalpel HT\u00a0ist ein XC-Renn-Hardtail, das dir<\/p>","protected":false},"featured_media":60526,"comment_status":"open","ping_status":"closed","template":"","meta":{"_rtcl_gb_attr":""},"product_brand":[],"product_cat":[783],"product_tag":[],"class_list":{"0":"post-11401","1":"product","2":"type-product","3":"status-publish","4":"has-post-thumbnail","6":"product_cat-accessories","7":"pa_marke-cannondale","9":"first","10":"instock","11":"sale","12":"taxable","13":"shipping-taxable","14":"purchasable","15":"product-type-variable"},"yoast_head":"<!-- This site is optimized with the Yoast SEO Premium plugin v20.12 (Yoast SEO v27.4) - https:\/\/yoast.com\/product\/yoast-seo-premium-wordpress\/ -->\n<title>CANNONDALE SCALPEL HT CARBON 3 HARDTAIL MTB<\/title>\n<meta name=\"description\" content=\"Entdecken Sie unseren Online-Fahrradladen: Gro\u00dfe Auswahl an Modellen f\u00fcr alle Radsportbegeisterten. Von Rennr\u00e4dern bis zu Mountainbikes - finden Sie heute Ihren perfekten Wegbegleiter!\" \/>\n<meta name=\"robots\" content=\"index, follow, max-snippet:-1, max-image-preview:large, max-video-preview:-1\" \/>\n<link rel=\"canonical\" href=\"https:\/\/cioelectro.com\/en\/produkt\/cannondale-scalpel-ht-carbon-3-hardtail-mtb-shimano-textmarker-2021\/\" \/>\n<meta property=\"og:locale\" content=\"en_US\" \/>\n<meta property=\"og:type\" content=\"article\" \/>\n<meta property=\"og:title\" content=\"CANNONDALE SCALPEL HT CARBON 3 HARDTAIL MTB SHIMANO TEXTMARKER 2021\" \/>\n<meta property=\"og:description\" content=\"Entdecken Sie unseren Online-Fahrradladen: Gro\u00dfe Auswahl an Modellen f\u00fcr alle Radsportbegeisterten. Von Rennr\u00e4dern bis zu Mountainbikes - finden Sie heute Ihren perfekten Wegbegleiter!\" \/>\n<meta property=\"og:url\" content=\"https:\/\/cioelectro.com\/en\/produkt\/cannondale-scalpel-ht-carbon-3-hardtail-mtb-shimano-textmarker-2021\/\" \/>\n<meta property=\"og:site_name\" content=\"cioelectro.com\" \/>\n<meta property=\"article:modified_time\" content=\"2023-08-10T11:48:44+00:00\" \/>\n<meta property=\"og:image\" content=\"https:\/\/cioelectro.com\/wp-content\/uploads\/2023\/06\/CANNONDALE-SCALPEL-HT-CARBON-3-HARDTAIL-MTB-SHIMANO-SLX-XT-12F-29-TEXTMARKER-2021.jpg\" \/>\n\t<meta property=\"og:image:width\" content=\"600\" \/>\n\t<meta property=\"og:image:height\" content=\"408\" \/>\n\t<meta property=\"og:image:type\" content=\"image\/jpeg\" \/>\n<meta name=\"twitter:card\" content=\"summary_large_image\" \/>\n<meta name=\"twitter:label1\" content=\"Est. reading time\" \/>\n\t<meta name=\"twitter:data1\" content=\"2 minutes\" \/>\n<script type=\"application\/ld+json\" class=\"yoast-schema-graph\">{\"@context\":\"https:\\\/\\\/schema.org\",\"@graph\":[{\"@type\":\"WebPage\",\"@id\":\"https:\\\/\\\/cioelectro.com\\\/produkt\\\/cannondale-scalpel-ht-carbon-3-hardtail-mtb-shimano-textmarker-2021\\\/\",\"url\":\"https:\\\/\\\/cioelectro.com\\\/produkt\\\/cannondale-scalpel-ht-carbon-3-hardtail-mtb-shimano-textmarker-2021\\\/\",\"name\":\"CANNONDALE SCALPEL HT CARBON 3 HARDTAIL MTB\",\"isPartOf\":{\"@id\":\"https:\\\/\\\/cioelectro.com\\\/#website\"},\"primaryImageOfPage\":{\"@id\":\"https:\\\/\\\/cioelectro.com\\\/produkt\\\/cannondale-scalpel-ht-carbon-3-hardtail-mtb-shimano-textmarker-2021\\\/#primaryimage\"},\"image\":{\"@id\":\"https:\\\/\\\/cioelectro.com\\\/produkt\\\/cannondale-scalpel-ht-carbon-3-hardtail-mtb-shimano-textmarker-2021\\\/#primaryimage\"},\"thumbnailUrl\":\"https:\\\/\\\/cioelectro.com\\\/wp-content\\\/uploads\\\/2023\\\/06\\\/CANNONDALE-SCALPEL-HT-CARBON-3-HARDTAIL-MTB-SHIMANO-SLX-XT-12F-29-TEXTMARKER-2021.jpg\",\"datePublished\":\"2022-07-27T15:23:18+00:00\",\"dateModified\":\"2023-08-10T11:48:44+00:00\",\"description\":\"Entdecken Sie unseren Online-Fahrradladen: Gro\u00dfe Auswahl an Modellen f\u00fcr alle Radsportbegeisterten. Von Rennr\u00e4dern bis zu Mountainbikes - finden Sie heute Ihren perfekten Wegbegleiter!\",\"breadcrumb\":{\"@id\":\"https:\\\/\\\/cioelectro.com\\\/produkt\\\/cannondale-scalpel-ht-carbon-3-hardtail-mtb-shimano-textmarker-2021\\\/#breadcrumb\"},\"inLanguage\":\"en-US\",\"potentialAction\":[{\"@type\":\"ReadAction\",\"target\":[\"https:\\\/\\\/cioelectro.com\\\/produkt\\\/cannondale-scalpel-ht-carbon-3-hardtail-mtb-shimano-textmarker-2021\\\/\"]}]},{\"@type\":\"ImageObject\",\"inLanguage\":\"en-US\",\"@id\":\"https:\\\/\\\/cioelectro.com\\\/produkt\\\/cannondale-scalpel-ht-carbon-3-hardtail-mtb-shimano-textmarker-2021\\\/#primaryimage\",\"url\":\"https:\\\/\\\/cioelectro.com\\\/wp-content\\\/uploads\\\/2023\\\/06\\\/CANNONDALE-SCALPEL-HT-CARBON-3-HARDTAIL-MTB-SHIMANO-SLX-XT-12F-29-TEXTMARKER-2021.jpg\",\"contentUrl\":\"https:\\\/\\\/cioelectro.com\\\/wp-content\\\/uploads\\\/2023\\\/06\\\/CANNONDALE-SCALPEL-HT-CARBON-3-HARDTAIL-MTB-SHIMANO-SLX-XT-12F-29-TEXTMARKER-2021.jpg\",\"width\":600,\"height\":408,\"caption\":\"CANNONDALE SCALPEL HT CARBON 3 HARDTAIL MTB SHIMANO SLX XT 12F 29'' TEXTMARKER 2021\"},{\"@type\":\"BreadcrumbList\",\"@id\":\"https:\\\/\\\/cioelectro.com\\\/produkt\\\/cannondale-scalpel-ht-carbon-3-hardtail-mtb-shimano-textmarker-2021\\\/#breadcrumb\",\"itemListElement\":[{\"@type\":\"ListItem\",\"position\":1,\"name\":\"Startseite\",\"item\":\"https:\\\/\\\/cioelectro.com\\\/\"},{\"@type\":\"ListItem\",\"position\":2,\"name\":\"LADEN\",\"item\":\"https:\\\/\\\/cioelectro.com\\\/laden\\\/\"},{\"@type\":\"ListItem\",\"position\":3,\"name\":\"CANNONDALE SCALPEL HT CARBON 3 HARDTAIL MTB SHIMANO TEXTMARKER 2021\"}]},{\"@type\":\"WebSite\",\"@id\":\"https:\\\/\\\/cioelectro.com\\\/#website\",\"url\":\"https:\\\/\\\/cioelectro.com\\\/\",\"name\":\"cioelectro.com\",\"description\":\"Treten Sie mit uns ins Abenteuer!\",\"publisher\":{\"@id\":\"https:\\\/\\\/cioelectro.com\\\/#organization\"},\"alternateName\":\"MEIN RADLADEN\",\"potentialAction\":[{\"@type\":\"SearchAction\",\"target\":{\"@type\":\"EntryPoint\",\"urlTemplate\":\"https:\\\/\\\/cioelectro.com\\\/?s={search_term_string}\"},\"query-input\":{\"@type\":\"PropertyValueSpecification\",\"valueRequired\":true,\"valueName\":\"search_term_string\"}}],\"inLanguage\":\"en-US\"},{\"@type\":\"Organization\",\"@id\":\"https:\\\/\\\/cioelectro.com\\\/#organization\",\"name\":\"CIOELECTRO\",\"alternateName\":\"MEIN RADLADEN\",\"url\":\"https:\\\/\\\/cioelectro.com\\\/\",\"logo\":{\"@type\":\"ImageObject\",\"inLanguage\":\"en-US\",\"@id\":\"https:\\\/\\\/cioelectro.com\\\/#\\\/schema\\\/logo\\\/image\\\/\",\"url\":\"https:\\\/\\\/cioelectro.com\\\/wp-content\\\/uploads\\\/2025\\\/12\\\/Logo-2-1200x800.png\",\"contentUrl\":\"https:\\\/\\\/cioelectro.com\\\/wp-content\\\/uploads\\\/2025\\\/12\\\/Logo-2-1200x800.png\",\"width\":1200,\"height\":800,\"caption\":\"CIOELECTRO\"},\"image\":{\"@id\":\"https:\\\/\\\/cioelectro.com\\\/#\\\/schema\\\/logo\\\/image\\\/\"}}]}<\/script>\n<!-- \/ Yoast SEO Premium plugin. -->","yoast_head_json":{"title":"CANNONDALE SCALPEL HT CARBON 3 HARDTAIL MTB","description":"Entdecken Sie unseren Online-Fahrradladen: Gro\u00dfe Auswahl an Modellen f\u00fcr alle Radsportbegeisterten. Von Rennr\u00e4dern bis zu Mountainbikes - finden Sie heute Ihren perfekten Wegbegleiter!","robots":{"index":"index","follow":"follow","max-snippet":"max-snippet:-1","max-image-preview":"max-image-preview:large","max-video-preview":"max-video-preview:-1"},"canonical":"https:\/\/cioelectro.com\/en\/produkt\/cannondale-scalpel-ht-carbon-3-hardtail-mtb-shimano-textmarker-2021\/","og_locale":"en_US","og_type":"article","og_title":"CANNONDALE SCALPEL HT CARBON 3 HARDTAIL MTB SHIMANO TEXTMARKER 2021","og_description":"Entdecken Sie unseren Online-Fahrradladen: Gro\u00dfe Auswahl an Modellen f\u00fcr alle Radsportbegeisterten. Von Rennr\u00e4dern bis zu Mountainbikes - finden Sie heute Ihren perfekten Wegbegleiter!","og_url":"https:\/\/cioelectro.com\/en\/produkt\/cannondale-scalpel-ht-carbon-3-hardtail-mtb-shimano-textmarker-2021\/","og_site_name":"cioelectro.com","article_modified_time":"2023-08-10T11:48:44+00:00","og_image":[{"width":600,"height":408,"url":"https:\/\/cioelectro.com\/wp-content\/uploads\/2023\/06\/CANNONDALE-SCALPEL-HT-CARBON-3-HARDTAIL-MTB-SHIMANO-SLX-XT-12F-29-TEXTMARKER-2021.jpg","type":"image\/jpeg"}],"twitter_card":"summary_large_image","twitter_misc":{"Est. reading time":"2 minutes"},"schema":{"@context":"https:\/\/schema.org","@graph":[{"@type":"WebPage","@id":"https:\/\/cioelectro.com\/produkt\/cannondale-scalpel-ht-carbon-3-hardtail-mtb-shimano-textmarker-2021\/","url":"https:\/\/cioelectro.com\/produkt\/cannondale-scalpel-ht-carbon-3-hardtail-mtb-shimano-textmarker-2021\/","name":"CANNONDALE SCALPEL HT CARBON 3 HARDTAIL MTB","isPartOf":{"@id":"https:\/\/cioelectro.com\/#website"},"primaryImageOfPage":{"@id":"https:\/\/cioelectro.com\/produkt\/cannondale-scalpel-ht-carbon-3-hardtail-mtb-shimano-textmarker-2021\/#primaryimage"},"image":{"@id":"https:\/\/cioelectro.com\/produkt\/cannondale-scalpel-ht-carbon-3-hardtail-mtb-shimano-textmarker-2021\/#primaryimage"},"thumbnailUrl":"https:\/\/cioelectro.com\/wp-content\/uploads\/2023\/06\/CANNONDALE-SCALPEL-HT-CARBON-3-HARDTAIL-MTB-SHIMANO-SLX-XT-12F-29-TEXTMARKER-2021.jpg","datePublished":"2022-07-27T15:23:18+00:00","dateModified":"2023-08-10T11:48:44+00:00","description":"Entdecken Sie unseren Online-Fahrradladen: Gro\u00dfe Auswahl an Modellen f\u00fcr alle Radsportbegeisterten. Von Rennr\u00e4dern bis zu Mountainbikes - finden Sie heute Ihren perfekten Wegbegleiter!","breadcrumb":{"@id":"https:\/\/cioelectro.com\/produkt\/cannondale-scalpel-ht-carbon-3-hardtail-mtb-shimano-textmarker-2021\/#breadcrumb"},"inLanguage":"en-US","potentialAction":[{"@type":"ReadAction","target":["https:\/\/cioelectro.com\/produkt\/cannondale-scalpel-ht-carbon-3-hardtail-mtb-shimano-textmarker-2021\/"]}]},{"@type":"ImageObject","inLanguage":"en-US","@id":"https:\/\/cioelectro.com\/produkt\/cannondale-scalpel-ht-carbon-3-hardtail-mtb-shimano-textmarker-2021\/#primaryimage","url":"https:\/\/cioelectro.com\/wp-content\/uploads\/2023\/06\/CANNONDALE-SCALPEL-HT-CARBON-3-HARDTAIL-MTB-SHIMANO-SLX-XT-12F-29-TEXTMARKER-2021.jpg","contentUrl":"https:\/\/cioelectro.com\/wp-content\/uploads\/2023\/06\/CANNONDALE-SCALPEL-HT-CARBON-3-HARDTAIL-MTB-SHIMANO-SLX-XT-12F-29-TEXTMARKER-2021.jpg","width":600,"height":408,"caption":"CANNONDALE SCALPEL HT CARBON 3 HARDTAIL MTB SHIMANO SLX XT 12F 29'' TEXTMARKER 2021"},{"@type":"BreadcrumbList","@id":"https:\/\/cioelectro.com\/produkt\/cannondale-scalpel-ht-carbon-3-hardtail-mtb-shimano-textmarker-2021\/#breadcrumb","itemListElement":[{"@type":"ListItem","position":1,"name":"Startseite","item":"https:\/\/cioelectro.com\/"},{"@type":"ListItem","position":2,"name":"LADEN","item":"https:\/\/cioelectro.com\/laden\/"},{"@type":"ListItem","position":3,"name":"CANNONDALE SCALPEL HT CARBON 3 HARDTAIL MTB SHIMANO TEXTMARKER 2021"}]},{"@type":"WebSite","@id":"https:\/\/cioelectro.com\/#website","url":"https:\/\/cioelectro.com\/","name":"cioelectro.com","description":"Treten Sie mit uns ins Abenteuer!","publisher":{"@id":"https:\/\/cioelectro.com\/#organization"},"alternateName":"MEIN RADLADEN","potentialAction":[{"@type":"SearchAction","target":{"@type":"EntryPoint","urlTemplate":"https:\/\/cioelectro.com\/?s={search_term_string}"},"query-input":{"@type":"PropertyValueSpecification","valueRequired":true,"valueName":"search_term_string"}}],"inLanguage":"en-US"},{"@type":"Organization","@id":"https:\/\/cioelectro.com\/#organization","name":"CIOELECTRO","alternateName":"MEIN RADLADEN","url":"https:\/\/cioelectro.com\/","logo":{"@type":"ImageObject","inLanguage":"en-US","@id":"https:\/\/cioelectro.com\/#\/schema\/logo\/image\/","url":"https:\/\/cioelectro.com\/wp-content\/uploads\/2025\/12\/Logo-2-1200x800.png","contentUrl":"https:\/\/cioelectro.com\/wp-content\/uploads\/2025\/12\/Logo-2-1200x800.png","width":1200,"height":800,"caption":"CIOELECTRO"},"image":{"@id":"https:\/\/cioelectro.com\/#\/schema\/logo\/image\/"}}]}},"_links":{"self":[{"href":"https:\/\/cioelectro.com\/en\/wp-json\/wp\/v2\/product\/11401","targetHints":{"allow":["GET"]}}],"collection":[{"href":"https:\/\/cioelectro.com\/en\/wp-json\/wp\/v2\/product"}],"about":[{"href":"https:\/\/cioelectro.com\/en\/wp-json\/wp\/v2\/types\/product"}],"replies":[{"embeddable":true,"href":"https:\/\/cioelectro.com\/en\/wp-json\/wp\/v2\/comments?post=11401"}],"version-history":[{"count":0,"href":"https:\/\/cioelectro.com\/en\/wp-json\/wp\/v2\/product\/11401\/revisions"}],"wp:featuredmedia":[{"embeddable":true,"href":"https:\/\/cioelectro.com\/en\/wp-json\/wp\/v2\/media\/60526"}],"wp:attachment":[{"href":"https:\/\/cioelectro.com\/en\/wp-json\/wp\/v2\/media?parent=11401"}],"wp:term":[{"taxonomy":"product_brand","embeddable":true,"href":"https:\/\/cioelectro.com\/en\/wp-json\/wp\/v2\/product_brand?post=11401"},{"taxonomy":"product_cat","embeddable":true,"href":"https:\/\/cioelectro.com\/en\/wp-json\/wp\/v2\/product_cat?post=11401"},{"taxonomy":"product_tag","embeddable":true,"href":"https:\/\/cioelectro.com\/en\/wp-json\/wp\/v2\/product_tag?post=11401"}],"curies":[{"name":"wp","href":"https:\/\/api.w.org\/{rel}","templated":true}]}}