{"id":11414,"date":"2022-07-27T17:39:10","date_gmt":"2022-07-27T15:39:10","guid":{"rendered":"https:\/\/meinradladen.com\/?post_type=product&#038;p=11414"},"modified":"2023-08-21T10:43:40","modified_gmt":"2023-08-21T08:43:40","slug":"mondraker-superfoxy-full-suspension-mtb-sram-schwarz-rot-2022","status":"publish","type":"product","link":"https:\/\/cioelectro.com\/en\/produkt\/mondraker-superfoxy-full-suspension-mtb-sram-schwarz-rot-2022\/","title":{"rendered":"MONDRAKER SUPERFOXY FULL SUSPENSION MTB SRAM SCHWARZ ROT 2022"},"content":{"rendered":"<div id=\"product-header-order-name\" class=\"col-lg-20 col-md-20 col-sm-20 col-xs-20\">\n<h2 class=\"heading-title-text\">MONDRAKER SUPERFOXY FULL SUSPENSION MTB SRAM SX EAGLE 12S 29&#8221; SCHWARZ ROT 2022<\/h2>\n<\/div>\n<div id=\"product-header-order-form\" class=\"js-reload-on-event col-lg-20 col-md-20 col-sm-20 col-xs-20\" data-to-watch=\"body\" data-event=\"alltricks:cartChanged\" data-url=\"\/ajax\/product\/ajouter\/F-11947-velos-complets-vtt\/P-2248021-mondraker_superfoxy_full_suspension_mtb_sram_sx_eagle_12s_29___schwarz_rot_2022\">\n<div class=\"col col-sm-12 col-md-12 col-lg-12\">\n<p>Der &#8220;Kleine&#8221; der\u00a0<strong>Mondraker<\/strong>\u00a0<strong>Superfoxy<\/strong>\u00a0Familie steht seinen Geschwistern in nichts nach. Sein ultra-resistenter STEALTH ALLOY-Aluminiumrahmen, das ZERO-Federsystem und die FORWARD GEOMETRY machen dich garantiert zum besten Fahrer, der du sein kannst. Der Federweg von 170 mm vorne und 160 mm hinten gibt dir das Selbstvertrauen, die krassesten Trails zu bezwingen, die du auf deinen Fahrten finden kannst. Dar\u00fcber hinaus stellt das 2022 den neuen Fox Float X-D\u00e4mpfer vor, der mit seiner individuellen Abstimmung in jeder Situation das Beste aus deinem Bike herausholt. Seien Sie versichert, dass das Superfoxy als &#8220;Kleines&#8221; in der Familie nicht bedeutet, dass es nicht genauso leistungsf\u00e4hig ist wie das Spitzenmodell aus Carbon.<\/p>\n<\/div>\n<div class=\"prodsheet_bullets col col-sm-8 col-md-8 col-lg-8\">\n<h4>HAUPTMERKMALE:<\/h4>\n<ul>\n<li>stealth Evo-Rahmen aus 6061er-Legierung, 160 mm Federweg.<\/li>\n<li>Sram SX Eagle 1&#215;12-Gang-Antriebssystem.<\/li>\n<li>Sram G2 R hydraulische Scheibenbremsen, 200\/200 mm.<\/li>\n<\/ul>\n<\/div>\n<div class=\"prodsheet_specs1 col col-sm-12 col-md-12 col-lg-12\">\n<h4>EIGENSCHAFTEN:<\/h4>\n<table class=\"table table-striped\">\n<tbody>\n<tr>\n<td>Rahmen<\/td>\n<td>Aluminium: SuperFoxy 29 6061 Alloy Stealth Evo, hydrogeformte Rohre, Zero Suspension System, 160 mm Federweg, Forward Geometry, einteiliger Monoblock-Oberlenker, SuperBoost 12&#215;157 mm Hinterachse, konisches Steuerrohr, 73 mm BSA-Tretlager, spezielles 1x-Antriebssystem, interne F\u00fchrung der Teleskopsattelst\u00fctze, gedichtete Lager mit maximaler Kapazit\u00e4t, ISCG 05, Mondraker M068 Schaltauge<\/td>\n<\/tr>\n<tr>\n<td>Gabel<\/td>\n<td>RockShox Zeb RC 29, 170 mm Federweg, Charger, DebonAir, konischer Gabelschaft, Boost 15&#215;110 mm Achse, 38 mm Aluminium-Standrohre, Offset 44 mm. Einstellungen: Low-Speed-Druckstufe bis Blockierung, Zugstufe, Luftvorspannung<\/td>\n<\/tr>\n<tr>\n<td>Hinterradd\u00e4mpfer<\/td>\n<td>Fox Float-X LV Performance, 205&#215;65 mm. Obere Zapfenbefestigung, untere Buchsen 22,2&#215;10 mm. Einstellungen: Druckstufe mit 2 Positionen, Zugstufe mit niedriger Geschwindigkeit, Luftvorspannung<\/td>\n<\/tr>\n<tr>\n<td>Schalthebel<\/td>\n<td>Sram Trigger SX Eagle, X-Actuation 1:1, 1&#215;12-fach<\/td>\n<\/tr>\n<tr>\n<td>Schaltwerk<\/td>\n<td>Sram SX Eagle, Typ 3 Rollenlagerkupplung, K\u00e4figschloss, X-Actuation 1:1, 12-fach<\/td>\n<\/tr>\n<tr>\n<td>Kassette<\/td>\n<td>Sram PG-1210, 11-50 Z\u00e4hne<\/td>\n<\/tr>\n<tr>\n<td>Kette<\/td>\n<td>Sram SX Eagle, Powerlock<\/td>\n<\/tr>\n<tr>\n<td>Kurbelgarnitur<\/td>\n<td>Truvativ Descendant 7K Eagle, SuperBoost, DUB-Achse, Direct Mount Kettenblatt, 32T, CNC-gefr\u00e4ste Legierung, X-SYNC 2, 170 mm (S, M), 175 mm (L, XL)<\/td>\n<\/tr>\n<tr>\n<td>\n<h4>Tretlager<\/h4>\n<\/td>\n<td>Sram DUB BSA, gedichtete Lager, 73 mm<\/td>\n<\/tr>\n<tr>\n<td>Bremsen<\/td>\n<td>Sram G2 R, Hydr. Scheibenbremse, 200\/200 mm Centerline Rotoren<\/td>\n<\/tr>\n<tr>\n<td>Laufradsatz<\/td>\n<td>Mavic Custom Deemax 29, 28 mm Innenbreite, Maxtal geschwei\u00dfte Felge, Tubeless ready, 28 Speichen<\/td>\n<\/tr>\n<tr>\n<td>Naben<\/td>\n<td>Vorne: Mavic, Boost 15&#215;110 mm, IS 6 Bolzen \/ Hinten: Mavic, SuperBoost 12&#215;157 mm, ID360 Ratched System, IS 6 Bolzen<\/td>\n<\/tr>\n<tr>\n<td>\n<h4>Bereifung<\/h4>\n<\/td>\n<td>Vorne: Maxxis Assegai, Tubeless ready, 3C MAXX GRIP Mischung, DH Karkasse, 60&#215;2 TPI, Faltwulst, 29&#215;2.5&#8243; WT \/ Hinten: Maxxis Dissector, Tubeless Ready, 3C MAXX GRIP Mischung, DH Karkasse, 60&#215;2 TPI, Faltwulst, 29&#215;2.4&#8243; WT<\/td>\n<\/tr>\n<tr>\n<td>Lenker<\/td>\n<td>Onoff Sulfur 1.0, doppelt konifizierte 6061-Legierung, Rise: 20 mm, Breite: 800 mm, 9\u00ba Backsweep, 5\u00ba Upsweep, 31,8 mm Barbore<\/td>\n<\/tr>\n<tr>\n<td>Griffe<\/td>\n<td>Onoff Twin, 1-Lock-on, 135 mm<\/td>\n<\/tr>\n<tr>\n<td>Vorbau<\/td>\n<td>Onoff Sulfur FG 30 mm 0\u00ba, 6061er Schmiedelegierung, 31,8 mm Lenkerdurchmesser<\/td>\n<\/tr>\n<tr>\n<td>Steuersatz<\/td>\n<td>Onoff Saturn konisch f\u00fcr 1-1\/8&#8243; bis 1-1\/2&#8243; Steuerrohr, ACB gedichtete Lager, 41&#215;30,2x7x45\u00bax45\u00ba (Oben), 51,9x40x8x45\u00bax45\u00ba (Unten)<\/td>\n<\/tr>\n<tr>\n<td>Sattel<\/td>\n<td>SDG BEL-AIR 3.0, LPU-Schaum, Stahlschienen<\/td>\n<\/tr>\n<tr>\n<td>Sattelst\u00fctze<\/td>\n<td>Onoff Pija Dropper intern, Durchmesser 31,6 mm, 337&#215;100 mm (S), 387&#215;125 mm (M), 425&#215;150 mm (L), 465&#215;170 mm (XL)<\/td>\n<\/tr>\n<tr>\n<td>Gewicht<\/td>\n<td>16.3 kg<\/td>\n<\/tr>\n<\/tbody>\n<\/table>\n<\/div>\n<div class=\"prodsheet_specs2 col col-sm-8 col-md-8 col-lg-8\">\n<h4>GEOMETRIEN:<\/h4>\n<p><img decoding=\"async\" src=\"http:\/\/media1.alltricks.fr\/ckfinder\/images\/cube_Full-Suspension_geo_en.jpg\" \/><\/p>\n<table class=\"table table-striped\">\n<tbody>\n<tr>\n<td>Rahmen Gr\u00f6\u00dfe<\/td>\n<td>S<\/td>\n<td>M<\/td>\n<td>L<\/td>\n<td>XL<\/td>\n<\/tr>\n<tr>\n<td>Radgr\u00f6\u00dfe (Zoll)<\/td>\n<td>29<\/td>\n<td>29<\/td>\n<td>29<\/td>\n<td>29<\/td>\n<\/tr>\n<tr>\n<td>Sitzrohr (mm)<\/td>\n<td>380<\/td>\n<td>420<\/td>\n<td>470<\/td>\n<td>510<\/td>\n<\/tr>\n<tr>\n<td>Oberrohr (mm)<\/td>\n<td>605<\/td>\n<td>625<\/td>\n<td>650<\/td>\n<td>670<\/td>\n<\/tr>\n<tr>\n<td>Kettenstreben (mm)<\/td>\n<td>445<\/td>\n<td>445<\/td>\n<td>445<\/td>\n<td>445<\/td>\n<\/tr>\n<tr>\n<td>L\u00e4nge Steuerrohr (mm)<\/td>\n<td>100<\/td>\n<td>110<\/td>\n<td>130<\/td>\n<td>130<\/td>\n<\/tr>\n<tr>\n<td>Winkel des Steuerrohrs (\u00b0)<\/td>\n<td>65<\/td>\n<td>65<\/td>\n<td>65<\/td>\n<td>65<\/td>\n<\/tr>\n<tr>\n<td>Sitzrohr-Winkel (\u00b0)<\/td>\n<td>71<\/td>\n<td>71<\/td>\n<td>71<\/td>\n<td>71<\/td>\n<\/tr>\n<tr>\n<td>Radstand (mm)<\/td>\n<td>1224<\/td>\n<td>1245<\/td>\n<td>1273<\/td>\n<td>1293<\/td>\n<\/tr>\n<tr>\n<td>Stapel (mm)<\/td>\n<td>621<\/td>\n<td>621<\/td>\n<td>639<\/td>\n<td>639<\/td>\n<\/tr>\n<tr>\n<td>Reichweite (mm)<\/td>\n<td>450<\/td>\n<td>470<\/td>\n<td>490<\/td>\n<td>510<\/td>\n<\/tr>\n<\/tbody>\n<\/table>\n<\/div>\n<\/div>","protected":false},"excerpt":{"rendered":"<table class=\"table table-striped\">\n<tbody>\n<tr>\n<td class=\"spec-name\">Geschlecht<\/td>\n<td class=\"spec-value\">Herren<\/td>\n<\/tr>\n<tr>\n<td class=\"spec-name\">Gruppe<\/td>\n<td class=\"spec-value\">Sram SX Eagle 12S<\/td>\n<\/tr>\n<tr>\n<td class=\"spec-name\">collection<\/td>\n<td class=\"spec-value\">2022<\/td>\n<\/tr>\n<tr>\n<td class=\"spec-name\">decimal weight<\/td>\n<td class=\"spec-value\">16.30<\/td>\n<\/tr>\n<\/tbody>\n<\/table>","protected":false},"featured_media":60533,"comment_status":"open","ping_status":"closed","template":"","meta":{"_rtcl_gb_attr":""},"product_brand":[],"product_cat":[783],"product_tag":[],"class_list":{"0":"post-11414","1":"product","2":"type-product","3":"status-publish","4":"has-post-thumbnail","6":"product_cat-accessories","7":"pa_marke-mondraker","9":"first","10":"instock","11":"taxable","12":"shipping-taxable","13":"purchasable","14":"product-type-variable"},"yoast_head":"<!-- This site is optimized with the Yoast SEO Premium plugin v20.12 (Yoast SEO v27.4) - https:\/\/yoast.com\/product\/yoast-seo-premium-wordpress\/ -->\n<title>MONDRAKER SUPERFOXY FULL SUSPENSION MTB ROT 2022<\/title>\n<meta name=\"description\" content=\"Entdecken Sie unseren Online-Fahrradladen: Gro\u00dfe Auswahl an Modellen f\u00fcr alle Radsportbegeisterten. Von Rennr\u00e4dern bis zu Mountainbikes - finden Sie heute Ihren perfekten Wegbegleiter!\" \/>\n<meta name=\"robots\" content=\"index, follow, max-snippet:-1, max-image-preview:large, max-video-preview:-1\" \/>\n<link rel=\"canonical\" href=\"https:\/\/cioelectro.com\/en\/produkt\/mondraker-superfoxy-full-suspension-mtb-sram-schwarz-rot-2022\/\" \/>\n<meta property=\"og:locale\" content=\"en_US\" \/>\n<meta property=\"og:type\" content=\"article\" \/>\n<meta property=\"og:title\" content=\"MONDRAKER SUPERFOXY FULL SUSPENSION MTB SRAM SCHWARZ ROT 2022\" \/>\n<meta property=\"og:description\" content=\"Entdecken Sie unseren Online-Fahrradladen: Gro\u00dfe Auswahl an Modellen f\u00fcr alle Radsportbegeisterten. Von Rennr\u00e4dern bis zu Mountainbikes - finden Sie heute Ihren perfekten Wegbegleiter!\" \/>\n<meta property=\"og:url\" content=\"https:\/\/cioelectro.com\/en\/produkt\/mondraker-superfoxy-full-suspension-mtb-sram-schwarz-rot-2022\/\" \/>\n<meta property=\"og:site_name\" content=\"cioelectro.com\" \/>\n<meta property=\"article:modified_time\" content=\"2023-08-21T08:43:40+00:00\" \/>\n<meta property=\"og:image\" content=\"https:\/\/cioelectro.com\/wp-content\/uploads\/2023\/06\/MONDRAKER-SUPERFOXY-FULL-SUSPENSION-MTB-SRAM-SX-EAGLE-12S-29-SCHWARZ-ROT-2022.jpg\" \/>\n\t<meta property=\"og:image:width\" content=\"600\" \/>\n\t<meta property=\"og:image:height\" content=\"408\" \/>\n\t<meta property=\"og:image:type\" content=\"image\/jpeg\" \/>\n<meta name=\"twitter:card\" content=\"summary_large_image\" \/>\n<meta name=\"twitter:label1\" content=\"Est. reading time\" \/>\n\t<meta name=\"twitter:data1\" content=\"4 minutes\" \/>\n<script type=\"application\/ld+json\" class=\"yoast-schema-graph\">{\"@context\":\"https:\\\/\\\/schema.org\",\"@graph\":[{\"@type\":\"WebPage\",\"@id\":\"https:\\\/\\\/cioelectro.com\\\/produkt\\\/mondraker-superfoxy-full-suspension-mtb-sram-schwarz-rot-2022\\\/\",\"url\":\"https:\\\/\\\/cioelectro.com\\\/produkt\\\/mondraker-superfoxy-full-suspension-mtb-sram-schwarz-rot-2022\\\/\",\"name\":\"MONDRAKER SUPERFOXY FULL SUSPENSION MTB ROT 2022\",\"isPartOf\":{\"@id\":\"https:\\\/\\\/cioelectro.com\\\/#website\"},\"primaryImageOfPage\":{\"@id\":\"https:\\\/\\\/cioelectro.com\\\/produkt\\\/mondraker-superfoxy-full-suspension-mtb-sram-schwarz-rot-2022\\\/#primaryimage\"},\"image\":{\"@id\":\"https:\\\/\\\/cioelectro.com\\\/produkt\\\/mondraker-superfoxy-full-suspension-mtb-sram-schwarz-rot-2022\\\/#primaryimage\"},\"thumbnailUrl\":\"https:\\\/\\\/cioelectro.com\\\/wp-content\\\/uploads\\\/2023\\\/06\\\/MONDRAKER-SUPERFOXY-FULL-SUSPENSION-MTB-SRAM-SX-EAGLE-12S-29-SCHWARZ-ROT-2022.jpg\",\"datePublished\":\"2022-07-27T15:39:10+00:00\",\"dateModified\":\"2023-08-21T08:43:40+00:00\",\"description\":\"Entdecken Sie unseren Online-Fahrradladen: Gro\u00dfe Auswahl an Modellen f\u00fcr alle Radsportbegeisterten. Von Rennr\u00e4dern bis zu Mountainbikes - finden Sie heute Ihren perfekten Wegbegleiter!\",\"breadcrumb\":{\"@id\":\"https:\\\/\\\/cioelectro.com\\\/produkt\\\/mondraker-superfoxy-full-suspension-mtb-sram-schwarz-rot-2022\\\/#breadcrumb\"},\"inLanguage\":\"en-US\",\"potentialAction\":[{\"@type\":\"ReadAction\",\"target\":[\"https:\\\/\\\/cioelectro.com\\\/produkt\\\/mondraker-superfoxy-full-suspension-mtb-sram-schwarz-rot-2022\\\/\"]}]},{\"@type\":\"ImageObject\",\"inLanguage\":\"en-US\",\"@id\":\"https:\\\/\\\/cioelectro.com\\\/produkt\\\/mondraker-superfoxy-full-suspension-mtb-sram-schwarz-rot-2022\\\/#primaryimage\",\"url\":\"https:\\\/\\\/cioelectro.com\\\/wp-content\\\/uploads\\\/2023\\\/06\\\/MONDRAKER-SUPERFOXY-FULL-SUSPENSION-MTB-SRAM-SX-EAGLE-12S-29-SCHWARZ-ROT-2022.jpg\",\"contentUrl\":\"https:\\\/\\\/cioelectro.com\\\/wp-content\\\/uploads\\\/2023\\\/06\\\/MONDRAKER-SUPERFOXY-FULL-SUSPENSION-MTB-SRAM-SX-EAGLE-12S-29-SCHWARZ-ROT-2022.jpg\",\"width\":600,\"height\":408,\"caption\":\"MONDRAKER SUPERFOXY FULL SUSPENSION MTB SRAM SX EAGLE 12S 29'' SCHWARZ ROT 2022\"},{\"@type\":\"BreadcrumbList\",\"@id\":\"https:\\\/\\\/cioelectro.com\\\/produkt\\\/mondraker-superfoxy-full-suspension-mtb-sram-schwarz-rot-2022\\\/#breadcrumb\",\"itemListElement\":[{\"@type\":\"ListItem\",\"position\":1,\"name\":\"Startseite\",\"item\":\"https:\\\/\\\/cioelectro.com\\\/\"},{\"@type\":\"ListItem\",\"position\":2,\"name\":\"LADEN\",\"item\":\"https:\\\/\\\/cioelectro.com\\\/laden\\\/\"},{\"@type\":\"ListItem\",\"position\":3,\"name\":\"MONDRAKER SUPERFOXY FULL SUSPENSION MTB SRAM SCHWARZ ROT 2022\"}]},{\"@type\":\"WebSite\",\"@id\":\"https:\\\/\\\/cioelectro.com\\\/#website\",\"url\":\"https:\\\/\\\/cioelectro.com\\\/\",\"name\":\"cioelectro.com\",\"description\":\"Treten Sie mit uns ins Abenteuer!\",\"publisher\":{\"@id\":\"https:\\\/\\\/cioelectro.com\\\/#organization\"},\"alternateName\":\"MEIN RADLADEN\",\"potentialAction\":[{\"@type\":\"SearchAction\",\"target\":{\"@type\":\"EntryPoint\",\"urlTemplate\":\"https:\\\/\\\/cioelectro.com\\\/?s={search_term_string}\"},\"query-input\":{\"@type\":\"PropertyValueSpecification\",\"valueRequired\":true,\"valueName\":\"search_term_string\"}}],\"inLanguage\":\"en-US\"},{\"@type\":\"Organization\",\"@id\":\"https:\\\/\\\/cioelectro.com\\\/#organization\",\"name\":\"CIOELECTRO\",\"alternateName\":\"MEIN RADLADEN\",\"url\":\"https:\\\/\\\/cioelectro.com\\\/\",\"logo\":{\"@type\":\"ImageObject\",\"inLanguage\":\"en-US\",\"@id\":\"https:\\\/\\\/cioelectro.com\\\/#\\\/schema\\\/logo\\\/image\\\/\",\"url\":\"https:\\\/\\\/cioelectro.com\\\/wp-content\\\/uploads\\\/2025\\\/12\\\/Logo-2-1200x800.png\",\"contentUrl\":\"https:\\\/\\\/cioelectro.com\\\/wp-content\\\/uploads\\\/2025\\\/12\\\/Logo-2-1200x800.png\",\"width\":1200,\"height\":800,\"caption\":\"CIOELECTRO\"},\"image\":{\"@id\":\"https:\\\/\\\/cioelectro.com\\\/#\\\/schema\\\/logo\\\/image\\\/\"}}]}<\/script>\n<!-- \/ Yoast SEO Premium plugin. -->","yoast_head_json":{"title":"MONDRAKER SUPERFOXY FULL SUSPENSION MTB ROT 2022","description":"Entdecken Sie unseren Online-Fahrradladen: Gro\u00dfe Auswahl an Modellen f\u00fcr alle Radsportbegeisterten. Von Rennr\u00e4dern bis zu Mountainbikes - finden Sie heute Ihren perfekten Wegbegleiter!","robots":{"index":"index","follow":"follow","max-snippet":"max-snippet:-1","max-image-preview":"max-image-preview:large","max-video-preview":"max-video-preview:-1"},"canonical":"https:\/\/cioelectro.com\/en\/produkt\/mondraker-superfoxy-full-suspension-mtb-sram-schwarz-rot-2022\/","og_locale":"en_US","og_type":"article","og_title":"MONDRAKER SUPERFOXY FULL SUSPENSION MTB SRAM SCHWARZ ROT 2022","og_description":"Entdecken Sie unseren Online-Fahrradladen: Gro\u00dfe Auswahl an Modellen f\u00fcr alle Radsportbegeisterten. Von Rennr\u00e4dern bis zu Mountainbikes - finden Sie heute Ihren perfekten Wegbegleiter!","og_url":"https:\/\/cioelectro.com\/en\/produkt\/mondraker-superfoxy-full-suspension-mtb-sram-schwarz-rot-2022\/","og_site_name":"cioelectro.com","article_modified_time":"2023-08-21T08:43:40+00:00","og_image":[{"width":600,"height":408,"url":"https:\/\/cioelectro.com\/wp-content\/uploads\/2023\/06\/MONDRAKER-SUPERFOXY-FULL-SUSPENSION-MTB-SRAM-SX-EAGLE-12S-29-SCHWARZ-ROT-2022.jpg","type":"image\/jpeg"}],"twitter_card":"summary_large_image","twitter_misc":{"Est. reading time":"4 minutes"},"schema":{"@context":"https:\/\/schema.org","@graph":[{"@type":"WebPage","@id":"https:\/\/cioelectro.com\/produkt\/mondraker-superfoxy-full-suspension-mtb-sram-schwarz-rot-2022\/","url":"https:\/\/cioelectro.com\/produkt\/mondraker-superfoxy-full-suspension-mtb-sram-schwarz-rot-2022\/","name":"MONDRAKER SUPERFOXY FULL SUSPENSION MTB ROT 2022","isPartOf":{"@id":"https:\/\/cioelectro.com\/#website"},"primaryImageOfPage":{"@id":"https:\/\/cioelectro.com\/produkt\/mondraker-superfoxy-full-suspension-mtb-sram-schwarz-rot-2022\/#primaryimage"},"image":{"@id":"https:\/\/cioelectro.com\/produkt\/mondraker-superfoxy-full-suspension-mtb-sram-schwarz-rot-2022\/#primaryimage"},"thumbnailUrl":"https:\/\/cioelectro.com\/wp-content\/uploads\/2023\/06\/MONDRAKER-SUPERFOXY-FULL-SUSPENSION-MTB-SRAM-SX-EAGLE-12S-29-SCHWARZ-ROT-2022.jpg","datePublished":"2022-07-27T15:39:10+00:00","dateModified":"2023-08-21T08:43:40+00:00","description":"Entdecken Sie unseren Online-Fahrradladen: Gro\u00dfe Auswahl an Modellen f\u00fcr alle Radsportbegeisterten. Von Rennr\u00e4dern bis zu Mountainbikes - finden Sie heute Ihren perfekten Wegbegleiter!","breadcrumb":{"@id":"https:\/\/cioelectro.com\/produkt\/mondraker-superfoxy-full-suspension-mtb-sram-schwarz-rot-2022\/#breadcrumb"},"inLanguage":"en-US","potentialAction":[{"@type":"ReadAction","target":["https:\/\/cioelectro.com\/produkt\/mondraker-superfoxy-full-suspension-mtb-sram-schwarz-rot-2022\/"]}]},{"@type":"ImageObject","inLanguage":"en-US","@id":"https:\/\/cioelectro.com\/produkt\/mondraker-superfoxy-full-suspension-mtb-sram-schwarz-rot-2022\/#primaryimage","url":"https:\/\/cioelectro.com\/wp-content\/uploads\/2023\/06\/MONDRAKER-SUPERFOXY-FULL-SUSPENSION-MTB-SRAM-SX-EAGLE-12S-29-SCHWARZ-ROT-2022.jpg","contentUrl":"https:\/\/cioelectro.com\/wp-content\/uploads\/2023\/06\/MONDRAKER-SUPERFOXY-FULL-SUSPENSION-MTB-SRAM-SX-EAGLE-12S-29-SCHWARZ-ROT-2022.jpg","width":600,"height":408,"caption":"MONDRAKER SUPERFOXY FULL SUSPENSION MTB SRAM SX EAGLE 12S 29'' SCHWARZ ROT 2022"},{"@type":"BreadcrumbList","@id":"https:\/\/cioelectro.com\/produkt\/mondraker-superfoxy-full-suspension-mtb-sram-schwarz-rot-2022\/#breadcrumb","itemListElement":[{"@type":"ListItem","position":1,"name":"Startseite","item":"https:\/\/cioelectro.com\/"},{"@type":"ListItem","position":2,"name":"LADEN","item":"https:\/\/cioelectro.com\/laden\/"},{"@type":"ListItem","position":3,"name":"MONDRAKER SUPERFOXY FULL SUSPENSION MTB SRAM SCHWARZ ROT 2022"}]},{"@type":"WebSite","@id":"https:\/\/cioelectro.com\/#website","url":"https:\/\/cioelectro.com\/","name":"cioelectro.com","description":"Treten Sie mit uns ins Abenteuer!","publisher":{"@id":"https:\/\/cioelectro.com\/#organization"},"alternateName":"MEIN RADLADEN","potentialAction":[{"@type":"SearchAction","target":{"@type":"EntryPoint","urlTemplate":"https:\/\/cioelectro.com\/?s={search_term_string}"},"query-input":{"@type":"PropertyValueSpecification","valueRequired":true,"valueName":"search_term_string"}}],"inLanguage":"en-US"},{"@type":"Organization","@id":"https:\/\/cioelectro.com\/#organization","name":"CIOELECTRO","alternateName":"MEIN RADLADEN","url":"https:\/\/cioelectro.com\/","logo":{"@type":"ImageObject","inLanguage":"en-US","@id":"https:\/\/cioelectro.com\/#\/schema\/logo\/image\/","url":"https:\/\/cioelectro.com\/wp-content\/uploads\/2025\/12\/Logo-2-1200x800.png","contentUrl":"https:\/\/cioelectro.com\/wp-content\/uploads\/2025\/12\/Logo-2-1200x800.png","width":1200,"height":800,"caption":"CIOELECTRO"},"image":{"@id":"https:\/\/cioelectro.com\/#\/schema\/logo\/image\/"}}]}},"_links":{"self":[{"href":"https:\/\/cioelectro.com\/en\/wp-json\/wp\/v2\/product\/11414","targetHints":{"allow":["GET"]}}],"collection":[{"href":"https:\/\/cioelectro.com\/en\/wp-json\/wp\/v2\/product"}],"about":[{"href":"https:\/\/cioelectro.com\/en\/wp-json\/wp\/v2\/types\/product"}],"replies":[{"embeddable":true,"href":"https:\/\/cioelectro.com\/en\/wp-json\/wp\/v2\/comments?post=11414"}],"version-history":[{"count":0,"href":"https:\/\/cioelectro.com\/en\/wp-json\/wp\/v2\/product\/11414\/revisions"}],"wp:featuredmedia":[{"embeddable":true,"href":"https:\/\/cioelectro.com\/en\/wp-json\/wp\/v2\/media\/60533"}],"wp:attachment":[{"href":"https:\/\/cioelectro.com\/en\/wp-json\/wp\/v2\/media?parent=11414"}],"wp:term":[{"taxonomy":"product_brand","embeddable":true,"href":"https:\/\/cioelectro.com\/en\/wp-json\/wp\/v2\/product_brand?post=11414"},{"taxonomy":"product_cat","embeddable":true,"href":"https:\/\/cioelectro.com\/en\/wp-json\/wp\/v2\/product_cat?post=11414"},{"taxonomy":"product_tag","embeddable":true,"href":"https:\/\/cioelectro.com\/en\/wp-json\/wp\/v2\/product_tag?post=11414"}],"curies":[{"name":"wp","href":"https:\/\/api.w.org\/{rel}","templated":true}]}}