{"id":11422,"date":"2022-07-27T17:52:35","date_gmt":"2022-07-27T15:52:35","guid":{"rendered":"https:\/\/meinradladen.com\/?post_type=product&#038;p=11422"},"modified":"2023-08-10T13:35:22","modified_gmt":"2023-08-10T11:35:22","slug":"mountainbike-semi-rigid-sunn-prim-finest-sram-gx-schwarz-2022","status":"publish","type":"product","link":"https:\/\/cioelectro.com\/en\/produkt\/mountainbike-semi-rigid-sunn-prim-finest-sram-gx-schwarz-2022\/","title":{"rendered":"MOUNTAINBIKE SEMI-RIGID SUNN PRIM FINEST SRAM GX SCHWARZ 2022"},"content":{"rendered":"<div id=\"product-header-order-name\" class=\"col-lg-20 col-md-20 col-sm-20 col-xs-20\">\n<h2 class=\"heading-title-text\">MOUNTAINBIKE SEMI-RIGID SUNN PRIM FINEST SRAM GX EAGLE 12V 29&#8221; SCHWARZ 2022<\/h2>\n<\/div>\n<div id=\"product-header-order-form\" class=\"js-reload-on-event col-lg-20 col-md-20 col-sm-20 col-xs-20\" data-to-watch=\"body\" data-event=\"alltricks:cartChanged\" data-url=\"\/ajax\/product\/ajouter\/F-11947-velos-complets-vtt\/P-2052293-mountainbike_semi_rigid_sunn_prim_finest_sram_gx_eagle_12v_29___schwarz_2022\">\n<div class=\"col col-sm-12 col-md-12 col-lg-12\">\n<p>Das\u00a0<strong>Prim Finest<\/strong>\u00a0ist ein halbsteifes Carbon-Mountainbike, das sich in XCO UCI-Wettbewerben bew\u00e4hrt hat. Bei den U23-Europa- und -Frankreichmeisterschaften erreichte es mit Joshua Dubeau den ersten Platz auf dem Podium. Es ist gleichzeitig steif, explosiv und effizient. Singletrails und moderne Cross-Country-Strecken sind seine bevorzugten Spielpl\u00e4tze. Mit seinem 12-Gang-Einfachkettenradantrieb werden Kombinationen, steile Anstiege und technische Abfahrten zum Vergn\u00fcgen.<\/p>\n<p>Die umgekehrte Y-Form am Tretlager erh\u00f6ht die Steifigkeit des Rahmens, indem sie die Kr\u00e4fte optimal verteilt. Der lange Reach und die Verlagerung der St\u00fctzpunkte nach vorne verhindern ein Aufb\u00e4umen bei Anstiegen und erleichtern das \u00dcberwinden von Stufen. Die ultrakurzen Kettenstreben (420 mm) sorgen f\u00fcr eine sofortige Reaktionsf\u00e4higkeit beim Treten.<\/p>\n<\/div>\n<div class=\"prodsheet_bullets col col-sm-8 col-md-8 col-lg-8\">\n<h4>DIE PRODUKTVORTEILE :<\/h4>\n<ul>\n<li>Prim 29 Carbon-Rahmen mit Rockshox Sid SL Select-Gabel.<\/li>\n<li>Sram GX Eagle 1&#215;12-Gang Schaltung.<\/li>\n<li>Hydraulische Scheibenbremsen Formula Cura 2, 180\/160 mm.<\/li>\n<\/ul>\n<\/div>\n<div class=\"prodsheet_specs1 col col-sm-12 col-md-12 col-lg-12\">\n<h4>DETAILS:<\/h4>\n<table class=\"table table-striped\">\n<tbody>\n<tr>\n<td>Rahmen<\/td>\n<td>Carbon: Prim 29 carbon T800 HM, Tapered Boost, PF92, Thru-Axle<\/td>\n<\/tr>\n<tr>\n<td>Gabel<\/td>\n<td>Rockshox Sid SL Select, Charger RL Debonair, Remote, TA, Boost, 100 mmm<\/td>\n<\/tr>\n<tr>\n<td>Schalthebel<\/td>\n<td>Sram GX Eagle 1&#215;12 G\u00e4nge<\/td>\n<\/tr>\n<tr>\n<td>Schaltwerk hinten<\/td>\n<td>Sram GX Eagle Lunar 12-fach<\/td>\n<\/tr>\n<tr>\n<td>Kassette<\/td>\n<td>Sram XG-1275 10-50 Z\u00e4hne<\/td>\n<\/tr>\n<tr>\n<td>Tretlager<\/td>\n<td>Sram Stylo 6K Eagle 32 Z\u00e4hne Boost<\/td>\n<\/tr>\n<tr>\n<td>Bremsen<\/td>\n<td>Formula Cura 2 180\/160 mm<\/td>\n<\/tr>\n<tr>\n<td>Laufr\u00e4der<\/td>\n<td>Mach1 FZR-XC Disc 23c 32T, Aivee MP2 Boost, TA, Disc<\/td>\n<\/tr>\n<tr>\n<td>Reifen<\/td>\n<td>Hutchinson Kraken 29&#215;2.30 \/ Skeleton 29&#215;2.15 TLR<\/td>\n<\/tr>\n<tr>\n<td>Lenker<\/td>\n<td>VR 6061 720 mm \/ Ext: 70 mm, -7\u00b0, -31.8<\/td>\n<\/tr>\n<tr>\n<td>Vorbau<\/td>\n<td>VR 6061 720 mm \/ Ext: 70 mm, -7\u00b0, -31.8<\/td>\n<\/tr>\n<tr>\n<td>Sattel<\/td>\n<td>Selle Italia SLR Mg<\/td>\n<\/tr>\n<tr>\n<td>Sattelst\u00fctze<\/td>\n<td>VR 27.2&#215;400 mm<\/td>\n<\/tr>\n<tr>\n<td>Gewicht<\/td>\n<td>&#8212;<\/td>\n<\/tr>\n<\/tbody>\n<\/table>\n<\/div>\n<div class=\"prodsheet_specs2 col col-sm-8 col-md-8 col-lg-8\">\n<h4>GEOMETRIEN :<\/h4>\n<p><img decoding=\"async\" src=\"http:\/\/media1.alltricks.fr\/ckfinder\/images\/hardtail_fr.jpg\" \/><\/p>\n<table class=\"table table-striped\">\n<tbody>\n<tr>\n<td>Rahmengr\u00f6\u00dfe<\/td>\n<td>S<\/td>\n<td>M<\/td>\n<td>L<\/td>\n<\/tr>\n<tr>\n<td>Gr\u00f6\u00dfe der Laufr\u00e4der (Zoll)<\/td>\n<td>29<\/td>\n<td>29<\/td>\n<td>29<\/td>\n<\/tr>\n<tr>\n<td>Sattelrohr (mm)<\/td>\n<td>400<\/td>\n<td>450<\/td>\n<td>500<\/td>\n<\/tr>\n<tr>\n<td>Oberrohr (mm)<\/td>\n<td>570<\/td>\n<td>600<\/td>\n<td>630<\/td>\n<\/tr>\n<tr>\n<td>L\u00e4nge Basis (mm)<\/td>\n<td>420<\/td>\n<td>420<\/td>\n<td>420<\/td>\n<\/tr>\n<tr>\n<td>Lenkh\u00fclse (mm)<\/td>\n<td>100<\/td>\n<td>110<\/td>\n<td>120<\/td>\n<\/tr>\n<tr>\n<td>Lenkwinkel (\u00b0)<\/td>\n<td>69<\/td>\n<td>69<\/td>\n<td>69<\/td>\n<\/tr>\n<tr>\n<td>Winkel Sattelrohr (\u00b0)<\/td>\n<td>73<\/td>\n<td>73<\/td>\n<td>73<\/td>\n<\/tr>\n<tr>\n<td>Radstand (mm)<\/td>\n<td>1094<\/td>\n<td>1125<\/td>\n<td>1157<\/td>\n<\/tr>\n<tr>\n<td>Stack (mm)<\/td>\n<td>612<\/td>\n<td>622<\/td>\n<td>632<\/td>\n<\/tr>\n<tr>\n<td>Reach (mm)<\/td>\n<td>417<\/td>\n<td>445<\/td>\n<td>472<\/td>\n<\/tr>\n<\/tbody>\n<\/table>\n<\/div>\n<\/div>","protected":false},"excerpt":{"rendered":"<table class=\"table table-striped\">\n<tbody>\n<tr>\n<td class=\"spec-name\">Geschlecht<\/td>\n<td class=\"spec-value\">Herren<\/td>\n<\/tr>\n<tr>\n<td class=\"spec-name\">Gruppe<\/td>\n<td class=\"spec-value\">Sram GX Eagle 12V<\/td>\n<\/tr>\n<tr>\n<td class=\"spec-name\">collection<\/td>\n<td class=\"spec-value\">2022<\/td>\n<\/tr>\n<\/tbody>\n<\/table>","protected":false},"featured_media":60536,"comment_status":"open","ping_status":"closed","template":"","meta":{"_rtcl_gb_attr":""},"product_brand":[],"product_cat":[783],"product_tag":[],"class_list":{"0":"post-11422","1":"product","2":"type-product","3":"status-publish","4":"has-post-thumbnail","6":"product_cat-accessories","7":"pa_marke-suun","9":"first","10":"instock","11":"sale","12":"taxable","13":"shipping-taxable","14":"purchasable","15":"product-type-variable"},"yoast_head":"<!-- This site is optimized with the Yoast SEO Premium plugin v20.12 (Yoast SEO v27.4) - https:\/\/yoast.com\/product\/yoast-seo-premium-wordpress\/ -->\n<title>MOUNTAINBIKE SEMI-RIGID SUNN PRIM FINEST SRAM GX<\/title>\n<meta name=\"description\" content=\"Entdecken Sie unseren Online-Fahrradladen: Gro\u00dfe Auswahl an Modellen f\u00fcr alle Radsportbegeisterten. Von Rennr\u00e4dern bis zu Mountainbikes - finden Sie heute Ihren perfekten Wegbegleiter!\" \/>\n<meta name=\"robots\" content=\"index, follow, max-snippet:-1, max-image-preview:large, max-video-preview:-1\" \/>\n<link rel=\"canonical\" href=\"https:\/\/cioelectro.com\/en\/produkt\/mountainbike-semi-rigid-sunn-prim-finest-sram-gx-schwarz-2022\/\" \/>\n<meta property=\"og:locale\" content=\"en_US\" \/>\n<meta property=\"og:type\" content=\"article\" \/>\n<meta property=\"og:title\" content=\"MOUNTAINBIKE SEMI-RIGID SUNN PRIM FINEST SRAM GX SCHWARZ 2022\" \/>\n<meta property=\"og:description\" content=\"Entdecken Sie unseren Online-Fahrradladen: Gro\u00dfe Auswahl an Modellen f\u00fcr alle Radsportbegeisterten. Von Rennr\u00e4dern bis zu Mountainbikes - finden Sie heute Ihren perfekten Wegbegleiter!\" \/>\n<meta property=\"og:url\" content=\"https:\/\/cioelectro.com\/en\/produkt\/mountainbike-semi-rigid-sunn-prim-finest-sram-gx-schwarz-2022\/\" \/>\n<meta property=\"og:site_name\" content=\"cioelectro.com\" \/>\n<meta property=\"article:modified_time\" content=\"2023-08-10T11:35:22+00:00\" \/>\n<meta property=\"og:image\" content=\"https:\/\/cioelectro.com\/wp-content\/uploads\/2023\/06\/MOUNTAINBIKE-SEMI-RIGID-SUNN-PRIM-FINEST-SRAM-GX-EAGLE-12V-29-SCHWARZ-2022.jpg\" \/>\n\t<meta property=\"og:image:width\" content=\"600\" \/>\n\t<meta property=\"og:image:height\" content=\"408\" \/>\n\t<meta property=\"og:image:type\" content=\"image\/jpeg\" \/>\n<meta name=\"twitter:card\" content=\"summary_large_image\" \/>\n<meta name=\"twitter:label1\" content=\"Est. reading time\" \/>\n\t<meta name=\"twitter:data1\" content=\"2 minutes\" \/>\n<script type=\"application\/ld+json\" class=\"yoast-schema-graph\">{\"@context\":\"https:\\\/\\\/schema.org\",\"@graph\":[{\"@type\":\"WebPage\",\"@id\":\"https:\\\/\\\/cioelectro.com\\\/produkt\\\/mountainbike-semi-rigid-sunn-prim-finest-sram-gx-schwarz-2022\\\/\",\"url\":\"https:\\\/\\\/cioelectro.com\\\/produkt\\\/mountainbike-semi-rigid-sunn-prim-finest-sram-gx-schwarz-2022\\\/\",\"name\":\"MOUNTAINBIKE SEMI-RIGID SUNN PRIM FINEST SRAM GX\",\"isPartOf\":{\"@id\":\"https:\\\/\\\/cioelectro.com\\\/#website\"},\"primaryImageOfPage\":{\"@id\":\"https:\\\/\\\/cioelectro.com\\\/produkt\\\/mountainbike-semi-rigid-sunn-prim-finest-sram-gx-schwarz-2022\\\/#primaryimage\"},\"image\":{\"@id\":\"https:\\\/\\\/cioelectro.com\\\/produkt\\\/mountainbike-semi-rigid-sunn-prim-finest-sram-gx-schwarz-2022\\\/#primaryimage\"},\"thumbnailUrl\":\"https:\\\/\\\/cioelectro.com\\\/wp-content\\\/uploads\\\/2023\\\/06\\\/MOUNTAINBIKE-SEMI-RIGID-SUNN-PRIM-FINEST-SRAM-GX-EAGLE-12V-29-SCHWARZ-2022.jpg\",\"datePublished\":\"2022-07-27T15:52:35+00:00\",\"dateModified\":\"2023-08-10T11:35:22+00:00\",\"description\":\"Entdecken Sie unseren Online-Fahrradladen: Gro\u00dfe Auswahl an Modellen f\u00fcr alle Radsportbegeisterten. Von Rennr\u00e4dern bis zu Mountainbikes - finden Sie heute Ihren perfekten Wegbegleiter!\",\"breadcrumb\":{\"@id\":\"https:\\\/\\\/cioelectro.com\\\/produkt\\\/mountainbike-semi-rigid-sunn-prim-finest-sram-gx-schwarz-2022\\\/#breadcrumb\"},\"inLanguage\":\"en-US\",\"potentialAction\":[{\"@type\":\"ReadAction\",\"target\":[\"https:\\\/\\\/cioelectro.com\\\/produkt\\\/mountainbike-semi-rigid-sunn-prim-finest-sram-gx-schwarz-2022\\\/\"]}]},{\"@type\":\"ImageObject\",\"inLanguage\":\"en-US\",\"@id\":\"https:\\\/\\\/cioelectro.com\\\/produkt\\\/mountainbike-semi-rigid-sunn-prim-finest-sram-gx-schwarz-2022\\\/#primaryimage\",\"url\":\"https:\\\/\\\/cioelectro.com\\\/wp-content\\\/uploads\\\/2023\\\/06\\\/MOUNTAINBIKE-SEMI-RIGID-SUNN-PRIM-FINEST-SRAM-GX-EAGLE-12V-29-SCHWARZ-2022.jpg\",\"contentUrl\":\"https:\\\/\\\/cioelectro.com\\\/wp-content\\\/uploads\\\/2023\\\/06\\\/MOUNTAINBIKE-SEMI-RIGID-SUNN-PRIM-FINEST-SRAM-GX-EAGLE-12V-29-SCHWARZ-2022.jpg\",\"width\":600,\"height\":408,\"caption\":\"MOUNTAINBIKE SEMI-RIGID SUNN PRIM FINEST SRAM GX EAGLE 12V 29'' SCHWARZ 2022\"},{\"@type\":\"BreadcrumbList\",\"@id\":\"https:\\\/\\\/cioelectro.com\\\/produkt\\\/mountainbike-semi-rigid-sunn-prim-finest-sram-gx-schwarz-2022\\\/#breadcrumb\",\"itemListElement\":[{\"@type\":\"ListItem\",\"position\":1,\"name\":\"Startseite\",\"item\":\"https:\\\/\\\/cioelectro.com\\\/\"},{\"@type\":\"ListItem\",\"position\":2,\"name\":\"LADEN\",\"item\":\"https:\\\/\\\/cioelectro.com\\\/laden\\\/\"},{\"@type\":\"ListItem\",\"position\":3,\"name\":\"MOUNTAINBIKE SEMI-RIGID SUNN PRIM FINEST SRAM GX SCHWARZ 2022\"}]},{\"@type\":\"WebSite\",\"@id\":\"https:\\\/\\\/cioelectro.com\\\/#website\",\"url\":\"https:\\\/\\\/cioelectro.com\\\/\",\"name\":\"cioelectro.com\",\"description\":\"Treten Sie mit uns ins Abenteuer!\",\"publisher\":{\"@id\":\"https:\\\/\\\/cioelectro.com\\\/#organization\"},\"alternateName\":\"MEIN RADLADEN\",\"potentialAction\":[{\"@type\":\"SearchAction\",\"target\":{\"@type\":\"EntryPoint\",\"urlTemplate\":\"https:\\\/\\\/cioelectro.com\\\/?s={search_term_string}\"},\"query-input\":{\"@type\":\"PropertyValueSpecification\",\"valueRequired\":true,\"valueName\":\"search_term_string\"}}],\"inLanguage\":\"en-US\"},{\"@type\":\"Organization\",\"@id\":\"https:\\\/\\\/cioelectro.com\\\/#organization\",\"name\":\"CIOELECTRO\",\"alternateName\":\"MEIN RADLADEN\",\"url\":\"https:\\\/\\\/cioelectro.com\\\/\",\"logo\":{\"@type\":\"ImageObject\",\"inLanguage\":\"en-US\",\"@id\":\"https:\\\/\\\/cioelectro.com\\\/#\\\/schema\\\/logo\\\/image\\\/\",\"url\":\"https:\\\/\\\/cioelectro.com\\\/wp-content\\\/uploads\\\/2025\\\/12\\\/Logo-2-1200x800.png\",\"contentUrl\":\"https:\\\/\\\/cioelectro.com\\\/wp-content\\\/uploads\\\/2025\\\/12\\\/Logo-2-1200x800.png\",\"width\":1200,\"height\":800,\"caption\":\"CIOELECTRO\"},\"image\":{\"@id\":\"https:\\\/\\\/cioelectro.com\\\/#\\\/schema\\\/logo\\\/image\\\/\"}}]}<\/script>\n<!-- \/ Yoast SEO Premium plugin. -->","yoast_head_json":{"title":"MOUNTAINBIKE SEMI-RIGID SUNN PRIM FINEST SRAM GX","description":"Entdecken Sie unseren Online-Fahrradladen: Gro\u00dfe Auswahl an Modellen f\u00fcr alle Radsportbegeisterten. Von Rennr\u00e4dern bis zu Mountainbikes - finden Sie heute Ihren perfekten Wegbegleiter!","robots":{"index":"index","follow":"follow","max-snippet":"max-snippet:-1","max-image-preview":"max-image-preview:large","max-video-preview":"max-video-preview:-1"},"canonical":"https:\/\/cioelectro.com\/en\/produkt\/mountainbike-semi-rigid-sunn-prim-finest-sram-gx-schwarz-2022\/","og_locale":"en_US","og_type":"article","og_title":"MOUNTAINBIKE SEMI-RIGID SUNN PRIM FINEST SRAM GX SCHWARZ 2022","og_description":"Entdecken Sie unseren Online-Fahrradladen: Gro\u00dfe Auswahl an Modellen f\u00fcr alle Radsportbegeisterten. Von Rennr\u00e4dern bis zu Mountainbikes - finden Sie heute Ihren perfekten Wegbegleiter!","og_url":"https:\/\/cioelectro.com\/en\/produkt\/mountainbike-semi-rigid-sunn-prim-finest-sram-gx-schwarz-2022\/","og_site_name":"cioelectro.com","article_modified_time":"2023-08-10T11:35:22+00:00","og_image":[{"width":600,"height":408,"url":"https:\/\/cioelectro.com\/wp-content\/uploads\/2023\/06\/MOUNTAINBIKE-SEMI-RIGID-SUNN-PRIM-FINEST-SRAM-GX-EAGLE-12V-29-SCHWARZ-2022.jpg","type":"image\/jpeg"}],"twitter_card":"summary_large_image","twitter_misc":{"Est. reading time":"2 minutes"},"schema":{"@context":"https:\/\/schema.org","@graph":[{"@type":"WebPage","@id":"https:\/\/cioelectro.com\/produkt\/mountainbike-semi-rigid-sunn-prim-finest-sram-gx-schwarz-2022\/","url":"https:\/\/cioelectro.com\/produkt\/mountainbike-semi-rigid-sunn-prim-finest-sram-gx-schwarz-2022\/","name":"MOUNTAINBIKE SEMI-RIGID SUNN PRIM FINEST SRAM GX","isPartOf":{"@id":"https:\/\/cioelectro.com\/#website"},"primaryImageOfPage":{"@id":"https:\/\/cioelectro.com\/produkt\/mountainbike-semi-rigid-sunn-prim-finest-sram-gx-schwarz-2022\/#primaryimage"},"image":{"@id":"https:\/\/cioelectro.com\/produkt\/mountainbike-semi-rigid-sunn-prim-finest-sram-gx-schwarz-2022\/#primaryimage"},"thumbnailUrl":"https:\/\/cioelectro.com\/wp-content\/uploads\/2023\/06\/MOUNTAINBIKE-SEMI-RIGID-SUNN-PRIM-FINEST-SRAM-GX-EAGLE-12V-29-SCHWARZ-2022.jpg","datePublished":"2022-07-27T15:52:35+00:00","dateModified":"2023-08-10T11:35:22+00:00","description":"Entdecken Sie unseren Online-Fahrradladen: Gro\u00dfe Auswahl an Modellen f\u00fcr alle Radsportbegeisterten. Von Rennr\u00e4dern bis zu Mountainbikes - finden Sie heute Ihren perfekten Wegbegleiter!","breadcrumb":{"@id":"https:\/\/cioelectro.com\/produkt\/mountainbike-semi-rigid-sunn-prim-finest-sram-gx-schwarz-2022\/#breadcrumb"},"inLanguage":"en-US","potentialAction":[{"@type":"ReadAction","target":["https:\/\/cioelectro.com\/produkt\/mountainbike-semi-rigid-sunn-prim-finest-sram-gx-schwarz-2022\/"]}]},{"@type":"ImageObject","inLanguage":"en-US","@id":"https:\/\/cioelectro.com\/produkt\/mountainbike-semi-rigid-sunn-prim-finest-sram-gx-schwarz-2022\/#primaryimage","url":"https:\/\/cioelectro.com\/wp-content\/uploads\/2023\/06\/MOUNTAINBIKE-SEMI-RIGID-SUNN-PRIM-FINEST-SRAM-GX-EAGLE-12V-29-SCHWARZ-2022.jpg","contentUrl":"https:\/\/cioelectro.com\/wp-content\/uploads\/2023\/06\/MOUNTAINBIKE-SEMI-RIGID-SUNN-PRIM-FINEST-SRAM-GX-EAGLE-12V-29-SCHWARZ-2022.jpg","width":600,"height":408,"caption":"MOUNTAINBIKE SEMI-RIGID SUNN PRIM FINEST SRAM GX EAGLE 12V 29'' SCHWARZ 2022"},{"@type":"BreadcrumbList","@id":"https:\/\/cioelectro.com\/produkt\/mountainbike-semi-rigid-sunn-prim-finest-sram-gx-schwarz-2022\/#breadcrumb","itemListElement":[{"@type":"ListItem","position":1,"name":"Startseite","item":"https:\/\/cioelectro.com\/"},{"@type":"ListItem","position":2,"name":"LADEN","item":"https:\/\/cioelectro.com\/laden\/"},{"@type":"ListItem","position":3,"name":"MOUNTAINBIKE SEMI-RIGID SUNN PRIM FINEST SRAM GX SCHWARZ 2022"}]},{"@type":"WebSite","@id":"https:\/\/cioelectro.com\/#website","url":"https:\/\/cioelectro.com\/","name":"cioelectro.com","description":"Treten Sie mit uns ins Abenteuer!","publisher":{"@id":"https:\/\/cioelectro.com\/#organization"},"alternateName":"MEIN RADLADEN","potentialAction":[{"@type":"SearchAction","target":{"@type":"EntryPoint","urlTemplate":"https:\/\/cioelectro.com\/?s={search_term_string}"},"query-input":{"@type":"PropertyValueSpecification","valueRequired":true,"valueName":"search_term_string"}}],"inLanguage":"en-US"},{"@type":"Organization","@id":"https:\/\/cioelectro.com\/#organization","name":"CIOELECTRO","alternateName":"MEIN RADLADEN","url":"https:\/\/cioelectro.com\/","logo":{"@type":"ImageObject","inLanguage":"en-US","@id":"https:\/\/cioelectro.com\/#\/schema\/logo\/image\/","url":"https:\/\/cioelectro.com\/wp-content\/uploads\/2025\/12\/Logo-2-1200x800.png","contentUrl":"https:\/\/cioelectro.com\/wp-content\/uploads\/2025\/12\/Logo-2-1200x800.png","width":1200,"height":800,"caption":"CIOELECTRO"},"image":{"@id":"https:\/\/cioelectro.com\/#\/schema\/logo\/image\/"}}]}},"_links":{"self":[{"href":"https:\/\/cioelectro.com\/en\/wp-json\/wp\/v2\/product\/11422","targetHints":{"allow":["GET"]}}],"collection":[{"href":"https:\/\/cioelectro.com\/en\/wp-json\/wp\/v2\/product"}],"about":[{"href":"https:\/\/cioelectro.com\/en\/wp-json\/wp\/v2\/types\/product"}],"replies":[{"embeddable":true,"href":"https:\/\/cioelectro.com\/en\/wp-json\/wp\/v2\/comments?post=11422"}],"version-history":[{"count":0,"href":"https:\/\/cioelectro.com\/en\/wp-json\/wp\/v2\/product\/11422\/revisions"}],"wp:featuredmedia":[{"embeddable":true,"href":"https:\/\/cioelectro.com\/en\/wp-json\/wp\/v2\/media\/60536"}],"wp:attachment":[{"href":"https:\/\/cioelectro.com\/en\/wp-json\/wp\/v2\/media?parent=11422"}],"wp:term":[{"taxonomy":"product_brand","embeddable":true,"href":"https:\/\/cioelectro.com\/en\/wp-json\/wp\/v2\/product_brand?post=11422"},{"taxonomy":"product_cat","embeddable":true,"href":"https:\/\/cioelectro.com\/en\/wp-json\/wp\/v2\/product_cat?post=11422"},{"taxonomy":"product_tag","embeddable":true,"href":"https:\/\/cioelectro.com\/en\/wp-json\/wp\/v2\/product_tag?post=11422"}],"curies":[{"name":"wp","href":"https:\/\/api.w.org\/{rel}","templated":true}]}}