{"id":11428,"date":"2022-07-27T18:08:29","date_gmt":"2022-07-27T16:08:29","guid":{"rendered":"https:\/\/meinradladen.com\/?post_type=product&#038;p=11428"},"modified":"2023-08-10T15:51:00","modified_gmt":"2023-08-10T13:51:00","slug":"gt-aggressor-sport-hardtail-mtb-shimano-turnier-7s-29-rot-2021","status":"publish","type":"product","link":"https:\/\/cioelectro.com\/en\/produkt\/gt-aggressor-sport-hardtail-mtb-shimano-turnier-7s-29-rot-2021\/","title":{"rendered":"GT AGGRESSOR SPORT HARDTAIL MTB SHIMANO TURNIER 7S 29&#8221; ROT 2021"},"content":{"rendered":"<div id=\"product-header-order-name\" class=\"col-lg-20 col-md-20 col-sm-20 col-xs-20\">\n<h2 class=\"heading-title-text\">GT AGGRESSOR SPORT HARDTAIL MTB SHIMANO TURNIER 7S 29&#8221; ROT 2021<\/h2>\n<div class=\"col col-sm-12 col-md-12 col-lg-12\">\n<p>Der Offroad-freundliche und leichte\u00a0<strong>GT Aggressor Sport<\/strong>\u00a0ist perfekt f\u00fcr den t\u00e4glichen Freizeitgebrauch geeignet. Mit dem Shimano Tourney 3&#215;7-Gang-Antrieb finden Sie f\u00fcr jedes Gel\u00e4nde den richtigen Gang, w\u00e4hrend die SR Suntour M3030 Federgabel mit 75 mm Federweg eine komfortable Fahrt bietet.<\/p>\n<\/div>\n<div class=\"prodsheet_bullets col col-sm-8 col-md-8 col-lg-8\">\n<h4>HAUPTEIGENSCHAFTEN:<\/h4>\n<ul>\n<li>6061 T6 Aluminiumrahmen.<\/li>\n<li>Shimano Tourney 3&#215;7-Gang-Antrieb.<\/li>\n<li>Mechanische Scheibenbremsen, 160\/160 mm.<\/li>\n<\/ul>\n<\/div>\n<div class=\"prodsheet_specs1 col col-sm-12 col-md-12 col-lg-12\">\n<h4>EIGENSCHAFTEN:<\/h4>\n<table class=\"table table-striped\">\n<tbody>\n<tr>\n<td>Rahmen<\/td>\n<td>Aluminium: GT 6061 T6 Aluminiumrahmen, dreifaches Dreieck mit schwimmenden Sitzstreben, geschmiedete Ausfallenden mit Scheibenbremshalterungen, Zero Stack 1 1\/8 &#8220;Steuerrohr<\/td>\n<\/tr>\n<tr>\n<td>Gabel<\/td>\n<td>SR Suntour M3030, 75 mm Federweg, Spule<\/td>\n<\/tr>\n<tr>\n<td>Schalthebel<\/td>\n<td>Shimano Tourney, 3&#215;7-Gang<\/td>\n<\/tr>\n<tr>\n<td>Umwerfer<\/td>\n<td>Shimano Tourney, 31,8 Klemme<\/td>\n<\/tr>\n<tr>\n<td>Schaltwerk<\/td>\n<td>Shimano Tourney, 7-Gang<\/td>\n<\/tr>\n<tr>\n<td>Kassette<\/td>\n<td>Sunrace, 14-34T<\/td>\n<\/tr>\n<tr>\n<td>Kette<\/td>\n<td>KMC Z7<\/td>\n<\/tr>\n<tr>\n<td>Kurbelgarnitur<\/td>\n<td>Prowheel Alloy, 42\/34 \/ 24T<\/td>\n<\/tr>\n<tr>\n<td>Tretlager<\/td>\n<td>Patrone, quadratische Verj\u00fcngung<\/td>\n<\/tr>\n<tr>\n<td>Bremsen<\/td>\n<td>Mech. Scheibenbremse (160\/160)<\/td>\n<\/tr>\n<tr>\n<td>Radsatz<\/td>\n<td>WTB SX19, 32h<\/td>\n<\/tr>\n<tr>\n<td>Hubs<\/td>\n<td>Vorderseite: Legierungsscheibe, QR \/ R\u00fcckseite: Versiegelte Legierungsscheibe, QR<\/td>\n<\/tr>\n<tr>\n<td>Reifen<\/td>\n<td>WTB Ranger Comp, DNA-Verbindung, 29 x 2,25 &#8220;<\/td>\n<\/tr>\n<tr>\n<td>Lenker<\/td>\n<td>GT All Terra Alloy Riser, 25 mm Anstieg, 8 \u00b0 Sweep, 6 \u00b0 Anstieg, 720 mm Breite<\/td>\n<\/tr>\n<tr>\n<td>Griffe<\/td>\n<td>GT-Erkl\u00e4rung<\/td>\n<\/tr>\n<tr>\n<td>Stengel<\/td>\n<td>GT All Terra, 6061 Legierung, 31,8 mm, 8 \u00b0<\/td>\n<\/tr>\n<tr>\n<td>Headset<\/td>\n<td>Halbintegrierte, versiegelte Patrone<\/td>\n<\/tr>\n<tr>\n<td>Sattel<\/td>\n<td>GT MTB<\/td>\n<\/tr>\n<tr>\n<td>Sattelst\u00fctze<\/td>\n<td>GT All Terra Zwei-Schrauben-Legierung<\/td>\n<\/tr>\n<tr>\n<td>Gewicht<\/td>\n<td>&#8212;<\/td>\n<\/tr>\n<tr>\n<td>Farbe<\/td>\n<td>Red<\/td>\n<\/tr>\n<\/tbody>\n<\/table>\n<\/div>\n<div class=\"prodsheet_specs2 col col-sm-8 col-md-8 col-lg-8\">\n<h4>GEOMETRIEN:<\/h4>\n<p><img decoding=\"async\" src=\"http:\/\/media1.alltricks.fr\/ckfinder\/images\/hardtail_en.jpg\" \/><\/p>\n<table class=\"table table-striped\">\n<tbody>\n<tr>\n<td>Rahmengr\u00f6\u00dfe<\/td>\n<td>S<\/td>\n<td>M<\/td>\n<td>L<\/td>\n<td>XL<\/td>\n<\/tr>\n<tr>\n<td>Sitzrohr (mm)<\/td>\n<td>420<\/td>\n<td>460<\/td>\n<td>500<\/td>\n<td>540<\/td>\n<\/tr>\n<tr>\n<td>Oberrohr (mm)<\/td>\n<td>562<\/td>\n<td>580<\/td>\n<td>601<\/td>\n<td>624<\/td>\n<\/tr>\n<tr>\n<td>Kettenstreben (mm)<\/td>\n<td>445<\/td>\n<td>445<\/td>\n<td>445<\/td>\n<td>445<\/td>\n<\/tr>\n<tr>\n<td>Steuerrohrl\u00e4nge (mm)<\/td>\n<td>120<\/td>\n<td>130<\/td>\n<td>140<\/td>\n<td>150<\/td>\n<\/tr>\n<tr>\n<td>Steuerrohrwinkel (\u00b0)<\/td>\n<td>68,5<\/td>\n<td>68,5<\/td>\n<td>68,5<\/td>\n<td>68,5<\/td>\n<\/tr>\n<tr>\n<td>Sitzrohrwinkel (\u00b0)<\/td>\n<td>73,5<\/td>\n<td>73,5<\/td>\n<td>73,5<\/td>\n<td>73,5<\/td>\n<\/tr>\n<tr>\n<td>Radstand (mm)<\/td>\n<td>1117<\/td>\n<td>1141<\/td>\n<td>1165<\/td>\n<td>1188<\/td>\n<\/tr>\n<tr>\n<td>Stapel (mm)<\/td>\n<td>610<\/td>\n<td>619<\/td>\n<td>628<\/td>\n<td>638<\/td>\n<\/tr>\n<tr>\n<td>Reichweite (mm)<\/td>\n<td>399<\/td>\n<td>420<\/td>\n<td>440<\/td>\n<td>459<\/td>\n<\/tr>\n<\/tbody>\n<\/table>\n<\/div>\n<\/div>\n<div id=\"product-header-order-form\" class=\"js-reload-on-event col-lg-20 col-md-20 col-sm-20 col-xs-20\" data-to-watch=\"body\" data-event=\"alltricks:cartChanged\" data-url=\"\/ajax\/product\/ajouter\/F-11947-velos-complets-vtt\/P-1628068-gt_aggressor_sport_hardtail_mtb_shimano_turnier_7s_29___rot_2021\"><\/div>","protected":false},"excerpt":{"rendered":"<p>GT AGGRESSOR SPORT HARDTAIL MTB SHIMANO TURNIER 7S 29&#8221; ROT 2021 Der Offroad-freundliche und leichte\u00a0GT Aggressor Sport\u00a0ist perfekt f\u00fcr den<\/p>","protected":false},"featured_media":60538,"comment_status":"open","ping_status":"closed","template":"","meta":{"_rtcl_gb_attr":""},"product_brand":[],"product_cat":[33],"product_tag":[],"class_list":{"0":"post-11428","1":"product","2":"type-product","3":"status-publish","4":"has-post-thumbnail","6":"product_cat-e-bike","7":"pa_marke-gt","9":"first","10":"instock","11":"sale","12":"taxable","13":"shipping-taxable","14":"purchasable","15":"product-type-variable"},"yoast_head":"<!-- This site is optimized with the Yoast SEO Premium plugin v20.12 (Yoast SEO v27.4) - https:\/\/yoast.com\/product\/yoast-seo-premium-wordpress\/ -->\n<title>GT AGGRESSOR SPORT HARDTAIL MTB SHIMANO TURNIER<\/title>\n<meta name=\"description\" content=\"Entdecken Sie unseren Online-Fahrradladen: Gro\u00dfe Auswahl an Modellen f\u00fcr alle Radsportbegeisterten. Von Rennr\u00e4dern bis zu Mountainbikes - finden Sie heute Ihren perfekten Wegbegleiter!\" \/>\n<meta name=\"robots\" content=\"index, follow, max-snippet:-1, max-image-preview:large, max-video-preview:-1\" \/>\n<link rel=\"canonical\" href=\"https:\/\/cioelectro.com\/en\/produkt\/gt-aggressor-sport-hardtail-mtb-shimano-turnier-7s-29-rot-2021\/\" \/>\n<meta property=\"og:locale\" content=\"en_US\" \/>\n<meta property=\"og:type\" content=\"article\" \/>\n<meta property=\"og:title\" content=\"GT AGGRESSOR SPORT HARDTAIL MTB SHIMANO TURNIER 7S 29&#039;&#039; ROT 2021\" \/>\n<meta property=\"og:description\" content=\"Entdecken Sie unseren Online-Fahrradladen: Gro\u00dfe Auswahl an Modellen f\u00fcr alle Radsportbegeisterten. Von Rennr\u00e4dern bis zu Mountainbikes - finden Sie heute Ihren perfekten Wegbegleiter!\" \/>\n<meta property=\"og:url\" content=\"https:\/\/cioelectro.com\/en\/produkt\/gt-aggressor-sport-hardtail-mtb-shimano-turnier-7s-29-rot-2021\/\" \/>\n<meta property=\"og:site_name\" content=\"cioelectro.com\" \/>\n<meta property=\"article:modified_time\" content=\"2023-08-10T13:51:00+00:00\" \/>\n<meta property=\"og:image\" content=\"https:\/\/cioelectro.com\/wp-content\/uploads\/2023\/06\/GT-AGGRESSOR-SPORT-HARDTAIL-MTB-SHIMANO-TURNIER-7S-29-ROT-2021.jpg\" \/>\n\t<meta property=\"og:image:width\" content=\"600\" \/>\n\t<meta property=\"og:image:height\" content=\"408\" \/>\n\t<meta property=\"og:image:type\" content=\"image\/jpeg\" \/>\n<meta name=\"twitter:card\" content=\"summary_large_image\" \/>\n<meta name=\"twitter:label1\" content=\"Est. reading time\" \/>\n\t<meta name=\"twitter:data1\" content=\"2 minutes\" \/>\n<script type=\"application\/ld+json\" class=\"yoast-schema-graph\">{\"@context\":\"https:\\\/\\\/schema.org\",\"@graph\":[{\"@type\":\"WebPage\",\"@id\":\"https:\\\/\\\/cioelectro.com\\\/produkt\\\/gt-aggressor-sport-hardtail-mtb-shimano-turnier-7s-29-rot-2021\\\/\",\"url\":\"https:\\\/\\\/cioelectro.com\\\/produkt\\\/gt-aggressor-sport-hardtail-mtb-shimano-turnier-7s-29-rot-2021\\\/\",\"name\":\"GT AGGRESSOR SPORT HARDTAIL MTB SHIMANO TURNIER\",\"isPartOf\":{\"@id\":\"https:\\\/\\\/cioelectro.com\\\/#website\"},\"primaryImageOfPage\":{\"@id\":\"https:\\\/\\\/cioelectro.com\\\/produkt\\\/gt-aggressor-sport-hardtail-mtb-shimano-turnier-7s-29-rot-2021\\\/#primaryimage\"},\"image\":{\"@id\":\"https:\\\/\\\/cioelectro.com\\\/produkt\\\/gt-aggressor-sport-hardtail-mtb-shimano-turnier-7s-29-rot-2021\\\/#primaryimage\"},\"thumbnailUrl\":\"https:\\\/\\\/cioelectro.com\\\/wp-content\\\/uploads\\\/2023\\\/06\\\/GT-AGGRESSOR-SPORT-HARDTAIL-MTB-SHIMANO-TURNIER-7S-29-ROT-2021.jpg\",\"datePublished\":\"2022-07-27T16:08:29+00:00\",\"dateModified\":\"2023-08-10T13:51:00+00:00\",\"description\":\"Entdecken Sie unseren Online-Fahrradladen: Gro\u00dfe Auswahl an Modellen f\u00fcr alle Radsportbegeisterten. Von Rennr\u00e4dern bis zu Mountainbikes - finden Sie heute Ihren perfekten Wegbegleiter!\",\"breadcrumb\":{\"@id\":\"https:\\\/\\\/cioelectro.com\\\/produkt\\\/gt-aggressor-sport-hardtail-mtb-shimano-turnier-7s-29-rot-2021\\\/#breadcrumb\"},\"inLanguage\":\"en-US\",\"potentialAction\":[{\"@type\":\"ReadAction\",\"target\":[\"https:\\\/\\\/cioelectro.com\\\/produkt\\\/gt-aggressor-sport-hardtail-mtb-shimano-turnier-7s-29-rot-2021\\\/\"]}]},{\"@type\":\"ImageObject\",\"inLanguage\":\"en-US\",\"@id\":\"https:\\\/\\\/cioelectro.com\\\/produkt\\\/gt-aggressor-sport-hardtail-mtb-shimano-turnier-7s-29-rot-2021\\\/#primaryimage\",\"url\":\"https:\\\/\\\/cioelectro.com\\\/wp-content\\\/uploads\\\/2023\\\/06\\\/GT-AGGRESSOR-SPORT-HARDTAIL-MTB-SHIMANO-TURNIER-7S-29-ROT-2021.jpg\",\"contentUrl\":\"https:\\\/\\\/cioelectro.com\\\/wp-content\\\/uploads\\\/2023\\\/06\\\/GT-AGGRESSOR-SPORT-HARDTAIL-MTB-SHIMANO-TURNIER-7S-29-ROT-2021.jpg\",\"width\":600,\"height\":408,\"caption\":\"GT AGGRESSOR SPORT HARDTAIL MTB SHIMANO TURNIER 7S 29'' ROT 2021\"},{\"@type\":\"BreadcrumbList\",\"@id\":\"https:\\\/\\\/cioelectro.com\\\/produkt\\\/gt-aggressor-sport-hardtail-mtb-shimano-turnier-7s-29-rot-2021\\\/#breadcrumb\",\"itemListElement\":[{\"@type\":\"ListItem\",\"position\":1,\"name\":\"Startseite\",\"item\":\"https:\\\/\\\/cioelectro.com\\\/\"},{\"@type\":\"ListItem\",\"position\":2,\"name\":\"LADEN\",\"item\":\"https:\\\/\\\/cioelectro.com\\\/laden\\\/\"},{\"@type\":\"ListItem\",\"position\":3,\"name\":\"GT AGGRESSOR SPORT HARDTAIL MTB SHIMANO TURNIER 7S 29&#8221; ROT 2021\"}]},{\"@type\":\"WebSite\",\"@id\":\"https:\\\/\\\/cioelectro.com\\\/#website\",\"url\":\"https:\\\/\\\/cioelectro.com\\\/\",\"name\":\"cioelectro.com\",\"description\":\"Treten Sie mit uns ins Abenteuer!\",\"publisher\":{\"@id\":\"https:\\\/\\\/cioelectro.com\\\/#organization\"},\"alternateName\":\"MEIN RADLADEN\",\"potentialAction\":[{\"@type\":\"SearchAction\",\"target\":{\"@type\":\"EntryPoint\",\"urlTemplate\":\"https:\\\/\\\/cioelectro.com\\\/?s={search_term_string}\"},\"query-input\":{\"@type\":\"PropertyValueSpecification\",\"valueRequired\":true,\"valueName\":\"search_term_string\"}}],\"inLanguage\":\"en-US\"},{\"@type\":\"Organization\",\"@id\":\"https:\\\/\\\/cioelectro.com\\\/#organization\",\"name\":\"CIOELECTRO\",\"alternateName\":\"MEIN RADLADEN\",\"url\":\"https:\\\/\\\/cioelectro.com\\\/\",\"logo\":{\"@type\":\"ImageObject\",\"inLanguage\":\"en-US\",\"@id\":\"https:\\\/\\\/cioelectro.com\\\/#\\\/schema\\\/logo\\\/image\\\/\",\"url\":\"https:\\\/\\\/cioelectro.com\\\/wp-content\\\/uploads\\\/2025\\\/12\\\/Logo-2-1200x800.png\",\"contentUrl\":\"https:\\\/\\\/cioelectro.com\\\/wp-content\\\/uploads\\\/2025\\\/12\\\/Logo-2-1200x800.png\",\"width\":1200,\"height\":800,\"caption\":\"CIOELECTRO\"},\"image\":{\"@id\":\"https:\\\/\\\/cioelectro.com\\\/#\\\/schema\\\/logo\\\/image\\\/\"}}]}<\/script>\n<!-- \/ Yoast SEO Premium plugin. -->","yoast_head_json":{"title":"GT AGGRESSOR SPORT HARDTAIL MTB SHIMANO TURNIER","description":"Entdecken Sie unseren Online-Fahrradladen: Gro\u00dfe Auswahl an Modellen f\u00fcr alle Radsportbegeisterten. Von Rennr\u00e4dern bis zu Mountainbikes - finden Sie heute Ihren perfekten Wegbegleiter!","robots":{"index":"index","follow":"follow","max-snippet":"max-snippet:-1","max-image-preview":"max-image-preview:large","max-video-preview":"max-video-preview:-1"},"canonical":"https:\/\/cioelectro.com\/en\/produkt\/gt-aggressor-sport-hardtail-mtb-shimano-turnier-7s-29-rot-2021\/","og_locale":"en_US","og_type":"article","og_title":"GT AGGRESSOR SPORT HARDTAIL MTB SHIMANO TURNIER 7S 29'' ROT 2021","og_description":"Entdecken Sie unseren Online-Fahrradladen: Gro\u00dfe Auswahl an Modellen f\u00fcr alle Radsportbegeisterten. Von Rennr\u00e4dern bis zu Mountainbikes - finden Sie heute Ihren perfekten Wegbegleiter!","og_url":"https:\/\/cioelectro.com\/en\/produkt\/gt-aggressor-sport-hardtail-mtb-shimano-turnier-7s-29-rot-2021\/","og_site_name":"cioelectro.com","article_modified_time":"2023-08-10T13:51:00+00:00","og_image":[{"width":600,"height":408,"url":"https:\/\/cioelectro.com\/wp-content\/uploads\/2023\/06\/GT-AGGRESSOR-SPORT-HARDTAIL-MTB-SHIMANO-TURNIER-7S-29-ROT-2021.jpg","type":"image\/jpeg"}],"twitter_card":"summary_large_image","twitter_misc":{"Est. reading time":"2 minutes"},"schema":{"@context":"https:\/\/schema.org","@graph":[{"@type":"WebPage","@id":"https:\/\/cioelectro.com\/produkt\/gt-aggressor-sport-hardtail-mtb-shimano-turnier-7s-29-rot-2021\/","url":"https:\/\/cioelectro.com\/produkt\/gt-aggressor-sport-hardtail-mtb-shimano-turnier-7s-29-rot-2021\/","name":"GT AGGRESSOR SPORT HARDTAIL MTB SHIMANO TURNIER","isPartOf":{"@id":"https:\/\/cioelectro.com\/#website"},"primaryImageOfPage":{"@id":"https:\/\/cioelectro.com\/produkt\/gt-aggressor-sport-hardtail-mtb-shimano-turnier-7s-29-rot-2021\/#primaryimage"},"image":{"@id":"https:\/\/cioelectro.com\/produkt\/gt-aggressor-sport-hardtail-mtb-shimano-turnier-7s-29-rot-2021\/#primaryimage"},"thumbnailUrl":"https:\/\/cioelectro.com\/wp-content\/uploads\/2023\/06\/GT-AGGRESSOR-SPORT-HARDTAIL-MTB-SHIMANO-TURNIER-7S-29-ROT-2021.jpg","datePublished":"2022-07-27T16:08:29+00:00","dateModified":"2023-08-10T13:51:00+00:00","description":"Entdecken Sie unseren Online-Fahrradladen: Gro\u00dfe Auswahl an Modellen f\u00fcr alle Radsportbegeisterten. Von Rennr\u00e4dern bis zu Mountainbikes - finden Sie heute Ihren perfekten Wegbegleiter!","breadcrumb":{"@id":"https:\/\/cioelectro.com\/produkt\/gt-aggressor-sport-hardtail-mtb-shimano-turnier-7s-29-rot-2021\/#breadcrumb"},"inLanguage":"en-US","potentialAction":[{"@type":"ReadAction","target":["https:\/\/cioelectro.com\/produkt\/gt-aggressor-sport-hardtail-mtb-shimano-turnier-7s-29-rot-2021\/"]}]},{"@type":"ImageObject","inLanguage":"en-US","@id":"https:\/\/cioelectro.com\/produkt\/gt-aggressor-sport-hardtail-mtb-shimano-turnier-7s-29-rot-2021\/#primaryimage","url":"https:\/\/cioelectro.com\/wp-content\/uploads\/2023\/06\/GT-AGGRESSOR-SPORT-HARDTAIL-MTB-SHIMANO-TURNIER-7S-29-ROT-2021.jpg","contentUrl":"https:\/\/cioelectro.com\/wp-content\/uploads\/2023\/06\/GT-AGGRESSOR-SPORT-HARDTAIL-MTB-SHIMANO-TURNIER-7S-29-ROT-2021.jpg","width":600,"height":408,"caption":"GT AGGRESSOR SPORT HARDTAIL MTB SHIMANO TURNIER 7S 29'' ROT 2021"},{"@type":"BreadcrumbList","@id":"https:\/\/cioelectro.com\/produkt\/gt-aggressor-sport-hardtail-mtb-shimano-turnier-7s-29-rot-2021\/#breadcrumb","itemListElement":[{"@type":"ListItem","position":1,"name":"Startseite","item":"https:\/\/cioelectro.com\/"},{"@type":"ListItem","position":2,"name":"LADEN","item":"https:\/\/cioelectro.com\/laden\/"},{"@type":"ListItem","position":3,"name":"GT AGGRESSOR SPORT HARDTAIL MTB SHIMANO TURNIER 7S 29&#8221; ROT 2021"}]},{"@type":"WebSite","@id":"https:\/\/cioelectro.com\/#website","url":"https:\/\/cioelectro.com\/","name":"cioelectro.com","description":"Treten Sie mit uns ins Abenteuer!","publisher":{"@id":"https:\/\/cioelectro.com\/#organization"},"alternateName":"MEIN RADLADEN","potentialAction":[{"@type":"SearchAction","target":{"@type":"EntryPoint","urlTemplate":"https:\/\/cioelectro.com\/?s={search_term_string}"},"query-input":{"@type":"PropertyValueSpecification","valueRequired":true,"valueName":"search_term_string"}}],"inLanguage":"en-US"},{"@type":"Organization","@id":"https:\/\/cioelectro.com\/#organization","name":"CIOELECTRO","alternateName":"MEIN RADLADEN","url":"https:\/\/cioelectro.com\/","logo":{"@type":"ImageObject","inLanguage":"en-US","@id":"https:\/\/cioelectro.com\/#\/schema\/logo\/image\/","url":"https:\/\/cioelectro.com\/wp-content\/uploads\/2025\/12\/Logo-2-1200x800.png","contentUrl":"https:\/\/cioelectro.com\/wp-content\/uploads\/2025\/12\/Logo-2-1200x800.png","width":1200,"height":800,"caption":"CIOELECTRO"},"image":{"@id":"https:\/\/cioelectro.com\/#\/schema\/logo\/image\/"}}]}},"_links":{"self":[{"href":"https:\/\/cioelectro.com\/en\/wp-json\/wp\/v2\/product\/11428","targetHints":{"allow":["GET"]}}],"collection":[{"href":"https:\/\/cioelectro.com\/en\/wp-json\/wp\/v2\/product"}],"about":[{"href":"https:\/\/cioelectro.com\/en\/wp-json\/wp\/v2\/types\/product"}],"replies":[{"embeddable":true,"href":"https:\/\/cioelectro.com\/en\/wp-json\/wp\/v2\/comments?post=11428"}],"version-history":[{"count":0,"href":"https:\/\/cioelectro.com\/en\/wp-json\/wp\/v2\/product\/11428\/revisions"}],"wp:featuredmedia":[{"embeddable":true,"href":"https:\/\/cioelectro.com\/en\/wp-json\/wp\/v2\/media\/60538"}],"wp:attachment":[{"href":"https:\/\/cioelectro.com\/en\/wp-json\/wp\/v2\/media?parent=11428"}],"wp:term":[{"taxonomy":"product_brand","embeddable":true,"href":"https:\/\/cioelectro.com\/en\/wp-json\/wp\/v2\/product_brand?post=11428"},{"taxonomy":"product_cat","embeddable":true,"href":"https:\/\/cioelectro.com\/en\/wp-json\/wp\/v2\/product_cat?post=11428"},{"taxonomy":"product_tag","embeddable":true,"href":"https:\/\/cioelectro.com\/en\/wp-json\/wp\/v2\/product_tag?post=11428"}],"curies":[{"name":"wp","href":"https:\/\/api.w.org\/{rel}","templated":true}]}}