{"id":11473,"date":"2022-07-28T16:23:23","date_gmt":"2022-07-28T14:23:23","guid":{"rendered":"https:\/\/meinradladen.com\/?post_type=product&#038;p=11473"},"modified":"2023-08-10T15:51:03","modified_gmt":"2023-08-10T13:51:03","slug":"cannondale-trail-sl-3-hardtail-mtb-shimano-schwarz-pearl","status":"publish","type":"product","link":"https:\/\/cioelectro.com\/en\/produkt\/cannondale-trail-sl-3-hardtail-mtb-shimano-schwarz-pearl\/","title":{"rendered":"CANNONDALE TRAIL SL 3 HARDTAIL MTB SHIMANO SCHWARZ PEARL"},"content":{"rendered":"<div id=\"product-header-order-name\" class=\"col-lg-20 col-md-20 col-sm-20 col-xs-20\">\n<div class=\"col col-sm-12 col-md-12 col-lg-12\">\n<div id=\"product-header-order-name\" class=\"col-lg-20 col-md-20 col-sm-20 col-xs-20\">\n<h2 class=\"heading-title-text\">CANNONDALE TRAIL SL 3 HARDTAIL MTB SHIMANO DEORE 12S 29&#8221; SCHWARZ PEARL<\/h2>\n<\/div>\n<p>Aufleveln! Das\u00a0<strong>Cannondale Trail SL 3<\/strong>\u00a0ist ein Mountainbike, das entwickelt wurde, um Ihr Spiel zu verbessern und eine Leidenschaft f\u00fcr den Trail zu wecken. Entworfen f\u00fcr die Berge und bereit f\u00fcr alles. Smartform C2-Legierung: Aluminiumkonstruktion, die einen Schnitt h\u00f6her ist. Hochleistungsrohrformen, umfangreiches gewichtssparendes Sto\u00dfen und nahtlose Double-Pass-Schwei\u00dfn\u00e4hte sorgen f\u00fcr ein Fahrgef\u00fchl, das seinesgleichen sucht. Die &#8220;SAVE&#8221; -Mikrofederung sorgt dank strategisch konstruierter Flexzonen im hinteren Dreieck des Rahmens f\u00fcr ein ruhigeres und kontrollierteres Fahrverhalten.<\/p>\n<p>Ein\u00a0<strong>integrierter Radsensor<\/strong>\u00a0liefert \u00fcber die kostenlose Cannondale-App \u00e4u\u00dferst genaue Geschwindigkeits-, Routen- und Entfernungsinformationen, registriert Ihr Fahrrad, erinnert Sie an den erforderlichen Service und vieles mehr.<\/p>\n<p>Im Vergleich zum Trail SE ist der Cannondale Trail SL leichter, rassiger und auf Schnelligkeit ausgelegt.<\/p>\n<\/div>\n<div class=\"prodsheet_bullets col col-sm-8 col-md-8 col-lg-8\">\n<h4>HAUPTEIGENSCHAFTEN:<\/h4>\n<ul>\n<li>Ein Mountainbike, das gebaut wurde, um Ihr Spiel zu verbessern und eine Leidenschaft f\u00fcr den Trail zu wecken.<\/li>\n<li>Smartform C2 Aluminiumrahmen.<\/li>\n<li>Shimano Deore 1&#215;12-Gang-Antrieb.<\/li>\n<li>Hydraulische Scheibenbremsen Shimano MT200, 160\/160 mm.<\/li>\n<\/ul>\n<\/div>\n<div class=\"prodsheet_specs1 col col-sm-12 col-md-12 col-lg-12\">\n<h4>EIGENSCHAFTEN:<\/h4>\n<table class=\"table table-striped\">\n<tbody>\n<tr>\n<td>Rahmen<\/td>\n<td>Aluminium: Neuwertig, Smartform C2-Legierung, SAVE-Sitzstreben, konisches Steuerrohr, nachmontierte Scheibe, StraightShot-interne Kabelf\u00fchrung, tropfenpfostenkompatibler BSA 73, 12 mm Steckachse, Boost 148<\/td>\n<\/tr>\n<tr>\n<td>Gabel<\/td>\n<td>RockShox Judy Silver TK, 100 mm Federweg, Solo Air, 15&#215;110 Steckachse, Fernverriegelung, 51 mm Versatz<\/td>\n<\/tr>\n<tr>\n<td>Headset<\/td>\n<td>Integriertes abgedichtetes Lager, konisch<\/td>\n<\/tr>\n<tr>\n<td>Stengel<\/td>\n<td>6061 Legierung, 31,8 mm, 7 \u00b0<\/td>\n<\/tr>\n<tr>\n<td>Lenker<\/td>\n<td>FSA Alloy Riser, 15 mm Anstieg, 760 mm<\/td>\n<\/tr>\n<tr>\n<td>Griffe<\/td>\n<td>Cannondale Verriegelungsgriffe<\/td>\n<\/tr>\n<tr>\n<td>Schalthebel<\/td>\n<td>Shimano Deore M6100, 1&#215;12-Geschwindigkeit<\/td>\n<\/tr>\n<tr>\n<td>Schaltwerk<\/td>\n<td>Shimano Deore M6100, 12-Gang<\/td>\n<\/tr>\n<tr>\n<td>Kurbelgarnitur<\/td>\n<td>Shimano M5100, 30T<\/td>\n<\/tr>\n<tr>\n<td>Tretlager<\/td>\n<td>Shimano Hollowtech II<\/td>\n<\/tr>\n<tr>\n<td>Kette<\/td>\n<td>KMC X12, 12-Gang<\/td>\n<\/tr>\n<tr>\n<td>Kassette<\/td>\n<td>Sunrace, 11-51T, 12-Gang<\/td>\n<\/tr>\n<tr>\n<td>Bremshebel<\/td>\n<td>Shimano MT200<\/td>\n<\/tr>\n<tr>\n<td>Bremsen<\/td>\n<td>Shimano MT200 Hydraulikscheibe, 160\/160 mm RT10 Rotoren<\/td>\n<\/tr>\n<tr>\n<td>Sattel<\/td>\n<td>Cannondale Ergo XC<\/td>\n<\/tr>\n<tr>\n<td>Sattelst\u00fctze<\/td>\n<td>Cannondale C3, 6061-Legierung, 27,2 x 350 mm (S), 400 mm (M-XL)<\/td>\n<\/tr>\n<tr>\n<td>Radsatz<\/td>\n<td>WTB STX i23 TCS, 32h, schlauchlos bereit<\/td>\n<\/tr>\n<tr>\n<td>Vorderradnabe<\/td>\n<td>Shimano MT400, 15&#215;110 mm Steckachse<\/td>\n<\/tr>\n<tr>\n<td>Hinterradnabe<\/td>\n<td>Shimano MT400 12&#215;148<\/td>\n<\/tr>\n<tr>\n<td>Reifen<\/td>\n<td>Schwalbe Rocket Rick, K-Guard, 29 x 2,25 &#8220;<\/td>\n<\/tr>\n<tr>\n<td>Gewicht<\/td>\n<td>&#8212;<\/td>\n<\/tr>\n<tr>\n<td>Farbe<\/td>\n<td>Black Pearl<\/td>\n<\/tr>\n<\/tbody>\n<\/table>\n<\/div>\n<div class=\"prodsheet_specs2 col col-sm-8 col-md-8 col-lg-8\">\n<h4>GEOMETRIEN:<\/h4>\n<p><img decoding=\"async\" src=\"http:\/\/media1.alltricks.fr\/ckfinder\/images\/hardtail_en.jpg\" \/><\/p>\n<table class=\"table table-striped\">\n<tbody>\n<tr>\n<td>Rahmengr\u00f6\u00dfe<\/td>\n<td>S<\/td>\n<td>M<\/td>\n<td>L<\/td>\n<td>XL<\/td>\n<\/tr>\n<tr>\n<td>Radgr\u00f6\u00dfe (Zoll)<\/td>\n<td>29<\/td>\n<td>29<\/td>\n<td>29<\/td>\n<td>29<\/td>\n<\/tr>\n<tr>\n<td>Sitzrohr (mm)<\/td>\n<td>390<\/td>\n<td>440<\/td>\n<td>470<\/td>\n<td>520<\/td>\n<\/tr>\n<tr>\n<td>Oberrohr (mm)<\/td>\n<td>561<\/td>\n<td>593<\/td>\n<td>621<\/td>\n<td>648<\/td>\n<\/tr>\n<tr>\n<td>Kettenstreben (mm)<\/td>\n<td>435<\/td>\n<td>435<\/td>\n<td>435<\/td>\n<td>435<\/td>\n<\/tr>\n<tr>\n<td>Steuerrohrl\u00e4nge (mm)<\/td>\n<td>90<\/td>\n<td>100<\/td>\n<td>110<\/td>\n<td>120<\/td>\n<\/tr>\n<tr>\n<td>Steuerrohrwinkel (\u00b0)<\/td>\n<td>68<\/td>\n<td>68<\/td>\n<td>68<\/td>\n<td>68<\/td>\n<\/tr>\n<tr>\n<td>Sitzrohrwinkel (\u00b0)<\/td>\n<td>75<\/td>\n<td>75<\/td>\n<td>75<\/td>\n<td>75<\/td>\n<\/tr>\n<tr>\n<td>Radstand (mm)<\/td>\n<td>1090<\/td>\n<td>1123<\/td>\n<td>1152<\/td>\n<td>1180<\/td>\n<\/tr>\n<tr>\n<td>Stapel (mm)<\/td>\n<td>598<\/td>\n<td>608<\/td>\n<td>617<\/td>\n<td>626<\/td>\n<\/tr>\n<tr>\n<td>Reichweite (mm)<\/td>\n<td>389<\/td>\n<td>419<\/td>\n<td>444<\/td>\n<td>469<\/td>\n<\/tr>\n<\/tbody>\n<\/table>\n<\/div>\n<\/div>","protected":false},"excerpt":{"rendered":"<p>CANNONDALE TRAIL SL 3 HARDTAIL MTB SHIMANO DEORE 12S 29&#8221; SCHWARZ PEARL Aufleveln! Das\u00a0Cannondale Trail SL 3\u00a0ist ein Mountainbike, das<\/p>","protected":false},"featured_media":60543,"comment_status":"open","ping_status":"closed","template":"","meta":{"_rtcl_gb_attr":""},"product_brand":[],"product_cat":[783],"product_tag":[],"class_list":{"0":"post-11473","1":"product","2":"type-product","3":"status-publish","4":"has-post-thumbnail","6":"product_cat-accessories","7":"pa_marke-cannondale","9":"first","10":"instock","11":"sale","12":"taxable","13":"shipping-taxable","14":"purchasable","15":"product-type-variable"},"yoast_head":"<!-- This site is optimized with the Yoast SEO Premium plugin v20.12 (Yoast SEO v27.4) - https:\/\/yoast.com\/product\/yoast-seo-premium-wordpress\/ -->\n<title>CANNONDALE TRAIL SL 3 HARDTAIL MTB SHIMANO SCHWARZ PEARL<\/title>\n<meta name=\"description\" content=\"Entdecken Sie unseren Online-Fahrradladen: Gro\u00dfe Auswahl an Modellen f\u00fcr alle Radsportbegeisterten. Von Rennr\u00e4dern bis zu Mountainbikes - finden Sie heute Ihren perfekten Wegbegleiter!\" \/>\n<meta name=\"robots\" content=\"index, follow, max-snippet:-1, max-image-preview:large, max-video-preview:-1\" \/>\n<link rel=\"canonical\" href=\"https:\/\/cioelectro.com\/en\/produkt\/cannondale-trail-sl-3-hardtail-mtb-shimano-schwarz-pearl\/\" \/>\n<meta property=\"og:locale\" content=\"en_US\" \/>\n<meta property=\"og:type\" content=\"article\" \/>\n<meta property=\"og:title\" content=\"CANNONDALE TRAIL SL 3 HARDTAIL MTB SHIMANO SCHWARZ PEARL\" \/>\n<meta property=\"og:description\" content=\"Entdecken Sie unseren Online-Fahrradladen: Gro\u00dfe Auswahl an Modellen f\u00fcr alle Radsportbegeisterten. Von Rennr\u00e4dern bis zu Mountainbikes - finden Sie heute Ihren perfekten Wegbegleiter!\" \/>\n<meta property=\"og:url\" content=\"https:\/\/cioelectro.com\/en\/produkt\/cannondale-trail-sl-3-hardtail-mtb-shimano-schwarz-pearl\/\" \/>\n<meta property=\"og:site_name\" content=\"cioelectro.com\" \/>\n<meta property=\"article:modified_time\" content=\"2023-08-10T13:51:03+00:00\" \/>\n<meta property=\"og:image\" content=\"https:\/\/cioelectro.com\/wp-content\/uploads\/2023\/06\/CANNONDALE-TRAIL-SL-3-HARDTAIL-MTB-SHIMANO-DEORE-12S-29-SCHWARZ-PEARL.jpg\" \/>\n\t<meta property=\"og:image:width\" content=\"600\" \/>\n\t<meta property=\"og:image:height\" content=\"408\" \/>\n\t<meta property=\"og:image:type\" content=\"image\/jpeg\" \/>\n<meta name=\"twitter:card\" content=\"summary_large_image\" \/>\n<meta name=\"twitter:label1\" content=\"Est. reading time\" \/>\n\t<meta name=\"twitter:data1\" content=\"3 minutes\" \/>\n<script type=\"application\/ld+json\" class=\"yoast-schema-graph\">{\"@context\":\"https:\\\/\\\/schema.org\",\"@graph\":[{\"@type\":\"WebPage\",\"@id\":\"https:\\\/\\\/cioelectro.com\\\/produkt\\\/cannondale-trail-sl-3-hardtail-mtb-shimano-schwarz-pearl\\\/\",\"url\":\"https:\\\/\\\/cioelectro.com\\\/produkt\\\/cannondale-trail-sl-3-hardtail-mtb-shimano-schwarz-pearl\\\/\",\"name\":\"CANNONDALE TRAIL SL 3 HARDTAIL MTB SHIMANO SCHWARZ PEARL\",\"isPartOf\":{\"@id\":\"https:\\\/\\\/cioelectro.com\\\/#website\"},\"primaryImageOfPage\":{\"@id\":\"https:\\\/\\\/cioelectro.com\\\/produkt\\\/cannondale-trail-sl-3-hardtail-mtb-shimano-schwarz-pearl\\\/#primaryimage\"},\"image\":{\"@id\":\"https:\\\/\\\/cioelectro.com\\\/produkt\\\/cannondale-trail-sl-3-hardtail-mtb-shimano-schwarz-pearl\\\/#primaryimage\"},\"thumbnailUrl\":\"https:\\\/\\\/cioelectro.com\\\/wp-content\\\/uploads\\\/2023\\\/06\\\/CANNONDALE-TRAIL-SL-3-HARDTAIL-MTB-SHIMANO-DEORE-12S-29-SCHWARZ-PEARL.jpg\",\"datePublished\":\"2022-07-28T14:23:23+00:00\",\"dateModified\":\"2023-08-10T13:51:03+00:00\",\"description\":\"Entdecken Sie unseren Online-Fahrradladen: Gro\u00dfe Auswahl an Modellen f\u00fcr alle Radsportbegeisterten. Von Rennr\u00e4dern bis zu Mountainbikes - finden Sie heute Ihren perfekten Wegbegleiter!\",\"breadcrumb\":{\"@id\":\"https:\\\/\\\/cioelectro.com\\\/produkt\\\/cannondale-trail-sl-3-hardtail-mtb-shimano-schwarz-pearl\\\/#breadcrumb\"},\"inLanguage\":\"en-US\",\"potentialAction\":[{\"@type\":\"ReadAction\",\"target\":[\"https:\\\/\\\/cioelectro.com\\\/produkt\\\/cannondale-trail-sl-3-hardtail-mtb-shimano-schwarz-pearl\\\/\"]}]},{\"@type\":\"ImageObject\",\"inLanguage\":\"en-US\",\"@id\":\"https:\\\/\\\/cioelectro.com\\\/produkt\\\/cannondale-trail-sl-3-hardtail-mtb-shimano-schwarz-pearl\\\/#primaryimage\",\"url\":\"https:\\\/\\\/cioelectro.com\\\/wp-content\\\/uploads\\\/2023\\\/06\\\/CANNONDALE-TRAIL-SL-3-HARDTAIL-MTB-SHIMANO-DEORE-12S-29-SCHWARZ-PEARL.jpg\",\"contentUrl\":\"https:\\\/\\\/cioelectro.com\\\/wp-content\\\/uploads\\\/2023\\\/06\\\/CANNONDALE-TRAIL-SL-3-HARDTAIL-MTB-SHIMANO-DEORE-12S-29-SCHWARZ-PEARL.jpg\",\"width\":600,\"height\":408,\"caption\":\"CANNONDALE TRAIL SL 3 HARDTAIL MTB SHIMANO DEORE 12S 29'' SCHWARZ PEARL\"},{\"@type\":\"BreadcrumbList\",\"@id\":\"https:\\\/\\\/cioelectro.com\\\/produkt\\\/cannondale-trail-sl-3-hardtail-mtb-shimano-schwarz-pearl\\\/#breadcrumb\",\"itemListElement\":[{\"@type\":\"ListItem\",\"position\":1,\"name\":\"Startseite\",\"item\":\"https:\\\/\\\/cioelectro.com\\\/\"},{\"@type\":\"ListItem\",\"position\":2,\"name\":\"LADEN\",\"item\":\"https:\\\/\\\/cioelectro.com\\\/laden\\\/\"},{\"@type\":\"ListItem\",\"position\":3,\"name\":\"CANNONDALE TRAIL SL 3 HARDTAIL MTB SHIMANO SCHWARZ PEARL\"}]},{\"@type\":\"WebSite\",\"@id\":\"https:\\\/\\\/cioelectro.com\\\/#website\",\"url\":\"https:\\\/\\\/cioelectro.com\\\/\",\"name\":\"cioelectro.com\",\"description\":\"Treten Sie mit uns ins Abenteuer!\",\"publisher\":{\"@id\":\"https:\\\/\\\/cioelectro.com\\\/#organization\"},\"alternateName\":\"MEIN RADLADEN\",\"potentialAction\":[{\"@type\":\"SearchAction\",\"target\":{\"@type\":\"EntryPoint\",\"urlTemplate\":\"https:\\\/\\\/cioelectro.com\\\/?s={search_term_string}\"},\"query-input\":{\"@type\":\"PropertyValueSpecification\",\"valueRequired\":true,\"valueName\":\"search_term_string\"}}],\"inLanguage\":\"en-US\"},{\"@type\":\"Organization\",\"@id\":\"https:\\\/\\\/cioelectro.com\\\/#organization\",\"name\":\"CIOELECTRO\",\"alternateName\":\"MEIN RADLADEN\",\"url\":\"https:\\\/\\\/cioelectro.com\\\/\",\"logo\":{\"@type\":\"ImageObject\",\"inLanguage\":\"en-US\",\"@id\":\"https:\\\/\\\/cioelectro.com\\\/#\\\/schema\\\/logo\\\/image\\\/\",\"url\":\"https:\\\/\\\/cioelectro.com\\\/wp-content\\\/uploads\\\/2025\\\/12\\\/Logo-2-1200x800.png\",\"contentUrl\":\"https:\\\/\\\/cioelectro.com\\\/wp-content\\\/uploads\\\/2025\\\/12\\\/Logo-2-1200x800.png\",\"width\":1200,\"height\":800,\"caption\":\"CIOELECTRO\"},\"image\":{\"@id\":\"https:\\\/\\\/cioelectro.com\\\/#\\\/schema\\\/logo\\\/image\\\/\"}}]}<\/script>\n<!-- \/ Yoast SEO Premium plugin. -->","yoast_head_json":{"title":"CANNONDALE TRAIL SL 3 HARDTAIL MTB SHIMANO SCHWARZ PEARL","description":"Entdecken Sie unseren Online-Fahrradladen: Gro\u00dfe Auswahl an Modellen f\u00fcr alle Radsportbegeisterten. Von Rennr\u00e4dern bis zu Mountainbikes - finden Sie heute Ihren perfekten Wegbegleiter!","robots":{"index":"index","follow":"follow","max-snippet":"max-snippet:-1","max-image-preview":"max-image-preview:large","max-video-preview":"max-video-preview:-1"},"canonical":"https:\/\/cioelectro.com\/en\/produkt\/cannondale-trail-sl-3-hardtail-mtb-shimano-schwarz-pearl\/","og_locale":"en_US","og_type":"article","og_title":"CANNONDALE TRAIL SL 3 HARDTAIL MTB SHIMANO SCHWARZ PEARL","og_description":"Entdecken Sie unseren Online-Fahrradladen: Gro\u00dfe Auswahl an Modellen f\u00fcr alle Radsportbegeisterten. Von Rennr\u00e4dern bis zu Mountainbikes - finden Sie heute Ihren perfekten Wegbegleiter!","og_url":"https:\/\/cioelectro.com\/en\/produkt\/cannondale-trail-sl-3-hardtail-mtb-shimano-schwarz-pearl\/","og_site_name":"cioelectro.com","article_modified_time":"2023-08-10T13:51:03+00:00","og_image":[{"width":600,"height":408,"url":"https:\/\/cioelectro.com\/wp-content\/uploads\/2023\/06\/CANNONDALE-TRAIL-SL-3-HARDTAIL-MTB-SHIMANO-DEORE-12S-29-SCHWARZ-PEARL.jpg","type":"image\/jpeg"}],"twitter_card":"summary_large_image","twitter_misc":{"Est. reading time":"3 minutes"},"schema":{"@context":"https:\/\/schema.org","@graph":[{"@type":"WebPage","@id":"https:\/\/cioelectro.com\/produkt\/cannondale-trail-sl-3-hardtail-mtb-shimano-schwarz-pearl\/","url":"https:\/\/cioelectro.com\/produkt\/cannondale-trail-sl-3-hardtail-mtb-shimano-schwarz-pearl\/","name":"CANNONDALE TRAIL SL 3 HARDTAIL MTB SHIMANO SCHWARZ PEARL","isPartOf":{"@id":"https:\/\/cioelectro.com\/#website"},"primaryImageOfPage":{"@id":"https:\/\/cioelectro.com\/produkt\/cannondale-trail-sl-3-hardtail-mtb-shimano-schwarz-pearl\/#primaryimage"},"image":{"@id":"https:\/\/cioelectro.com\/produkt\/cannondale-trail-sl-3-hardtail-mtb-shimano-schwarz-pearl\/#primaryimage"},"thumbnailUrl":"https:\/\/cioelectro.com\/wp-content\/uploads\/2023\/06\/CANNONDALE-TRAIL-SL-3-HARDTAIL-MTB-SHIMANO-DEORE-12S-29-SCHWARZ-PEARL.jpg","datePublished":"2022-07-28T14:23:23+00:00","dateModified":"2023-08-10T13:51:03+00:00","description":"Entdecken Sie unseren Online-Fahrradladen: Gro\u00dfe Auswahl an Modellen f\u00fcr alle Radsportbegeisterten. Von Rennr\u00e4dern bis zu Mountainbikes - finden Sie heute Ihren perfekten Wegbegleiter!","breadcrumb":{"@id":"https:\/\/cioelectro.com\/produkt\/cannondale-trail-sl-3-hardtail-mtb-shimano-schwarz-pearl\/#breadcrumb"},"inLanguage":"en-US","potentialAction":[{"@type":"ReadAction","target":["https:\/\/cioelectro.com\/produkt\/cannondale-trail-sl-3-hardtail-mtb-shimano-schwarz-pearl\/"]}]},{"@type":"ImageObject","inLanguage":"en-US","@id":"https:\/\/cioelectro.com\/produkt\/cannondale-trail-sl-3-hardtail-mtb-shimano-schwarz-pearl\/#primaryimage","url":"https:\/\/cioelectro.com\/wp-content\/uploads\/2023\/06\/CANNONDALE-TRAIL-SL-3-HARDTAIL-MTB-SHIMANO-DEORE-12S-29-SCHWARZ-PEARL.jpg","contentUrl":"https:\/\/cioelectro.com\/wp-content\/uploads\/2023\/06\/CANNONDALE-TRAIL-SL-3-HARDTAIL-MTB-SHIMANO-DEORE-12S-29-SCHWARZ-PEARL.jpg","width":600,"height":408,"caption":"CANNONDALE TRAIL SL 3 HARDTAIL MTB SHIMANO DEORE 12S 29'' SCHWARZ PEARL"},{"@type":"BreadcrumbList","@id":"https:\/\/cioelectro.com\/produkt\/cannondale-trail-sl-3-hardtail-mtb-shimano-schwarz-pearl\/#breadcrumb","itemListElement":[{"@type":"ListItem","position":1,"name":"Startseite","item":"https:\/\/cioelectro.com\/"},{"@type":"ListItem","position":2,"name":"LADEN","item":"https:\/\/cioelectro.com\/laden\/"},{"@type":"ListItem","position":3,"name":"CANNONDALE TRAIL SL 3 HARDTAIL MTB SHIMANO SCHWARZ PEARL"}]},{"@type":"WebSite","@id":"https:\/\/cioelectro.com\/#website","url":"https:\/\/cioelectro.com\/","name":"cioelectro.com","description":"Treten Sie mit uns ins Abenteuer!","publisher":{"@id":"https:\/\/cioelectro.com\/#organization"},"alternateName":"MEIN RADLADEN","potentialAction":[{"@type":"SearchAction","target":{"@type":"EntryPoint","urlTemplate":"https:\/\/cioelectro.com\/?s={search_term_string}"},"query-input":{"@type":"PropertyValueSpecification","valueRequired":true,"valueName":"search_term_string"}}],"inLanguage":"en-US"},{"@type":"Organization","@id":"https:\/\/cioelectro.com\/#organization","name":"CIOELECTRO","alternateName":"MEIN RADLADEN","url":"https:\/\/cioelectro.com\/","logo":{"@type":"ImageObject","inLanguage":"en-US","@id":"https:\/\/cioelectro.com\/#\/schema\/logo\/image\/","url":"https:\/\/cioelectro.com\/wp-content\/uploads\/2025\/12\/Logo-2-1200x800.png","contentUrl":"https:\/\/cioelectro.com\/wp-content\/uploads\/2025\/12\/Logo-2-1200x800.png","width":1200,"height":800,"caption":"CIOELECTRO"},"image":{"@id":"https:\/\/cioelectro.com\/#\/schema\/logo\/image\/"}}]}},"_links":{"self":[{"href":"https:\/\/cioelectro.com\/en\/wp-json\/wp\/v2\/product\/11473","targetHints":{"allow":["GET"]}}],"collection":[{"href":"https:\/\/cioelectro.com\/en\/wp-json\/wp\/v2\/product"}],"about":[{"href":"https:\/\/cioelectro.com\/en\/wp-json\/wp\/v2\/types\/product"}],"replies":[{"embeddable":true,"href":"https:\/\/cioelectro.com\/en\/wp-json\/wp\/v2\/comments?post=11473"}],"version-history":[{"count":0,"href":"https:\/\/cioelectro.com\/en\/wp-json\/wp\/v2\/product\/11473\/revisions"}],"wp:featuredmedia":[{"embeddable":true,"href":"https:\/\/cioelectro.com\/en\/wp-json\/wp\/v2\/media\/60543"}],"wp:attachment":[{"href":"https:\/\/cioelectro.com\/en\/wp-json\/wp\/v2\/media?parent=11473"}],"wp:term":[{"taxonomy":"product_brand","embeddable":true,"href":"https:\/\/cioelectro.com\/en\/wp-json\/wp\/v2\/product_brand?post=11473"},{"taxonomy":"product_cat","embeddable":true,"href":"https:\/\/cioelectro.com\/en\/wp-json\/wp\/v2\/product_cat?post=11473"},{"taxonomy":"product_tag","embeddable":true,"href":"https:\/\/cioelectro.com\/en\/wp-json\/wp\/v2\/product_tag?post=11473"}],"curies":[{"name":"wp","href":"https:\/\/api.w.org\/{rel}","templated":true}]}}