{"id":11541,"date":"2022-07-28T17:12:27","date_gmt":"2022-07-28T15:12:27","guid":{"rendered":"https:\/\/meinradladen.com\/?post_type=product&#038;p=11541"},"modified":"2023-08-10T15:42:25","modified_gmt":"2023-08-10T13:42:25","slug":"mountainbike-all-suspendable-santa-cruz-nomad-2022","status":"publish","type":"product","link":"https:\/\/cioelectro.com\/en\/produkt\/mountainbike-all-suspendable-santa-cruz-nomad-2022\/","title":{"rendered":"MOUNTAINBIKE ALL-SUSPENDABLE SANTA CRUZ NOMAD 2022"},"content":{"rendered":"<div id=\"product-header-order-name\" class=\"col-lg-20 col-md-20 col-sm-20 col-xs-20\">\n<h2 class=\"heading-title-text\">MOUNTAINBIKE ALL-SUSPENDABLE SANTA CRUZ NOMAD C SRAM GX EAGLE 12V 27.5&#8221; BRAUN 2022<\/h2>\n<div class=\"col col-sm-12 col-md-12 col-lg-12\">\n<p>Um die besten Spots zu befahren, muss man einen nomadischen Lebensstil f\u00fchren. Treffen Sie sich mit Freunden auf einem abgelegenen Parkplatz, suchen Sie Wege aus, die vielleicht nicht einmal fahrbar sind, fahren Sie immer wieder die Wege, die fahrbar sind, und achten Sie dabei sehr genau auf die Ausr\u00fcstung, die dies erm\u00f6glicht. Die sch\u00f6nsten Spielzeuge sind dazu da, benutzt, missbraucht und repariert zu werden. So ist das Leben, so sind die Dinge, und deshalb wurde der <strong>Santa Cruz<\/strong> <strong>Nomad<\/strong>\u00a0erfunden.<\/p>\n<p>Wahrscheinlich das am meisten missbrauchte Modell bei Santa Cruz, hat jeder\u00a0<strong>Nomad<\/strong>\u00a0seine eigene Geschichte und verlangt immer wieder nach mehr. Es handelt sich hierbei nicht um das Stockholm-Syndrom, sondern lediglich um eine Versicherung, dass das Rad dank seiner robusten Konstruktion, dem kostenlosen, lebenslangen Austausch der Lager und dem Schmieranschluss an der unteren Kurbelstange immer zuverl\u00e4ssig ist. Warum sollten Sie Ihr Fahrrad wechseln, wenn ein einfacher Austausch der Lager Ihrem Fahrrad eine neue Jugend verleihen kann? Das ist unsere Vision von Nachhaltigkeit und der Grund, warum Carbon f\u00fcr uns nicht nur leicht ist, sondern auch stabil, mit lebenslanger Garantie und einem gro\u00dfz\u00fcgigen Crash Replacement-Programm, wenn es n\u00f6tig ist.<\/p>\n<\/div>\n<div class=\"prodsheet_bullets col col-sm-8 col-md-8 col-lg-8\">\n<h4>DIE PRODUKTVORTEILE :<\/h4>\n<ul>\n<li>Santa Cruz Nomad C-Rahmen aus Kohlefaser.<\/li>\n<li>Fox 38 Float Performance Gabel, 170 mm Federweg, 27.5&#8243;<\/li>\n<li>Rockshox Super Deluxe Select+ Sto\u00dfd\u00e4mpfer.<\/li>\n<li>Sram GX Eagle 1&#215;12-Gang Gruppe.<\/li>\n<li>Sram Code R 200\/200 mm Bremsen.<\/li>\n<\/ul>\n<\/div>\n<div class=\"prodsheet_specs1 col col-sm-12 col-md-12 col-lg-12\">\n<h4>DETAILS :<\/h4>\n<table class=\"table table-striped\">\n<tbody>\n<tr>\n<td>Rahmen<\/td>\n<td>Carbon: Santa Cruz Nomad C, 170 mm<\/td>\n<\/tr>\n<tr>\n<td>Gabel<\/td>\n<td>FOX 38 Float Performance, 170 mm, 27.5&#8243;<\/td>\n<\/tr>\n<tr>\n<td>Sto\u00dfd\u00e4mpfer<\/td>\n<td>RockShox Super Deluxe Select+<\/td>\n<\/tr>\n<tr>\n<td>Schalthebel<\/td>\n<td>SRAM GX Eagle, 1&#215;12 G\u00e4nge<\/td>\n<\/tr>\n<tr>\n<td>Umwerfer Hinten<\/td>\n<td>SRAM GX Eagle, 12-Gang<\/td>\n<\/tr>\n<tr>\n<td>Kassette<\/td>\n<td>SRAM XG1275 Eagle 10-50 Z\u00e4hne<\/td>\n<\/tr>\n<tr>\n<td>Kette<\/td>\n<td>SRAM GX Eagle 12 SPD<\/td>\n<\/tr>\n<tr>\n<td>Tretlager<\/td>\n<td>SRAM GX Eagle 148 DUB, 32 Z\u00e4hne<\/td>\n<\/tr>\n<tr>\n<td>Tretlagergeh\u00e4use<\/td>\n<td>SRAM DUB 68\/73mm Threaded BB<\/td>\n<\/tr>\n<tr>\n<td>Bremsen<\/td>\n<td>SRAM Code R \/ Rotoren: Avid Centerline 200\/200 mm<\/td>\n<\/tr>\n<tr>\n<td>Laufr\u00e4der<\/td>\n<td>RaceFace AR Offset 30 27.5&#8243;<\/td>\n<\/tr>\n<tr>\n<td>Reifen<\/td>\n<td>F: Maxxis Assegai 27.5 &#8220;x2.5&#8221;, 3C, MaxxGRIP, EXO+, TR<br \/>\nR: Maxxis Minion DHR II 27.5 &#8220;x2.4&#8221;, 3C, EXO+<\/td>\n<\/tr>\n<tr>\n<td>Lenker<\/td>\n<td>Burgtec Alloy Bar, 800mm, 30mm Rise<\/td>\n<\/tr>\n<tr>\n<td>Griffe<\/td>\n<td>Santa Cruz House Grips oder Burgtec Bartender Pro Grip Minnaar<\/td>\n<\/tr>\n<tr>\n<td>Vorbau<\/td>\n<td>Burgtec Enduro MK3, 42.5mm<\/td>\n<\/tr>\n<tr>\n<td>Steuersatz<\/td>\n<td>Cane Creek 40 IS Integrated Headset<\/td>\n<\/tr>\n<tr>\n<td>Sattel<\/td>\n<td>WTB Silverado Pro Saddle oder WTB Volt<\/td>\n<\/tr>\n<tr>\n<td>Sattelst\u00fctze<\/td>\n<td>RockShox Reverb Stealth 31.6<\/td>\n<\/tr>\n<tr>\n<td>Gewicht<\/td>\n<td>15.04 kg<\/td>\n<\/tr>\n<tr>\n<td>Farben<\/td>\n<td>Adder Green und Magenta<\/td>\n<\/tr>\n<\/tbody>\n<\/table>\n<\/div>\n<div class=\"prodsheet_specs2 col col-sm-8 col-md-8 col-lg-8\">\n<h4>GEOMETRIEN:<\/h4>\n<p><strong>Position Niedrig :<\/strong>\u00a0<img decoding=\"async\" src=\"http:\/\/media1.alltricks.fr\/ckfinder\/images\/cube_Full-Suspension_geo_fr.jpg\" \/><\/p>\n<table class=\"table table-striped\">\n<tbody>\n<tr>\n<th>Gr\u00f6\u00dfe Rahmen<\/th>\n<th>S<\/th>\n<th>M<\/th>\n<th>L<\/th>\n<th>XL<\/th>\n<\/tr>\n<\/tbody>\n<tbody>\n<tr>\n<td>Reach (mm)<\/td>\n<td>422<\/td>\n<td>447<\/td>\n<td>472<\/td>\n<td>497<\/td>\n<\/tr>\n<tr>\n<td>Stack (mm)<\/td>\n<td>603<\/td>\n<td>617<\/td>\n<td>626<\/td>\n<td>648<\/td>\n<\/tr>\n<tr>\n<td>Winkel des Steuerrohrs (\u00b0)<\/td>\n<td>63.7<\/td>\n<td>63.7<\/td>\n<td>63.7<\/td>\n<td>63.7<\/td>\n<\/tr>\n<tr>\n<td>L\u00e4nge der Sattelst\u00fctze (mm)<\/td>\n<td>380<\/td>\n<td>405<\/td>\n<td>430<\/td>\n<td>460<\/td>\n<\/tr>\n<tr>\n<td>Front Center (mm)<\/td>\n<td>760<\/td>\n<td>792<\/td>\n<td>821<\/td>\n<td>857<\/td>\n<\/tr>\n<tr>\n<td>H\u00f6he des Tretlagers (mm)<\/td>\n<td>340<\/td>\n<td>340<\/td>\n<td>340<\/td>\n<td>340<\/td>\n<\/tr>\n<tr>\n<td>BB Drop (mm)<\/td>\n<td>14<\/td>\n<td>14<\/td>\n<td>14<\/td>\n<td>14<\/td>\n<\/tr>\n<tr>\n<td>Radstand (mm)<\/td>\n<td>1186<\/td>\n<td>1223<\/td>\n<td>1257<\/td>\n<td>1298<\/td>\n<\/tr>\n<tr>\n<td>L\u00e4nge der Basis (mm)<\/td>\n<td>426<\/td>\n<td>431<\/td>\n<td>436<\/td>\n<td>441<\/td>\n<\/tr>\n<tr>\n<td>L\u00e4nge des Steuerrohrs (mm)<\/td>\n<td>115<\/td>\n<td>130<\/td>\n<td>140<\/td>\n<td>165<\/td>\n<\/tr>\n<tr>\n<td>L\u00e4nge des Oberrohrs (mm)<\/td>\n<td>552<\/td>\n<td>582<\/td>\n<td>610<\/td>\n<td>644<\/td>\n<\/tr>\n<tr>\n<td>Winkel des Sattelrohrs (\u00b0)<\/td>\n<td>77.9<\/td>\n<td>77.7<\/td>\n<td>77.5<\/td>\n<td>77.2<\/td>\n<\/tr>\n<tr>\n<td>Standover (mm)<\/td>\n<td>706<\/td>\n<td>727<\/td>\n<td>728<\/td>\n<td>727<\/td>\n<\/tr>\n<\/tbody>\n<\/table>\n<\/div>\n<\/div>\n<div id=\"product-header-order-form\" class=\"js-reload-on-event col-lg-20 col-md-20 col-sm-20 col-xs-20\" data-to-watch=\"body\" data-event=\"alltricks:cartChanged\" data-url=\"\/ajax\/product\/ajouter\/F-11947-velos-complets-vtt\/P-2127994-mountainbike_all_suspendable_santa_cruz_nomad_c_sram_gx_eagle_12v_27_5___braun_2022\"><\/div>","protected":false},"excerpt":{"rendered":"<table class=\"table table-striped\">\n<tbody>\n<tr>\n<td class=\"spec-name\">Geschlecht<\/td>\n<td class=\"spec-value\">Herren<\/td>\n<\/tr>\n<tr>\n<td class=\"spec-name\">Gruppe<\/td>\n<td class=\"spec-value\">Sram GX Eagle 12V<\/td>\n<\/tr>\n<tr>\n<td class=\"spec-name\">collection<\/td>\n<td class=\"spec-value\">2022<\/td>\n<\/tr>\n<tr>\n<td class=\"spec-name\">decimal weight<\/td>\n<td class=\"spec-value\">15.04<\/td>\n<\/tr>\n<\/tbody>\n<\/table>","protected":false},"featured_media":60557,"comment_status":"open","ping_status":"closed","template":"","meta":{"_rtcl_gb_attr":""},"product_brand":[],"product_cat":[783],"product_tag":[],"class_list":{"0":"post-11541","1":"product","2":"type-product","3":"status-publish","4":"has-post-thumbnail","6":"product_cat-accessories","7":"pa_marke-santa-cruz","9":"first","10":"instock","11":"sale","12":"taxable","13":"shipping-taxable","14":"purchasable","15":"product-type-variable"},"yoast_head":"<!-- This site is optimized with the Yoast SEO Premium plugin v20.12 (Yoast SEO v27.4) - https:\/\/yoast.com\/product\/yoast-seo-premium-wordpress\/ -->\n<title>MOUNTAINBIKE ALL-SUSPENDABLE SANTA CRUZ 2022<\/title>\n<meta name=\"description\" content=\"Entdecken Sie unseren Online-Fahrradladen: Gro\u00dfe Auswahl an Modellen f\u00fcr alle Radsportbegeisterten. Von Rennr\u00e4dern bis zu Mountainbikes - finden Sie heute Ihren perfekten Wegbegleiter!\" \/>\n<meta name=\"robots\" content=\"index, follow, max-snippet:-1, max-image-preview:large, max-video-preview:-1\" \/>\n<link rel=\"canonical\" href=\"https:\/\/cioelectro.com\/en\/produkt\/mountainbike-all-suspendable-santa-cruz-nomad-2022\/\" \/>\n<meta property=\"og:locale\" content=\"en_US\" \/>\n<meta property=\"og:type\" content=\"article\" \/>\n<meta property=\"og:title\" content=\"MOUNTAINBIKE ALL-SUSPENDABLE SANTA CRUZ NOMAD 2022\" \/>\n<meta property=\"og:description\" content=\"Entdecken Sie unseren Online-Fahrradladen: Gro\u00dfe Auswahl an Modellen f\u00fcr alle Radsportbegeisterten. Von Rennr\u00e4dern bis zu Mountainbikes - finden Sie heute Ihren perfekten Wegbegleiter!\" \/>\n<meta property=\"og:url\" content=\"https:\/\/cioelectro.com\/en\/produkt\/mountainbike-all-suspendable-santa-cruz-nomad-2022\/\" \/>\n<meta property=\"og:site_name\" content=\"cioelectro.com\" \/>\n<meta property=\"article:modified_time\" content=\"2023-08-10T13:42:25+00:00\" \/>\n<meta property=\"og:image\" content=\"https:\/\/cioelectro.com\/wp-content\/uploads\/2023\/06\/MOUNTAINBIKE-ALL-SUSPENDABLE-SANTA-CRUZ-NOMAD-C-SRAM-GX-EAGLE-12V-27.5-BRAUN-2022-.jpg\" \/>\n\t<meta property=\"og:image:width\" content=\"600\" \/>\n\t<meta property=\"og:image:height\" content=\"408\" \/>\n\t<meta property=\"og:image:type\" content=\"image\/jpeg\" \/>\n<meta name=\"twitter:card\" content=\"summary_large_image\" \/>\n<meta name=\"twitter:label1\" content=\"Est. reading time\" \/>\n\t<meta name=\"twitter:data1\" content=\"3 minutes\" \/>\n<script type=\"application\/ld+json\" class=\"yoast-schema-graph\">{\"@context\":\"https:\\\/\\\/schema.org\",\"@graph\":[{\"@type\":\"WebPage\",\"@id\":\"https:\\\/\\\/cioelectro.com\\\/produkt\\\/mountainbike-all-suspendable-santa-cruz-nomad-2022\\\/\",\"url\":\"https:\\\/\\\/cioelectro.com\\\/produkt\\\/mountainbike-all-suspendable-santa-cruz-nomad-2022\\\/\",\"name\":\"MOUNTAINBIKE ALL-SUSPENDABLE SANTA CRUZ 2022\",\"isPartOf\":{\"@id\":\"https:\\\/\\\/cioelectro.com\\\/#website\"},\"primaryImageOfPage\":{\"@id\":\"https:\\\/\\\/cioelectro.com\\\/produkt\\\/mountainbike-all-suspendable-santa-cruz-nomad-2022\\\/#primaryimage\"},\"image\":{\"@id\":\"https:\\\/\\\/cioelectro.com\\\/produkt\\\/mountainbike-all-suspendable-santa-cruz-nomad-2022\\\/#primaryimage\"},\"thumbnailUrl\":\"https:\\\/\\\/cioelectro.com\\\/wp-content\\\/uploads\\\/2023\\\/06\\\/MOUNTAINBIKE-ALL-SUSPENDABLE-SANTA-CRUZ-NOMAD-C-SRAM-GX-EAGLE-12V-27.5-BRAUN-2022-.jpg\",\"datePublished\":\"2022-07-28T15:12:27+00:00\",\"dateModified\":\"2023-08-10T13:42:25+00:00\",\"description\":\"Entdecken Sie unseren Online-Fahrradladen: Gro\u00dfe Auswahl an Modellen f\u00fcr alle Radsportbegeisterten. Von Rennr\u00e4dern bis zu Mountainbikes - finden Sie heute Ihren perfekten Wegbegleiter!\",\"breadcrumb\":{\"@id\":\"https:\\\/\\\/cioelectro.com\\\/produkt\\\/mountainbike-all-suspendable-santa-cruz-nomad-2022\\\/#breadcrumb\"},\"inLanguage\":\"en-US\",\"potentialAction\":[{\"@type\":\"ReadAction\",\"target\":[\"https:\\\/\\\/cioelectro.com\\\/produkt\\\/mountainbike-all-suspendable-santa-cruz-nomad-2022\\\/\"]}]},{\"@type\":\"ImageObject\",\"inLanguage\":\"en-US\",\"@id\":\"https:\\\/\\\/cioelectro.com\\\/produkt\\\/mountainbike-all-suspendable-santa-cruz-nomad-2022\\\/#primaryimage\",\"url\":\"https:\\\/\\\/cioelectro.com\\\/wp-content\\\/uploads\\\/2023\\\/06\\\/MOUNTAINBIKE-ALL-SUSPENDABLE-SANTA-CRUZ-NOMAD-C-SRAM-GX-EAGLE-12V-27.5-BRAUN-2022-.jpg\",\"contentUrl\":\"https:\\\/\\\/cioelectro.com\\\/wp-content\\\/uploads\\\/2023\\\/06\\\/MOUNTAINBIKE-ALL-SUSPENDABLE-SANTA-CRUZ-NOMAD-C-SRAM-GX-EAGLE-12V-27.5-BRAUN-2022-.jpg\",\"width\":600,\"height\":408,\"caption\":\"MOUNTAINBIKE ALL-SUSPENDABLE SANTA CRUZ NOMAD C SRAM GX EAGLE 12V 27.5'' BRAUN 2022\"},{\"@type\":\"BreadcrumbList\",\"@id\":\"https:\\\/\\\/cioelectro.com\\\/produkt\\\/mountainbike-all-suspendable-santa-cruz-nomad-2022\\\/#breadcrumb\",\"itemListElement\":[{\"@type\":\"ListItem\",\"position\":1,\"name\":\"Startseite\",\"item\":\"https:\\\/\\\/cioelectro.com\\\/\"},{\"@type\":\"ListItem\",\"position\":2,\"name\":\"LADEN\",\"item\":\"https:\\\/\\\/cioelectro.com\\\/laden\\\/\"},{\"@type\":\"ListItem\",\"position\":3,\"name\":\"MOUNTAINBIKE ALL-SUSPENDABLE SANTA CRUZ NOMAD 2022\"}]},{\"@type\":\"WebSite\",\"@id\":\"https:\\\/\\\/cioelectro.com\\\/#website\",\"url\":\"https:\\\/\\\/cioelectro.com\\\/\",\"name\":\"cioelectro.com\",\"description\":\"Treten Sie mit uns ins Abenteuer!\",\"publisher\":{\"@id\":\"https:\\\/\\\/cioelectro.com\\\/#organization\"},\"alternateName\":\"MEIN RADLADEN\",\"potentialAction\":[{\"@type\":\"SearchAction\",\"target\":{\"@type\":\"EntryPoint\",\"urlTemplate\":\"https:\\\/\\\/cioelectro.com\\\/?s={search_term_string}\"},\"query-input\":{\"@type\":\"PropertyValueSpecification\",\"valueRequired\":true,\"valueName\":\"search_term_string\"}}],\"inLanguage\":\"en-US\"},{\"@type\":\"Organization\",\"@id\":\"https:\\\/\\\/cioelectro.com\\\/#organization\",\"name\":\"CIOELECTRO\",\"alternateName\":\"MEIN RADLADEN\",\"url\":\"https:\\\/\\\/cioelectro.com\\\/\",\"logo\":{\"@type\":\"ImageObject\",\"inLanguage\":\"en-US\",\"@id\":\"https:\\\/\\\/cioelectro.com\\\/#\\\/schema\\\/logo\\\/image\\\/\",\"url\":\"https:\\\/\\\/cioelectro.com\\\/wp-content\\\/uploads\\\/2025\\\/12\\\/Logo-2-1200x800.png\",\"contentUrl\":\"https:\\\/\\\/cioelectro.com\\\/wp-content\\\/uploads\\\/2025\\\/12\\\/Logo-2-1200x800.png\",\"width\":1200,\"height\":800,\"caption\":\"CIOELECTRO\"},\"image\":{\"@id\":\"https:\\\/\\\/cioelectro.com\\\/#\\\/schema\\\/logo\\\/image\\\/\"}}]}<\/script>\n<!-- \/ Yoast SEO Premium plugin. -->","yoast_head_json":{"title":"MOUNTAINBIKE ALL-SUSPENDABLE SANTA CRUZ 2022","description":"Entdecken Sie unseren Online-Fahrradladen: Gro\u00dfe Auswahl an Modellen f\u00fcr alle Radsportbegeisterten. Von Rennr\u00e4dern bis zu Mountainbikes - finden Sie heute Ihren perfekten Wegbegleiter!","robots":{"index":"index","follow":"follow","max-snippet":"max-snippet:-1","max-image-preview":"max-image-preview:large","max-video-preview":"max-video-preview:-1"},"canonical":"https:\/\/cioelectro.com\/en\/produkt\/mountainbike-all-suspendable-santa-cruz-nomad-2022\/","og_locale":"en_US","og_type":"article","og_title":"MOUNTAINBIKE ALL-SUSPENDABLE SANTA CRUZ NOMAD 2022","og_description":"Entdecken Sie unseren Online-Fahrradladen: Gro\u00dfe Auswahl an Modellen f\u00fcr alle Radsportbegeisterten. Von Rennr\u00e4dern bis zu Mountainbikes - finden Sie heute Ihren perfekten Wegbegleiter!","og_url":"https:\/\/cioelectro.com\/en\/produkt\/mountainbike-all-suspendable-santa-cruz-nomad-2022\/","og_site_name":"cioelectro.com","article_modified_time":"2023-08-10T13:42:25+00:00","og_image":[{"width":600,"height":408,"url":"https:\/\/cioelectro.com\/wp-content\/uploads\/2023\/06\/MOUNTAINBIKE-ALL-SUSPENDABLE-SANTA-CRUZ-NOMAD-C-SRAM-GX-EAGLE-12V-27.5-BRAUN-2022-.jpg","type":"image\/jpeg"}],"twitter_card":"summary_large_image","twitter_misc":{"Est. reading time":"3 minutes"},"schema":{"@context":"https:\/\/schema.org","@graph":[{"@type":"WebPage","@id":"https:\/\/cioelectro.com\/produkt\/mountainbike-all-suspendable-santa-cruz-nomad-2022\/","url":"https:\/\/cioelectro.com\/produkt\/mountainbike-all-suspendable-santa-cruz-nomad-2022\/","name":"MOUNTAINBIKE ALL-SUSPENDABLE SANTA CRUZ 2022","isPartOf":{"@id":"https:\/\/cioelectro.com\/#website"},"primaryImageOfPage":{"@id":"https:\/\/cioelectro.com\/produkt\/mountainbike-all-suspendable-santa-cruz-nomad-2022\/#primaryimage"},"image":{"@id":"https:\/\/cioelectro.com\/produkt\/mountainbike-all-suspendable-santa-cruz-nomad-2022\/#primaryimage"},"thumbnailUrl":"https:\/\/cioelectro.com\/wp-content\/uploads\/2023\/06\/MOUNTAINBIKE-ALL-SUSPENDABLE-SANTA-CRUZ-NOMAD-C-SRAM-GX-EAGLE-12V-27.5-BRAUN-2022-.jpg","datePublished":"2022-07-28T15:12:27+00:00","dateModified":"2023-08-10T13:42:25+00:00","description":"Entdecken Sie unseren Online-Fahrradladen: Gro\u00dfe Auswahl an Modellen f\u00fcr alle Radsportbegeisterten. Von Rennr\u00e4dern bis zu Mountainbikes - finden Sie heute Ihren perfekten Wegbegleiter!","breadcrumb":{"@id":"https:\/\/cioelectro.com\/produkt\/mountainbike-all-suspendable-santa-cruz-nomad-2022\/#breadcrumb"},"inLanguage":"en-US","potentialAction":[{"@type":"ReadAction","target":["https:\/\/cioelectro.com\/produkt\/mountainbike-all-suspendable-santa-cruz-nomad-2022\/"]}]},{"@type":"ImageObject","inLanguage":"en-US","@id":"https:\/\/cioelectro.com\/produkt\/mountainbike-all-suspendable-santa-cruz-nomad-2022\/#primaryimage","url":"https:\/\/cioelectro.com\/wp-content\/uploads\/2023\/06\/MOUNTAINBIKE-ALL-SUSPENDABLE-SANTA-CRUZ-NOMAD-C-SRAM-GX-EAGLE-12V-27.5-BRAUN-2022-.jpg","contentUrl":"https:\/\/cioelectro.com\/wp-content\/uploads\/2023\/06\/MOUNTAINBIKE-ALL-SUSPENDABLE-SANTA-CRUZ-NOMAD-C-SRAM-GX-EAGLE-12V-27.5-BRAUN-2022-.jpg","width":600,"height":408,"caption":"MOUNTAINBIKE ALL-SUSPENDABLE SANTA CRUZ NOMAD C SRAM GX EAGLE 12V 27.5'' BRAUN 2022"},{"@type":"BreadcrumbList","@id":"https:\/\/cioelectro.com\/produkt\/mountainbike-all-suspendable-santa-cruz-nomad-2022\/#breadcrumb","itemListElement":[{"@type":"ListItem","position":1,"name":"Startseite","item":"https:\/\/cioelectro.com\/"},{"@type":"ListItem","position":2,"name":"LADEN","item":"https:\/\/cioelectro.com\/laden\/"},{"@type":"ListItem","position":3,"name":"MOUNTAINBIKE ALL-SUSPENDABLE SANTA CRUZ NOMAD 2022"}]},{"@type":"WebSite","@id":"https:\/\/cioelectro.com\/#website","url":"https:\/\/cioelectro.com\/","name":"cioelectro.com","description":"Treten Sie mit uns ins Abenteuer!","publisher":{"@id":"https:\/\/cioelectro.com\/#organization"},"alternateName":"MEIN RADLADEN","potentialAction":[{"@type":"SearchAction","target":{"@type":"EntryPoint","urlTemplate":"https:\/\/cioelectro.com\/?s={search_term_string}"},"query-input":{"@type":"PropertyValueSpecification","valueRequired":true,"valueName":"search_term_string"}}],"inLanguage":"en-US"},{"@type":"Organization","@id":"https:\/\/cioelectro.com\/#organization","name":"CIOELECTRO","alternateName":"MEIN RADLADEN","url":"https:\/\/cioelectro.com\/","logo":{"@type":"ImageObject","inLanguage":"en-US","@id":"https:\/\/cioelectro.com\/#\/schema\/logo\/image\/","url":"https:\/\/cioelectro.com\/wp-content\/uploads\/2025\/12\/Logo-2-1200x800.png","contentUrl":"https:\/\/cioelectro.com\/wp-content\/uploads\/2025\/12\/Logo-2-1200x800.png","width":1200,"height":800,"caption":"CIOELECTRO"},"image":{"@id":"https:\/\/cioelectro.com\/#\/schema\/logo\/image\/"}}]}},"_links":{"self":[{"href":"https:\/\/cioelectro.com\/en\/wp-json\/wp\/v2\/product\/11541","targetHints":{"allow":["GET"]}}],"collection":[{"href":"https:\/\/cioelectro.com\/en\/wp-json\/wp\/v2\/product"}],"about":[{"href":"https:\/\/cioelectro.com\/en\/wp-json\/wp\/v2\/types\/product"}],"replies":[{"embeddable":true,"href":"https:\/\/cioelectro.com\/en\/wp-json\/wp\/v2\/comments?post=11541"}],"version-history":[{"count":0,"href":"https:\/\/cioelectro.com\/en\/wp-json\/wp\/v2\/product\/11541\/revisions"}],"wp:featuredmedia":[{"embeddable":true,"href":"https:\/\/cioelectro.com\/en\/wp-json\/wp\/v2\/media\/60557"}],"wp:attachment":[{"href":"https:\/\/cioelectro.com\/en\/wp-json\/wp\/v2\/media?parent=11541"}],"wp:term":[{"taxonomy":"product_brand","embeddable":true,"href":"https:\/\/cioelectro.com\/en\/wp-json\/wp\/v2\/product_brand?post=11541"},{"taxonomy":"product_cat","embeddable":true,"href":"https:\/\/cioelectro.com\/en\/wp-json\/wp\/v2\/product_cat?post=11541"},{"taxonomy":"product_tag","embeddable":true,"href":"https:\/\/cioelectro.com\/en\/wp-json\/wp\/v2\/product_tag?post=11541"}],"curies":[{"name":"wp","href":"https:\/\/api.w.org\/{rel}","templated":true}]}}