{"id":11548,"date":"2022-07-28T17:48:58","date_gmt":"2022-07-28T15:48:58","guid":{"rendered":"https:\/\/meinradladen.com\/?post_type=product&#038;p=11548"},"modified":"2023-08-10T15:41:21","modified_gmt":"2023-08-10T13:41:21","slug":"full-suspension-mountainbike-santa-cruz-highower-melon-2022","status":"publish","type":"product","link":"https:\/\/cioelectro.com\/en\/produkt\/full-suspension-mountainbike-santa-cruz-highower-melon-2022\/","title":{"rendered":"FULL SUSPENSION MOUNTAINBIKE SANTA CRUZ HIGHOWER MELON 2022"},"content":{"rendered":"<div id=\"product-header-order-name\" class=\"col-lg-20 col-md-20 col-sm-20 col-xs-20\">\n<div id=\"product-header-order-name\" class=\"col-lg-20 col-md-20 col-sm-20 col-xs-20\">\n<h2 class=\"heading-title-text\">\u00a0FULL SUSPENSION MOUNTAINBIKE SANTA CRUZ HIGHOWER C SRAM GX EAGLE 12V 29&#8221; MELON 2022<\/h2>\n<\/div>\n<div class=\"col col-sm-12 col-md-12 col-lg-12\">\n<p class=\"col col-sm-12 col-md-12 col-lg-12\">Agiler als sein gro\u00dfer Bruder, der Megatower und steiler als sein Cousin der Tallboy, gl\u00e4nzt der <strong>SANTA CRUZ HIGHOWER,<\/strong>\u00a0wenn der Weg das Beste aus beiden Welten vereint und die sch\u00f6nsten Abfahrten auf Kosten langer Anstiege gehen. Die VPP-?Unterlenker?-Federung bietet eine eher lineare D\u00e4mpfungskurve, was bedeutet, dass sie jeden Sto\u00df schluckt und gleichzeitig eine Progressivit\u00e4t beh\u00e4lt, die normalerweise dem Downhill-Bike, dem V10, vorbehalten ist.<\/p>\n<p>145 mm Federweg hinten kombiniert mit 150 mm vorne erm\u00f6glichen dem Hightower einen weiteren Schritt in Sachen Kapazit\u00e4t gegen\u00fcber der ersten Generation. Verbunden mit einem eher liegenden 65,3\u00b0 Lenkeinschlag, passt der Hightower immer dann in eine relative Komfortzone mit einem gewissen Hauch von Wahnsinn, wenn die Situation angespannter wird.<\/p>\n<p>Der\u00a0<strong>Hightower<\/strong>\u00a0hat auch den ber\u00fchmten ?Flip-Chip?. In der hohen Position geht das Tretlager nach oben, ideal f\u00fcr technische und steinige Stra\u00dfen und \/ oder wenn Sie Plus-Reifen verwenden. In der unteren Position ist die D\u00e4mpfungskurve progressiver, um am Ende des Hubs noch mehr Widerstand zu bieten.<\/p>\n<div class=\"prodsheet_bullets col col-sm-8 col-md-8 col-lg-8\">\n<h4>DAS + PRODUKT:<\/h4>\n<ul>\n<li>Santa Cruz Hightower C Kohlefaserrahmen.<\/li>\n<li>OX 36 Float Performance-Gabel, 150 mm.<\/li>\n<li>RockShox Super Deluxe Select + D\u00e4mpfer.<\/li>\n<li>Sram GX Eagle 1&#215;12-fach Gruppe.<\/li>\n<li>Sram Code R 180\/180 mm Bremsen.<\/li>\n<\/ul>\n<\/div>\n<div class=\"prodsheet_specs1 col col-sm-12 col-md-12 col-lg-12\">\n<h4>EINZELHEITEN:<\/h4>\n<table class=\"table table-striped\">\n<tbody>\n<tr>\n<td>Rahmen<\/td>\n<td>Carbon: Santa Cruz Hightower C 29&#8221; Kit S<\/td>\n<\/tr>\n<tr>\n<td>Gabel<\/td>\n<td>FOX 36 Float Performance, 150mm, 29&#8243;<\/td>\n<\/tr>\n<tr>\n<td>Sto\u00dfd\u00e4mpfer<\/td>\n<td>RockShox Super Deluxe Select +<\/td>\n<\/tr>\n<tr>\n<td>Schalthebel<\/td>\n<td>SRAM GX Eagle, 1&#215;12-fach<\/td>\n<\/tr>\n<tr>\n<td>Schaltwerk<\/td>\n<td>Sram GX Eagle, 12-fach<\/td>\n<\/tr>\n<tr>\n<td>Kassette<\/td>\n<td>SRAM XG1275 Eagle, 12-fach, 10-50t<\/td>\n<\/tr>\n<tr>\n<td>Kette<\/td>\n<td>Sram GX Eagle<\/td>\n<\/tr>\n<tr>\n<td>Kurbel<\/td>\n<td>SRAM GX Eagle 148 DUB, 30 Z\u00e4hne<\/td>\n<\/tr>\n<tr>\n<td>Tretlager<\/td>\n<td>SRAM DUB 68 \/ 73mm<\/td>\n<\/tr>\n<tr>\n<td>Bremsen<\/td>\n<td>SRAM Code R \/ Avid Centerline 180\/180 mm<\/td>\n<\/tr>\n<tr>\n<td>R\u00e4der<\/td>\n<td>RaceFace AR Versatz 30 29&#8243;<\/td>\n<\/tr>\n<tr>\n<td>Naben<\/td>\n<td>F: DT Swiss 370, 15&#215;110, 6-Loch, 28h oder E13 SL, 15&#215;110, 6-Loch, 28h \/ R: DT Swiss 370, 12&#215;148, XD, 28h oder E13 SL, 12&#215;148, XD, 28h<\/td>\n<\/tr>\n<tr>\n<td>Reifen<\/td>\n<td>F: Maxxis Minion DHR II 29&#8243;x2,4&#8243;, 3C, MaxxGRIP, EXO, TR\/R: Maxxis Minion DHR 29&#8243;x2,4&#8243;, 3C, EXO, MaxxTerra<\/td>\n<\/tr>\n<tr>\n<td>Lenker<\/td>\n<td>Burgtec Alu-Lenker, 800 mm, 30 mm Rise<\/td>\n<\/tr>\n<tr>\n<td>Griffe<\/td>\n<td>Santa Cruz House Grips oder Burgtec Bartender Pro Grip Minnaar<\/td>\n<\/tr>\n<tr>\n<td>Galgen<\/td>\n<td>Burgtec Enduro MK3, 42,5 mm<\/td>\n<\/tr>\n<tr>\n<td>Headset<\/td>\n<td>Cane Creek 40 IS Integriert<\/td>\n<\/tr>\n<tr>\n<td>Sattel<\/td>\n<td>WTB Silverado Pro Sattel oder WTB Volt<\/td>\n<\/tr>\n<tr>\n<td>Sattelvorbau<\/td>\n<td>RockShox Reverb Stealth<\/td>\n<\/tr>\n<tr>\n<td>Gewicht<\/td>\n<td>14,54 kg<\/td>\n<\/tr>\n<tr>\n<td>Farben<\/td>\n<td>Melone<\/td>\n<\/tr>\n<\/tbody>\n<\/table>\n<\/div>\n<div class=\"prodsheet_specs2 col col-sm-8 col-md-8 col-lg-8\">\n<h4>GEOMETRIEN:<\/h4>\n<p><strong>Niedrige Position :<\/strong>\u00a0<img decoding=\"async\" src=\"http:\/\/media1.alltricks.fr\/ckfinder\/images\/cube_Full-Suspension_geo_en.jpg\" \/><\/p>\n<table class=\"table table-striped\">\n<tbody>\n<tr>\n<th>Rahmengr\u00f6\u00dfe<\/th>\n<th>S<\/th>\n<th>M<\/th>\n<th>L<\/th>\n<th>XL<\/th>\n<th>XXL<\/th>\n<\/tr>\n<\/tbody>\n<tbody>\n<tr>\n<td>Reichweite (mm)<\/td>\n<td>425<\/td>\n<td>450<\/td>\n<td>470<\/td>\n<td>490<\/td>\n<td>515<\/td>\n<\/tr>\n<tr>\n<td>Stapel (mm)<\/td>\n<td>603<\/td>\n<td>613<\/td>\n<td>621<\/td>\n<td>639<\/td>\n<td>662<\/td>\n<\/tr>\n<tr>\n<td>Steuerrohrwinkel (\u00b0)<\/td>\n<td>65,2<\/td>\n<td>65,2<\/td>\n<td>65,2<\/td>\n<td>65,2<\/td>\n<td>65,2<\/td>\n<\/tr>\n<tr>\n<td>Sattelst\u00fctzenl\u00e4nge (mm)<\/td>\n<td>380<\/td>\n<td>405<\/td>\n<td>430<\/td>\n<td>460<\/td>\n<td>500<\/td>\n<\/tr>\n<tr>\n<td>Vorne Mitte (mm)<\/td>\n<td>745<\/td>\n<td>774<\/td>\n<td>798<\/td>\n<td>827<\/td>\n<td>862<\/td>\n<\/tr>\n<tr>\n<td>Tretlagerh\u00f6he (mm)<\/td>\n<td>340<\/td>\n<td>340<\/td>\n<td>340<\/td>\n<td>340<\/td>\n<td>340<\/td>\n<\/tr>\n<tr>\n<td>Tretlager (mm)<\/td>\n<td>33<\/td>\n<td>33<\/td>\n<td>33<\/td>\n<td>33<\/td>\n<td>33<\/td>\n<\/tr>\n<tr>\n<td>Radstand (mm)<\/td>\n<td>1179<\/td>\n<td>1208<\/td>\n<td>1232<\/td>\n<td>1261<\/td>\n<td>1296<\/td>\n<\/tr>\n<tr>\n<td>Basisl\u00e4nge (mm)<\/td>\n<td>434<\/td>\n<td>434<\/td>\n<td>434<\/td>\n<td>434<\/td>\n<td>434<\/td>\n<\/tr>\n<tr>\n<td>Steuerrohrl\u00e4nge (mm)<\/td>\n<td>90<\/td>\n<td>100<\/td>\n<td>110<\/td>\n<td>130<\/td>\n<td>155<\/td>\n<\/tr>\n<tr>\n<td>Oberrohrl\u00e4nge (mm)<\/td>\n<td>567<\/td>\n<td>596<\/td>\n<td>619<\/td>\n<td>646<\/td>\n<td>680<\/td>\n<\/tr>\n<tr>\n<td>Sitzwinkel (\u00b0)<\/td>\n<td>76,7<\/td>\n<td>76,6<\/td>\n<td>76,5<\/td>\n<td>76,3<\/td>\n<td>76<\/td>\n<\/tr>\n<tr>\n<td>\u00dcberstand (mm)<\/td>\n<td>699<\/td>\n<td>713<\/td>\n<td>713<\/td>\n<td>713<\/td>\n<td>704<\/td>\n<\/tr>\n<\/tbody>\n<\/table>\n<\/div>\n<\/div>\n<\/div>","protected":false},"excerpt":{"rendered":"<div class=\"col-lg-14 col-md-14 col-sm-14 col-xs-20\"><\/div>\n<div id=\"product-specifications-table\" class=\"col-lg-20 col-md-20 col-sm-20 col-xs-20\">\n<table class=\"table table-striped\">\n<tbody>\n<tr>\n<td class=\"spec-name\">Geschlecht<\/td>\n<td class=\"spec-value\">Herren<\/td>\n<\/tr>\n<tr>\n<td class=\"spec-name\">Gruppe<\/td>\n<td class=\"spec-value\">Sram GX Eagle 12V<\/td>\n<\/tr>\n<tr>\n<td class=\"spec-name\">collection<\/td>\n<td class=\"spec-value\">Restst\u00fccke<\/td>\n<\/tr>\n<tr>\n<td class=\"spec-name\">decimal weight<\/td>\n<td class=\"spec-value\">14.54<\/td>\n<\/tr>\n<\/tbody>\n<\/table>\n<\/div>","protected":false},"featured_media":60558,"comment_status":"open","ping_status":"closed","template":"","meta":{"_rtcl_gb_attr":""},"product_brand":[],"product_cat":[783],"product_tag":[],"class_list":{"0":"post-11548","1":"product","2":"type-product","3":"status-publish","4":"has-post-thumbnail","6":"product_cat-accessories","7":"pa_marke-santa-cruz","9":"first","10":"instock","11":"sale","12":"taxable","13":"shipping-taxable","14":"purchasable","15":"product-type-variable"},"yoast_head":"<!-- This site is optimized with the Yoast SEO Premium plugin v20.12 (Yoast SEO v27.4) - https:\/\/yoast.com\/product\/yoast-seo-premium-wordpress\/ -->\n<title>FULL SUSPENSION MOUNTAINBIKE SANTA CRUZ 2022<\/title>\n<meta name=\"description\" content=\"Entdecken Sie unseren Online-Fahrradladen: Gro\u00dfe Auswahl an Modellen f\u00fcr alle Radsportbegeisterten. Von Rennr\u00e4dern bis zu Mountainbikes - finden Sie heute Ihren perfekten Wegbegleiter!\" \/>\n<meta name=\"robots\" content=\"index, follow, max-snippet:-1, max-image-preview:large, max-video-preview:-1\" \/>\n<link rel=\"canonical\" href=\"https:\/\/cioelectro.com\/en\/produkt\/full-suspension-mountainbike-santa-cruz-highower-melon-2022\/\" \/>\n<meta property=\"og:locale\" content=\"en_US\" \/>\n<meta property=\"og:type\" content=\"article\" \/>\n<meta property=\"og:title\" content=\"FULL SUSPENSION MOUNTAINBIKE SANTA CRUZ HIGHOWER MELON 2022\" \/>\n<meta property=\"og:description\" content=\"Entdecken Sie unseren Online-Fahrradladen: Gro\u00dfe Auswahl an Modellen f\u00fcr alle Radsportbegeisterten. Von Rennr\u00e4dern bis zu Mountainbikes - finden Sie heute Ihren perfekten Wegbegleiter!\" \/>\n<meta property=\"og:url\" content=\"https:\/\/cioelectro.com\/en\/produkt\/full-suspension-mountainbike-santa-cruz-highower-melon-2022\/\" \/>\n<meta property=\"og:site_name\" content=\"cioelectro.com\" \/>\n<meta property=\"article:modified_time\" content=\"2023-08-10T13:41:21+00:00\" \/>\n<meta property=\"og:image\" content=\"https:\/\/cioelectro.com\/wp-content\/uploads\/2023\/06\/FULL-SUSPENSION-MOUNTAINBIKE-SANTA-CRUZ-HIGHOWER-C-SRAM-GX-EAGLE-12V-29-MELON-2022-.jpg\" \/>\n\t<meta property=\"og:image:width\" content=\"600\" \/>\n\t<meta property=\"og:image:height\" content=\"408\" \/>\n\t<meta property=\"og:image:type\" content=\"image\/jpeg\" \/>\n<meta name=\"twitter:card\" content=\"summary_large_image\" \/>\n<meta name=\"twitter:label1\" content=\"Est. reading time\" \/>\n\t<meta name=\"twitter:data1\" content=\"3 minutes\" \/>\n<script type=\"application\/ld+json\" class=\"yoast-schema-graph\">{\"@context\":\"https:\\\/\\\/schema.org\",\"@graph\":[{\"@type\":\"WebPage\",\"@id\":\"https:\\\/\\\/cioelectro.com\\\/produkt\\\/full-suspension-mountainbike-santa-cruz-highower-melon-2022\\\/\",\"url\":\"https:\\\/\\\/cioelectro.com\\\/produkt\\\/full-suspension-mountainbike-santa-cruz-highower-melon-2022\\\/\",\"name\":\"FULL SUSPENSION MOUNTAINBIKE SANTA CRUZ 2022\",\"isPartOf\":{\"@id\":\"https:\\\/\\\/cioelectro.com\\\/#website\"},\"primaryImageOfPage\":{\"@id\":\"https:\\\/\\\/cioelectro.com\\\/produkt\\\/full-suspension-mountainbike-santa-cruz-highower-melon-2022\\\/#primaryimage\"},\"image\":{\"@id\":\"https:\\\/\\\/cioelectro.com\\\/produkt\\\/full-suspension-mountainbike-santa-cruz-highower-melon-2022\\\/#primaryimage\"},\"thumbnailUrl\":\"https:\\\/\\\/cioelectro.com\\\/wp-content\\\/uploads\\\/2023\\\/06\\\/FULL-SUSPENSION-MOUNTAINBIKE-SANTA-CRUZ-HIGHOWER-C-SRAM-GX-EAGLE-12V-29-MELON-2022-.jpg\",\"datePublished\":\"2022-07-28T15:48:58+00:00\",\"dateModified\":\"2023-08-10T13:41:21+00:00\",\"description\":\"Entdecken Sie unseren Online-Fahrradladen: Gro\u00dfe Auswahl an Modellen f\u00fcr alle Radsportbegeisterten. Von Rennr\u00e4dern bis zu Mountainbikes - finden Sie heute Ihren perfekten Wegbegleiter!\",\"breadcrumb\":{\"@id\":\"https:\\\/\\\/cioelectro.com\\\/produkt\\\/full-suspension-mountainbike-santa-cruz-highower-melon-2022\\\/#breadcrumb\"},\"inLanguage\":\"en-US\",\"potentialAction\":[{\"@type\":\"ReadAction\",\"target\":[\"https:\\\/\\\/cioelectro.com\\\/produkt\\\/full-suspension-mountainbike-santa-cruz-highower-melon-2022\\\/\"]}]},{\"@type\":\"ImageObject\",\"inLanguage\":\"en-US\",\"@id\":\"https:\\\/\\\/cioelectro.com\\\/produkt\\\/full-suspension-mountainbike-santa-cruz-highower-melon-2022\\\/#primaryimage\",\"url\":\"https:\\\/\\\/cioelectro.com\\\/wp-content\\\/uploads\\\/2023\\\/06\\\/FULL-SUSPENSION-MOUNTAINBIKE-SANTA-CRUZ-HIGHOWER-C-SRAM-GX-EAGLE-12V-29-MELON-2022-.jpg\",\"contentUrl\":\"https:\\\/\\\/cioelectro.com\\\/wp-content\\\/uploads\\\/2023\\\/06\\\/FULL-SUSPENSION-MOUNTAINBIKE-SANTA-CRUZ-HIGHOWER-C-SRAM-GX-EAGLE-12V-29-MELON-2022-.jpg\",\"width\":600,\"height\":408,\"caption\":\"\u00a0FULL SUSPENSION MOUNTAINBIKE SANTA CRUZ HIGHOWER C SRAM GX EAGLE 12V 29'' MELON 2022\"},{\"@type\":\"BreadcrumbList\",\"@id\":\"https:\\\/\\\/cioelectro.com\\\/produkt\\\/full-suspension-mountainbike-santa-cruz-highower-melon-2022\\\/#breadcrumb\",\"itemListElement\":[{\"@type\":\"ListItem\",\"position\":1,\"name\":\"Startseite\",\"item\":\"https:\\\/\\\/cioelectro.com\\\/\"},{\"@type\":\"ListItem\",\"position\":2,\"name\":\"LADEN\",\"item\":\"https:\\\/\\\/cioelectro.com\\\/laden\\\/\"},{\"@type\":\"ListItem\",\"position\":3,\"name\":\"FULL SUSPENSION MOUNTAINBIKE SANTA CRUZ HIGHOWER MELON 2022\"}]},{\"@type\":\"WebSite\",\"@id\":\"https:\\\/\\\/cioelectro.com\\\/#website\",\"url\":\"https:\\\/\\\/cioelectro.com\\\/\",\"name\":\"cioelectro.com\",\"description\":\"Treten Sie mit uns ins Abenteuer!\",\"publisher\":{\"@id\":\"https:\\\/\\\/cioelectro.com\\\/#organization\"},\"alternateName\":\"MEIN RADLADEN\",\"potentialAction\":[{\"@type\":\"SearchAction\",\"target\":{\"@type\":\"EntryPoint\",\"urlTemplate\":\"https:\\\/\\\/cioelectro.com\\\/?s={search_term_string}\"},\"query-input\":{\"@type\":\"PropertyValueSpecification\",\"valueRequired\":true,\"valueName\":\"search_term_string\"}}],\"inLanguage\":\"en-US\"},{\"@type\":\"Organization\",\"@id\":\"https:\\\/\\\/cioelectro.com\\\/#organization\",\"name\":\"CIOELECTRO\",\"alternateName\":\"MEIN RADLADEN\",\"url\":\"https:\\\/\\\/cioelectro.com\\\/\",\"logo\":{\"@type\":\"ImageObject\",\"inLanguage\":\"en-US\",\"@id\":\"https:\\\/\\\/cioelectro.com\\\/#\\\/schema\\\/logo\\\/image\\\/\",\"url\":\"https:\\\/\\\/cioelectro.com\\\/wp-content\\\/uploads\\\/2025\\\/12\\\/Logo-2-1200x800.png\",\"contentUrl\":\"https:\\\/\\\/cioelectro.com\\\/wp-content\\\/uploads\\\/2025\\\/12\\\/Logo-2-1200x800.png\",\"width\":1200,\"height\":800,\"caption\":\"CIOELECTRO\"},\"image\":{\"@id\":\"https:\\\/\\\/cioelectro.com\\\/#\\\/schema\\\/logo\\\/image\\\/\"}}]}<\/script>\n<!-- \/ Yoast SEO Premium plugin. -->","yoast_head_json":{"title":"FULL SUSPENSION MOUNTAINBIKE SANTA CRUZ 2022","description":"Entdecken Sie unseren Online-Fahrradladen: Gro\u00dfe Auswahl an Modellen f\u00fcr alle Radsportbegeisterten. Von Rennr\u00e4dern bis zu Mountainbikes - finden Sie heute Ihren perfekten Wegbegleiter!","robots":{"index":"index","follow":"follow","max-snippet":"max-snippet:-1","max-image-preview":"max-image-preview:large","max-video-preview":"max-video-preview:-1"},"canonical":"https:\/\/cioelectro.com\/en\/produkt\/full-suspension-mountainbike-santa-cruz-highower-melon-2022\/","og_locale":"en_US","og_type":"article","og_title":"FULL SUSPENSION MOUNTAINBIKE SANTA CRUZ HIGHOWER MELON 2022","og_description":"Entdecken Sie unseren Online-Fahrradladen: Gro\u00dfe Auswahl an Modellen f\u00fcr alle Radsportbegeisterten. Von Rennr\u00e4dern bis zu Mountainbikes - finden Sie heute Ihren perfekten Wegbegleiter!","og_url":"https:\/\/cioelectro.com\/en\/produkt\/full-suspension-mountainbike-santa-cruz-highower-melon-2022\/","og_site_name":"cioelectro.com","article_modified_time":"2023-08-10T13:41:21+00:00","og_image":[{"width":600,"height":408,"url":"https:\/\/cioelectro.com\/wp-content\/uploads\/2023\/06\/FULL-SUSPENSION-MOUNTAINBIKE-SANTA-CRUZ-HIGHOWER-C-SRAM-GX-EAGLE-12V-29-MELON-2022-.jpg","type":"image\/jpeg"}],"twitter_card":"summary_large_image","twitter_misc":{"Est. reading time":"3 minutes"},"schema":{"@context":"https:\/\/schema.org","@graph":[{"@type":"WebPage","@id":"https:\/\/cioelectro.com\/produkt\/full-suspension-mountainbike-santa-cruz-highower-melon-2022\/","url":"https:\/\/cioelectro.com\/produkt\/full-suspension-mountainbike-santa-cruz-highower-melon-2022\/","name":"FULL SUSPENSION MOUNTAINBIKE SANTA CRUZ 2022","isPartOf":{"@id":"https:\/\/cioelectro.com\/#website"},"primaryImageOfPage":{"@id":"https:\/\/cioelectro.com\/produkt\/full-suspension-mountainbike-santa-cruz-highower-melon-2022\/#primaryimage"},"image":{"@id":"https:\/\/cioelectro.com\/produkt\/full-suspension-mountainbike-santa-cruz-highower-melon-2022\/#primaryimage"},"thumbnailUrl":"https:\/\/cioelectro.com\/wp-content\/uploads\/2023\/06\/FULL-SUSPENSION-MOUNTAINBIKE-SANTA-CRUZ-HIGHOWER-C-SRAM-GX-EAGLE-12V-29-MELON-2022-.jpg","datePublished":"2022-07-28T15:48:58+00:00","dateModified":"2023-08-10T13:41:21+00:00","description":"Entdecken Sie unseren Online-Fahrradladen: Gro\u00dfe Auswahl an Modellen f\u00fcr alle Radsportbegeisterten. Von Rennr\u00e4dern bis zu Mountainbikes - finden Sie heute Ihren perfekten Wegbegleiter!","breadcrumb":{"@id":"https:\/\/cioelectro.com\/produkt\/full-suspension-mountainbike-santa-cruz-highower-melon-2022\/#breadcrumb"},"inLanguage":"en-US","potentialAction":[{"@type":"ReadAction","target":["https:\/\/cioelectro.com\/produkt\/full-suspension-mountainbike-santa-cruz-highower-melon-2022\/"]}]},{"@type":"ImageObject","inLanguage":"en-US","@id":"https:\/\/cioelectro.com\/produkt\/full-suspension-mountainbike-santa-cruz-highower-melon-2022\/#primaryimage","url":"https:\/\/cioelectro.com\/wp-content\/uploads\/2023\/06\/FULL-SUSPENSION-MOUNTAINBIKE-SANTA-CRUZ-HIGHOWER-C-SRAM-GX-EAGLE-12V-29-MELON-2022-.jpg","contentUrl":"https:\/\/cioelectro.com\/wp-content\/uploads\/2023\/06\/FULL-SUSPENSION-MOUNTAINBIKE-SANTA-CRUZ-HIGHOWER-C-SRAM-GX-EAGLE-12V-29-MELON-2022-.jpg","width":600,"height":408,"caption":"\u00a0FULL SUSPENSION MOUNTAINBIKE SANTA CRUZ HIGHOWER C SRAM GX EAGLE 12V 29'' MELON 2022"},{"@type":"BreadcrumbList","@id":"https:\/\/cioelectro.com\/produkt\/full-suspension-mountainbike-santa-cruz-highower-melon-2022\/#breadcrumb","itemListElement":[{"@type":"ListItem","position":1,"name":"Startseite","item":"https:\/\/cioelectro.com\/"},{"@type":"ListItem","position":2,"name":"LADEN","item":"https:\/\/cioelectro.com\/laden\/"},{"@type":"ListItem","position":3,"name":"FULL SUSPENSION MOUNTAINBIKE SANTA CRUZ HIGHOWER MELON 2022"}]},{"@type":"WebSite","@id":"https:\/\/cioelectro.com\/#website","url":"https:\/\/cioelectro.com\/","name":"cioelectro.com","description":"Treten Sie mit uns ins Abenteuer!","publisher":{"@id":"https:\/\/cioelectro.com\/#organization"},"alternateName":"MEIN RADLADEN","potentialAction":[{"@type":"SearchAction","target":{"@type":"EntryPoint","urlTemplate":"https:\/\/cioelectro.com\/?s={search_term_string}"},"query-input":{"@type":"PropertyValueSpecification","valueRequired":true,"valueName":"search_term_string"}}],"inLanguage":"en-US"},{"@type":"Organization","@id":"https:\/\/cioelectro.com\/#organization","name":"CIOELECTRO","alternateName":"MEIN RADLADEN","url":"https:\/\/cioelectro.com\/","logo":{"@type":"ImageObject","inLanguage":"en-US","@id":"https:\/\/cioelectro.com\/#\/schema\/logo\/image\/","url":"https:\/\/cioelectro.com\/wp-content\/uploads\/2025\/12\/Logo-2-1200x800.png","contentUrl":"https:\/\/cioelectro.com\/wp-content\/uploads\/2025\/12\/Logo-2-1200x800.png","width":1200,"height":800,"caption":"CIOELECTRO"},"image":{"@id":"https:\/\/cioelectro.com\/#\/schema\/logo\/image\/"}}]}},"_links":{"self":[{"href":"https:\/\/cioelectro.com\/en\/wp-json\/wp\/v2\/product\/11548","targetHints":{"allow":["GET"]}}],"collection":[{"href":"https:\/\/cioelectro.com\/en\/wp-json\/wp\/v2\/product"}],"about":[{"href":"https:\/\/cioelectro.com\/en\/wp-json\/wp\/v2\/types\/product"}],"replies":[{"embeddable":true,"href":"https:\/\/cioelectro.com\/en\/wp-json\/wp\/v2\/comments?post=11548"}],"version-history":[{"count":0,"href":"https:\/\/cioelectro.com\/en\/wp-json\/wp\/v2\/product\/11548\/revisions"}],"wp:featuredmedia":[{"embeddable":true,"href":"https:\/\/cioelectro.com\/en\/wp-json\/wp\/v2\/media\/60558"}],"wp:attachment":[{"href":"https:\/\/cioelectro.com\/en\/wp-json\/wp\/v2\/media?parent=11548"}],"wp:term":[{"taxonomy":"product_brand","embeddable":true,"href":"https:\/\/cioelectro.com\/en\/wp-json\/wp\/v2\/product_brand?post=11548"},{"taxonomy":"product_cat","embeddable":true,"href":"https:\/\/cioelectro.com\/en\/wp-json\/wp\/v2\/product_cat?post=11548"},{"taxonomy":"product_tag","embeddable":true,"href":"https:\/\/cioelectro.com\/en\/wp-json\/wp\/v2\/product_tag?post=11548"}],"curies":[{"name":"wp","href":"https:\/\/api.w.org\/{rel}","templated":true}]}}