{"id":11563,"date":"2022-07-28T18:13:44","date_gmt":"2022-07-28T16:13:44","guid":{"rendered":"https:\/\/meinradladen.com\/?post_type=product&#038;p=11563"},"modified":"2023-08-10T15:35:58","modified_gmt":"2023-08-10T13:35:58","slug":"bh-expert-4-5-shimano-deore-xt-12s-29-grau-schwarz-2022","status":"publish","type":"product","link":"https:\/\/cioelectro.com\/en\/produkt\/bh-expert-4-5-shimano-deore-xt-12s-29-grau-schwarz-2022\/","title":{"rendered":"BH EXPERT 4.5 SHIMANO DEORE XT 12S 29&#8221; GRAU\/SCHWARZ 2022"},"content":{"rendered":"<div id=\"product-header-order-name\" class=\"col-lg-20 col-md-20 col-sm-20 col-xs-20\">\n<h2 class=\"heading-title-text\">BH EXPERT 4.5 SHIMANO DEORE XT 12S 29&#8221; GRAU\/SCHWARZ 2022<\/h2>\n<div class=\"col col-sm-12 col-md-12 col-lg-12\">\n<p>Mit einem schlanken Lenkkopfwinkel, kurzen Hinterbaustreben und einem l\u00e4ngeren Oberrohr ist das halbsteife\u00a0<strong>BH Expert 4.5<\/strong>\u00a0ein perfektes XC-Bike: technisch bei Abfahrten und schnell und effizient im Tretlager. Das neue Expert teilt sein Design und seine Linienf\u00fchrung mit den Modellen Ultimate und Ultimate RC der Marke. Es ist aus 6061er Aluminium gefertigt, um maximale Steifigkeit und ein Rahmengewicht von nur 1600 Gramm zu gew\u00e4hrleisten.<\/p>\n<p>Die Hydroforming-Technologie erm\u00f6glicht die Konstruktion attraktiver Aluminiumrahmen mit hohen Leichtigkeits- und Festigkeitskoeffizienten. BH Expert-Rahmen kombinieren zus\u00e4tzliche Steifigkeit im unteren Bereich mit einem hohen Ma\u00df an Komfort und Flexibilit\u00e4t in den oberen Rohren.<\/p>\n<\/div>\n<div class=\"prodsheet_bullets col col-sm-8 col-md-8 col-lg-8\">\n<h4>HAUPTMERKMALE:<\/h4>\n<ul>\n<li>rahmen aus 6061er Aluminium.<\/li>\n<li>Schaltung Shimano Deore XT 1&#215;12 G\u00e4nge.<\/li>\n<li>Hydraulische Scheibenbremsen Shimano MT201, 180\/160 mm.<\/li>\n<\/ul>\n<\/div>\n<div class=\"prodsheet_specs1 col col-sm-12 col-md-12 col-lg-12\">\n<h4>EINZELHEITEN:<\/h4>\n<table class=\"table table-striped\">\n<tbody>\n<tr>\n<td>Rahmen<\/td>\n<td>Aluminium: Expert Alu 29&#8243;, 148&#215;12, Integrierter Steuersatz 42ACB<\/td>\n<\/tr>\n<tr>\n<td>Gabel<\/td>\n<td>Rockshox Judy RL, Remote Lock, 100 mm Federweg<\/td>\n<\/tr>\n<tr>\n<td>Schalthebel<\/td>\n<td>Shimano Deore 6100, 1&#215;12-fach<\/td>\n<\/tr>\n<tr>\n<td>Schaltwerk<\/td>\n<td>Shimano XT 8100, 12-fach<\/td>\n<\/tr>\n<tr>\n<td>Kassette<\/td>\n<td>Shimano Deore 6100, 10-51 Z\u00e4hne<\/td>\n<\/tr>\n<tr>\n<td>Kette<\/td>\n<td>Shimano Deore<\/td>\n<\/tr>\n<tr>\n<td>Kurbelgarnitur<\/td>\n<td>Shimano MT510, 175 mm<\/td>\n<\/tr>\n<tr>\n<td>Bremsen<\/td>\n<td>Shimano MT201, Hydr. Scheibenbremse, (180\/160)<\/td>\n<\/tr>\n<tr>\n<td>Laufr\u00e4der<\/td>\n<td>BH Lite<\/td>\n<\/tr>\n<tr>\n<td>Bereifung<\/td>\n<td>Continental CrossKing, 29&#215;2.20<\/td>\n<\/tr>\n<tr>\n<td>Lenker<\/td>\n<td>BH Lite Flach, 780 mm<\/td>\n<\/tr>\n<tr>\n<td>Griffe<\/td>\n<td>BH Lock On<\/td>\n<\/tr>\n<tr>\n<td>Vorbau<\/td>\n<td>BH SL 80 mm, 31,8 mm, +\/-6<\/td>\n<\/tr>\n<tr>\n<td>Steuersatz<\/td>\n<td>BH SL Integriertes Sealed Bearing<\/td>\n<\/tr>\n<tr>\n<td>Sattel<\/td>\n<td>Prologo Nago RS<\/td>\n<\/tr>\n<tr>\n<td>Sattelst\u00fctze<\/td>\n<td>BH Lite 31,6 mm, 420 mm<\/td>\n<\/tr>\n<tr>\n<td>Sattelklemme<\/td>\n<td>Expert, 34,9 mm<\/td>\n<\/tr>\n<tr>\n<td>Gewicht<\/td>\n<td>12,9 kg<\/td>\n<\/tr>\n<\/tbody>\n<\/table>\n<\/div>\n<div class=\"prodsheet_specs2 col col-sm-8 col-md-8 col-lg-8\">\n<h4>GEOMETRIEN :<\/h4>\n<p><img decoding=\"async\" src=\"http:\/\/media1.alltricks.fr\/ckfinder\/images\/hardtail_en.jpg\" \/><\/p>\n<table class=\"table table-striped\">\n<tbody>\n<tr>\n<td>Rahmengr\u00f6\u00dfe<\/td>\n<td>S<\/td>\n<td>M<\/td>\n<td>L<\/td>\n<td>XL<\/td>\n<\/tr>\n<tr>\n<td>Radgr\u00f6\u00dfe (Zoll)<\/td>\n<td>29<\/td>\n<td>29<\/td>\n<td>29<\/td>\n<td>29<\/td>\n<\/tr>\n<tr>\n<td>Sitzrohr (mm)<\/td>\n<td>400<\/td>\n<td>440<\/td>\n<td>480<\/td>\n<td>530<\/td>\n<\/tr>\n<tr>\n<td>Oberrohr (mm)<\/td>\n<td>580<\/td>\n<td>607<\/td>\n<td>622<\/td>\n<td>648<\/td>\n<\/tr>\n<tr>\n<td>L\u00e4nge der Basis (mm)<\/td>\n<td>435<\/td>\n<td>435<\/td>\n<td>435<\/td>\n<td>435<\/td>\n<\/tr>\n<tr>\n<td>Kopfh\u00fclse (mm)<\/td>\n<td>110<\/td>\n<td>110<\/td>\n<td>120<\/td>\n<td>140<\/td>\n<\/tr>\n<tr>\n<td>Lenkungswinkel (\u00b0)<\/td>\n<td>68.5<\/td>\n<td>68.5<\/td>\n<td>68.5<\/td>\n<td>68.5<\/td>\n<\/tr>\n<tr>\n<td>Sitzrohrwinkel (\u00b0)<\/td>\n<td>73.5<\/td>\n<td>73.5<\/td>\n<td>73.5<\/td>\n<td>73.5<\/td>\n<\/tr>\n<tr>\n<td>Radstand (mm)<\/td>\n<td>1091<\/td>\n<td>1121<\/td>\n<td>1136<\/td>\n<td>1164<\/td>\n<\/tr>\n<tr>\n<td>Stapel (mm)<\/td>\n<td>619<\/td>\n<td>619<\/td>\n<td>628<\/td>\n<td>647<\/td>\n<\/tr>\n<tr>\n<td>Reichweite (mm)<\/td>\n<td>397<\/td>\n<td>423<\/td>\n<td>435<\/td>\n<td>456<\/td>\n<\/tr>\n<\/tbody>\n<\/table>\n<\/div>\n<\/div>\n<div id=\"product-header-order-form\" class=\"js-reload-on-event col-lg-20 col-md-20 col-sm-20 col-xs-20\" data-to-watch=\"body\" data-event=\"alltricks:cartChanged\" data-url=\"\/ajax\/product\/ajouter\/F-11947-velos-complets-vtt\/P-2212594-bh_expert_4_5_shimano_deore_xt_12s_29___grau_schwarz_2022\"><\/div>","protected":false},"excerpt":{"rendered":"<div class=\"col-lg-14 col-md-14 col-sm-14 col-xs-20\"><\/div>\n<div id=\"product-specifications-table\" class=\"col-lg-20 col-md-20 col-sm-20 col-xs-20\">\n<table class=\"table table-striped\">\n<tbody>\n<tr>\n<td class=\"spec-name\">Geschlecht<\/td>\n<td class=\"spec-value\">Herren<\/td>\n<\/tr>\n<tr>\n<td class=\"spec-name\">Gruppe<\/td>\n<td class=\"spec-value\">Shimano Deore 12S<\/td>\n<\/tr>\n<tr>\n<td class=\"spec-name\">collection<\/td>\n<td class=\"spec-value\">2022<\/td>\n<\/tr>\n<tr>\n<td class=\"spec-name\">decimal weight<\/td>\n<td class=\"spec-value\">12.90<\/td>\n<\/tr>\n<\/tbody>\n<\/table>\n<\/div>","protected":false},"featured_media":60559,"comment_status":"open","ping_status":"closed","template":"","meta":{"_rtcl_gb_attr":""},"product_brand":[],"product_cat":[783],"product_tag":[],"class_list":{"0":"post-11563","1":"product","2":"type-product","3":"status-publish","4":"has-post-thumbnail","6":"product_cat-accessories","7":"pa_marke-bh","9":"first","10":"instock","11":"sale","12":"taxable","13":"shipping-taxable","14":"purchasable","15":"product-type-variable"},"yoast_head":"<!-- This site is optimized with the Yoast SEO Premium plugin v20.12 (Yoast SEO v27.4) - https:\/\/yoast.com\/product\/yoast-seo-premium-wordpress\/ -->\n<title>BH EXPERT 4.5 SHIMANO DEORE XT 12S 29&#039;&#039; GRAU\/SCHWARZ 2022<\/title>\n<meta name=\"description\" content=\"Entdecken Sie unseren Online-Fahrradladen: Gro\u00dfe Auswahl an Modellen f\u00fcr alle Radsportbegeisterten. Von Rennr\u00e4dern bis zu Mountainbikes - finden Sie heute Ihren perfekten Wegbegleiter!\" \/>\n<meta name=\"robots\" content=\"index, follow, max-snippet:-1, max-image-preview:large, max-video-preview:-1\" \/>\n<link rel=\"canonical\" href=\"https:\/\/cioelectro.com\/en\/produkt\/bh-expert-4-5-shimano-deore-xt-12s-29-grau-schwarz-2022\/\" \/>\n<meta property=\"og:locale\" content=\"en_US\" \/>\n<meta property=\"og:type\" content=\"article\" \/>\n<meta property=\"og:title\" content=\"BH EXPERT 4.5 SHIMANO DEORE XT 12S 29&#039;&#039; GRAU\/SCHWARZ 2022\" \/>\n<meta property=\"og:description\" content=\"Entdecken Sie unseren Online-Fahrradladen: Gro\u00dfe Auswahl an Modellen f\u00fcr alle Radsportbegeisterten. Von Rennr\u00e4dern bis zu Mountainbikes - finden Sie heute Ihren perfekten Wegbegleiter!\" \/>\n<meta property=\"og:url\" content=\"https:\/\/cioelectro.com\/en\/produkt\/bh-expert-4-5-shimano-deore-xt-12s-29-grau-schwarz-2022\/\" \/>\n<meta property=\"og:site_name\" content=\"cioelectro.com\" \/>\n<meta property=\"article:modified_time\" content=\"2023-08-10T13:35:58+00:00\" \/>\n<meta property=\"og:image\" content=\"https:\/\/cioelectro.com\/wp-content\/uploads\/2023\/06\/BH-EXPERT-45-SHIMANO-DEORE-XT-12S-29-GRAU-SCHWARZ-2022.jpg\" \/>\n\t<meta property=\"og:image:width\" content=\"600\" \/>\n\t<meta property=\"og:image:height\" content=\"408\" \/>\n\t<meta property=\"og:image:type\" content=\"image\/jpeg\" \/>\n<meta name=\"twitter:card\" content=\"summary_large_image\" \/>\n<meta name=\"twitter:label1\" content=\"Est. reading time\" \/>\n\t<meta name=\"twitter:data1\" content=\"2 minutes\" \/>\n<script type=\"application\/ld+json\" class=\"yoast-schema-graph\">{\"@context\":\"https:\\\/\\\/schema.org\",\"@graph\":[{\"@type\":\"WebPage\",\"@id\":\"https:\\\/\\\/cioelectro.com\\\/produkt\\\/bh-expert-4-5-shimano-deore-xt-12s-29-grau-schwarz-2022\\\/\",\"url\":\"https:\\\/\\\/cioelectro.com\\\/produkt\\\/bh-expert-4-5-shimano-deore-xt-12s-29-grau-schwarz-2022\\\/\",\"name\":\"BH EXPERT 4.5 SHIMANO DEORE XT 12S 29'' GRAU\\\/SCHWARZ 2022\",\"isPartOf\":{\"@id\":\"https:\\\/\\\/cioelectro.com\\\/#website\"},\"primaryImageOfPage\":{\"@id\":\"https:\\\/\\\/cioelectro.com\\\/produkt\\\/bh-expert-4-5-shimano-deore-xt-12s-29-grau-schwarz-2022\\\/#primaryimage\"},\"image\":{\"@id\":\"https:\\\/\\\/cioelectro.com\\\/produkt\\\/bh-expert-4-5-shimano-deore-xt-12s-29-grau-schwarz-2022\\\/#primaryimage\"},\"thumbnailUrl\":\"https:\\\/\\\/cioelectro.com\\\/wp-content\\\/uploads\\\/2023\\\/06\\\/BH-EXPERT-45-SHIMANO-DEORE-XT-12S-29-GRAU-SCHWARZ-2022.jpg\",\"datePublished\":\"2022-07-28T16:13:44+00:00\",\"dateModified\":\"2023-08-10T13:35:58+00:00\",\"description\":\"Entdecken Sie unseren Online-Fahrradladen: Gro\u00dfe Auswahl an Modellen f\u00fcr alle Radsportbegeisterten. Von Rennr\u00e4dern bis zu Mountainbikes - finden Sie heute Ihren perfekten Wegbegleiter!\",\"breadcrumb\":{\"@id\":\"https:\\\/\\\/cioelectro.com\\\/produkt\\\/bh-expert-4-5-shimano-deore-xt-12s-29-grau-schwarz-2022\\\/#breadcrumb\"},\"inLanguage\":\"en-US\",\"potentialAction\":[{\"@type\":\"ReadAction\",\"target\":[\"https:\\\/\\\/cioelectro.com\\\/produkt\\\/bh-expert-4-5-shimano-deore-xt-12s-29-grau-schwarz-2022\\\/\"]}]},{\"@type\":\"ImageObject\",\"inLanguage\":\"en-US\",\"@id\":\"https:\\\/\\\/cioelectro.com\\\/produkt\\\/bh-expert-4-5-shimano-deore-xt-12s-29-grau-schwarz-2022\\\/#primaryimage\",\"url\":\"https:\\\/\\\/cioelectro.com\\\/wp-content\\\/uploads\\\/2023\\\/06\\\/BH-EXPERT-45-SHIMANO-DEORE-XT-12S-29-GRAU-SCHWARZ-2022.jpg\",\"contentUrl\":\"https:\\\/\\\/cioelectro.com\\\/wp-content\\\/uploads\\\/2023\\\/06\\\/BH-EXPERT-45-SHIMANO-DEORE-XT-12S-29-GRAU-SCHWARZ-2022.jpg\",\"width\":600,\"height\":408,\"caption\":\"BH EXPERT 4.5 SHIMANO DEORE XT 12S 29 GRAU SCHWARZ 2022\"},{\"@type\":\"BreadcrumbList\",\"@id\":\"https:\\\/\\\/cioelectro.com\\\/produkt\\\/bh-expert-4-5-shimano-deore-xt-12s-29-grau-schwarz-2022\\\/#breadcrumb\",\"itemListElement\":[{\"@type\":\"ListItem\",\"position\":1,\"name\":\"Startseite\",\"item\":\"https:\\\/\\\/cioelectro.com\\\/\"},{\"@type\":\"ListItem\",\"position\":2,\"name\":\"LADEN\",\"item\":\"https:\\\/\\\/cioelectro.com\\\/laden\\\/\"},{\"@type\":\"ListItem\",\"position\":3,\"name\":\"BH EXPERT 4.5 SHIMANO DEORE XT 12S 29&#8221; GRAU\\\/SCHWARZ 2022\"}]},{\"@type\":\"WebSite\",\"@id\":\"https:\\\/\\\/cioelectro.com\\\/#website\",\"url\":\"https:\\\/\\\/cioelectro.com\\\/\",\"name\":\"cioelectro.com\",\"description\":\"Treten Sie mit uns ins Abenteuer!\",\"publisher\":{\"@id\":\"https:\\\/\\\/cioelectro.com\\\/#organization\"},\"alternateName\":\"MEIN RADLADEN\",\"potentialAction\":[{\"@type\":\"SearchAction\",\"target\":{\"@type\":\"EntryPoint\",\"urlTemplate\":\"https:\\\/\\\/cioelectro.com\\\/?s={search_term_string}\"},\"query-input\":{\"@type\":\"PropertyValueSpecification\",\"valueRequired\":true,\"valueName\":\"search_term_string\"}}],\"inLanguage\":\"en-US\"},{\"@type\":\"Organization\",\"@id\":\"https:\\\/\\\/cioelectro.com\\\/#organization\",\"name\":\"CIOELECTRO\",\"alternateName\":\"MEIN RADLADEN\",\"url\":\"https:\\\/\\\/cioelectro.com\\\/\",\"logo\":{\"@type\":\"ImageObject\",\"inLanguage\":\"en-US\",\"@id\":\"https:\\\/\\\/cioelectro.com\\\/#\\\/schema\\\/logo\\\/image\\\/\",\"url\":\"https:\\\/\\\/cioelectro.com\\\/wp-content\\\/uploads\\\/2025\\\/12\\\/Logo-2-1200x800.png\",\"contentUrl\":\"https:\\\/\\\/cioelectro.com\\\/wp-content\\\/uploads\\\/2025\\\/12\\\/Logo-2-1200x800.png\",\"width\":1200,\"height\":800,\"caption\":\"CIOELECTRO\"},\"image\":{\"@id\":\"https:\\\/\\\/cioelectro.com\\\/#\\\/schema\\\/logo\\\/image\\\/\"}}]}<\/script>\n<!-- \/ Yoast SEO Premium plugin. -->","yoast_head_json":{"title":"BH EXPERT 4.5 SHIMANO DEORE XT 12S 29'' GRAU\/SCHWARZ 2022","description":"Entdecken Sie unseren Online-Fahrradladen: Gro\u00dfe Auswahl an Modellen f\u00fcr alle Radsportbegeisterten. Von Rennr\u00e4dern bis zu Mountainbikes - finden Sie heute Ihren perfekten Wegbegleiter!","robots":{"index":"index","follow":"follow","max-snippet":"max-snippet:-1","max-image-preview":"max-image-preview:large","max-video-preview":"max-video-preview:-1"},"canonical":"https:\/\/cioelectro.com\/en\/produkt\/bh-expert-4-5-shimano-deore-xt-12s-29-grau-schwarz-2022\/","og_locale":"en_US","og_type":"article","og_title":"BH EXPERT 4.5 SHIMANO DEORE XT 12S 29'' GRAU\/SCHWARZ 2022","og_description":"Entdecken Sie unseren Online-Fahrradladen: Gro\u00dfe Auswahl an Modellen f\u00fcr alle Radsportbegeisterten. Von Rennr\u00e4dern bis zu Mountainbikes - finden Sie heute Ihren perfekten Wegbegleiter!","og_url":"https:\/\/cioelectro.com\/en\/produkt\/bh-expert-4-5-shimano-deore-xt-12s-29-grau-schwarz-2022\/","og_site_name":"cioelectro.com","article_modified_time":"2023-08-10T13:35:58+00:00","og_image":[{"width":600,"height":408,"url":"https:\/\/cioelectro.com\/wp-content\/uploads\/2023\/06\/BH-EXPERT-45-SHIMANO-DEORE-XT-12S-29-GRAU-SCHWARZ-2022.jpg","type":"image\/jpeg"}],"twitter_card":"summary_large_image","twitter_misc":{"Est. reading time":"2 minutes"},"schema":{"@context":"https:\/\/schema.org","@graph":[{"@type":"WebPage","@id":"https:\/\/cioelectro.com\/produkt\/bh-expert-4-5-shimano-deore-xt-12s-29-grau-schwarz-2022\/","url":"https:\/\/cioelectro.com\/produkt\/bh-expert-4-5-shimano-deore-xt-12s-29-grau-schwarz-2022\/","name":"BH EXPERT 4.5 SHIMANO DEORE XT 12S 29'' GRAU\/SCHWARZ 2022","isPartOf":{"@id":"https:\/\/cioelectro.com\/#website"},"primaryImageOfPage":{"@id":"https:\/\/cioelectro.com\/produkt\/bh-expert-4-5-shimano-deore-xt-12s-29-grau-schwarz-2022\/#primaryimage"},"image":{"@id":"https:\/\/cioelectro.com\/produkt\/bh-expert-4-5-shimano-deore-xt-12s-29-grau-schwarz-2022\/#primaryimage"},"thumbnailUrl":"https:\/\/cioelectro.com\/wp-content\/uploads\/2023\/06\/BH-EXPERT-45-SHIMANO-DEORE-XT-12S-29-GRAU-SCHWARZ-2022.jpg","datePublished":"2022-07-28T16:13:44+00:00","dateModified":"2023-08-10T13:35:58+00:00","description":"Entdecken Sie unseren Online-Fahrradladen: Gro\u00dfe Auswahl an Modellen f\u00fcr alle Radsportbegeisterten. Von Rennr\u00e4dern bis zu Mountainbikes - finden Sie heute Ihren perfekten Wegbegleiter!","breadcrumb":{"@id":"https:\/\/cioelectro.com\/produkt\/bh-expert-4-5-shimano-deore-xt-12s-29-grau-schwarz-2022\/#breadcrumb"},"inLanguage":"en-US","potentialAction":[{"@type":"ReadAction","target":["https:\/\/cioelectro.com\/produkt\/bh-expert-4-5-shimano-deore-xt-12s-29-grau-schwarz-2022\/"]}]},{"@type":"ImageObject","inLanguage":"en-US","@id":"https:\/\/cioelectro.com\/produkt\/bh-expert-4-5-shimano-deore-xt-12s-29-grau-schwarz-2022\/#primaryimage","url":"https:\/\/cioelectro.com\/wp-content\/uploads\/2023\/06\/BH-EXPERT-45-SHIMANO-DEORE-XT-12S-29-GRAU-SCHWARZ-2022.jpg","contentUrl":"https:\/\/cioelectro.com\/wp-content\/uploads\/2023\/06\/BH-EXPERT-45-SHIMANO-DEORE-XT-12S-29-GRAU-SCHWARZ-2022.jpg","width":600,"height":408,"caption":"BH EXPERT 4.5 SHIMANO DEORE XT 12S 29 GRAU SCHWARZ 2022"},{"@type":"BreadcrumbList","@id":"https:\/\/cioelectro.com\/produkt\/bh-expert-4-5-shimano-deore-xt-12s-29-grau-schwarz-2022\/#breadcrumb","itemListElement":[{"@type":"ListItem","position":1,"name":"Startseite","item":"https:\/\/cioelectro.com\/"},{"@type":"ListItem","position":2,"name":"LADEN","item":"https:\/\/cioelectro.com\/laden\/"},{"@type":"ListItem","position":3,"name":"BH EXPERT 4.5 SHIMANO DEORE XT 12S 29&#8221; GRAU\/SCHWARZ 2022"}]},{"@type":"WebSite","@id":"https:\/\/cioelectro.com\/#website","url":"https:\/\/cioelectro.com\/","name":"cioelectro.com","description":"Treten Sie mit uns ins Abenteuer!","publisher":{"@id":"https:\/\/cioelectro.com\/#organization"},"alternateName":"MEIN RADLADEN","potentialAction":[{"@type":"SearchAction","target":{"@type":"EntryPoint","urlTemplate":"https:\/\/cioelectro.com\/?s={search_term_string}"},"query-input":{"@type":"PropertyValueSpecification","valueRequired":true,"valueName":"search_term_string"}}],"inLanguage":"en-US"},{"@type":"Organization","@id":"https:\/\/cioelectro.com\/#organization","name":"CIOELECTRO","alternateName":"MEIN RADLADEN","url":"https:\/\/cioelectro.com\/","logo":{"@type":"ImageObject","inLanguage":"en-US","@id":"https:\/\/cioelectro.com\/#\/schema\/logo\/image\/","url":"https:\/\/cioelectro.com\/wp-content\/uploads\/2025\/12\/Logo-2-1200x800.png","contentUrl":"https:\/\/cioelectro.com\/wp-content\/uploads\/2025\/12\/Logo-2-1200x800.png","width":1200,"height":800,"caption":"CIOELECTRO"},"image":{"@id":"https:\/\/cioelectro.com\/#\/schema\/logo\/image\/"}}]}},"_links":{"self":[{"href":"https:\/\/cioelectro.com\/en\/wp-json\/wp\/v2\/product\/11563","targetHints":{"allow":["GET"]}}],"collection":[{"href":"https:\/\/cioelectro.com\/en\/wp-json\/wp\/v2\/product"}],"about":[{"href":"https:\/\/cioelectro.com\/en\/wp-json\/wp\/v2\/types\/product"}],"replies":[{"embeddable":true,"href":"https:\/\/cioelectro.com\/en\/wp-json\/wp\/v2\/comments?post=11563"}],"version-history":[{"count":0,"href":"https:\/\/cioelectro.com\/en\/wp-json\/wp\/v2\/product\/11563\/revisions"}],"wp:featuredmedia":[{"embeddable":true,"href":"https:\/\/cioelectro.com\/en\/wp-json\/wp\/v2\/media\/60559"}],"wp:attachment":[{"href":"https:\/\/cioelectro.com\/en\/wp-json\/wp\/v2\/media?parent=11563"}],"wp:term":[{"taxonomy":"product_brand","embeddable":true,"href":"https:\/\/cioelectro.com\/en\/wp-json\/wp\/v2\/product_brand?post=11563"},{"taxonomy":"product_cat","embeddable":true,"href":"https:\/\/cioelectro.com\/en\/wp-json\/wp\/v2\/product_cat?post=11563"},{"taxonomy":"product_tag","embeddable":true,"href":"https:\/\/cioelectro.com\/en\/wp-json\/wp\/v2\/product_tag?post=11563"}],"curies":[{"name":"wp","href":"https:\/\/api.w.org\/{rel}","templated":true}]}}