{"id":11589,"date":"2022-07-28T19:14:26","date_gmt":"2022-07-28T17:14:26","guid":{"rendered":"https:\/\/meinradladen.com\/?post_type=product&#038;p=11589"},"modified":"2023-08-10T15:34:26","modified_gmt":"2023-08-10T13:34:26","slug":"ns-bikes-exzentriker-lite-1-hardtail-mtb-blau-2021","status":"publish","type":"product","link":"https:\/\/cioelectro.com\/en\/produkt\/ns-bikes-exzentriker-lite-1-hardtail-mtb-blau-2021\/","title":{"rendered":"NS BIKES EXZENTRIKER LITE 1 HARDTAIL MTB BLAU 2021"},"content":{"rendered":"<div id=\"product-header-order-name\" class=\"col-lg-20 col-md-20 col-sm-20 col-xs-20\">\n<h2 class=\"heading-title-text\">NS BIKES EXZENTRIKER LITE 1 HARDTAIL MTB SHIMANO DEORE 12S&#8221; BLAU 2021<\/h2>\n<\/div>\n<div id=\"product-header-order-form\" class=\"js-reload-on-event col-lg-20 col-md-20 col-sm-20 col-xs-20\" data-to-watch=\"body\" data-event=\"alltricks:cartChanged\" data-url=\"\/ajax\/product\/ajouter\/F-11947-velos-complets-vtt\/P-1866703-ns_bikes_exzentriker_lite_1_hardtail_mtb_shimano_deore_12s___blau_2021\">\n<div class=\"col col-sm-12 col-md-12 col-lg-12\">\n<p>Das <strong>EXZENTRIKER LITE 1<\/strong>\u00a0ist das perfekte Fahrrad f\u00fcr alle, die ein Hardtail-Touren-Mountainbike suchen. Es ist leicht und einzigartig, aber der wesentliche Punkt dieses Fahrrads ist seine moderne und aggressive Geometrie, die es wirklich anders macht. Mit den 29-Zoll-R\u00e4dern k\u00f6nnen Sie problemlos \u00fcberall hin rollen.<br \/>\nAnf\u00e4nger oder Experte, der\u00a0<strong>Exzenter Lite 1<\/strong>\u00a0ist f\u00fcr alle Niveaus geeignet.<\/p>\n<\/div>\n<div class=\"prodsheet_bullets col col-sm-8 col-md-8 col-lg-8\">\n<h4>HAUPTEIGENSCHAFTEN:<\/h4>\n<ul>\n<li>Aluminiumrahmen und Federgabel mit 120 mm Federweg.<\/li>\n<li>Shimano Deore 1&#215;12 Geschwindigkeitsantrieb.<\/li>\n<li>Shimano MT410 Scheibenbremsen, 180\/180 mm.<\/li>\n<\/ul>\n<\/div>\n<div class=\"prodsheet_specs1 col col-sm-12 col-md-12 col-lg-12\">\n<h4>EINZELHEITEN:<\/h4>\n<table class=\"table table-striped\">\n<tbody>\n<tr>\n<td>Rahmen<\/td>\n<td>Aluminium: NS Bikes AL6061-T6, speziell geformte und konifizierte Rohre, Ausfallenden 135&#215;10<\/td>\n<\/tr>\n<tr>\n<td>Gabel<\/td>\n<td>X-Fusion RC32, 120 mm Federweg, 15 x 110 mm Boost, 1,5 konisches Gabelschaftrohr<\/td>\n<\/tr>\n<tr>\n<td>Schalthebel<\/td>\n<td>Shimano Deore M6100, 1&#215;12-Geschwindigkeit<\/td>\n<\/tr>\n<tr>\n<td>Schaltwerk<\/td>\n<td>Shimano Deore M6100, 12-Gang<\/td>\n<\/tr>\n<tr>\n<td>Kassette<\/td>\n<td>Sunrace CSMZ800, 11-51 Z\u00e4hne<\/td>\n<\/tr>\n<tr>\n<td>Kette<\/td>\n<td>Shimano<\/td>\n<\/tr>\n<tr>\n<td>Kurbelgarnitur<\/td>\n<td>Shimano Deore FCMT5101, 170 mm, 32 t<\/td>\n<\/tr>\n<tr>\n<td>Tretlager<\/td>\n<td>Shimano BSA 73mm<\/td>\n<\/tr>\n<tr>\n<td>Bremsen<\/td>\n<td>Shimano MT410, Scheibenbremse, (180\/180)<\/td>\n<\/tr>\n<tr>\n<td>R\u00e4der<\/td>\n<td>Octane One Solar 29 ?, 32h, schlauchlos kompatibel<\/td>\n<\/tr>\n<tr>\n<td>Reifen<\/td>\n<td>Maxxis Rekon EXO TR 29&#215;2,4 &#8220;WT<\/td>\n<\/tr>\n<tr>\n<td>Lenker<\/td>\n<td>NS Bar 31,8 mm, 760 mm, 12 mm Anstieg<\/td>\n<\/tr>\n<tr>\n<td>Griffe<\/td>\n<td>NS Festhalten<\/td>\n<\/tr>\n<tr>\n<td>Stengel<\/td>\n<td>NS Drop 31,8, 50 mm, Winkel 10 \u00b0<\/td>\n<\/tr>\n<tr>\n<td>Headset<\/td>\n<td>GW integrierte konische IS42 \/ IS52-Gleitlager<\/td>\n<\/tr>\n<tr>\n<td>Sattel<\/td>\n<td>Octane One Rocker2<\/td>\n<\/tr>\n<tr>\n<td>Sattelst\u00fctze<\/td>\n<td>Kalloy 31.6<\/td>\n<\/tr>\n<tr>\n<td>Gewicht<\/td>\n<td>13,2 kg<\/td>\n<\/tr>\n<\/tbody>\n<\/table>\n<\/div>\n<div class=\"prodsheet_specs2 col col-sm-8 col-md-8 col-lg-8\">\n<h4>GEOMETRIEN:<\/h4>\n<p><img decoding=\"async\" src=\"http:\/\/media1.alltricks.fr\/ckfinder\/images\/hardtail_en.jpg\" \/><\/p>\n<table class=\"table table-striped\">\n<tbody>\n<tr>\n<td>Rahmengr\u00f6\u00dfe<\/td>\n<td>S.<\/td>\n<td>M.<\/td>\n<td>L.<\/td>\n<\/tr>\n<tr>\n<td>Radgr\u00f6\u00dfe (Zoll)<\/td>\n<td>29<\/td>\n<td>29<\/td>\n<td>29<\/td>\n<\/tr>\n<tr>\n<td>Sitzrohr (mm)<\/td>\n<td>407<\/td>\n<td>445<\/td>\n<td>495<\/td>\n<\/tr>\n<tr>\n<td>Oberrohr (mm)<\/td>\n<td>587<\/td>\n<td>610<\/td>\n<td>637<\/td>\n<\/tr>\n<tr>\n<td>Grundl\u00e4nge (mm)<\/td>\n<td>420<\/td>\n<td>420<\/td>\n<td>420<\/td>\n<\/tr>\n<tr>\n<td>Steuerrohr (mm)<\/td>\n<td>&#8212; &#8212;.<\/td>\n<td>&#8212; &#8212;.<\/td>\n<td>&#8212; &#8212;.<\/td>\n<\/tr>\n<tr>\n<td>Lenkwinkel (\u00b0)<\/td>\n<td>66,5<\/td>\n<td>66,5<\/td>\n<td>66,5<\/td>\n<\/tr>\n<tr>\n<td>Sitzrohrwinkel (\u00b0)<\/td>\n<td>74,5<\/td>\n<td>74,5<\/td>\n<td>74,5<\/td>\n<\/tr>\n<tr>\n<td>Radstand (mm)<\/td>\n<td>1132<\/td>\n<td>1157<\/td>\n<td>1185<\/td>\n<\/tr>\n<tr>\n<td>Stapel (mm)<\/td>\n<td>618<\/td>\n<td>628<\/td>\n<td>637<\/td>\n<\/tr>\n<tr>\n<td>Reichweite (mm)<\/td>\n<td>415<\/td>\n<td>435<\/td>\n<td>460<\/td>\n<\/tr>\n<\/tbody>\n<\/table>\n<\/div>\n<\/div>","protected":false},"excerpt":{"rendered":"<div class=\"col-lg-14 col-md-14 col-sm-14 col-xs-20\"><\/div>\n<div id=\"product-specifications-table\" class=\"col-lg-20 col-md-20 col-sm-20 col-xs-20\">\n<table class=\"table table-striped\">\n<tbody>\n<tr>\n<td class=\"spec-name\">Geschlecht<\/td>\n<td class=\"spec-value\">Herren<\/td>\n<\/tr>\n<tr>\n<td class=\"spec-name\">Gruppe<\/td>\n<td class=\"spec-value\">Shimano Deore 12S<\/td>\n<\/tr>\n<tr>\n<td class=\"spec-name\">collection<\/td>\n<td class=\"spec-value\">2021<\/td>\n<\/tr>\n<tr>\n<td class=\"spec-name\">decimal weight<\/td>\n<td class=\"spec-value\">13.20<\/td>\n<\/tr>\n<\/tbody>\n<\/table>\n<\/div>","protected":false},"featured_media":60566,"comment_status":"open","ping_status":"closed","template":"","meta":{"_rtcl_gb_attr":""},"product_brand":[],"product_cat":[783],"product_tag":[],"class_list":{"0":"post-11589","1":"product","2":"type-product","3":"status-publish","4":"has-post-thumbnail","6":"product_cat-accessories","7":"pa_marke-ns-bikes","9":"first","10":"instock","11":"sale","12":"taxable","13":"shipping-taxable","14":"purchasable","15":"product-type-variable"},"yoast_head":"<!-- This site is optimized with the Yoast SEO Premium plugin v20.12 (Yoast SEO v27.4) - https:\/\/yoast.com\/product\/yoast-seo-premium-wordpress\/ -->\n<title>NS BIKES EXZENTRIKER LITE 1 HARDTAIL MTB BLAU 2021<\/title>\n<meta name=\"description\" content=\"Entdecken Sie unseren Online-Fahrradladen: Gro\u00dfe Auswahl an Modellen f\u00fcr alle Radsportbegeisterten. Von Rennr\u00e4dern bis zu Mountainbikes - finden Sie heute Ihren perfekten Wegbegleiter!\" \/>\n<meta name=\"robots\" content=\"index, follow, max-snippet:-1, max-image-preview:large, max-video-preview:-1\" \/>\n<link rel=\"canonical\" href=\"https:\/\/cioelectro.com\/en\/produkt\/ns-bikes-exzentriker-lite-1-hardtail-mtb-blau-2021\/\" \/>\n<meta property=\"og:locale\" content=\"en_US\" \/>\n<meta property=\"og:type\" content=\"article\" \/>\n<meta property=\"og:title\" content=\"NS BIKES EXZENTRIKER LITE 1 HARDTAIL MTB BLAU 2021\" \/>\n<meta property=\"og:description\" content=\"Entdecken Sie unseren Online-Fahrradladen: Gro\u00dfe Auswahl an Modellen f\u00fcr alle Radsportbegeisterten. Von Rennr\u00e4dern bis zu Mountainbikes - finden Sie heute Ihren perfekten Wegbegleiter!\" \/>\n<meta property=\"og:url\" content=\"https:\/\/cioelectro.com\/en\/produkt\/ns-bikes-exzentriker-lite-1-hardtail-mtb-blau-2021\/\" \/>\n<meta property=\"og:site_name\" content=\"cioelectro.com\" \/>\n<meta property=\"article:modified_time\" content=\"2023-08-10T13:34:26+00:00\" \/>\n<meta property=\"og:image\" content=\"https:\/\/cioelectro.com\/wp-content\/uploads\/2023\/06\/NS-BIKES-EXZENTRIKER-LITE-1-HARDTAIL-MTB-SHIMANO-DEORE-12S-BLAU-2021.jpg\" \/>\n\t<meta property=\"og:image:width\" content=\"600\" \/>\n\t<meta property=\"og:image:height\" content=\"407\" \/>\n\t<meta property=\"og:image:type\" content=\"image\/jpeg\" \/>\n<meta name=\"twitter:card\" content=\"summary_large_image\" \/>\n<meta name=\"twitter:label1\" content=\"Est. reading time\" \/>\n\t<meta name=\"twitter:data1\" content=\"2 minutes\" \/>\n<script type=\"application\/ld+json\" class=\"yoast-schema-graph\">{\"@context\":\"https:\\\/\\\/schema.org\",\"@graph\":[{\"@type\":\"WebPage\",\"@id\":\"https:\\\/\\\/cioelectro.com\\\/produkt\\\/ns-bikes-exzentriker-lite-1-hardtail-mtb-blau-2021\\\/\",\"url\":\"https:\\\/\\\/cioelectro.com\\\/produkt\\\/ns-bikes-exzentriker-lite-1-hardtail-mtb-blau-2021\\\/\",\"name\":\"NS BIKES EXZENTRIKER LITE 1 HARDTAIL MTB BLAU 2021\",\"isPartOf\":{\"@id\":\"https:\\\/\\\/cioelectro.com\\\/#website\"},\"primaryImageOfPage\":{\"@id\":\"https:\\\/\\\/cioelectro.com\\\/produkt\\\/ns-bikes-exzentriker-lite-1-hardtail-mtb-blau-2021\\\/#primaryimage\"},\"image\":{\"@id\":\"https:\\\/\\\/cioelectro.com\\\/produkt\\\/ns-bikes-exzentriker-lite-1-hardtail-mtb-blau-2021\\\/#primaryimage\"},\"thumbnailUrl\":\"https:\\\/\\\/cioelectro.com\\\/wp-content\\\/uploads\\\/2023\\\/06\\\/NS-BIKES-EXZENTRIKER-LITE-1-HARDTAIL-MTB-SHIMANO-DEORE-12S-BLAU-2021.jpg\",\"datePublished\":\"2022-07-28T17:14:26+00:00\",\"dateModified\":\"2023-08-10T13:34:26+00:00\",\"description\":\"Entdecken Sie unseren Online-Fahrradladen: Gro\u00dfe Auswahl an Modellen f\u00fcr alle Radsportbegeisterten. Von Rennr\u00e4dern bis zu Mountainbikes - finden Sie heute Ihren perfekten Wegbegleiter!\",\"breadcrumb\":{\"@id\":\"https:\\\/\\\/cioelectro.com\\\/produkt\\\/ns-bikes-exzentriker-lite-1-hardtail-mtb-blau-2021\\\/#breadcrumb\"},\"inLanguage\":\"en-US\",\"potentialAction\":[{\"@type\":\"ReadAction\",\"target\":[\"https:\\\/\\\/cioelectro.com\\\/produkt\\\/ns-bikes-exzentriker-lite-1-hardtail-mtb-blau-2021\\\/\"]}]},{\"@type\":\"ImageObject\",\"inLanguage\":\"en-US\",\"@id\":\"https:\\\/\\\/cioelectro.com\\\/produkt\\\/ns-bikes-exzentriker-lite-1-hardtail-mtb-blau-2021\\\/#primaryimage\",\"url\":\"https:\\\/\\\/cioelectro.com\\\/wp-content\\\/uploads\\\/2023\\\/06\\\/NS-BIKES-EXZENTRIKER-LITE-1-HARDTAIL-MTB-SHIMANO-DEORE-12S-BLAU-2021.jpg\",\"contentUrl\":\"https:\\\/\\\/cioelectro.com\\\/wp-content\\\/uploads\\\/2023\\\/06\\\/NS-BIKES-EXZENTRIKER-LITE-1-HARDTAIL-MTB-SHIMANO-DEORE-12S-BLAU-2021.jpg\",\"width\":600,\"height\":407,\"caption\":\"NS BIKES EXZENTRIKER LITE 1 HARDTAIL MTB SHIMANO DEORE 12S'' BLAU 2021\"},{\"@type\":\"BreadcrumbList\",\"@id\":\"https:\\\/\\\/cioelectro.com\\\/produkt\\\/ns-bikes-exzentriker-lite-1-hardtail-mtb-blau-2021\\\/#breadcrumb\",\"itemListElement\":[{\"@type\":\"ListItem\",\"position\":1,\"name\":\"Startseite\",\"item\":\"https:\\\/\\\/cioelectro.com\\\/\"},{\"@type\":\"ListItem\",\"position\":2,\"name\":\"LADEN\",\"item\":\"https:\\\/\\\/cioelectro.com\\\/laden\\\/\"},{\"@type\":\"ListItem\",\"position\":3,\"name\":\"NS BIKES EXZENTRIKER LITE 1 HARDTAIL MTB BLAU 2021\"}]},{\"@type\":\"WebSite\",\"@id\":\"https:\\\/\\\/cioelectro.com\\\/#website\",\"url\":\"https:\\\/\\\/cioelectro.com\\\/\",\"name\":\"cioelectro.com\",\"description\":\"Treten Sie mit uns ins Abenteuer!\",\"publisher\":{\"@id\":\"https:\\\/\\\/cioelectro.com\\\/#organization\"},\"alternateName\":\"MEIN RADLADEN\",\"potentialAction\":[{\"@type\":\"SearchAction\",\"target\":{\"@type\":\"EntryPoint\",\"urlTemplate\":\"https:\\\/\\\/cioelectro.com\\\/?s={search_term_string}\"},\"query-input\":{\"@type\":\"PropertyValueSpecification\",\"valueRequired\":true,\"valueName\":\"search_term_string\"}}],\"inLanguage\":\"en-US\"},{\"@type\":\"Organization\",\"@id\":\"https:\\\/\\\/cioelectro.com\\\/#organization\",\"name\":\"CIOELECTRO\",\"alternateName\":\"MEIN RADLADEN\",\"url\":\"https:\\\/\\\/cioelectro.com\\\/\",\"logo\":{\"@type\":\"ImageObject\",\"inLanguage\":\"en-US\",\"@id\":\"https:\\\/\\\/cioelectro.com\\\/#\\\/schema\\\/logo\\\/image\\\/\",\"url\":\"https:\\\/\\\/cioelectro.com\\\/wp-content\\\/uploads\\\/2025\\\/12\\\/Logo-2-1200x800.png\",\"contentUrl\":\"https:\\\/\\\/cioelectro.com\\\/wp-content\\\/uploads\\\/2025\\\/12\\\/Logo-2-1200x800.png\",\"width\":1200,\"height\":800,\"caption\":\"CIOELECTRO\"},\"image\":{\"@id\":\"https:\\\/\\\/cioelectro.com\\\/#\\\/schema\\\/logo\\\/image\\\/\"}}]}<\/script>\n<!-- \/ Yoast SEO Premium plugin. -->","yoast_head_json":{"title":"NS BIKES EXZENTRIKER LITE 1 HARDTAIL MTB BLAU 2021","description":"Entdecken Sie unseren Online-Fahrradladen: Gro\u00dfe Auswahl an Modellen f\u00fcr alle Radsportbegeisterten. Von Rennr\u00e4dern bis zu Mountainbikes - finden Sie heute Ihren perfekten Wegbegleiter!","robots":{"index":"index","follow":"follow","max-snippet":"max-snippet:-1","max-image-preview":"max-image-preview:large","max-video-preview":"max-video-preview:-1"},"canonical":"https:\/\/cioelectro.com\/en\/produkt\/ns-bikes-exzentriker-lite-1-hardtail-mtb-blau-2021\/","og_locale":"en_US","og_type":"article","og_title":"NS BIKES EXZENTRIKER LITE 1 HARDTAIL MTB BLAU 2021","og_description":"Entdecken Sie unseren Online-Fahrradladen: Gro\u00dfe Auswahl an Modellen f\u00fcr alle Radsportbegeisterten. Von Rennr\u00e4dern bis zu Mountainbikes - finden Sie heute Ihren perfekten Wegbegleiter!","og_url":"https:\/\/cioelectro.com\/en\/produkt\/ns-bikes-exzentriker-lite-1-hardtail-mtb-blau-2021\/","og_site_name":"cioelectro.com","article_modified_time":"2023-08-10T13:34:26+00:00","og_image":[{"width":600,"height":407,"url":"https:\/\/cioelectro.com\/wp-content\/uploads\/2023\/06\/NS-BIKES-EXZENTRIKER-LITE-1-HARDTAIL-MTB-SHIMANO-DEORE-12S-BLAU-2021.jpg","type":"image\/jpeg"}],"twitter_card":"summary_large_image","twitter_misc":{"Est. reading time":"2 minutes"},"schema":{"@context":"https:\/\/schema.org","@graph":[{"@type":"WebPage","@id":"https:\/\/cioelectro.com\/produkt\/ns-bikes-exzentriker-lite-1-hardtail-mtb-blau-2021\/","url":"https:\/\/cioelectro.com\/produkt\/ns-bikes-exzentriker-lite-1-hardtail-mtb-blau-2021\/","name":"NS BIKES EXZENTRIKER LITE 1 HARDTAIL MTB BLAU 2021","isPartOf":{"@id":"https:\/\/cioelectro.com\/#website"},"primaryImageOfPage":{"@id":"https:\/\/cioelectro.com\/produkt\/ns-bikes-exzentriker-lite-1-hardtail-mtb-blau-2021\/#primaryimage"},"image":{"@id":"https:\/\/cioelectro.com\/produkt\/ns-bikes-exzentriker-lite-1-hardtail-mtb-blau-2021\/#primaryimage"},"thumbnailUrl":"https:\/\/cioelectro.com\/wp-content\/uploads\/2023\/06\/NS-BIKES-EXZENTRIKER-LITE-1-HARDTAIL-MTB-SHIMANO-DEORE-12S-BLAU-2021.jpg","datePublished":"2022-07-28T17:14:26+00:00","dateModified":"2023-08-10T13:34:26+00:00","description":"Entdecken Sie unseren Online-Fahrradladen: Gro\u00dfe Auswahl an Modellen f\u00fcr alle Radsportbegeisterten. Von Rennr\u00e4dern bis zu Mountainbikes - finden Sie heute Ihren perfekten Wegbegleiter!","breadcrumb":{"@id":"https:\/\/cioelectro.com\/produkt\/ns-bikes-exzentriker-lite-1-hardtail-mtb-blau-2021\/#breadcrumb"},"inLanguage":"en-US","potentialAction":[{"@type":"ReadAction","target":["https:\/\/cioelectro.com\/produkt\/ns-bikes-exzentriker-lite-1-hardtail-mtb-blau-2021\/"]}]},{"@type":"ImageObject","inLanguage":"en-US","@id":"https:\/\/cioelectro.com\/produkt\/ns-bikes-exzentriker-lite-1-hardtail-mtb-blau-2021\/#primaryimage","url":"https:\/\/cioelectro.com\/wp-content\/uploads\/2023\/06\/NS-BIKES-EXZENTRIKER-LITE-1-HARDTAIL-MTB-SHIMANO-DEORE-12S-BLAU-2021.jpg","contentUrl":"https:\/\/cioelectro.com\/wp-content\/uploads\/2023\/06\/NS-BIKES-EXZENTRIKER-LITE-1-HARDTAIL-MTB-SHIMANO-DEORE-12S-BLAU-2021.jpg","width":600,"height":407,"caption":"NS BIKES EXZENTRIKER LITE 1 HARDTAIL MTB SHIMANO DEORE 12S'' BLAU 2021"},{"@type":"BreadcrumbList","@id":"https:\/\/cioelectro.com\/produkt\/ns-bikes-exzentriker-lite-1-hardtail-mtb-blau-2021\/#breadcrumb","itemListElement":[{"@type":"ListItem","position":1,"name":"Startseite","item":"https:\/\/cioelectro.com\/"},{"@type":"ListItem","position":2,"name":"LADEN","item":"https:\/\/cioelectro.com\/laden\/"},{"@type":"ListItem","position":3,"name":"NS BIKES EXZENTRIKER LITE 1 HARDTAIL MTB BLAU 2021"}]},{"@type":"WebSite","@id":"https:\/\/cioelectro.com\/#website","url":"https:\/\/cioelectro.com\/","name":"cioelectro.com","description":"Treten Sie mit uns ins Abenteuer!","publisher":{"@id":"https:\/\/cioelectro.com\/#organization"},"alternateName":"MEIN RADLADEN","potentialAction":[{"@type":"SearchAction","target":{"@type":"EntryPoint","urlTemplate":"https:\/\/cioelectro.com\/?s={search_term_string}"},"query-input":{"@type":"PropertyValueSpecification","valueRequired":true,"valueName":"search_term_string"}}],"inLanguage":"en-US"},{"@type":"Organization","@id":"https:\/\/cioelectro.com\/#organization","name":"CIOELECTRO","alternateName":"MEIN RADLADEN","url":"https:\/\/cioelectro.com\/","logo":{"@type":"ImageObject","inLanguage":"en-US","@id":"https:\/\/cioelectro.com\/#\/schema\/logo\/image\/","url":"https:\/\/cioelectro.com\/wp-content\/uploads\/2025\/12\/Logo-2-1200x800.png","contentUrl":"https:\/\/cioelectro.com\/wp-content\/uploads\/2025\/12\/Logo-2-1200x800.png","width":1200,"height":800,"caption":"CIOELECTRO"},"image":{"@id":"https:\/\/cioelectro.com\/#\/schema\/logo\/image\/"}}]}},"_links":{"self":[{"href":"https:\/\/cioelectro.com\/en\/wp-json\/wp\/v2\/product\/11589","targetHints":{"allow":["GET"]}}],"collection":[{"href":"https:\/\/cioelectro.com\/en\/wp-json\/wp\/v2\/product"}],"about":[{"href":"https:\/\/cioelectro.com\/en\/wp-json\/wp\/v2\/types\/product"}],"replies":[{"embeddable":true,"href":"https:\/\/cioelectro.com\/en\/wp-json\/wp\/v2\/comments?post=11589"}],"version-history":[{"count":0,"href":"https:\/\/cioelectro.com\/en\/wp-json\/wp\/v2\/product\/11589\/revisions"}],"wp:featuredmedia":[{"embeddable":true,"href":"https:\/\/cioelectro.com\/en\/wp-json\/wp\/v2\/media\/60566"}],"wp:attachment":[{"href":"https:\/\/cioelectro.com\/en\/wp-json\/wp\/v2\/media?parent=11589"}],"wp:term":[{"taxonomy":"product_brand","embeddable":true,"href":"https:\/\/cioelectro.com\/en\/wp-json\/wp\/v2\/product_brand?post=11589"},{"taxonomy":"product_cat","embeddable":true,"href":"https:\/\/cioelectro.com\/en\/wp-json\/wp\/v2\/product_cat?post=11589"},{"taxonomy":"product_tag","embeddable":true,"href":"https:\/\/cioelectro.com\/en\/wp-json\/wp\/v2\/product_tag?post=11589"}],"curies":[{"name":"wp","href":"https:\/\/api.w.org\/{rel}","templated":true}]}}