{"id":11597,"date":"2022-07-28T19:38:07","date_gmt":"2022-07-28T17:38:07","guid":{"rendered":"https:\/\/meinradladen.com\/?post_type=product&#038;p=11597"},"modified":"2023-08-10T15:28:09","modified_gmt":"2023-08-10T13:28:09","slug":"sunn-exact-s2-sram-sx-eagle-12v-29-schwarz-2022","status":"publish","type":"product","link":"https:\/\/cioelectro.com\/en\/produkt\/sunn-exact-s2-sram-sx-eagle-12v-29-schwarz-2022\/","title":{"rendered":"SUNN EXACT S2 SRAM SX EAGLE 12V 29&#8221; SCHWARZ 2022"},"content":{"rendered":"<div id=\"product-header-order-name\" class=\"col-lg-20 col-md-20 col-sm-20 col-xs-20\">\n<h2 class=\"heading-title-text\">MOUNTAINBIKE SEMI-RIGID SUNN EXACT S2 SRAM SX EAGLE 12V 29&#8221; SCHWARZ 2022<\/h2>\n<div class=\"col col-sm-12 col-md-12 col-lg-12\">\n<p>Das <strong>Exact S2\u00a0<\/strong>ist ein halbsteifes Aluminium-Mountainbike, das mit seinen Spielern und seiner Reaktionsf\u00e4higkeit Leistung erschwinglich macht. Das <strong>Exact S2<\/strong>\u00a0f\u00fchlt sich in jedem Gel\u00e4nde wohl und ist reaktionsschnell, wenn es darum geht, sich selbst zu \u00fcbertreffen. Sein besonderes Design verleiht ihm eine optimale Steifigkeit, damit Sie ohne R\u00fccksicht auf Verluste fahren k\u00f6nnen.<\/p>\n<\/div>\n<div class=\"prodsheet_bullets col col-sm-8 col-md-8 col-lg-8\">\n<h4>DIE VORTEILE DES PRODUKTS :<\/h4>\n<ul>\n<li>Exact 29-Rahmen aus Aluminium.<\/li>\n<li>Sram SX Eagle Schaltung, 1&#215;12 G\u00e4nge<\/li>\n<li>Scheibenbremsen Shimano Level, 180\/180 mm.<\/li>\n<\/ul>\n<\/div>\n<div class=\"prodsheet_specs1 col col-sm-12 col-md-12 col-lg-12\">\n<h4>DETAILS:<\/h4>\n<table class=\"table table-striped\">\n<tbody>\n<tr>\n<td>Rahmen<\/td>\n<td>Aluminium: Exact 29 edge tubing, Disc brake, tapered boost, thru axle<\/td>\n<\/tr>\n<tr>\n<td>Gabel<\/td>\n<td>Rockshox Judy silver tk, solo air, remote ta, boost 100 mm<\/td>\n<\/tr>\n<tr>\n<td>Schalthebel<\/td>\n<td>Sram SX Eagle 1&#215;12 G\u00e4nge<\/td>\n<\/tr>\n<tr>\n<td>Schaltwerk hinten<\/td>\n<td>Sram SX Eagle 12-Gang<\/td>\n<\/tr>\n<tr>\n<td>Kassette<\/td>\n<td>Sram Eagle 11-50 Z\u00e4hne<\/td>\n<\/tr>\n<tr>\n<td>Tretlager<\/td>\n<td>Sram X1 Eagle 32 Z\u00e4hne Boost 148 Dub<\/td>\n<\/tr>\n<tr>\n<td>Bremsen<\/td>\n<td>Sram Level 180\/180 mm<\/td>\n<\/tr>\n<tr>\n<td>Laufr\u00e4der<\/td>\n<td>Mach1 neo disc 19c 32t<\/td>\n<\/tr>\n<tr>\n<td>Naben<\/td>\n<td>Shimano MT400 boost, ta, disc<\/td>\n<\/tr>\n<tr>\n<td>Reifen<\/td>\n<td>Hutchinson Taipan Python2 29&#215;2.10<\/td>\n<\/tr>\n<tr>\n<td>Lenker<\/td>\n<td>VR 6061 760 mm<\/td>\n<\/tr>\n<tr>\n<td>Vorbau<\/td>\n<td>EXT:75 mm, 6\u00b0-31.8<\/td>\n<\/tr>\n<tr>\n<td>Sattel<\/td>\n<td>Sunn VR by DDK<\/td>\n<\/tr>\n<tr>\n<td>Sattelst\u00fctze<\/td>\n<td>AL 27.2x350MM<\/td>\n<\/tr>\n<tr>\n<td>Gewicht<\/td>\n<td>13.6 kg<\/td>\n<\/tr>\n<\/tbody>\n<\/table>\n<\/div>\n<div class=\"prodsheet_specs2 col col-sm-8 col-md-8 col-lg-8\">\n<h4>GEOMETRIEN:<\/h4>\n<p><img decoding=\"async\" src=\"http:\/\/media1.alltricks.fr\/ckfinder\/images\/hardtail_fr.jpg\" \/><\/p>\n<table class=\"table table-striped\">\n<tbody>\n<tr>\n<td>Rahmengr\u00f6\u00dfe<\/td>\n<td>S<\/td>\n<td>M<\/td>\n<td>L<\/td>\n<\/tr>\n<tr>\n<td>Gr\u00f6\u00dfe der Laufr\u00e4der (Zoll)<\/td>\n<td>29<\/td>\n<td>29<\/td>\n<td>29<\/td>\n<\/tr>\n<tr>\n<td>Sattelrohr (mm)<\/td>\n<td>400<\/td>\n<td>450<\/td>\n<td>500<\/td>\n<\/tr>\n<tr>\n<td>Oberrohr (mm)<\/td>\n<td>570<\/td>\n<td>600<\/td>\n<td>630<\/td>\n<\/tr>\n<tr>\n<td>L\u00e4nge Basis (mm)<\/td>\n<td>435<\/td>\n<td>435<\/td>\n<td>435<\/td>\n<\/tr>\n<tr>\n<td>Lenkh\u00fclse (mm)<\/td>\n<td>105<\/td>\n<td>110<\/td>\n<td>120<\/td>\n<\/tr>\n<tr>\n<td>Lenkwinkel (\u00b0)<\/td>\n<td>69<\/td>\n<td>69<\/td>\n<td>69<\/td>\n<\/tr>\n<tr>\n<td>Winkel Sattelrohr (\u00b0)<\/td>\n<td>73<\/td>\n<td>73<\/td>\n<td>73<\/td>\n<\/tr>\n<tr>\n<td>Radstand (mm)<\/td>\n<td>1085<\/td>\n<td>1115<\/td>\n<td>1146<\/td>\n<\/tr>\n<tr>\n<td>Stack (mm)<\/td>\n<td>608<\/td>\n<td>613<\/td>\n<td>622<\/td>\n<\/tr>\n<tr>\n<td>Reach (mm)<\/td>\n<td>385<\/td>\n<td>413<\/td>\n<td>440<\/td>\n<\/tr>\n<\/tbody>\n<\/table>\n<h4>WELCHE GR\u00d6SSE BRAUCHEN SIE?<\/h4>\n<p>Die Wahl der richtigen Fahrradgr\u00f6\u00dfe h\u00e4ngt von der Art des Fahrrads, Ihrer K\u00f6rpergr\u00f6\u00dfe, Ihrem Fahrstil und Ihren Vorlieben ab. Ein richtig passendes Fahrrad ist komfortabler, effizienter und macht mehr Spa\u00df zu fahren<\/p>\n<p>Messen Sie sich genau<\/p>\n<p>Messen Sie zun\u00e4chst Ihre K\u00f6rpergr\u00f6\u00dfe und verwenden Sie die Gr\u00f6\u00dfentabelle, die in jeder Produktbeschreibung verf\u00fcgbar ist.<\/p>\n<p>Was tun, wenn Sie zwischen zwei Fahrradgr\u00f6\u00dfen liegen?<\/p>\n<p>Wenn Sie an der Grenze zwischen zwei verschiedenen Fahrradgr\u00f6\u00dfen stehen, machen Sie sich keine Sorgen, Sie werden wahrscheinlich mit beiden Gr\u00f6\u00dfen in Ordnung sein (anstatt zu denken, dass eine Gr\u00f6\u00dfe schrecklich sein wird und die andere passen wird). Tats\u00e4chlich sind Fahrr\u00e4der verstellbar: Die Sattelst\u00fctze kann nach oben und unten gleiten, der Sattel kann sich vor und zur\u00fcck bewegen und Sie k\u00f6nnen sogar Teile wie den Vorbau gegen andere Gr\u00f6\u00dfen austauschen, damit das Fahrrad besser passt.<\/p>\n<p>Herauszufinden, ob Sie einen gr\u00f6\u00dferen oder einen kleineren Rahmen w\u00e4hlen sollten, ist manchmal so einfach wie Ihre pers\u00f6nlichen Vorlieben, aber es gibt ein paar einfache M\u00f6glichkeiten, um herauszufinden, welcher am besten geeignet ist:<br \/>\nWenn Sie flexibel sind, bevorzugen Sie m\u00f6glicherweise ein k\u00fcrzeres Steuerrohr, sodass die kleinere Gr\u00f6\u00dfe m\u00f6glicherweise besser f\u00fcr Sie geeignet ist. Sie k\u00f6nnen einen l\u00e4ngeren Vorbau verwenden, um die Reichweite angenehmer zu gestalten.<br \/>\nBei einem gr\u00f6\u00dferen Fahrrad ist die Reichweite zum Lenker l\u00e4nger. Das bedeutet, dass Sie sich mit einem gr\u00f6\u00dferen Rahmen wohler f\u00fchlen, wenn Sie proportional l\u00e4ngere Arme haben.<\/p>\n<\/div>\n<\/div>\n<div id=\"product-header-order-form\" class=\"js-reload-on-event col-lg-20 col-md-20 col-sm-20 col-xs-20\" data-to-watch=\"body\" data-event=\"alltricks:cartChanged\" data-url=\"\/ajax\/product\/ajouter\/F-11947-velos-complets-vtt\/P-2210336-mountainbike_semi_rigid_sunn_exact_s2_sram_sx_eagle_12v_29___schwarz_2022\"><\/div>","protected":false},"excerpt":{"rendered":"<div class=\"col-lg-14 col-md-14 col-sm-14 col-xs-20\"><\/div>\n<div id=\"product-specifications-table\" class=\"col-lg-20 col-md-20 col-sm-20 col-xs-20\">\n<table class=\"table table-striped\">\n<tbody>\n<tr>\n<td class=\"spec-name\">Geschlecht<\/td>\n<td class=\"spec-value\">Herren<\/td>\n<\/tr>\n<tr>\n<td class=\"spec-name\">Gruppe<\/td>\n<td class=\"spec-value\">Sram SX Eagle 12S<\/td>\n<\/tr>\n<tr>\n<td class=\"spec-name\">collection<\/td>\n<td class=\"spec-value\">2022<\/td>\n<\/tr>\n<tr>\n<td class=\"spec-name\">decimal weight<\/td>\n<td class=\"spec-value\">13.60<\/td>\n<\/tr>\n<\/tbody>\n<\/table>\n<\/div>","protected":false},"featured_media":60571,"comment_status":"open","ping_status":"closed","template":"","meta":{"_rtcl_gb_attr":""},"product_brand":[],"product_cat":[783],"product_tag":[],"class_list":{"0":"post-11597","1":"product","2":"type-product","3":"status-publish","4":"has-post-thumbnail","6":"product_cat-accessories","7":"pa_marke-suun","9":"first","10":"instock","11":"sale","12":"taxable","13":"shipping-taxable","14":"purchasable","15":"product-type-variable"},"yoast_head":"<!-- This site is optimized with the Yoast SEO Premium plugin v20.12 (Yoast SEO v27.4) - https:\/\/yoast.com\/product\/yoast-seo-premium-wordpress\/ -->\n<title>SUNN EXACT S2 SRAM SX EAGLE 12V 29&#039;&#039; SCHWARZ 2022<\/title>\n<meta name=\"description\" content=\"Entdecken Sie unseren Online-Fahrradladen: Gro\u00dfe Auswahl an Modellen f\u00fcr alle Radsportbegeisterten. Von Rennr\u00e4dern bis zu Mountainbikes - finden Sie heute Ihren perfekten Wegbegleiter!\" \/>\n<meta name=\"robots\" content=\"index, follow, max-snippet:-1, max-image-preview:large, max-video-preview:-1\" \/>\n<link rel=\"canonical\" href=\"https:\/\/cioelectro.com\/en\/produkt\/sunn-exact-s2-sram-sx-eagle-12v-29-schwarz-2022\/\" \/>\n<meta property=\"og:locale\" content=\"en_US\" \/>\n<meta property=\"og:type\" content=\"article\" \/>\n<meta property=\"og:title\" content=\"SUNN EXACT S2 SRAM SX EAGLE 12V 29&#039;&#039; SCHWARZ 2022\" \/>\n<meta property=\"og:description\" content=\"Entdecken Sie unseren Online-Fahrradladen: Gro\u00dfe Auswahl an Modellen f\u00fcr alle Radsportbegeisterten. Von Rennr\u00e4dern bis zu Mountainbikes - finden Sie heute Ihren perfekten Wegbegleiter!\" \/>\n<meta property=\"og:url\" content=\"https:\/\/cioelectro.com\/en\/produkt\/sunn-exact-s2-sram-sx-eagle-12v-29-schwarz-2022\/\" \/>\n<meta property=\"og:site_name\" content=\"cioelectro.com\" \/>\n<meta property=\"article:modified_time\" content=\"2023-08-10T13:28:09+00:00\" \/>\n<meta property=\"og:image\" content=\"https:\/\/cioelectro.com\/wp-content\/uploads\/2023\/06\/MOUNTAINBIKE-SEMI-RIGID-SUNN-EXACT-S2-SRAM-SX-EAGLE-12V-29-SCHWARZ-2022.jpg\" \/>\n\t<meta property=\"og:image:width\" content=\"600\" \/>\n\t<meta property=\"og:image:height\" content=\"408\" \/>\n\t<meta property=\"og:image:type\" content=\"image\/jpeg\" \/>\n<meta name=\"twitter:card\" content=\"summary_large_image\" \/>\n<meta name=\"twitter:label1\" content=\"Est. reading time\" \/>\n\t<meta name=\"twitter:data1\" content=\"3 minutes\" \/>\n<script type=\"application\/ld+json\" class=\"yoast-schema-graph\">{\"@context\":\"https:\\\/\\\/schema.org\",\"@graph\":[{\"@type\":\"WebPage\",\"@id\":\"https:\\\/\\\/cioelectro.com\\\/produkt\\\/sunn-exact-s2-sram-sx-eagle-12v-29-schwarz-2022\\\/\",\"url\":\"https:\\\/\\\/cioelectro.com\\\/produkt\\\/sunn-exact-s2-sram-sx-eagle-12v-29-schwarz-2022\\\/\",\"name\":\"SUNN EXACT S2 SRAM SX EAGLE 12V 29'' SCHWARZ 2022\",\"isPartOf\":{\"@id\":\"https:\\\/\\\/cioelectro.com\\\/#website\"},\"primaryImageOfPage\":{\"@id\":\"https:\\\/\\\/cioelectro.com\\\/produkt\\\/sunn-exact-s2-sram-sx-eagle-12v-29-schwarz-2022\\\/#primaryimage\"},\"image\":{\"@id\":\"https:\\\/\\\/cioelectro.com\\\/produkt\\\/sunn-exact-s2-sram-sx-eagle-12v-29-schwarz-2022\\\/#primaryimage\"},\"thumbnailUrl\":\"https:\\\/\\\/cioelectro.com\\\/wp-content\\\/uploads\\\/2023\\\/06\\\/MOUNTAINBIKE-SEMI-RIGID-SUNN-EXACT-S2-SRAM-SX-EAGLE-12V-29-SCHWARZ-2022.jpg\",\"datePublished\":\"2022-07-28T17:38:07+00:00\",\"dateModified\":\"2023-08-10T13:28:09+00:00\",\"description\":\"Entdecken Sie unseren Online-Fahrradladen: Gro\u00dfe Auswahl an Modellen f\u00fcr alle Radsportbegeisterten. Von Rennr\u00e4dern bis zu Mountainbikes - finden Sie heute Ihren perfekten Wegbegleiter!\",\"breadcrumb\":{\"@id\":\"https:\\\/\\\/cioelectro.com\\\/produkt\\\/sunn-exact-s2-sram-sx-eagle-12v-29-schwarz-2022\\\/#breadcrumb\"},\"inLanguage\":\"en-US\",\"potentialAction\":[{\"@type\":\"ReadAction\",\"target\":[\"https:\\\/\\\/cioelectro.com\\\/produkt\\\/sunn-exact-s2-sram-sx-eagle-12v-29-schwarz-2022\\\/\"]}]},{\"@type\":\"ImageObject\",\"inLanguage\":\"en-US\",\"@id\":\"https:\\\/\\\/cioelectro.com\\\/produkt\\\/sunn-exact-s2-sram-sx-eagle-12v-29-schwarz-2022\\\/#primaryimage\",\"url\":\"https:\\\/\\\/cioelectro.com\\\/wp-content\\\/uploads\\\/2023\\\/06\\\/MOUNTAINBIKE-SEMI-RIGID-SUNN-EXACT-S2-SRAM-SX-EAGLE-12V-29-SCHWARZ-2022.jpg\",\"contentUrl\":\"https:\\\/\\\/cioelectro.com\\\/wp-content\\\/uploads\\\/2023\\\/06\\\/MOUNTAINBIKE-SEMI-RIGID-SUNN-EXACT-S2-SRAM-SX-EAGLE-12V-29-SCHWARZ-2022.jpg\",\"width\":600,\"height\":408,\"caption\":\"MOUNTAINBIKE SEMI-RIGID SUNN EXACT S2 SRAM SX EAGLE 12V 29 SCHWARZ 2022\"},{\"@type\":\"BreadcrumbList\",\"@id\":\"https:\\\/\\\/cioelectro.com\\\/produkt\\\/sunn-exact-s2-sram-sx-eagle-12v-29-schwarz-2022\\\/#breadcrumb\",\"itemListElement\":[{\"@type\":\"ListItem\",\"position\":1,\"name\":\"Startseite\",\"item\":\"https:\\\/\\\/cioelectro.com\\\/\"},{\"@type\":\"ListItem\",\"position\":2,\"name\":\"LADEN\",\"item\":\"https:\\\/\\\/cioelectro.com\\\/laden\\\/\"},{\"@type\":\"ListItem\",\"position\":3,\"name\":\"SUNN EXACT S2 SRAM SX EAGLE 12V 29&#8221; SCHWARZ 2022\"}]},{\"@type\":\"WebSite\",\"@id\":\"https:\\\/\\\/cioelectro.com\\\/#website\",\"url\":\"https:\\\/\\\/cioelectro.com\\\/\",\"name\":\"cioelectro.com\",\"description\":\"Treten Sie mit uns ins Abenteuer!\",\"publisher\":{\"@id\":\"https:\\\/\\\/cioelectro.com\\\/#organization\"},\"alternateName\":\"MEIN RADLADEN\",\"potentialAction\":[{\"@type\":\"SearchAction\",\"target\":{\"@type\":\"EntryPoint\",\"urlTemplate\":\"https:\\\/\\\/cioelectro.com\\\/?s={search_term_string}\"},\"query-input\":{\"@type\":\"PropertyValueSpecification\",\"valueRequired\":true,\"valueName\":\"search_term_string\"}}],\"inLanguage\":\"en-US\"},{\"@type\":\"Organization\",\"@id\":\"https:\\\/\\\/cioelectro.com\\\/#organization\",\"name\":\"CIOELECTRO\",\"alternateName\":\"MEIN RADLADEN\",\"url\":\"https:\\\/\\\/cioelectro.com\\\/\",\"logo\":{\"@type\":\"ImageObject\",\"inLanguage\":\"en-US\",\"@id\":\"https:\\\/\\\/cioelectro.com\\\/#\\\/schema\\\/logo\\\/image\\\/\",\"url\":\"https:\\\/\\\/cioelectro.com\\\/wp-content\\\/uploads\\\/2025\\\/12\\\/Logo-2-1200x800.png\",\"contentUrl\":\"https:\\\/\\\/cioelectro.com\\\/wp-content\\\/uploads\\\/2025\\\/12\\\/Logo-2-1200x800.png\",\"width\":1200,\"height\":800,\"caption\":\"CIOELECTRO\"},\"image\":{\"@id\":\"https:\\\/\\\/cioelectro.com\\\/#\\\/schema\\\/logo\\\/image\\\/\"}}]}<\/script>\n<!-- \/ Yoast SEO Premium plugin. -->","yoast_head_json":{"title":"SUNN EXACT S2 SRAM SX EAGLE 12V 29'' SCHWARZ 2022","description":"Entdecken Sie unseren Online-Fahrradladen: Gro\u00dfe Auswahl an Modellen f\u00fcr alle Radsportbegeisterten. Von Rennr\u00e4dern bis zu Mountainbikes - finden Sie heute Ihren perfekten Wegbegleiter!","robots":{"index":"index","follow":"follow","max-snippet":"max-snippet:-1","max-image-preview":"max-image-preview:large","max-video-preview":"max-video-preview:-1"},"canonical":"https:\/\/cioelectro.com\/en\/produkt\/sunn-exact-s2-sram-sx-eagle-12v-29-schwarz-2022\/","og_locale":"en_US","og_type":"article","og_title":"SUNN EXACT S2 SRAM SX EAGLE 12V 29'' SCHWARZ 2022","og_description":"Entdecken Sie unseren Online-Fahrradladen: Gro\u00dfe Auswahl an Modellen f\u00fcr alle Radsportbegeisterten. Von Rennr\u00e4dern bis zu Mountainbikes - finden Sie heute Ihren perfekten Wegbegleiter!","og_url":"https:\/\/cioelectro.com\/en\/produkt\/sunn-exact-s2-sram-sx-eagle-12v-29-schwarz-2022\/","og_site_name":"cioelectro.com","article_modified_time":"2023-08-10T13:28:09+00:00","og_image":[{"width":600,"height":408,"url":"https:\/\/cioelectro.com\/wp-content\/uploads\/2023\/06\/MOUNTAINBIKE-SEMI-RIGID-SUNN-EXACT-S2-SRAM-SX-EAGLE-12V-29-SCHWARZ-2022.jpg","type":"image\/jpeg"}],"twitter_card":"summary_large_image","twitter_misc":{"Est. reading time":"3 minutes"},"schema":{"@context":"https:\/\/schema.org","@graph":[{"@type":"WebPage","@id":"https:\/\/cioelectro.com\/produkt\/sunn-exact-s2-sram-sx-eagle-12v-29-schwarz-2022\/","url":"https:\/\/cioelectro.com\/produkt\/sunn-exact-s2-sram-sx-eagle-12v-29-schwarz-2022\/","name":"SUNN EXACT S2 SRAM SX EAGLE 12V 29'' SCHWARZ 2022","isPartOf":{"@id":"https:\/\/cioelectro.com\/#website"},"primaryImageOfPage":{"@id":"https:\/\/cioelectro.com\/produkt\/sunn-exact-s2-sram-sx-eagle-12v-29-schwarz-2022\/#primaryimage"},"image":{"@id":"https:\/\/cioelectro.com\/produkt\/sunn-exact-s2-sram-sx-eagle-12v-29-schwarz-2022\/#primaryimage"},"thumbnailUrl":"https:\/\/cioelectro.com\/wp-content\/uploads\/2023\/06\/MOUNTAINBIKE-SEMI-RIGID-SUNN-EXACT-S2-SRAM-SX-EAGLE-12V-29-SCHWARZ-2022.jpg","datePublished":"2022-07-28T17:38:07+00:00","dateModified":"2023-08-10T13:28:09+00:00","description":"Entdecken Sie unseren Online-Fahrradladen: Gro\u00dfe Auswahl an Modellen f\u00fcr alle Radsportbegeisterten. Von Rennr\u00e4dern bis zu Mountainbikes - finden Sie heute Ihren perfekten Wegbegleiter!","breadcrumb":{"@id":"https:\/\/cioelectro.com\/produkt\/sunn-exact-s2-sram-sx-eagle-12v-29-schwarz-2022\/#breadcrumb"},"inLanguage":"en-US","potentialAction":[{"@type":"ReadAction","target":["https:\/\/cioelectro.com\/produkt\/sunn-exact-s2-sram-sx-eagle-12v-29-schwarz-2022\/"]}]},{"@type":"ImageObject","inLanguage":"en-US","@id":"https:\/\/cioelectro.com\/produkt\/sunn-exact-s2-sram-sx-eagle-12v-29-schwarz-2022\/#primaryimage","url":"https:\/\/cioelectro.com\/wp-content\/uploads\/2023\/06\/MOUNTAINBIKE-SEMI-RIGID-SUNN-EXACT-S2-SRAM-SX-EAGLE-12V-29-SCHWARZ-2022.jpg","contentUrl":"https:\/\/cioelectro.com\/wp-content\/uploads\/2023\/06\/MOUNTAINBIKE-SEMI-RIGID-SUNN-EXACT-S2-SRAM-SX-EAGLE-12V-29-SCHWARZ-2022.jpg","width":600,"height":408,"caption":"MOUNTAINBIKE SEMI-RIGID SUNN EXACT S2 SRAM SX EAGLE 12V 29 SCHWARZ 2022"},{"@type":"BreadcrumbList","@id":"https:\/\/cioelectro.com\/produkt\/sunn-exact-s2-sram-sx-eagle-12v-29-schwarz-2022\/#breadcrumb","itemListElement":[{"@type":"ListItem","position":1,"name":"Startseite","item":"https:\/\/cioelectro.com\/"},{"@type":"ListItem","position":2,"name":"LADEN","item":"https:\/\/cioelectro.com\/laden\/"},{"@type":"ListItem","position":3,"name":"SUNN EXACT S2 SRAM SX EAGLE 12V 29&#8221; SCHWARZ 2022"}]},{"@type":"WebSite","@id":"https:\/\/cioelectro.com\/#website","url":"https:\/\/cioelectro.com\/","name":"cioelectro.com","description":"Treten Sie mit uns ins Abenteuer!","publisher":{"@id":"https:\/\/cioelectro.com\/#organization"},"alternateName":"MEIN RADLADEN","potentialAction":[{"@type":"SearchAction","target":{"@type":"EntryPoint","urlTemplate":"https:\/\/cioelectro.com\/?s={search_term_string}"},"query-input":{"@type":"PropertyValueSpecification","valueRequired":true,"valueName":"search_term_string"}}],"inLanguage":"en-US"},{"@type":"Organization","@id":"https:\/\/cioelectro.com\/#organization","name":"CIOELECTRO","alternateName":"MEIN RADLADEN","url":"https:\/\/cioelectro.com\/","logo":{"@type":"ImageObject","inLanguage":"en-US","@id":"https:\/\/cioelectro.com\/#\/schema\/logo\/image\/","url":"https:\/\/cioelectro.com\/wp-content\/uploads\/2025\/12\/Logo-2-1200x800.png","contentUrl":"https:\/\/cioelectro.com\/wp-content\/uploads\/2025\/12\/Logo-2-1200x800.png","width":1200,"height":800,"caption":"CIOELECTRO"},"image":{"@id":"https:\/\/cioelectro.com\/#\/schema\/logo\/image\/"}}]}},"_links":{"self":[{"href":"https:\/\/cioelectro.com\/en\/wp-json\/wp\/v2\/product\/11597","targetHints":{"allow":["GET"]}}],"collection":[{"href":"https:\/\/cioelectro.com\/en\/wp-json\/wp\/v2\/product"}],"about":[{"href":"https:\/\/cioelectro.com\/en\/wp-json\/wp\/v2\/types\/product"}],"replies":[{"embeddable":true,"href":"https:\/\/cioelectro.com\/en\/wp-json\/wp\/v2\/comments?post=11597"}],"version-history":[{"count":0,"href":"https:\/\/cioelectro.com\/en\/wp-json\/wp\/v2\/product\/11597\/revisions"}],"wp:featuredmedia":[{"embeddable":true,"href":"https:\/\/cioelectro.com\/en\/wp-json\/wp\/v2\/media\/60571"}],"wp:attachment":[{"href":"https:\/\/cioelectro.com\/en\/wp-json\/wp\/v2\/media?parent=11597"}],"wp:term":[{"taxonomy":"product_brand","embeddable":true,"href":"https:\/\/cioelectro.com\/en\/wp-json\/wp\/v2\/product_brand?post=11597"},{"taxonomy":"product_cat","embeddable":true,"href":"https:\/\/cioelectro.com\/en\/wp-json\/wp\/v2\/product_cat?post=11597"},{"taxonomy":"product_tag","embeddable":true,"href":"https:\/\/cioelectro.com\/en\/wp-json\/wp\/v2\/product_tag?post=11597"}],"curies":[{"name":"wp","href":"https:\/\/api.w.org\/{rel}","templated":true}]}}