{"id":11605,"date":"2022-07-28T20:03:46","date_gmt":"2022-07-28T18:03:46","guid":{"rendered":"https:\/\/meinradladen.com\/?post_type=product&#038;p=11605"},"modified":"2023-08-10T15:27:39","modified_gmt":"2023-08-10T13:27:39","slug":"cannondale-trail-damen-6-29-hardtail-mtb-green-2021","status":"publish","type":"product","link":"https:\/\/cioelectro.com\/en\/produkt\/cannondale-trail-damen-6-29-hardtail-mtb-green-2021\/","title":{"rendered":"CANNONDALE TRAIL DAMEN 6 29 HARDTAIL MTB GREEN 2021"},"content":{"rendered":"<div id=\"product-header-order-name\" class=\"col-lg-20 col-md-20 col-sm-20 col-xs-20\">\n<h2 class=\"heading-title-text\">CANNONDALE TRAIL DAMEN 6 29 HARDTAIL MTB SHIMANO ALIVIO \/ ALTUS 9S 29&#8221; MANTIS GREEN 2021<\/h2>\n<div class=\"col col-sm-12 col-md-12 col-lg-12\">\n<p>Aufleveln! Das\u00a0<strong>Cannondale Trail Damen<\/strong>\u00a0ist ein Mountainbike, das entwickelt wurde, um Ihr Spiel zu verbessern und eine Leidenschaft f\u00fcr den Trail zu wecken. Entworfen f\u00fcr die Berge und bereit f\u00fcr alles. Die einfache und dennoch raffinierte Aluminiumkonstruktion ergibt einen leichten, lebendigen Rahmen, der alles in seiner Klasse \u00fcbertrifft. Die &#8220;SAVE&#8221; -Mikrofederung sorgt dank strategisch konstruierter Flexzonen im hinteren Dreieck des Rahmens f\u00fcr ein ruhigeres und kontrollierteres Fahrverhalten.<\/p>\n<p>Die kleineren Trail-Gr\u00f6\u00dfen rollen auf 27,5-Zoll-R\u00e4dern, w\u00e4hrend die gr\u00f6\u00dferen Gr\u00f6\u00dfen mit 29-Zoll-R\u00e4dern geliefert werden, um jedem Fahrer die beste Mischung aus Passform, Schnelligkeit und Spa\u00df zu bieten.<\/p>\n<\/div>\n<div class=\"prodsheet_bullets col col-sm-8 col-md-8 col-lg-8\">\n<h4>HAUPTEIGENSCHAFTEN:<\/h4>\n<ul>\n<li>Ein Mountainbike, das gebaut wurde, um Ihr Spiel zu verbessern und eine Leidenschaft f\u00fcr den Trail zu wecken.<\/li>\n<li>Leichter und langlebiger SmartForm C3 Alloy Rahmen.<\/li>\n<li>Shimano Alivio \/ Altus 2&#215;9-Gang-Antrieb.<\/li>\n<li>Hydraulische Scheibenbremsen Shimano MT200, 160\/160 mm.<\/li>\n<\/ul>\n<\/div>\n<div class=\"prodsheet_specs1 col col-sm-12 col-md-12 col-lg-12\">\n<h4>EIGENSCHAFTEN:<\/h4>\n<table class=\"table table-striped\">\n<tbody>\n<tr>\n<td>Rahmen<\/td>\n<td>Aluminium: SmartForm C3-Legierung, SAVE, 1-1 \/ 8 &#8220;Steuerrohr, Post-Mount-Disc, StraightShot-interne Kabelf\u00fchrung, Dropper-Post-kompatibel, BSA-73<\/td>\n<\/tr>\n<tr>\n<td>Gabel<\/td>\n<td>SR Suntour XCM-RL, 100 mm, Verriegelung, Spule, 46 mm Versatz (29 &#8220;)<\/td>\n<\/tr>\n<tr>\n<td>Headset<\/td>\n<td>Halbintegriert, 1-1 \/ 8 &#8220;<\/td>\n<\/tr>\n<tr>\n<td>Stengel<\/td>\n<td>6061 Legierung, 31,8 mm, 7 \u00b0<\/td>\n<\/tr>\n<tr>\n<td>Lenker<\/td>\n<td>Cannondale Riser, 6061 Legierung, 25 mm Anstieg, 8 \u00b0 Sweep, 6 \u00b0 Anstieg, 720 mm<\/td>\n<\/tr>\n<tr>\n<td>Griffe<\/td>\n<td>Cannondale Dual-Density<\/td>\n<\/tr>\n<tr>\n<td>Schalthebel<\/td>\n<td>Shimano Alivio, 2&#215;9-Gang<\/td>\n<\/tr>\n<tr>\n<td>Umwerfer<\/td>\n<td>Shimano Altus, 34,9 mm Klemme<\/td>\n<\/tr>\n<tr>\n<td>Schaltwerk<\/td>\n<td>Shimano Alivio, Shadow SGS, 9-Gang<\/td>\n<\/tr>\n<tr>\n<td>Kurbelgarnitur<\/td>\n<td>Shimano MT210, 36 \/ 22T<\/td>\n<\/tr>\n<tr>\n<td>Tretlager<\/td>\n<td>Patrone, quadratische Verj\u00fcngung<\/td>\n<\/tr>\n<tr>\n<td>Kette<\/td>\n<td>KMC X9, 9-Gang<\/td>\n<\/tr>\n<tr>\n<td>Kassette<\/td>\n<td>Shimano HG200, 11-36T, 9-Gang<\/td>\n<\/tr>\n<tr>\n<td>Bremshebel<\/td>\n<td>Shimano MT200<\/td>\n<\/tr>\n<tr>\n<td>Bremsen<\/td>\n<td>Shimano MT200 Hydraulikscheibe, 160\/160 mm RT10 Rotoren<\/td>\n<\/tr>\n<tr>\n<td>Sattel<\/td>\n<td>Cannondale Stage 2 Frauen<\/td>\n<\/tr>\n<tr>\n<td>Sattelst\u00fctze<\/td>\n<td>Cannondale 3, 6061 Legierung, 31,6 x 350\/400 mm<\/td>\n<\/tr>\n<tr>\n<td>Radsatz<\/td>\n<td>WTB SX19, 32h<\/td>\n<\/tr>\n<tr>\n<td>Vorderradnabe<\/td>\n<td>Shimano HBTX 505<\/td>\n<\/tr>\n<tr>\n<td>Hinterradnabe<\/td>\n<td>Shimano FHTX505<\/td>\n<\/tr>\n<tr>\n<td>Reifen<\/td>\n<td>Schwalbe Rocket Rick, K-Guard, 29 x 2,25 &#8220;<\/td>\n<\/tr>\n<tr>\n<td>Gewicht<\/td>\n<td>&#8212;<\/td>\n<\/tr>\n<tr>\n<td>Farbe<\/td>\n<td>Gottesanbeterin<\/td>\n<\/tr>\n<\/tbody>\n<\/table>\n<\/div>\n<div class=\"prodsheet_specs2 col col-sm-8 col-md-8 col-lg-8\">\n<h4>GEOMETRIEN:<\/h4>\n<p><img decoding=\"async\" src=\"http:\/\/media1.alltricks.fr\/ckfinder\/images\/hardtail_en.jpg\" \/><\/p>\n<table class=\"table table-striped\">\n<tbody>\n<tr>\n<td>Rahmengr\u00f6\u00dfe<\/td>\n<td>XS<\/td>\n<td>S<\/td>\n<td>M<\/td>\n<td>L<\/td>\n<\/tr>\n<tr>\n<td>Radgr\u00f6\u00dfe<\/td>\n<td>27,5 &#8220;<\/td>\n<td>27,5 &#8220;<\/td>\n<td>27,5 &#8220;<\/td>\n<td>29 &#8220;<\/td>\n<\/tr>\n<tr>\n<td>Sitzrohr (mm)<\/td>\n<td>330<\/td>\n<td>381<\/td>\n<td>432<\/td>\n<td>470<\/td>\n<\/tr>\n<tr>\n<td>Oberrohr (mm)<\/td>\n<td>535<\/td>\n<td>577<\/td>\n<td>609<\/td>\n<td>634<\/td>\n<\/tr>\n<tr>\n<td>Kettenstreben (mm)<\/td>\n<td>440<\/td>\n<td>440<\/td>\n<td>445<\/td>\n<td>445<\/td>\n<\/tr>\n<tr>\n<td>Steuerrohrwinkel (\u00b0)<\/td>\n<td>68<\/td>\n<td>68<\/td>\n<td>68<\/td>\n<td>68<\/td>\n<\/tr>\n<tr>\n<td>Sitzrohrwinkel (\u00b0)<\/td>\n<td>73,5<\/td>\n<td>73,5<\/td>\n<td>73,5<\/td>\n<td>73,5<\/td>\n<\/tr>\n<tr>\n<td>Radstand (mm)<\/td>\n<td>1054<\/td>\n<td>1098<\/td>\n<td>1140<\/td>\n<td>1166<\/td>\n<\/tr>\n<tr>\n<td>Stapel (mm)<\/td>\n<td>573<\/td>\n<td>591<\/td>\n<td>623<\/td>\n<td>632<\/td>\n<\/tr>\n<tr>\n<td>Reichweite (mm)<\/td>\n<td>365<\/td>\n<td>402<\/td>\n<td>425<\/td>\n<td>447<\/td>\n<\/tr>\n<\/tbody>\n<\/table>\n<\/div>\n<\/div>\n<div id=\"product-header-order-form\" class=\"js-reload-on-event col-lg-20 col-md-20 col-sm-20 col-xs-20\" data-to-watch=\"body\" data-event=\"alltricks:cartChanged\" data-url=\"\/ajax\/product\/ajouter\/F-11947-velos-complets-vtt\/P-1543773-cannondale_trail_damen_6_29_hardtail_mtb_shimano_alivio___altus_9s_29___mantis_green_2021\"><\/div>","protected":false},"excerpt":{"rendered":"<div class=\"col-lg-14 col-md-14 col-sm-14 col-xs-20\"><\/div>\n<div id=\"product-specifications-table\" class=\"col-lg-20 col-md-20 col-sm-20 col-xs-20\">\n<table class=\"table table-striped\">\n<tbody>\n<tr>\n<td class=\"spec-name\">Geschlecht<\/td>\n<td class=\"spec-value\">Damen<\/td>\n<\/tr>\n<tr>\n<td class=\"spec-name\">Gruppe<\/td>\n<td class=\"spec-value\">Shimano Alivio\/Altus 9V<\/td>\n<\/tr>\n<tr>\n<td class=\"spec-name\">collection<\/td>\n<td class=\"spec-value\">2021<\/td>\n<\/tr>\n<\/tbody>\n<\/table>\n<\/div>","protected":false},"featured_media":60574,"comment_status":"open","ping_status":"closed","template":"","meta":{"_rtcl_gb_attr":""},"product_brand":[],"product_cat":[783],"product_tag":[],"class_list":{"0":"post-11605","1":"product","2":"type-product","3":"status-publish","4":"has-post-thumbnail","6":"product_cat-accessories","7":"pa_marke-cannondale","9":"first","10":"instock","11":"taxable","12":"shipping-taxable","13":"purchasable","14":"product-type-variable"},"yoast_head":"<!-- This site is optimized with the Yoast SEO Premium plugin v20.12 (Yoast SEO v27.4) - https:\/\/yoast.com\/product\/yoast-seo-premium-wordpress\/ -->\n<title>CANNONDALE TRAIL DAMEN 6 29 HARDTAIL MTB GREEN 2021<\/title>\n<meta name=\"description\" content=\"Entdecken Sie unseren Online-Fahrradladen: Gro\u00dfe Auswahl an Modellen f\u00fcr alle Radsportbegeisterten. Von Rennr\u00e4dern bis zu Mountainbikes - finden Sie heute Ihren perfekten Wegbegleiter!\" \/>\n<meta name=\"robots\" content=\"index, follow, max-snippet:-1, max-image-preview:large, max-video-preview:-1\" \/>\n<link rel=\"canonical\" href=\"https:\/\/cioelectro.com\/en\/produkt\/cannondale-trail-damen-6-29-hardtail-mtb-green-2021\/\" \/>\n<meta property=\"og:locale\" content=\"en_US\" \/>\n<meta property=\"og:type\" content=\"article\" \/>\n<meta property=\"og:title\" content=\"CANNONDALE TRAIL DAMEN 6 29 HARDTAIL MTB GREEN 2021\" \/>\n<meta property=\"og:description\" content=\"Entdecken Sie unseren Online-Fahrradladen: Gro\u00dfe Auswahl an Modellen f\u00fcr alle Radsportbegeisterten. Von Rennr\u00e4dern bis zu Mountainbikes - finden Sie heute Ihren perfekten Wegbegleiter!\" \/>\n<meta property=\"og:url\" content=\"https:\/\/cioelectro.com\/en\/produkt\/cannondale-trail-damen-6-29-hardtail-mtb-green-2021\/\" \/>\n<meta property=\"og:site_name\" content=\"cioelectro.com\" \/>\n<meta property=\"article:modified_time\" content=\"2023-08-10T13:27:39+00:00\" \/>\n<meta property=\"og:image\" content=\"https:\/\/cioelectro.com\/wp-content\/uploads\/2023\/06\/CANNONDALE-TRAIL-DAMEN-6-29-HARDTAIL-MTB-SHIMANO-ALIVIO-ALTUS-9S-29-MANTIS-GREEN-2021.jpg\" \/>\n\t<meta property=\"og:image:width\" content=\"600\" \/>\n\t<meta property=\"og:image:height\" content=\"407\" \/>\n\t<meta property=\"og:image:type\" content=\"image\/jpeg\" \/>\n<meta name=\"twitter:card\" content=\"summary_large_image\" \/>\n<meta name=\"twitter:label1\" content=\"Est. reading time\" \/>\n\t<meta name=\"twitter:data1\" content=\"3 minutes\" \/>\n<script type=\"application\/ld+json\" class=\"yoast-schema-graph\">{\"@context\":\"https:\\\/\\\/schema.org\",\"@graph\":[{\"@type\":\"WebPage\",\"@id\":\"https:\\\/\\\/cioelectro.com\\\/produkt\\\/cannondale-trail-damen-6-29-hardtail-mtb-green-2021\\\/\",\"url\":\"https:\\\/\\\/cioelectro.com\\\/produkt\\\/cannondale-trail-damen-6-29-hardtail-mtb-green-2021\\\/\",\"name\":\"CANNONDALE TRAIL DAMEN 6 29 HARDTAIL MTB GREEN 2021\",\"isPartOf\":{\"@id\":\"https:\\\/\\\/cioelectro.com\\\/#website\"},\"primaryImageOfPage\":{\"@id\":\"https:\\\/\\\/cioelectro.com\\\/produkt\\\/cannondale-trail-damen-6-29-hardtail-mtb-green-2021\\\/#primaryimage\"},\"image\":{\"@id\":\"https:\\\/\\\/cioelectro.com\\\/produkt\\\/cannondale-trail-damen-6-29-hardtail-mtb-green-2021\\\/#primaryimage\"},\"thumbnailUrl\":\"https:\\\/\\\/cioelectro.com\\\/wp-content\\\/uploads\\\/2023\\\/06\\\/CANNONDALE-TRAIL-DAMEN-6-29-HARDTAIL-MTB-SHIMANO-ALIVIO-ALTUS-9S-29-MANTIS-GREEN-2021.jpg\",\"datePublished\":\"2022-07-28T18:03:46+00:00\",\"dateModified\":\"2023-08-10T13:27:39+00:00\",\"description\":\"Entdecken Sie unseren Online-Fahrradladen: Gro\u00dfe Auswahl an Modellen f\u00fcr alle Radsportbegeisterten. Von Rennr\u00e4dern bis zu Mountainbikes - finden Sie heute Ihren perfekten Wegbegleiter!\",\"breadcrumb\":{\"@id\":\"https:\\\/\\\/cioelectro.com\\\/produkt\\\/cannondale-trail-damen-6-29-hardtail-mtb-green-2021\\\/#breadcrumb\"},\"inLanguage\":\"en-US\",\"potentialAction\":[{\"@type\":\"ReadAction\",\"target\":[\"https:\\\/\\\/cioelectro.com\\\/produkt\\\/cannondale-trail-damen-6-29-hardtail-mtb-green-2021\\\/\"]}]},{\"@type\":\"ImageObject\",\"inLanguage\":\"en-US\",\"@id\":\"https:\\\/\\\/cioelectro.com\\\/produkt\\\/cannondale-trail-damen-6-29-hardtail-mtb-green-2021\\\/#primaryimage\",\"url\":\"https:\\\/\\\/cioelectro.com\\\/wp-content\\\/uploads\\\/2023\\\/06\\\/CANNONDALE-TRAIL-DAMEN-6-29-HARDTAIL-MTB-SHIMANO-ALIVIO-ALTUS-9S-29-MANTIS-GREEN-2021.jpg\",\"contentUrl\":\"https:\\\/\\\/cioelectro.com\\\/wp-content\\\/uploads\\\/2023\\\/06\\\/CANNONDALE-TRAIL-DAMEN-6-29-HARDTAIL-MTB-SHIMANO-ALIVIO-ALTUS-9S-29-MANTIS-GREEN-2021.jpg\",\"width\":600,\"height\":407,\"caption\":\"CANNONDALE TRAIL DAMEN 6 29 HARDTAIL MTB SHIMANO ALIVIO ALTUS 9S 29'' MANTIS GREEN 2021\"},{\"@type\":\"BreadcrumbList\",\"@id\":\"https:\\\/\\\/cioelectro.com\\\/produkt\\\/cannondale-trail-damen-6-29-hardtail-mtb-green-2021\\\/#breadcrumb\",\"itemListElement\":[{\"@type\":\"ListItem\",\"position\":1,\"name\":\"Startseite\",\"item\":\"https:\\\/\\\/cioelectro.com\\\/\"},{\"@type\":\"ListItem\",\"position\":2,\"name\":\"LADEN\",\"item\":\"https:\\\/\\\/cioelectro.com\\\/laden\\\/\"},{\"@type\":\"ListItem\",\"position\":3,\"name\":\"CANNONDALE TRAIL DAMEN 6 29 HARDTAIL MTB GREEN 2021\"}]},{\"@type\":\"WebSite\",\"@id\":\"https:\\\/\\\/cioelectro.com\\\/#website\",\"url\":\"https:\\\/\\\/cioelectro.com\\\/\",\"name\":\"cioelectro.com\",\"description\":\"Treten Sie mit uns ins Abenteuer!\",\"publisher\":{\"@id\":\"https:\\\/\\\/cioelectro.com\\\/#organization\"},\"alternateName\":\"MEIN RADLADEN\",\"potentialAction\":[{\"@type\":\"SearchAction\",\"target\":{\"@type\":\"EntryPoint\",\"urlTemplate\":\"https:\\\/\\\/cioelectro.com\\\/?s={search_term_string}\"},\"query-input\":{\"@type\":\"PropertyValueSpecification\",\"valueRequired\":true,\"valueName\":\"search_term_string\"}}],\"inLanguage\":\"en-US\"},{\"@type\":\"Organization\",\"@id\":\"https:\\\/\\\/cioelectro.com\\\/#organization\",\"name\":\"CIOELECTRO\",\"alternateName\":\"MEIN RADLADEN\",\"url\":\"https:\\\/\\\/cioelectro.com\\\/\",\"logo\":{\"@type\":\"ImageObject\",\"inLanguage\":\"en-US\",\"@id\":\"https:\\\/\\\/cioelectro.com\\\/#\\\/schema\\\/logo\\\/image\\\/\",\"url\":\"https:\\\/\\\/cioelectro.com\\\/wp-content\\\/uploads\\\/2025\\\/12\\\/Logo-2-1200x800.png\",\"contentUrl\":\"https:\\\/\\\/cioelectro.com\\\/wp-content\\\/uploads\\\/2025\\\/12\\\/Logo-2-1200x800.png\",\"width\":1200,\"height\":800,\"caption\":\"CIOELECTRO\"},\"image\":{\"@id\":\"https:\\\/\\\/cioelectro.com\\\/#\\\/schema\\\/logo\\\/image\\\/\"}}]}<\/script>\n<!-- \/ Yoast SEO Premium plugin. -->","yoast_head_json":{"title":"CANNONDALE TRAIL DAMEN 6 29 HARDTAIL MTB GREEN 2021","description":"Entdecken Sie unseren Online-Fahrradladen: Gro\u00dfe Auswahl an Modellen f\u00fcr alle Radsportbegeisterten. Von Rennr\u00e4dern bis zu Mountainbikes - finden Sie heute Ihren perfekten Wegbegleiter!","robots":{"index":"index","follow":"follow","max-snippet":"max-snippet:-1","max-image-preview":"max-image-preview:large","max-video-preview":"max-video-preview:-1"},"canonical":"https:\/\/cioelectro.com\/en\/produkt\/cannondale-trail-damen-6-29-hardtail-mtb-green-2021\/","og_locale":"en_US","og_type":"article","og_title":"CANNONDALE TRAIL DAMEN 6 29 HARDTAIL MTB GREEN 2021","og_description":"Entdecken Sie unseren Online-Fahrradladen: Gro\u00dfe Auswahl an Modellen f\u00fcr alle Radsportbegeisterten. Von Rennr\u00e4dern bis zu Mountainbikes - finden Sie heute Ihren perfekten Wegbegleiter!","og_url":"https:\/\/cioelectro.com\/en\/produkt\/cannondale-trail-damen-6-29-hardtail-mtb-green-2021\/","og_site_name":"cioelectro.com","article_modified_time":"2023-08-10T13:27:39+00:00","og_image":[{"width":600,"height":407,"url":"https:\/\/cioelectro.com\/wp-content\/uploads\/2023\/06\/CANNONDALE-TRAIL-DAMEN-6-29-HARDTAIL-MTB-SHIMANO-ALIVIO-ALTUS-9S-29-MANTIS-GREEN-2021.jpg","type":"image\/jpeg"}],"twitter_card":"summary_large_image","twitter_misc":{"Est. reading time":"3 minutes"},"schema":{"@context":"https:\/\/schema.org","@graph":[{"@type":"WebPage","@id":"https:\/\/cioelectro.com\/produkt\/cannondale-trail-damen-6-29-hardtail-mtb-green-2021\/","url":"https:\/\/cioelectro.com\/produkt\/cannondale-trail-damen-6-29-hardtail-mtb-green-2021\/","name":"CANNONDALE TRAIL DAMEN 6 29 HARDTAIL MTB GREEN 2021","isPartOf":{"@id":"https:\/\/cioelectro.com\/#website"},"primaryImageOfPage":{"@id":"https:\/\/cioelectro.com\/produkt\/cannondale-trail-damen-6-29-hardtail-mtb-green-2021\/#primaryimage"},"image":{"@id":"https:\/\/cioelectro.com\/produkt\/cannondale-trail-damen-6-29-hardtail-mtb-green-2021\/#primaryimage"},"thumbnailUrl":"https:\/\/cioelectro.com\/wp-content\/uploads\/2023\/06\/CANNONDALE-TRAIL-DAMEN-6-29-HARDTAIL-MTB-SHIMANO-ALIVIO-ALTUS-9S-29-MANTIS-GREEN-2021.jpg","datePublished":"2022-07-28T18:03:46+00:00","dateModified":"2023-08-10T13:27:39+00:00","description":"Entdecken Sie unseren Online-Fahrradladen: Gro\u00dfe Auswahl an Modellen f\u00fcr alle Radsportbegeisterten. Von Rennr\u00e4dern bis zu Mountainbikes - finden Sie heute Ihren perfekten Wegbegleiter!","breadcrumb":{"@id":"https:\/\/cioelectro.com\/produkt\/cannondale-trail-damen-6-29-hardtail-mtb-green-2021\/#breadcrumb"},"inLanguage":"en-US","potentialAction":[{"@type":"ReadAction","target":["https:\/\/cioelectro.com\/produkt\/cannondale-trail-damen-6-29-hardtail-mtb-green-2021\/"]}]},{"@type":"ImageObject","inLanguage":"en-US","@id":"https:\/\/cioelectro.com\/produkt\/cannondale-trail-damen-6-29-hardtail-mtb-green-2021\/#primaryimage","url":"https:\/\/cioelectro.com\/wp-content\/uploads\/2023\/06\/CANNONDALE-TRAIL-DAMEN-6-29-HARDTAIL-MTB-SHIMANO-ALIVIO-ALTUS-9S-29-MANTIS-GREEN-2021.jpg","contentUrl":"https:\/\/cioelectro.com\/wp-content\/uploads\/2023\/06\/CANNONDALE-TRAIL-DAMEN-6-29-HARDTAIL-MTB-SHIMANO-ALIVIO-ALTUS-9S-29-MANTIS-GREEN-2021.jpg","width":600,"height":407,"caption":"CANNONDALE TRAIL DAMEN 6 29 HARDTAIL MTB SHIMANO ALIVIO ALTUS 9S 29'' MANTIS GREEN 2021"},{"@type":"BreadcrumbList","@id":"https:\/\/cioelectro.com\/produkt\/cannondale-trail-damen-6-29-hardtail-mtb-green-2021\/#breadcrumb","itemListElement":[{"@type":"ListItem","position":1,"name":"Startseite","item":"https:\/\/cioelectro.com\/"},{"@type":"ListItem","position":2,"name":"LADEN","item":"https:\/\/cioelectro.com\/laden\/"},{"@type":"ListItem","position":3,"name":"CANNONDALE TRAIL DAMEN 6 29 HARDTAIL MTB GREEN 2021"}]},{"@type":"WebSite","@id":"https:\/\/cioelectro.com\/#website","url":"https:\/\/cioelectro.com\/","name":"cioelectro.com","description":"Treten Sie mit uns ins Abenteuer!","publisher":{"@id":"https:\/\/cioelectro.com\/#organization"},"alternateName":"MEIN RADLADEN","potentialAction":[{"@type":"SearchAction","target":{"@type":"EntryPoint","urlTemplate":"https:\/\/cioelectro.com\/?s={search_term_string}"},"query-input":{"@type":"PropertyValueSpecification","valueRequired":true,"valueName":"search_term_string"}}],"inLanguage":"en-US"},{"@type":"Organization","@id":"https:\/\/cioelectro.com\/#organization","name":"CIOELECTRO","alternateName":"MEIN RADLADEN","url":"https:\/\/cioelectro.com\/","logo":{"@type":"ImageObject","inLanguage":"en-US","@id":"https:\/\/cioelectro.com\/#\/schema\/logo\/image\/","url":"https:\/\/cioelectro.com\/wp-content\/uploads\/2025\/12\/Logo-2-1200x800.png","contentUrl":"https:\/\/cioelectro.com\/wp-content\/uploads\/2025\/12\/Logo-2-1200x800.png","width":1200,"height":800,"caption":"CIOELECTRO"},"image":{"@id":"https:\/\/cioelectro.com\/#\/schema\/logo\/image\/"}}]}},"_links":{"self":[{"href":"https:\/\/cioelectro.com\/en\/wp-json\/wp\/v2\/product\/11605","targetHints":{"allow":["GET"]}}],"collection":[{"href":"https:\/\/cioelectro.com\/en\/wp-json\/wp\/v2\/product"}],"about":[{"href":"https:\/\/cioelectro.com\/en\/wp-json\/wp\/v2\/types\/product"}],"replies":[{"embeddable":true,"href":"https:\/\/cioelectro.com\/en\/wp-json\/wp\/v2\/comments?post=11605"}],"version-history":[{"count":0,"href":"https:\/\/cioelectro.com\/en\/wp-json\/wp\/v2\/product\/11605\/revisions"}],"wp:featuredmedia":[{"embeddable":true,"href":"https:\/\/cioelectro.com\/en\/wp-json\/wp\/v2\/media\/60574"}],"wp:attachment":[{"href":"https:\/\/cioelectro.com\/en\/wp-json\/wp\/v2\/media?parent=11605"}],"wp:term":[{"taxonomy":"product_brand","embeddable":true,"href":"https:\/\/cioelectro.com\/en\/wp-json\/wp\/v2\/product_brand?post=11605"},{"taxonomy":"product_cat","embeddable":true,"href":"https:\/\/cioelectro.com\/en\/wp-json\/wp\/v2\/product_cat?post=11605"},{"taxonomy":"product_tag","embeddable":true,"href":"https:\/\/cioelectro.com\/en\/wp-json\/wp\/v2\/product_tag?post=11605"}],"curies":[{"name":"wp","href":"https:\/\/api.w.org\/{rel}","templated":true}]}}