{"id":11681,"date":"2022-07-29T11:41:08","date_gmt":"2022-07-29T09:41:08","guid":{"rendered":"https:\/\/meinradladen.com\/?post_type=product&#038;p=11681"},"modified":"2023-08-10T15:09:18","modified_gmt":"2023-08-10T13:09:18","slug":"sunn-tox-s4-27-5-hardtail-mtb-shimano-tourney-2022","status":"publish","type":"product","link":"https:\/\/cioelectro.com\/en\/produkt\/sunn-tox-s4-27-5-hardtail-mtb-shimano-tourney-2022\/","title":{"rendered":"SUNN TOX S4 27.5 HARDTAIL MTB SHIMANO TOURNEY 2022"},"content":{"rendered":"<h2 class=\"heading-title-text\">SUNN TOX S4 27.5 HARDTAIL MTB SHIMANO TOURNEY 7F\u00a0 ROT 2022<\/h2>\n<div class=\"col col-sm-12 col-md-12 col-lg-12\">\n<p><strong>Das Sunn Tox S4 27.5<\/strong>\u00a0ist ideal, um mit der Familie oder mit Freunden neue Horizonte zu entdecken. Es ist ein Mountainbike, mit dem Sie mit Ihren Kindern auf den Wegen genauso komfortabel spazieren gehen wie auf den Trails. Das\u00a0<strong>Tox<\/strong>\u00a0ist ein echtes Semi-Rigid-Mountainbike mit einem au\u00dfergew\u00f6hnlichen Preis-Leistungs-Verh\u00e4ltnis. Sein 6061er Aluminiumrahmen verf\u00fcgt \u00fcber die Edge-Tubing-Technologie, die eine k\u00fcrzere Geometrie bietet, die am Hang effizient ist.<\/p>\n<\/div>\n<div class=\"prodsheet_bullets col col-sm-8 col-md-8 col-lg-8\">\n<h4>DAS PRODUKT:<\/h4>\n<ul>\n<li>6061 Aluminiumrahmen.<\/li>\n<li>Shimano Tourney-Antrieb, 3&#215;7-Gang.<\/li>\n<li>Mechanische Shimano 160\/160 mm Scheibenbremsen.<\/li>\n<\/ul>\n<\/div>\n<div class=\"prodsheet_specs1 col col-sm-12 col-md-12 col-lg-12\">\n<h4>EINZELHEITEN:<\/h4>\n<table class=\"table table-striped\">\n<tbody>\n<tr>\n<td>Rahmen<\/td>\n<td>Aluminium: Neue Tox Scheibenbremse Al 6061, ZS Semi Steuersatz<\/td>\n<\/tr>\n<tr>\n<td>Gabel<\/td>\n<td>Zoom 525i 1&#8221;1\/8 Spule 100? mm<\/td>\n<\/tr>\n<tr>\n<td>Schalthebel<\/td>\n<td>Shimano st-ef500 3&#215;7-fach<\/td>\n<\/tr>\n<tr>\n<td>Schaltwerk<\/td>\n<td>Shimano Tourney ty300 7-Gang, tz500 Triple 31,8<\/td>\n<\/tr>\n<tr>\n<td>Kassette<\/td>\n<td>Shimano hg200 7v 12-32 Z\u00e4hne<\/td>\n<\/tr>\n<tr>\n<td>Kurbel<\/td>\n<td>Shimano ty301 42x34x24<\/td>\n<\/tr>\n<tr>\n<td>Bremsen<\/td>\n<td>Shimano mechanisch, Scheibenbremse tx805 160\/160<\/td>\n<\/tr>\n<tr>\n<td>R\u00e4der<\/td>\n<td>Mach1 er20 19c 32t \/ Shimano tx505 Scheibe<\/td>\n<\/tr>\n<tr>\n<td>Reifen<\/td>\n<td>VR wird von Chaoyang rollen; 27,5&#215;2,00 (s \/ m); 29&#215;2,10 (m\/l)<\/td>\n<\/tr>\n<tr>\n<td>Lenker<\/td>\n<td>AL 6061 720mm \/ Au\u00dfen: 75mm-6\u00b0 -31.<\/td>\n<\/tr>\n<tr>\n<td>Sattel<\/td>\n<td>Sonnensport von ddk<\/td>\n<\/tr>\n<tr>\n<td>Sattelvorbau<\/td>\n<td>AL 27,2x350mm<\/td>\n<\/tr>\n<tr>\n<td>Gewicht<\/td>\n<td>&#8212;<\/td>\n<\/tr>\n<\/tbody>\n<\/table>\n<\/div>\n<div class=\"prodsheet_specs2 col col-sm-8 col-md-8 col-lg-8\">\n<h4>GEOMETRIEN:<\/h4>\n<p><img decoding=\"async\" src=\"http:\/\/media1.alltricks.fr\/ckfinder\/images\/hardtail_en.jpg\" \/><\/p>\n<table class=\"table table-striped\">\n<tbody>\n<tr>\n<td>Rahmengr\u00f6\u00dfe<\/td>\n<td>S<\/td>\n<td>M<\/td>\n<\/tr>\n<tr>\n<td>Radgr\u00f6\u00dfe (Zoll)<\/td>\n<td>27,5<\/td>\n<td>27,5<\/td>\n<\/tr>\n<tr>\n<td>Sitzrohr (mm)<\/td>\n<td>400<\/td>\n<td>450<\/td>\n<\/tr>\n<tr>\n<td>Oberrohr (mm)<\/td>\n<td>570<\/td>\n<td>595<\/td>\n<\/tr>\n<tr>\n<td>Basisl\u00e4nge (mm)<\/td>\n<td>430<\/td>\n<td>430<\/td>\n<\/tr>\n<tr>\n<td>Steuerrohr (mm)<\/td>\n<td>105<\/td>\n<td>120<\/td>\n<\/tr>\n<tr>\n<td>Lenkwinkel (\u00b0)<\/td>\n<td>68,5<\/td>\n<td>68,5<\/td>\n<\/tr>\n<tr>\n<td>Sitzwinkel (\u00b0)<\/td>\n<td>73<\/td>\n<td>73<\/td>\n<\/tr>\n<tr>\n<td>Radstand (mm)<\/td>\n<td>1078<\/td>\n<td>1104<\/td>\n<\/tr>\n<tr>\n<td>Stapel (mm)<\/td>\n<td>600<\/td>\n<td>615<\/td>\n<\/tr>\n<tr>\n<td>Reichweite (mm)<\/td>\n<td>387<\/td>\n<td>407<\/td>\n<\/tr>\n<\/tbody>\n<\/table>\n<\/div>","protected":false},"excerpt":{"rendered":"<p>SUNN TOX S4 27.5 HARDTAIL MTB SHIMANO TOURNEY 7F\u00a0 ROT 2022 Das Sunn Tox S4 27.5\u00a0ist ideal, um mit der<\/p>","protected":false},"featured_media":60584,"comment_status":"open","ping_status":"closed","template":"","meta":{"_rtcl_gb_attr":""},"product_brand":[],"product_cat":[783],"product_tag":[],"class_list":{"0":"post-11681","1":"product","2":"type-product","3":"status-publish","4":"has-post-thumbnail","6":"product_cat-accessories","8":"first","9":"instock","10":"taxable","11":"shipping-taxable","12":"purchasable","13":"product-type-simple"},"yoast_head":"<!-- This site is optimized with the Yoast SEO Premium plugin v20.12 (Yoast SEO v27.4) - https:\/\/yoast.com\/product\/yoast-seo-premium-wordpress\/ -->\n<title>SUNN TOX S4 27.5 HARDTAIL MTB SHIMANO TOURNEY 2022<\/title>\n<meta name=\"description\" content=\"Entdecken Sie unseren Online-Fahrradladen: Gro\u00dfe Auswahl an Modellen f\u00fcr alle Radsportbegeisterten. Von Rennr\u00e4dern bis zu Mountainbikes - finden Sie heute Ihren perfekten Wegbegleiter!\" \/>\n<meta name=\"robots\" content=\"index, follow, max-snippet:-1, max-image-preview:large, max-video-preview:-1\" \/>\n<link rel=\"canonical\" href=\"https:\/\/cioelectro.com\/en\/produkt\/sunn-tox-s4-27-5-hardtail-mtb-shimano-tourney-2022\/\" \/>\n<meta property=\"og:locale\" content=\"en_US\" \/>\n<meta property=\"og:type\" content=\"article\" \/>\n<meta property=\"og:title\" content=\"SUNN TOX S4 27.5 HARDTAIL MTB SHIMANO TOURNEY 2022\" \/>\n<meta property=\"og:description\" content=\"Entdecken Sie unseren Online-Fahrradladen: Gro\u00dfe Auswahl an Modellen f\u00fcr alle Radsportbegeisterten. Von Rennr\u00e4dern bis zu Mountainbikes - finden Sie heute Ihren perfekten Wegbegleiter!\" \/>\n<meta property=\"og:url\" content=\"https:\/\/cioelectro.com\/en\/produkt\/sunn-tox-s4-27-5-hardtail-mtb-shimano-tourney-2022\/\" \/>\n<meta property=\"og:site_name\" content=\"cioelectro.com\" \/>\n<meta property=\"article:modified_time\" content=\"2023-08-10T13:09:18+00:00\" \/>\n<meta property=\"og:image\" content=\"https:\/\/cioelectro.com\/wp-content\/uploads\/2023\/06\/SUNN-TOX-S4-27.5-VTT-RIGIDE-SHIMANO-TOURNEY-7V-ROUGE-2022.jpg\" \/>\n\t<meta property=\"og:image:width\" content=\"600\" \/>\n\t<meta property=\"og:image:height\" content=\"407\" \/>\n\t<meta property=\"og:image:type\" content=\"image\/jpeg\" \/>\n<meta name=\"twitter:card\" content=\"summary_large_image\" \/>\n<meta name=\"twitter:label1\" content=\"Est. reading time\" \/>\n\t<meta name=\"twitter:data1\" content=\"2 minutes\" \/>\n<script type=\"application\/ld+json\" class=\"yoast-schema-graph\">{\"@context\":\"https:\\\/\\\/schema.org\",\"@graph\":[{\"@type\":\"WebPage\",\"@id\":\"https:\\\/\\\/cioelectro.com\\\/produkt\\\/sunn-tox-s4-27-5-hardtail-mtb-shimano-tourney-2022\\\/\",\"url\":\"https:\\\/\\\/cioelectro.com\\\/produkt\\\/sunn-tox-s4-27-5-hardtail-mtb-shimano-tourney-2022\\\/\",\"name\":\"SUNN TOX S4 27.5 HARDTAIL MTB SHIMANO TOURNEY 2022\",\"isPartOf\":{\"@id\":\"https:\\\/\\\/cioelectro.com\\\/#website\"},\"primaryImageOfPage\":{\"@id\":\"https:\\\/\\\/cioelectro.com\\\/produkt\\\/sunn-tox-s4-27-5-hardtail-mtb-shimano-tourney-2022\\\/#primaryimage\"},\"image\":{\"@id\":\"https:\\\/\\\/cioelectro.com\\\/produkt\\\/sunn-tox-s4-27-5-hardtail-mtb-shimano-tourney-2022\\\/#primaryimage\"},\"thumbnailUrl\":\"https:\\\/\\\/cioelectro.com\\\/wp-content\\\/uploads\\\/2023\\\/06\\\/SUNN-TOX-S4-27.5-VTT-RIGIDE-SHIMANO-TOURNEY-7V-ROUGE-2022.jpg\",\"datePublished\":\"2022-07-29T09:41:08+00:00\",\"dateModified\":\"2023-08-10T13:09:18+00:00\",\"description\":\"Entdecken Sie unseren Online-Fahrradladen: Gro\u00dfe Auswahl an Modellen f\u00fcr alle Radsportbegeisterten. Von Rennr\u00e4dern bis zu Mountainbikes - finden Sie heute Ihren perfekten Wegbegleiter!\",\"breadcrumb\":{\"@id\":\"https:\\\/\\\/cioelectro.com\\\/produkt\\\/sunn-tox-s4-27-5-hardtail-mtb-shimano-tourney-2022\\\/#breadcrumb\"},\"inLanguage\":\"en-US\",\"potentialAction\":[{\"@type\":\"ReadAction\",\"target\":[\"https:\\\/\\\/cioelectro.com\\\/produkt\\\/sunn-tox-s4-27-5-hardtail-mtb-shimano-tourney-2022\\\/\"]}]},{\"@type\":\"ImageObject\",\"inLanguage\":\"en-US\",\"@id\":\"https:\\\/\\\/cioelectro.com\\\/produkt\\\/sunn-tox-s4-27-5-hardtail-mtb-shimano-tourney-2022\\\/#primaryimage\",\"url\":\"https:\\\/\\\/cioelectro.com\\\/wp-content\\\/uploads\\\/2023\\\/06\\\/SUNN-TOX-S4-27.5-VTT-RIGIDE-SHIMANO-TOURNEY-7V-ROUGE-2022.jpg\",\"contentUrl\":\"https:\\\/\\\/cioelectro.com\\\/wp-content\\\/uploads\\\/2023\\\/06\\\/SUNN-TOX-S4-27.5-VTT-RIGIDE-SHIMANO-TOURNEY-7V-ROUGE-2022.jpg\",\"width\":600,\"height\":407,\"caption\":\"SUNN TOX S4 27.5 VTT RIGIDE SHIMANO TOURNEY 7V ROUGE 2022\"},{\"@type\":\"BreadcrumbList\",\"@id\":\"https:\\\/\\\/cioelectro.com\\\/produkt\\\/sunn-tox-s4-27-5-hardtail-mtb-shimano-tourney-2022\\\/#breadcrumb\",\"itemListElement\":[{\"@type\":\"ListItem\",\"position\":1,\"name\":\"Startseite\",\"item\":\"https:\\\/\\\/cioelectro.com\\\/\"},{\"@type\":\"ListItem\",\"position\":2,\"name\":\"LADEN\",\"item\":\"https:\\\/\\\/cioelectro.com\\\/laden\\\/\"},{\"@type\":\"ListItem\",\"position\":3,\"name\":\"SUNN TOX S4 27.5 HARDTAIL MTB SHIMANO TOURNEY 2022\"}]},{\"@type\":\"WebSite\",\"@id\":\"https:\\\/\\\/cioelectro.com\\\/#website\",\"url\":\"https:\\\/\\\/cioelectro.com\\\/\",\"name\":\"cioelectro.com\",\"description\":\"Treten Sie mit uns ins Abenteuer!\",\"publisher\":{\"@id\":\"https:\\\/\\\/cioelectro.com\\\/#organization\"},\"alternateName\":\"MEIN RADLADEN\",\"potentialAction\":[{\"@type\":\"SearchAction\",\"target\":{\"@type\":\"EntryPoint\",\"urlTemplate\":\"https:\\\/\\\/cioelectro.com\\\/?s={search_term_string}\"},\"query-input\":{\"@type\":\"PropertyValueSpecification\",\"valueRequired\":true,\"valueName\":\"search_term_string\"}}],\"inLanguage\":\"en-US\"},{\"@type\":\"Organization\",\"@id\":\"https:\\\/\\\/cioelectro.com\\\/#organization\",\"name\":\"CIOELECTRO\",\"alternateName\":\"MEIN RADLADEN\",\"url\":\"https:\\\/\\\/cioelectro.com\\\/\",\"logo\":{\"@type\":\"ImageObject\",\"inLanguage\":\"en-US\",\"@id\":\"https:\\\/\\\/cioelectro.com\\\/#\\\/schema\\\/logo\\\/image\\\/\",\"url\":\"https:\\\/\\\/cioelectro.com\\\/wp-content\\\/uploads\\\/2025\\\/12\\\/Logo-2-1200x800.png\",\"contentUrl\":\"https:\\\/\\\/cioelectro.com\\\/wp-content\\\/uploads\\\/2025\\\/12\\\/Logo-2-1200x800.png\",\"width\":1200,\"height\":800,\"caption\":\"CIOELECTRO\"},\"image\":{\"@id\":\"https:\\\/\\\/cioelectro.com\\\/#\\\/schema\\\/logo\\\/image\\\/\"}}]}<\/script>\n<!-- \/ Yoast SEO Premium plugin. -->","yoast_head_json":{"title":"SUNN TOX S4 27.5 HARDTAIL MTB SHIMANO TOURNEY 2022","description":"Entdecken Sie unseren Online-Fahrradladen: Gro\u00dfe Auswahl an Modellen f\u00fcr alle Radsportbegeisterten. Von Rennr\u00e4dern bis zu Mountainbikes - finden Sie heute Ihren perfekten Wegbegleiter!","robots":{"index":"index","follow":"follow","max-snippet":"max-snippet:-1","max-image-preview":"max-image-preview:large","max-video-preview":"max-video-preview:-1"},"canonical":"https:\/\/cioelectro.com\/en\/produkt\/sunn-tox-s4-27-5-hardtail-mtb-shimano-tourney-2022\/","og_locale":"en_US","og_type":"article","og_title":"SUNN TOX S4 27.5 HARDTAIL MTB SHIMANO TOURNEY 2022","og_description":"Entdecken Sie unseren Online-Fahrradladen: Gro\u00dfe Auswahl an Modellen f\u00fcr alle Radsportbegeisterten. Von Rennr\u00e4dern bis zu Mountainbikes - finden Sie heute Ihren perfekten Wegbegleiter!","og_url":"https:\/\/cioelectro.com\/en\/produkt\/sunn-tox-s4-27-5-hardtail-mtb-shimano-tourney-2022\/","og_site_name":"cioelectro.com","article_modified_time":"2023-08-10T13:09:18+00:00","og_image":[{"width":600,"height":407,"url":"https:\/\/cioelectro.com\/wp-content\/uploads\/2023\/06\/SUNN-TOX-S4-27.5-VTT-RIGIDE-SHIMANO-TOURNEY-7V-ROUGE-2022.jpg","type":"image\/jpeg"}],"twitter_card":"summary_large_image","twitter_misc":{"Est. reading time":"2 minutes"},"schema":{"@context":"https:\/\/schema.org","@graph":[{"@type":"WebPage","@id":"https:\/\/cioelectro.com\/produkt\/sunn-tox-s4-27-5-hardtail-mtb-shimano-tourney-2022\/","url":"https:\/\/cioelectro.com\/produkt\/sunn-tox-s4-27-5-hardtail-mtb-shimano-tourney-2022\/","name":"SUNN TOX S4 27.5 HARDTAIL MTB SHIMANO TOURNEY 2022","isPartOf":{"@id":"https:\/\/cioelectro.com\/#website"},"primaryImageOfPage":{"@id":"https:\/\/cioelectro.com\/produkt\/sunn-tox-s4-27-5-hardtail-mtb-shimano-tourney-2022\/#primaryimage"},"image":{"@id":"https:\/\/cioelectro.com\/produkt\/sunn-tox-s4-27-5-hardtail-mtb-shimano-tourney-2022\/#primaryimage"},"thumbnailUrl":"https:\/\/cioelectro.com\/wp-content\/uploads\/2023\/06\/SUNN-TOX-S4-27.5-VTT-RIGIDE-SHIMANO-TOURNEY-7V-ROUGE-2022.jpg","datePublished":"2022-07-29T09:41:08+00:00","dateModified":"2023-08-10T13:09:18+00:00","description":"Entdecken Sie unseren Online-Fahrradladen: Gro\u00dfe Auswahl an Modellen f\u00fcr alle Radsportbegeisterten. Von Rennr\u00e4dern bis zu Mountainbikes - finden Sie heute Ihren perfekten Wegbegleiter!","breadcrumb":{"@id":"https:\/\/cioelectro.com\/produkt\/sunn-tox-s4-27-5-hardtail-mtb-shimano-tourney-2022\/#breadcrumb"},"inLanguage":"en-US","potentialAction":[{"@type":"ReadAction","target":["https:\/\/cioelectro.com\/produkt\/sunn-tox-s4-27-5-hardtail-mtb-shimano-tourney-2022\/"]}]},{"@type":"ImageObject","inLanguage":"en-US","@id":"https:\/\/cioelectro.com\/produkt\/sunn-tox-s4-27-5-hardtail-mtb-shimano-tourney-2022\/#primaryimage","url":"https:\/\/cioelectro.com\/wp-content\/uploads\/2023\/06\/SUNN-TOX-S4-27.5-VTT-RIGIDE-SHIMANO-TOURNEY-7V-ROUGE-2022.jpg","contentUrl":"https:\/\/cioelectro.com\/wp-content\/uploads\/2023\/06\/SUNN-TOX-S4-27.5-VTT-RIGIDE-SHIMANO-TOURNEY-7V-ROUGE-2022.jpg","width":600,"height":407,"caption":"SUNN TOX S4 27.5 VTT RIGIDE SHIMANO TOURNEY 7V ROUGE 2022"},{"@type":"BreadcrumbList","@id":"https:\/\/cioelectro.com\/produkt\/sunn-tox-s4-27-5-hardtail-mtb-shimano-tourney-2022\/#breadcrumb","itemListElement":[{"@type":"ListItem","position":1,"name":"Startseite","item":"https:\/\/cioelectro.com\/"},{"@type":"ListItem","position":2,"name":"LADEN","item":"https:\/\/cioelectro.com\/laden\/"},{"@type":"ListItem","position":3,"name":"SUNN TOX S4 27.5 HARDTAIL MTB SHIMANO TOURNEY 2022"}]},{"@type":"WebSite","@id":"https:\/\/cioelectro.com\/#website","url":"https:\/\/cioelectro.com\/","name":"cioelectro.com","description":"Treten Sie mit uns ins Abenteuer!","publisher":{"@id":"https:\/\/cioelectro.com\/#organization"},"alternateName":"MEIN RADLADEN","potentialAction":[{"@type":"SearchAction","target":{"@type":"EntryPoint","urlTemplate":"https:\/\/cioelectro.com\/?s={search_term_string}"},"query-input":{"@type":"PropertyValueSpecification","valueRequired":true,"valueName":"search_term_string"}}],"inLanguage":"en-US"},{"@type":"Organization","@id":"https:\/\/cioelectro.com\/#organization","name":"CIOELECTRO","alternateName":"MEIN RADLADEN","url":"https:\/\/cioelectro.com\/","logo":{"@type":"ImageObject","inLanguage":"en-US","@id":"https:\/\/cioelectro.com\/#\/schema\/logo\/image\/","url":"https:\/\/cioelectro.com\/wp-content\/uploads\/2025\/12\/Logo-2-1200x800.png","contentUrl":"https:\/\/cioelectro.com\/wp-content\/uploads\/2025\/12\/Logo-2-1200x800.png","width":1200,"height":800,"caption":"CIOELECTRO"},"image":{"@id":"https:\/\/cioelectro.com\/#\/schema\/logo\/image\/"}}]}},"_links":{"self":[{"href":"https:\/\/cioelectro.com\/en\/wp-json\/wp\/v2\/product\/11681","targetHints":{"allow":["GET"]}}],"collection":[{"href":"https:\/\/cioelectro.com\/en\/wp-json\/wp\/v2\/product"}],"about":[{"href":"https:\/\/cioelectro.com\/en\/wp-json\/wp\/v2\/types\/product"}],"replies":[{"embeddable":true,"href":"https:\/\/cioelectro.com\/en\/wp-json\/wp\/v2\/comments?post=11681"}],"version-history":[{"count":0,"href":"https:\/\/cioelectro.com\/en\/wp-json\/wp\/v2\/product\/11681\/revisions"}],"wp:featuredmedia":[{"embeddable":true,"href":"https:\/\/cioelectro.com\/en\/wp-json\/wp\/v2\/media\/60584"}],"wp:attachment":[{"href":"https:\/\/cioelectro.com\/en\/wp-json\/wp\/v2\/media?parent=11681"}],"wp:term":[{"taxonomy":"product_brand","embeddable":true,"href":"https:\/\/cioelectro.com\/en\/wp-json\/wp\/v2\/product_brand?post=11681"},{"taxonomy":"product_cat","embeddable":true,"href":"https:\/\/cioelectro.com\/en\/wp-json\/wp\/v2\/product_cat?post=11681"},{"taxonomy":"product_tag","embeddable":true,"href":"https:\/\/cioelectro.com\/en\/wp-json\/wp\/v2\/product_tag?post=11681"}],"curies":[{"name":"wp","href":"https:\/\/api.w.org\/{rel}","templated":true}]}}