{"id":11685,"date":"2022-07-29T12:08:50","date_gmt":"2022-07-29T10:08:50","guid":{"rendered":"https:\/\/meinradladen.com\/?post_type=product&#038;p=11685"},"modified":"2023-08-10T15:09:26","modified_gmt":"2023-08-10T13:09:26","slug":"bh-lynx-race-carbon-rc-6-0-shimano-deore-gruen-2022","status":"publish","type":"product","link":"https:\/\/cioelectro.com\/en\/produkt\/bh-lynx-race-carbon-rc-6-0-shimano-deore-gruen-2022\/","title":{"rendered":"BH LYNX RACE CARBON RC 6.0 SHIMANO DEORE GR\u00dcN 2022"},"content":{"rendered":"<div id=\"product-header-order-name\" class=\"col-lg-20 col-md-20 col-sm-20 col-xs-20\">\n<h2 class=\"heading-title-text\">MOUNTAINBIKE ALL-SUSPENDENT BH LYNX RACE CARBON RC 6.0 SHIMANO DEORE XT 12V 29&#8221; GR\u00dcN 2022<\/h2>\n<\/div>\n<div id=\"product-header-order-form\" class=\"js-reload-on-event col-lg-20 col-md-20 col-sm-20 col-xs-20\" data-to-watch=\"body\" data-event=\"alltricks:cartChanged\" data-url=\"\/ajax\/product\/ajouter\/F-11947-velos-complets-vtt\/P-2102378-mountainbike_all_suspendent_bh_lynx_race_carbon_rc_6_0_shimano_deore_xt_12v_29___grun_2022\">\n<div class=\"col col-sm-12 col-md-12 col-lg-12\">\n<p>Das XC-Mountainbike\u00a0<strong>Lynx Race<\/strong>\u00a0ist ein wendiges und leichtes Rad mit maximaler Leistung, das am XC-Weltcup teilnimmt. Sein Split Pivot System garantiert maximale Effizienz beim Treten mit einer Federung, die konstant und progressiv arbeitet.<\/p>\n<p>Wie alle High-End-Rahmen von BH wurde auch der\u00a0<strong>Lynx Race<\/strong>\u00a0auf der Grundlage der HCIM ( Hollow Core Internal Molding) Carbon-Formtechnologie entwickelt, die das Gewicht des Rahmens und der Kurbelstange auf ein Minimum reduziert und gleichzeitig mehr hochmodulige Fasern verwendet, um ein Gewicht von 1.950 Gramm inklusive D\u00e4mpfer zu erreichen.<\/p>\n<p>Das FIT-System sorgt daf\u00fcr, dass Sie alle notwendigen Werkzeuge dabei haben, um im Falle eines Problems nach Hause gehen zu k\u00f6nnen. Dieses Set enth\u00e4lt Schl\u00fcssel H2.5\/3\/4\/5\/6, einen T25-Schl\u00fcssel, einen Kettennieter, einen Adapter f\u00fcr CO2-Patronen und einen Kettenschnellspanner.<\/p>\n<\/div>\n<div class=\"prodsheet_bullets col col-sm-8 col-md-8 col-lg-8\">\n<h4>DIE + PRODUKTE :<\/h4>\n<ul>\n<li>Lynx Race RC-Rahmen aus Carbon.<\/li>\n<li>Shimano Deore XT 1&#215;12-Gang Schaltung<\/li>\n<li>Hydraulische Scheibenbremsen Shimano MT410, 180\/160 mm<\/li>\n<\/ul>\n<\/div>\n<div class=\"prodsheet_specs1 col col-sm-12 col-md-12 col-lg-12\">\n<h4>DETAILS:<\/h4>\n<table class=\"table table-striped\">\n<tbody>\n<tr>\n<td>Rahmen<\/td>\n<td>Carbon: Lynx Race RC Carbon, PC Layup, Acros ICR, PF92, 148&#215;12, UDH<\/td>\n<\/tr>\n<tr>\n<td>Gabel<\/td>\n<td>Fox 32 Rhythm 100mm<\/td>\n<\/tr>\n<tr>\n<td>Steuersatz<\/td>\n<td>Acros ICR 36\/45\u00ba, Block Lock 160\u00ba<\/td>\n<\/tr>\n<tr>\n<td>Sto\u00dfd\u00e4mpfer<\/td>\n<td>Fox DPS Evol Performance, 190x40mm, DCL, DRM, CMF<\/td>\n<\/tr>\n<tr>\n<td>Schalthebel<\/td>\n<td>Shimano Deore 6100, 1&#215;12 G\u00e4nge<\/td>\n<\/tr>\n<tr>\n<td>Schaltwerk hinten<\/td>\n<td>Shimano XT 8100 1 12-Gang<\/td>\n<\/tr>\n<tr>\n<td>Kassette<\/td>\n<td>Shimano Deore 6100 10\/51 Z\u00e4hne<\/td>\n<\/tr>\n<tr>\n<td>Kette<\/td>\n<td>Shimano Deore<\/td>\n<\/tr>\n<tr>\n<td>Tretlager<\/td>\n<td>Shimano MT510 , 175mm<\/td>\n<\/tr>\n<tr>\n<td>Bremsen<\/td>\n<td>Shimano MT410 180\/160 mm<\/td>\n<\/tr>\n<tr>\n<td>Laufr\u00e4der<\/td>\n<td>Race Face Aeffect TLR, 27mm, 32H<\/td>\n<\/tr>\n<tr>\n<td>Reifen<\/td>\n<td>Maxxis Ardent EXO 2.25 Front\/ Maxxis Ikon EXO 2.25 Rear<\/td>\n<\/tr>\n<tr>\n<td>Lenker<\/td>\n<td>BH SL Top Flat 780mm, 10mm Rise<\/td>\n<\/tr>\n<tr>\n<td>Grips<\/td>\n<td>BH SL Lock On<\/td>\n<\/tr>\n<tr>\n<td>Vorbau<\/td>\n<td>BH FIT 60mm, 31,8mm, -6\u00ba<\/td>\n<\/tr>\n<tr>\n<td>Sattel<\/td>\n<td>Prologo Nago RS<\/td>\n<\/tr>\n<tr>\n<td>Sattelst\u00fctze<\/td>\n<td>BH SL 31,6mm 420mm<\/td>\n<\/tr>\n<tr>\n<td>Gewicht<\/td>\n<td>13Kg<\/td>\n<\/tr>\n<tr>\n<td>Farben<\/td>\n<td>Gr\u00fcn<\/td>\n<\/tr>\n<\/tbody>\n<\/table>\n<\/div>\n<div class=\"prodsheet_specs2 col col-sm-8 col-md-8 col-lg-8\">\n<h4>GEOMETRIEN:<\/h4>\n<p><img decoding=\"async\" src=\"http:\/\/media1.alltricks.fr\/ckfinder\/images\/cube_Full-Suspension_geo_fr.jpg\" \/><\/p>\n<table class=\"table table-striped\">\n<tbody>\n<tr>\n<td>Rahmengr\u00f6\u00dfe<\/td>\n<td>S<\/td>\n<td>M<\/td>\n<td>L<\/td>\n<td>XL<\/td>\n<\/tr>\n<tr>\n<td>Sattelrohr (mm)<\/td>\n<td>400<\/td>\n<td>440<\/td>\n<td>480<\/td>\n<td>520<\/td>\n<\/tr>\n<tr>\n<td>Oberrohr (mm)<\/td>\n<td>571<\/td>\n<td>580<\/td>\n<td>605<\/td>\n<td>625<\/td>\n<\/tr>\n<tr>\n<td>L\u00e4nge Basis (mm)<\/td>\n<td>430<\/td>\n<td>430<\/td>\n<td>430<\/td>\n<td>430<\/td>\n<\/tr>\n<tr>\n<td>Lenkh\u00fclse (mm)<\/td>\n<td>90<\/td>\n<td>95<\/td>\n<td>110<\/td>\n<td>125<\/td>\n<\/tr>\n<tr>\n<td>Lenkwinkel (\u00b0)<\/td>\n<td>68<\/td>\n<td>68<\/td>\n<td>68<\/td>\n<td>68<\/td>\n<\/tr>\n<tr>\n<td>Winkel Sattelrohr (\u00b0)<\/td>\n<td>76<\/td>\n<td>75.8<\/td>\n<td>75.8<\/td>\n<td>75<\/td>\n<\/tr>\n<tr>\n<td>Radstand (mm)<\/td>\n<td>1096<\/td>\n<td>1131<\/td>\n<td>1151.5<\/td>\n<td>1168<\/td>\n<\/tr>\n<tr>\n<td>Stack (mm)<\/td>\n<td>580<\/td>\n<td>575<\/td>\n<td>595<\/td>\n<td>610<\/td>\n<\/tr>\n<tr>\n<td>Reach (mm)<\/td>\n<td>436<\/td>\n<td>410<\/td>\n<td>456<\/td>\n<td>472<\/td>\n<\/tr>\n<\/tbody>\n<\/table>\n<\/div>\n<h3><\/h3>\n<\/div>","protected":false},"excerpt":{"rendered":"<div class=\"col-lg-14 col-md-14 col-sm-14 col-xs-20\"><\/div>\n<div id=\"product-specifications-table\" class=\"col-lg-20 col-md-20 col-sm-20 col-xs-20\">\n<table class=\"table table-striped\">\n<tbody>\n<tr>\n<td class=\"spec-name\">Geschlecht<\/td>\n<td class=\"spec-value\">Herren<\/td>\n<\/tr>\n<tr>\n<td class=\"spec-name\">Gruppe<\/td>\n<td class=\"spec-value\">Shimano Deore XT 12V<\/td>\n<\/tr>\n<tr>\n<td class=\"spec-name\">collection<\/td>\n<td class=\"spec-value\">2022<\/td>\n<\/tr>\n<tr>\n<td class=\"spec-name\">decimal weight<\/td>\n<td class=\"spec-value\">13.00<\/td>\n<\/tr>\n<\/tbody>\n<\/table>\n<\/div>","protected":false},"featured_media":60587,"comment_status":"open","ping_status":"closed","template":"","meta":{"_rtcl_gb_attr":""},"product_brand":[],"product_cat":[783],"product_tag":[],"class_list":{"0":"post-11685","1":"product","2":"type-product","3":"status-publish","4":"has-post-thumbnail","6":"product_cat-accessories","7":"pa_marke-bh","9":"first","10":"instock","11":"sale","12":"taxable","13":"shipping-taxable","14":"purchasable","15":"product-type-variable"},"yoast_head":"<!-- This site is optimized with the Yoast SEO Premium plugin v20.12 (Yoast SEO v27.4) - https:\/\/yoast.com\/product\/yoast-seo-premium-wordpress\/ -->\n<title>BH LYNX RACE CARBON RC 6.0 SHIMANO DEORE GR\u00dcN 2022<\/title>\n<meta name=\"description\" content=\"Entdecken Sie unseren Online-Fahrradladen: Gro\u00dfe Auswahl an Modellen f\u00fcr alle Radsportbegeisterten. Von Rennr\u00e4dern bis zu Mountainbikes - finden Sie heute Ihren perfekten Wegbegleiter!\" \/>\n<meta name=\"robots\" content=\"index, follow, max-snippet:-1, max-image-preview:large, max-video-preview:-1\" \/>\n<link rel=\"canonical\" href=\"https:\/\/cioelectro.com\/en\/produkt\/bh-lynx-race-carbon-rc-6-0-shimano-deore-gruen-2022\/\" \/>\n<meta property=\"og:locale\" content=\"en_US\" \/>\n<meta property=\"og:type\" content=\"article\" \/>\n<meta property=\"og:title\" content=\"BH LYNX RACE CARBON RC 6.0 SHIMANO DEORE GR\u00dcN 2022\" \/>\n<meta property=\"og:description\" content=\"Entdecken Sie unseren Online-Fahrradladen: Gro\u00dfe Auswahl an Modellen f\u00fcr alle Radsportbegeisterten. Von Rennr\u00e4dern bis zu Mountainbikes - finden Sie heute Ihren perfekten Wegbegleiter!\" \/>\n<meta property=\"og:url\" content=\"https:\/\/cioelectro.com\/en\/produkt\/bh-lynx-race-carbon-rc-6-0-shimano-deore-gruen-2022\/\" \/>\n<meta property=\"og:site_name\" content=\"cioelectro.com\" \/>\n<meta property=\"article:modified_time\" content=\"2023-08-10T13:09:26+00:00\" \/>\n<meta property=\"og:image\" content=\"https:\/\/cioelectro.com\/wp-content\/uploads\/2023\/06\/MOUNTAINBIKE-ALL-SUSPENDENT-BH-LYNX-RACE-CARBON-RC-6.0-SHIMANO-DEORE-XT-12V-29-GRUeN-2022.jpg\" \/>\n\t<meta property=\"og:image:width\" content=\"600\" \/>\n\t<meta property=\"og:image:height\" content=\"408\" \/>\n\t<meta property=\"og:image:type\" content=\"image\/jpeg\" \/>\n<meta name=\"twitter:card\" content=\"summary_large_image\" \/>\n<meta name=\"twitter:label1\" content=\"Est. reading time\" \/>\n\t<meta name=\"twitter:data1\" content=\"3 minutes\" \/>\n<script type=\"application\/ld+json\" class=\"yoast-schema-graph\">{\"@context\":\"https:\\\/\\\/schema.org\",\"@graph\":[{\"@type\":\"WebPage\",\"@id\":\"https:\\\/\\\/cioelectro.com\\\/produkt\\\/bh-lynx-race-carbon-rc-6-0-shimano-deore-gruen-2022\\\/\",\"url\":\"https:\\\/\\\/cioelectro.com\\\/produkt\\\/bh-lynx-race-carbon-rc-6-0-shimano-deore-gruen-2022\\\/\",\"name\":\"BH LYNX RACE CARBON RC 6.0 SHIMANO DEORE GR\u00dcN 2022\",\"isPartOf\":{\"@id\":\"https:\\\/\\\/cioelectro.com\\\/#website\"},\"primaryImageOfPage\":{\"@id\":\"https:\\\/\\\/cioelectro.com\\\/produkt\\\/bh-lynx-race-carbon-rc-6-0-shimano-deore-gruen-2022\\\/#primaryimage\"},\"image\":{\"@id\":\"https:\\\/\\\/cioelectro.com\\\/produkt\\\/bh-lynx-race-carbon-rc-6-0-shimano-deore-gruen-2022\\\/#primaryimage\"},\"thumbnailUrl\":\"https:\\\/\\\/cioelectro.com\\\/wp-content\\\/uploads\\\/2023\\\/06\\\/MOUNTAINBIKE-ALL-SUSPENDENT-BH-LYNX-RACE-CARBON-RC-6.0-SHIMANO-DEORE-XT-12V-29-GRUeN-2022.jpg\",\"datePublished\":\"2022-07-29T10:08:50+00:00\",\"dateModified\":\"2023-08-10T13:09:26+00:00\",\"description\":\"Entdecken Sie unseren Online-Fahrradladen: Gro\u00dfe Auswahl an Modellen f\u00fcr alle Radsportbegeisterten. Von Rennr\u00e4dern bis zu Mountainbikes - finden Sie heute Ihren perfekten Wegbegleiter!\",\"breadcrumb\":{\"@id\":\"https:\\\/\\\/cioelectro.com\\\/produkt\\\/bh-lynx-race-carbon-rc-6-0-shimano-deore-gruen-2022\\\/#breadcrumb\"},\"inLanguage\":\"en-US\",\"potentialAction\":[{\"@type\":\"ReadAction\",\"target\":[\"https:\\\/\\\/cioelectro.com\\\/produkt\\\/bh-lynx-race-carbon-rc-6-0-shimano-deore-gruen-2022\\\/\"]}]},{\"@type\":\"ImageObject\",\"inLanguage\":\"en-US\",\"@id\":\"https:\\\/\\\/cioelectro.com\\\/produkt\\\/bh-lynx-race-carbon-rc-6-0-shimano-deore-gruen-2022\\\/#primaryimage\",\"url\":\"https:\\\/\\\/cioelectro.com\\\/wp-content\\\/uploads\\\/2023\\\/06\\\/MOUNTAINBIKE-ALL-SUSPENDENT-BH-LYNX-RACE-CARBON-RC-6.0-SHIMANO-DEORE-XT-12V-29-GRUeN-2022.jpg\",\"contentUrl\":\"https:\\\/\\\/cioelectro.com\\\/wp-content\\\/uploads\\\/2023\\\/06\\\/MOUNTAINBIKE-ALL-SUSPENDENT-BH-LYNX-RACE-CARBON-RC-6.0-SHIMANO-DEORE-XT-12V-29-GRUeN-2022.jpg\",\"width\":600,\"height\":408,\"caption\":\"MOUNTAINBIKE ALL-SUSPENDENT BH LYNX RACE CARBON RC 6.0 SHIMANO DEORE XT 12V 29'' GR\u00dcN 2022\"},{\"@type\":\"BreadcrumbList\",\"@id\":\"https:\\\/\\\/cioelectro.com\\\/produkt\\\/bh-lynx-race-carbon-rc-6-0-shimano-deore-gruen-2022\\\/#breadcrumb\",\"itemListElement\":[{\"@type\":\"ListItem\",\"position\":1,\"name\":\"Startseite\",\"item\":\"https:\\\/\\\/cioelectro.com\\\/\"},{\"@type\":\"ListItem\",\"position\":2,\"name\":\"LADEN\",\"item\":\"https:\\\/\\\/cioelectro.com\\\/laden\\\/\"},{\"@type\":\"ListItem\",\"position\":3,\"name\":\"BH LYNX RACE CARBON RC 6.0 SHIMANO DEORE GR\u00dcN 2022\"}]},{\"@type\":\"WebSite\",\"@id\":\"https:\\\/\\\/cioelectro.com\\\/#website\",\"url\":\"https:\\\/\\\/cioelectro.com\\\/\",\"name\":\"cioelectro.com\",\"description\":\"Treten Sie mit uns ins Abenteuer!\",\"publisher\":{\"@id\":\"https:\\\/\\\/cioelectro.com\\\/#organization\"},\"alternateName\":\"MEIN RADLADEN\",\"potentialAction\":[{\"@type\":\"SearchAction\",\"target\":{\"@type\":\"EntryPoint\",\"urlTemplate\":\"https:\\\/\\\/cioelectro.com\\\/?s={search_term_string}\"},\"query-input\":{\"@type\":\"PropertyValueSpecification\",\"valueRequired\":true,\"valueName\":\"search_term_string\"}}],\"inLanguage\":\"en-US\"},{\"@type\":\"Organization\",\"@id\":\"https:\\\/\\\/cioelectro.com\\\/#organization\",\"name\":\"CIOELECTRO\",\"alternateName\":\"MEIN RADLADEN\",\"url\":\"https:\\\/\\\/cioelectro.com\\\/\",\"logo\":{\"@type\":\"ImageObject\",\"inLanguage\":\"en-US\",\"@id\":\"https:\\\/\\\/cioelectro.com\\\/#\\\/schema\\\/logo\\\/image\\\/\",\"url\":\"https:\\\/\\\/cioelectro.com\\\/wp-content\\\/uploads\\\/2025\\\/12\\\/Logo-2-1200x800.png\",\"contentUrl\":\"https:\\\/\\\/cioelectro.com\\\/wp-content\\\/uploads\\\/2025\\\/12\\\/Logo-2-1200x800.png\",\"width\":1200,\"height\":800,\"caption\":\"CIOELECTRO\"},\"image\":{\"@id\":\"https:\\\/\\\/cioelectro.com\\\/#\\\/schema\\\/logo\\\/image\\\/\"}}]}<\/script>\n<!-- \/ Yoast SEO Premium plugin. -->","yoast_head_json":{"title":"BH LYNX RACE CARBON RC 6.0 SHIMANO DEORE GR\u00dcN 2022","description":"Entdecken Sie unseren Online-Fahrradladen: Gro\u00dfe Auswahl an Modellen f\u00fcr alle Radsportbegeisterten. Von Rennr\u00e4dern bis zu Mountainbikes - finden Sie heute Ihren perfekten Wegbegleiter!","robots":{"index":"index","follow":"follow","max-snippet":"max-snippet:-1","max-image-preview":"max-image-preview:large","max-video-preview":"max-video-preview:-1"},"canonical":"https:\/\/cioelectro.com\/en\/produkt\/bh-lynx-race-carbon-rc-6-0-shimano-deore-gruen-2022\/","og_locale":"en_US","og_type":"article","og_title":"BH LYNX RACE CARBON RC 6.0 SHIMANO DEORE GR\u00dcN 2022","og_description":"Entdecken Sie unseren Online-Fahrradladen: Gro\u00dfe Auswahl an Modellen f\u00fcr alle Radsportbegeisterten. Von Rennr\u00e4dern bis zu Mountainbikes - finden Sie heute Ihren perfekten Wegbegleiter!","og_url":"https:\/\/cioelectro.com\/en\/produkt\/bh-lynx-race-carbon-rc-6-0-shimano-deore-gruen-2022\/","og_site_name":"cioelectro.com","article_modified_time":"2023-08-10T13:09:26+00:00","og_image":[{"width":600,"height":408,"url":"https:\/\/cioelectro.com\/wp-content\/uploads\/2023\/06\/MOUNTAINBIKE-ALL-SUSPENDENT-BH-LYNX-RACE-CARBON-RC-6.0-SHIMANO-DEORE-XT-12V-29-GRUeN-2022.jpg","type":"image\/jpeg"}],"twitter_card":"summary_large_image","twitter_misc":{"Est. reading time":"3 minutes"},"schema":{"@context":"https:\/\/schema.org","@graph":[{"@type":"WebPage","@id":"https:\/\/cioelectro.com\/produkt\/bh-lynx-race-carbon-rc-6-0-shimano-deore-gruen-2022\/","url":"https:\/\/cioelectro.com\/produkt\/bh-lynx-race-carbon-rc-6-0-shimano-deore-gruen-2022\/","name":"BH LYNX RACE CARBON RC 6.0 SHIMANO DEORE GR\u00dcN 2022","isPartOf":{"@id":"https:\/\/cioelectro.com\/#website"},"primaryImageOfPage":{"@id":"https:\/\/cioelectro.com\/produkt\/bh-lynx-race-carbon-rc-6-0-shimano-deore-gruen-2022\/#primaryimage"},"image":{"@id":"https:\/\/cioelectro.com\/produkt\/bh-lynx-race-carbon-rc-6-0-shimano-deore-gruen-2022\/#primaryimage"},"thumbnailUrl":"https:\/\/cioelectro.com\/wp-content\/uploads\/2023\/06\/MOUNTAINBIKE-ALL-SUSPENDENT-BH-LYNX-RACE-CARBON-RC-6.0-SHIMANO-DEORE-XT-12V-29-GRUeN-2022.jpg","datePublished":"2022-07-29T10:08:50+00:00","dateModified":"2023-08-10T13:09:26+00:00","description":"Entdecken Sie unseren Online-Fahrradladen: Gro\u00dfe Auswahl an Modellen f\u00fcr alle Radsportbegeisterten. Von Rennr\u00e4dern bis zu Mountainbikes - finden Sie heute Ihren perfekten Wegbegleiter!","breadcrumb":{"@id":"https:\/\/cioelectro.com\/produkt\/bh-lynx-race-carbon-rc-6-0-shimano-deore-gruen-2022\/#breadcrumb"},"inLanguage":"en-US","potentialAction":[{"@type":"ReadAction","target":["https:\/\/cioelectro.com\/produkt\/bh-lynx-race-carbon-rc-6-0-shimano-deore-gruen-2022\/"]}]},{"@type":"ImageObject","inLanguage":"en-US","@id":"https:\/\/cioelectro.com\/produkt\/bh-lynx-race-carbon-rc-6-0-shimano-deore-gruen-2022\/#primaryimage","url":"https:\/\/cioelectro.com\/wp-content\/uploads\/2023\/06\/MOUNTAINBIKE-ALL-SUSPENDENT-BH-LYNX-RACE-CARBON-RC-6.0-SHIMANO-DEORE-XT-12V-29-GRUeN-2022.jpg","contentUrl":"https:\/\/cioelectro.com\/wp-content\/uploads\/2023\/06\/MOUNTAINBIKE-ALL-SUSPENDENT-BH-LYNX-RACE-CARBON-RC-6.0-SHIMANO-DEORE-XT-12V-29-GRUeN-2022.jpg","width":600,"height":408,"caption":"MOUNTAINBIKE ALL-SUSPENDENT BH LYNX RACE CARBON RC 6.0 SHIMANO DEORE XT 12V 29'' GR\u00dcN 2022"},{"@type":"BreadcrumbList","@id":"https:\/\/cioelectro.com\/produkt\/bh-lynx-race-carbon-rc-6-0-shimano-deore-gruen-2022\/#breadcrumb","itemListElement":[{"@type":"ListItem","position":1,"name":"Startseite","item":"https:\/\/cioelectro.com\/"},{"@type":"ListItem","position":2,"name":"LADEN","item":"https:\/\/cioelectro.com\/laden\/"},{"@type":"ListItem","position":3,"name":"BH LYNX RACE CARBON RC 6.0 SHIMANO DEORE GR\u00dcN 2022"}]},{"@type":"WebSite","@id":"https:\/\/cioelectro.com\/#website","url":"https:\/\/cioelectro.com\/","name":"cioelectro.com","description":"Treten Sie mit uns ins Abenteuer!","publisher":{"@id":"https:\/\/cioelectro.com\/#organization"},"alternateName":"MEIN RADLADEN","potentialAction":[{"@type":"SearchAction","target":{"@type":"EntryPoint","urlTemplate":"https:\/\/cioelectro.com\/?s={search_term_string}"},"query-input":{"@type":"PropertyValueSpecification","valueRequired":true,"valueName":"search_term_string"}}],"inLanguage":"en-US"},{"@type":"Organization","@id":"https:\/\/cioelectro.com\/#organization","name":"CIOELECTRO","alternateName":"MEIN RADLADEN","url":"https:\/\/cioelectro.com\/","logo":{"@type":"ImageObject","inLanguage":"en-US","@id":"https:\/\/cioelectro.com\/#\/schema\/logo\/image\/","url":"https:\/\/cioelectro.com\/wp-content\/uploads\/2025\/12\/Logo-2-1200x800.png","contentUrl":"https:\/\/cioelectro.com\/wp-content\/uploads\/2025\/12\/Logo-2-1200x800.png","width":1200,"height":800,"caption":"CIOELECTRO"},"image":{"@id":"https:\/\/cioelectro.com\/#\/schema\/logo\/image\/"}}]}},"_links":{"self":[{"href":"https:\/\/cioelectro.com\/en\/wp-json\/wp\/v2\/product\/11685","targetHints":{"allow":["GET"]}}],"collection":[{"href":"https:\/\/cioelectro.com\/en\/wp-json\/wp\/v2\/product"}],"about":[{"href":"https:\/\/cioelectro.com\/en\/wp-json\/wp\/v2\/types\/product"}],"replies":[{"embeddable":true,"href":"https:\/\/cioelectro.com\/en\/wp-json\/wp\/v2\/comments?post=11685"}],"version-history":[{"count":0,"href":"https:\/\/cioelectro.com\/en\/wp-json\/wp\/v2\/product\/11685\/revisions"}],"wp:featuredmedia":[{"embeddable":true,"href":"https:\/\/cioelectro.com\/en\/wp-json\/wp\/v2\/media\/60587"}],"wp:attachment":[{"href":"https:\/\/cioelectro.com\/en\/wp-json\/wp\/v2\/media?parent=11685"}],"wp:term":[{"taxonomy":"product_brand","embeddable":true,"href":"https:\/\/cioelectro.com\/en\/wp-json\/wp\/v2\/product_brand?post=11685"},{"taxonomy":"product_cat","embeddable":true,"href":"https:\/\/cioelectro.com\/en\/wp-json\/wp\/v2\/product_cat?post=11685"},{"taxonomy":"product_tag","embeddable":true,"href":"https:\/\/cioelectro.com\/en\/wp-json\/wp\/v2\/product_tag?post=11685"}],"curies":[{"name":"wp","href":"https:\/\/api.w.org\/{rel}","templated":true}]}}