{"id":11691,"date":"2022-07-29T12:25:25","date_gmt":"2022-07-29T10:25:25","guid":{"rendered":"https:\/\/meinradladen.com\/?post_type=product&#038;p=11691"},"modified":"2023-08-10T15:04:52","modified_gmt":"2023-08-10T13:04:52","slug":"gt-force-sport-shimano-deore-11v-29-schwarz-2022","status":"publish","type":"product","link":"https:\/\/cioelectro.com\/en\/produkt\/gt-force-sport-shimano-deore-11v-29-schwarz-2022\/","title":{"rendered":"GT FORCE SPORT SHIMANO DEORE 11V 29&#8221; SCHWARZ 2022"},"content":{"rendered":"<div id=\"product-header-order-name\" class=\"col-lg-20 col-md-20 col-sm-20 col-xs-20\">\n<h2 class=\"heading-title-text\">MOUNTAINBIKE ALL-SUSPENDENT GT FORCE SPORT SHIMANO DEORE 11V 29&#8221; SCHWARZ 2022<\/h2>\n<div class=\"col col-sm-12 col-md-12 col-lg-12\">\n<p>Mit den Anforderungen der heutigen Trails ist das vollgefederte Mountainbike\u00a0<strong>GT Force Sport<\/strong>\u00a0mit einer RockShox-Federgabel in Kombination mit einem Shimano 11-Gang-Getriebe ausgestattet, das Ihnen eine solide Konfiguration zum Fahren und Genie\u00dfen bietet.<\/p>\n<\/div>\n<div class=\"prodsheet_bullets col col-sm-8 col-md-8 col-lg-8\">\n<h4>DIE PRODUKTVORTEILE:<\/h4>\n<ul>\n<li>Aluminiumrahmen mit 150 mm Federweg.<\/li>\n<li>Shimano Deore 1&#215;11-Gang-Schaltung.<\/li>\n<li>Hydraulische Scheibenbremsen Tektro M275, 180\/180 mm.<\/li>\n<\/ul>\n<\/div>\n<div class=\"prodsheet_specs1 col col-sm-12 col-md-12 col-lg-12\">\n<h4>DETAILS :<\/h4>\n<table class=\"table table-striped\">\n<tbody>\n<tr>\n<td>Rahmen<\/td>\n<td>Aluminium: Force Alloy 29&#8243; Frame, BSA 73 mm, LockR Pivots, Tapered Head Tube, Boost 12&#215;148 mm Thru-Axle, 185&#215;55 mm Trunnion Shock Mount, ISCG05, 150 mm travel<\/td>\n<\/tr>\n<tr>\n<td>Gabel<\/td>\n<td>RockShox 35 Silver TK, 15&#215;110 mm Boost, 44 mm Offset, 160 mm travel<\/td>\n<\/tr>\n<tr>\n<td>Sto\u00dfd\u00e4mpfer<\/td>\n<td>X-Fusion 02 Pro RL, 185&#215;55 mm Trunnion, Rebound and Lockout<\/td>\n<\/tr>\n<tr>\n<td>Schalthebel<\/td>\n<td>Shimano Deore M5100, 1&#215;11 G\u00e4nge<\/td>\n<\/tr>\n<tr>\n<td>Schaltwerk hinten<\/td>\n<td>Shimano Deore M5100, 11-Gang<\/td>\n<\/tr>\n<tr>\n<td>Kassette<\/td>\n<td>Shimano Deore M5100, 11-51 Z\u00e4hne<\/td>\n<\/tr>\n<tr>\n<td>Kette<\/td>\n<td>KMC X11<\/td>\n<\/tr>\n<tr>\n<td>Tretlager<\/td>\n<td>Shimano MT510, 32 Z\u00e4hne<\/td>\n<\/tr>\n<tr>\n<td>Tretlagergeh\u00e4use<\/td>\n<td>Shimano BB52<\/td>\n<\/tr>\n<tr>\n<td>Bremsen<\/td>\n<td>Tektro HD-M275, Hydr. Disc Brake, 180\/180 mm Rotors<\/td>\n<\/tr>\n<tr>\n<td>Laufr\u00e4der<\/td>\n<td>WTB STX i29 TCS, 32h, Tubeless ready<\/td>\n<\/tr>\n<tr>\n<td>Naben<\/td>\n<td>Shimano MT400B, 15&#215;110 mm\/12&#215;148 mm, Centerlock<\/td>\n<\/tr>\n<tr>\n<td>Reifen<\/td>\n<td>Vorne : Maxxis Minion DHF, Tubeless Ready, 29 x 2.5&#8243; \/ Hinten: Maxxis Minion DHR II, Tubeless Ready, 29 x 2.4&#8243;<\/td>\n<\/tr>\n<tr>\n<td>Lenker<\/td>\n<td>GT Alloy Riser Bar, 780 mm, 30 mm Rise<\/td>\n<\/tr>\n<tr>\n<td>Griffe<\/td>\n<td>Fabric Funguy<\/td>\n<\/tr>\n<tr>\n<td>Vorbau<\/td>\n<td>GT Alloy<\/td>\n<\/tr>\n<tr>\n<td>Sattel<\/td>\n<td>WTB Silverado Sport<\/td>\n<\/tr>\n<tr>\n<td>Sattelst\u00fctze<\/td>\n<td>TranzX Dropper, Internal Routing, 31.6 mm<\/td>\n<\/tr>\n<tr>\n<td>Gewicht<\/td>\n<td>&#8212;<\/td>\n<\/tr>\n<\/tbody>\n<\/table>\n<\/div>\n<div class=\"prodsheet_specs2 col col-sm-8 col-md-8 col-lg-8\">\n<h4>GEOMETRIEN:<\/h4>\n<p><img decoding=\"async\" src=\"http:\/\/media1.alltricks.fr\/ckfinder\/images\/cube_Full-Suspension_geo_fr.jpg\" \/><\/p>\n<table class=\"table table-striped\">\n<tbody>\n<tr>\n<td>Rahmengr\u00f6\u00dfe<\/td>\n<td>S<\/td>\n<td>M<\/td>\n<td>L<\/td>\n<td>XL<\/td>\n<\/tr>\n<tr>\n<td>Sattelrohr (mm)<\/td>\n<td>420<\/td>\n<td>440<\/td>\n<td>460<\/td>\n<td>480<\/td>\n<\/tr>\n<tr>\n<td>Oberrohr (mm)<\/td>\n<td>523<\/td>\n<td>549<\/td>\n<td>575<\/td>\n<td>602<\/td>\n<\/tr>\n<tr>\n<td>L\u00e4nge Basis (mm)<\/td>\n<td>442<\/td>\n<td>442<\/td>\n<td>442<\/td>\n<td>442<\/td>\n<\/tr>\n<tr>\n<td>Lenkh\u00fclse (mm)<\/td>\n<td>102<\/td>\n<td>110<\/td>\n<td>118<\/td>\n<td>126<\/td>\n<\/tr>\n<tr>\n<td>Lenkwinkel (\u00b0)<\/td>\n<td>65<\/td>\n<td>65<\/td>\n<td>65<\/td>\n<td>65<\/td>\n<\/tr>\n<tr>\n<td>Winkel Sattelrohr (\u00b0)<\/td>\n<td>77<\/td>\n<td>77<\/td>\n<td>77<\/td>\n<td>77<\/td>\n<\/tr>\n<tr>\n<td>Radstand (mm)<\/td>\n<td>1198<\/td>\n<td>1226<\/td>\n<td>1254<\/td>\n<td>1283<\/td>\n<\/tr>\n<tr>\n<td>Stack (mm)<\/td>\n<td>615<\/td>\n<td>615<\/td>\n<td>625<\/td>\n<td>615<\/td>\n<\/tr>\n<tr>\n<td>Reach (mm)<\/td>\n<td>407<\/td>\n<td>445<\/td>\n<td>470<\/td>\n<td>495<\/td>\n<\/tr>\n<\/tbody>\n<\/table>\n<\/div>\n<\/div>\n<div id=\"product-header-order-form\" class=\"js-reload-on-event col-lg-20 col-md-20 col-sm-20 col-xs-20\" data-to-watch=\"body\" data-event=\"alltricks:cartChanged\" data-url=\"\/ajax\/product\/ajouter\/F-11947-velos-complets-vtt\/P-2066170-mountainbike_all_suspendent_gt_force_sport_shimano_deore_11v_29___schwarz_2022\"><\/div>","protected":false},"excerpt":{"rendered":"<div class=\"col-lg-14 col-md-14 col-sm-14 col-xs-20\"><\/div>\n<div id=\"product-specifications-table\" class=\"col-lg-20 col-md-20 col-sm-20 col-xs-20\">\n<table class=\"table table-striped\">\n<tbody>\n<tr>\n<td class=\"spec-name\">Geschlecht<\/td>\n<td class=\"spec-value\">Herren<\/td>\n<\/tr>\n<tr>\n<td class=\"spec-name\">Gruppe<\/td>\n<td class=\"spec-value\">Shimano Deore 11V<\/td>\n<\/tr>\n<tr>\n<td class=\"spec-name\">collection<\/td>\n<td class=\"spec-value\">2022<\/td>\n<\/tr>\n<\/tbody>\n<\/table>\n<\/div>","protected":false},"featured_media":60588,"comment_status":"open","ping_status":"closed","template":"","meta":{"_rtcl_gb_attr":""},"product_brand":[],"product_cat":[783],"product_tag":[],"class_list":{"0":"post-11691","1":"product","2":"type-product","3":"status-publish","4":"has-post-thumbnail","6":"product_cat-accessories","7":"pa_marke-gt","9":"first","10":"instock","11":"sale","12":"taxable","13":"shipping-taxable","14":"purchasable","15":"product-type-variable"},"yoast_head":"<!-- This site is optimized with the Yoast SEO Premium plugin v20.12 (Yoast SEO v27.4) - https:\/\/yoast.com\/product\/yoast-seo-premium-wordpress\/ -->\n<title>GT FORCE SPORT SHIMANO DEORE 11V 29&#039;&#039; SCHWARZ 2022<\/title>\n<meta name=\"description\" content=\"Entdecken Sie unseren Online-Fahrradladen: Gro\u00dfe Auswahl an Modellen f\u00fcr alle Radsportbegeisterten. Von Rennr\u00e4dern bis zu Mountainbikes - finden Sie heute Ihren perfekten Wegbegleiter!\" \/>\n<meta name=\"robots\" content=\"index, follow, max-snippet:-1, max-image-preview:large, max-video-preview:-1\" \/>\n<link rel=\"canonical\" href=\"https:\/\/cioelectro.com\/en\/produkt\/gt-force-sport-shimano-deore-11v-29-schwarz-2022\/\" \/>\n<meta property=\"og:locale\" content=\"en_US\" \/>\n<meta property=\"og:type\" content=\"article\" \/>\n<meta property=\"og:title\" content=\"GT FORCE SPORT SHIMANO DEORE 11V 29&#039;&#039; SCHWARZ 2022\" \/>\n<meta property=\"og:description\" content=\"Entdecken Sie unseren Online-Fahrradladen: Gro\u00dfe Auswahl an Modellen f\u00fcr alle Radsportbegeisterten. Von Rennr\u00e4dern bis zu Mountainbikes - finden Sie heute Ihren perfekten Wegbegleiter!\" \/>\n<meta property=\"og:url\" content=\"https:\/\/cioelectro.com\/en\/produkt\/gt-force-sport-shimano-deore-11v-29-schwarz-2022\/\" \/>\n<meta property=\"og:site_name\" content=\"cioelectro.com\" \/>\n<meta property=\"article:modified_time\" content=\"2023-08-10T13:04:52+00:00\" \/>\n<meta property=\"og:image\" content=\"https:\/\/cioelectro.com\/wp-content\/uploads\/2023\/06\/MOUNTAINBIKE-ALL-SUSPENDENT-GT-FORCE-SPORT-SHIMANO-DEORE-11V-29-SCHWARZ-2022.jpg\" \/>\n\t<meta property=\"og:image:width\" content=\"600\" \/>\n\t<meta property=\"og:image:height\" content=\"407\" \/>\n\t<meta property=\"og:image:type\" content=\"image\/jpeg\" \/>\n<meta name=\"twitter:card\" content=\"summary_large_image\" \/>\n<meta name=\"twitter:label1\" content=\"Est. reading time\" \/>\n\t<meta name=\"twitter:data1\" content=\"2 minutes\" \/>\n<script type=\"application\/ld+json\" class=\"yoast-schema-graph\">{\"@context\":\"https:\\\/\\\/schema.org\",\"@graph\":[{\"@type\":\"WebPage\",\"@id\":\"https:\\\/\\\/cioelectro.com\\\/produkt\\\/gt-force-sport-shimano-deore-11v-29-schwarz-2022\\\/\",\"url\":\"https:\\\/\\\/cioelectro.com\\\/produkt\\\/gt-force-sport-shimano-deore-11v-29-schwarz-2022\\\/\",\"name\":\"GT FORCE SPORT SHIMANO DEORE 11V 29'' SCHWARZ 2022\",\"isPartOf\":{\"@id\":\"https:\\\/\\\/cioelectro.com\\\/#website\"},\"primaryImageOfPage\":{\"@id\":\"https:\\\/\\\/cioelectro.com\\\/produkt\\\/gt-force-sport-shimano-deore-11v-29-schwarz-2022\\\/#primaryimage\"},\"image\":{\"@id\":\"https:\\\/\\\/cioelectro.com\\\/produkt\\\/gt-force-sport-shimano-deore-11v-29-schwarz-2022\\\/#primaryimage\"},\"thumbnailUrl\":\"https:\\\/\\\/cioelectro.com\\\/wp-content\\\/uploads\\\/2023\\\/06\\\/MOUNTAINBIKE-ALL-SUSPENDENT-GT-FORCE-SPORT-SHIMANO-DEORE-11V-29-SCHWARZ-2022.jpg\",\"datePublished\":\"2022-07-29T10:25:25+00:00\",\"dateModified\":\"2023-08-10T13:04:52+00:00\",\"description\":\"Entdecken Sie unseren Online-Fahrradladen: Gro\u00dfe Auswahl an Modellen f\u00fcr alle Radsportbegeisterten. Von Rennr\u00e4dern bis zu Mountainbikes - finden Sie heute Ihren perfekten Wegbegleiter!\",\"breadcrumb\":{\"@id\":\"https:\\\/\\\/cioelectro.com\\\/produkt\\\/gt-force-sport-shimano-deore-11v-29-schwarz-2022\\\/#breadcrumb\"},\"inLanguage\":\"en-US\",\"potentialAction\":[{\"@type\":\"ReadAction\",\"target\":[\"https:\\\/\\\/cioelectro.com\\\/produkt\\\/gt-force-sport-shimano-deore-11v-29-schwarz-2022\\\/\"]}]},{\"@type\":\"ImageObject\",\"inLanguage\":\"en-US\",\"@id\":\"https:\\\/\\\/cioelectro.com\\\/produkt\\\/gt-force-sport-shimano-deore-11v-29-schwarz-2022\\\/#primaryimage\",\"url\":\"https:\\\/\\\/cioelectro.com\\\/wp-content\\\/uploads\\\/2023\\\/06\\\/MOUNTAINBIKE-ALL-SUSPENDENT-GT-FORCE-SPORT-SHIMANO-DEORE-11V-29-SCHWARZ-2022.jpg\",\"contentUrl\":\"https:\\\/\\\/cioelectro.com\\\/wp-content\\\/uploads\\\/2023\\\/06\\\/MOUNTAINBIKE-ALL-SUSPENDENT-GT-FORCE-SPORT-SHIMANO-DEORE-11V-29-SCHWARZ-2022.jpg\",\"width\":600,\"height\":407,\"caption\":\"MOUNTAINBIKE ALL-SUSPENDENT GT FORCE SPORT SHIMANO DEORE 11V 29'' SCHWARZ 2022\"},{\"@type\":\"BreadcrumbList\",\"@id\":\"https:\\\/\\\/cioelectro.com\\\/produkt\\\/gt-force-sport-shimano-deore-11v-29-schwarz-2022\\\/#breadcrumb\",\"itemListElement\":[{\"@type\":\"ListItem\",\"position\":1,\"name\":\"Startseite\",\"item\":\"https:\\\/\\\/cioelectro.com\\\/\"},{\"@type\":\"ListItem\",\"position\":2,\"name\":\"LADEN\",\"item\":\"https:\\\/\\\/cioelectro.com\\\/laden\\\/\"},{\"@type\":\"ListItem\",\"position\":3,\"name\":\"GT FORCE SPORT SHIMANO DEORE 11V 29&#8221; SCHWARZ 2022\"}]},{\"@type\":\"WebSite\",\"@id\":\"https:\\\/\\\/cioelectro.com\\\/#website\",\"url\":\"https:\\\/\\\/cioelectro.com\\\/\",\"name\":\"cioelectro.com\",\"description\":\"Treten Sie mit uns ins Abenteuer!\",\"publisher\":{\"@id\":\"https:\\\/\\\/cioelectro.com\\\/#organization\"},\"alternateName\":\"MEIN RADLADEN\",\"potentialAction\":[{\"@type\":\"SearchAction\",\"target\":{\"@type\":\"EntryPoint\",\"urlTemplate\":\"https:\\\/\\\/cioelectro.com\\\/?s={search_term_string}\"},\"query-input\":{\"@type\":\"PropertyValueSpecification\",\"valueRequired\":true,\"valueName\":\"search_term_string\"}}],\"inLanguage\":\"en-US\"},{\"@type\":\"Organization\",\"@id\":\"https:\\\/\\\/cioelectro.com\\\/#organization\",\"name\":\"CIOELECTRO\",\"alternateName\":\"MEIN RADLADEN\",\"url\":\"https:\\\/\\\/cioelectro.com\\\/\",\"logo\":{\"@type\":\"ImageObject\",\"inLanguage\":\"en-US\",\"@id\":\"https:\\\/\\\/cioelectro.com\\\/#\\\/schema\\\/logo\\\/image\\\/\",\"url\":\"https:\\\/\\\/cioelectro.com\\\/wp-content\\\/uploads\\\/2025\\\/12\\\/Logo-2-1200x800.png\",\"contentUrl\":\"https:\\\/\\\/cioelectro.com\\\/wp-content\\\/uploads\\\/2025\\\/12\\\/Logo-2-1200x800.png\",\"width\":1200,\"height\":800,\"caption\":\"CIOELECTRO\"},\"image\":{\"@id\":\"https:\\\/\\\/cioelectro.com\\\/#\\\/schema\\\/logo\\\/image\\\/\"}}]}<\/script>\n<!-- \/ Yoast SEO Premium plugin. -->","yoast_head_json":{"title":"GT FORCE SPORT SHIMANO DEORE 11V 29'' SCHWARZ 2022","description":"Entdecken Sie unseren Online-Fahrradladen: Gro\u00dfe Auswahl an Modellen f\u00fcr alle Radsportbegeisterten. Von Rennr\u00e4dern bis zu Mountainbikes - finden Sie heute Ihren perfekten Wegbegleiter!","robots":{"index":"index","follow":"follow","max-snippet":"max-snippet:-1","max-image-preview":"max-image-preview:large","max-video-preview":"max-video-preview:-1"},"canonical":"https:\/\/cioelectro.com\/en\/produkt\/gt-force-sport-shimano-deore-11v-29-schwarz-2022\/","og_locale":"en_US","og_type":"article","og_title":"GT FORCE SPORT SHIMANO DEORE 11V 29'' SCHWARZ 2022","og_description":"Entdecken Sie unseren Online-Fahrradladen: Gro\u00dfe Auswahl an Modellen f\u00fcr alle Radsportbegeisterten. Von Rennr\u00e4dern bis zu Mountainbikes - finden Sie heute Ihren perfekten Wegbegleiter!","og_url":"https:\/\/cioelectro.com\/en\/produkt\/gt-force-sport-shimano-deore-11v-29-schwarz-2022\/","og_site_name":"cioelectro.com","article_modified_time":"2023-08-10T13:04:52+00:00","og_image":[{"width":600,"height":407,"url":"https:\/\/cioelectro.com\/wp-content\/uploads\/2023\/06\/MOUNTAINBIKE-ALL-SUSPENDENT-GT-FORCE-SPORT-SHIMANO-DEORE-11V-29-SCHWARZ-2022.jpg","type":"image\/jpeg"}],"twitter_card":"summary_large_image","twitter_misc":{"Est. reading time":"2 minutes"},"schema":{"@context":"https:\/\/schema.org","@graph":[{"@type":"WebPage","@id":"https:\/\/cioelectro.com\/produkt\/gt-force-sport-shimano-deore-11v-29-schwarz-2022\/","url":"https:\/\/cioelectro.com\/produkt\/gt-force-sport-shimano-deore-11v-29-schwarz-2022\/","name":"GT FORCE SPORT SHIMANO DEORE 11V 29'' SCHWARZ 2022","isPartOf":{"@id":"https:\/\/cioelectro.com\/#website"},"primaryImageOfPage":{"@id":"https:\/\/cioelectro.com\/produkt\/gt-force-sport-shimano-deore-11v-29-schwarz-2022\/#primaryimage"},"image":{"@id":"https:\/\/cioelectro.com\/produkt\/gt-force-sport-shimano-deore-11v-29-schwarz-2022\/#primaryimage"},"thumbnailUrl":"https:\/\/cioelectro.com\/wp-content\/uploads\/2023\/06\/MOUNTAINBIKE-ALL-SUSPENDENT-GT-FORCE-SPORT-SHIMANO-DEORE-11V-29-SCHWARZ-2022.jpg","datePublished":"2022-07-29T10:25:25+00:00","dateModified":"2023-08-10T13:04:52+00:00","description":"Entdecken Sie unseren Online-Fahrradladen: Gro\u00dfe Auswahl an Modellen f\u00fcr alle Radsportbegeisterten. Von Rennr\u00e4dern bis zu Mountainbikes - finden Sie heute Ihren perfekten Wegbegleiter!","breadcrumb":{"@id":"https:\/\/cioelectro.com\/produkt\/gt-force-sport-shimano-deore-11v-29-schwarz-2022\/#breadcrumb"},"inLanguage":"en-US","potentialAction":[{"@type":"ReadAction","target":["https:\/\/cioelectro.com\/produkt\/gt-force-sport-shimano-deore-11v-29-schwarz-2022\/"]}]},{"@type":"ImageObject","inLanguage":"en-US","@id":"https:\/\/cioelectro.com\/produkt\/gt-force-sport-shimano-deore-11v-29-schwarz-2022\/#primaryimage","url":"https:\/\/cioelectro.com\/wp-content\/uploads\/2023\/06\/MOUNTAINBIKE-ALL-SUSPENDENT-GT-FORCE-SPORT-SHIMANO-DEORE-11V-29-SCHWARZ-2022.jpg","contentUrl":"https:\/\/cioelectro.com\/wp-content\/uploads\/2023\/06\/MOUNTAINBIKE-ALL-SUSPENDENT-GT-FORCE-SPORT-SHIMANO-DEORE-11V-29-SCHWARZ-2022.jpg","width":600,"height":407,"caption":"MOUNTAINBIKE ALL-SUSPENDENT GT FORCE SPORT SHIMANO DEORE 11V 29'' SCHWARZ 2022"},{"@type":"BreadcrumbList","@id":"https:\/\/cioelectro.com\/produkt\/gt-force-sport-shimano-deore-11v-29-schwarz-2022\/#breadcrumb","itemListElement":[{"@type":"ListItem","position":1,"name":"Startseite","item":"https:\/\/cioelectro.com\/"},{"@type":"ListItem","position":2,"name":"LADEN","item":"https:\/\/cioelectro.com\/laden\/"},{"@type":"ListItem","position":3,"name":"GT FORCE SPORT SHIMANO DEORE 11V 29&#8221; SCHWARZ 2022"}]},{"@type":"WebSite","@id":"https:\/\/cioelectro.com\/#website","url":"https:\/\/cioelectro.com\/","name":"cioelectro.com","description":"Treten Sie mit uns ins Abenteuer!","publisher":{"@id":"https:\/\/cioelectro.com\/#organization"},"alternateName":"MEIN RADLADEN","potentialAction":[{"@type":"SearchAction","target":{"@type":"EntryPoint","urlTemplate":"https:\/\/cioelectro.com\/?s={search_term_string}"},"query-input":{"@type":"PropertyValueSpecification","valueRequired":true,"valueName":"search_term_string"}}],"inLanguage":"en-US"},{"@type":"Organization","@id":"https:\/\/cioelectro.com\/#organization","name":"CIOELECTRO","alternateName":"MEIN RADLADEN","url":"https:\/\/cioelectro.com\/","logo":{"@type":"ImageObject","inLanguage":"en-US","@id":"https:\/\/cioelectro.com\/#\/schema\/logo\/image\/","url":"https:\/\/cioelectro.com\/wp-content\/uploads\/2025\/12\/Logo-2-1200x800.png","contentUrl":"https:\/\/cioelectro.com\/wp-content\/uploads\/2025\/12\/Logo-2-1200x800.png","width":1200,"height":800,"caption":"CIOELECTRO"},"image":{"@id":"https:\/\/cioelectro.com\/#\/schema\/logo\/image\/"}}]}},"_links":{"self":[{"href":"https:\/\/cioelectro.com\/en\/wp-json\/wp\/v2\/product\/11691","targetHints":{"allow":["GET"]}}],"collection":[{"href":"https:\/\/cioelectro.com\/en\/wp-json\/wp\/v2\/product"}],"about":[{"href":"https:\/\/cioelectro.com\/en\/wp-json\/wp\/v2\/types\/product"}],"replies":[{"embeddable":true,"href":"https:\/\/cioelectro.com\/en\/wp-json\/wp\/v2\/comments?post=11691"}],"version-history":[{"count":0,"href":"https:\/\/cioelectro.com\/en\/wp-json\/wp\/v2\/product\/11691\/revisions"}],"wp:featuredmedia":[{"embeddable":true,"href":"https:\/\/cioelectro.com\/en\/wp-json\/wp\/v2\/media\/60588"}],"wp:attachment":[{"href":"https:\/\/cioelectro.com\/en\/wp-json\/wp\/v2\/media?parent=11691"}],"wp:term":[{"taxonomy":"product_brand","embeddable":true,"href":"https:\/\/cioelectro.com\/en\/wp-json\/wp\/v2\/product_brand?post=11691"},{"taxonomy":"product_cat","embeddable":true,"href":"https:\/\/cioelectro.com\/en\/wp-json\/wp\/v2\/product_cat?post=11691"},{"taxonomy":"product_tag","embeddable":true,"href":"https:\/\/cioelectro.com\/en\/wp-json\/wp\/v2\/product_tag?post=11691"}],"curies":[{"name":"wp","href":"https:\/\/api.w.org\/{rel}","templated":true}]}}