{"id":11729,"date":"2022-07-29T14:40:36","date_gmt":"2022-07-29T12:40:36","guid":{"rendered":"https:\/\/meinradladen.com\/?post_type=product&#038;p=11729"},"modified":"2023-08-10T17:00:39","modified_gmt":"2023-08-10T15:00:39","slug":"mondraker-chrono-carbon-hardtail-mtb-weiss-2022","status":"publish","type":"product","link":"https:\/\/cioelectro.com\/en\/produkt\/mondraker-chrono-carbon-hardtail-mtb-weiss-2022\/","title":{"rendered":"MONDRAKER CHRONO CARBON HARDTAIL MTB WEISS 2022"},"content":{"rendered":"<div id=\"product-header-order-name\" class=\"col-lg-20 col-md-20 col-sm-20 col-xs-20\">\n<h2 class=\"heading-title-text\">MONDRAKER CHRONO CARBON HARDTAIL MTB SRAM NX\/SX EAGLE 12S 29&#8221; WEISS 202<\/h2>\n<\/div>\n<div id=\"product-header-order-form\" class=\"js-reload-on-event col-lg-20 col-md-20 col-sm-20 col-xs-20\" data-to-watch=\"body\" data-event=\"alltricks:cartChanged\" data-url=\"\/ajax\/product\/ajouter\/F-11947-velos-complets-vtt\/P-2000815-mondraker_chrono_carbon_hardtail_mtb_sram_nx_sx_eagle_12s_29___weis_2022\">\n<div class=\"col col-sm-12 col-md-12 col-lg-12\">\n<p>Erster Schritt in den XC-Rennsport; Der\u00a0<strong>Mondraker Chrono Carbon<\/strong>\u00a0folgt den Spuren des aktuellen Podium Carbon und beh\u00e4lt seine hohe Leistung bei. Mit einem Stealth-Vollcarbon-Rahmen nutzt es Mondrakers XC-Forward-Geometrie-Konzept, die Stealth-Carbon-Technologie und FlatStays-Sitzstreben f\u00fcr die nachgiebigste Fahrt und verleiht dem fr\u00fchen XC-Renner ein Fahrrad mit verbessertem Handling und Stabilit\u00e4t. Sein verl\u00e4ngertes Oberrohr und der kurze Vorbau sorgen f\u00fcr maximale Pr\u00e4zision beim Fahren, w\u00e4hrend seine High-End-Ausstattung es zum idealen Rad f\u00fcr den Wettkampf sowie f\u00fcr das Training macht.<\/p>\n<\/div>\n<div class=\"prodsheet_bullets col col-sm-8 col-md-8 col-lg-8\">\n<h4>HAUPTEIGENSCHAFTEN:<\/h4>\n<ul>\n<li>Stealth-Vollcarbon-Rahmen.<\/li>\n<li>Sram NX\/SX Eagle 1&#215;12-fach Antrieb.<\/li>\n<li>Sram Level T hydraulische Scheibenbremsen, 160\/160 mm.<\/li>\n<\/ul>\n<\/div>\n<div class=\"prodsheet_specs1 col col-sm-12 col-md-12 col-lg-12\">\n<h4>MERKMALE:<\/h4>\n<table class=\"table table-striped\">\n<tbody>\n<tr>\n<td>Rahmen<\/td>\n<td>Carbon: Chrono 29 Stealth Vollcarbon, XC Forward Geometry, 73 mm BSA Tretlager, konisches Steuerrohr, interne HHG-Zugf\u00fchrung, Boost 12&#215;148 mm Hinterachse, Comfort Flat Kettenstreben (Flatstays) Design, Mondraker M068 Schaltauge<\/td>\n<\/tr>\n<tr>\n<td>Gabel<\/td>\n<td>RockShox Judy Gold RL 29, 100 mm, Motion Control, Solo Air, konischer Gabelschaft, Boost 15&#215;110 mm Achse, 30 mm Aluminium Standrohre, Versatz 51 mm. Einstellungen: Onelock 2 pos Remote-Druckstufe (open\/lock), Zugstufe, Luftvorspannung<\/td>\n<\/tr>\n<tr>\n<td>Schalthebel<\/td>\n<td>Sram Trigger SX Eagle, X-Bet\u00e4tigung 1:1, 1&#215;12-fach<\/td>\n<\/tr>\n<tr>\n<td>Schaltwerk<\/td>\n<td>Sram NX Eagle, Typ 3 Rollenlagerkupplung, K\u00e4figsperre, X-Actuation 1:1, 12-fach<\/td>\n<\/tr>\n<tr>\n<td>Kassette<\/td>\n<td>Sram XG-1230, 11-50T<\/td>\n<\/tr>\n<tr>\n<td>Kette<\/td>\n<td>Sram SX Eagle, Powerlock<\/td>\n<\/tr>\n<tr>\n<td>Kurbel<\/td>\n<td>Sram SX Eagle, Boost, DUB Achse, Direct Mount Kettenblatt, 34T, Stahl, X-SYNC 2, 170 mm (S), 175 mm (M, L, XL)<\/td>\n<\/tr>\n<tr>\n<td>Innenlager<\/td>\n<td>Sram DUB BSA, gedichtete Lager, 73 mm<\/td>\n<\/tr>\n<tr>\n<td>Bremsen<\/td>\n<td>Sram Level T, hydr. Scheibenbremse, 2-teiliger Bremssattel, Centerline 160 mm IS 6-Loch einteilige Bremsscheibe<\/td>\n<\/tr>\n<tr>\n<td>Laufradsatz<\/td>\n<td>MDK-XP1 29 TLR, 25 mm Maulweite, Tubeless ready, 32 Speichen<\/td>\n<\/tr>\n<tr>\n<td>Naben<\/td>\n<td>Vorne: Formula DC711, Boost 15&#215;110 mm, gedichtete Lager, IS 6-Loch \/ Hinten: Formula MST148S-4SB, Boost 12&#215;148 mm, gedichtete Lager, IS 6-Loch<\/td>\n<\/tr>\n<tr>\n<td>Reifen<\/td>\n<td>Maxxis Ikon, 3C Maxx Speed Compound, Tubeless Ready, 120 TPI, Faltwulst, 29&#215;2,20&#8243;<\/td>\n<\/tr>\n<tr>\n<td>Lenker<\/td>\n<td>Onoff Sulphur 0.2, Double Butted 6061 Alloy, Rise: 4,8 mm, Breite: 760 mm, 9\u00ba Backsweep, 0\u00ba Upsweep, 31,8 mm Barbore<\/td>\n<\/tr>\n<tr>\n<td>Griffe<\/td>\n<td>Onoff Diamond, 1lock-on, 135 mm<\/td>\n<\/tr>\n<tr>\n<td>Stengel<\/td>\n<td>MDK, 6061 T6 Alloy, 31,8 mm Barbore, +\/-5\u00ba Rise, 60 mm (S), 70 mm (M), 80 mm (L), 90 mm (XL)<\/td>\n<\/tr>\n<tr>\n<td>Headset<\/td>\n<td>Onoff Titan Tapered f\u00fcr 1-1\/8? bis 1-1\/2? Steuerrohr, ACB abgedichtete Lager, 41,8&#215;30,5x8x45\u00b0x45\u00b0 (oben), 51,9x40x8x45\u00b0x45\u00b0 (unten)<\/td>\n<\/tr>\n<tr>\n<td>Sattel<\/td>\n<td>Mondraker XC-Serie, Stahlschiene<\/td>\n<\/tr>\n<tr>\n<td>Sattelst\u00fctze<\/td>\n<td>Onoff Sulphur 0-R, 6061 T6 Alloy, 3D geschmiedet, Durchmesser 27,2 mm, L\u00e4nge 400 mm<\/td>\n<\/tr>\n<tr>\n<td>Gewicht<\/td>\n<td>11,3 kg<\/td>\n<\/tr>\n<\/tbody>\n<\/table>\n<\/div>\n<div class=\"prodsheet_specs2 col col-sm-8 col-md-8 col-lg-8\">\n<h4>GEOMETRIEN:<\/h4>\n<p><img decoding=\"async\" src=\"http:\/\/media1.alltricks.fr\/ckfinder\/images\/hardtail_en.jpg\" \/><\/p>\n<table class=\"table table-striped\">\n<tbody>\n<tr>\n<td>Rahmengr\u00f6\u00dfe<\/td>\n<td>S<\/td>\n<td>M<\/td>\n<td>L<\/td>\n<td>XL<\/td>\n<\/tr>\n<tr>\n<td>Radgr\u00f6\u00dfe (Zoll)<\/td>\n<td>29<\/td>\n<td>29<\/td>\n<td>29<\/td>\n<td>29<\/td>\n<\/tr>\n<tr>\n<td>Sitzrohr (mm)<\/td>\n<td>395<\/td>\n<td>430<\/td>\n<td>470<\/td>\n<td>520<\/td>\n<\/tr>\n<tr>\n<td>Oberrohr (mm)<\/td>\n<td>590<\/td>\n<td>610<\/td>\n<td>630<\/td>\n<td>650<\/td>\n<\/tr>\n<tr>\n<td>Kettenstreben (mm)<\/td>\n<td>430<\/td>\n<td>430<\/td>\n<td>430<\/td>\n<td>430<\/td>\n<\/tr>\n<tr>\n<td>Steuerrohrl\u00e4nge (mm)<\/td>\n<td>85<\/td>\n<td>90<\/td>\n<td>100<\/td>\n<td>115<\/td>\n<\/tr>\n<tr>\n<td>Steuerrohrwinkel (\u00b0)<\/td>\n<td>70<\/td>\n<td>70<\/td>\n<td>70<\/td>\n<td>70<\/td>\n<\/tr>\n<tr>\n<td>Sitzrohrwinkel (\u00b0)<\/td>\n<td>72<\/td>\n<td>72<\/td>\n<td>72<\/td>\n<td>72<\/td>\n<\/tr>\n<tr>\n<td>Radstand (mm)<\/td>\n<td>1086<\/td>\n<td>1106<\/td>\n<td>1127<\/td>\n<td>1148<\/td>\n<\/tr>\n<tr>\n<td>Stapel (mm)<\/td>\n<td>605<\/td>\n<td>610<\/td>\n<td>619<\/td>\n<td>632<\/td>\n<\/tr>\n<tr>\n<td>Reichweite (mm)<\/td>\n<td>411<\/td>\n<td>430<\/td>\n<td>447<\/td>\n<td>463<\/td>\n<\/tr>\n<\/tbody>\n<\/table>\n<\/div>\n<\/div>","protected":false},"excerpt":{"rendered":"<div class=\"col-lg-14 col-md-14 col-sm-14 col-xs-20\"><\/div>\n<div id=\"product-specifications-table\" class=\"col-lg-20 col-md-20 col-sm-20 col-xs-20\">\n<table class=\"table table-striped\">\n<tbody>\n<tr>\n<td class=\"spec-name\">Geschlecht<\/td>\n<td class=\"spec-value\">Herren<\/td>\n<\/tr>\n<tr>\n<td class=\"spec-name\">Gruppe<\/td>\n<td class=\"spec-value\">Sram NX\/SX Eagle 12S<\/td>\n<\/tr>\n<tr>\n<td class=\"spec-name\">collection<\/td>\n<td class=\"spec-value\">2022<\/td>\n<\/tr>\n<tr>\n<td class=\"spec-name\">decimal weight<\/td>\n<td class=\"spec-value\">11.30<\/td>\n<\/tr>\n<\/tbody>\n<\/table>\n<\/div>","protected":false},"featured_media":60592,"comment_status":"open","ping_status":"closed","template":"","meta":{"_rtcl_gb_attr":""},"product_brand":[],"product_cat":[783],"product_tag":[],"class_list":{"0":"post-11729","1":"product","2":"type-product","3":"status-publish","4":"has-post-thumbnail","6":"product_cat-accessories","7":"pa_marke-mondraker","9":"first","10":"instock","11":"sale","12":"taxable","13":"shipping-taxable","14":"purchasable","15":"product-type-variable"},"yoast_head":"<!-- This site is optimized with the Yoast SEO Premium plugin v20.12 (Yoast SEO v27.4) - https:\/\/yoast.com\/product\/yoast-seo-premium-wordpress\/ -->\n<title>MONDRAKER CHRONO CARBON HARDTAIL MTB WEISS 2022<\/title>\n<meta name=\"description\" content=\"Entdecken Sie unseren Online-Fahrradladen: Gro\u00dfe Auswahl an Modellen f\u00fcr alle Radsportbegeisterten. Von Rennr\u00e4dern bis zu Mountainbikes - finden Sie heute Ihren perfekten Wegbegleiter!\" \/>\n<meta name=\"robots\" content=\"index, follow, max-snippet:-1, max-image-preview:large, max-video-preview:-1\" \/>\n<link rel=\"canonical\" href=\"https:\/\/cioelectro.com\/en\/produkt\/mondraker-chrono-carbon-hardtail-mtb-weiss-2022\/\" \/>\n<meta property=\"og:locale\" content=\"en_US\" \/>\n<meta property=\"og:type\" content=\"article\" \/>\n<meta property=\"og:title\" content=\"MONDRAKER CHRONO CARBON HARDTAIL MTB WEISS 2022\" \/>\n<meta property=\"og:description\" content=\"Entdecken Sie unseren Online-Fahrradladen: Gro\u00dfe Auswahl an Modellen f\u00fcr alle Radsportbegeisterten. Von Rennr\u00e4dern bis zu Mountainbikes - finden Sie heute Ihren perfekten Wegbegleiter!\" \/>\n<meta property=\"og:url\" content=\"https:\/\/cioelectro.com\/en\/produkt\/mondraker-chrono-carbon-hardtail-mtb-weiss-2022\/\" \/>\n<meta property=\"og:site_name\" content=\"cioelectro.com\" \/>\n<meta property=\"article:modified_time\" content=\"2023-08-10T15:00:39+00:00\" \/>\n<meta property=\"og:image\" content=\"https:\/\/cioelectro.com\/wp-content\/uploads\/2023\/06\/MONDRAKER-CHRONO-CARBON-HARDTAIL-MTB-SRAM-NXSX-EAGLE-12S-29-WEISS-2022.jpg\" \/>\n\t<meta property=\"og:image:width\" content=\"600\" \/>\n\t<meta property=\"og:image:height\" content=\"408\" \/>\n\t<meta property=\"og:image:type\" content=\"image\/jpeg\" \/>\n<meta name=\"twitter:card\" content=\"summary_large_image\" \/>\n<meta name=\"twitter:label1\" content=\"Est. reading time\" \/>\n\t<meta name=\"twitter:data1\" content=\"3 minutes\" \/>\n<script type=\"application\/ld+json\" class=\"yoast-schema-graph\">{\"@context\":\"https:\\\/\\\/schema.org\",\"@graph\":[{\"@type\":\"WebPage\",\"@id\":\"https:\\\/\\\/cioelectro.com\\\/produkt\\\/mondraker-chrono-carbon-hardtail-mtb-weiss-2022\\\/\",\"url\":\"https:\\\/\\\/cioelectro.com\\\/produkt\\\/mondraker-chrono-carbon-hardtail-mtb-weiss-2022\\\/\",\"name\":\"MONDRAKER CHRONO CARBON HARDTAIL MTB WEISS 2022\",\"isPartOf\":{\"@id\":\"https:\\\/\\\/cioelectro.com\\\/#website\"},\"primaryImageOfPage\":{\"@id\":\"https:\\\/\\\/cioelectro.com\\\/produkt\\\/mondraker-chrono-carbon-hardtail-mtb-weiss-2022\\\/#primaryimage\"},\"image\":{\"@id\":\"https:\\\/\\\/cioelectro.com\\\/produkt\\\/mondraker-chrono-carbon-hardtail-mtb-weiss-2022\\\/#primaryimage\"},\"thumbnailUrl\":\"https:\\\/\\\/cioelectro.com\\\/wp-content\\\/uploads\\\/2023\\\/06\\\/MONDRAKER-CHRONO-CARBON-HARDTAIL-MTB-SRAM-NXSX-EAGLE-12S-29-WEISS-2022.jpg\",\"datePublished\":\"2022-07-29T12:40:36+00:00\",\"dateModified\":\"2023-08-10T15:00:39+00:00\",\"description\":\"Entdecken Sie unseren Online-Fahrradladen: Gro\u00dfe Auswahl an Modellen f\u00fcr alle Radsportbegeisterten. Von Rennr\u00e4dern bis zu Mountainbikes - finden Sie heute Ihren perfekten Wegbegleiter!\",\"breadcrumb\":{\"@id\":\"https:\\\/\\\/cioelectro.com\\\/produkt\\\/mondraker-chrono-carbon-hardtail-mtb-weiss-2022\\\/#breadcrumb\"},\"inLanguage\":\"en-US\",\"potentialAction\":[{\"@type\":\"ReadAction\",\"target\":[\"https:\\\/\\\/cioelectro.com\\\/produkt\\\/mondraker-chrono-carbon-hardtail-mtb-weiss-2022\\\/\"]}]},{\"@type\":\"ImageObject\",\"inLanguage\":\"en-US\",\"@id\":\"https:\\\/\\\/cioelectro.com\\\/produkt\\\/mondraker-chrono-carbon-hardtail-mtb-weiss-2022\\\/#primaryimage\",\"url\":\"https:\\\/\\\/cioelectro.com\\\/wp-content\\\/uploads\\\/2023\\\/06\\\/MONDRAKER-CHRONO-CARBON-HARDTAIL-MTB-SRAM-NXSX-EAGLE-12S-29-WEISS-2022.jpg\",\"contentUrl\":\"https:\\\/\\\/cioelectro.com\\\/wp-content\\\/uploads\\\/2023\\\/06\\\/MONDRAKER-CHRONO-CARBON-HARDTAIL-MTB-SRAM-NXSX-EAGLE-12S-29-WEISS-2022.jpg\",\"width\":600,\"height\":408,\"caption\":\"MONDRAKER CHRONO CARBON HARDTAIL MTB SRAM NXSX EAGLE 12S 29'' WEISS 2022 1\"},{\"@type\":\"BreadcrumbList\",\"@id\":\"https:\\\/\\\/cioelectro.com\\\/produkt\\\/mondraker-chrono-carbon-hardtail-mtb-weiss-2022\\\/#breadcrumb\",\"itemListElement\":[{\"@type\":\"ListItem\",\"position\":1,\"name\":\"Startseite\",\"item\":\"https:\\\/\\\/cioelectro.com\\\/\"},{\"@type\":\"ListItem\",\"position\":2,\"name\":\"LADEN\",\"item\":\"https:\\\/\\\/cioelectro.com\\\/laden\\\/\"},{\"@type\":\"ListItem\",\"position\":3,\"name\":\"MONDRAKER CHRONO CARBON HARDTAIL MTB WEISS 2022\"}]},{\"@type\":\"WebSite\",\"@id\":\"https:\\\/\\\/cioelectro.com\\\/#website\",\"url\":\"https:\\\/\\\/cioelectro.com\\\/\",\"name\":\"cioelectro.com\",\"description\":\"Treten Sie mit uns ins Abenteuer!\",\"publisher\":{\"@id\":\"https:\\\/\\\/cioelectro.com\\\/#organization\"},\"alternateName\":\"MEIN RADLADEN\",\"potentialAction\":[{\"@type\":\"SearchAction\",\"target\":{\"@type\":\"EntryPoint\",\"urlTemplate\":\"https:\\\/\\\/cioelectro.com\\\/?s={search_term_string}\"},\"query-input\":{\"@type\":\"PropertyValueSpecification\",\"valueRequired\":true,\"valueName\":\"search_term_string\"}}],\"inLanguage\":\"en-US\"},{\"@type\":\"Organization\",\"@id\":\"https:\\\/\\\/cioelectro.com\\\/#organization\",\"name\":\"CIOELECTRO\",\"alternateName\":\"MEIN RADLADEN\",\"url\":\"https:\\\/\\\/cioelectro.com\\\/\",\"logo\":{\"@type\":\"ImageObject\",\"inLanguage\":\"en-US\",\"@id\":\"https:\\\/\\\/cioelectro.com\\\/#\\\/schema\\\/logo\\\/image\\\/\",\"url\":\"https:\\\/\\\/cioelectro.com\\\/wp-content\\\/uploads\\\/2025\\\/12\\\/Logo-2-1200x800.png\",\"contentUrl\":\"https:\\\/\\\/cioelectro.com\\\/wp-content\\\/uploads\\\/2025\\\/12\\\/Logo-2-1200x800.png\",\"width\":1200,\"height\":800,\"caption\":\"CIOELECTRO\"},\"image\":{\"@id\":\"https:\\\/\\\/cioelectro.com\\\/#\\\/schema\\\/logo\\\/image\\\/\"}}]}<\/script>\n<!-- \/ Yoast SEO Premium plugin. -->","yoast_head_json":{"title":"MONDRAKER CHRONO CARBON HARDTAIL MTB WEISS 2022","description":"Entdecken Sie unseren Online-Fahrradladen: Gro\u00dfe Auswahl an Modellen f\u00fcr alle Radsportbegeisterten. Von Rennr\u00e4dern bis zu Mountainbikes - finden Sie heute Ihren perfekten Wegbegleiter!","robots":{"index":"index","follow":"follow","max-snippet":"max-snippet:-1","max-image-preview":"max-image-preview:large","max-video-preview":"max-video-preview:-1"},"canonical":"https:\/\/cioelectro.com\/en\/produkt\/mondraker-chrono-carbon-hardtail-mtb-weiss-2022\/","og_locale":"en_US","og_type":"article","og_title":"MONDRAKER CHRONO CARBON HARDTAIL MTB WEISS 2022","og_description":"Entdecken Sie unseren Online-Fahrradladen: Gro\u00dfe Auswahl an Modellen f\u00fcr alle Radsportbegeisterten. Von Rennr\u00e4dern bis zu Mountainbikes - finden Sie heute Ihren perfekten Wegbegleiter!","og_url":"https:\/\/cioelectro.com\/en\/produkt\/mondraker-chrono-carbon-hardtail-mtb-weiss-2022\/","og_site_name":"cioelectro.com","article_modified_time":"2023-08-10T15:00:39+00:00","og_image":[{"width":600,"height":408,"url":"https:\/\/cioelectro.com\/wp-content\/uploads\/2023\/06\/MONDRAKER-CHRONO-CARBON-HARDTAIL-MTB-SRAM-NXSX-EAGLE-12S-29-WEISS-2022.jpg","type":"image\/jpeg"}],"twitter_card":"summary_large_image","twitter_misc":{"Est. reading time":"3 minutes"},"schema":{"@context":"https:\/\/schema.org","@graph":[{"@type":"WebPage","@id":"https:\/\/cioelectro.com\/produkt\/mondraker-chrono-carbon-hardtail-mtb-weiss-2022\/","url":"https:\/\/cioelectro.com\/produkt\/mondraker-chrono-carbon-hardtail-mtb-weiss-2022\/","name":"MONDRAKER CHRONO CARBON HARDTAIL MTB WEISS 2022","isPartOf":{"@id":"https:\/\/cioelectro.com\/#website"},"primaryImageOfPage":{"@id":"https:\/\/cioelectro.com\/produkt\/mondraker-chrono-carbon-hardtail-mtb-weiss-2022\/#primaryimage"},"image":{"@id":"https:\/\/cioelectro.com\/produkt\/mondraker-chrono-carbon-hardtail-mtb-weiss-2022\/#primaryimage"},"thumbnailUrl":"https:\/\/cioelectro.com\/wp-content\/uploads\/2023\/06\/MONDRAKER-CHRONO-CARBON-HARDTAIL-MTB-SRAM-NXSX-EAGLE-12S-29-WEISS-2022.jpg","datePublished":"2022-07-29T12:40:36+00:00","dateModified":"2023-08-10T15:00:39+00:00","description":"Entdecken Sie unseren Online-Fahrradladen: Gro\u00dfe Auswahl an Modellen f\u00fcr alle Radsportbegeisterten. Von Rennr\u00e4dern bis zu Mountainbikes - finden Sie heute Ihren perfekten Wegbegleiter!","breadcrumb":{"@id":"https:\/\/cioelectro.com\/produkt\/mondraker-chrono-carbon-hardtail-mtb-weiss-2022\/#breadcrumb"},"inLanguage":"en-US","potentialAction":[{"@type":"ReadAction","target":["https:\/\/cioelectro.com\/produkt\/mondraker-chrono-carbon-hardtail-mtb-weiss-2022\/"]}]},{"@type":"ImageObject","inLanguage":"en-US","@id":"https:\/\/cioelectro.com\/produkt\/mondraker-chrono-carbon-hardtail-mtb-weiss-2022\/#primaryimage","url":"https:\/\/cioelectro.com\/wp-content\/uploads\/2023\/06\/MONDRAKER-CHRONO-CARBON-HARDTAIL-MTB-SRAM-NXSX-EAGLE-12S-29-WEISS-2022.jpg","contentUrl":"https:\/\/cioelectro.com\/wp-content\/uploads\/2023\/06\/MONDRAKER-CHRONO-CARBON-HARDTAIL-MTB-SRAM-NXSX-EAGLE-12S-29-WEISS-2022.jpg","width":600,"height":408,"caption":"MONDRAKER CHRONO CARBON HARDTAIL MTB SRAM NXSX EAGLE 12S 29'' WEISS 2022 1"},{"@type":"BreadcrumbList","@id":"https:\/\/cioelectro.com\/produkt\/mondraker-chrono-carbon-hardtail-mtb-weiss-2022\/#breadcrumb","itemListElement":[{"@type":"ListItem","position":1,"name":"Startseite","item":"https:\/\/cioelectro.com\/"},{"@type":"ListItem","position":2,"name":"LADEN","item":"https:\/\/cioelectro.com\/laden\/"},{"@type":"ListItem","position":3,"name":"MONDRAKER CHRONO CARBON HARDTAIL MTB WEISS 2022"}]},{"@type":"WebSite","@id":"https:\/\/cioelectro.com\/#website","url":"https:\/\/cioelectro.com\/","name":"cioelectro.com","description":"Treten Sie mit uns ins Abenteuer!","publisher":{"@id":"https:\/\/cioelectro.com\/#organization"},"alternateName":"MEIN RADLADEN","potentialAction":[{"@type":"SearchAction","target":{"@type":"EntryPoint","urlTemplate":"https:\/\/cioelectro.com\/?s={search_term_string}"},"query-input":{"@type":"PropertyValueSpecification","valueRequired":true,"valueName":"search_term_string"}}],"inLanguage":"en-US"},{"@type":"Organization","@id":"https:\/\/cioelectro.com\/#organization","name":"CIOELECTRO","alternateName":"MEIN RADLADEN","url":"https:\/\/cioelectro.com\/","logo":{"@type":"ImageObject","inLanguage":"en-US","@id":"https:\/\/cioelectro.com\/#\/schema\/logo\/image\/","url":"https:\/\/cioelectro.com\/wp-content\/uploads\/2025\/12\/Logo-2-1200x800.png","contentUrl":"https:\/\/cioelectro.com\/wp-content\/uploads\/2025\/12\/Logo-2-1200x800.png","width":1200,"height":800,"caption":"CIOELECTRO"},"image":{"@id":"https:\/\/cioelectro.com\/#\/schema\/logo\/image\/"}}]}},"_links":{"self":[{"href":"https:\/\/cioelectro.com\/en\/wp-json\/wp\/v2\/product\/11729","targetHints":{"allow":["GET"]}}],"collection":[{"href":"https:\/\/cioelectro.com\/en\/wp-json\/wp\/v2\/product"}],"about":[{"href":"https:\/\/cioelectro.com\/en\/wp-json\/wp\/v2\/types\/product"}],"replies":[{"embeddable":true,"href":"https:\/\/cioelectro.com\/en\/wp-json\/wp\/v2\/comments?post=11729"}],"version-history":[{"count":0,"href":"https:\/\/cioelectro.com\/en\/wp-json\/wp\/v2\/product\/11729\/revisions"}],"wp:featuredmedia":[{"embeddable":true,"href":"https:\/\/cioelectro.com\/en\/wp-json\/wp\/v2\/media\/60592"}],"wp:attachment":[{"href":"https:\/\/cioelectro.com\/en\/wp-json\/wp\/v2\/media?parent=11729"}],"wp:term":[{"taxonomy":"product_brand","embeddable":true,"href":"https:\/\/cioelectro.com\/en\/wp-json\/wp\/v2\/product_brand?post=11729"},{"taxonomy":"product_cat","embeddable":true,"href":"https:\/\/cioelectro.com\/en\/wp-json\/wp\/v2\/product_cat?post=11729"},{"taxonomy":"product_tag","embeddable":true,"href":"https:\/\/cioelectro.com\/en\/wp-json\/wp\/v2\/product_tag?post=11729"}],"curies":[{"name":"wp","href":"https:\/\/api.w.org\/{rel}","templated":true}]}}