{"id":11749,"date":"2022-07-29T15:01:59","date_gmt":"2022-07-29T13:01:59","guid":{"rendered":"https:\/\/meinradladen.com\/?post_type=product&#038;p=11749"},"modified":"2023-08-10T16:57:50","modified_gmt":"2023-08-10T14:57:50","slug":"ns-bikes-zircus-dirt-bike-purple","status":"publish","type":"product","link":"https:\/\/cioelectro.com\/en\/produkt\/ns-bikes-zircus-dirt-bike-purple\/","title":{"rendered":"NS BIKES ZIRCUS DIRT BIKE PURPLE"},"content":{"rendered":"<div id=\"product-header-order-name\" class=\"col-lg-20 col-md-20 col-sm-20 col-xs-20\">\n<h2 class=\"heading-title-text\">NS BIKES ZIRCUS DIRT BIKE PURPLE<\/h2>\n<\/div>\n<div id=\"product-header-order-form\" class=\"js-reload-on-event col-lg-20 col-md-20 col-sm-20 col-xs-20\" data-to-watch=\"body\" data-event=\"alltricks:cartChanged\" data-url=\"\/ajax\/product\/ajouter\/F-11947-velos-complets-vtt\/P-2216505-ns_bikes_zircus_dirt_bike_purple\">\n<p>Das\u00a0<strong>NS Bikes Zircus\u00a0<\/strong>Dirt Bike ist das perfekte Werkzeug, um Pumptrack zu meistern, Bunnuhops, Manuals, 180s und viele andere Tricks zu lernen. Das\u00a0<strong>Zircus<\/strong><\/p>\n<p>hat den gleichen starken, leichten Aluminiumrahmen wie die Movement-Linie und ist mit hochwertigen, aber dennoch erschwinglichen Komponenten ausgestattet. Es hat einen kompakten Antrieb, um Gewicht zu sparen und ihm einen professionellen Look zu verleihen. Eine optionale Kettenschaltung ist erh\u00e4ltlich, um bei Bedarf weitere G\u00e4nge hinzuzuf\u00fcgen.<\/p>\n<h4>HAUPTMERKMALE<\/h4>\n<ul>\n<li>Leichter und stabiler Aluminiumrahmen.<\/li>\n<li>Samox Kurbelgarnitur 170 mm, 26 Z\u00e4hne.<\/li>\n<li>RST Dirt T-Gabel mit 100 mm Federweg.<\/li>\n<\/ul>\n<h4>DETAILS<\/h4>\n<table class=\"table table-striped\">\n<tbody>\n<tr>\n<td>Rahmen<\/td>\n<td>Aluminium: NS Bikes 6061-T6 custom formed and butted tubes<\/td>\n<\/tr>\n<tr>\n<td>Gabel<\/td>\n<td>RST Dirt T, 100mm Federweg, 9mm Achse, 1&amp;1\/8&#8243; Gabelschaft<\/td>\n<\/tr>\n<tr>\n<td>Kette<\/td>\n<td>PYC-510H<\/td>\n<\/tr>\n<tr>\n<td>Kurbelgarnitur<\/td>\n<td>Samox 170mm 26t<\/td>\n<\/tr>\n<tr>\n<td>Bremsen<\/td>\n<td>F: Alhonga V-Bremse \/ R: Tektro MD-M280 Widder 160mm<\/td>\n<\/tr>\n<tr>\n<td>Laufr\u00e4der<\/td>\n<td>Jalco DBX 26&#8243;, NS Fundamental 26&#8243;, 32h<\/td>\n<\/tr>\n<tr>\n<td>Naben<\/td>\n<td>F: NS 100x9mm Bolt-on \/ R: NS 135x10mm Singlespeed, 10T Driver<\/td>\n<\/tr>\n<tr>\n<td>Bereifung<\/td>\n<td>Kenda Small Block 8 26&#215;2.1<\/td>\n<\/tr>\n<tr>\n<td>Lenker<\/td>\n<td>NS 31.8, 740mm, 30mm H\u00f6he<\/td>\n<\/tr>\n<tr>\n<td>Griffe<\/td>\n<td>NS Hold Fast Unlocked<\/td>\n<\/tr>\n<tr>\n<td>Vorbau<\/td>\n<td>NS Drop 31.8, 50mm, 10\u00b0 Winkel<\/td>\n<\/tr>\n<tr>\n<td>Steuersatz<\/td>\n<td>GW integrierter Tapered IS42\/IS52, gedichtete Lager<\/td>\n<\/tr>\n<tr>\n<td>Sattel<\/td>\n<td>Octane One fette Sattelst\u00fctzen-Kombination<\/td>\n<\/tr>\n<tr>\n<td>Sattelst\u00fctze<\/td>\n<td>Octane One Fett-Sattelst\u00fctzen-Kombination<\/td>\n<\/tr>\n<tr>\n<td>Gesamtgewicht<\/td>\n<td>12.3 kg<\/td>\n<\/tr>\n<\/tbody>\n<\/table>\n<h4>WELCHE GR\u00d6SSE BRAUCHEN SIE?<\/h4>\n<p>Die Wahl der richtigen Fahrradgr\u00f6\u00dfe h\u00e4ngt von der Art des Fahrrads, Ihrer K\u00f6rpergr\u00f6\u00dfe, Ihrem Fahrstil und Ihren Vorlieben ab. Ein gut sitzendes Fahrrad ist komfortabler, effizienter und macht mehr Spa\u00df zu fahren.<\/p>\n<p>Messen Sie sich genau<\/p>\n<p>Messen Sie zun\u00e4chst Ihre Gr\u00f6\u00dfe und verwenden Sie die Gr\u00f6\u00dfentabelle, die in jeder Produktbeschreibung verf\u00fcgbar ist.<\/p>\n<p>Was ist, wenn Sie zwischen zwei Fahrradgr\u00f6\u00dfen liegen?<\/p>\n<p>Wenn Sie sich an der Grenze zwischen zwei verschiedenen Fahrradgr\u00f6\u00dfen befinden, machen Sie sich keine Sorgen, Sie werden wahrscheinlich mit beiden Gr\u00f6\u00dfen einverstanden sein (anstatt zu denken, dass eine Gr\u00f6\u00dfe schrecklich sein wird und die andere passen wird). Das liegt daran, dass die Fahrr\u00e4der verstellbar sind: Die Sattelst\u00fctze kann nach oben und unten gleiten, der Sattel kann sich hin und her bewegen, und Sie k\u00f6nnen sogar Teile wie den Vorbau gegen andere Gr\u00f6\u00dfen austauschen, um das Fahrrad besser anzupassen.<\/p>\n<p>Zu entscheiden, ob Sie sich f\u00fcr einen gr\u00f6\u00dferen oder kleineren Rahmen entscheiden sollten, ist manchmal so einfach wie Ihre pers\u00f6nlichen Vorlieben, aber es gibt ein paar einfache M\u00f6glichkeiten, um festzustellen, welcher f\u00fcr Sie der richtige ist:<br \/>\nWenn Sie flexibel sind, bevorzugen Sie m\u00f6glicherweise ein k\u00fcrzeres Steuerrohr, sodass die kleinere Gr\u00f6\u00dfe m\u00f6glicherweise besser zu Ihnen passt. Sie k\u00f6nnen eine l\u00e4ngere Stange verwenden, um die Reichweite angenehmer zu gestalten.<br \/>\nBei einem gr\u00f6\u00dferen Fahrrad ist die Lenkerreichweite l\u00e4nger. Das bedeutet, dass Sie sich mit einem gr\u00f6\u00dferen Rahmen wohler f\u00fchlen, wenn Sie proportional l\u00e4ngere Arme haben.<\/p>\n<\/div>","protected":false},"excerpt":{"rendered":"<div class=\"col-lg-14 col-md-14 col-sm-14 col-xs-20\"><\/div>\n<div id=\"product-specifications-table\" class=\"col-lg-20 col-md-20 col-sm-20 col-xs-20\">\n<table class=\"table table-striped\">\n<tbody>\n<tr>\n<td class=\"spec-name\">Geschlecht<\/td>\n<td class=\"spec-value\">Herren<\/td>\n<\/tr>\n<tr>\n<td class=\"spec-name\">Gruppe<\/td>\n<td class=\"spec-value\">Single Speed<\/td>\n<\/tr>\n<tr>\n<td class=\"spec-name\">collection<\/td>\n<td class=\"spec-value\">2022<\/td>\n<\/tr>\n<tr>\n<td class=\"spec-name\">decimal weight<\/td>\n<td class=\"spec-value\">12.30<\/td>\n<\/tr>\n<\/tbody>\n<\/table>\n<\/div>","protected":false},"featured_media":60595,"comment_status":"open","ping_status":"closed","template":"","meta":{"_rtcl_gb_attr":""},"product_brand":[],"product_cat":[783],"product_tag":[],"class_list":{"0":"post-11749","1":"product","2":"type-product","3":"status-publish","4":"has-post-thumbnail","6":"product_cat-accessories","8":"first","9":"instock","10":"sale","11":"taxable","12":"shipping-taxable","13":"purchasable","14":"product-type-simple"},"yoast_head":"<!-- This site is optimized with the Yoast SEO Premium plugin v20.12 (Yoast SEO v27.4) - https:\/\/yoast.com\/product\/yoast-seo-premium-wordpress\/ -->\n<title>NS BIKES ZIRCUS DIRT BIKE PURPLE<\/title>\n<meta name=\"description\" content=\"Entdecken Sie unseren Online-Fahrradladen: Gro\u00dfe Auswahl an Modellen f\u00fcr alle Radsportbegeisterten. Von Rennr\u00e4dern bis zu Mountainbikes - finden Sie heute Ihren perfekten Wegbegleiter!\" \/>\n<meta name=\"robots\" content=\"index, follow, max-snippet:-1, max-image-preview:large, max-video-preview:-1\" \/>\n<link rel=\"canonical\" href=\"https:\/\/cioelectro.com\/en\/produkt\/ns-bikes-zircus-dirt-bike-purple\/\" \/>\n<meta property=\"og:locale\" content=\"en_US\" \/>\n<meta property=\"og:type\" content=\"article\" \/>\n<meta property=\"og:title\" content=\"NS BIKES ZIRCUS DIRT BIKE PURPLE\" \/>\n<meta property=\"og:description\" content=\"Entdecken Sie unseren Online-Fahrradladen: Gro\u00dfe Auswahl an Modellen f\u00fcr alle Radsportbegeisterten. Von Rennr\u00e4dern bis zu Mountainbikes - finden Sie heute Ihren perfekten Wegbegleiter!\" \/>\n<meta property=\"og:url\" content=\"https:\/\/cioelectro.com\/en\/produkt\/ns-bikes-zircus-dirt-bike-purple\/\" \/>\n<meta property=\"og:site_name\" content=\"cioelectro.com\" \/>\n<meta property=\"article:modified_time\" content=\"2023-08-10T14:57:50+00:00\" \/>\n<meta property=\"og:image\" content=\"https:\/\/cioelectro.com\/wp-content\/uploads\/2023\/06\/NS-BIKES-ZIRCUS-DIRT-BIKE-PURPLE-.jpg\" \/>\n\t<meta property=\"og:image:width\" content=\"600\" \/>\n\t<meta property=\"og:image:height\" content=\"408\" \/>\n\t<meta property=\"og:image:type\" content=\"image\/jpeg\" \/>\n<meta name=\"twitter:card\" content=\"summary_large_image\" \/>\n<meta name=\"twitter:label1\" content=\"Est. reading time\" \/>\n\t<meta name=\"twitter:data1\" content=\"3 minutes\" \/>\n<script type=\"application\/ld+json\" class=\"yoast-schema-graph\">{\"@context\":\"https:\\\/\\\/schema.org\",\"@graph\":[{\"@type\":\"WebPage\",\"@id\":\"https:\\\/\\\/cioelectro.com\\\/produkt\\\/ns-bikes-zircus-dirt-bike-purple\\\/\",\"url\":\"https:\\\/\\\/cioelectro.com\\\/produkt\\\/ns-bikes-zircus-dirt-bike-purple\\\/\",\"name\":\"NS BIKES ZIRCUS DIRT BIKE PURPLE\",\"isPartOf\":{\"@id\":\"https:\\\/\\\/cioelectro.com\\\/#website\"},\"primaryImageOfPage\":{\"@id\":\"https:\\\/\\\/cioelectro.com\\\/produkt\\\/ns-bikes-zircus-dirt-bike-purple\\\/#primaryimage\"},\"image\":{\"@id\":\"https:\\\/\\\/cioelectro.com\\\/produkt\\\/ns-bikes-zircus-dirt-bike-purple\\\/#primaryimage\"},\"thumbnailUrl\":\"https:\\\/\\\/cioelectro.com\\\/wp-content\\\/uploads\\\/2023\\\/06\\\/NS-BIKES-ZIRCUS-DIRT-BIKE-PURPLE-.jpg\",\"datePublished\":\"2022-07-29T13:01:59+00:00\",\"dateModified\":\"2023-08-10T14:57:50+00:00\",\"description\":\"Entdecken Sie unseren Online-Fahrradladen: Gro\u00dfe Auswahl an Modellen f\u00fcr alle Radsportbegeisterten. Von Rennr\u00e4dern bis zu Mountainbikes - finden Sie heute Ihren perfekten Wegbegleiter!\",\"breadcrumb\":{\"@id\":\"https:\\\/\\\/cioelectro.com\\\/produkt\\\/ns-bikes-zircus-dirt-bike-purple\\\/#breadcrumb\"},\"inLanguage\":\"en-US\",\"potentialAction\":[{\"@type\":\"ReadAction\",\"target\":[\"https:\\\/\\\/cioelectro.com\\\/produkt\\\/ns-bikes-zircus-dirt-bike-purple\\\/\"]}]},{\"@type\":\"ImageObject\",\"inLanguage\":\"en-US\",\"@id\":\"https:\\\/\\\/cioelectro.com\\\/produkt\\\/ns-bikes-zircus-dirt-bike-purple\\\/#primaryimage\",\"url\":\"https:\\\/\\\/cioelectro.com\\\/wp-content\\\/uploads\\\/2023\\\/06\\\/NS-BIKES-ZIRCUS-DIRT-BIKE-PURPLE-.jpg\",\"contentUrl\":\"https:\\\/\\\/cioelectro.com\\\/wp-content\\\/uploads\\\/2023\\\/06\\\/NS-BIKES-ZIRCUS-DIRT-BIKE-PURPLE-.jpg\",\"width\":600,\"height\":408,\"caption\":\"NS BIKES ZIRCUS DIRT BIKE PURPLE\"},{\"@type\":\"BreadcrumbList\",\"@id\":\"https:\\\/\\\/cioelectro.com\\\/produkt\\\/ns-bikes-zircus-dirt-bike-purple\\\/#breadcrumb\",\"itemListElement\":[{\"@type\":\"ListItem\",\"position\":1,\"name\":\"Startseite\",\"item\":\"https:\\\/\\\/cioelectro.com\\\/\"},{\"@type\":\"ListItem\",\"position\":2,\"name\":\"LADEN\",\"item\":\"https:\\\/\\\/cioelectro.com\\\/laden\\\/\"},{\"@type\":\"ListItem\",\"position\":3,\"name\":\"NS BIKES ZIRCUS DIRT BIKE PURPLE\"}]},{\"@type\":\"WebSite\",\"@id\":\"https:\\\/\\\/cioelectro.com\\\/#website\",\"url\":\"https:\\\/\\\/cioelectro.com\\\/\",\"name\":\"cioelectro.com\",\"description\":\"Treten Sie mit uns ins Abenteuer!\",\"publisher\":{\"@id\":\"https:\\\/\\\/cioelectro.com\\\/#organization\"},\"alternateName\":\"MEIN RADLADEN\",\"potentialAction\":[{\"@type\":\"SearchAction\",\"target\":{\"@type\":\"EntryPoint\",\"urlTemplate\":\"https:\\\/\\\/cioelectro.com\\\/?s={search_term_string}\"},\"query-input\":{\"@type\":\"PropertyValueSpecification\",\"valueRequired\":true,\"valueName\":\"search_term_string\"}}],\"inLanguage\":\"en-US\"},{\"@type\":\"Organization\",\"@id\":\"https:\\\/\\\/cioelectro.com\\\/#organization\",\"name\":\"CIOELECTRO\",\"alternateName\":\"MEIN RADLADEN\",\"url\":\"https:\\\/\\\/cioelectro.com\\\/\",\"logo\":{\"@type\":\"ImageObject\",\"inLanguage\":\"en-US\",\"@id\":\"https:\\\/\\\/cioelectro.com\\\/#\\\/schema\\\/logo\\\/image\\\/\",\"url\":\"https:\\\/\\\/cioelectro.com\\\/wp-content\\\/uploads\\\/2025\\\/12\\\/Logo-2-1200x800.png\",\"contentUrl\":\"https:\\\/\\\/cioelectro.com\\\/wp-content\\\/uploads\\\/2025\\\/12\\\/Logo-2-1200x800.png\",\"width\":1200,\"height\":800,\"caption\":\"CIOELECTRO\"},\"image\":{\"@id\":\"https:\\\/\\\/cioelectro.com\\\/#\\\/schema\\\/logo\\\/image\\\/\"}}]}<\/script>\n<!-- \/ Yoast SEO Premium plugin. -->","yoast_head_json":{"title":"NS BIKES ZIRCUS DIRT BIKE PURPLE","description":"Entdecken Sie unseren Online-Fahrradladen: Gro\u00dfe Auswahl an Modellen f\u00fcr alle Radsportbegeisterten. Von Rennr\u00e4dern bis zu Mountainbikes - finden Sie heute Ihren perfekten Wegbegleiter!","robots":{"index":"index","follow":"follow","max-snippet":"max-snippet:-1","max-image-preview":"max-image-preview:large","max-video-preview":"max-video-preview:-1"},"canonical":"https:\/\/cioelectro.com\/en\/produkt\/ns-bikes-zircus-dirt-bike-purple\/","og_locale":"en_US","og_type":"article","og_title":"NS BIKES ZIRCUS DIRT BIKE PURPLE","og_description":"Entdecken Sie unseren Online-Fahrradladen: Gro\u00dfe Auswahl an Modellen f\u00fcr alle Radsportbegeisterten. Von Rennr\u00e4dern bis zu Mountainbikes - finden Sie heute Ihren perfekten Wegbegleiter!","og_url":"https:\/\/cioelectro.com\/en\/produkt\/ns-bikes-zircus-dirt-bike-purple\/","og_site_name":"cioelectro.com","article_modified_time":"2023-08-10T14:57:50+00:00","og_image":[{"width":600,"height":408,"url":"https:\/\/cioelectro.com\/wp-content\/uploads\/2023\/06\/NS-BIKES-ZIRCUS-DIRT-BIKE-PURPLE-.jpg","type":"image\/jpeg"}],"twitter_card":"summary_large_image","twitter_misc":{"Est. reading time":"3 minutes"},"schema":{"@context":"https:\/\/schema.org","@graph":[{"@type":"WebPage","@id":"https:\/\/cioelectro.com\/produkt\/ns-bikes-zircus-dirt-bike-purple\/","url":"https:\/\/cioelectro.com\/produkt\/ns-bikes-zircus-dirt-bike-purple\/","name":"NS BIKES ZIRCUS DIRT BIKE PURPLE","isPartOf":{"@id":"https:\/\/cioelectro.com\/#website"},"primaryImageOfPage":{"@id":"https:\/\/cioelectro.com\/produkt\/ns-bikes-zircus-dirt-bike-purple\/#primaryimage"},"image":{"@id":"https:\/\/cioelectro.com\/produkt\/ns-bikes-zircus-dirt-bike-purple\/#primaryimage"},"thumbnailUrl":"https:\/\/cioelectro.com\/wp-content\/uploads\/2023\/06\/NS-BIKES-ZIRCUS-DIRT-BIKE-PURPLE-.jpg","datePublished":"2022-07-29T13:01:59+00:00","dateModified":"2023-08-10T14:57:50+00:00","description":"Entdecken Sie unseren Online-Fahrradladen: Gro\u00dfe Auswahl an Modellen f\u00fcr alle Radsportbegeisterten. Von Rennr\u00e4dern bis zu Mountainbikes - finden Sie heute Ihren perfekten Wegbegleiter!","breadcrumb":{"@id":"https:\/\/cioelectro.com\/produkt\/ns-bikes-zircus-dirt-bike-purple\/#breadcrumb"},"inLanguage":"en-US","potentialAction":[{"@type":"ReadAction","target":["https:\/\/cioelectro.com\/produkt\/ns-bikes-zircus-dirt-bike-purple\/"]}]},{"@type":"ImageObject","inLanguage":"en-US","@id":"https:\/\/cioelectro.com\/produkt\/ns-bikes-zircus-dirt-bike-purple\/#primaryimage","url":"https:\/\/cioelectro.com\/wp-content\/uploads\/2023\/06\/NS-BIKES-ZIRCUS-DIRT-BIKE-PURPLE-.jpg","contentUrl":"https:\/\/cioelectro.com\/wp-content\/uploads\/2023\/06\/NS-BIKES-ZIRCUS-DIRT-BIKE-PURPLE-.jpg","width":600,"height":408,"caption":"NS BIKES ZIRCUS DIRT BIKE PURPLE"},{"@type":"BreadcrumbList","@id":"https:\/\/cioelectro.com\/produkt\/ns-bikes-zircus-dirt-bike-purple\/#breadcrumb","itemListElement":[{"@type":"ListItem","position":1,"name":"Startseite","item":"https:\/\/cioelectro.com\/"},{"@type":"ListItem","position":2,"name":"LADEN","item":"https:\/\/cioelectro.com\/laden\/"},{"@type":"ListItem","position":3,"name":"NS BIKES ZIRCUS DIRT BIKE PURPLE"}]},{"@type":"WebSite","@id":"https:\/\/cioelectro.com\/#website","url":"https:\/\/cioelectro.com\/","name":"cioelectro.com","description":"Treten Sie mit uns ins Abenteuer!","publisher":{"@id":"https:\/\/cioelectro.com\/#organization"},"alternateName":"MEIN RADLADEN","potentialAction":[{"@type":"SearchAction","target":{"@type":"EntryPoint","urlTemplate":"https:\/\/cioelectro.com\/?s={search_term_string}"},"query-input":{"@type":"PropertyValueSpecification","valueRequired":true,"valueName":"search_term_string"}}],"inLanguage":"en-US"},{"@type":"Organization","@id":"https:\/\/cioelectro.com\/#organization","name":"CIOELECTRO","alternateName":"MEIN RADLADEN","url":"https:\/\/cioelectro.com\/","logo":{"@type":"ImageObject","inLanguage":"en-US","@id":"https:\/\/cioelectro.com\/#\/schema\/logo\/image\/","url":"https:\/\/cioelectro.com\/wp-content\/uploads\/2025\/12\/Logo-2-1200x800.png","contentUrl":"https:\/\/cioelectro.com\/wp-content\/uploads\/2025\/12\/Logo-2-1200x800.png","width":1200,"height":800,"caption":"CIOELECTRO"},"image":{"@id":"https:\/\/cioelectro.com\/#\/schema\/logo\/image\/"}}]}},"_links":{"self":[{"href":"https:\/\/cioelectro.com\/en\/wp-json\/wp\/v2\/product\/11749","targetHints":{"allow":["GET"]}}],"collection":[{"href":"https:\/\/cioelectro.com\/en\/wp-json\/wp\/v2\/product"}],"about":[{"href":"https:\/\/cioelectro.com\/en\/wp-json\/wp\/v2\/types\/product"}],"replies":[{"embeddable":true,"href":"https:\/\/cioelectro.com\/en\/wp-json\/wp\/v2\/comments?post=11749"}],"version-history":[{"count":0,"href":"https:\/\/cioelectro.com\/en\/wp-json\/wp\/v2\/product\/11749\/revisions"}],"wp:featuredmedia":[{"embeddable":true,"href":"https:\/\/cioelectro.com\/en\/wp-json\/wp\/v2\/media\/60595"}],"wp:attachment":[{"href":"https:\/\/cioelectro.com\/en\/wp-json\/wp\/v2\/media?parent=11749"}],"wp:term":[{"taxonomy":"product_brand","embeddable":true,"href":"https:\/\/cioelectro.com\/en\/wp-json\/wp\/v2\/product_brand?post=11749"},{"taxonomy":"product_cat","embeddable":true,"href":"https:\/\/cioelectro.com\/en\/wp-json\/wp\/v2\/product_cat?post=11749"},{"taxonomy":"product_tag","embeddable":true,"href":"https:\/\/cioelectro.com\/en\/wp-json\/wp\/v2\/product_tag?post=11749"}],"curies":[{"name":"wp","href":"https:\/\/api.w.org\/{rel}","templated":true}]}}