{"id":11948,"date":"2022-08-03T15:28:35","date_gmt":"2022-08-03T13:28:35","guid":{"rendered":"https:\/\/meinradladen.com\/?post_type=product&#038;p=11948"},"modified":"2023-08-10T16:44:03","modified_gmt":"2023-08-10T14:44:03","slug":"bh-core-29-pro-shimano-slx-xt-grau-schwarz-2022","status":"publish","type":"product","link":"https:\/\/cioelectro.com\/en\/produkt\/bh-core-29-pro-shimano-slx-xt-grau-schwarz-2022\/","title":{"rendered":"BH CORE 29 PRO SHIMANO SLX XT GRAU \/ SCHWARZ 2022"},"content":{"rendered":"<div id=\"product-header-order-name\" class=\"col-lg-20 col-md-20 col-sm-20 col-xs-20\">\n<h2 class=\"heading-title-text\">ELEKTRO-MOUNTAINBIKE SEMI-RIGID BH CORE 29 PRO SHIMANO SLX XT 12V 720 WH 29&#8221; GRAU \/ SCHWARZ 2022<\/h2>\n<div class=\"col col-sm-12 col-md-12 col-lg-12\">\n<p>Das\u00a0<strong>Core 29 pro<\/strong>\u00a0ist das ideale Fahrrad, wenn Sie ein Elektrofahrrad, die \u00c4sthetik und die Geometrie eines klassischen Fahrrads und einen optimierten Q-Faktor von 163 mm suchen. Das Unterrohr der Core-Elektrofahrr\u00e4der beherbergt einen Akku mit einer Kapazit\u00e4t von 720 Wh und einer Reichweite von bis zu 165 km.<br \/>\nOptisch verst\u00e4rken die Linien des Core-Rahmens die minimalistischen Z\u00fcge und die sorgf\u00e4ltige und klare \u00c4sthetik des Fahrrads. So entsteht eine einfache und minimalistische Integration der elektrischen Elemente in die spezifischen Komponenten der klassischen Fahrr\u00e4der, die man auf der Stra\u00dfe und im Gravel-Bereich findet.<\/p>\n<p>Der Motor der\u00a0<strong>Core-Elektrofahrr\u00e4der<\/strong>\u00a0bietet unbestreitbare Vorteile: er ist leise, kompakt, leicht und leistungsstark. Da er in den Rahmen integriert ist, ist seine optische Wirkung minimal; sein niedriger Schwerpunkt, der von zwei Seitengeh\u00e4usen gesch\u00fctzt wird, garantiert eine isolierende und wasserdichte Versiegelung.<\/p>\n<\/div>\n<div class=\"prodsheet_bullets col col-sm-8 col-md-8 col-lg-8\">\n<h4>DIE + PRODUKTE :<\/h4>\n<ul>\n<li>MTB-Rahmen aus Aluminium.<\/li>\n<li>Shimano SLX XT 1&#215;12-Gang Schaltung.<\/li>\n<li>Hydraulische Scheibenbremsen Shimano MT520 4 Piston 203\/203 mm<\/li>\n<li>BH-Motor mit 720-Wh-Akku f\u00fcr eine Reichweite von bis zu 165 km.<\/li>\n<\/ul>\n<\/div>\n<div class=\"prodsheet_specs1 col col-sm-12 col-md-12 col-lg-12\">\n<h4>DETAILS :<\/h4>\n<table class=\"table table-striped\">\n<tbody>\n<tr>\n<td>Rahmen<\/td>\n<td>Aluminium: MTB Alloy 29&#8243; Internal Cable Routing<\/td>\n<\/tr>\n<tr>\n<td>Gabel<\/td>\n<td>FOX 32 FLOAT Rhythm Rem 100mm 15QR<\/td>\n<\/tr>\n<tr>\n<td>Motor<\/td>\n<td>BH 2ESMAG<\/td>\n<\/tr>\n<tr>\n<td>Akku<\/td>\n<td>720Wh<\/td>\n<\/tr>\n<tr>\n<td>Bildschirm<\/td>\n<td>BH X Display<\/td>\n<\/tr>\n<tr>\n<td>Satz f\u00fcr die Lenkung<\/td>\n<td>Acros AIF-546 ICR BL<\/td>\n<\/tr>\n<tr>\n<td>Vorbau<\/td>\n<td>BH Lite Ahead<\/td>\n<\/tr>\n<tr>\n<td>Lenker<\/td>\n<td>BH MTB SLite Alloy Flat 780 mm<\/td>\n<\/tr>\n<tr>\n<td>Griffe<\/td>\n<td>Ergon GE1-Factory<\/td>\n<\/tr>\n<tr>\n<td>Schalthebel<\/td>\n<td>Shimano SLX 1&#215;12-Gang<\/td>\n<\/tr>\n<tr>\n<td>Schaltwerk hinten<\/td>\n<td>Shimano XT 12-Gang<\/td>\n<\/tr>\n<tr>\n<td>Tretlager<\/td>\n<td>FSA 34 Z\u00e4hne &#8211; 170 mm<\/td>\n<\/tr>\n<tr>\n<td>Kette<\/td>\n<td>Shimano CNM6100<\/td>\n<\/tr>\n<tr>\n<td>Kassette<\/td>\n<td>Shimano CSM7100, 10-51 Z\u00e4hne<\/td>\n<\/tr>\n<tr>\n<td>Bremsen<\/td>\n<td>Shimano MT520 4 Piston 203\/203 mm<\/td>\n<\/tr>\n<tr>\n<td>Sattel<\/td>\n<td>Prologo Scratch M5 Stn<\/td>\n<\/tr>\n<tr>\n<td>Sattelst\u00fctze<\/td>\n<td>SLite Alloy 27,2<\/td>\n<\/tr>\n<tr>\n<td>Laufr\u00e4der<\/td>\n<td>Alexrims EXR25 TR<\/td>\n<\/tr>\n<tr>\n<td>Reifen<\/td>\n<td>Maxxis Ikon TPI60 Wire 29X2,2<\/td>\n<\/tr>\n<tr>\n<td>Gewicht<\/td>\n<td>&#8212;<\/td>\n<\/tr>\n<tr>\n<td>Farben<\/td>\n<td>Grey Dark<\/td>\n<\/tr>\n<\/tbody>\n<\/table>\n<\/div>\n<div class=\"prodsheet_specs2 col col-sm-8 col-md-8 col-lg-8\">\n<h4>GEOMETRIEN:<\/h4>\n<p><img decoding=\"async\" src=\"http:\/\/media1.alltricks.fr\/ckfinder\/images\/hardtail_fr.jpg\" \/><\/p>\n<table class=\"table table-striped\">\n<tbody>\n<tr>\n<td>Rahmengr\u00f6\u00dfe<\/td>\n<td>S<\/td>\n<td>M<\/td>\n<td>L<\/td>\n<\/tr>\n<tr>\n<td>Sattelrohr (mm)<\/td>\n<td>400<\/td>\n<td>450<\/td>\n<td>500<\/td>\n<\/tr>\n<tr>\n<td>Oberrohr (mm)<\/td>\n<td>585<\/td>\n<td>602<\/td>\n<td>526<\/td>\n<\/tr>\n<tr>\n<td>L\u00e4nge Basis (mm)<\/td>\n<td>470<\/td>\n<td>470<\/td>\n<td>470<\/td>\n<\/tr>\n<tr>\n<td>Lenkh\u00fclse (mm)<\/td>\n<td>110<\/td>\n<td>120<\/td>\n<td>130<\/td>\n<\/tr>\n<tr>\n<td>Lenkwinkel (\u00b0)<\/td>\n<td>69<\/td>\n<td>69<\/td>\n<td>69<\/td>\n<\/tr>\n<tr>\n<td>Winkel Sattelrohr (\u00b0)<\/td>\n<td>74<\/td>\n<td>74<\/td>\n<td>74<\/td>\n<\/tr>\n<tr>\n<td>Radstand (mm)<\/td>\n<td>680<\/td>\n<td>698<\/td>\n<td>723<\/td>\n<\/tr>\n<tr>\n<td>Stack (mm)<\/td>\n<td>626<\/td>\n<td>635<\/td>\n<td>645<\/td>\n<\/tr>\n<tr>\n<td>Reach (mm)<\/td>\n<td>405<\/td>\n<td>419<\/td>\n<td>441<\/td>\n<\/tr>\n<\/tbody>\n<\/table>\n<\/div>\n<\/div>\n<div id=\"product-header-order-form\" class=\"js-reload-on-event col-lg-20 col-md-20 col-sm-20 col-xs-20\" data-to-watch=\"body\" data-event=\"alltricks:cartChanged\" data-url=\"\/ajax\/product\/ajouter\/F-11947-velos-complets-vtt\/P-2168753-elektro_mountainbike_semi_rigid_bh_core_29_pro_shimano_slx_xt_12v_720_wh_29___grau___schwarz_2022\"><\/div>","protected":false},"excerpt":{"rendered":"<div class=\"col-lg-14 col-md-14 col-sm-14 col-xs-20\"><\/div>\n<div id=\"product-specifications-table\" class=\"col-lg-20 col-md-20 col-sm-20 col-xs-20\">\n<table class=\"table table-striped\">\n<tbody>\n<tr>\n<td class=\"spec-name\">Geschlecht<\/td>\n<td class=\"spec-value\">Herren<\/td>\n<\/tr>\n<tr>\n<td class=\"spec-name\">Gruppe<\/td>\n<td class=\"spec-value\">Shimano SLX XT 12S<\/td>\n<\/tr>\n<tr>\n<td class=\"spec-name\">collection<\/td>\n<td class=\"spec-value\">2022<\/td>\n<\/tr>\n<\/tbody>\n<\/table>\n<\/div>","protected":false},"featured_media":60629,"comment_status":"open","ping_status":"closed","template":"","meta":{"_rtcl_gb_attr":""},"product_brand":[],"product_cat":[783],"product_tag":[],"class_list":{"0":"post-11948","1":"product","2":"type-product","3":"status-publish","4":"has-post-thumbnail","6":"product_cat-accessories","7":"pa_marke-bh","9":"first","10":"instock","11":"sale","12":"taxable","13":"shipping-taxable","14":"purchasable","15":"product-type-variable"},"yoast_head":"<!-- This site is optimized with the Yoast SEO Premium plugin v20.12 (Yoast SEO v27.4) - https:\/\/yoast.com\/product\/yoast-seo-premium-wordpress\/ -->\n<title>BH CORE 29 PRO SHIMANO SLX XT GRAU \/ SCHWARZ 2022<\/title>\n<meta name=\"description\" content=\"Entdecken Sie unseren Online-Fahrradladen: Gro\u00dfe Auswahl an Modellen f\u00fcr alle Radsportbegeisterten. Von Rennr\u00e4dern bis zu Mountainbikes - finden Sie heute Ihren perfekten Wegbegleiter!\" \/>\n<meta name=\"robots\" content=\"index, follow, max-snippet:-1, max-image-preview:large, max-video-preview:-1\" \/>\n<link rel=\"canonical\" href=\"https:\/\/cioelectro.com\/en\/produkt\/bh-core-29-pro-shimano-slx-xt-grau-schwarz-2022\/\" \/>\n<meta property=\"og:locale\" content=\"en_US\" \/>\n<meta property=\"og:type\" content=\"article\" \/>\n<meta property=\"og:title\" content=\"BH CORE 29 PRO SHIMANO SLX XT GRAU \/ SCHWARZ 2022\" \/>\n<meta property=\"og:description\" content=\"Entdecken Sie unseren Online-Fahrradladen: Gro\u00dfe Auswahl an Modellen f\u00fcr alle Radsportbegeisterten. Von Rennr\u00e4dern bis zu Mountainbikes - finden Sie heute Ihren perfekten Wegbegleiter!\" \/>\n<meta property=\"og:url\" content=\"https:\/\/cioelectro.com\/en\/produkt\/bh-core-29-pro-shimano-slx-xt-grau-schwarz-2022\/\" \/>\n<meta property=\"og:site_name\" content=\"cioelectro.com\" \/>\n<meta property=\"article:modified_time\" content=\"2023-08-10T14:44:03+00:00\" \/>\n<meta property=\"og:image\" content=\"https:\/\/cioelectro.com\/wp-content\/uploads\/2023\/06\/ELEKTRO-MOUNTAINBIKE-SEMI-RIGID-BH-CORE-29-PRO-SHIMANO-SLX-XT-12V-720-WH-29-GRAU-SCHWARZ-2022.jpg\" \/>\n\t<meta property=\"og:image:width\" content=\"600\" \/>\n\t<meta property=\"og:image:height\" content=\"408\" \/>\n\t<meta property=\"og:image:type\" content=\"image\/jpeg\" \/>\n<meta name=\"twitter:card\" content=\"summary_large_image\" \/>\n<meta name=\"twitter:label1\" content=\"Est. reading time\" \/>\n\t<meta name=\"twitter:data1\" content=\"3 minutes\" \/>\n<script type=\"application\/ld+json\" class=\"yoast-schema-graph\">{\"@context\":\"https:\\\/\\\/schema.org\",\"@graph\":[{\"@type\":\"WebPage\",\"@id\":\"https:\\\/\\\/cioelectro.com\\\/produkt\\\/bh-core-29-pro-shimano-slx-xt-grau-schwarz-2022\\\/\",\"url\":\"https:\\\/\\\/cioelectro.com\\\/produkt\\\/bh-core-29-pro-shimano-slx-xt-grau-schwarz-2022\\\/\",\"name\":\"BH CORE 29 PRO SHIMANO SLX XT GRAU \\\/ SCHWARZ 2022\",\"isPartOf\":{\"@id\":\"https:\\\/\\\/cioelectro.com\\\/#website\"},\"primaryImageOfPage\":{\"@id\":\"https:\\\/\\\/cioelectro.com\\\/produkt\\\/bh-core-29-pro-shimano-slx-xt-grau-schwarz-2022\\\/#primaryimage\"},\"image\":{\"@id\":\"https:\\\/\\\/cioelectro.com\\\/produkt\\\/bh-core-29-pro-shimano-slx-xt-grau-schwarz-2022\\\/#primaryimage\"},\"thumbnailUrl\":\"https:\\\/\\\/cioelectro.com\\\/wp-content\\\/uploads\\\/2023\\\/06\\\/ELEKTRO-MOUNTAINBIKE-SEMI-RIGID-BH-CORE-29-PRO-SHIMANO-SLX-XT-12V-720-WH-29-GRAU-SCHWARZ-2022.jpg\",\"datePublished\":\"2022-08-03T13:28:35+00:00\",\"dateModified\":\"2023-08-10T14:44:03+00:00\",\"description\":\"Entdecken Sie unseren Online-Fahrradladen: Gro\u00dfe Auswahl an Modellen f\u00fcr alle Radsportbegeisterten. Von Rennr\u00e4dern bis zu Mountainbikes - finden Sie heute Ihren perfekten Wegbegleiter!\",\"breadcrumb\":{\"@id\":\"https:\\\/\\\/cioelectro.com\\\/produkt\\\/bh-core-29-pro-shimano-slx-xt-grau-schwarz-2022\\\/#breadcrumb\"},\"inLanguage\":\"en-US\",\"potentialAction\":[{\"@type\":\"ReadAction\",\"target\":[\"https:\\\/\\\/cioelectro.com\\\/produkt\\\/bh-core-29-pro-shimano-slx-xt-grau-schwarz-2022\\\/\"]}]},{\"@type\":\"ImageObject\",\"inLanguage\":\"en-US\",\"@id\":\"https:\\\/\\\/cioelectro.com\\\/produkt\\\/bh-core-29-pro-shimano-slx-xt-grau-schwarz-2022\\\/#primaryimage\",\"url\":\"https:\\\/\\\/cioelectro.com\\\/wp-content\\\/uploads\\\/2023\\\/06\\\/ELEKTRO-MOUNTAINBIKE-SEMI-RIGID-BH-CORE-29-PRO-SHIMANO-SLX-XT-12V-720-WH-29-GRAU-SCHWARZ-2022.jpg\",\"contentUrl\":\"https:\\\/\\\/cioelectro.com\\\/wp-content\\\/uploads\\\/2023\\\/06\\\/ELEKTRO-MOUNTAINBIKE-SEMI-RIGID-BH-CORE-29-PRO-SHIMANO-SLX-XT-12V-720-WH-29-GRAU-SCHWARZ-2022.jpg\",\"width\":600,\"height\":408,\"caption\":\"ELEKTRO-MOUNTAINBIKE SEMI-RIGID BH CORE 29 PRO SHIMANO SLX XT 12V 720 WH 29'' GRAU SCHWARZ 2022\"},{\"@type\":\"BreadcrumbList\",\"@id\":\"https:\\\/\\\/cioelectro.com\\\/produkt\\\/bh-core-29-pro-shimano-slx-xt-grau-schwarz-2022\\\/#breadcrumb\",\"itemListElement\":[{\"@type\":\"ListItem\",\"position\":1,\"name\":\"Startseite\",\"item\":\"https:\\\/\\\/cioelectro.com\\\/\"},{\"@type\":\"ListItem\",\"position\":2,\"name\":\"LADEN\",\"item\":\"https:\\\/\\\/cioelectro.com\\\/laden\\\/\"},{\"@type\":\"ListItem\",\"position\":3,\"name\":\"BH CORE 29 PRO SHIMANO SLX XT GRAU \\\/ SCHWARZ 2022\"}]},{\"@type\":\"WebSite\",\"@id\":\"https:\\\/\\\/cioelectro.com\\\/#website\",\"url\":\"https:\\\/\\\/cioelectro.com\\\/\",\"name\":\"cioelectro.com\",\"description\":\"Treten Sie mit uns ins Abenteuer!\",\"publisher\":{\"@id\":\"https:\\\/\\\/cioelectro.com\\\/#organization\"},\"alternateName\":\"MEIN RADLADEN\",\"potentialAction\":[{\"@type\":\"SearchAction\",\"target\":{\"@type\":\"EntryPoint\",\"urlTemplate\":\"https:\\\/\\\/cioelectro.com\\\/?s={search_term_string}\"},\"query-input\":{\"@type\":\"PropertyValueSpecification\",\"valueRequired\":true,\"valueName\":\"search_term_string\"}}],\"inLanguage\":\"en-US\"},{\"@type\":\"Organization\",\"@id\":\"https:\\\/\\\/cioelectro.com\\\/#organization\",\"name\":\"CIOELECTRO\",\"alternateName\":\"MEIN RADLADEN\",\"url\":\"https:\\\/\\\/cioelectro.com\\\/\",\"logo\":{\"@type\":\"ImageObject\",\"inLanguage\":\"en-US\",\"@id\":\"https:\\\/\\\/cioelectro.com\\\/#\\\/schema\\\/logo\\\/image\\\/\",\"url\":\"https:\\\/\\\/cioelectro.com\\\/wp-content\\\/uploads\\\/2025\\\/12\\\/Logo-2-1200x800.png\",\"contentUrl\":\"https:\\\/\\\/cioelectro.com\\\/wp-content\\\/uploads\\\/2025\\\/12\\\/Logo-2-1200x800.png\",\"width\":1200,\"height\":800,\"caption\":\"CIOELECTRO\"},\"image\":{\"@id\":\"https:\\\/\\\/cioelectro.com\\\/#\\\/schema\\\/logo\\\/image\\\/\"}}]}<\/script>\n<!-- \/ Yoast SEO Premium plugin. -->","yoast_head_json":{"title":"BH CORE 29 PRO SHIMANO SLX XT GRAU \/ SCHWARZ 2022","description":"Entdecken Sie unseren Online-Fahrradladen: Gro\u00dfe Auswahl an Modellen f\u00fcr alle Radsportbegeisterten. Von Rennr\u00e4dern bis zu Mountainbikes - finden Sie heute Ihren perfekten Wegbegleiter!","robots":{"index":"index","follow":"follow","max-snippet":"max-snippet:-1","max-image-preview":"max-image-preview:large","max-video-preview":"max-video-preview:-1"},"canonical":"https:\/\/cioelectro.com\/en\/produkt\/bh-core-29-pro-shimano-slx-xt-grau-schwarz-2022\/","og_locale":"en_US","og_type":"article","og_title":"BH CORE 29 PRO SHIMANO SLX XT GRAU \/ SCHWARZ 2022","og_description":"Entdecken Sie unseren Online-Fahrradladen: Gro\u00dfe Auswahl an Modellen f\u00fcr alle Radsportbegeisterten. Von Rennr\u00e4dern bis zu Mountainbikes - finden Sie heute Ihren perfekten Wegbegleiter!","og_url":"https:\/\/cioelectro.com\/en\/produkt\/bh-core-29-pro-shimano-slx-xt-grau-schwarz-2022\/","og_site_name":"cioelectro.com","article_modified_time":"2023-08-10T14:44:03+00:00","og_image":[{"width":600,"height":408,"url":"https:\/\/cioelectro.com\/wp-content\/uploads\/2023\/06\/ELEKTRO-MOUNTAINBIKE-SEMI-RIGID-BH-CORE-29-PRO-SHIMANO-SLX-XT-12V-720-WH-29-GRAU-SCHWARZ-2022.jpg","type":"image\/jpeg"}],"twitter_card":"summary_large_image","twitter_misc":{"Est. reading time":"3 minutes"},"schema":{"@context":"https:\/\/schema.org","@graph":[{"@type":"WebPage","@id":"https:\/\/cioelectro.com\/produkt\/bh-core-29-pro-shimano-slx-xt-grau-schwarz-2022\/","url":"https:\/\/cioelectro.com\/produkt\/bh-core-29-pro-shimano-slx-xt-grau-schwarz-2022\/","name":"BH CORE 29 PRO SHIMANO SLX XT GRAU \/ SCHWARZ 2022","isPartOf":{"@id":"https:\/\/cioelectro.com\/#website"},"primaryImageOfPage":{"@id":"https:\/\/cioelectro.com\/produkt\/bh-core-29-pro-shimano-slx-xt-grau-schwarz-2022\/#primaryimage"},"image":{"@id":"https:\/\/cioelectro.com\/produkt\/bh-core-29-pro-shimano-slx-xt-grau-schwarz-2022\/#primaryimage"},"thumbnailUrl":"https:\/\/cioelectro.com\/wp-content\/uploads\/2023\/06\/ELEKTRO-MOUNTAINBIKE-SEMI-RIGID-BH-CORE-29-PRO-SHIMANO-SLX-XT-12V-720-WH-29-GRAU-SCHWARZ-2022.jpg","datePublished":"2022-08-03T13:28:35+00:00","dateModified":"2023-08-10T14:44:03+00:00","description":"Entdecken Sie unseren Online-Fahrradladen: Gro\u00dfe Auswahl an Modellen f\u00fcr alle Radsportbegeisterten. Von Rennr\u00e4dern bis zu Mountainbikes - finden Sie heute Ihren perfekten Wegbegleiter!","breadcrumb":{"@id":"https:\/\/cioelectro.com\/produkt\/bh-core-29-pro-shimano-slx-xt-grau-schwarz-2022\/#breadcrumb"},"inLanguage":"en-US","potentialAction":[{"@type":"ReadAction","target":["https:\/\/cioelectro.com\/produkt\/bh-core-29-pro-shimano-slx-xt-grau-schwarz-2022\/"]}]},{"@type":"ImageObject","inLanguage":"en-US","@id":"https:\/\/cioelectro.com\/produkt\/bh-core-29-pro-shimano-slx-xt-grau-schwarz-2022\/#primaryimage","url":"https:\/\/cioelectro.com\/wp-content\/uploads\/2023\/06\/ELEKTRO-MOUNTAINBIKE-SEMI-RIGID-BH-CORE-29-PRO-SHIMANO-SLX-XT-12V-720-WH-29-GRAU-SCHWARZ-2022.jpg","contentUrl":"https:\/\/cioelectro.com\/wp-content\/uploads\/2023\/06\/ELEKTRO-MOUNTAINBIKE-SEMI-RIGID-BH-CORE-29-PRO-SHIMANO-SLX-XT-12V-720-WH-29-GRAU-SCHWARZ-2022.jpg","width":600,"height":408,"caption":"ELEKTRO-MOUNTAINBIKE SEMI-RIGID BH CORE 29 PRO SHIMANO SLX XT 12V 720 WH 29'' GRAU SCHWARZ 2022"},{"@type":"BreadcrumbList","@id":"https:\/\/cioelectro.com\/produkt\/bh-core-29-pro-shimano-slx-xt-grau-schwarz-2022\/#breadcrumb","itemListElement":[{"@type":"ListItem","position":1,"name":"Startseite","item":"https:\/\/cioelectro.com\/"},{"@type":"ListItem","position":2,"name":"LADEN","item":"https:\/\/cioelectro.com\/laden\/"},{"@type":"ListItem","position":3,"name":"BH CORE 29 PRO SHIMANO SLX XT GRAU \/ SCHWARZ 2022"}]},{"@type":"WebSite","@id":"https:\/\/cioelectro.com\/#website","url":"https:\/\/cioelectro.com\/","name":"cioelectro.com","description":"Treten Sie mit uns ins Abenteuer!","publisher":{"@id":"https:\/\/cioelectro.com\/#organization"},"alternateName":"MEIN RADLADEN","potentialAction":[{"@type":"SearchAction","target":{"@type":"EntryPoint","urlTemplate":"https:\/\/cioelectro.com\/?s={search_term_string}"},"query-input":{"@type":"PropertyValueSpecification","valueRequired":true,"valueName":"search_term_string"}}],"inLanguage":"en-US"},{"@type":"Organization","@id":"https:\/\/cioelectro.com\/#organization","name":"CIOELECTRO","alternateName":"MEIN RADLADEN","url":"https:\/\/cioelectro.com\/","logo":{"@type":"ImageObject","inLanguage":"en-US","@id":"https:\/\/cioelectro.com\/#\/schema\/logo\/image\/","url":"https:\/\/cioelectro.com\/wp-content\/uploads\/2025\/12\/Logo-2-1200x800.png","contentUrl":"https:\/\/cioelectro.com\/wp-content\/uploads\/2025\/12\/Logo-2-1200x800.png","width":1200,"height":800,"caption":"CIOELECTRO"},"image":{"@id":"https:\/\/cioelectro.com\/#\/schema\/logo\/image\/"}}]}},"_links":{"self":[{"href":"https:\/\/cioelectro.com\/en\/wp-json\/wp\/v2\/product\/11948","targetHints":{"allow":["GET"]}}],"collection":[{"href":"https:\/\/cioelectro.com\/en\/wp-json\/wp\/v2\/product"}],"about":[{"href":"https:\/\/cioelectro.com\/en\/wp-json\/wp\/v2\/types\/product"}],"replies":[{"embeddable":true,"href":"https:\/\/cioelectro.com\/en\/wp-json\/wp\/v2\/comments?post=11948"}],"version-history":[{"count":0,"href":"https:\/\/cioelectro.com\/en\/wp-json\/wp\/v2\/product\/11948\/revisions"}],"wp:featuredmedia":[{"embeddable":true,"href":"https:\/\/cioelectro.com\/en\/wp-json\/wp\/v2\/media\/60629"}],"wp:attachment":[{"href":"https:\/\/cioelectro.com\/en\/wp-json\/wp\/v2\/media?parent=11948"}],"wp:term":[{"taxonomy":"product_brand","embeddable":true,"href":"https:\/\/cioelectro.com\/en\/wp-json\/wp\/v2\/product_brand?post=11948"},{"taxonomy":"product_cat","embeddable":true,"href":"https:\/\/cioelectro.com\/en\/wp-json\/wp\/v2\/product_cat?post=11948"},{"taxonomy":"product_tag","embeddable":true,"href":"https:\/\/cioelectro.com\/en\/wp-json\/wp\/v2\/product_tag?post=11948"}],"curies":[{"name":"wp","href":"https:\/\/api.w.org\/{rel}","templated":true}]}}