{"id":11964,"date":"2022-08-03T15:58:20","date_gmt":"2022-08-03T13:58:20","guid":{"rendered":"https:\/\/meinradladen.com\/?post_type=product&#038;p=11964"},"modified":"2023-08-10T16:34:44","modified_gmt":"2023-08-10T14:34:44","slug":"mondraker-thundra-29-electric-hardtail-mtb-grey-2022","status":"publish","type":"product","link":"https:\/\/cioelectro.com\/en\/produkt\/mondraker-thundra-29-electric-hardtail-mtb-grey-2022\/","title":{"rendered":"MONDRAKER THUNDRA 29 ELECTRIC HARDTAIL MTB GREY 2022"},"content":{"rendered":"<h2 class=\"heading-title-text\">MONDRAKER THUNDRA 29 ELECTRIC HARDTAIL MTB SRAM SX EAGLE 12S 630 WH 29&#8221; GRAPHITE GREY 2022<\/h2>\n<div class=\"col col-sm-12 col-md-12 col-lg-12\">\n<p>F\u00fcr diejenigen, die ein E-Bike ausprobieren und die Berge erkunden wollen. Das\u00a0<strong>Mondraker Thundra<\/strong>\u00a0ist die ideale Wahl. Mit seinem STEALTH-Aluminiumrahmen, dem Shimano E7000-Motor und dem 630-Wh-Akku (der mit einem optionalen externen 360-Wh-Simplo-Akku auf bis zu 990 Wh aufgestockt werden kann) ist seine Reichweite nahezu grenzenlos. Ungehemmte Tage der Erkundung sind damit er\u00f6ffnet. Hochwertige Komponenten wie die RockShox Silver RL-Gabel mit 120 mm Federweg, 29&#8243;-Laufr\u00e4der, Sram Level T-Bremsen und OnOff-Komponenten runden das Paket ab und garantieren optimale Leistung in jeder Situation.<\/p>\n<\/div>\n<div class=\"prodsheet_bullets col col-sm-8 col-md-8 col-lg-8\">\n<h4>HAUPTMERKMALE:<\/h4>\n<ul>\n<li>Xtralite 6061 Full Butted Alloy Rahmen.<\/li>\n<li>Sram SX Eagle 1&#215;12-Gang-Antriebssystem.<\/li>\n<li>Hydraulische Scheibenbremsen Sram Level T, 200\/180 mm.<\/li>\n<\/ul>\n<\/div>\n<div class=\"prodsheet_specs1 col col-sm-12 col-md-12 col-lg-12\">\n<h4>EIGENSCHAFTEN:<\/h4>\n<table class=\"table table-striped\">\n<tbody>\n<tr>\n<td>Rahmen<\/td>\n<td>Aluminium: Thundra 6061 Xtralite Full Butted Alloy, Forward Geometry, integrierter interner, nicht abnehmbarer Akku, konisches Steuerrohr, Boost 12x148mm Hinterachse, integrierter Ausfallenden-Geschwindigkeitssensor, Mondraker M068 Schaltauge<\/td>\n<\/tr>\n<tr>\n<td>Gabel<\/td>\n<td>RockShox Recon Silver RL 29, 120 mm Federweg, Motion Control, Solo Air, verj\u00fcngter Gabelschaft, Boost 15&#215;110 mm Achse, 42mm Offset. Einstellungen: Druckstufeneinstellung bei niedriger Geschwindigkeit bis zum Anschlag, Zugstufe, Luftvorspannung<\/td>\n<\/tr>\n<tr>\n<td>Motor<\/td>\n<td>Shimano STEPS E7000, 25 km\/h<\/td>\n<\/tr>\n<tr>\n<td>Batterie<\/td>\n<td>Simplo intern 630 Wh<\/td>\n<\/tr>\n<tr>\n<td>Anzeige<\/td>\n<td>Shimano STEPS E5003<\/td>\n<\/tr>\n<tr>\n<td>Schaltung<\/td>\n<td>Sram Trigger SX Eagle, X-Actuation 1:1, einfacher Klick, 1&#215;12-fach<\/td>\n<\/tr>\n<tr>\n<td>Schaltwerk<\/td>\n<td>Sram SX Eagle, Typ 3 Rollenlagerkupplung, K\u00e4figschloss, langer K\u00e4fig, X-Actuation 1:1, 12-fach<\/td>\n<\/tr>\n<tr>\n<td>Kassette<\/td>\n<td>Sram PG-1210, 11-50 Z\u00e4hne<\/td>\n<\/tr>\n<tr>\n<td>Kette<\/td>\n<td>Sram SX Eagle, Powerlock<\/td>\n<\/tr>\n<tr>\n<td>Kurbelgarnitur<\/td>\n<td>FSA, 165 mm, Sram X-Sync 2 Eagle 34T, Stahl, schmal-breit, 104 BCD<\/td>\n<\/tr>\n<tr>\n<td>Bremsen<\/td>\n<td>Sram Level T, Hydr. Scheibenbremse, Centerline 200\/180 mm IS 6 Bolzen einteilige Rotoren<\/td>\n<\/tr>\n<tr>\n<td>Laufradsatz<\/td>\n<td>MDK-HP1 29, 30 mm Innenbreite, tubeless ready, 32 Speichen<\/td>\n<\/tr>\n<tr>\n<td>Naben<\/td>\n<td>Vorne: Formula DC711, Boost 15&#215;110 mm, gedichtete Lager, IS 6 Bolzen \/ Hinten: Formula EHL148 Boost 12&#215;148 mm, gedichtete Lager, IS 6 Bolzen<\/td>\n<\/tr>\n<tr>\n<td>Bereifung<\/td>\n<td>Maxxis Rekon, Tubeless Ready, Dual Compound, EXO-Schutz, 60 TPI, faltbare Wulst, 29&#215;2.6&#8243;<\/td>\n<\/tr>\n<tr>\n<td>Lenker<\/td>\n<td>OnOff Sulfur 1.0, doppelt konifizierte 6061-Legierung, Rise: 20 mm, Breite: 780 mm, 9\u00ba Backsweep, 5\u00ba Upsweep, 31,8 mm Barbore<\/td>\n<\/tr>\n<tr>\n<td>Griffe<\/td>\n<td>OnOff Diamond, 1-Schloss-Aufnahme, 135 mm<\/td>\n<\/tr>\n<tr>\n<td>Vorbau<\/td>\n<td>OnOff Sulfur FG 30 mm 0\u00ba, geschmiedete Legierung 6061, 31,8 mm Lenkerdurchmesser<\/td>\n<\/tr>\n<tr>\n<td>Steuersatz<\/td>\n<td>OnOff Saturn tapered f\u00fcr 1-1\/8&#8243; bis 1-1\/2&#8243; Steuerrohr, ACB gedichtete Lager, 41&#215;30.2x7x45\u00bax45\u00ba (oben), 51.9x40x8x45\u00bax45\u00ba (unten)<\/td>\n<\/tr>\n<tr>\n<td>Sattel<\/td>\n<td>Fizik Terra Aidon X5, 145 mm<\/td>\n<\/tr>\n<tr>\n<td>Sattelst\u00fctze<\/td>\n<td>OnOff Sulfur 0-R, 6061 T6 Alloy, 3D geschmiedet, Durchmesser 31,6 mm, L\u00e4nge 400 mm<\/td>\n<\/tr>\n<tr>\n<td>Gewicht<\/td>\n<td>22.4 kg<\/td>\n<\/tr>\n<\/tbody>\n<\/table>\n<\/div>\n<div class=\"prodsheet_specs2 col col-sm-8 col-md-8 col-lg-8\">\n<h4>GEOMETRIEN:<\/h4>\n<p><img decoding=\"async\" src=\"http:\/\/media1.alltricks.fr\/ckfinder\/images\/cube_Full-Suspension_geo_en.jpg\" \/><\/p>\n<table class=\"table table-striped\">\n<tbody>\n<tr>\n<td>Rahmengr\u00f6\u00dfe<\/td>\n<td>XS<\/td>\n<td>S<\/td>\n<td>M<\/td>\n<td>L<\/td>\n<td>XL<\/td>\n<\/tr>\n<tr>\n<td>Radgr\u00f6\u00dfe (Zoll)<\/td>\n<td>29<\/td>\n<td>29<\/td>\n<td>29<\/td>\n<td>29<\/td>\n<td>29<\/td>\n<\/tr>\n<tr>\n<td>Sitzrohr (mm)<\/td>\n<td>380<\/td>\n<td>390<\/td>\n<td>430<\/td>\n<td>470<\/td>\n<td>510<\/td>\n<\/tr>\n<tr>\n<td>Oberrohr (mm)<\/td>\n<td>600<\/td>\n<td>615<\/td>\n<td>645<\/td>\n<td>670<\/td>\n<td>700<\/td>\n<\/tr>\n<tr>\n<td>Kettenstreben (mm)<\/td>\n<td>455<\/td>\n<td>455<\/td>\n<td>455<\/td>\n<td>455<\/td>\n<td>455<\/td>\n<\/tr>\n<tr>\n<td>L\u00e4nge des Steuerrohrs (mm)<\/td>\n<td>110<\/td>\n<td>110<\/td>\n<td>110<\/td>\n<td>130<\/td>\n<td>130<\/td>\n<\/tr>\n<tr>\n<td>Winkel des Steuerrohrs (\u00b0)<\/td>\n<td>69<\/td>\n<td>69<\/td>\n<td>69<\/td>\n<td>69<\/td>\n<td>69<\/td>\n<\/tr>\n<tr>\n<td>Winkel des Sitzrohrs (\u00b0)<\/td>\n<td>73.5<\/td>\n<td>73.5<\/td>\n<td>73.5<\/td>\n<td>73.5<\/td>\n<td>73.5<\/td>\n<\/tr>\n<tr>\n<td>Radstand (mm)<\/td>\n<td>1138<\/td>\n<td>1153<\/td>\n<td>1183<\/td>\n<td>1210<\/td>\n<td>1240<\/td>\n<\/tr>\n<tr>\n<td>Stapel (mm)<\/td>\n<td>640<\/td>\n<td>640<\/td>\n<td>640<\/td>\n<td>658<\/td>\n<td>658<\/td>\n<\/tr>\n<tr>\n<td>Reichweite (mm)<\/td>\n<td>410<\/td>\n<td>425<\/td>\n<td>455<\/td>\n<td>480<\/td>\n<td>505<\/td>\n<\/tr>\n<\/tbody>\n<\/table>\n<\/div>","protected":false},"excerpt":{"rendered":"<div class=\"col-lg-14 col-md-14 col-sm-14 col-xs-20\"><\/div>\n<div id=\"product-specifications-table\" class=\"col-lg-20 col-md-20 col-sm-20 col-xs-20\">\n<table class=\"table table-striped\">\n<tbody>\n<tr>\n<td class=\"spec-name\">Geschlecht<\/td>\n<td class=\"spec-value\">Herren<\/td>\n<\/tr>\n<tr>\n<td class=\"spec-name\">Gruppe<\/td>\n<td class=\"spec-value\">Sram SX Eagle 12S<\/td>\n<\/tr>\n<tr>\n<td class=\"spec-name\">collection<\/td>\n<td class=\"spec-value\">2022<\/td>\n<\/tr>\n<tr>\n<td class=\"spec-name\">decimal weight<\/td>\n<td class=\"spec-value\">22.40<\/td>\n<\/tr>\n<\/tbody>\n<\/table>\n<\/div>","protected":false},"featured_media":60630,"comment_status":"open","ping_status":"closed","template":"","meta":{"_rtcl_gb_attr":""},"product_brand":[],"product_cat":[783],"product_tag":[],"class_list":{"0":"post-11964","1":"product","2":"type-product","3":"status-publish","4":"has-post-thumbnail","6":"product_cat-accessories","7":"pa_marke-mondraker","9":"first","10":"instock","11":"sale","12":"taxable","13":"shipping-taxable","14":"purchasable","15":"product-type-variable"},"yoast_head":"<!-- This site is optimized with the Yoast SEO Premium plugin v20.12 (Yoast SEO v27.4) - https:\/\/yoast.com\/product\/yoast-seo-premium-wordpress\/ -->\n<title>MONDRAKER THUNDRA 29 ELECTRIC HARDTAIL MTB GREY 2022<\/title>\n<meta name=\"description\" content=\"Entdecken Sie unseren Online-Fahrradladen: Gro\u00dfe Auswahl an Modellen f\u00fcr alle Radsportbegeisterten. Von Rennr\u00e4dern bis zu Mountainbikes - finden Sie heute Ihren perfekten Wegbegleiter!\" \/>\n<meta name=\"robots\" content=\"index, follow, max-snippet:-1, max-image-preview:large, max-video-preview:-1\" \/>\n<link rel=\"canonical\" href=\"https:\/\/cioelectro.com\/en\/produkt\/mondraker-thundra-29-electric-hardtail-mtb-grey-2022\/\" \/>\n<meta property=\"og:locale\" content=\"en_US\" \/>\n<meta property=\"og:type\" content=\"article\" \/>\n<meta property=\"og:title\" content=\"MONDRAKER THUNDRA 29 ELECTRIC HARDTAIL MTB GREY 2022\" \/>\n<meta property=\"og:description\" content=\"Entdecken Sie unseren Online-Fahrradladen: Gro\u00dfe Auswahl an Modellen f\u00fcr alle Radsportbegeisterten. Von Rennr\u00e4dern bis zu Mountainbikes - finden Sie heute Ihren perfekten Wegbegleiter!\" \/>\n<meta property=\"og:url\" content=\"https:\/\/cioelectro.com\/en\/produkt\/mondraker-thundra-29-electric-hardtail-mtb-grey-2022\/\" \/>\n<meta property=\"og:site_name\" content=\"cioelectro.com\" \/>\n<meta property=\"article:modified_time\" content=\"2023-08-10T14:34:44+00:00\" \/>\n<meta property=\"og:image\" content=\"https:\/\/cioelectro.com\/wp-content\/uploads\/2023\/06\/MONDRAKER-THUNDRA-29-ELECTRIC-HARDTAIL-MTB-SRAM-SX-EAGLE-12S-630-WH-29-GRAPHITE-GREY-2022.jpg\" \/>\n\t<meta property=\"og:image:width\" content=\"600\" \/>\n\t<meta property=\"og:image:height\" content=\"408\" \/>\n\t<meta property=\"og:image:type\" content=\"image\/jpeg\" \/>\n<meta name=\"twitter:card\" content=\"summary_large_image\" \/>\n<meta name=\"twitter:label1\" content=\"Est. reading time\" \/>\n\t<meta name=\"twitter:data1\" content=\"3 minutes\" \/>\n<script type=\"application\/ld+json\" class=\"yoast-schema-graph\">{\"@context\":\"https:\\\/\\\/schema.org\",\"@graph\":[{\"@type\":\"WebPage\",\"@id\":\"https:\\\/\\\/cioelectro.com\\\/produkt\\\/mondraker-thundra-29-electric-hardtail-mtb-grey-2022\\\/\",\"url\":\"https:\\\/\\\/cioelectro.com\\\/produkt\\\/mondraker-thundra-29-electric-hardtail-mtb-grey-2022\\\/\",\"name\":\"MONDRAKER THUNDRA 29 ELECTRIC HARDTAIL MTB GREY 2022\",\"isPartOf\":{\"@id\":\"https:\\\/\\\/cioelectro.com\\\/#website\"},\"primaryImageOfPage\":{\"@id\":\"https:\\\/\\\/cioelectro.com\\\/produkt\\\/mondraker-thundra-29-electric-hardtail-mtb-grey-2022\\\/#primaryimage\"},\"image\":{\"@id\":\"https:\\\/\\\/cioelectro.com\\\/produkt\\\/mondraker-thundra-29-electric-hardtail-mtb-grey-2022\\\/#primaryimage\"},\"thumbnailUrl\":\"https:\\\/\\\/cioelectro.com\\\/wp-content\\\/uploads\\\/2023\\\/06\\\/MONDRAKER-THUNDRA-29-ELECTRIC-HARDTAIL-MTB-SRAM-SX-EAGLE-12S-630-WH-29-GRAPHITE-GREY-2022.jpg\",\"datePublished\":\"2022-08-03T13:58:20+00:00\",\"dateModified\":\"2023-08-10T14:34:44+00:00\",\"description\":\"Entdecken Sie unseren Online-Fahrradladen: Gro\u00dfe Auswahl an Modellen f\u00fcr alle Radsportbegeisterten. Von Rennr\u00e4dern bis zu Mountainbikes - finden Sie heute Ihren perfekten Wegbegleiter!\",\"breadcrumb\":{\"@id\":\"https:\\\/\\\/cioelectro.com\\\/produkt\\\/mondraker-thundra-29-electric-hardtail-mtb-grey-2022\\\/#breadcrumb\"},\"inLanguage\":\"en-US\",\"potentialAction\":[{\"@type\":\"ReadAction\",\"target\":[\"https:\\\/\\\/cioelectro.com\\\/produkt\\\/mondraker-thundra-29-electric-hardtail-mtb-grey-2022\\\/\"]}]},{\"@type\":\"ImageObject\",\"inLanguage\":\"en-US\",\"@id\":\"https:\\\/\\\/cioelectro.com\\\/produkt\\\/mondraker-thundra-29-electric-hardtail-mtb-grey-2022\\\/#primaryimage\",\"url\":\"https:\\\/\\\/cioelectro.com\\\/wp-content\\\/uploads\\\/2023\\\/06\\\/MONDRAKER-THUNDRA-29-ELECTRIC-HARDTAIL-MTB-SRAM-SX-EAGLE-12S-630-WH-29-GRAPHITE-GREY-2022.jpg\",\"contentUrl\":\"https:\\\/\\\/cioelectro.com\\\/wp-content\\\/uploads\\\/2023\\\/06\\\/MONDRAKER-THUNDRA-29-ELECTRIC-HARDTAIL-MTB-SRAM-SX-EAGLE-12S-630-WH-29-GRAPHITE-GREY-2022.jpg\",\"width\":600,\"height\":408,\"caption\":\"MONDRAKER THUNDRA 29 ELECTRIC HARDTAIL MTB SRAM SX EAGLE 12S 630 WH 29'' GRAPHITE GREY 2022\"},{\"@type\":\"BreadcrumbList\",\"@id\":\"https:\\\/\\\/cioelectro.com\\\/produkt\\\/mondraker-thundra-29-electric-hardtail-mtb-grey-2022\\\/#breadcrumb\",\"itemListElement\":[{\"@type\":\"ListItem\",\"position\":1,\"name\":\"Startseite\",\"item\":\"https:\\\/\\\/cioelectro.com\\\/\"},{\"@type\":\"ListItem\",\"position\":2,\"name\":\"LADEN\",\"item\":\"https:\\\/\\\/cioelectro.com\\\/laden\\\/\"},{\"@type\":\"ListItem\",\"position\":3,\"name\":\"MONDRAKER THUNDRA 29 ELECTRIC HARDTAIL MTB GREY 2022\"}]},{\"@type\":\"WebSite\",\"@id\":\"https:\\\/\\\/cioelectro.com\\\/#website\",\"url\":\"https:\\\/\\\/cioelectro.com\\\/\",\"name\":\"cioelectro.com\",\"description\":\"Treten Sie mit uns ins Abenteuer!\",\"publisher\":{\"@id\":\"https:\\\/\\\/cioelectro.com\\\/#organization\"},\"alternateName\":\"MEIN RADLADEN\",\"potentialAction\":[{\"@type\":\"SearchAction\",\"target\":{\"@type\":\"EntryPoint\",\"urlTemplate\":\"https:\\\/\\\/cioelectro.com\\\/?s={search_term_string}\"},\"query-input\":{\"@type\":\"PropertyValueSpecification\",\"valueRequired\":true,\"valueName\":\"search_term_string\"}}],\"inLanguage\":\"en-US\"},{\"@type\":\"Organization\",\"@id\":\"https:\\\/\\\/cioelectro.com\\\/#organization\",\"name\":\"CIOELECTRO\",\"alternateName\":\"MEIN RADLADEN\",\"url\":\"https:\\\/\\\/cioelectro.com\\\/\",\"logo\":{\"@type\":\"ImageObject\",\"inLanguage\":\"en-US\",\"@id\":\"https:\\\/\\\/cioelectro.com\\\/#\\\/schema\\\/logo\\\/image\\\/\",\"url\":\"https:\\\/\\\/cioelectro.com\\\/wp-content\\\/uploads\\\/2025\\\/12\\\/Logo-2-1200x800.png\",\"contentUrl\":\"https:\\\/\\\/cioelectro.com\\\/wp-content\\\/uploads\\\/2025\\\/12\\\/Logo-2-1200x800.png\",\"width\":1200,\"height\":800,\"caption\":\"CIOELECTRO\"},\"image\":{\"@id\":\"https:\\\/\\\/cioelectro.com\\\/#\\\/schema\\\/logo\\\/image\\\/\"}}]}<\/script>\n<!-- \/ Yoast SEO Premium plugin. -->","yoast_head_json":{"title":"MONDRAKER THUNDRA 29 ELECTRIC HARDTAIL MTB GREY 2022","description":"Entdecken Sie unseren Online-Fahrradladen: Gro\u00dfe Auswahl an Modellen f\u00fcr alle Radsportbegeisterten. Von Rennr\u00e4dern bis zu Mountainbikes - finden Sie heute Ihren perfekten Wegbegleiter!","robots":{"index":"index","follow":"follow","max-snippet":"max-snippet:-1","max-image-preview":"max-image-preview:large","max-video-preview":"max-video-preview:-1"},"canonical":"https:\/\/cioelectro.com\/en\/produkt\/mondraker-thundra-29-electric-hardtail-mtb-grey-2022\/","og_locale":"en_US","og_type":"article","og_title":"MONDRAKER THUNDRA 29 ELECTRIC HARDTAIL MTB GREY 2022","og_description":"Entdecken Sie unseren Online-Fahrradladen: Gro\u00dfe Auswahl an Modellen f\u00fcr alle Radsportbegeisterten. Von Rennr\u00e4dern bis zu Mountainbikes - finden Sie heute Ihren perfekten Wegbegleiter!","og_url":"https:\/\/cioelectro.com\/en\/produkt\/mondraker-thundra-29-electric-hardtail-mtb-grey-2022\/","og_site_name":"cioelectro.com","article_modified_time":"2023-08-10T14:34:44+00:00","og_image":[{"width":600,"height":408,"url":"https:\/\/cioelectro.com\/wp-content\/uploads\/2023\/06\/MONDRAKER-THUNDRA-29-ELECTRIC-HARDTAIL-MTB-SRAM-SX-EAGLE-12S-630-WH-29-GRAPHITE-GREY-2022.jpg","type":"image\/jpeg"}],"twitter_card":"summary_large_image","twitter_misc":{"Est. reading time":"3 minutes"},"schema":{"@context":"https:\/\/schema.org","@graph":[{"@type":"WebPage","@id":"https:\/\/cioelectro.com\/produkt\/mondraker-thundra-29-electric-hardtail-mtb-grey-2022\/","url":"https:\/\/cioelectro.com\/produkt\/mondraker-thundra-29-electric-hardtail-mtb-grey-2022\/","name":"MONDRAKER THUNDRA 29 ELECTRIC HARDTAIL MTB GREY 2022","isPartOf":{"@id":"https:\/\/cioelectro.com\/#website"},"primaryImageOfPage":{"@id":"https:\/\/cioelectro.com\/produkt\/mondraker-thundra-29-electric-hardtail-mtb-grey-2022\/#primaryimage"},"image":{"@id":"https:\/\/cioelectro.com\/produkt\/mondraker-thundra-29-electric-hardtail-mtb-grey-2022\/#primaryimage"},"thumbnailUrl":"https:\/\/cioelectro.com\/wp-content\/uploads\/2023\/06\/MONDRAKER-THUNDRA-29-ELECTRIC-HARDTAIL-MTB-SRAM-SX-EAGLE-12S-630-WH-29-GRAPHITE-GREY-2022.jpg","datePublished":"2022-08-03T13:58:20+00:00","dateModified":"2023-08-10T14:34:44+00:00","description":"Entdecken Sie unseren Online-Fahrradladen: Gro\u00dfe Auswahl an Modellen f\u00fcr alle Radsportbegeisterten. Von Rennr\u00e4dern bis zu Mountainbikes - finden Sie heute Ihren perfekten Wegbegleiter!","breadcrumb":{"@id":"https:\/\/cioelectro.com\/produkt\/mondraker-thundra-29-electric-hardtail-mtb-grey-2022\/#breadcrumb"},"inLanguage":"en-US","potentialAction":[{"@type":"ReadAction","target":["https:\/\/cioelectro.com\/produkt\/mondraker-thundra-29-electric-hardtail-mtb-grey-2022\/"]}]},{"@type":"ImageObject","inLanguage":"en-US","@id":"https:\/\/cioelectro.com\/produkt\/mondraker-thundra-29-electric-hardtail-mtb-grey-2022\/#primaryimage","url":"https:\/\/cioelectro.com\/wp-content\/uploads\/2023\/06\/MONDRAKER-THUNDRA-29-ELECTRIC-HARDTAIL-MTB-SRAM-SX-EAGLE-12S-630-WH-29-GRAPHITE-GREY-2022.jpg","contentUrl":"https:\/\/cioelectro.com\/wp-content\/uploads\/2023\/06\/MONDRAKER-THUNDRA-29-ELECTRIC-HARDTAIL-MTB-SRAM-SX-EAGLE-12S-630-WH-29-GRAPHITE-GREY-2022.jpg","width":600,"height":408,"caption":"MONDRAKER THUNDRA 29 ELECTRIC HARDTAIL MTB SRAM SX EAGLE 12S 630 WH 29'' GRAPHITE GREY 2022"},{"@type":"BreadcrumbList","@id":"https:\/\/cioelectro.com\/produkt\/mondraker-thundra-29-electric-hardtail-mtb-grey-2022\/#breadcrumb","itemListElement":[{"@type":"ListItem","position":1,"name":"Startseite","item":"https:\/\/cioelectro.com\/"},{"@type":"ListItem","position":2,"name":"LADEN","item":"https:\/\/cioelectro.com\/laden\/"},{"@type":"ListItem","position":3,"name":"MONDRAKER THUNDRA 29 ELECTRIC HARDTAIL MTB GREY 2022"}]},{"@type":"WebSite","@id":"https:\/\/cioelectro.com\/#website","url":"https:\/\/cioelectro.com\/","name":"cioelectro.com","description":"Treten Sie mit uns ins Abenteuer!","publisher":{"@id":"https:\/\/cioelectro.com\/#organization"},"alternateName":"MEIN RADLADEN","potentialAction":[{"@type":"SearchAction","target":{"@type":"EntryPoint","urlTemplate":"https:\/\/cioelectro.com\/?s={search_term_string}"},"query-input":{"@type":"PropertyValueSpecification","valueRequired":true,"valueName":"search_term_string"}}],"inLanguage":"en-US"},{"@type":"Organization","@id":"https:\/\/cioelectro.com\/#organization","name":"CIOELECTRO","alternateName":"MEIN RADLADEN","url":"https:\/\/cioelectro.com\/","logo":{"@type":"ImageObject","inLanguage":"en-US","@id":"https:\/\/cioelectro.com\/#\/schema\/logo\/image\/","url":"https:\/\/cioelectro.com\/wp-content\/uploads\/2025\/12\/Logo-2-1200x800.png","contentUrl":"https:\/\/cioelectro.com\/wp-content\/uploads\/2025\/12\/Logo-2-1200x800.png","width":1200,"height":800,"caption":"CIOELECTRO"},"image":{"@id":"https:\/\/cioelectro.com\/#\/schema\/logo\/image\/"}}]}},"_links":{"self":[{"href":"https:\/\/cioelectro.com\/en\/wp-json\/wp\/v2\/product\/11964","targetHints":{"allow":["GET"]}}],"collection":[{"href":"https:\/\/cioelectro.com\/en\/wp-json\/wp\/v2\/product"}],"about":[{"href":"https:\/\/cioelectro.com\/en\/wp-json\/wp\/v2\/types\/product"}],"replies":[{"embeddable":true,"href":"https:\/\/cioelectro.com\/en\/wp-json\/wp\/v2\/comments?post=11964"}],"version-history":[{"count":0,"href":"https:\/\/cioelectro.com\/en\/wp-json\/wp\/v2\/product\/11964\/revisions"}],"wp:featuredmedia":[{"embeddable":true,"href":"https:\/\/cioelectro.com\/en\/wp-json\/wp\/v2\/media\/60630"}],"wp:attachment":[{"href":"https:\/\/cioelectro.com\/en\/wp-json\/wp\/v2\/media?parent=11964"}],"wp:term":[{"taxonomy":"product_brand","embeddable":true,"href":"https:\/\/cioelectro.com\/en\/wp-json\/wp\/v2\/product_brand?post=11964"},{"taxonomy":"product_cat","embeddable":true,"href":"https:\/\/cioelectro.com\/en\/wp-json\/wp\/v2\/product_cat?post=11964"},{"taxonomy":"product_tag","embeddable":true,"href":"https:\/\/cioelectro.com\/en\/wp-json\/wp\/v2\/product_tag?post=11964"}],"curies":[{"name":"wp","href":"https:\/\/api.w.org\/{rel}","templated":true}]}}