{"id":11973,"date":"2022-08-03T16:18:57","date_gmt":"2022-08-03T14:18:57","guid":{"rendered":"https:\/\/meinradladen.com\/?post_type=product&#038;p=11973"},"modified":"2023-08-10T16:34:38","modified_gmt":"2023-08-10T14:34:38","slug":"cannondale-habit-neo-2-elektrische-vollfederung-mtb-stealth-grey","status":"publish","type":"product","link":"https:\/\/cioelectro.com\/en\/produkt\/cannondale-habit-neo-2-elektrische-vollfederung-mtb-stealth-grey\/","title":{"rendered":"CANNONDALE HABIT NEO 2 ELEKTRISCHE VOLLFEDERUNG MTB STEALTH GREY"},"content":{"rendered":"<div id=\"product-header-order-name\" class=\"col-lg-20 col-md-20 col-sm-20 col-xs-20\">\n<h2 class=\"heading-title-text\">CANNONDALE HABIT NEO 2 ELEKTRISCHE VOLLFEDERUNG MTB SHIMANO SLX 12S 625 WH 29&#8221; STEALTH GREY<\/h2>\n<\/div>\n<div id=\"product-header-order-form\" class=\"js-reload-on-event col-lg-20 col-md-20 col-sm-20 col-xs-20\" data-to-watch=\"body\" data-event=\"alltricks:cartChanged\" data-url=\"\/ajax\/product\/ajouter\/F-11947-velos-complets-vtt\/P-1648373-cannondale_habit_neo_2_elektrische_vollfederung_mtb_shimano_slx_12s_625_wh_29___stealth_grey\">\n<div class=\"col col-sm-12 col-md-12 col-lg-12\">\n<p>Der\u00a0<strong>Cannondale Habit Neo 2<\/strong>\u00a0ist eine lebhafte Allround-Trail-Maschine, die den Spa\u00dffaktor auf schnellen, flie\u00dfenden Singletrails oder allem anderen, was der Berg zu bieten hat, steigert. Mit 130 mm Federung hinten und 140 mm vorne, gro\u00dfen 29-Zoll-R\u00e4dern und leistungsstarkem Bosch-Assistenten ist es agil, poppig, vielseitig und macht Spa\u00df f\u00fcr jede Fahrt.<\/p>\n<p>Der Habit Neo hat die Art von Handling, die Ihnen hilft, ein anderes Level in Ihrem Fahren zu finden. Es hat ein unglaublich ausgeglichenes, ausgeglichenes Gef\u00fchl, egal ob Sie in Gel\u00e4nderecken fahren, in technische Abfahrten eintauchen oder alle Funktionen, die Sie finden, ausschalten.<\/p>\n<p>Sogar die Anstiege flie\u00dfen, wenn Sie so viel Kraft haben. Die neue Performance CX-Antriebseinheit und der integrierte PowerTube-Akku sind das leistungsst\u00e4rkste und fortschrittlichste System des angesehensten Namens in der E-Bike-Technologie.<\/p>\n<p>Fahrer kommen in allen verschiedenen Gr\u00f6\u00dfen. Federung sollte auch. Das Cannondale-Fahrwerk \u00abProportional Response\u00bb verwendet gr\u00f6\u00dfenspezifische Schwerpunktdaten, um das Fahrwerkdesign f\u00fcr jede Fahrradgr\u00f6\u00dfe anzupassen. Dies bedeutet, dass jeder Fahrer eine ideale Federungsleistung aufweist: bessere Traktion beim Bremsen und Klettern, bessere Treteffizienz, bessere Empfindlichkeit bei kleinen Unebenheiten und bessere Kontrolle bei gro\u00dfen Treffern. Egal wie gro\u00df Sie sind, Proportional Response optimiert die Fahrt f\u00fcr mehr Kontrolle, mehr Geschwindigkeit und mehr Spa\u00df.<\/p>\n<\/div>\n<div class=\"prodsheet_bullets col col-sm-8 col-md-8 col-lg-8\">\n<h4>HAUPTEIGENSCHAFTEN:<\/h4>\n<ul>\n<li>Cannondales spa\u00dfigstes Trailbike mit einem leistungsstarken Motor.<\/li>\n<li>BallisTec Carbon Front Triangle, SmartForm C1 Legierungsschwinge.<\/li>\n<li>Kundenspezifische Sto\u00dfd\u00e4mpfer und Befestigungspunkte.<\/li>\n<li>Shimano SLX 1&#215;12-Gang-Antrieb.<\/li>\n<li>Hydraulische Scheibenbremsen Magura MT Trail Sport, 220\/203 mm.<\/li>\n<\/ul>\n<\/div>\n<div class=\"prodsheet_specs1 col col-sm-12 col-md-12 col-lg-12\">\n<h4>EIGENSCHAFTEN:<\/h4>\n<table class=\"table table-striped\">\n<tbody>\n<tr>\n<td>Rahmen<\/td>\n<td>Carbon \/ Aluminium: BallisTec Carbon Frontdreieck, SmartForm C1 Alu-Schwinge, Alu-Unterfahrschutz, Ai-Offset-Antriebsstrang, 130 mm Federweg<\/td>\n<\/tr>\n<tr>\n<td>Gabel<\/td>\n<td>RockShox 35 Gold RL, 140 mm Federweg, DebonAir, 15 x 110 mm, konischer Gabelschaft, 51 mm Versatz<\/td>\n<\/tr>\n<tr>\n<td>Sto\u00dfd\u00e4mpfer hinten<\/td>\n<td>RockShox Deluxe Select + RT, DebonAir<\/td>\n<\/tr>\n<tr>\n<td>Motor<\/td>\n<td>Bosch Performance CX Antriebseinheit, 75 Nm, 25 km \/ h<\/td>\n<\/tr>\n<tr>\n<td>Batterie<\/td>\n<td>Bosch PowerTube 625 Wh<\/td>\n<\/tr>\n<tr>\n<td>Anzeige<\/td>\n<td>Bosch Kiox<\/td>\n<\/tr>\n<tr>\n<td>Headset<\/td>\n<td>Integriertes abgedichtetes Lager, konisch<\/td>\n<\/tr>\n<tr>\n<td>Stengel<\/td>\n<td>Cannondale 1, 3D geschmiedete 6061-Legierung, 1-1 \/ 8 &#8220;, 31,8 mm, 7 \u00b0<\/td>\n<\/tr>\n<tr>\n<td>Lenker<\/td>\n<td>Cannondale 3 Riser, 6061 Legierung, 15 mm Anstieg, 8 \u00b0 Sweep, 4 \u00b0 Anstieg, 780 mm<\/td>\n<\/tr>\n<tr>\n<td>Griffe<\/td>\n<td>Stoff Pilz<\/td>\n<\/tr>\n<tr>\n<td>Schalthebel<\/td>\n<td>Shimano SLX, 1&#215;12-Geschwindigkeit<\/td>\n<\/tr>\n<tr>\n<td>Schaltwerk<\/td>\n<td>Shimano SLX, 12-Gang<\/td>\n<\/tr>\n<tr>\n<td>Kurbelgarnitur<\/td>\n<td>FSA Bosch E-Bike mit individuellem Ai-Offset, 34T<\/td>\n<\/tr>\n<tr>\n<td>Kette<\/td>\n<td>Shimano SLX, 12-Gang<\/td>\n<\/tr>\n<tr>\n<td>Kassette<\/td>\n<td>Shimano SLX, 10-51T, 12-Gang<\/td>\n<\/tr>\n<tr>\n<td>Bremshebel<\/td>\n<td>Magura MT Trail Sport HC<\/td>\n<\/tr>\n<tr>\n<td>Bremsen<\/td>\n<td>Magura MT Trail Sport Hydraulikscheibe, 220\/203 mm MDR-P Rotoren<\/td>\n<\/tr>\n<tr>\n<td>Sattel<\/td>\n<td>Fabric Scoop Shallow Elite, Cro-Mo-Schienen<\/td>\n<\/tr>\n<tr>\n<td>Sattelst\u00fctze<\/td>\n<td>Cannondale DownLow Dropper, interne F\u00fchrung, 31,6 mm \/ Tropfen: 125 mm (S), 150 mm (M, L, XL)<\/td>\n<\/tr>\n<tr>\n<td>Radsatz<\/td>\n<td>WTB ST i30 TCS, 32h, schlauchlos bereit<\/td>\n<\/tr>\n<tr>\n<td>Hubs<\/td>\n<td>Vorderseite: Formel DC-511, 15 x 110 mm \/ R\u00fcckseite: Shimano FH-MT510-B<\/td>\n<\/tr>\n<tr>\n<td>Reifen<\/td>\n<td>Vorderseite: Maxxis Dissector, EXO-Geh\u00e4use, schlauchlos, 29 x 2,6 &#8220;\/ R\u00fcckseite: Maxxis Rekon, EXO-Geh\u00e4use, schlauchlos, 29 x 2,6&#8221;<\/td>\n<\/tr>\n<tr>\n<td>Gewicht<\/td>\n<td>&#8212;<\/td>\n<\/tr>\n<tr>\n<td>Farbe<\/td>\n<td>Stealth Grey<\/td>\n<\/tr>\n<\/tbody>\n<\/table>\n<\/div>\n<div class=\"prodsheet_specs2 col col-sm-8 col-md-8 col-lg-8\">\n<h4>GEOMETRIEN:<\/h4>\n<p><img decoding=\"async\" src=\"http:\/\/media1.alltricks.fr\/ckfinder\/images\/cube_Full-Suspension_geo_en.jpg\" \/><\/p>\n<table class=\"table table-striped\">\n<tbody>\n<tr>\n<td>Rahmengr\u00f6\u00dfe<\/td>\n<td>S<\/td>\n<td>M<\/td>\n<td>L<\/td>\n<td>XL<\/td>\n<\/tr>\n<tr>\n<td>Radgr\u00f6\u00dfe (Zoll)<\/td>\n<td>29<\/td>\n<td>29<\/td>\n<td>29<\/td>\n<td>29<\/td>\n<\/tr>\n<tr>\n<td>Sitzrohr (mm)<\/td>\n<td>400<\/td>\n<td>430<\/td>\n<td>460<\/td>\n<td>510<\/td>\n<\/tr>\n<tr>\n<td>Oberrohr (mm)<\/td>\n<td>587<\/td>\n<td>610<\/td>\n<td>637<\/td>\n<td>665<\/td>\n<\/tr>\n<tr>\n<td>Kettenstreben (mm)<\/td>\n<td>455<\/td>\n<td>455<\/td>\n<td>455<\/td>\n<td>455<\/td>\n<\/tr>\n<tr>\n<td>Steuerrohrwinkel (\u00b0)<\/td>\n<td>66,5<\/td>\n<td>66,5<\/td>\n<td>66,5<\/td>\n<td>66,5<\/td>\n<\/tr>\n<tr>\n<td>Sitzrohrwinkel (\u00b0)<\/td>\n<td>75<\/td>\n<td>75<\/td>\n<td>75<\/td>\n<td>75<\/td>\n<\/tr>\n<tr>\n<td>Radstand (mm)<\/td>\n<td>1181<\/td>\n<td>1205<\/td>\n<td>1234<\/td>\n<td>1263<\/td>\n<\/tr>\n<tr>\n<td>Stapel (mm)<\/td>\n<td>605<\/td>\n<td>614<\/td>\n<td>623<\/td>\n<td>633<\/td>\n<\/tr>\n<tr>\n<td>Reichweite (mm)<\/td>\n<td>425<\/td>\n<td>445<\/td>\n<td>470<\/td>\n<td>495<\/td>\n<\/tr>\n<\/tbody>\n<\/table>\n<\/div>\n<\/div>","protected":false},"excerpt":{"rendered":"<div class=\"col-lg-14 col-md-14 col-sm-14 col-xs-20\"><\/div>\n<div id=\"product-specifications-table\" class=\"col-lg-20 col-md-20 col-sm-20 col-xs-20\">\n<table class=\"table table-striped\">\n<tbody>\n<tr>\n<td class=\"spec-name\">Geschlecht<\/td>\n<td class=\"spec-value\">Herren<\/td>\n<\/tr>\n<tr>\n<td class=\"spec-name\">Gruppe<\/td>\n<td class=\"spec-value\">Shimano SLX 12V<\/td>\n<\/tr>\n<tr>\n<td class=\"spec-name\">collection<\/td>\n<td class=\"spec-value\">Restst\u00fccke<\/td>\n<\/tr>\n<\/tbody>\n<\/table>\n<\/div>","protected":false},"featured_media":60633,"comment_status":"open","ping_status":"closed","template":"","meta":{"_rtcl_gb_attr":""},"product_brand":[],"product_cat":[783],"product_tag":[],"class_list":{"0":"post-11973","1":"product","2":"type-product","3":"status-publish","4":"has-post-thumbnail","6":"product_cat-accessories","7":"pa_marke-cannondale","9":"first","10":"instock","11":"sale","12":"taxable","13":"shipping-taxable","14":"purchasable","15":"product-type-variable"},"yoast_head":"<!-- This site is optimized with the Yoast SEO Premium plugin v20.12 (Yoast SEO v27.4) - https:\/\/yoast.com\/product\/yoast-seo-premium-wordpress\/ -->\n<title>CANNONDALE HABIT NEO 2 ELEKTRISCHE VOLLFEDERUNG MTB STEALTH GREY<\/title>\n<meta name=\"description\" content=\"Entdecken Sie unseren Online-Fahrradladen: Gro\u00dfe Auswahl an Modellen f\u00fcr alle Radsportbegeisterten. Von Rennr\u00e4dern bis zu Mountainbikes - finden Sie heute Ihren perfekten Wegbegleiter!\" \/>\n<meta name=\"robots\" content=\"index, follow, max-snippet:-1, max-image-preview:large, max-video-preview:-1\" \/>\n<link rel=\"canonical\" href=\"https:\/\/cioelectro.com\/en\/produkt\/cannondale-habit-neo-2-elektrische-vollfederung-mtb-stealth-grey\/\" \/>\n<meta property=\"og:locale\" content=\"en_US\" \/>\n<meta property=\"og:type\" content=\"article\" \/>\n<meta property=\"og:title\" content=\"CANNONDALE HABIT NEO 2 ELEKTRISCHE VOLLFEDERUNG MTB STEALTH GREY\" \/>\n<meta property=\"og:description\" content=\"Entdecken Sie unseren Online-Fahrradladen: Gro\u00dfe Auswahl an Modellen f\u00fcr alle Radsportbegeisterten. Von Rennr\u00e4dern bis zu Mountainbikes - finden Sie heute Ihren perfekten Wegbegleiter!\" \/>\n<meta property=\"og:url\" content=\"https:\/\/cioelectro.com\/en\/produkt\/cannondale-habit-neo-2-elektrische-vollfederung-mtb-stealth-grey\/\" \/>\n<meta property=\"og:site_name\" content=\"cioelectro.com\" \/>\n<meta property=\"article:modified_time\" content=\"2023-08-10T14:34:38+00:00\" \/>\n<meta property=\"og:image\" content=\"https:\/\/cioelectro.com\/wp-content\/uploads\/2023\/06\/CANNONDALE-HABIT-NEO-2-ELEKTRISCHE-VOLLFEDERUNG-MTB-SHIMANO-SLX-12S-625-WH-29-STEALTH-GREY-1.jpg\" \/>\n\t<meta property=\"og:image:width\" content=\"600\" \/>\n\t<meta property=\"og:image:height\" content=\"408\" \/>\n\t<meta property=\"og:image:type\" content=\"image\/jpeg\" \/>\n<meta name=\"twitter:card\" content=\"summary_large_image\" \/>\n<meta name=\"twitter:label1\" content=\"Est. reading time\" \/>\n\t<meta name=\"twitter:data1\" content=\"4 minutes\" \/>\n<script type=\"application\/ld+json\" class=\"yoast-schema-graph\">{\"@context\":\"https:\\\/\\\/schema.org\",\"@graph\":[{\"@type\":\"WebPage\",\"@id\":\"https:\\\/\\\/cioelectro.com\\\/produkt\\\/cannondale-habit-neo-2-elektrische-vollfederung-mtb-stealth-grey\\\/\",\"url\":\"https:\\\/\\\/cioelectro.com\\\/produkt\\\/cannondale-habit-neo-2-elektrische-vollfederung-mtb-stealth-grey\\\/\",\"name\":\"CANNONDALE HABIT NEO 2 ELEKTRISCHE VOLLFEDERUNG MTB STEALTH GREY\",\"isPartOf\":{\"@id\":\"https:\\\/\\\/cioelectro.com\\\/#website\"},\"primaryImageOfPage\":{\"@id\":\"https:\\\/\\\/cioelectro.com\\\/produkt\\\/cannondale-habit-neo-2-elektrische-vollfederung-mtb-stealth-grey\\\/#primaryimage\"},\"image\":{\"@id\":\"https:\\\/\\\/cioelectro.com\\\/produkt\\\/cannondale-habit-neo-2-elektrische-vollfederung-mtb-stealth-grey\\\/#primaryimage\"},\"thumbnailUrl\":\"https:\\\/\\\/cioelectro.com\\\/wp-content\\\/uploads\\\/2023\\\/06\\\/CANNONDALE-HABIT-NEO-2-ELEKTRISCHE-VOLLFEDERUNG-MTB-SHIMANO-SLX-12S-625-WH-29-STEALTH-GREY-1.jpg\",\"datePublished\":\"2022-08-03T14:18:57+00:00\",\"dateModified\":\"2023-08-10T14:34:38+00:00\",\"description\":\"Entdecken Sie unseren Online-Fahrradladen: Gro\u00dfe Auswahl an Modellen f\u00fcr alle Radsportbegeisterten. Von Rennr\u00e4dern bis zu Mountainbikes - finden Sie heute Ihren perfekten Wegbegleiter!\",\"breadcrumb\":{\"@id\":\"https:\\\/\\\/cioelectro.com\\\/produkt\\\/cannondale-habit-neo-2-elektrische-vollfederung-mtb-stealth-grey\\\/#breadcrumb\"},\"inLanguage\":\"en-US\",\"potentialAction\":[{\"@type\":\"ReadAction\",\"target\":[\"https:\\\/\\\/cioelectro.com\\\/produkt\\\/cannondale-habit-neo-2-elektrische-vollfederung-mtb-stealth-grey\\\/\"]}]},{\"@type\":\"ImageObject\",\"inLanguage\":\"en-US\",\"@id\":\"https:\\\/\\\/cioelectro.com\\\/produkt\\\/cannondale-habit-neo-2-elektrische-vollfederung-mtb-stealth-grey\\\/#primaryimage\",\"url\":\"https:\\\/\\\/cioelectro.com\\\/wp-content\\\/uploads\\\/2023\\\/06\\\/CANNONDALE-HABIT-NEO-2-ELEKTRISCHE-VOLLFEDERUNG-MTB-SHIMANO-SLX-12S-625-WH-29-STEALTH-GREY-1.jpg\",\"contentUrl\":\"https:\\\/\\\/cioelectro.com\\\/wp-content\\\/uploads\\\/2023\\\/06\\\/CANNONDALE-HABIT-NEO-2-ELEKTRISCHE-VOLLFEDERUNG-MTB-SHIMANO-SLX-12S-625-WH-29-STEALTH-GREY-1.jpg\",\"width\":600,\"height\":408,\"caption\":\"CANNONDALE HABIT NEO 2 ELEKTRISCHE VOLLFEDERUNG MTB SHIMANO SLX 12S 625 WH 29'' STEALTH GREY\"},{\"@type\":\"BreadcrumbList\",\"@id\":\"https:\\\/\\\/cioelectro.com\\\/produkt\\\/cannondale-habit-neo-2-elektrische-vollfederung-mtb-stealth-grey\\\/#breadcrumb\",\"itemListElement\":[{\"@type\":\"ListItem\",\"position\":1,\"name\":\"Startseite\",\"item\":\"https:\\\/\\\/cioelectro.com\\\/\"},{\"@type\":\"ListItem\",\"position\":2,\"name\":\"LADEN\",\"item\":\"https:\\\/\\\/cioelectro.com\\\/laden\\\/\"},{\"@type\":\"ListItem\",\"position\":3,\"name\":\"CANNONDALE HABIT NEO 2 ELEKTRISCHE VOLLFEDERUNG MTB STEALTH GREY\"}]},{\"@type\":\"WebSite\",\"@id\":\"https:\\\/\\\/cioelectro.com\\\/#website\",\"url\":\"https:\\\/\\\/cioelectro.com\\\/\",\"name\":\"cioelectro.com\",\"description\":\"Treten Sie mit uns ins Abenteuer!\",\"publisher\":{\"@id\":\"https:\\\/\\\/cioelectro.com\\\/#organization\"},\"alternateName\":\"MEIN RADLADEN\",\"potentialAction\":[{\"@type\":\"SearchAction\",\"target\":{\"@type\":\"EntryPoint\",\"urlTemplate\":\"https:\\\/\\\/cioelectro.com\\\/?s={search_term_string}\"},\"query-input\":{\"@type\":\"PropertyValueSpecification\",\"valueRequired\":true,\"valueName\":\"search_term_string\"}}],\"inLanguage\":\"en-US\"},{\"@type\":\"Organization\",\"@id\":\"https:\\\/\\\/cioelectro.com\\\/#organization\",\"name\":\"CIOELECTRO\",\"alternateName\":\"MEIN RADLADEN\",\"url\":\"https:\\\/\\\/cioelectro.com\\\/\",\"logo\":{\"@type\":\"ImageObject\",\"inLanguage\":\"en-US\",\"@id\":\"https:\\\/\\\/cioelectro.com\\\/#\\\/schema\\\/logo\\\/image\\\/\",\"url\":\"https:\\\/\\\/cioelectro.com\\\/wp-content\\\/uploads\\\/2025\\\/12\\\/Logo-2-1200x800.png\",\"contentUrl\":\"https:\\\/\\\/cioelectro.com\\\/wp-content\\\/uploads\\\/2025\\\/12\\\/Logo-2-1200x800.png\",\"width\":1200,\"height\":800,\"caption\":\"CIOELECTRO\"},\"image\":{\"@id\":\"https:\\\/\\\/cioelectro.com\\\/#\\\/schema\\\/logo\\\/image\\\/\"}}]}<\/script>\n<!-- \/ Yoast SEO Premium plugin. -->","yoast_head_json":{"title":"CANNONDALE HABIT NEO 2 ELEKTRISCHE VOLLFEDERUNG MTB STEALTH GREY","description":"Entdecken Sie unseren Online-Fahrradladen: Gro\u00dfe Auswahl an Modellen f\u00fcr alle Radsportbegeisterten. Von Rennr\u00e4dern bis zu Mountainbikes - finden Sie heute Ihren perfekten Wegbegleiter!","robots":{"index":"index","follow":"follow","max-snippet":"max-snippet:-1","max-image-preview":"max-image-preview:large","max-video-preview":"max-video-preview:-1"},"canonical":"https:\/\/cioelectro.com\/en\/produkt\/cannondale-habit-neo-2-elektrische-vollfederung-mtb-stealth-grey\/","og_locale":"en_US","og_type":"article","og_title":"CANNONDALE HABIT NEO 2 ELEKTRISCHE VOLLFEDERUNG MTB STEALTH GREY","og_description":"Entdecken Sie unseren Online-Fahrradladen: Gro\u00dfe Auswahl an Modellen f\u00fcr alle Radsportbegeisterten. Von Rennr\u00e4dern bis zu Mountainbikes - finden Sie heute Ihren perfekten Wegbegleiter!","og_url":"https:\/\/cioelectro.com\/en\/produkt\/cannondale-habit-neo-2-elektrische-vollfederung-mtb-stealth-grey\/","og_site_name":"cioelectro.com","article_modified_time":"2023-08-10T14:34:38+00:00","og_image":[{"width":600,"height":408,"url":"https:\/\/cioelectro.com\/wp-content\/uploads\/2023\/06\/CANNONDALE-HABIT-NEO-2-ELEKTRISCHE-VOLLFEDERUNG-MTB-SHIMANO-SLX-12S-625-WH-29-STEALTH-GREY-1.jpg","type":"image\/jpeg"}],"twitter_card":"summary_large_image","twitter_misc":{"Est. reading time":"4 minutes"},"schema":{"@context":"https:\/\/schema.org","@graph":[{"@type":"WebPage","@id":"https:\/\/cioelectro.com\/produkt\/cannondale-habit-neo-2-elektrische-vollfederung-mtb-stealth-grey\/","url":"https:\/\/cioelectro.com\/produkt\/cannondale-habit-neo-2-elektrische-vollfederung-mtb-stealth-grey\/","name":"CANNONDALE HABIT NEO 2 ELEKTRISCHE VOLLFEDERUNG MTB STEALTH GREY","isPartOf":{"@id":"https:\/\/cioelectro.com\/#website"},"primaryImageOfPage":{"@id":"https:\/\/cioelectro.com\/produkt\/cannondale-habit-neo-2-elektrische-vollfederung-mtb-stealth-grey\/#primaryimage"},"image":{"@id":"https:\/\/cioelectro.com\/produkt\/cannondale-habit-neo-2-elektrische-vollfederung-mtb-stealth-grey\/#primaryimage"},"thumbnailUrl":"https:\/\/cioelectro.com\/wp-content\/uploads\/2023\/06\/CANNONDALE-HABIT-NEO-2-ELEKTRISCHE-VOLLFEDERUNG-MTB-SHIMANO-SLX-12S-625-WH-29-STEALTH-GREY-1.jpg","datePublished":"2022-08-03T14:18:57+00:00","dateModified":"2023-08-10T14:34:38+00:00","description":"Entdecken Sie unseren Online-Fahrradladen: Gro\u00dfe Auswahl an Modellen f\u00fcr alle Radsportbegeisterten. Von Rennr\u00e4dern bis zu Mountainbikes - finden Sie heute Ihren perfekten Wegbegleiter!","breadcrumb":{"@id":"https:\/\/cioelectro.com\/produkt\/cannondale-habit-neo-2-elektrische-vollfederung-mtb-stealth-grey\/#breadcrumb"},"inLanguage":"en-US","potentialAction":[{"@type":"ReadAction","target":["https:\/\/cioelectro.com\/produkt\/cannondale-habit-neo-2-elektrische-vollfederung-mtb-stealth-grey\/"]}]},{"@type":"ImageObject","inLanguage":"en-US","@id":"https:\/\/cioelectro.com\/produkt\/cannondale-habit-neo-2-elektrische-vollfederung-mtb-stealth-grey\/#primaryimage","url":"https:\/\/cioelectro.com\/wp-content\/uploads\/2023\/06\/CANNONDALE-HABIT-NEO-2-ELEKTRISCHE-VOLLFEDERUNG-MTB-SHIMANO-SLX-12S-625-WH-29-STEALTH-GREY-1.jpg","contentUrl":"https:\/\/cioelectro.com\/wp-content\/uploads\/2023\/06\/CANNONDALE-HABIT-NEO-2-ELEKTRISCHE-VOLLFEDERUNG-MTB-SHIMANO-SLX-12S-625-WH-29-STEALTH-GREY-1.jpg","width":600,"height":408,"caption":"CANNONDALE HABIT NEO 2 ELEKTRISCHE VOLLFEDERUNG MTB SHIMANO SLX 12S 625 WH 29'' STEALTH GREY"},{"@type":"BreadcrumbList","@id":"https:\/\/cioelectro.com\/produkt\/cannondale-habit-neo-2-elektrische-vollfederung-mtb-stealth-grey\/#breadcrumb","itemListElement":[{"@type":"ListItem","position":1,"name":"Startseite","item":"https:\/\/cioelectro.com\/"},{"@type":"ListItem","position":2,"name":"LADEN","item":"https:\/\/cioelectro.com\/laden\/"},{"@type":"ListItem","position":3,"name":"CANNONDALE HABIT NEO 2 ELEKTRISCHE VOLLFEDERUNG MTB STEALTH GREY"}]},{"@type":"WebSite","@id":"https:\/\/cioelectro.com\/#website","url":"https:\/\/cioelectro.com\/","name":"cioelectro.com","description":"Treten Sie mit uns ins Abenteuer!","publisher":{"@id":"https:\/\/cioelectro.com\/#organization"},"alternateName":"MEIN RADLADEN","potentialAction":[{"@type":"SearchAction","target":{"@type":"EntryPoint","urlTemplate":"https:\/\/cioelectro.com\/?s={search_term_string}"},"query-input":{"@type":"PropertyValueSpecification","valueRequired":true,"valueName":"search_term_string"}}],"inLanguage":"en-US"},{"@type":"Organization","@id":"https:\/\/cioelectro.com\/#organization","name":"CIOELECTRO","alternateName":"MEIN RADLADEN","url":"https:\/\/cioelectro.com\/","logo":{"@type":"ImageObject","inLanguage":"en-US","@id":"https:\/\/cioelectro.com\/#\/schema\/logo\/image\/","url":"https:\/\/cioelectro.com\/wp-content\/uploads\/2025\/12\/Logo-2-1200x800.png","contentUrl":"https:\/\/cioelectro.com\/wp-content\/uploads\/2025\/12\/Logo-2-1200x800.png","width":1200,"height":800,"caption":"CIOELECTRO"},"image":{"@id":"https:\/\/cioelectro.com\/#\/schema\/logo\/image\/"}}]}},"_links":{"self":[{"href":"https:\/\/cioelectro.com\/en\/wp-json\/wp\/v2\/product\/11973","targetHints":{"allow":["GET"]}}],"collection":[{"href":"https:\/\/cioelectro.com\/en\/wp-json\/wp\/v2\/product"}],"about":[{"href":"https:\/\/cioelectro.com\/en\/wp-json\/wp\/v2\/types\/product"}],"replies":[{"embeddable":true,"href":"https:\/\/cioelectro.com\/en\/wp-json\/wp\/v2\/comments?post=11973"}],"version-history":[{"count":0,"href":"https:\/\/cioelectro.com\/en\/wp-json\/wp\/v2\/product\/11973\/revisions"}],"wp:featuredmedia":[{"embeddable":true,"href":"https:\/\/cioelectro.com\/en\/wp-json\/wp\/v2\/media\/60633"}],"wp:attachment":[{"href":"https:\/\/cioelectro.com\/en\/wp-json\/wp\/v2\/media?parent=11973"}],"wp:term":[{"taxonomy":"product_brand","embeddable":true,"href":"https:\/\/cioelectro.com\/en\/wp-json\/wp\/v2\/product_brand?post=11973"},{"taxonomy":"product_cat","embeddable":true,"href":"https:\/\/cioelectro.com\/en\/wp-json\/wp\/v2\/product_cat?post=11973"},{"taxonomy":"product_tag","embeddable":true,"href":"https:\/\/cioelectro.com\/en\/wp-json\/wp\/v2\/product_tag?post=11973"}],"curies":[{"name":"wp","href":"https:\/\/api.w.org\/{rel}","templated":true}]}}