{"id":11986,"date":"2022-08-03T16:45:33","date_gmt":"2022-08-03T14:45:33","guid":{"rendered":"https:\/\/meinradladen.com\/?post_type=product&#038;p=11986"},"modified":"2023-08-10T16:34:51","modified_gmt":"2023-08-10T14:34:51","slug":"cannondale-habit-neo-3-elektrisches-mtb-shimano-deore-electric-blau","status":"publish","type":"product","link":"https:\/\/cioelectro.com\/en\/produkt\/cannondale-habit-neo-3-elektrisches-mtb-shimano-deore-electric-blau\/","title":{"rendered":"CANNONDALE HABIT NEO 3 ELEKTRISCHES MTB SHIMANO DEORE ELECTRIC BLAU"},"content":{"rendered":"<h2 class=\"heading-title-text\">CANNONDALE HABIT NEO 3 ELEKTRISCHES MTB SHIMANO DEORE \/ SLX 12S 625 WH 29&#8221; ELECTRIC BLAU<\/h2>\n<div class=\"col col-sm-12 col-md-12 col-lg-12\">\n<p>Der\u00a0<strong>Cannondale Habit Neo 3<\/strong>\u00a0ist eine lebhafte Allround-Trail-Maschine, die den Spa\u00dffaktor auf schnellen, flie\u00dfenden Singletrails oder allem anderen, was der Berg zu bieten hat, steigert. Mit 130 mm Federung hinten und 140 mm vorne, gro\u00dfen 29-Zoll-R\u00e4dern und leistungsstarkem Bosch-Assistenten ist es agil, poppig, vielseitig und macht Spa\u00df f\u00fcr jede Fahrt.<\/p>\n<p>Der Habit Neo hat die Art von Handling, die Ihnen hilft, ein anderes Level in Ihrem Fahren zu finden. Es hat ein unglaublich ausgeglichenes, ausgeglichenes Gef\u00fchl, egal ob Sie in Gel\u00e4nderecken fahren, in technische Abfahrten eintauchen oder alle Funktionen, die Sie finden, ausschalten.<\/p>\n<p>Sogar die Anstiege flie\u00dfen, wenn Sie so viel Kraft haben. Die neue Performance CX-Antriebseinheit und der integrierte PowerTube-Akku sind das leistungsst\u00e4rkste und fortschrittlichste System des angesehensten Namens in der E-Bike-Technologie.<\/p>\n<p>Fahrer kommen in allen verschiedenen Gr\u00f6\u00dfen. Federung sollte auch. Das Cannondale-Fahrwerk \u00abProportional Response\u00bb verwendet gr\u00f6\u00dfenspezifische Schwerpunktdaten, um das Fahrwerkdesign f\u00fcr jede Fahrradgr\u00f6\u00dfe anzupassen. Dies bedeutet, dass jeder Fahrer eine ideale Federungsleistung aufweist: bessere Traktion beim Bremsen und Klettern, bessere Treteffizienz, bessere Empfindlichkeit bei kleinen Unebenheiten und bessere Kontrolle bei gro\u00dfen Treffern. Egal wie gro\u00df Sie sind, Proportional Response optimiert die Fahrt f\u00fcr mehr Kontrolle, mehr Geschwindigkeit und mehr Spa\u00df.<\/p>\n<\/div>\n<div class=\"prodsheet_bullets col col-sm-8 col-md-8 col-lg-8\">\n<h4>HAUPTEIGENSCHAFTEN:<\/h4>\n<ul>\n<li>Cannondales spa\u00dfigstes Trailbike mit einem leistungsstarken Motor.<\/li>\n<li>BallisTec Carbon Front Triangle, SmartForm C1 Legierungsschwinge.<\/li>\n<li>Kundenspezifische Sto\u00dfd\u00e4mpfer und Befestigungspunkte.<\/li>\n<li>Shimano Deore \/ SLX 1&#215;12-Gang-Antrieb.<\/li>\n<li>Magura MT Drei\u00dfig hydraulische Scheibenbremsen, 220\/203 mm.<\/li>\n<\/ul>\n<\/div>\n<div class=\"prodsheet_specs1 col col-sm-12 col-md-12 col-lg-12\">\n<h4>EIGENSCHAFTEN:<\/h4>\n<table class=\"table table-striped\">\n<tbody>\n<tr>\n<td>Rahmen<\/td>\n<td>Carbon \/ Aluminium: BallisTec Carbon Front Triangle, SmartForm C1 Alu-Schwinge, Alu-Unterfahrschutz, Ai-Offset-Antrieb, 130 mm Federweg<\/td>\n<\/tr>\n<tr>\n<td>Gabel<\/td>\n<td>RockShox 35 Gold RL, 140 mm Federweg, DebonAir, 15 x 110 mm, konischer Gabelschaft, 51 mm Versatz<\/td>\n<\/tr>\n<tr>\n<td>Sto\u00dfd\u00e4mpfer hinten<\/td>\n<td>RockShox Deluxe W\u00e4hlen Sie R, DebonAir<\/td>\n<\/tr>\n<tr>\n<td>Motor<\/td>\n<td>Bosch Performance CX Antriebseinheit, 75 Nm, 25 km \/ h<\/td>\n<\/tr>\n<tr>\n<td>Batterie<\/td>\n<td>Bosch PowerTube 625 Wh<\/td>\n<\/tr>\n<tr>\n<td>Anzeige<\/td>\n<td>Bosch Purion<\/td>\n<\/tr>\n<tr>\n<td>Headset<\/td>\n<td>Integriertes abgedichtetes Lager, konisch<\/td>\n<\/tr>\n<tr>\n<td>Stengel<\/td>\n<td>Cannondale 3, 6061 Legierung, 31,8 mm, 0 \u00b0<\/td>\n<\/tr>\n<tr>\n<td>Lenker<\/td>\n<td>Cannondale 3 Riser, 6061 Legierung, 15 mm Anstieg, 8 \u00b0 Sweep, 4 \u00b0 Anstieg, 780 mm<\/td>\n<\/tr>\n<tr>\n<td>Griffe<\/td>\n<td>Stoff Pilz<\/td>\n<\/tr>\n<tr>\n<td>Schalthebel<\/td>\n<td>Shimano Deore M6100, 1&#215;12-Geschwindigkeit<\/td>\n<\/tr>\n<tr>\n<td>Schaltwerk<\/td>\n<td>Shimano SLX, 12-Gang<\/td>\n<\/tr>\n<tr>\n<td>Kurbelgarnitur<\/td>\n<td>FSA Bosch E-Bike mit individuellem Ai-Offset, 34T<\/td>\n<\/tr>\n<tr>\n<td>Kette<\/td>\n<td>Shimano Deore, 12-Gang<\/td>\n<\/tr>\n<tr>\n<td>Kassette<\/td>\n<td>Shimano Deore M6100, 10-51T, 12-Gang<\/td>\n<\/tr>\n<tr>\n<td>Bremshebel<\/td>\n<td>Magura MT 30 HC<\/td>\n<\/tr>\n<tr>\n<td>Bremsen<\/td>\n<td>Magura MT Drei\u00dfig Hydraulikscheibe, 220\/203 mm MDR-P-Rotoren, 4-Kolben (vorne) \/ 2-Kolben (hinten)<\/td>\n<\/tr>\n<tr>\n<td>Sattel<\/td>\n<td>Stoff Scoop Shallow Sport, Stahlschienen<\/td>\n<\/tr>\n<tr>\n<td>Sattelst\u00fctze<\/td>\n<td>TranzX-Tropfer, interne F\u00fchrung, 31,6 mm \/ Tropfen: 125 mm (S), 130 mm (M, L, XL)<\/td>\n<\/tr>\n<tr>\n<td>Radsatz<\/td>\n<td>WTB ST i30 TCS, 32h, schlauchlos bereit<\/td>\n<\/tr>\n<tr>\n<td>Hubs<\/td>\n<td>Vorderseite: Formel DC-511, 15 x 110 mm \/ R\u00fcckseite: Shimano FH-MT410-B, 12 x 148 mm<\/td>\n<\/tr>\n<tr>\n<td>Reifen<\/td>\n<td>Vorderseite: Maxxis Dissector, EXO-Geh\u00e4use, schlauchlos, 29 x 2,6 &#8220;\/ R\u00fcckseite: Maxxis Rekon, EXO-Geh\u00e4use, schlauchlos, 29 x 2,6&#8221;<\/td>\n<\/tr>\n<tr>\n<td>Gewicht<\/td>\n<td>&#8212;<\/td>\n<\/tr>\n<tr>\n<td>Farbe<\/td>\n<td>Electric Blue<\/td>\n<\/tr>\n<\/tbody>\n<\/table>\n<\/div>\n<div class=\"prodsheet_specs2 col col-sm-8 col-md-8 col-lg-8\">\n<h4>GEOMETRIEN:<\/h4>\n<p><img decoding=\"async\" src=\"http:\/\/media1.alltricks.fr\/ckfinder\/images\/cube_Full-Suspension_geo_en.jpg\" \/><\/p>\n<table class=\"table table-striped\">\n<tbody>\n<tr>\n<td>Rahmengr\u00f6\u00dfe<\/td>\n<td>S<\/td>\n<td>M<\/td>\n<td>L<\/td>\n<td>XL<\/td>\n<\/tr>\n<tr>\n<td>Radgr\u00f6\u00dfe (Zoll)<\/td>\n<td>29<\/td>\n<td>29<\/td>\n<td>29<\/td>\n<td>29<\/td>\n<\/tr>\n<tr>\n<td>Sitzrohr (mm)<\/td>\n<td>400<\/td>\n<td>430<\/td>\n<td>460<\/td>\n<td>510<\/td>\n<\/tr>\n<tr>\n<td>Oberrohr (mm)<\/td>\n<td>587<\/td>\n<td>610<\/td>\n<td>637<\/td>\n<td>665<\/td>\n<\/tr>\n<tr>\n<td>Kettenstreben (mm)<\/td>\n<td>455<\/td>\n<td>455<\/td>\n<td>455<\/td>\n<td>455<\/td>\n<\/tr>\n<tr>\n<td>Steuerrohrwinkel (\u00b0)<\/td>\n<td>66,5<\/td>\n<td>66,5<\/td>\n<td>66,5<\/td>\n<td>66,5<\/td>\n<\/tr>\n<tr>\n<td>Sitzrohrwinkel (\u00b0)<\/td>\n<td>75<\/td>\n<td>75<\/td>\n<td>75<\/td>\n<td>75<\/td>\n<\/tr>\n<tr>\n<td>Radstand (mm)<\/td>\n<td>1181<\/td>\n<td>1205<\/td>\n<td>1234<\/td>\n<td>1263<\/td>\n<\/tr>\n<tr>\n<td>Stapel (mm)<\/td>\n<td>605<\/td>\n<td>614<\/td>\n<td>623<\/td>\n<td>633<\/td>\n<\/tr>\n<tr>\n<td>Reichweite (mm)<\/td>\n<td>425<\/td>\n<td>445<\/td>\n<td>470<\/td>\n<td>495<\/td>\n<\/tr>\n<\/tbody>\n<\/table>\n<\/div>","protected":false},"excerpt":{"rendered":"<div class=\"col-lg-14 col-md-14 col-sm-14 col-xs-20\"><\/div>\n<div id=\"product-specifications-table\" class=\"col-lg-20 col-md-20 col-sm-20 col-xs-20\">\n<table class=\"table table-striped\">\n<tbody>\n<tr>\n<td class=\"spec-name\">Geschlecht<\/td>\n<td class=\"spec-value\">Herren<\/td>\n<\/tr>\n<tr>\n<td class=\"spec-name\">Gruppe<\/td>\n<td class=\"spec-value\">Shimano Deore SLX 12S<\/td>\n<\/tr>\n<tr>\n<td class=\"spec-name\">collection<\/td>\n<td class=\"spec-value\">Restst\u00fccke<\/td>\n<\/tr>\n<\/tbody>\n<\/table>\n<\/div>","protected":false},"featured_media":60640,"comment_status":"open","ping_status":"closed","template":"","meta":{"_rtcl_gb_attr":""},"product_brand":[],"product_cat":[783],"product_tag":[],"class_list":{"0":"post-11986","1":"product","2":"type-product","3":"status-publish","4":"has-post-thumbnail","6":"product_cat-accessories","7":"pa_marke-cannondale","9":"first","10":"instock","11":"sale","12":"taxable","13":"shipping-taxable","14":"purchasable","15":"product-type-variable"},"yoast_head":"<!-- This site is optimized with the Yoast SEO Premium plugin v20.12 (Yoast SEO v27.4) - https:\/\/yoast.com\/product\/yoast-seo-premium-wordpress\/ -->\n<title>CANNONDALE HABIT NEO 3 ELEKTRISCHES MTB SHIMANO DEORE ELECTRIC BLAU<\/title>\n<meta name=\"description\" content=\"Entdecken Sie unseren Online-Fahrradladen: Gro\u00dfe Auswahl an Modellen f\u00fcr alle Radsportbegeisterten. Von Rennr\u00e4dern bis zu Mountainbikes - finden Sie heute Ihren perfekten Wegbegleiter!\" \/>\n<meta name=\"robots\" content=\"index, follow, max-snippet:-1, max-image-preview:large, max-video-preview:-1\" \/>\n<link rel=\"canonical\" href=\"https:\/\/cioelectro.com\/en\/produkt\/cannondale-habit-neo-3-elektrisches-mtb-shimano-deore-electric-blau\/\" \/>\n<meta property=\"og:locale\" content=\"en_US\" \/>\n<meta property=\"og:type\" content=\"article\" \/>\n<meta property=\"og:title\" content=\"CANNONDALE HABIT NEO 3 ELEKTRISCHES MTB SHIMANO DEORE ELECTRIC BLAU\" \/>\n<meta property=\"og:description\" content=\"Entdecken Sie unseren Online-Fahrradladen: Gro\u00dfe Auswahl an Modellen f\u00fcr alle Radsportbegeisterten. Von Rennr\u00e4dern bis zu Mountainbikes - finden Sie heute Ihren perfekten Wegbegleiter!\" \/>\n<meta property=\"og:url\" content=\"https:\/\/cioelectro.com\/en\/produkt\/cannondale-habit-neo-3-elektrisches-mtb-shimano-deore-electric-blau\/\" \/>\n<meta property=\"og:site_name\" content=\"cioelectro.com\" \/>\n<meta property=\"article:modified_time\" content=\"2023-08-10T14:34:51+00:00\" \/>\n<meta property=\"og:image\" content=\"https:\/\/cioelectro.com\/wp-content\/uploads\/2023\/06\/CANNONDALE-HABIT-NEO-3-ELEKTRISCHES-MTB-SHIMANO-DEORE-SLX-12S-625-WH-29-ELECTRIC-BLAU.jpg\" \/>\n\t<meta property=\"og:image:width\" content=\"600\" \/>\n\t<meta property=\"og:image:height\" content=\"408\" \/>\n\t<meta property=\"og:image:type\" content=\"image\/jpeg\" \/>\n<meta name=\"twitter:card\" content=\"summary_large_image\" \/>\n<meta name=\"twitter:label1\" content=\"Est. reading time\" \/>\n\t<meta name=\"twitter:data1\" content=\"4 minutes\" \/>\n<script type=\"application\/ld+json\" class=\"yoast-schema-graph\">{\"@context\":\"https:\\\/\\\/schema.org\",\"@graph\":[{\"@type\":\"WebPage\",\"@id\":\"https:\\\/\\\/cioelectro.com\\\/produkt\\\/cannondale-habit-neo-3-elektrisches-mtb-shimano-deore-electric-blau\\\/\",\"url\":\"https:\\\/\\\/cioelectro.com\\\/produkt\\\/cannondale-habit-neo-3-elektrisches-mtb-shimano-deore-electric-blau\\\/\",\"name\":\"CANNONDALE HABIT NEO 3 ELEKTRISCHES MTB SHIMANO DEORE ELECTRIC BLAU\",\"isPartOf\":{\"@id\":\"https:\\\/\\\/cioelectro.com\\\/#website\"},\"primaryImageOfPage\":{\"@id\":\"https:\\\/\\\/cioelectro.com\\\/produkt\\\/cannondale-habit-neo-3-elektrisches-mtb-shimano-deore-electric-blau\\\/#primaryimage\"},\"image\":{\"@id\":\"https:\\\/\\\/cioelectro.com\\\/produkt\\\/cannondale-habit-neo-3-elektrisches-mtb-shimano-deore-electric-blau\\\/#primaryimage\"},\"thumbnailUrl\":\"https:\\\/\\\/cioelectro.com\\\/wp-content\\\/uploads\\\/2023\\\/06\\\/CANNONDALE-HABIT-NEO-3-ELEKTRISCHES-MTB-SHIMANO-DEORE-SLX-12S-625-WH-29-ELECTRIC-BLAU.jpg\",\"datePublished\":\"2022-08-03T14:45:33+00:00\",\"dateModified\":\"2023-08-10T14:34:51+00:00\",\"description\":\"Entdecken Sie unseren Online-Fahrradladen: Gro\u00dfe Auswahl an Modellen f\u00fcr alle Radsportbegeisterten. Von Rennr\u00e4dern bis zu Mountainbikes - finden Sie heute Ihren perfekten Wegbegleiter!\",\"breadcrumb\":{\"@id\":\"https:\\\/\\\/cioelectro.com\\\/produkt\\\/cannondale-habit-neo-3-elektrisches-mtb-shimano-deore-electric-blau\\\/#breadcrumb\"},\"inLanguage\":\"en-US\",\"potentialAction\":[{\"@type\":\"ReadAction\",\"target\":[\"https:\\\/\\\/cioelectro.com\\\/produkt\\\/cannondale-habit-neo-3-elektrisches-mtb-shimano-deore-electric-blau\\\/\"]}]},{\"@type\":\"ImageObject\",\"inLanguage\":\"en-US\",\"@id\":\"https:\\\/\\\/cioelectro.com\\\/produkt\\\/cannondale-habit-neo-3-elektrisches-mtb-shimano-deore-electric-blau\\\/#primaryimage\",\"url\":\"https:\\\/\\\/cioelectro.com\\\/wp-content\\\/uploads\\\/2023\\\/06\\\/CANNONDALE-HABIT-NEO-3-ELEKTRISCHES-MTB-SHIMANO-DEORE-SLX-12S-625-WH-29-ELECTRIC-BLAU.jpg\",\"contentUrl\":\"https:\\\/\\\/cioelectro.com\\\/wp-content\\\/uploads\\\/2023\\\/06\\\/CANNONDALE-HABIT-NEO-3-ELEKTRISCHES-MTB-SHIMANO-DEORE-SLX-12S-625-WH-29-ELECTRIC-BLAU.jpg\",\"width\":600,\"height\":408,\"caption\":\"CANNONDALE HABIT NEO 3 ELEKTRISCHES MTB SHIMANO DEORE SLX 12S 625 WH 29'' ELECTRIC BLAU\"},{\"@type\":\"BreadcrumbList\",\"@id\":\"https:\\\/\\\/cioelectro.com\\\/produkt\\\/cannondale-habit-neo-3-elektrisches-mtb-shimano-deore-electric-blau\\\/#breadcrumb\",\"itemListElement\":[{\"@type\":\"ListItem\",\"position\":1,\"name\":\"Startseite\",\"item\":\"https:\\\/\\\/cioelectro.com\\\/\"},{\"@type\":\"ListItem\",\"position\":2,\"name\":\"LADEN\",\"item\":\"https:\\\/\\\/cioelectro.com\\\/laden\\\/\"},{\"@type\":\"ListItem\",\"position\":3,\"name\":\"CANNONDALE HABIT NEO 3 ELEKTRISCHES MTB SHIMANO DEORE ELECTRIC BLAU\"}]},{\"@type\":\"WebSite\",\"@id\":\"https:\\\/\\\/cioelectro.com\\\/#website\",\"url\":\"https:\\\/\\\/cioelectro.com\\\/\",\"name\":\"cioelectro.com\",\"description\":\"Treten Sie mit uns ins Abenteuer!\",\"publisher\":{\"@id\":\"https:\\\/\\\/cioelectro.com\\\/#organization\"},\"alternateName\":\"MEIN RADLADEN\",\"potentialAction\":[{\"@type\":\"SearchAction\",\"target\":{\"@type\":\"EntryPoint\",\"urlTemplate\":\"https:\\\/\\\/cioelectro.com\\\/?s={search_term_string}\"},\"query-input\":{\"@type\":\"PropertyValueSpecification\",\"valueRequired\":true,\"valueName\":\"search_term_string\"}}],\"inLanguage\":\"en-US\"},{\"@type\":\"Organization\",\"@id\":\"https:\\\/\\\/cioelectro.com\\\/#organization\",\"name\":\"CIOELECTRO\",\"alternateName\":\"MEIN RADLADEN\",\"url\":\"https:\\\/\\\/cioelectro.com\\\/\",\"logo\":{\"@type\":\"ImageObject\",\"inLanguage\":\"en-US\",\"@id\":\"https:\\\/\\\/cioelectro.com\\\/#\\\/schema\\\/logo\\\/image\\\/\",\"url\":\"https:\\\/\\\/cioelectro.com\\\/wp-content\\\/uploads\\\/2025\\\/12\\\/Logo-2-1200x800.png\",\"contentUrl\":\"https:\\\/\\\/cioelectro.com\\\/wp-content\\\/uploads\\\/2025\\\/12\\\/Logo-2-1200x800.png\",\"width\":1200,\"height\":800,\"caption\":\"CIOELECTRO\"},\"image\":{\"@id\":\"https:\\\/\\\/cioelectro.com\\\/#\\\/schema\\\/logo\\\/image\\\/\"}}]}<\/script>\n<!-- \/ Yoast SEO Premium plugin. -->","yoast_head_json":{"title":"CANNONDALE HABIT NEO 3 ELEKTRISCHES MTB SHIMANO DEORE ELECTRIC BLAU","description":"Entdecken Sie unseren Online-Fahrradladen: Gro\u00dfe Auswahl an Modellen f\u00fcr alle Radsportbegeisterten. Von Rennr\u00e4dern bis zu Mountainbikes - finden Sie heute Ihren perfekten Wegbegleiter!","robots":{"index":"index","follow":"follow","max-snippet":"max-snippet:-1","max-image-preview":"max-image-preview:large","max-video-preview":"max-video-preview:-1"},"canonical":"https:\/\/cioelectro.com\/en\/produkt\/cannondale-habit-neo-3-elektrisches-mtb-shimano-deore-electric-blau\/","og_locale":"en_US","og_type":"article","og_title":"CANNONDALE HABIT NEO 3 ELEKTRISCHES MTB SHIMANO DEORE ELECTRIC BLAU","og_description":"Entdecken Sie unseren Online-Fahrradladen: Gro\u00dfe Auswahl an Modellen f\u00fcr alle Radsportbegeisterten. Von Rennr\u00e4dern bis zu Mountainbikes - finden Sie heute Ihren perfekten Wegbegleiter!","og_url":"https:\/\/cioelectro.com\/en\/produkt\/cannondale-habit-neo-3-elektrisches-mtb-shimano-deore-electric-blau\/","og_site_name":"cioelectro.com","article_modified_time":"2023-08-10T14:34:51+00:00","og_image":[{"width":600,"height":408,"url":"https:\/\/cioelectro.com\/wp-content\/uploads\/2023\/06\/CANNONDALE-HABIT-NEO-3-ELEKTRISCHES-MTB-SHIMANO-DEORE-SLX-12S-625-WH-29-ELECTRIC-BLAU.jpg","type":"image\/jpeg"}],"twitter_card":"summary_large_image","twitter_misc":{"Est. reading time":"4 minutes"},"schema":{"@context":"https:\/\/schema.org","@graph":[{"@type":"WebPage","@id":"https:\/\/cioelectro.com\/produkt\/cannondale-habit-neo-3-elektrisches-mtb-shimano-deore-electric-blau\/","url":"https:\/\/cioelectro.com\/produkt\/cannondale-habit-neo-3-elektrisches-mtb-shimano-deore-electric-blau\/","name":"CANNONDALE HABIT NEO 3 ELEKTRISCHES MTB SHIMANO DEORE ELECTRIC BLAU","isPartOf":{"@id":"https:\/\/cioelectro.com\/#website"},"primaryImageOfPage":{"@id":"https:\/\/cioelectro.com\/produkt\/cannondale-habit-neo-3-elektrisches-mtb-shimano-deore-electric-blau\/#primaryimage"},"image":{"@id":"https:\/\/cioelectro.com\/produkt\/cannondale-habit-neo-3-elektrisches-mtb-shimano-deore-electric-blau\/#primaryimage"},"thumbnailUrl":"https:\/\/cioelectro.com\/wp-content\/uploads\/2023\/06\/CANNONDALE-HABIT-NEO-3-ELEKTRISCHES-MTB-SHIMANO-DEORE-SLX-12S-625-WH-29-ELECTRIC-BLAU.jpg","datePublished":"2022-08-03T14:45:33+00:00","dateModified":"2023-08-10T14:34:51+00:00","description":"Entdecken Sie unseren Online-Fahrradladen: Gro\u00dfe Auswahl an Modellen f\u00fcr alle Radsportbegeisterten. Von Rennr\u00e4dern bis zu Mountainbikes - finden Sie heute Ihren perfekten Wegbegleiter!","breadcrumb":{"@id":"https:\/\/cioelectro.com\/produkt\/cannondale-habit-neo-3-elektrisches-mtb-shimano-deore-electric-blau\/#breadcrumb"},"inLanguage":"en-US","potentialAction":[{"@type":"ReadAction","target":["https:\/\/cioelectro.com\/produkt\/cannondale-habit-neo-3-elektrisches-mtb-shimano-deore-electric-blau\/"]}]},{"@type":"ImageObject","inLanguage":"en-US","@id":"https:\/\/cioelectro.com\/produkt\/cannondale-habit-neo-3-elektrisches-mtb-shimano-deore-electric-blau\/#primaryimage","url":"https:\/\/cioelectro.com\/wp-content\/uploads\/2023\/06\/CANNONDALE-HABIT-NEO-3-ELEKTRISCHES-MTB-SHIMANO-DEORE-SLX-12S-625-WH-29-ELECTRIC-BLAU.jpg","contentUrl":"https:\/\/cioelectro.com\/wp-content\/uploads\/2023\/06\/CANNONDALE-HABIT-NEO-3-ELEKTRISCHES-MTB-SHIMANO-DEORE-SLX-12S-625-WH-29-ELECTRIC-BLAU.jpg","width":600,"height":408,"caption":"CANNONDALE HABIT NEO 3 ELEKTRISCHES MTB SHIMANO DEORE SLX 12S 625 WH 29'' ELECTRIC BLAU"},{"@type":"BreadcrumbList","@id":"https:\/\/cioelectro.com\/produkt\/cannondale-habit-neo-3-elektrisches-mtb-shimano-deore-electric-blau\/#breadcrumb","itemListElement":[{"@type":"ListItem","position":1,"name":"Startseite","item":"https:\/\/cioelectro.com\/"},{"@type":"ListItem","position":2,"name":"LADEN","item":"https:\/\/cioelectro.com\/laden\/"},{"@type":"ListItem","position":3,"name":"CANNONDALE HABIT NEO 3 ELEKTRISCHES MTB SHIMANO DEORE ELECTRIC BLAU"}]},{"@type":"WebSite","@id":"https:\/\/cioelectro.com\/#website","url":"https:\/\/cioelectro.com\/","name":"cioelectro.com","description":"Treten Sie mit uns ins Abenteuer!","publisher":{"@id":"https:\/\/cioelectro.com\/#organization"},"alternateName":"MEIN RADLADEN","potentialAction":[{"@type":"SearchAction","target":{"@type":"EntryPoint","urlTemplate":"https:\/\/cioelectro.com\/?s={search_term_string}"},"query-input":{"@type":"PropertyValueSpecification","valueRequired":true,"valueName":"search_term_string"}}],"inLanguage":"en-US"},{"@type":"Organization","@id":"https:\/\/cioelectro.com\/#organization","name":"CIOELECTRO","alternateName":"MEIN RADLADEN","url":"https:\/\/cioelectro.com\/","logo":{"@type":"ImageObject","inLanguage":"en-US","@id":"https:\/\/cioelectro.com\/#\/schema\/logo\/image\/","url":"https:\/\/cioelectro.com\/wp-content\/uploads\/2025\/12\/Logo-2-1200x800.png","contentUrl":"https:\/\/cioelectro.com\/wp-content\/uploads\/2025\/12\/Logo-2-1200x800.png","width":1200,"height":800,"caption":"CIOELECTRO"},"image":{"@id":"https:\/\/cioelectro.com\/#\/schema\/logo\/image\/"}}]}},"_links":{"self":[{"href":"https:\/\/cioelectro.com\/en\/wp-json\/wp\/v2\/product\/11986","targetHints":{"allow":["GET"]}}],"collection":[{"href":"https:\/\/cioelectro.com\/en\/wp-json\/wp\/v2\/product"}],"about":[{"href":"https:\/\/cioelectro.com\/en\/wp-json\/wp\/v2\/types\/product"}],"replies":[{"embeddable":true,"href":"https:\/\/cioelectro.com\/en\/wp-json\/wp\/v2\/comments?post=11986"}],"version-history":[{"count":0,"href":"https:\/\/cioelectro.com\/en\/wp-json\/wp\/v2\/product\/11986\/revisions"}],"wp:featuredmedia":[{"embeddable":true,"href":"https:\/\/cioelectro.com\/en\/wp-json\/wp\/v2\/media\/60640"}],"wp:attachment":[{"href":"https:\/\/cioelectro.com\/en\/wp-json\/wp\/v2\/media?parent=11986"}],"wp:term":[{"taxonomy":"product_brand","embeddable":true,"href":"https:\/\/cioelectro.com\/en\/wp-json\/wp\/v2\/product_brand?post=11986"},{"taxonomy":"product_cat","embeddable":true,"href":"https:\/\/cioelectro.com\/en\/wp-json\/wp\/v2\/product_cat?post=11986"},{"taxonomy":"product_tag","embeddable":true,"href":"https:\/\/cioelectro.com\/en\/wp-json\/wp\/v2\/product_tag?post=11986"}],"curies":[{"name":"wp","href":"https:\/\/api.w.org\/{rel}","templated":true}]}}