{"id":11997,"date":"2022-08-03T17:28:49","date_gmt":"2022-08-03T15:28:49","guid":{"rendered":"https:\/\/meinradladen.com\/?post_type=product&#038;p=11997"},"modified":"2023-08-10T16:18:17","modified_gmt":"2023-08-10T14:18:17","slug":"cannondale-moterra-neo-4-elektro-mtb-grey-impact-orange","status":"publish","type":"product","link":"https:\/\/cioelectro.com\/en\/produkt\/cannondale-moterra-neo-4-elektro-mtb-grey-impact-orange\/","title":{"rendered":"CANNONDALE MOTERRA NEO 4 ELEKTRO-MTB GREY IMPACT ORANGE"},"content":{"rendered":"<div id=\"product-header-order-name\" class=\"col-lg-20 col-md-20 col-sm-20 col-xs-20\">\n<h2 class=\"heading-title-text\">CANNONDALE MOTERRA NEO 4 ELEKTRO-MTB MIT VOLLFEDERUNG SRAM NX\/SX EAGLE 12S 630 WH 29&#8221; GREY IMPACT ORANGE<\/h2>\n<div class=\"col col-sm-12 col-md-12 col-lg-12\">\n<p>Das\u00a0<strong>Cannondale Moterra Neo 4<\/strong>\u00a0ist ein aus Aluminium gebautes E-MTB, das mit enormen Kapazit\u00e4ten ausgestattet ist, um die schwindelerregendsten Abfahrten und die steilsten Anstiege zu meistern. Es verf\u00fcgt \u00fcber eine vollst\u00e4ndig integrierte elektrische Unterst\u00fctzungstechnologie. Beeindruckend pr\u00e4zise, \u00fcberraschend agil und unglaublich viel Spa\u00df auf jedem Terrain. Mit niedrigem Schwerpunkt, progressiver Geometrie und kurzen Kettenstreben ist\u00a0<strong>das Fahrverhalten des Moterra Neo<\/strong>\u00a0eine Klasse f\u00fcr sich.<\/p>\n<\/div>\n<div class=\"prodsheet_bullets col col-sm-8 col-md-8 col-lg-8\">\n<h4>HAUPTEIGENSCHAFTEN:<\/h4>\n<ul>\n<li>SmartForm C2 Alu-Rahmen mit integriertem Akku, 150 mm Federweg.<\/li>\n<li>Sram NX\/SX Eagle 1&#215;12-fach Antrieb.<\/li>\n<li>TRP Slate G4 hydraulische Scheibenbremsen, 200\/200 mm.<\/li>\n<li>Shimano Steps EP8 Antriebseinheit mit 630 Wh Akku.<\/li>\n<\/ul>\n<\/div>\n<div class=\"prodsheet_specs1 col col-sm-12 col-md-12 col-lg-12\">\n<h4>MERKMALE:<\/h4>\n<table class=\"table table-striped\">\n<tbody>\n<tr>\n<td>Rahmen<\/td>\n<td>Aluminium: SmartForm C2 Alloy, Cannondale Tuned Suspension, herausnehmbarer Akku im Unterrohr, interne Kabelf\u00fchrung, 148 x 12 mm Steckachse, Postmount-Bremse, konisches Steuerrohr, 150 mm Federweg<\/td>\n<\/tr>\n<tr>\n<td>Gabel<\/td>\n<td>RockShox 35 Silver R, Solo Air, 15 x 110 mm Stealth-Steckachse, konischer Gabelschaft, 51 mm Vorbiegung, 150 mm Federweg<\/td>\n<\/tr>\n<tr>\n<td>Sto\u00dfd\u00e4mpfer hinten<\/td>\n<td>RockShox Deluxe Select R, DebonAir<\/td>\n<\/tr>\n<tr>\n<td>Motor<\/td>\n<td>Shimano Schritte EP8<\/td>\n<\/tr>\n<tr>\n<td>Batterie<\/td>\n<td>Shimano BT-E8036, 630 Wh<\/td>\n<\/tr>\n<tr>\n<td>Anzeige<\/td>\n<td>Shimano SC-EM800, Bluetooth aktiviert<\/td>\n<\/tr>\n<tr>\n<td>Schalthebel<\/td>\n<td>Sram NX Eagle, 1&#215;12-fach<\/td>\n<\/tr>\n<tr>\n<td>Schaltwerk<\/td>\n<td>Sram SX Eagle, 12-Gang<\/td>\n<\/tr>\n<tr>\n<td>Kassette<\/td>\n<td>Sram PG-1210, 11-50T<\/td>\n<\/tr>\n<tr>\n<td>Kurbelgarnitur<\/td>\n<td>FSA E-Bike, 165 mm, Sram Eagle, Stahl, 34T<\/td>\n<\/tr>\n<tr>\n<td>Bremsen<\/td>\n<td>TRP Schiefer G4, hydr. Scheibenbremsen, 200\/200 mm Rotoren<\/td>\n<\/tr>\n<tr>\n<td>Laufradsatz<\/td>\n<td>WTB STX i25 TCS, 32h, schlauchlos bereit<\/td>\n<\/tr>\n<tr>\n<td>Naben<\/td>\n<td>Vorne: Shimano MT400, 15 x 110 mm Steckachse \/ Hinten: Shimano MT400, 12 x 148 mm Steckachse<\/td>\n<\/tr>\n<tr>\n<td>Reifen<\/td>\n<td>Maxxis Rekon, 60 TPI Exo, 29 x 2,6&#8243;<\/td>\n<\/tr>\n<tr>\n<td>Headset<\/td>\n<td>Integriertes abgedichtetes Lager, konisch<\/td>\n<\/tr>\n<tr>\n<td>Lenker<\/td>\n<td>Cannondale 3 Riser, 6061 Alloy, 15 mm Steigung, 8\u00b0 Sweep, 4\u00b0 Steigung, 780 mm<\/td>\n<\/tr>\n<tr>\n<td>Griffe<\/td>\n<td>Stoffpilz<\/td>\n<\/tr>\n<tr>\n<td>Stengel<\/td>\n<td>Cannondale 3, 3D-geschmiedete 6061-Legierung, 1-1\/8&#8243;, 31,8, 7\u00b0<\/td>\n<\/tr>\n<tr>\n<td>Sattel<\/td>\n<td>Cannondale Ergo XC<\/td>\n<\/tr>\n<tr>\n<td>Sattelst\u00fctze<\/td>\n<td>TranzX Dropper, interne Zugf\u00fchrung, 31,6, 100 mm (S), 120 mm (M), 130 mm (L-XL)<\/td>\n<\/tr>\n<tr>\n<td>Gewicht<\/td>\n<td>&#8212;<\/td>\n<\/tr>\n<tr>\n<td>Farbe<\/td>\n<td>Wirkung Orange<\/td>\n<\/tr>\n<\/tbody>\n<\/table>\n<\/div>\n<div class=\"prodsheet_specs2 col col-sm-8 col-md-8 col-lg-8\">\n<h4>GEOMETRIEN:<\/h4>\n<p><img decoding=\"async\" src=\"http:\/\/media1.alltricks.fr\/ckfinder\/images\/cube_Full-Suspension_geo_en.jpg\" \/><\/p>\n<table class=\"table table-striped\">\n<tbody>\n<tr>\n<td>Rahmengr\u00f6\u00dfe<\/td>\n<td>S<\/td>\n<td>m<\/td>\n<td>L<\/td>\n<td>XL<\/td>\n<\/tr>\n<tr>\n<td>Sitzrohr (mm)<\/td>\n<td>430<\/td>\n<td>450<\/td>\n<td>480<\/td>\n<td>510<\/td>\n<\/tr>\n<tr>\n<td>Oberrohr (mm)<\/td>\n<td>579<\/td>\n<td>604<\/td>\n<td>629<\/td>\n<td>656<\/td>\n<\/tr>\n<tr>\n<td>Kettenstreben (mm)<\/td>\n<td>455<\/td>\n<td>455<\/td>\n<td>455<\/td>\n<td>455<\/td>\n<\/tr>\n<tr>\n<td>Steuerrohrl\u00e4nge (mm)<\/td>\n<td>115<\/td>\n<td>115<\/td>\n<td>115<\/td>\n<td>124<\/td>\n<\/tr>\n<tr>\n<td>Steuerrohrwinkel (\u00b0)<\/td>\n<td>65<\/td>\n<td>65<\/td>\n<td>65<\/td>\n<td>65<\/td>\n<\/tr>\n<tr>\n<td>Sitzrohrwinkel (\u00b0)<\/td>\n<td>71<\/td>\n<td>71<\/td>\n<td>71<\/td>\n<td>71<\/td>\n<\/tr>\n<tr>\n<td>Radstand (mm)<\/td>\n<td>1209<\/td>\n<td>1234<\/td>\n<td>1259<\/td>\n<td>1288<\/td>\n<\/tr>\n<tr>\n<td>Stapel (mm)<\/td>\n<td>617<\/td>\n<td>617<\/td>\n<td>617<\/td>\n<td>626<\/td>\n<\/tr>\n<tr>\n<td>Reichweite (mm)<\/td>\n<td>425<\/td>\n<td>450<\/td>\n<td>475<\/td>\n<td>500<\/td>\n<\/tr>\n<\/tbody>\n<\/table>\n<\/div>\n<\/div>\n<div id=\"product-header-order-form\" class=\"js-reload-on-event col-lg-20 col-md-20 col-sm-20 col-xs-20\" data-to-watch=\"body\" data-event=\"alltricks:cartChanged\" data-url=\"\/ajax\/product\/ajouter\/F-11947-velos-complets-vtt\/P-2087814-cannondale_moterra_neo_4_elektro_mtb_mit_vollfederung_sram_nx_sx_eagle_12s_630_wh_29___grey_impact_orange\"><\/div>","protected":false},"excerpt":{"rendered":"<div class=\"col-lg-14 col-md-14 col-sm-14 col-xs-20\"><\/div>\n<div id=\"product-specifications-table\" class=\"col-lg-20 col-md-20 col-sm-20 col-xs-20\">\n<table class=\"table table-striped\">\n<tbody>\n<tr>\n<td class=\"spec-name\">Geschlecht<\/td>\n<td class=\"spec-value\">Herren<\/td>\n<\/tr>\n<tr>\n<td class=\"spec-name\">Gruppe<\/td>\n<td class=\"spec-value\">Sram NX\/SX Eagle 12S<\/td>\n<\/tr>\n<tr>\n<td class=\"spec-name\">collection<\/td>\n<td class=\"spec-value\">Restst\u00fccke<\/td>\n<\/tr>\n<\/tbody>\n<\/table>\n<\/div>","protected":false},"featured_media":60646,"comment_status":"open","ping_status":"closed","template":"","meta":{"_rtcl_gb_attr":""},"product_brand":[],"product_cat":[783],"product_tag":[],"class_list":{"0":"post-11997","1":"product","2":"type-product","3":"status-publish","4":"has-post-thumbnail","6":"product_cat-accessories","7":"pa_marke-cannondale","9":"first","10":"instock","11":"sale","12":"taxable","13":"shipping-taxable","14":"purchasable","15":"product-type-variable"},"yoast_head":"<!-- This site is optimized with the Yoast SEO Premium plugin v20.12 (Yoast SEO v27.4) - https:\/\/yoast.com\/product\/yoast-seo-premium-wordpress\/ -->\n<title>CANNONDALE MOTERRA NEO 4 ELEKTRO-MTB GREY IMPACT ORANGE<\/title>\n<meta name=\"description\" content=\"Entdecken Sie unseren Online-Fahrradladen: Gro\u00dfe Auswahl an Modellen f\u00fcr alle Radsportbegeisterten. Von Rennr\u00e4dern bis zu Mountainbikes - finden Sie heute Ihren perfekten Wegbegleiter!\" \/>\n<meta name=\"robots\" content=\"index, follow, max-snippet:-1, max-image-preview:large, max-video-preview:-1\" \/>\n<link rel=\"canonical\" href=\"https:\/\/cioelectro.com\/en\/produkt\/cannondale-moterra-neo-4-elektro-mtb-grey-impact-orange\/\" \/>\n<meta property=\"og:locale\" content=\"en_US\" \/>\n<meta property=\"og:type\" content=\"article\" \/>\n<meta property=\"og:title\" content=\"CANNONDALE MOTERRA NEO 4 ELEKTRO-MTB GREY IMPACT ORANGE\" \/>\n<meta property=\"og:description\" content=\"Entdecken Sie unseren Online-Fahrradladen: Gro\u00dfe Auswahl an Modellen f\u00fcr alle Radsportbegeisterten. Von Rennr\u00e4dern bis zu Mountainbikes - finden Sie heute Ihren perfekten Wegbegleiter!\" \/>\n<meta property=\"og:url\" content=\"https:\/\/cioelectro.com\/en\/produkt\/cannondale-moterra-neo-4-elektro-mtb-grey-impact-orange\/\" \/>\n<meta property=\"og:site_name\" content=\"cioelectro.com\" \/>\n<meta property=\"article:modified_time\" content=\"2023-08-10T14:18:17+00:00\" \/>\n<meta property=\"og:image\" content=\"https:\/\/cioelectro.com\/wp-content\/uploads\/2023\/06\/CANNONDALE-MOTERRA-NEO-4-ELEKTRO-MTB-MIT-VOLLFEDERUNG-SRAM-NX-SX-EAGLE-12S-630-WH-29-GREY-IMPACT-ORANGE.jpg\" \/>\n\t<meta property=\"og:image:width\" content=\"600\" \/>\n\t<meta property=\"og:image:height\" content=\"408\" \/>\n\t<meta property=\"og:image:type\" content=\"image\/jpeg\" \/>\n<meta name=\"twitter:card\" content=\"summary_large_image\" \/>\n<meta name=\"twitter:label1\" content=\"Est. reading time\" \/>\n\t<meta name=\"twitter:data1\" content=\"3 minutes\" \/>\n<script type=\"application\/ld+json\" class=\"yoast-schema-graph\">{\"@context\":\"https:\\\/\\\/schema.org\",\"@graph\":[{\"@type\":\"WebPage\",\"@id\":\"https:\\\/\\\/cioelectro.com\\\/produkt\\\/cannondale-moterra-neo-4-elektro-mtb-grey-impact-orange\\\/\",\"url\":\"https:\\\/\\\/cioelectro.com\\\/produkt\\\/cannondale-moterra-neo-4-elektro-mtb-grey-impact-orange\\\/\",\"name\":\"CANNONDALE MOTERRA NEO 4 ELEKTRO-MTB GREY IMPACT ORANGE\",\"isPartOf\":{\"@id\":\"https:\\\/\\\/cioelectro.com\\\/#website\"},\"primaryImageOfPage\":{\"@id\":\"https:\\\/\\\/cioelectro.com\\\/produkt\\\/cannondale-moterra-neo-4-elektro-mtb-grey-impact-orange\\\/#primaryimage\"},\"image\":{\"@id\":\"https:\\\/\\\/cioelectro.com\\\/produkt\\\/cannondale-moterra-neo-4-elektro-mtb-grey-impact-orange\\\/#primaryimage\"},\"thumbnailUrl\":\"https:\\\/\\\/cioelectro.com\\\/wp-content\\\/uploads\\\/2023\\\/06\\\/CANNONDALE-MOTERRA-NEO-4-ELEKTRO-MTB-MIT-VOLLFEDERUNG-SRAM-NX-SX-EAGLE-12S-630-WH-29-GREY-IMPACT-ORANGE.jpg\",\"datePublished\":\"2022-08-03T15:28:49+00:00\",\"dateModified\":\"2023-08-10T14:18:17+00:00\",\"description\":\"Entdecken Sie unseren Online-Fahrradladen: Gro\u00dfe Auswahl an Modellen f\u00fcr alle Radsportbegeisterten. Von Rennr\u00e4dern bis zu Mountainbikes - finden Sie heute Ihren perfekten Wegbegleiter!\",\"breadcrumb\":{\"@id\":\"https:\\\/\\\/cioelectro.com\\\/produkt\\\/cannondale-moterra-neo-4-elektro-mtb-grey-impact-orange\\\/#breadcrumb\"},\"inLanguage\":\"en-US\",\"potentialAction\":[{\"@type\":\"ReadAction\",\"target\":[\"https:\\\/\\\/cioelectro.com\\\/produkt\\\/cannondale-moterra-neo-4-elektro-mtb-grey-impact-orange\\\/\"]}]},{\"@type\":\"ImageObject\",\"inLanguage\":\"en-US\",\"@id\":\"https:\\\/\\\/cioelectro.com\\\/produkt\\\/cannondale-moterra-neo-4-elektro-mtb-grey-impact-orange\\\/#primaryimage\",\"url\":\"https:\\\/\\\/cioelectro.com\\\/wp-content\\\/uploads\\\/2023\\\/06\\\/CANNONDALE-MOTERRA-NEO-4-ELEKTRO-MTB-MIT-VOLLFEDERUNG-SRAM-NX-SX-EAGLE-12S-630-WH-29-GREY-IMPACT-ORANGE.jpg\",\"contentUrl\":\"https:\\\/\\\/cioelectro.com\\\/wp-content\\\/uploads\\\/2023\\\/06\\\/CANNONDALE-MOTERRA-NEO-4-ELEKTRO-MTB-MIT-VOLLFEDERUNG-SRAM-NX-SX-EAGLE-12S-630-WH-29-GREY-IMPACT-ORANGE.jpg\",\"width\":600,\"height\":408,\"caption\":\"CANNONDALE MOTERRA NEO 4 ELEKTRO MTB MIT VOLLFEDERUNG SRAM NX SX EAGLE 12S 630 WH 29 GREY IMPACT ORANGE\"},{\"@type\":\"BreadcrumbList\",\"@id\":\"https:\\\/\\\/cioelectro.com\\\/produkt\\\/cannondale-moterra-neo-4-elektro-mtb-grey-impact-orange\\\/#breadcrumb\",\"itemListElement\":[{\"@type\":\"ListItem\",\"position\":1,\"name\":\"Startseite\",\"item\":\"https:\\\/\\\/cioelectro.com\\\/\"},{\"@type\":\"ListItem\",\"position\":2,\"name\":\"LADEN\",\"item\":\"https:\\\/\\\/cioelectro.com\\\/laden\\\/\"},{\"@type\":\"ListItem\",\"position\":3,\"name\":\"CANNONDALE MOTERRA NEO 4 ELEKTRO-MTB GREY IMPACT ORANGE\"}]},{\"@type\":\"WebSite\",\"@id\":\"https:\\\/\\\/cioelectro.com\\\/#website\",\"url\":\"https:\\\/\\\/cioelectro.com\\\/\",\"name\":\"cioelectro.com\",\"description\":\"Treten Sie mit uns ins Abenteuer!\",\"publisher\":{\"@id\":\"https:\\\/\\\/cioelectro.com\\\/#organization\"},\"alternateName\":\"MEIN RADLADEN\",\"potentialAction\":[{\"@type\":\"SearchAction\",\"target\":{\"@type\":\"EntryPoint\",\"urlTemplate\":\"https:\\\/\\\/cioelectro.com\\\/?s={search_term_string}\"},\"query-input\":{\"@type\":\"PropertyValueSpecification\",\"valueRequired\":true,\"valueName\":\"search_term_string\"}}],\"inLanguage\":\"en-US\"},{\"@type\":\"Organization\",\"@id\":\"https:\\\/\\\/cioelectro.com\\\/#organization\",\"name\":\"CIOELECTRO\",\"alternateName\":\"MEIN RADLADEN\",\"url\":\"https:\\\/\\\/cioelectro.com\\\/\",\"logo\":{\"@type\":\"ImageObject\",\"inLanguage\":\"en-US\",\"@id\":\"https:\\\/\\\/cioelectro.com\\\/#\\\/schema\\\/logo\\\/image\\\/\",\"url\":\"https:\\\/\\\/cioelectro.com\\\/wp-content\\\/uploads\\\/2025\\\/12\\\/Logo-2-1200x800.png\",\"contentUrl\":\"https:\\\/\\\/cioelectro.com\\\/wp-content\\\/uploads\\\/2025\\\/12\\\/Logo-2-1200x800.png\",\"width\":1200,\"height\":800,\"caption\":\"CIOELECTRO\"},\"image\":{\"@id\":\"https:\\\/\\\/cioelectro.com\\\/#\\\/schema\\\/logo\\\/image\\\/\"}}]}<\/script>\n<!-- \/ Yoast SEO Premium plugin. -->","yoast_head_json":{"title":"CANNONDALE MOTERRA NEO 4 ELEKTRO-MTB GREY IMPACT ORANGE","description":"Entdecken Sie unseren Online-Fahrradladen: Gro\u00dfe Auswahl an Modellen f\u00fcr alle Radsportbegeisterten. Von Rennr\u00e4dern bis zu Mountainbikes - finden Sie heute Ihren perfekten Wegbegleiter!","robots":{"index":"index","follow":"follow","max-snippet":"max-snippet:-1","max-image-preview":"max-image-preview:large","max-video-preview":"max-video-preview:-1"},"canonical":"https:\/\/cioelectro.com\/en\/produkt\/cannondale-moterra-neo-4-elektro-mtb-grey-impact-orange\/","og_locale":"en_US","og_type":"article","og_title":"CANNONDALE MOTERRA NEO 4 ELEKTRO-MTB GREY IMPACT ORANGE","og_description":"Entdecken Sie unseren Online-Fahrradladen: Gro\u00dfe Auswahl an Modellen f\u00fcr alle Radsportbegeisterten. Von Rennr\u00e4dern bis zu Mountainbikes - finden Sie heute Ihren perfekten Wegbegleiter!","og_url":"https:\/\/cioelectro.com\/en\/produkt\/cannondale-moterra-neo-4-elektro-mtb-grey-impact-orange\/","og_site_name":"cioelectro.com","article_modified_time":"2023-08-10T14:18:17+00:00","og_image":[{"width":600,"height":408,"url":"https:\/\/cioelectro.com\/wp-content\/uploads\/2023\/06\/CANNONDALE-MOTERRA-NEO-4-ELEKTRO-MTB-MIT-VOLLFEDERUNG-SRAM-NX-SX-EAGLE-12S-630-WH-29-GREY-IMPACT-ORANGE.jpg","type":"image\/jpeg"}],"twitter_card":"summary_large_image","twitter_misc":{"Est. reading time":"3 minutes"},"schema":{"@context":"https:\/\/schema.org","@graph":[{"@type":"WebPage","@id":"https:\/\/cioelectro.com\/produkt\/cannondale-moterra-neo-4-elektro-mtb-grey-impact-orange\/","url":"https:\/\/cioelectro.com\/produkt\/cannondale-moterra-neo-4-elektro-mtb-grey-impact-orange\/","name":"CANNONDALE MOTERRA NEO 4 ELEKTRO-MTB GREY IMPACT ORANGE","isPartOf":{"@id":"https:\/\/cioelectro.com\/#website"},"primaryImageOfPage":{"@id":"https:\/\/cioelectro.com\/produkt\/cannondale-moterra-neo-4-elektro-mtb-grey-impact-orange\/#primaryimage"},"image":{"@id":"https:\/\/cioelectro.com\/produkt\/cannondale-moterra-neo-4-elektro-mtb-grey-impact-orange\/#primaryimage"},"thumbnailUrl":"https:\/\/cioelectro.com\/wp-content\/uploads\/2023\/06\/CANNONDALE-MOTERRA-NEO-4-ELEKTRO-MTB-MIT-VOLLFEDERUNG-SRAM-NX-SX-EAGLE-12S-630-WH-29-GREY-IMPACT-ORANGE.jpg","datePublished":"2022-08-03T15:28:49+00:00","dateModified":"2023-08-10T14:18:17+00:00","description":"Entdecken Sie unseren Online-Fahrradladen: Gro\u00dfe Auswahl an Modellen f\u00fcr alle Radsportbegeisterten. Von Rennr\u00e4dern bis zu Mountainbikes - finden Sie heute Ihren perfekten Wegbegleiter!","breadcrumb":{"@id":"https:\/\/cioelectro.com\/produkt\/cannondale-moterra-neo-4-elektro-mtb-grey-impact-orange\/#breadcrumb"},"inLanguage":"en-US","potentialAction":[{"@type":"ReadAction","target":["https:\/\/cioelectro.com\/produkt\/cannondale-moterra-neo-4-elektro-mtb-grey-impact-orange\/"]}]},{"@type":"ImageObject","inLanguage":"en-US","@id":"https:\/\/cioelectro.com\/produkt\/cannondale-moterra-neo-4-elektro-mtb-grey-impact-orange\/#primaryimage","url":"https:\/\/cioelectro.com\/wp-content\/uploads\/2023\/06\/CANNONDALE-MOTERRA-NEO-4-ELEKTRO-MTB-MIT-VOLLFEDERUNG-SRAM-NX-SX-EAGLE-12S-630-WH-29-GREY-IMPACT-ORANGE.jpg","contentUrl":"https:\/\/cioelectro.com\/wp-content\/uploads\/2023\/06\/CANNONDALE-MOTERRA-NEO-4-ELEKTRO-MTB-MIT-VOLLFEDERUNG-SRAM-NX-SX-EAGLE-12S-630-WH-29-GREY-IMPACT-ORANGE.jpg","width":600,"height":408,"caption":"CANNONDALE MOTERRA NEO 4 ELEKTRO MTB MIT VOLLFEDERUNG SRAM NX SX EAGLE 12S 630 WH 29 GREY IMPACT ORANGE"},{"@type":"BreadcrumbList","@id":"https:\/\/cioelectro.com\/produkt\/cannondale-moterra-neo-4-elektro-mtb-grey-impact-orange\/#breadcrumb","itemListElement":[{"@type":"ListItem","position":1,"name":"Startseite","item":"https:\/\/cioelectro.com\/"},{"@type":"ListItem","position":2,"name":"LADEN","item":"https:\/\/cioelectro.com\/laden\/"},{"@type":"ListItem","position":3,"name":"CANNONDALE MOTERRA NEO 4 ELEKTRO-MTB GREY IMPACT ORANGE"}]},{"@type":"WebSite","@id":"https:\/\/cioelectro.com\/#website","url":"https:\/\/cioelectro.com\/","name":"cioelectro.com","description":"Treten Sie mit uns ins Abenteuer!","publisher":{"@id":"https:\/\/cioelectro.com\/#organization"},"alternateName":"MEIN RADLADEN","potentialAction":[{"@type":"SearchAction","target":{"@type":"EntryPoint","urlTemplate":"https:\/\/cioelectro.com\/?s={search_term_string}"},"query-input":{"@type":"PropertyValueSpecification","valueRequired":true,"valueName":"search_term_string"}}],"inLanguage":"en-US"},{"@type":"Organization","@id":"https:\/\/cioelectro.com\/#organization","name":"CIOELECTRO","alternateName":"MEIN RADLADEN","url":"https:\/\/cioelectro.com\/","logo":{"@type":"ImageObject","inLanguage":"en-US","@id":"https:\/\/cioelectro.com\/#\/schema\/logo\/image\/","url":"https:\/\/cioelectro.com\/wp-content\/uploads\/2025\/12\/Logo-2-1200x800.png","contentUrl":"https:\/\/cioelectro.com\/wp-content\/uploads\/2025\/12\/Logo-2-1200x800.png","width":1200,"height":800,"caption":"CIOELECTRO"},"image":{"@id":"https:\/\/cioelectro.com\/#\/schema\/logo\/image\/"}}]}},"_links":{"self":[{"href":"https:\/\/cioelectro.com\/en\/wp-json\/wp\/v2\/product\/11997","targetHints":{"allow":["GET"]}}],"collection":[{"href":"https:\/\/cioelectro.com\/en\/wp-json\/wp\/v2\/product"}],"about":[{"href":"https:\/\/cioelectro.com\/en\/wp-json\/wp\/v2\/types\/product"}],"replies":[{"embeddable":true,"href":"https:\/\/cioelectro.com\/en\/wp-json\/wp\/v2\/comments?post=11997"}],"version-history":[{"count":0,"href":"https:\/\/cioelectro.com\/en\/wp-json\/wp\/v2\/product\/11997\/revisions"}],"wp:featuredmedia":[{"embeddable":true,"href":"https:\/\/cioelectro.com\/en\/wp-json\/wp\/v2\/media\/60646"}],"wp:attachment":[{"href":"https:\/\/cioelectro.com\/en\/wp-json\/wp\/v2\/media?parent=11997"}],"wp:term":[{"taxonomy":"product_brand","embeddable":true,"href":"https:\/\/cioelectro.com\/en\/wp-json\/wp\/v2\/product_brand?post=11997"},{"taxonomy":"product_cat","embeddable":true,"href":"https:\/\/cioelectro.com\/en\/wp-json\/wp\/v2\/product_cat?post=11997"},{"taxonomy":"product_tag","embeddable":true,"href":"https:\/\/cioelectro.com\/en\/wp-json\/wp\/v2\/product_tag?post=11997"}],"curies":[{"name":"wp","href":"https:\/\/api.w.org\/{rel}","templated":true}]}}