{"id":12022,"date":"2022-08-03T18:16:38","date_gmt":"2022-08-03T16:16:38","guid":{"rendered":"https:\/\/meinradladen.com\/?post_type=product&#038;p=12022"},"modified":"2023-08-10T16:09:52","modified_gmt":"2023-08-10T14:09:52","slug":"cube-stereo-hybrid-120-pro-625-electric-full-suspension-mtb-lunar-grey-2022","status":"publish","type":"product","link":"https:\/\/cioelectro.com\/en\/produkt\/cube-stereo-hybrid-120-pro-625-electric-full-suspension-mtb-lunar-grey-2022\/","title":{"rendered":"CUBE STEREO HYBRID 120 PRO 625 ELECTRIC FULL SUSPENSION MTB LUNAR GREY 2022"},"content":{"rendered":"<div id=\"product-header-order-name\" class=\"col-lg-20 col-md-20 col-sm-20 col-xs-20\">\n<h2 class=\"heading-title-text\">CUBE STEREO HYBRID 120 PRO 625 ELECTRIC FULL SUSPENSION MTB SHIMANO DEORE 12S 625 WH 29&#8221; LUNAR GREY 2022<\/h2>\n<div class=\"col col-sm-12 col-md-12 col-lg-12\">\n<p>Beim\u00a0<strong>Cube Stereo Hybrid 120 Pro<\/strong>\u00a0geh\u00f6ren komfortable, bodennahe Federung kombiniert mit intuitivem Handling und zuverl\u00e4ssiger, unkomplizierter Performance dazu. Wir haben Boschs CX-Antriebseinheit der vierten Generation und einen 625-Wh-Akku mit Shimanos legend\u00e4r einfach zu bedienender Deore 1&#215;12-Schaltung f\u00fcr einfache Trail-Z\u00e4hmungskraft kombiniert. Dann haben wir hydraulische Vierkolben-Scheibenbremsen mit \u00fcbergro\u00dfen Rotoren vorne und hinten hinzugef\u00fcgt. In Kombination mit den griffigen 2,6-Zoll-Reifen von Schwalbe sorgen sie daf\u00fcr, dass du immer die Kontrolle beh\u00e4ltst. Und die RockShox-Federung vorne und hinten h\u00e4lt die Gummiseite nach unten. Es ist alles, was Sie f\u00fcr Trail-Abenteuer brauchen.<\/p>\n<p>Im schlanken Rahmen des Stereo Hybrid 120 tummeln sich einige clevere Dinge. Unser modulares Batteriesystem verstaut die Batterie au\u00dfer Sichtweite &#8211; und aus dem Weg von Staub und Wasser. Das raffinierte Vier-Bar-Aufh\u00e4ngungsdesign h\u00e4lt dich von Trail-Sto\u00dfen und Vibrationen isoliert, und wir haben das Ganze in unsere Comfort-Geometrie verpackt &#8211; mit einem steifigkeitssteigernden Boost 148-Hinterbau und einem 1,5-Zoll-Steuerrohr &#8211; f\u00fcr ein einfaches Handling. Wir haben es sogar einfach gemacht, Zubeh\u00f6r wie Schutzbleche, einen Gep\u00e4cktr\u00e4ger und einen St\u00e4nder hinzuzuf\u00fcgen. Und unser Size Split-System bedeutet, dass f\u00fcr jeden Fahrer das passende Stereo Hybrid 120 dabei ist.<\/p>\n<\/div>\n<div class=\"prodsheet_bullets col col-sm-8 col-md-8 col-lg-8\">\n<h4>HAUPTEIGENSCHAFTEN:<\/h4>\n<ul>\n<li>Aluminium Superlite Rahmen mit voll integriertem Akku.<\/li>\n<li>Shimano Deore 1&#215;12-fach Antrieb.<\/li>\n<li>Shimano MT420 hydraulische Scheibenbremsen, 203\/203 mm.<\/li>\n<\/ul>\n<\/div>\n<div class=\"prodsheet_specs1 col col-sm-12 col-md-12 col-lg-12\">\n<h4>MERKMALE:<\/h4>\n<table class=\"table table-striped\">\n<tbody>\n<tr>\n<td>Rahmen<\/td>\n<td>Aluminium: Aluminium Superlite, Gravity Casting Technology, Efficient Comfort Control, FSP 4-Link, Agile Comfort Geometry, Boost 148, Vollintegrierter Akku, St\u00e4nder-\/Schutzblech-\/Tr\u00e4gerbefestigungspunkte, Maximale Reifenbreite: 75 mm<\/td>\n<\/tr>\n<tr>\n<td>Gabel<\/td>\n<td>RockShox Recon Silver RL Air, Tapered, 15&#215;110 mm, eMTB-zugelassen, 120 mm Federweg, Lockout<\/td>\n<\/tr>\n<tr>\n<td>Motor<\/td>\n<td>Bosch Drive Unit Performance CX Generation 4 (85 Nm) Cruise (250 Watt), 25 km\/h<\/td>\n<\/tr>\n<tr>\n<td>Batterie<\/td>\n<td>Bosch PowerTube 625 Wh<\/td>\n<\/tr>\n<tr>\n<td>Anzeige<\/td>\n<td>Bosch Purion<\/td>\n<\/tr>\n<tr>\n<td>Schalthebel<\/td>\n<td>Shimano Deore SL-M6100-IR, Direct Attach, Rapidfire-Plus, 12-fach<\/td>\n<\/tr>\n<tr>\n<td>Schaltwerk<\/td>\n<td>Shimano Deore RD-M6100-SGS, ShadowPlus, 12-fach<\/td>\n<\/tr>\n<tr>\n<td>Kassette<\/td>\n<td>Shimano Deore CS-M6100, 10-51T<\/td>\n<\/tr>\n<tr>\n<td>Kette<\/td>\n<td>Shimano CN-M6100<\/td>\n<\/tr>\n<tr>\n<td>Kurbel<\/td>\n<td>S\u00e4ure E-Kurbel, 170 mm, 38T<\/td>\n<\/tr>\n<tr>\n<td>Bremsen<\/td>\n<td>Shimano BR-MT420, hydr. Scheibenbremse, (203\/203)<\/td>\n<\/tr>\n<tr>\n<td>Laufradsatz<\/td>\n<td>Cube EX30, 32H, Scheibe, Tubeless Ready<\/td>\n<\/tr>\n<tr>\n<td>Naben<\/td>\n<td>Vorne: Shimano HB-MT400-B, 15 mm, Boost, Centerlock \/ Hinten: Shimano FH-MT410-B, 12 mm, Boost, Centerlock<\/td>\n<\/tr>\n<tr>\n<td>Reifen<\/td>\n<td>Schwalbe Smart Sam, Aktiv, 29 x 2,6&#8243;<\/td>\n<\/tr>\n<tr>\n<td>Lenker<\/td>\n<td>Newmen Evolution SL 318.25, 760 mm<\/td>\n<\/tr>\n<tr>\n<td>Griffe<\/td>\n<td>Nat\u00fcrliche Passform f\u00fcr jedes Terrain<\/td>\n<\/tr>\n<tr>\n<td>Stengel<\/td>\n<td>Cube Performance Vorbau E-MTB, 31,8 mm<\/td>\n<\/tr>\n<tr>\n<td>Headset<\/td>\n<td>Acros AZX-1030, oberer Zero-Stack 1 1\/2&#8243; (ZS 56 mm), unterer Zero-Stack 1 1\/2&#8243; (ZS 56 mm)<\/td>\n<\/tr>\n<tr>\n<td>Pedale<\/td>\n<td>W\u00fcrfel PP MTB<\/td>\n<\/tr>\n<tr>\n<td>Sattel<\/td>\n<td>Nat\u00fcrliche Anpassungssequenz<\/td>\n<\/tr>\n<tr>\n<td>Sattelst\u00fctze<\/td>\n<td>Cube Performance Post, 30,9 mm<\/td>\n<\/tr>\n<tr>\n<td>Sitzklemme<\/td>\n<td>Cube Screwlock halbintegriert, 34,9 mm<\/td>\n<\/tr>\n<tr>\n<td>Gewicht<\/td>\n<td>25,4 kg<\/td>\n<\/tr>\n<tr>\n<td>Maximales Gewicht<\/td>\n<td>135 kg: Das maximale Gewicht des Systems beinhaltet das Fahrrad, den Fahrer und die Ladung (Gep\u00e4cktr\u00e4ger oder Anh\u00e4nger)<\/td>\n<\/tr>\n<tr>\n<td>Farbe<\/td>\n<td>lunar\u00b4n\u00b4grey<\/td>\n<\/tr>\n<tr>\n<td>Referenz<\/td>\n<td>535062<\/td>\n<\/tr>\n<\/tbody>\n<\/table>\n<\/div>\n<div class=\"prodsheet_specs2 col col-sm-8 col-md-8 col-lg-8\">\n<h4>GEOMETRIEN:<\/h4>\n<p><img decoding=\"async\" src=\"http:\/\/media1.alltricks.fr\/ckfinder\/images\/cube_Full-Suspension_geo_en.jpg\" \/><\/p>\n<table class=\"table table-striped\">\n<tbody>\n<tr>\n<td>Rahmengr\u00f6\u00dfe<\/td>\n<td>XS<\/td>\n<td>S<\/td>\n<td>M<\/td>\n<td>L<\/td>\n<td>XL<\/td>\n<\/tr>\n<tr>\n<td>Rahmengr\u00f6\u00dfe (Zoll)<\/td>\n<td>15<\/td>\n<td>17<\/td>\n<td>18<\/td>\n<td>20<\/td>\n<td>22<\/td>\n<\/tr>\n<tr>\n<td>Radgr\u00f6\u00dfe (Zoll)<\/td>\n<td>27,5<\/td>\n<td>27,5<\/td>\n<td>29<\/td>\n<td>29<\/td>\n<td>29<\/td>\n<\/tr>\n<tr>\n<td>Sitzrohr (mm)<\/td>\n<td>370<\/td>\n<td>395<\/td>\n<td>420<\/td>\n<td>465<\/td>\n<td>515<\/td>\n<\/tr>\n<tr>\n<td>Oberrohr (mm)<\/td>\n<td>573<\/td>\n<td>573<\/td>\n<td>590<\/td>\n<td>611<\/td>\n<td>636<\/td>\n<\/tr>\n<tr>\n<td>Kettenstreben (mm)<\/td>\n<td>490<\/td>\n<td>490<\/td>\n<td>490<\/td>\n<td>490<\/td>\n<td>490<\/td>\n<\/tr>\n<tr>\n<td>Steuerrohrl\u00e4nge (mm)<\/td>\n<td>119<\/td>\n<td>119<\/td>\n<td>127<\/td>\n<td>137<\/td>\n<td>152<\/td>\n<\/tr>\n<tr>\n<td>Steuerrohrwinkel (\u00b0)<\/td>\n<td>67<\/td>\n<td>67<\/td>\n<td>67<\/td>\n<td>67<\/td>\n<td>67<\/td>\n<\/tr>\n<tr>\n<td>Sitzrohrwinkel (\u00b0)<\/td>\n<td>75,3<\/td>\n<td>75,3<\/td>\n<td>75,3<\/td>\n<td>75,3<\/td>\n<td>75,3<\/td>\n<\/tr>\n<tr>\n<td>Radstand (mm)<\/td>\n<td>1204<\/td>\n<td>1204<\/td>\n<td>1223<\/td>\n<td>1245<\/td>\n<td>1272<\/td>\n<\/tr>\n<tr>\n<td>Stapel (mm)<\/td>\n<td>581<\/td>\n<td>581<\/td>\n<td>622<\/td>\n<td>632<\/td>\n<td>645<\/td>\n<\/tr>\n<tr>\n<td>Reichweite (mm)<\/td>\n<td>428<\/td>\n<td>428<\/td>\n<td>431<\/td>\n<td>449<\/td>\n<td>470<\/td>\n<\/tr>\n<\/tbody>\n<\/table>\n<\/div>\n<\/div>\n<div id=\"product-header-order-form\" class=\"js-reload-on-event col-lg-20 col-md-20 col-sm-20 col-xs-20\" data-to-watch=\"body\" data-event=\"alltricks:cartChanged\" data-url=\"\/ajax\/product\/ajouter\/F-11947-velos-complets-vtt\/P-2003992-cube_stereo_hybrid_120_pro_625_electric_full_suspension_mtb_shimano_deore_12s_625_wh_29___lunar_grey_2022\"><\/div>","protected":false},"excerpt":{"rendered":"<div class=\"col-lg-14 col-md-14 col-sm-14 col-xs-20\"><\/div>\n<div id=\"product-specifications-table\" class=\"col-lg-20 col-md-20 col-sm-20 col-xs-20\">\n<table class=\"table table-striped\">\n<tbody>\n<tr>\n<td class=\"spec-name\">Geschlecht<\/td>\n<td class=\"spec-value\">Herren<\/td>\n<\/tr>\n<tr>\n<td class=\"spec-name\">Gruppe<\/td>\n<td class=\"spec-value\">Shimano Deore 12S<\/td>\n<\/tr>\n<tr>\n<td class=\"spec-name\">collection<\/td>\n<td class=\"spec-value\">2022<\/td>\n<\/tr>\n<tr>\n<td class=\"spec-name\">decimal weight<\/td>\n<td class=\"spec-value\">25.40<\/td>\n<\/tr>\n<\/tbody>\n<\/table>\n<\/div>","protected":false},"featured_media":60662,"comment_status":"open","ping_status":"closed","template":"","meta":{"_rtcl_gb_attr":""},"product_brand":[],"product_cat":[783],"product_tag":[],"class_list":{"0":"post-12022","1":"product","2":"type-product","3":"status-publish","4":"has-post-thumbnail","6":"product_cat-accessories","7":"pa_marke-cube","9":"first","10":"instock","11":"sale","12":"taxable","13":"shipping-taxable","14":"purchasable","15":"product-type-variable"},"yoast_head":"<!-- This site is optimized with the Yoast SEO Premium plugin v20.12 (Yoast SEO v27.4) - https:\/\/yoast.com\/product\/yoast-seo-premium-wordpress\/ -->\n<title>CUBE STEREO HYBRID 120 PRO 625 ELECTRIC FULL 2022<\/title>\n<meta name=\"description\" content=\"Entdecken Sie unseren Online-Fahrradladen: Gro\u00dfe Auswahl an Modellen f\u00fcr alle Radsportbegeisterten. Von Rennr\u00e4dern bis zu Mountainbikes - finden Sie heute Ihren perfekten Wegbegleiter!\" \/>\n<meta name=\"robots\" content=\"index, follow, max-snippet:-1, max-image-preview:large, max-video-preview:-1\" \/>\n<link rel=\"canonical\" href=\"https:\/\/cioelectro.com\/en\/produkt\/cube-stereo-hybrid-120-pro-625-electric-full-suspension-mtb-lunar-grey-2022\/\" \/>\n<meta property=\"og:locale\" content=\"en_US\" \/>\n<meta property=\"og:type\" content=\"article\" \/>\n<meta property=\"og:title\" content=\"CUBE STEREO HYBRID 120 PRO 625 ELECTRIC FULL SUSPENSION MTB LUNAR GREY 2022\" \/>\n<meta property=\"og:description\" content=\"Entdecken Sie unseren Online-Fahrradladen: Gro\u00dfe Auswahl an Modellen f\u00fcr alle Radsportbegeisterten. Von Rennr\u00e4dern bis zu Mountainbikes - finden Sie heute Ihren perfekten Wegbegleiter!\" \/>\n<meta property=\"og:url\" content=\"https:\/\/cioelectro.com\/en\/produkt\/cube-stereo-hybrid-120-pro-625-electric-full-suspension-mtb-lunar-grey-2022\/\" \/>\n<meta property=\"og:site_name\" content=\"cioelectro.com\" \/>\n<meta property=\"article:modified_time\" content=\"2023-08-10T14:09:52+00:00\" \/>\n<meta property=\"og:image\" content=\"https:\/\/cioelectro.com\/wp-content\/uploads\/2023\/06\/CUBE-STEREO-HYBRID-120-PRO-625-ELECTRIC-FULL-SUSPENSION-MTB-SHIMANO-DEORE-12S-625-WH-29-LUNAR-GREY-2022-10.jpg\" \/>\n\t<meta property=\"og:image:width\" content=\"600\" \/>\n\t<meta property=\"og:image:height\" content=\"408\" \/>\n\t<meta property=\"og:image:type\" content=\"image\/jpeg\" \/>\n<meta name=\"twitter:card\" content=\"summary_large_image\" \/>\n<meta name=\"twitter:label1\" content=\"Est. reading time\" \/>\n\t<meta name=\"twitter:data1\" content=\"4 minutes\" \/>\n<script type=\"application\/ld+json\" class=\"yoast-schema-graph\">{\"@context\":\"https:\\\/\\\/schema.org\",\"@graph\":[{\"@type\":\"WebPage\",\"@id\":\"https:\\\/\\\/cioelectro.com\\\/produkt\\\/cube-stereo-hybrid-120-pro-625-electric-full-suspension-mtb-lunar-grey-2022\\\/\",\"url\":\"https:\\\/\\\/cioelectro.com\\\/produkt\\\/cube-stereo-hybrid-120-pro-625-electric-full-suspension-mtb-lunar-grey-2022\\\/\",\"name\":\"CUBE STEREO HYBRID 120 PRO 625 ELECTRIC FULL 2022\",\"isPartOf\":{\"@id\":\"https:\\\/\\\/cioelectro.com\\\/#website\"},\"primaryImageOfPage\":{\"@id\":\"https:\\\/\\\/cioelectro.com\\\/produkt\\\/cube-stereo-hybrid-120-pro-625-electric-full-suspension-mtb-lunar-grey-2022\\\/#primaryimage\"},\"image\":{\"@id\":\"https:\\\/\\\/cioelectro.com\\\/produkt\\\/cube-stereo-hybrid-120-pro-625-electric-full-suspension-mtb-lunar-grey-2022\\\/#primaryimage\"},\"thumbnailUrl\":\"https:\\\/\\\/cioelectro.com\\\/wp-content\\\/uploads\\\/2023\\\/06\\\/CUBE-STEREO-HYBRID-120-PRO-625-ELECTRIC-FULL-SUSPENSION-MTB-SHIMANO-DEORE-12S-625-WH-29-LUNAR-GREY-2022-10.jpg\",\"datePublished\":\"2022-08-03T16:16:38+00:00\",\"dateModified\":\"2023-08-10T14:09:52+00:00\",\"description\":\"Entdecken Sie unseren Online-Fahrradladen: Gro\u00dfe Auswahl an Modellen f\u00fcr alle Radsportbegeisterten. Von Rennr\u00e4dern bis zu Mountainbikes - finden Sie heute Ihren perfekten Wegbegleiter!\",\"breadcrumb\":{\"@id\":\"https:\\\/\\\/cioelectro.com\\\/produkt\\\/cube-stereo-hybrid-120-pro-625-electric-full-suspension-mtb-lunar-grey-2022\\\/#breadcrumb\"},\"inLanguage\":\"en-US\",\"potentialAction\":[{\"@type\":\"ReadAction\",\"target\":[\"https:\\\/\\\/cioelectro.com\\\/produkt\\\/cube-stereo-hybrid-120-pro-625-electric-full-suspension-mtb-lunar-grey-2022\\\/\"]}]},{\"@type\":\"ImageObject\",\"inLanguage\":\"en-US\",\"@id\":\"https:\\\/\\\/cioelectro.com\\\/produkt\\\/cube-stereo-hybrid-120-pro-625-electric-full-suspension-mtb-lunar-grey-2022\\\/#primaryimage\",\"url\":\"https:\\\/\\\/cioelectro.com\\\/wp-content\\\/uploads\\\/2023\\\/06\\\/CUBE-STEREO-HYBRID-120-PRO-625-ELECTRIC-FULL-SUSPENSION-MTB-SHIMANO-DEORE-12S-625-WH-29-LUNAR-GREY-2022-10.jpg\",\"contentUrl\":\"https:\\\/\\\/cioelectro.com\\\/wp-content\\\/uploads\\\/2023\\\/06\\\/CUBE-STEREO-HYBRID-120-PRO-625-ELECTRIC-FULL-SUSPENSION-MTB-SHIMANO-DEORE-12S-625-WH-29-LUNAR-GREY-2022-10.jpg\",\"width\":600,\"height\":408,\"caption\":\"CUBE-STEREO-HYBRID-120-PRO-625-ELECTRIC-FULL-SUSPENSION-MTB-SHIMANO-DEORE-12S-625-WH-29-LUNAR-GREY-2022\"},{\"@type\":\"BreadcrumbList\",\"@id\":\"https:\\\/\\\/cioelectro.com\\\/produkt\\\/cube-stereo-hybrid-120-pro-625-electric-full-suspension-mtb-lunar-grey-2022\\\/#breadcrumb\",\"itemListElement\":[{\"@type\":\"ListItem\",\"position\":1,\"name\":\"Startseite\",\"item\":\"https:\\\/\\\/cioelectro.com\\\/\"},{\"@type\":\"ListItem\",\"position\":2,\"name\":\"LADEN\",\"item\":\"https:\\\/\\\/cioelectro.com\\\/laden\\\/\"},{\"@type\":\"ListItem\",\"position\":3,\"name\":\"CUBE STEREO HYBRID 120 PRO 625 ELECTRIC FULL SUSPENSION MTB LUNAR GREY 2022\"}]},{\"@type\":\"WebSite\",\"@id\":\"https:\\\/\\\/cioelectro.com\\\/#website\",\"url\":\"https:\\\/\\\/cioelectro.com\\\/\",\"name\":\"cioelectro.com\",\"description\":\"Treten Sie mit uns ins Abenteuer!\",\"publisher\":{\"@id\":\"https:\\\/\\\/cioelectro.com\\\/#organization\"},\"alternateName\":\"MEIN RADLADEN\",\"potentialAction\":[{\"@type\":\"SearchAction\",\"target\":{\"@type\":\"EntryPoint\",\"urlTemplate\":\"https:\\\/\\\/cioelectro.com\\\/?s={search_term_string}\"},\"query-input\":{\"@type\":\"PropertyValueSpecification\",\"valueRequired\":true,\"valueName\":\"search_term_string\"}}],\"inLanguage\":\"en-US\"},{\"@type\":\"Organization\",\"@id\":\"https:\\\/\\\/cioelectro.com\\\/#organization\",\"name\":\"CIOELECTRO\",\"alternateName\":\"MEIN RADLADEN\",\"url\":\"https:\\\/\\\/cioelectro.com\\\/\",\"logo\":{\"@type\":\"ImageObject\",\"inLanguage\":\"en-US\",\"@id\":\"https:\\\/\\\/cioelectro.com\\\/#\\\/schema\\\/logo\\\/image\\\/\",\"url\":\"https:\\\/\\\/cioelectro.com\\\/wp-content\\\/uploads\\\/2025\\\/12\\\/Logo-2-1200x800.png\",\"contentUrl\":\"https:\\\/\\\/cioelectro.com\\\/wp-content\\\/uploads\\\/2025\\\/12\\\/Logo-2-1200x800.png\",\"width\":1200,\"height\":800,\"caption\":\"CIOELECTRO\"},\"image\":{\"@id\":\"https:\\\/\\\/cioelectro.com\\\/#\\\/schema\\\/logo\\\/image\\\/\"}}]}<\/script>\n<!-- \/ Yoast SEO Premium plugin. -->","yoast_head_json":{"title":"CUBE STEREO HYBRID 120 PRO 625 ELECTRIC FULL 2022","description":"Entdecken Sie unseren Online-Fahrradladen: Gro\u00dfe Auswahl an Modellen f\u00fcr alle Radsportbegeisterten. Von Rennr\u00e4dern bis zu Mountainbikes - finden Sie heute Ihren perfekten Wegbegleiter!","robots":{"index":"index","follow":"follow","max-snippet":"max-snippet:-1","max-image-preview":"max-image-preview:large","max-video-preview":"max-video-preview:-1"},"canonical":"https:\/\/cioelectro.com\/en\/produkt\/cube-stereo-hybrid-120-pro-625-electric-full-suspension-mtb-lunar-grey-2022\/","og_locale":"en_US","og_type":"article","og_title":"CUBE STEREO HYBRID 120 PRO 625 ELECTRIC FULL SUSPENSION MTB LUNAR GREY 2022","og_description":"Entdecken Sie unseren Online-Fahrradladen: Gro\u00dfe Auswahl an Modellen f\u00fcr alle Radsportbegeisterten. Von Rennr\u00e4dern bis zu Mountainbikes - finden Sie heute Ihren perfekten Wegbegleiter!","og_url":"https:\/\/cioelectro.com\/en\/produkt\/cube-stereo-hybrid-120-pro-625-electric-full-suspension-mtb-lunar-grey-2022\/","og_site_name":"cioelectro.com","article_modified_time":"2023-08-10T14:09:52+00:00","og_image":[{"width":600,"height":408,"url":"https:\/\/cioelectro.com\/wp-content\/uploads\/2023\/06\/CUBE-STEREO-HYBRID-120-PRO-625-ELECTRIC-FULL-SUSPENSION-MTB-SHIMANO-DEORE-12S-625-WH-29-LUNAR-GREY-2022-10.jpg","type":"image\/jpeg"}],"twitter_card":"summary_large_image","twitter_misc":{"Est. reading time":"4 minutes"},"schema":{"@context":"https:\/\/schema.org","@graph":[{"@type":"WebPage","@id":"https:\/\/cioelectro.com\/produkt\/cube-stereo-hybrid-120-pro-625-electric-full-suspension-mtb-lunar-grey-2022\/","url":"https:\/\/cioelectro.com\/produkt\/cube-stereo-hybrid-120-pro-625-electric-full-suspension-mtb-lunar-grey-2022\/","name":"CUBE STEREO HYBRID 120 PRO 625 ELECTRIC FULL 2022","isPartOf":{"@id":"https:\/\/cioelectro.com\/#website"},"primaryImageOfPage":{"@id":"https:\/\/cioelectro.com\/produkt\/cube-stereo-hybrid-120-pro-625-electric-full-suspension-mtb-lunar-grey-2022\/#primaryimage"},"image":{"@id":"https:\/\/cioelectro.com\/produkt\/cube-stereo-hybrid-120-pro-625-electric-full-suspension-mtb-lunar-grey-2022\/#primaryimage"},"thumbnailUrl":"https:\/\/cioelectro.com\/wp-content\/uploads\/2023\/06\/CUBE-STEREO-HYBRID-120-PRO-625-ELECTRIC-FULL-SUSPENSION-MTB-SHIMANO-DEORE-12S-625-WH-29-LUNAR-GREY-2022-10.jpg","datePublished":"2022-08-03T16:16:38+00:00","dateModified":"2023-08-10T14:09:52+00:00","description":"Entdecken Sie unseren Online-Fahrradladen: Gro\u00dfe Auswahl an Modellen f\u00fcr alle Radsportbegeisterten. Von Rennr\u00e4dern bis zu Mountainbikes - finden Sie heute Ihren perfekten Wegbegleiter!","breadcrumb":{"@id":"https:\/\/cioelectro.com\/produkt\/cube-stereo-hybrid-120-pro-625-electric-full-suspension-mtb-lunar-grey-2022\/#breadcrumb"},"inLanguage":"en-US","potentialAction":[{"@type":"ReadAction","target":["https:\/\/cioelectro.com\/produkt\/cube-stereo-hybrid-120-pro-625-electric-full-suspension-mtb-lunar-grey-2022\/"]}]},{"@type":"ImageObject","inLanguage":"en-US","@id":"https:\/\/cioelectro.com\/produkt\/cube-stereo-hybrid-120-pro-625-electric-full-suspension-mtb-lunar-grey-2022\/#primaryimage","url":"https:\/\/cioelectro.com\/wp-content\/uploads\/2023\/06\/CUBE-STEREO-HYBRID-120-PRO-625-ELECTRIC-FULL-SUSPENSION-MTB-SHIMANO-DEORE-12S-625-WH-29-LUNAR-GREY-2022-10.jpg","contentUrl":"https:\/\/cioelectro.com\/wp-content\/uploads\/2023\/06\/CUBE-STEREO-HYBRID-120-PRO-625-ELECTRIC-FULL-SUSPENSION-MTB-SHIMANO-DEORE-12S-625-WH-29-LUNAR-GREY-2022-10.jpg","width":600,"height":408,"caption":"CUBE-STEREO-HYBRID-120-PRO-625-ELECTRIC-FULL-SUSPENSION-MTB-SHIMANO-DEORE-12S-625-WH-29-LUNAR-GREY-2022"},{"@type":"BreadcrumbList","@id":"https:\/\/cioelectro.com\/produkt\/cube-stereo-hybrid-120-pro-625-electric-full-suspension-mtb-lunar-grey-2022\/#breadcrumb","itemListElement":[{"@type":"ListItem","position":1,"name":"Startseite","item":"https:\/\/cioelectro.com\/"},{"@type":"ListItem","position":2,"name":"LADEN","item":"https:\/\/cioelectro.com\/laden\/"},{"@type":"ListItem","position":3,"name":"CUBE STEREO HYBRID 120 PRO 625 ELECTRIC FULL SUSPENSION MTB LUNAR GREY 2022"}]},{"@type":"WebSite","@id":"https:\/\/cioelectro.com\/#website","url":"https:\/\/cioelectro.com\/","name":"cioelectro.com","description":"Treten Sie mit uns ins Abenteuer!","publisher":{"@id":"https:\/\/cioelectro.com\/#organization"},"alternateName":"MEIN RADLADEN","potentialAction":[{"@type":"SearchAction","target":{"@type":"EntryPoint","urlTemplate":"https:\/\/cioelectro.com\/?s={search_term_string}"},"query-input":{"@type":"PropertyValueSpecification","valueRequired":true,"valueName":"search_term_string"}}],"inLanguage":"en-US"},{"@type":"Organization","@id":"https:\/\/cioelectro.com\/#organization","name":"CIOELECTRO","alternateName":"MEIN RADLADEN","url":"https:\/\/cioelectro.com\/","logo":{"@type":"ImageObject","inLanguage":"en-US","@id":"https:\/\/cioelectro.com\/#\/schema\/logo\/image\/","url":"https:\/\/cioelectro.com\/wp-content\/uploads\/2025\/12\/Logo-2-1200x800.png","contentUrl":"https:\/\/cioelectro.com\/wp-content\/uploads\/2025\/12\/Logo-2-1200x800.png","width":1200,"height":800,"caption":"CIOELECTRO"},"image":{"@id":"https:\/\/cioelectro.com\/#\/schema\/logo\/image\/"}}]}},"_links":{"self":[{"href":"https:\/\/cioelectro.com\/en\/wp-json\/wp\/v2\/product\/12022","targetHints":{"allow":["GET"]}}],"collection":[{"href":"https:\/\/cioelectro.com\/en\/wp-json\/wp\/v2\/product"}],"about":[{"href":"https:\/\/cioelectro.com\/en\/wp-json\/wp\/v2\/types\/product"}],"replies":[{"embeddable":true,"href":"https:\/\/cioelectro.com\/en\/wp-json\/wp\/v2\/comments?post=12022"}],"version-history":[{"count":0,"href":"https:\/\/cioelectro.com\/en\/wp-json\/wp\/v2\/product\/12022\/revisions"}],"wp:featuredmedia":[{"embeddable":true,"href":"https:\/\/cioelectro.com\/en\/wp-json\/wp\/v2\/media\/60662"}],"wp:attachment":[{"href":"https:\/\/cioelectro.com\/en\/wp-json\/wp\/v2\/media?parent=12022"}],"wp:term":[{"taxonomy":"product_brand","embeddable":true,"href":"https:\/\/cioelectro.com\/en\/wp-json\/wp\/v2\/product_brand?post=12022"},{"taxonomy":"product_cat","embeddable":true,"href":"https:\/\/cioelectro.com\/en\/wp-json\/wp\/v2\/product_cat?post=12022"},{"taxonomy":"product_tag","embeddable":true,"href":"https:\/\/cioelectro.com\/en\/wp-json\/wp\/v2\/product_tag?post=12022"}],"curies":[{"name":"wp","href":"https:\/\/api.w.org\/{rel}","templated":true}]}}