{"id":12095,"date":"2022-08-03T20:50:35","date_gmt":"2022-08-03T18:50:35","guid":{"rendered":"https:\/\/meinradladen.com\/?post_type=product&#038;p=12095"},"modified":"2023-08-10T16:02:58","modified_gmt":"2023-08-10T14:02:58","slug":"frog-bikes-70-kinder-track-bike-650","status":"publish","type":"product","link":"https:\/\/cioelectro.com\/en\/produkt\/frog-bikes-70-kinder-track-bike-650\/","title":{"rendered":"FROG BIKES 70 KINDER TRACK BIKE 650"},"content":{"rendered":"<div id=\"product-header-order-name\" class=\"col-lg-20 col-md-20 col-sm-20 col-xs-20\">\n<h2 class=\"heading-title-text\">FROG BIKES 70 KINDER TRACK BIKE 650<\/h2>\n<\/div>\n<div id=\"product-header-order-form\" class=\"js-reload-on-event col-lg-20 col-md-20 col-sm-20 col-xs-20\" data-to-watch=\"body\" data-event=\"alltricks:cartChanged\" data-url=\"\/ajax\/product\/ajouter\/F-41503-kid-bikes\/P-152458-frog_bikes_70_kinder_track_bike_650\">\n<p class=\"heading-title-text\">FROG BIKES 70 :Sehr leichtes Rennrad mit einem Gewicht von nur 7,77 kg und einem forschungsgeleiteten Rahmendesign speziell f\u00fcr j\u00fcngere Fahrer. Dieses 26-Zoll-Fahrrad ist f\u00fcr Fahrer mit einem Innenbein von mindestens 70 cm geeignet. Der Rahmen ist sehr hellgr\u00fcn, um wirklich auf der Strecke hervorzuheben!<\/p>\n<table class=\"specs\">\n<tbody>\n<tr>\n<td class=\"label\">Gewicht<\/td>\n<td>7,77 kg oder 17,1 lbs<\/td>\n<\/tr>\n<tr>\n<td class=\"label\">Gabel<\/td>\n<td>26 &#8220;Aluminiumlegierungsgabel<\/td>\n<\/tr>\n<tr>\n<td class=\"label\">Rahmen<\/td>\n<td>26 &#8220;* 14 Aluminiumlegierung 6061 Froschrahmen<\/td>\n<\/tr>\n<tr>\n<td class=\"label\">Kette Ring<\/td>\n<td>Stahlz\u00e4hne ED 1\/2 &#8220;* 1\/8&#8221; * 44T * 140L Aluminiumlegierung Kurbel Schwarz<\/td>\n<\/tr>\n<tr>\n<td class=\"label\">Freilauf \/ Festrad<\/td>\n<td>16T Flip Flop Freilauf \/ Festrad<\/td>\n<\/tr>\n<tr>\n<td class=\"label\">Stengel<\/td>\n<td>60mm Froschschaft (kann getauscht werden)<\/td>\n<\/tr>\n<tr>\n<td class=\"label\">Lenker<\/td>\n<td>Frog Bikes special L: 360mm Aluminiumlegierung Drop Bar in schwarz<\/td>\n<\/tr>\n<tr>\n<td class=\"label\">Griffband<\/td>\n<td>Rennband mit Kappen (im Karton geliefert)<\/td>\n<\/tr>\n<tr>\n<td class=\"label\">Sattel<\/td>\n<td>Froschfahrradsattel<\/td>\n<\/tr>\n<tr>\n<td class=\"label\">Sattelst\u00fctze<\/td>\n<td>Aluminium 340mm schwarz<\/td>\n<\/tr>\n<tr>\n<td class=\"label\">Pedale<\/td>\n<td>Welgo R090 schwarzes Kunststoffpedal mittel<\/td>\n<\/tr>\n<tr>\n<td class=\"label\">Felgen<\/td>\n<td>DA-30 26 * 14G * 1.5 * 28H Aluminiumlegierung doppelwandig schwarz H: 30mm<\/td>\n<\/tr>\n<tr>\n<td class=\"label\">Hubs<\/td>\n<td>Quando KT-DP7 Aluminiumlegierung schwarz<\/td>\n<\/tr>\n<tr>\n<td class=\"label\">Reifen<\/td>\n<td>K196 25 * 1 (ETRTO: 559 mm) 60TPI<\/td>\n<\/tr>\n<tr>\n<td class=\"label\">Farbtopf<\/td>\n<td>Ausbesserungsfarbe<\/td>\n<\/tr>\n<\/tbody>\n<\/table>\n<\/div>","protected":false},"excerpt":{"rendered":"<div class=\"col-lg-14 col-md-14 col-sm-14 col-xs-20\">\n<h2 class=\"heading-line\">PRODUKTDETAILS<\/h2>\n<\/div>\n<div id=\"product-specifications-table\" class=\"col-lg-20 col-md-20 col-sm-20 col-xs-20\">\n<table class=\"table table-striped\">\n<tbody>\n<tr>\n<td class=\"spec-name\">Geschlecht<\/td>\n<td class=\"spec-value\">M\u00e4dchen<br \/>\nJunge<\/td>\n<\/tr>\n<tr>\n<td class=\"spec-name\">Gr\u00f6\u00dfe<\/td>\n<td class=\"spec-value\">650mm<\/td>\n<\/tr>\n<tr>\n<td class=\"spec-name\">Sammlung<\/td>\n<td class=\"spec-value\">Ende der Serie<\/td>\n<\/tr>\n<tr>\n<td class=\"spec-name\">Das Alter<\/td>\n<td class=\"spec-value\">4 &#8211; 6<\/td>\n<\/tr>\n<\/tbody>\n<\/table>\n<\/div>","protected":false},"featured_media":60686,"comment_status":"open","ping_status":"closed","template":"","meta":{"_rtcl_gb_attr":""},"product_brand":[],"product_cat":[129],"product_tag":[],"class_list":{"0":"post-12095","1":"product","2":"type-product","3":"status-publish","4":"has-post-thumbnail","6":"product_cat-rennrad","7":"pa_marke-frog-bikes","9":"first","10":"instock","11":"sale","12":"taxable","13":"shipping-taxable","14":"purchasable","15":"product-type-simple"},"yoast_head":"<!-- This site is optimized with the Yoast SEO Premium plugin v20.12 (Yoast SEO v27.4) - https:\/\/yoast.com\/product\/yoast-seo-premium-wordpress\/ -->\n<title>FROG BIKES 70 KINDER TRACK BIKE 650<\/title>\n<meta name=\"description\" content=\"Entdecken Sie unseren Online-Fahrradladen: Gro\u00dfe Auswahl an Modellen f\u00fcr alle Radsportbegeisterten. Von Rennr\u00e4dern bis zu Mountainbikes - finden Sie heute Ihren perfekten Wegbegleiter!\" \/>\n<meta name=\"robots\" content=\"index, follow, max-snippet:-1, max-image-preview:large, max-video-preview:-1\" \/>\n<link rel=\"canonical\" href=\"https:\/\/cioelectro.com\/en\/produkt\/frog-bikes-70-kinder-track-bike-650\/\" \/>\n<meta property=\"og:locale\" content=\"en_US\" \/>\n<meta property=\"og:type\" content=\"article\" \/>\n<meta property=\"og:title\" content=\"FROG BIKES 70 KINDER TRACK BIKE 650\" \/>\n<meta property=\"og:description\" content=\"Entdecken Sie unseren Online-Fahrradladen: Gro\u00dfe Auswahl an Modellen f\u00fcr alle Radsportbegeisterten. Von Rennr\u00e4dern bis zu Mountainbikes - finden Sie heute Ihren perfekten Wegbegleiter!\" \/>\n<meta property=\"og:url\" content=\"https:\/\/cioelectro.com\/en\/produkt\/frog-bikes-70-kinder-track-bike-650\/\" \/>\n<meta property=\"og:site_name\" content=\"cioelectro.com\" \/>\n<meta property=\"article:modified_time\" content=\"2023-08-10T14:02:58+00:00\" \/>\n<meta property=\"og:image\" content=\"https:\/\/cioelectro.com\/wp-content\/uploads\/2023\/06\/FROG-BIKES-70-KINDER-TRACK-BIKE-650.jpg\" \/>\n\t<meta property=\"og:image:width\" content=\"600\" \/>\n\t<meta property=\"og:image:height\" content=\"408\" \/>\n\t<meta property=\"og:image:type\" content=\"image\/jpeg\" \/>\n<meta name=\"twitter:card\" content=\"summary_large_image\" \/>\n<meta name=\"twitter:label1\" content=\"Est. reading time\" \/>\n\t<meta name=\"twitter:data1\" content=\"1 minute\" \/>\n<script type=\"application\/ld+json\" class=\"yoast-schema-graph\">{\"@context\":\"https:\\\/\\\/schema.org\",\"@graph\":[{\"@type\":\"WebPage\",\"@id\":\"https:\\\/\\\/cioelectro.com\\\/produkt\\\/frog-bikes-70-kinder-track-bike-650\\\/\",\"url\":\"https:\\\/\\\/cioelectro.com\\\/produkt\\\/frog-bikes-70-kinder-track-bike-650\\\/\",\"name\":\"FROG BIKES 70 KINDER TRACK BIKE 650\",\"isPartOf\":{\"@id\":\"https:\\\/\\\/cioelectro.com\\\/#website\"},\"primaryImageOfPage\":{\"@id\":\"https:\\\/\\\/cioelectro.com\\\/produkt\\\/frog-bikes-70-kinder-track-bike-650\\\/#primaryimage\"},\"image\":{\"@id\":\"https:\\\/\\\/cioelectro.com\\\/produkt\\\/frog-bikes-70-kinder-track-bike-650\\\/#primaryimage\"},\"thumbnailUrl\":\"https:\\\/\\\/cioelectro.com\\\/wp-content\\\/uploads\\\/2023\\\/06\\\/FROG-BIKES-70-KINDER-TRACK-BIKE-650.jpg\",\"datePublished\":\"2022-08-03T18:50:35+00:00\",\"dateModified\":\"2023-08-10T14:02:58+00:00\",\"description\":\"Entdecken Sie unseren Online-Fahrradladen: Gro\u00dfe Auswahl an Modellen f\u00fcr alle Radsportbegeisterten. Von Rennr\u00e4dern bis zu Mountainbikes - finden Sie heute Ihren perfekten Wegbegleiter!\",\"breadcrumb\":{\"@id\":\"https:\\\/\\\/cioelectro.com\\\/produkt\\\/frog-bikes-70-kinder-track-bike-650\\\/#breadcrumb\"},\"inLanguage\":\"en-US\",\"potentialAction\":[{\"@type\":\"ReadAction\",\"target\":[\"https:\\\/\\\/cioelectro.com\\\/produkt\\\/frog-bikes-70-kinder-track-bike-650\\\/\"]}]},{\"@type\":\"ImageObject\",\"inLanguage\":\"en-US\",\"@id\":\"https:\\\/\\\/cioelectro.com\\\/produkt\\\/frog-bikes-70-kinder-track-bike-650\\\/#primaryimage\",\"url\":\"https:\\\/\\\/cioelectro.com\\\/wp-content\\\/uploads\\\/2023\\\/06\\\/FROG-BIKES-70-KINDER-TRACK-BIKE-650.jpg\",\"contentUrl\":\"https:\\\/\\\/cioelectro.com\\\/wp-content\\\/uploads\\\/2023\\\/06\\\/FROG-BIKES-70-KINDER-TRACK-BIKE-650.jpg\",\"width\":600,\"height\":408,\"caption\":\"FROG BIKES 70 KINDER TRACK BIKE 650\"},{\"@type\":\"BreadcrumbList\",\"@id\":\"https:\\\/\\\/cioelectro.com\\\/produkt\\\/frog-bikes-70-kinder-track-bike-650\\\/#breadcrumb\",\"itemListElement\":[{\"@type\":\"ListItem\",\"position\":1,\"name\":\"Startseite\",\"item\":\"https:\\\/\\\/cioelectro.com\\\/\"},{\"@type\":\"ListItem\",\"position\":2,\"name\":\"LADEN\",\"item\":\"https:\\\/\\\/cioelectro.com\\\/laden\\\/\"},{\"@type\":\"ListItem\",\"position\":3,\"name\":\"FROG BIKES 70 KINDER TRACK BIKE 650\"}]},{\"@type\":\"WebSite\",\"@id\":\"https:\\\/\\\/cioelectro.com\\\/#website\",\"url\":\"https:\\\/\\\/cioelectro.com\\\/\",\"name\":\"cioelectro.com\",\"description\":\"Treten Sie mit uns ins Abenteuer!\",\"publisher\":{\"@id\":\"https:\\\/\\\/cioelectro.com\\\/#organization\"},\"alternateName\":\"MEIN RADLADEN\",\"potentialAction\":[{\"@type\":\"SearchAction\",\"target\":{\"@type\":\"EntryPoint\",\"urlTemplate\":\"https:\\\/\\\/cioelectro.com\\\/?s={search_term_string}\"},\"query-input\":{\"@type\":\"PropertyValueSpecification\",\"valueRequired\":true,\"valueName\":\"search_term_string\"}}],\"inLanguage\":\"en-US\"},{\"@type\":\"Organization\",\"@id\":\"https:\\\/\\\/cioelectro.com\\\/#organization\",\"name\":\"CIOELECTRO\",\"alternateName\":\"MEIN RADLADEN\",\"url\":\"https:\\\/\\\/cioelectro.com\\\/\",\"logo\":{\"@type\":\"ImageObject\",\"inLanguage\":\"en-US\",\"@id\":\"https:\\\/\\\/cioelectro.com\\\/#\\\/schema\\\/logo\\\/image\\\/\",\"url\":\"https:\\\/\\\/cioelectro.com\\\/wp-content\\\/uploads\\\/2025\\\/12\\\/Logo-2-1200x800.png\",\"contentUrl\":\"https:\\\/\\\/cioelectro.com\\\/wp-content\\\/uploads\\\/2025\\\/12\\\/Logo-2-1200x800.png\",\"width\":1200,\"height\":800,\"caption\":\"CIOELECTRO\"},\"image\":{\"@id\":\"https:\\\/\\\/cioelectro.com\\\/#\\\/schema\\\/logo\\\/image\\\/\"}}]}<\/script>\n<!-- \/ Yoast SEO Premium plugin. -->","yoast_head_json":{"title":"FROG BIKES 70 KINDER TRACK BIKE 650","description":"Entdecken Sie unseren Online-Fahrradladen: Gro\u00dfe Auswahl an Modellen f\u00fcr alle Radsportbegeisterten. Von Rennr\u00e4dern bis zu Mountainbikes - finden Sie heute Ihren perfekten Wegbegleiter!","robots":{"index":"index","follow":"follow","max-snippet":"max-snippet:-1","max-image-preview":"max-image-preview:large","max-video-preview":"max-video-preview:-1"},"canonical":"https:\/\/cioelectro.com\/en\/produkt\/frog-bikes-70-kinder-track-bike-650\/","og_locale":"en_US","og_type":"article","og_title":"FROG BIKES 70 KINDER TRACK BIKE 650","og_description":"Entdecken Sie unseren Online-Fahrradladen: Gro\u00dfe Auswahl an Modellen f\u00fcr alle Radsportbegeisterten. Von Rennr\u00e4dern bis zu Mountainbikes - finden Sie heute Ihren perfekten Wegbegleiter!","og_url":"https:\/\/cioelectro.com\/en\/produkt\/frog-bikes-70-kinder-track-bike-650\/","og_site_name":"cioelectro.com","article_modified_time":"2023-08-10T14:02:58+00:00","og_image":[{"width":600,"height":408,"url":"https:\/\/cioelectro.com\/wp-content\/uploads\/2023\/06\/FROG-BIKES-70-KINDER-TRACK-BIKE-650.jpg","type":"image\/jpeg"}],"twitter_card":"summary_large_image","twitter_misc":{"Est. reading time":"1 minute"},"schema":{"@context":"https:\/\/schema.org","@graph":[{"@type":"WebPage","@id":"https:\/\/cioelectro.com\/produkt\/frog-bikes-70-kinder-track-bike-650\/","url":"https:\/\/cioelectro.com\/produkt\/frog-bikes-70-kinder-track-bike-650\/","name":"FROG BIKES 70 KINDER TRACK BIKE 650","isPartOf":{"@id":"https:\/\/cioelectro.com\/#website"},"primaryImageOfPage":{"@id":"https:\/\/cioelectro.com\/produkt\/frog-bikes-70-kinder-track-bike-650\/#primaryimage"},"image":{"@id":"https:\/\/cioelectro.com\/produkt\/frog-bikes-70-kinder-track-bike-650\/#primaryimage"},"thumbnailUrl":"https:\/\/cioelectro.com\/wp-content\/uploads\/2023\/06\/FROG-BIKES-70-KINDER-TRACK-BIKE-650.jpg","datePublished":"2022-08-03T18:50:35+00:00","dateModified":"2023-08-10T14:02:58+00:00","description":"Entdecken Sie unseren Online-Fahrradladen: Gro\u00dfe Auswahl an Modellen f\u00fcr alle Radsportbegeisterten. Von Rennr\u00e4dern bis zu Mountainbikes - finden Sie heute Ihren perfekten Wegbegleiter!","breadcrumb":{"@id":"https:\/\/cioelectro.com\/produkt\/frog-bikes-70-kinder-track-bike-650\/#breadcrumb"},"inLanguage":"en-US","potentialAction":[{"@type":"ReadAction","target":["https:\/\/cioelectro.com\/produkt\/frog-bikes-70-kinder-track-bike-650\/"]}]},{"@type":"ImageObject","inLanguage":"en-US","@id":"https:\/\/cioelectro.com\/produkt\/frog-bikes-70-kinder-track-bike-650\/#primaryimage","url":"https:\/\/cioelectro.com\/wp-content\/uploads\/2023\/06\/FROG-BIKES-70-KINDER-TRACK-BIKE-650.jpg","contentUrl":"https:\/\/cioelectro.com\/wp-content\/uploads\/2023\/06\/FROG-BIKES-70-KINDER-TRACK-BIKE-650.jpg","width":600,"height":408,"caption":"FROG BIKES 70 KINDER TRACK BIKE 650"},{"@type":"BreadcrumbList","@id":"https:\/\/cioelectro.com\/produkt\/frog-bikes-70-kinder-track-bike-650\/#breadcrumb","itemListElement":[{"@type":"ListItem","position":1,"name":"Startseite","item":"https:\/\/cioelectro.com\/"},{"@type":"ListItem","position":2,"name":"LADEN","item":"https:\/\/cioelectro.com\/laden\/"},{"@type":"ListItem","position":3,"name":"FROG BIKES 70 KINDER TRACK BIKE 650"}]},{"@type":"WebSite","@id":"https:\/\/cioelectro.com\/#website","url":"https:\/\/cioelectro.com\/","name":"cioelectro.com","description":"Treten Sie mit uns ins Abenteuer!","publisher":{"@id":"https:\/\/cioelectro.com\/#organization"},"alternateName":"MEIN RADLADEN","potentialAction":[{"@type":"SearchAction","target":{"@type":"EntryPoint","urlTemplate":"https:\/\/cioelectro.com\/?s={search_term_string}"},"query-input":{"@type":"PropertyValueSpecification","valueRequired":true,"valueName":"search_term_string"}}],"inLanguage":"en-US"},{"@type":"Organization","@id":"https:\/\/cioelectro.com\/#organization","name":"CIOELECTRO","alternateName":"MEIN RADLADEN","url":"https:\/\/cioelectro.com\/","logo":{"@type":"ImageObject","inLanguage":"en-US","@id":"https:\/\/cioelectro.com\/#\/schema\/logo\/image\/","url":"https:\/\/cioelectro.com\/wp-content\/uploads\/2025\/12\/Logo-2-1200x800.png","contentUrl":"https:\/\/cioelectro.com\/wp-content\/uploads\/2025\/12\/Logo-2-1200x800.png","width":1200,"height":800,"caption":"CIOELECTRO"},"image":{"@id":"https:\/\/cioelectro.com\/#\/schema\/logo\/image\/"}}]}},"_links":{"self":[{"href":"https:\/\/cioelectro.com\/en\/wp-json\/wp\/v2\/product\/12095","targetHints":{"allow":["GET"]}}],"collection":[{"href":"https:\/\/cioelectro.com\/en\/wp-json\/wp\/v2\/product"}],"about":[{"href":"https:\/\/cioelectro.com\/en\/wp-json\/wp\/v2\/types\/product"}],"replies":[{"embeddable":true,"href":"https:\/\/cioelectro.com\/en\/wp-json\/wp\/v2\/comments?post=12095"}],"version-history":[{"count":0,"href":"https:\/\/cioelectro.com\/en\/wp-json\/wp\/v2\/product\/12095\/revisions"}],"wp:featuredmedia":[{"embeddable":true,"href":"https:\/\/cioelectro.com\/en\/wp-json\/wp\/v2\/media\/60686"}],"wp:attachment":[{"href":"https:\/\/cioelectro.com\/en\/wp-json\/wp\/v2\/media?parent=12095"}],"wp:term":[{"taxonomy":"product_brand","embeddable":true,"href":"https:\/\/cioelectro.com\/en\/wp-json\/wp\/v2\/product_brand?post=12095"},{"taxonomy":"product_cat","embeddable":true,"href":"https:\/\/cioelectro.com\/en\/wp-json\/wp\/v2\/product_cat?post=12095"},{"taxonomy":"product_tag","embeddable":true,"href":"https:\/\/cioelectro.com\/en\/wp-json\/wp\/v2\/product_tag?post=12095"}],"curies":[{"name":"wp","href":"https:\/\/api.w.org\/{rel}","templated":true}]}}