{"id":12154,"date":"2022-08-03T23:20:04","date_gmt":"2022-08-03T21:20:04","guid":{"rendered":"https:\/\/meinradladen.com\/?post_type=product&#038;p=12154"},"modified":"2025-06-12T21:59:08","modified_gmt":"2025-06-12T19:59:08","slug":"kona-sutra-al-se-reiserad-shimano-sora-deore-9f-700-mm-blau-2021","status":"publish","type":"product","link":"https:\/\/cioelectro.com\/en\/produkt\/kona-sutra-al-se-reiserad-shimano-sora-deore-9f-700-mm-blau-2021\/","title":{"rendered":"KONA SUTRA AL SE REISERAD SHIMANO SORA\/DEORE 9F 700 MM BLAU 2021"},"content":{"rendered":"<div id=\"product-header-order-name\" class=\"col-lg-20 col-md-20 col-sm-20 col-xs-20\">\n<div id=\"product-header-order-name\" class=\"col-lg-20 col-md-20 col-sm-20 col-xs-20\">\n<h2 class=\"heading-title-text\">KONA SUTRA AL SE REISERAD SHIMANO SORA\/DEORE 9F 700 MM BLAU 2021<\/h2>\n<\/div>\n<div id=\"product-header-order-form\" class=\"js-reload-on-event col-lg-20 col-md-20 col-sm-20 col-xs-20\" data-to-watch=\"body\" data-event=\"alltricks:cartChanged\" data-url=\"\/ajax\/product\/ajouter\/F-187976-velo-ville_voyage_vtc\/P-1951027-kona_sutra_al_se_reiserad_shimano_sora_deore_9f_700_mm_blau_2021\">\n<div class=\"col col-sm-12 col-md-12 col-lg-12\">\n<p>Diese Aluminiumversion des\u00a0<strong>Kona Sutra<\/strong>\u00a0steht f\u00fcr vieles: Funktionalit\u00e4t, Eleganz und Vielseitigkeit. Es ist um einen leichten Aluminiumrahmen gebaut und verf\u00fcgt \u00fcber mechanische Hayes-Scheibenbremsen und einen Shimano 3&#215;9-Gang-Antrieb, der eine gro\u00dfe \u00dcbersetzungsbandbreite bietet. Die Schwalbe Delta Cruiser Plus 700x35c-Reifen garantieren nicht nur einen hervorragenden Pannenschutz, sondern zeichnen sich auch durch ein klassisches und vielseitiges Profil aus, das sehr komfortable Fahreigenschaften bietet. Sobald es aus der Verpackung kommt, ist das Sutra bereit, Sie zur Arbeit, auf Wochenendausfl\u00fcgen oder sogar f\u00fcr die lange Radtour zu begleiten, von der Sie noch immer tr\u00e4umen &#8230;<\/p>\n<\/div>\n<div class=\"prodsheet_bullets col col-sm-8 col-md-8 col-lg-8\">\n<h4>HAUPTEIGENSCHAFTEN:<\/h4>\n<ul>\n<li>Kona 6061 Aluminium Konifizierter Rahmen.<\/li>\n<li>Shimano Sora\/Deore 3&#215;9-fach Antrieb.<\/li>\n<li>Hayes CX Comp mechanische Scheibenbremsen, 160\/160 mm.<\/li>\n<\/ul>\n<\/div>\n<div class=\"prodsheet_specs1 col col-sm-12 col-md-12 col-lg-12\">\n<h4>EINZELHEITEN:<\/h4>\n<table class=\"table table-striped\">\n<tbody>\n<tr>\n<td>Rahmen<\/td>\n<td>Aluminium: Kona 6061 Aluminium Butted<\/td>\n<\/tr>\n<tr>\n<td>Gabel<\/td>\n<td>Aluminium: Kona Project Two Aluminiumscheibe<\/td>\n<\/tr>\n<tr>\n<td>Schalthebel<\/td>\n<td>Shimano Bar Con, 3&#215;9-fach<\/td>\n<\/tr>\n<tr>\n<td>Umwerfer<\/td>\n<td>Shimano Sora<\/td>\n<\/tr>\n<tr>\n<td>Schaltwerk<\/td>\n<td>Shimano Deore, SGS, 9-Gang<\/td>\n<\/tr>\n<tr>\n<td>Kassette<\/td>\n<td>Shimano Alivio, 11-34T<\/td>\n<\/tr>\n<tr>\n<td>Kette<\/td>\n<td>KMC Z9<\/td>\n<\/tr>\n<tr>\n<td>Kurbel<\/td>\n<td>Shimano Sora, 30\/39\/50T<\/td>\n<\/tr>\n<tr>\n<td>Innenlager<\/td>\n<td>Shimano 68 mm<\/td>\n<\/tr>\n<tr>\n<td>Bremsen<\/td>\n<td>Shimano Hayes CX Comp, Mech. Scheibenbremse, Hayes L-Serie Rotoren (160\/160)<\/td>\n<\/tr>\n<tr>\n<td>Laufradsatz<\/td>\n<td>Doppelwandige Legierung<\/td>\n<\/tr>\n<tr>\n<td>Naben<\/td>\n<td>Vorne: Shimano Deore 100&#215;9 mm \/ Hinten: Shimano Deore 135&#215;10 mm<\/td>\n<\/tr>\n<tr>\n<td>Reifen<\/td>\n<td>Schwalbe Delta Cruiser Plus, 700 x 35c<\/td>\n<\/tr>\n<tr>\n<td>Lenker<\/td>\n<td>Kona-Stra\u00dfe<\/td>\n<\/tr>\n<tr>\n<td>Lenkerband<\/td>\n<td>Kona Korkband<\/td>\n<\/tr>\n<tr>\n<td>Stengel<\/td>\n<td>Kona-Stra\u00dfe<\/td>\n<\/tr>\n<tr>\n<td>Headset<\/td>\n<td>FSA Nr.10<\/td>\n<\/tr>\n<tr>\n<td>Pedale<\/td>\n<td>Kona JS2<\/td>\n<\/tr>\n<tr>\n<td>Sattel<\/td>\n<td>Kona-Stra\u00dfe<\/td>\n<\/tr>\n<tr>\n<td>Sattelst\u00fctze<\/td>\n<td>Kona Deluxe Daumen mit Offset, 27,2 mm<\/td>\n<\/tr>\n<tr>\n<td>Sitzklemme<\/td>\n<td>Kona-Klemme<\/td>\n<\/tr>\n<tr>\n<td>Zubeh\u00f6r<\/td>\n<td>Kotfl\u00fcgel mit Schmutzf\u00e4ngern<\/td>\n<\/tr>\n<tr>\n<td>Gewicht<\/td>\n<td>&#8212;<\/td>\n<\/tr>\n<tr>\n<td>Farbe<\/td>\n<td>blau<\/td>\n<\/tr>\n<\/tbody>\n<\/table>\n<\/div>\n<div class=\"prodsheet_specs2 col col-sm-8 col-md-8 col-lg-8\">\n<h4>GEOMETRIEN:<\/h4>\n<p><img decoding=\"async\" src=\"http:\/\/media1.alltricks.fr\/ckfinder\/images\/cube_route_geo_en.jpg\" \/><\/p>\n<table class=\"table table-striped\">\n<tbody>\n<tr>\n<td>Rahmengr\u00f6\u00dfe (cm)<\/td>\n<td>48<\/td>\n<td>52<\/td>\n<td>54<\/td>\n<td>56<\/td>\n<td>58<\/td>\n<\/tr>\n<tr>\n<td>Sitzrohr (mm)<\/td>\n<td>485<\/td>\n<td>520<\/td>\n<td>540<\/td>\n<td>560<\/td>\n<td>580<\/td>\n<\/tr>\n<tr>\n<td>Oberrohr (mm)<\/td>\n<td>540<\/td>\n<td>553<\/td>\n<td>569<\/td>\n<td>585<\/td>\n<td>603<\/td>\n<\/tr>\n<tr>\n<td>Kettenstreben (mm)<\/td>\n<td>445<\/td>\n<td>445<\/td>\n<td>445<\/td>\n<td>445<\/td>\n<td>445<\/td>\n<\/tr>\n<tr>\n<td>Steuerrohrl\u00e4nge (mm)<\/td>\n<td>105<\/td>\n<td>115<\/td>\n<td>147<\/td>\n<td>168<\/td>\n<td>191<\/td>\n<\/tr>\n<tr>\n<td>Steuerrohrwinkel (\u00b0)<\/td>\n<td>71<\/td>\n<td>71<\/td>\n<td>71<\/td>\n<td>71<\/td>\n<td>71<\/td>\n<\/tr>\n<tr>\n<td>Sitzrohrwinkel (\u00b0)<\/td>\n<td>74<\/td>\n<td>73,5<\/td>\n<td>73<\/td>\n<td>72,5<\/td>\n<td>72<\/td>\n<\/tr>\n<tr>\n<td>Radstand (mm)<\/td>\n<td>1039<\/td>\n<td>1047<\/td>\n<td>1059<\/td>\n<td>1070<\/td>\n<td>1083<\/td>\n<\/tr>\n<tr>\n<td>Stapel (mm)<\/td>\n<td>558<\/td>\n<td>568<\/td>\n<td>598<\/td>\n<td>618<\/td>\n<td>640<\/td>\n<\/tr>\n<tr>\n<td>Reichweite (mm)<\/td>\n<td>380<\/td>\n<td>385<\/td>\n<td>386<\/td>\n<td>390<\/td>\n<td>395<\/td>\n<\/tr>\n<\/tbody>\n<\/table>\n<\/div>\n<\/div>\n<\/div>","protected":false},"excerpt":{"rendered":"<div class=\"col-lg-14 col-md-14 col-sm-14 col-xs-20\"><\/div>\n<div id=\"product-specifications-table\" class=\"col-lg-20 col-md-20 col-sm-20 col-xs-20\">\n<table class=\"table table-striped\">\n<tbody>\n<tr>\n<td class=\"spec-name\">Geschlecht<\/td>\n<td class=\"spec-value\">Herren<\/td>\n<\/tr>\n<tr>\n<td class=\"spec-name\">Groupe<\/td>\n<td class=\"spec-value\">Shimano Sora 9S<br \/>\nShimano Deore 9S<\/td>\n<\/tr>\n<tr>\n<td class=\"spec-name\">collection<\/td>\n<td class=\"spec-value\">Fins de S\u00e9ries<\/td>\n<\/tr>\n<\/tbody>\n<\/table>\n<\/div>","protected":false},"featured_media":60708,"comment_status":"open","ping_status":"closed","template":"","meta":{"_rtcl_gb_attr":""},"product_brand":[],"product_cat":[129],"product_tag":[],"class_list":{"0":"post-12154","1":"product","2":"type-product","3":"status-publish","4":"has-post-thumbnail","6":"product_cat-rennrad","7":"pa_marke-kona","9":"first","10":"instock","11":"sale","12":"taxable","13":"shipping-taxable","14":"purchasable","15":"product-type-variable"},"yoast_head":"<!-- This site is optimized with the Yoast SEO Premium plugin v20.12 (Yoast SEO v27.4) - https:\/\/yoast.com\/product\/yoast-seo-premium-wordpress\/ -->\n<title>KONA SUTRA AL SE REISERAD SHIMANO SORA\/DEORE 9F<\/title>\n<meta name=\"description\" content=\"Entdecken Sie unseren Online-Fahrradladen: Gro\u00dfe Auswahl an Modellen f\u00fcr alle Radsportbegeisterten. Von Rennr\u00e4dern bis zu Mountainbikes - finden Sie heute Ihren perfekten Wegbegleiter!\" \/>\n<meta name=\"robots\" content=\"index, follow, max-snippet:-1, max-image-preview:large, max-video-preview:-1\" \/>\n<link rel=\"canonical\" href=\"https:\/\/cioelectro.com\/en\/produkt\/kona-sutra-al-se-reiserad-shimano-sora-deore-9f-700-mm-blau-2021\/\" \/>\n<meta property=\"og:locale\" content=\"en_US\" \/>\n<meta property=\"og:type\" content=\"article\" \/>\n<meta property=\"og:title\" content=\"KONA SUTRA AL SE REISERAD SHIMANO SORA\/DEORE 9F 700 MM BLAU 2021\" \/>\n<meta property=\"og:description\" content=\"Entdecken Sie unseren Online-Fahrradladen: Gro\u00dfe Auswahl an Modellen f\u00fcr alle Radsportbegeisterten. Von Rennr\u00e4dern bis zu Mountainbikes - finden Sie heute Ihren perfekten Wegbegleiter!\" \/>\n<meta property=\"og:url\" content=\"https:\/\/cioelectro.com\/en\/produkt\/kona-sutra-al-se-reiserad-shimano-sora-deore-9f-700-mm-blau-2021\/\" \/>\n<meta property=\"og:site_name\" content=\"cioelectro.com\" \/>\n<meta property=\"article:modified_time\" content=\"2025-06-12T19:59:08+00:00\" \/>\n<meta property=\"og:image\" content=\"https:\/\/cioelectro.com\/wp-content\/uploads\/2023\/06\/KONA-SUTRA-AL-SE-REISERAD-SHIMANO-SORADEORE-9F-700-MM-BLAU-2021.jpg\" \/>\n\t<meta property=\"og:image:width\" content=\"600\" \/>\n\t<meta property=\"og:image:height\" content=\"408\" \/>\n\t<meta property=\"og:image:type\" content=\"image\/jpeg\" \/>\n<meta name=\"twitter:card\" content=\"summary_large_image\" \/>\n<meta name=\"twitter:label1\" content=\"Est. reading time\" \/>\n\t<meta name=\"twitter:data1\" content=\"2 minutes\" \/>\n<script type=\"application\/ld+json\" class=\"yoast-schema-graph\">{\"@context\":\"https:\\\/\\\/schema.org\",\"@graph\":[{\"@type\":\"WebPage\",\"@id\":\"https:\\\/\\\/cioelectro.com\\\/produkt\\\/kona-sutra-al-se-reiserad-shimano-sora-deore-9f-700-mm-blau-2021\\\/\",\"url\":\"https:\\\/\\\/cioelectro.com\\\/produkt\\\/kona-sutra-al-se-reiserad-shimano-sora-deore-9f-700-mm-blau-2021\\\/\",\"name\":\"KONA SUTRA AL SE REISERAD SHIMANO SORA\\\/DEORE 9F\",\"isPartOf\":{\"@id\":\"https:\\\/\\\/cioelectro.com\\\/#website\"},\"primaryImageOfPage\":{\"@id\":\"https:\\\/\\\/cioelectro.com\\\/produkt\\\/kona-sutra-al-se-reiserad-shimano-sora-deore-9f-700-mm-blau-2021\\\/#primaryimage\"},\"image\":{\"@id\":\"https:\\\/\\\/cioelectro.com\\\/produkt\\\/kona-sutra-al-se-reiserad-shimano-sora-deore-9f-700-mm-blau-2021\\\/#primaryimage\"},\"thumbnailUrl\":\"https:\\\/\\\/cioelectro.com\\\/wp-content\\\/uploads\\\/2023\\\/06\\\/KONA-SUTRA-AL-SE-REISERAD-SHIMANO-SORADEORE-9F-700-MM-BLAU-2021.jpg\",\"datePublished\":\"2022-08-03T21:20:04+00:00\",\"dateModified\":\"2025-06-12T19:59:08+00:00\",\"description\":\"Entdecken Sie unseren Online-Fahrradladen: Gro\u00dfe Auswahl an Modellen f\u00fcr alle Radsportbegeisterten. Von Rennr\u00e4dern bis zu Mountainbikes - finden Sie heute Ihren perfekten Wegbegleiter!\",\"breadcrumb\":{\"@id\":\"https:\\\/\\\/cioelectro.com\\\/produkt\\\/kona-sutra-al-se-reiserad-shimano-sora-deore-9f-700-mm-blau-2021\\\/#breadcrumb\"},\"inLanguage\":\"en-US\",\"potentialAction\":[{\"@type\":\"ReadAction\",\"target\":[\"https:\\\/\\\/cioelectro.com\\\/produkt\\\/kona-sutra-al-se-reiserad-shimano-sora-deore-9f-700-mm-blau-2021\\\/\"]}]},{\"@type\":\"ImageObject\",\"inLanguage\":\"en-US\",\"@id\":\"https:\\\/\\\/cioelectro.com\\\/produkt\\\/kona-sutra-al-se-reiserad-shimano-sora-deore-9f-700-mm-blau-2021\\\/#primaryimage\",\"url\":\"https:\\\/\\\/cioelectro.com\\\/wp-content\\\/uploads\\\/2023\\\/06\\\/KONA-SUTRA-AL-SE-REISERAD-SHIMANO-SORADEORE-9F-700-MM-BLAU-2021.jpg\",\"contentUrl\":\"https:\\\/\\\/cioelectro.com\\\/wp-content\\\/uploads\\\/2023\\\/06\\\/KONA-SUTRA-AL-SE-REISERAD-SHIMANO-SORADEORE-9F-700-MM-BLAU-2021.jpg\",\"width\":600,\"height\":408,\"caption\":\"KONA SUTRA AL SE REISERAD SHIMANO SORADEORE 9F 700 MM BLAU 2021\"},{\"@type\":\"BreadcrumbList\",\"@id\":\"https:\\\/\\\/cioelectro.com\\\/produkt\\\/kona-sutra-al-se-reiserad-shimano-sora-deore-9f-700-mm-blau-2021\\\/#breadcrumb\",\"itemListElement\":[{\"@type\":\"ListItem\",\"position\":1,\"name\":\"Startseite\",\"item\":\"https:\\\/\\\/cioelectro.com\\\/\"},{\"@type\":\"ListItem\",\"position\":2,\"name\":\"LADEN\",\"item\":\"https:\\\/\\\/cioelectro.com\\\/laden\\\/\"},{\"@type\":\"ListItem\",\"position\":3,\"name\":\"KONA SUTRA AL SE REISERAD SHIMANO SORA\\\/DEORE 9F 700 MM BLAU 2021\"}]},{\"@type\":\"WebSite\",\"@id\":\"https:\\\/\\\/cioelectro.com\\\/#website\",\"url\":\"https:\\\/\\\/cioelectro.com\\\/\",\"name\":\"cioelectro.com\",\"description\":\"Treten Sie mit uns ins Abenteuer!\",\"publisher\":{\"@id\":\"https:\\\/\\\/cioelectro.com\\\/#organization\"},\"alternateName\":\"MEIN RADLADEN\",\"potentialAction\":[{\"@type\":\"SearchAction\",\"target\":{\"@type\":\"EntryPoint\",\"urlTemplate\":\"https:\\\/\\\/cioelectro.com\\\/?s={search_term_string}\"},\"query-input\":{\"@type\":\"PropertyValueSpecification\",\"valueRequired\":true,\"valueName\":\"search_term_string\"}}],\"inLanguage\":\"en-US\"},{\"@type\":\"Organization\",\"@id\":\"https:\\\/\\\/cioelectro.com\\\/#organization\",\"name\":\"CIOELECTRO\",\"alternateName\":\"MEIN RADLADEN\",\"url\":\"https:\\\/\\\/cioelectro.com\\\/\",\"logo\":{\"@type\":\"ImageObject\",\"inLanguage\":\"en-US\",\"@id\":\"https:\\\/\\\/cioelectro.com\\\/#\\\/schema\\\/logo\\\/image\\\/\",\"url\":\"https:\\\/\\\/cioelectro.com\\\/wp-content\\\/uploads\\\/2025\\\/12\\\/Logo-2-1200x800.png\",\"contentUrl\":\"https:\\\/\\\/cioelectro.com\\\/wp-content\\\/uploads\\\/2025\\\/12\\\/Logo-2-1200x800.png\",\"width\":1200,\"height\":800,\"caption\":\"CIOELECTRO\"},\"image\":{\"@id\":\"https:\\\/\\\/cioelectro.com\\\/#\\\/schema\\\/logo\\\/image\\\/\"}}]}<\/script>\n<!-- \/ Yoast SEO Premium plugin. -->","yoast_head_json":{"title":"KONA SUTRA AL SE REISERAD SHIMANO SORA\/DEORE 9F","description":"Entdecken Sie unseren Online-Fahrradladen: Gro\u00dfe Auswahl an Modellen f\u00fcr alle Radsportbegeisterten. Von Rennr\u00e4dern bis zu Mountainbikes - finden Sie heute Ihren perfekten Wegbegleiter!","robots":{"index":"index","follow":"follow","max-snippet":"max-snippet:-1","max-image-preview":"max-image-preview:large","max-video-preview":"max-video-preview:-1"},"canonical":"https:\/\/cioelectro.com\/en\/produkt\/kona-sutra-al-se-reiserad-shimano-sora-deore-9f-700-mm-blau-2021\/","og_locale":"en_US","og_type":"article","og_title":"KONA SUTRA AL SE REISERAD SHIMANO SORA\/DEORE 9F 700 MM BLAU 2021","og_description":"Entdecken Sie unseren Online-Fahrradladen: Gro\u00dfe Auswahl an Modellen f\u00fcr alle Radsportbegeisterten. Von Rennr\u00e4dern bis zu Mountainbikes - finden Sie heute Ihren perfekten Wegbegleiter!","og_url":"https:\/\/cioelectro.com\/en\/produkt\/kona-sutra-al-se-reiserad-shimano-sora-deore-9f-700-mm-blau-2021\/","og_site_name":"cioelectro.com","article_modified_time":"2025-06-12T19:59:08+00:00","og_image":[{"width":600,"height":408,"url":"https:\/\/cioelectro.com\/wp-content\/uploads\/2023\/06\/KONA-SUTRA-AL-SE-REISERAD-SHIMANO-SORADEORE-9F-700-MM-BLAU-2021.jpg","type":"image\/jpeg"}],"twitter_card":"summary_large_image","twitter_misc":{"Est. reading time":"2 minutes"},"schema":{"@context":"https:\/\/schema.org","@graph":[{"@type":"WebPage","@id":"https:\/\/cioelectro.com\/produkt\/kona-sutra-al-se-reiserad-shimano-sora-deore-9f-700-mm-blau-2021\/","url":"https:\/\/cioelectro.com\/produkt\/kona-sutra-al-se-reiserad-shimano-sora-deore-9f-700-mm-blau-2021\/","name":"KONA SUTRA AL SE REISERAD SHIMANO SORA\/DEORE 9F","isPartOf":{"@id":"https:\/\/cioelectro.com\/#website"},"primaryImageOfPage":{"@id":"https:\/\/cioelectro.com\/produkt\/kona-sutra-al-se-reiserad-shimano-sora-deore-9f-700-mm-blau-2021\/#primaryimage"},"image":{"@id":"https:\/\/cioelectro.com\/produkt\/kona-sutra-al-se-reiserad-shimano-sora-deore-9f-700-mm-blau-2021\/#primaryimage"},"thumbnailUrl":"https:\/\/cioelectro.com\/wp-content\/uploads\/2023\/06\/KONA-SUTRA-AL-SE-REISERAD-SHIMANO-SORADEORE-9F-700-MM-BLAU-2021.jpg","datePublished":"2022-08-03T21:20:04+00:00","dateModified":"2025-06-12T19:59:08+00:00","description":"Entdecken Sie unseren Online-Fahrradladen: Gro\u00dfe Auswahl an Modellen f\u00fcr alle Radsportbegeisterten. Von Rennr\u00e4dern bis zu Mountainbikes - finden Sie heute Ihren perfekten Wegbegleiter!","breadcrumb":{"@id":"https:\/\/cioelectro.com\/produkt\/kona-sutra-al-se-reiserad-shimano-sora-deore-9f-700-mm-blau-2021\/#breadcrumb"},"inLanguage":"en-US","potentialAction":[{"@type":"ReadAction","target":["https:\/\/cioelectro.com\/produkt\/kona-sutra-al-se-reiserad-shimano-sora-deore-9f-700-mm-blau-2021\/"]}]},{"@type":"ImageObject","inLanguage":"en-US","@id":"https:\/\/cioelectro.com\/produkt\/kona-sutra-al-se-reiserad-shimano-sora-deore-9f-700-mm-blau-2021\/#primaryimage","url":"https:\/\/cioelectro.com\/wp-content\/uploads\/2023\/06\/KONA-SUTRA-AL-SE-REISERAD-SHIMANO-SORADEORE-9F-700-MM-BLAU-2021.jpg","contentUrl":"https:\/\/cioelectro.com\/wp-content\/uploads\/2023\/06\/KONA-SUTRA-AL-SE-REISERAD-SHIMANO-SORADEORE-9F-700-MM-BLAU-2021.jpg","width":600,"height":408,"caption":"KONA SUTRA AL SE REISERAD SHIMANO SORADEORE 9F 700 MM BLAU 2021"},{"@type":"BreadcrumbList","@id":"https:\/\/cioelectro.com\/produkt\/kona-sutra-al-se-reiserad-shimano-sora-deore-9f-700-mm-blau-2021\/#breadcrumb","itemListElement":[{"@type":"ListItem","position":1,"name":"Startseite","item":"https:\/\/cioelectro.com\/"},{"@type":"ListItem","position":2,"name":"LADEN","item":"https:\/\/cioelectro.com\/laden\/"},{"@type":"ListItem","position":3,"name":"KONA SUTRA AL SE REISERAD SHIMANO SORA\/DEORE 9F 700 MM BLAU 2021"}]},{"@type":"WebSite","@id":"https:\/\/cioelectro.com\/#website","url":"https:\/\/cioelectro.com\/","name":"cioelectro.com","description":"Treten Sie mit uns ins Abenteuer!","publisher":{"@id":"https:\/\/cioelectro.com\/#organization"},"alternateName":"MEIN RADLADEN","potentialAction":[{"@type":"SearchAction","target":{"@type":"EntryPoint","urlTemplate":"https:\/\/cioelectro.com\/?s={search_term_string}"},"query-input":{"@type":"PropertyValueSpecification","valueRequired":true,"valueName":"search_term_string"}}],"inLanguage":"en-US"},{"@type":"Organization","@id":"https:\/\/cioelectro.com\/#organization","name":"CIOELECTRO","alternateName":"MEIN RADLADEN","url":"https:\/\/cioelectro.com\/","logo":{"@type":"ImageObject","inLanguage":"en-US","@id":"https:\/\/cioelectro.com\/#\/schema\/logo\/image\/","url":"https:\/\/cioelectro.com\/wp-content\/uploads\/2025\/12\/Logo-2-1200x800.png","contentUrl":"https:\/\/cioelectro.com\/wp-content\/uploads\/2025\/12\/Logo-2-1200x800.png","width":1200,"height":800,"caption":"CIOELECTRO"},"image":{"@id":"https:\/\/cioelectro.com\/#\/schema\/logo\/image\/"}}]}},"_links":{"self":[{"href":"https:\/\/cioelectro.com\/en\/wp-json\/wp\/v2\/product\/12154","targetHints":{"allow":["GET"]}}],"collection":[{"href":"https:\/\/cioelectro.com\/en\/wp-json\/wp\/v2\/product"}],"about":[{"href":"https:\/\/cioelectro.com\/en\/wp-json\/wp\/v2\/types\/product"}],"replies":[{"embeddable":true,"href":"https:\/\/cioelectro.com\/en\/wp-json\/wp\/v2\/comments?post=12154"}],"version-history":[{"count":0,"href":"https:\/\/cioelectro.com\/en\/wp-json\/wp\/v2\/product\/12154\/revisions"}],"wp:featuredmedia":[{"embeddable":true,"href":"https:\/\/cioelectro.com\/en\/wp-json\/wp\/v2\/media\/60708"}],"wp:attachment":[{"href":"https:\/\/cioelectro.com\/en\/wp-json\/wp\/v2\/media?parent=12154"}],"wp:term":[{"taxonomy":"product_brand","embeddable":true,"href":"https:\/\/cioelectro.com\/en\/wp-json\/wp\/v2\/product_brand?post=12154"},{"taxonomy":"product_cat","embeddable":true,"href":"https:\/\/cioelectro.com\/en\/wp-json\/wp\/v2\/product_cat?post=12154"},{"taxonomy":"product_tag","embeddable":true,"href":"https:\/\/cioelectro.com\/en\/wp-json\/wp\/v2\/product_tag?post=12154"}],"curies":[{"name":"wp","href":"https:\/\/api.w.org\/{rel}","templated":true}]}}