{"id":12200,"date":"2022-08-04T00:05:54","date_gmt":"2022-08-03T22:05:54","guid":{"rendered":"https:\/\/meinradladen.com\/?post_type=product&#038;p=12200"},"modified":"2023-08-10T17:38:58","modified_gmt":"2023-08-10T15:38:58","slug":"fuji-jari-2-5-gravel-bike-shimano-claris-8s-700mm-satin-grey-2021","status":"publish","type":"product","link":"https:\/\/cioelectro.com\/en\/produkt\/fuji-jari-2-5-gravel-bike-shimano-claris-8s-700mm-satin-grey-2021\/","title":{"rendered":"FUJI JARI 2.5 GRAVEL BIKE SHIMANO CLARIS 8S 700MM SATIN GREY 2021"},"content":{"rendered":"<div id=\"product-header-order-name\" class=\"col-lg-20 col-md-20 col-sm-20 col-xs-20\">\n<h2 class=\"heading-title-text\">FUJI JARI 2.5 GRAVEL BIKE SHIMANO CLARIS 8S 700MM SATIN GREY 2021<\/h2>\n<div class=\"col col-sm-14 col-md-14 col-lg-14\">\n<p>Leistung, Benutzerfreundlichkeit und Vielseitigkeit: Diese drei Begriffe beschreiben den\u00a0<strong>Fuji Jari 2.5 perfekt .<\/strong><br \/>\nDer Jari wurde f\u00fcr den Start der sch\u00f6nsten Gravel Lauf entwickelt und eignet sich auch hervorragend f\u00fcr Radtouren oder sogar f\u00fcr V\u00e9lotaf. Dieses echte Cham\u00e4leon passt sich Ihrer Praxis an.<br \/>\nDie ziemlich lange Geometrie bietet Ihnen hervorragende Stabilit\u00e4t und Sicherheit in jedem Gel\u00e4nde, sodass Ihre Ausfl\u00fcge von Dauer sind.<\/p>\n<p>Der\u00a0<strong>Jari<\/strong>\u00a0ist der perfekte Reisepartner.<\/p>\n<\/div>\n<div class=\"prodsheet_bullets col col-sm-6 col-md-6 col-lg-6\">\n<h4>HAUPTEIGENSCHAFTEN:<\/h4>\n<ul>\n<li>Fuji A6-SL Custom Reinforced Alloy Frame f\u00fcr geringes Gewicht, Festigkeit und Zuverl\u00e4ssigkeit.<\/li>\n<li>Shimano Claris 8-Gang-Antrieb.<\/li>\n<li>Mechanische Scheibenbremsen Tektro Mira, 160\/160 mm.<\/li>\n<li>Zahnstangenhalterungen und Kotfl\u00fcgel erh\u00f6hen die Vielseitigkeit.<\/li>\n<\/ul>\n<\/div>\n<div class=\"prodsheet_specs1 col col-sm-10 col-md-10 col-lg-10\">\n<h4>EINZELHEITEN:<\/h4>\n<table class=\"table table-striped\">\n<tbody>\n<tr>\n<td>Rahmen<\/td>\n<td>Aluminium: A6-SL Super-Butted Aluminium, konisches Steuerrohr<\/td>\n<\/tr>\n<tr>\n<td>Gabel<\/td>\n<td>Stahl: Chromoly, konischer Gabelschaft, Low-Rider-Wasserflasche und Zahnstangenhalterungen<\/td>\n<\/tr>\n<tr>\n<td>Shifter<\/td>\n<td>Shimano Claris, 2&#215;8 Geschwindigkeit<\/td>\n<\/tr>\n<tr>\n<td>Umwerfer<\/td>\n<td>Shimano claris<\/td>\n<\/tr>\n<tr>\n<td>Schaltwerk<\/td>\n<td>Shimano Altus, 8-Gang<\/td>\n<\/tr>\n<tr>\n<td>Kassette<\/td>\n<td>Shimano HG31, 11-34 Z\u00e4hne<\/td>\n<\/tr>\n<tr>\n<td>Kette<\/td>\n<td>KMC Z8.3<\/td>\n<\/tr>\n<tr>\n<td>Kurbelgarnitur<\/td>\n<td>FSA Tempo, 46\/30 Z\u00e4hne<\/td>\n<\/tr>\n<tr>\n<td>Tretlager<\/td>\n<td>Abgedichtetes Patronenlager<\/td>\n<\/tr>\n<tr>\n<td>Bremsen<\/td>\n<td>Mechanische Scheibe Tektro Mira, 160 mm Rotoren<\/td>\n<\/tr>\n<tr>\n<td>R\u00e4der<\/td>\n<td>WTB SX23 Felgen, Formel Naben, 32 \/ 32H<\/td>\n<\/tr>\n<tr>\n<td>Reifen<\/td>\n<td>WTB Riddler, 700 x 37 c, 30 tpi<\/td>\n<\/tr>\n<tr>\n<td>Lenker<\/td>\n<td>Oval Concepts 325, 6061 Legierung, 31,8 mm Klemme, 125 mm Gef\u00e4lle, 25 \u00b0 B\u00f6rdelung, 4 \u00b0 Sweep<\/td>\n<\/tr>\n<tr>\n<td>Band<\/td>\n<td>Oval Concepts 300, Wildleder<\/td>\n<\/tr>\n<tr>\n<td>Stengel<\/td>\n<td>Ovale Konzepte 313, 3D-geschmiedet 6061, +\/- 6 \u00b0<\/td>\n<\/tr>\n<tr>\n<td>Headset<\/td>\n<td>FSA, 1 1\/8 &#8220;oben &#8211; 1 1\/2&#8221; unten, integriert<\/td>\n<\/tr>\n<tr>\n<td>Sattel<\/td>\n<td>Oval Concepts 238, Stahlschienen<\/td>\n<\/tr>\n<tr>\n<td>Sattelst\u00fctze<\/td>\n<td>Fuji, Legierung, 27,2 mm<\/td>\n<\/tr>\n<tr>\n<td>Gesamtgewicht<\/td>\n<td>13,10 kg 28,82 lbs<\/td>\n<\/tr>\n<\/tbody>\n<\/table>\n<\/div>\n<div class=\"prodsheet_specs2 col col-sm-10 col-md-10 col-lg-10\">\n<h4>GEOMETRIE<\/h4>\n<p><img decoding=\"async\" src=\"http:\/\/media1.alltricks.fr\/ckfinder\/images\/cube_route_geo_en.jpg\" \/><\/p>\n<table class=\"table table-striped\">\n<tbody>\n<tr>\n<td>Gr\u00f6\u00dfe<\/td>\n<td>XXS<\/td>\n<td>XS<\/td>\n<td>S.<\/td>\n<td>M.<\/td>\n<td>L.<\/td>\n<td>XL<\/td>\n<td>XXL<\/td>\n<\/tr>\n<tr>\n<td>Rahmengr\u00f6\u00dfe (mm)<\/td>\n<td>46<\/td>\n<td>49<\/td>\n<td>52<\/td>\n<td>54<\/td>\n<td>55.5<\/td>\n<td>57.5<\/td>\n<td>60<\/td>\n<\/tr>\n<tr>\n<td>Sitzrohr (mm)<\/td>\n<td>460<\/td>\n<td>480<\/td>\n<td>520<\/td>\n<td>540<\/td>\n<td>560<\/td>\n<td>580<\/td>\n<td>600<\/td>\n<\/tr>\n<tr>\n<td>Oberrohr (mm)<\/td>\n<td>505<\/td>\n<td>510<\/td>\n<td>530<\/td>\n<td>550<\/td>\n<td>565<\/td>\n<td>580<\/td>\n<td>600<\/td>\n<\/tr>\n<tr>\n<td>Grundl\u00e4nge (mm)<\/td>\n<td>435<\/td>\n<td>435<\/td>\n<td>435<\/td>\n<td>435<\/td>\n<td>435<\/td>\n<td>435<\/td>\n<td>435<\/td>\n<\/tr>\n<tr>\n<td>Steuerrohr (mm)<\/td>\n<td>100<\/td>\n<td>120<\/td>\n<td>140<\/td>\n<td>155<\/td>\n<td>170<\/td>\n<td>190<\/td>\n<td>210<\/td>\n<\/tr>\n<tr>\n<td>Lenkwinkel (\u00b0)<\/td>\n<td>69,5 \u00b0<\/td>\n<td>70,5 \u00b0<\/td>\n<td>70,5 \u00b0<\/td>\n<td>71 \u00b0<\/td>\n<td>71,5 \u00b0<\/td>\n<td>71,5 \u00b0<\/td>\n<td>71,5 \u00b0<\/td>\n<\/tr>\n<tr>\n<td>Sitzrohrwinkel (\u00b0)<\/td>\n<td>74,5 \u00b0<\/td>\n<td>75 \u00b0<\/td>\n<td>74 \u00b0<\/td>\n<td>73 \u00b0<\/td>\n<td>73 \u00b0<\/td>\n<td>73 \u00b0<\/td>\n<td>73 \u00b0<\/td>\n<\/tr>\n<tr>\n<td>Radstand (mm)<\/td>\n<td>1010<\/td>\n<td>1012<\/td>\n<td>1023<\/td>\n<td>1028<\/td>\n<td>1039<\/td>\n<td>1054<\/td>\n<td>1074<\/td>\n<\/tr>\n<tr>\n<td>Stapel (mm)<\/td>\n<td>522<\/td>\n<td>548<\/td>\n<td>560<\/td>\n<td>584<\/td>\n<td>595<\/td>\n<td>616<\/td>\n<td>635<\/td>\n<\/tr>\n<tr>\n<td>Reichweite (mm)<\/td>\n<td>360<\/td>\n<td>363<\/td>\n<td>368<\/td>\n<td>372<\/td>\n<td>382<\/td>\n<td>392<\/td>\n<td>405<\/td>\n<\/tr>\n<\/tbody>\n<\/table>\n<\/div>\n<\/div>\n<div id=\"product-header-order-form\" class=\"js-reload-on-event col-lg-20 col-md-20 col-sm-20 col-xs-20\" data-to-watch=\"body\" data-event=\"alltricks:cartChanged\" data-url=\"\/ajax\/product\/ajouter\/F-41505-velos-route-_-cyclocross-_-triathlon\/P-1910484-fuji_jari_2_5_gravel_bike_shimano_claris_8s_700mm_satin_grey_2021\"><\/div>","protected":false},"excerpt":{"rendered":"<div class=\"col-lg-14 col-md-14 col-sm-14 col-xs-20\"><\/div>\n<div id=\"product-specifications-table\" class=\"col-lg-20 col-md-20 col-sm-20 col-xs-20\">\n<table class=\"table table-striped\">\n<tbody>\n<tr>\n<td class=\"spec-name\">Geschlecht<\/td>\n<td class=\"spec-value\">Herren<\/td>\n<\/tr>\n<tr>\n<td class=\"spec-name\">Gruppe<\/td>\n<td class=\"spec-value\">Shimano Claris 8S<\/td>\n<\/tr>\n<tr>\n<td class=\"spec-name\">collection<\/td>\n<td class=\"spec-value\">2021<\/td>\n<\/tr>\n<\/tbody>\n<\/table>\n<\/div>","protected":false},"featured_media":60717,"comment_status":"open","ping_status":"closed","template":"","meta":{"_rtcl_gb_attr":""},"product_brand":[],"product_cat":[129],"product_tag":[],"class_list":{"0":"post-12200","1":"product","2":"type-product","3":"status-publish","4":"has-post-thumbnail","6":"product_cat-rennrad","7":"pa_marke-fuji","9":"first","10":"instock","11":"sale","12":"taxable","13":"shipping-taxable","14":"purchasable","15":"product-type-variable"},"yoast_head":"<!-- This site is optimized with the Yoast SEO Premium plugin v20.12 (Yoast SEO v27.4) - https:\/\/yoast.com\/product\/yoast-seo-premium-wordpress\/ -->\n<title>FUJI JARI 2.5 GRAVEL BIKE SHIMANO CLARIS 8S 700MM<\/title>\n<meta name=\"description\" content=\"Entdecken Sie unseren Online-Fahrradladen: Gro\u00dfe Auswahl an Modellen f\u00fcr alle Radsportbegeisterten. Von Rennr\u00e4dern bis zu Mountainbikes - finden Sie heute Ihren perfekten Wegbegleiter!\" \/>\n<meta name=\"robots\" content=\"index, follow, max-snippet:-1, max-image-preview:large, max-video-preview:-1\" \/>\n<link rel=\"canonical\" href=\"https:\/\/cioelectro.com\/en\/produkt\/fuji-jari-2-5-gravel-bike-shimano-claris-8s-700mm-satin-grey-2021\/\" \/>\n<meta property=\"og:locale\" content=\"en_US\" \/>\n<meta property=\"og:type\" content=\"article\" \/>\n<meta property=\"og:title\" content=\"FUJI JARI 2.5 GRAVEL BIKE SHIMANO CLARIS 8S 700MM SATIN GREY 2021\" \/>\n<meta property=\"og:description\" content=\"Entdecken Sie unseren Online-Fahrradladen: Gro\u00dfe Auswahl an Modellen f\u00fcr alle Radsportbegeisterten. Von Rennr\u00e4dern bis zu Mountainbikes - finden Sie heute Ihren perfekten Wegbegleiter!\" \/>\n<meta property=\"og:url\" content=\"https:\/\/cioelectro.com\/en\/produkt\/fuji-jari-2-5-gravel-bike-shimano-claris-8s-700mm-satin-grey-2021\/\" \/>\n<meta property=\"og:site_name\" content=\"cioelectro.com\" \/>\n<meta property=\"article:modified_time\" content=\"2023-08-10T15:38:58+00:00\" \/>\n<meta property=\"og:image\" content=\"https:\/\/cioelectro.com\/wp-content\/uploads\/2023\/06\/FUJI-JARI-2.5-GRAVEL-BIKE-SHIMANO-CLARIS-8S-700MM-SATIN-GREY-2021.jpg\" \/>\n\t<meta property=\"og:image:width\" content=\"600\" \/>\n\t<meta property=\"og:image:height\" content=\"408\" \/>\n\t<meta property=\"og:image:type\" content=\"image\/jpeg\" \/>\n<meta name=\"twitter:card\" content=\"summary_large_image\" \/>\n<meta name=\"twitter:label1\" content=\"Est. reading time\" \/>\n\t<meta name=\"twitter:data1\" content=\"3 minutes\" \/>\n<script type=\"application\/ld+json\" class=\"yoast-schema-graph\">{\"@context\":\"https:\\\/\\\/schema.org\",\"@graph\":[{\"@type\":\"WebPage\",\"@id\":\"https:\\\/\\\/cioelectro.com\\\/produkt\\\/fuji-jari-2-5-gravel-bike-shimano-claris-8s-700mm-satin-grey-2021\\\/\",\"url\":\"https:\\\/\\\/cioelectro.com\\\/produkt\\\/fuji-jari-2-5-gravel-bike-shimano-claris-8s-700mm-satin-grey-2021\\\/\",\"name\":\"FUJI JARI 2.5 GRAVEL BIKE SHIMANO CLARIS 8S 700MM\",\"isPartOf\":{\"@id\":\"https:\\\/\\\/cioelectro.com\\\/#website\"},\"primaryImageOfPage\":{\"@id\":\"https:\\\/\\\/cioelectro.com\\\/produkt\\\/fuji-jari-2-5-gravel-bike-shimano-claris-8s-700mm-satin-grey-2021\\\/#primaryimage\"},\"image\":{\"@id\":\"https:\\\/\\\/cioelectro.com\\\/produkt\\\/fuji-jari-2-5-gravel-bike-shimano-claris-8s-700mm-satin-grey-2021\\\/#primaryimage\"},\"thumbnailUrl\":\"https:\\\/\\\/cioelectro.com\\\/wp-content\\\/uploads\\\/2023\\\/06\\\/FUJI-JARI-2.5-GRAVEL-BIKE-SHIMANO-CLARIS-8S-700MM-SATIN-GREY-2021.jpg\",\"datePublished\":\"2022-08-03T22:05:54+00:00\",\"dateModified\":\"2023-08-10T15:38:58+00:00\",\"description\":\"Entdecken Sie unseren Online-Fahrradladen: Gro\u00dfe Auswahl an Modellen f\u00fcr alle Radsportbegeisterten. Von Rennr\u00e4dern bis zu Mountainbikes - finden Sie heute Ihren perfekten Wegbegleiter!\",\"breadcrumb\":{\"@id\":\"https:\\\/\\\/cioelectro.com\\\/produkt\\\/fuji-jari-2-5-gravel-bike-shimano-claris-8s-700mm-satin-grey-2021\\\/#breadcrumb\"},\"inLanguage\":\"en-US\",\"potentialAction\":[{\"@type\":\"ReadAction\",\"target\":[\"https:\\\/\\\/cioelectro.com\\\/produkt\\\/fuji-jari-2-5-gravel-bike-shimano-claris-8s-700mm-satin-grey-2021\\\/\"]}]},{\"@type\":\"ImageObject\",\"inLanguage\":\"en-US\",\"@id\":\"https:\\\/\\\/cioelectro.com\\\/produkt\\\/fuji-jari-2-5-gravel-bike-shimano-claris-8s-700mm-satin-grey-2021\\\/#primaryimage\",\"url\":\"https:\\\/\\\/cioelectro.com\\\/wp-content\\\/uploads\\\/2023\\\/06\\\/FUJI-JARI-2.5-GRAVEL-BIKE-SHIMANO-CLARIS-8S-700MM-SATIN-GREY-2021.jpg\",\"contentUrl\":\"https:\\\/\\\/cioelectro.com\\\/wp-content\\\/uploads\\\/2023\\\/06\\\/FUJI-JARI-2.5-GRAVEL-BIKE-SHIMANO-CLARIS-8S-700MM-SATIN-GREY-2021.jpg\",\"width\":600,\"height\":408,\"caption\":\"FUJI JARI 2.5 GRAVEL BIKE SHIMANO CLARIS 8S 700MM SATIN GREY 2021\"},{\"@type\":\"BreadcrumbList\",\"@id\":\"https:\\\/\\\/cioelectro.com\\\/produkt\\\/fuji-jari-2-5-gravel-bike-shimano-claris-8s-700mm-satin-grey-2021\\\/#breadcrumb\",\"itemListElement\":[{\"@type\":\"ListItem\",\"position\":1,\"name\":\"Startseite\",\"item\":\"https:\\\/\\\/cioelectro.com\\\/\"},{\"@type\":\"ListItem\",\"position\":2,\"name\":\"LADEN\",\"item\":\"https:\\\/\\\/cioelectro.com\\\/laden\\\/\"},{\"@type\":\"ListItem\",\"position\":3,\"name\":\"FUJI JARI 2.5 GRAVEL BIKE SHIMANO CLARIS 8S 700MM SATIN GREY 2021\"}]},{\"@type\":\"WebSite\",\"@id\":\"https:\\\/\\\/cioelectro.com\\\/#website\",\"url\":\"https:\\\/\\\/cioelectro.com\\\/\",\"name\":\"cioelectro.com\",\"description\":\"Treten Sie mit uns ins Abenteuer!\",\"publisher\":{\"@id\":\"https:\\\/\\\/cioelectro.com\\\/#organization\"},\"alternateName\":\"MEIN RADLADEN\",\"potentialAction\":[{\"@type\":\"SearchAction\",\"target\":{\"@type\":\"EntryPoint\",\"urlTemplate\":\"https:\\\/\\\/cioelectro.com\\\/?s={search_term_string}\"},\"query-input\":{\"@type\":\"PropertyValueSpecification\",\"valueRequired\":true,\"valueName\":\"search_term_string\"}}],\"inLanguage\":\"en-US\"},{\"@type\":\"Organization\",\"@id\":\"https:\\\/\\\/cioelectro.com\\\/#organization\",\"name\":\"CIOELECTRO\",\"alternateName\":\"MEIN RADLADEN\",\"url\":\"https:\\\/\\\/cioelectro.com\\\/\",\"logo\":{\"@type\":\"ImageObject\",\"inLanguage\":\"en-US\",\"@id\":\"https:\\\/\\\/cioelectro.com\\\/#\\\/schema\\\/logo\\\/image\\\/\",\"url\":\"https:\\\/\\\/cioelectro.com\\\/wp-content\\\/uploads\\\/2025\\\/12\\\/Logo-2-1200x800.png\",\"contentUrl\":\"https:\\\/\\\/cioelectro.com\\\/wp-content\\\/uploads\\\/2025\\\/12\\\/Logo-2-1200x800.png\",\"width\":1200,\"height\":800,\"caption\":\"CIOELECTRO\"},\"image\":{\"@id\":\"https:\\\/\\\/cioelectro.com\\\/#\\\/schema\\\/logo\\\/image\\\/\"}}]}<\/script>\n<!-- \/ Yoast SEO Premium plugin. -->","yoast_head_json":{"title":"FUJI JARI 2.5 GRAVEL BIKE SHIMANO CLARIS 8S 700MM","description":"Entdecken Sie unseren Online-Fahrradladen: Gro\u00dfe Auswahl an Modellen f\u00fcr alle Radsportbegeisterten. Von Rennr\u00e4dern bis zu Mountainbikes - finden Sie heute Ihren perfekten Wegbegleiter!","robots":{"index":"index","follow":"follow","max-snippet":"max-snippet:-1","max-image-preview":"max-image-preview:large","max-video-preview":"max-video-preview:-1"},"canonical":"https:\/\/cioelectro.com\/en\/produkt\/fuji-jari-2-5-gravel-bike-shimano-claris-8s-700mm-satin-grey-2021\/","og_locale":"en_US","og_type":"article","og_title":"FUJI JARI 2.5 GRAVEL BIKE SHIMANO CLARIS 8S 700MM SATIN GREY 2021","og_description":"Entdecken Sie unseren Online-Fahrradladen: Gro\u00dfe Auswahl an Modellen f\u00fcr alle Radsportbegeisterten. Von Rennr\u00e4dern bis zu Mountainbikes - finden Sie heute Ihren perfekten Wegbegleiter!","og_url":"https:\/\/cioelectro.com\/en\/produkt\/fuji-jari-2-5-gravel-bike-shimano-claris-8s-700mm-satin-grey-2021\/","og_site_name":"cioelectro.com","article_modified_time":"2023-08-10T15:38:58+00:00","og_image":[{"width":600,"height":408,"url":"https:\/\/cioelectro.com\/wp-content\/uploads\/2023\/06\/FUJI-JARI-2.5-GRAVEL-BIKE-SHIMANO-CLARIS-8S-700MM-SATIN-GREY-2021.jpg","type":"image\/jpeg"}],"twitter_card":"summary_large_image","twitter_misc":{"Est. reading time":"3 minutes"},"schema":{"@context":"https:\/\/schema.org","@graph":[{"@type":"WebPage","@id":"https:\/\/cioelectro.com\/produkt\/fuji-jari-2-5-gravel-bike-shimano-claris-8s-700mm-satin-grey-2021\/","url":"https:\/\/cioelectro.com\/produkt\/fuji-jari-2-5-gravel-bike-shimano-claris-8s-700mm-satin-grey-2021\/","name":"FUJI JARI 2.5 GRAVEL BIKE SHIMANO CLARIS 8S 700MM","isPartOf":{"@id":"https:\/\/cioelectro.com\/#website"},"primaryImageOfPage":{"@id":"https:\/\/cioelectro.com\/produkt\/fuji-jari-2-5-gravel-bike-shimano-claris-8s-700mm-satin-grey-2021\/#primaryimage"},"image":{"@id":"https:\/\/cioelectro.com\/produkt\/fuji-jari-2-5-gravel-bike-shimano-claris-8s-700mm-satin-grey-2021\/#primaryimage"},"thumbnailUrl":"https:\/\/cioelectro.com\/wp-content\/uploads\/2023\/06\/FUJI-JARI-2.5-GRAVEL-BIKE-SHIMANO-CLARIS-8S-700MM-SATIN-GREY-2021.jpg","datePublished":"2022-08-03T22:05:54+00:00","dateModified":"2023-08-10T15:38:58+00:00","description":"Entdecken Sie unseren Online-Fahrradladen: Gro\u00dfe Auswahl an Modellen f\u00fcr alle Radsportbegeisterten. Von Rennr\u00e4dern bis zu Mountainbikes - finden Sie heute Ihren perfekten Wegbegleiter!","breadcrumb":{"@id":"https:\/\/cioelectro.com\/produkt\/fuji-jari-2-5-gravel-bike-shimano-claris-8s-700mm-satin-grey-2021\/#breadcrumb"},"inLanguage":"en-US","potentialAction":[{"@type":"ReadAction","target":["https:\/\/cioelectro.com\/produkt\/fuji-jari-2-5-gravel-bike-shimano-claris-8s-700mm-satin-grey-2021\/"]}]},{"@type":"ImageObject","inLanguage":"en-US","@id":"https:\/\/cioelectro.com\/produkt\/fuji-jari-2-5-gravel-bike-shimano-claris-8s-700mm-satin-grey-2021\/#primaryimage","url":"https:\/\/cioelectro.com\/wp-content\/uploads\/2023\/06\/FUJI-JARI-2.5-GRAVEL-BIKE-SHIMANO-CLARIS-8S-700MM-SATIN-GREY-2021.jpg","contentUrl":"https:\/\/cioelectro.com\/wp-content\/uploads\/2023\/06\/FUJI-JARI-2.5-GRAVEL-BIKE-SHIMANO-CLARIS-8S-700MM-SATIN-GREY-2021.jpg","width":600,"height":408,"caption":"FUJI JARI 2.5 GRAVEL BIKE SHIMANO CLARIS 8S 700MM SATIN GREY 2021"},{"@type":"BreadcrumbList","@id":"https:\/\/cioelectro.com\/produkt\/fuji-jari-2-5-gravel-bike-shimano-claris-8s-700mm-satin-grey-2021\/#breadcrumb","itemListElement":[{"@type":"ListItem","position":1,"name":"Startseite","item":"https:\/\/cioelectro.com\/"},{"@type":"ListItem","position":2,"name":"LADEN","item":"https:\/\/cioelectro.com\/laden\/"},{"@type":"ListItem","position":3,"name":"FUJI JARI 2.5 GRAVEL BIKE SHIMANO CLARIS 8S 700MM SATIN GREY 2021"}]},{"@type":"WebSite","@id":"https:\/\/cioelectro.com\/#website","url":"https:\/\/cioelectro.com\/","name":"cioelectro.com","description":"Treten Sie mit uns ins Abenteuer!","publisher":{"@id":"https:\/\/cioelectro.com\/#organization"},"alternateName":"MEIN RADLADEN","potentialAction":[{"@type":"SearchAction","target":{"@type":"EntryPoint","urlTemplate":"https:\/\/cioelectro.com\/?s={search_term_string}"},"query-input":{"@type":"PropertyValueSpecification","valueRequired":true,"valueName":"search_term_string"}}],"inLanguage":"en-US"},{"@type":"Organization","@id":"https:\/\/cioelectro.com\/#organization","name":"CIOELECTRO","alternateName":"MEIN RADLADEN","url":"https:\/\/cioelectro.com\/","logo":{"@type":"ImageObject","inLanguage":"en-US","@id":"https:\/\/cioelectro.com\/#\/schema\/logo\/image\/","url":"https:\/\/cioelectro.com\/wp-content\/uploads\/2025\/12\/Logo-2-1200x800.png","contentUrl":"https:\/\/cioelectro.com\/wp-content\/uploads\/2025\/12\/Logo-2-1200x800.png","width":1200,"height":800,"caption":"CIOELECTRO"},"image":{"@id":"https:\/\/cioelectro.com\/#\/schema\/logo\/image\/"}}]}},"_links":{"self":[{"href":"https:\/\/cioelectro.com\/en\/wp-json\/wp\/v2\/product\/12200","targetHints":{"allow":["GET"]}}],"collection":[{"href":"https:\/\/cioelectro.com\/en\/wp-json\/wp\/v2\/product"}],"about":[{"href":"https:\/\/cioelectro.com\/en\/wp-json\/wp\/v2\/types\/product"}],"replies":[{"embeddable":true,"href":"https:\/\/cioelectro.com\/en\/wp-json\/wp\/v2\/comments?post=12200"}],"version-history":[{"count":0,"href":"https:\/\/cioelectro.com\/en\/wp-json\/wp\/v2\/product\/12200\/revisions"}],"wp:featuredmedia":[{"embeddable":true,"href":"https:\/\/cioelectro.com\/en\/wp-json\/wp\/v2\/media\/60717"}],"wp:attachment":[{"href":"https:\/\/cioelectro.com\/en\/wp-json\/wp\/v2\/media?parent=12200"}],"wp:term":[{"taxonomy":"product_brand","embeddable":true,"href":"https:\/\/cioelectro.com\/en\/wp-json\/wp\/v2\/product_brand?post=12200"},{"taxonomy":"product_cat","embeddable":true,"href":"https:\/\/cioelectro.com\/en\/wp-json\/wp\/v2\/product_cat?post=12200"},{"taxonomy":"product_tag","embeddable":true,"href":"https:\/\/cioelectro.com\/en\/wp-json\/wp\/v2\/product_tag?post=12200"}],"curies":[{"name":"wp","href":"https:\/\/api.w.org\/{rel}","templated":true}]}}