{"id":12236,"date":"2022-08-04T08:08:00","date_gmt":"2022-08-04T06:08:00","guid":{"rendered":"https:\/\/meinradladen.com\/?post_type=product&#038;p=12236"},"modified":"2023-08-10T17:37:23","modified_gmt":"2023-08-10T15:37:23","slug":"filz-vr-performance-105-rennrad-shimano-105-11s-700mm-schwarz-2021","status":"publish","type":"product","link":"https:\/\/cioelectro.com\/en\/produkt\/filz-vr-performance-105-rennrad-shimano-105-11s-700mm-schwarz-2021\/","title":{"rendered":"FILZ VR PERFORMANCE 105 RENNRAD SHIMANO 105 11S 700MM SCHWARZ 2021"},"content":{"rendered":"<div id=\"product-header-order-name\" class=\"col-lg-20 col-md-20 col-sm-20 col-xs-20\">\n<h2 class=\"heading-title-text\">FILZ VR PERFORMANCE 105 RENNRAD SHIMANO 105 11S 700MM SCHWARZ 2021<\/h2>\n<\/div>\n<div id=\"product-header-order-form\" class=\"js-reload-on-event col-lg-20 col-md-20 col-sm-20 col-xs-20\" data-to-watch=\"body\" data-event=\"alltricks:cartChanged\" data-url=\"\/ajax\/product\/ajouter\/F-41505-velos-route-_-cyclocross-_-triathlon\/P-1664671-filz_vr_performance_105_rennrad_shimano_105_11s_700mm_schwarz_2021\">\n<div class=\"col col-sm-12 col-md-12 col-lg-12\">\n<p>Der\u00a0<strong>Filz VR Performance 105<\/strong>\u00a0ist der<strong>\u00a0<\/strong>bestes Preis-Leistungs-Verh\u00e4ltnis der VR-Reihe | Performance. Es verf\u00fcgt \u00fcber den gleichen Carbonrahmen wie die Topmodelle und ist mit der 105er-Gruppe von Shimano mit hydraulischen Scheibenbremsen ausgestattet.<\/p>\n<p>Scheibenbremsen sind der neue Standard in der Technologie f\u00fcr Rennr\u00e4der. Sie bieten eine erh\u00f6hte Bremskraft, eine pr\u00e4zisere Messung und eine bessere Leistung unter allen Fahrbedingungen. F\u00fcr Fahrer und leistungsorientierte Fahrer verbessern Scheibenbremsen auch das allgemeine Handling des Fahrrads und tragen dazu bei, mehr Geschwindigkeit in den Kurven f\u00fcr glattere Flugbahnen aufrechtzuerhalten.<\/p>\n<\/div>\n<div class=\"prodsheet_bullets col col-sm-8 col-md-8 col-lg-8\">\n<h4>DAS + PRODUKT:<\/h4>\n<ul>\n<li>Carbonrahmen und Gabel.<\/li>\n<li>Shimano 105 2&#215;11 Geschwindigkeitsantrieb.<\/li>\n<li>Hydraulische Scheibenbremsen Shimano 105 R7070.<\/li>\n<li>Kotfl\u00fcgel- und Gep\u00e4cktr\u00e4gerunterst\u00fctzung.<\/li>\n<\/ul>\n<\/div>\n<div class=\"prodsheet_specs1 col col-sm-12 col-md-12 col-lg-12\">\n<h4>EINZELHEITEN:<\/h4>\n<table class=\"table table-striped\">\n<tbody>\n<tr>\n<td>Rahmen<\/td>\n<td>Kohlenstoff: Filz VariableRoad 3.0 | UHC Performance Kohlefaser<\/td>\n<\/tr>\n<tr>\n<td>Gabel<\/td>\n<td>Kohlenstoff: Filz VariableRoad 3.0 | UHC Advanced Kohlefaser<\/td>\n<\/tr>\n<tr>\n<td>Schalthebel<\/td>\n<td>Shimano 105 R7020 2&#215;11 Geschwindigkeit (Shimano 105 R7025 f\u00fcr Gr\u00f6\u00dfen 43, 47 cm)<\/td>\n<\/tr>\n<tr>\n<td>Umwerfer<\/td>\n<td>Shimano 105 R7000<\/td>\n<\/tr>\n<tr>\n<td>Schaltwerk<\/td>\n<td>Shimano 105 R7000, 11-Gang-Mittelk\u00e4fig<\/td>\n<\/tr>\n<tr>\n<td>Kassette<\/td>\n<td>Shimano 105 HG700, 11-34 Z\u00e4hne<\/td>\n<\/tr>\n<tr>\n<td>Kette<\/td>\n<td>Shimano 105 HG601<\/td>\n<\/tr>\n<tr>\n<td>Hubs<\/td>\n<td>(Vorderseite): Shimano RS470 | J-Bend, Center Lock, 28 Stunden, TA 12 x 100 \/<br \/>\n(Hinten): Shimano RS470 | J-Bend, Center Lock, 28 Stunden, TA 12 x 142<\/td>\n<\/tr>\n<tr>\n<td>Speichen<\/td>\n<td>J-Bend, 2.0, Stahl, schwarz<\/td>\n<\/tr>\n<tr>\n<td>Bremsen<\/td>\n<td>Shimano 105 R7070, Hydr Disc. Bremsen. Shimano RT70, Center Lock, 160\/140 mm Rotoren<\/td>\n<\/tr>\n<tr>\n<td>R\u00e4der<\/td>\n<td>Devox WheelRDS.A1 mit Shimano-Naben | 23\/21<\/td>\n<\/tr>\n<tr>\n<td>Reifen<\/td>\n<td>Schwalbe ONE Performance, RaceGuard, 700x30c<\/td>\n<\/tr>\n<tr>\n<td>Lenker<\/td>\n<td>Devox DBar.A2<\/td>\n<\/tr>\n<tr>\n<td>Sattel<\/td>\n<td>Prologo Dimension Space STN<\/td>\n<\/tr>\n<tr>\n<td>Sattelschaft<\/td>\n<td>Devox Post.A3<\/td>\n<\/tr>\n<tr>\n<td>Gewicht<\/td>\n<td>8,85 kg<\/td>\n<\/tr>\n<tr>\n<td>Farben<\/td>\n<td>Black Glitter Matte<\/td>\n<\/tr>\n<\/tbody>\n<\/table>\n<\/div>\n<div class=\"prodsheet_specs2 col col-sm-8 col-md-8 col-lg-8\">\n<h4>GEOMETRIEN:<\/h4>\n<p><img decoding=\"async\" src=\"http:\/\/media1.alltricks.fr\/ckfinder\/images\/cube_route_geo_en.jpg\" \/><\/p>\n<table class=\"table table-striped\">\n<tbody>\n<tr>\n<td>Rahmengr\u00f6\u00dfe (cm)<\/td>\n<td>43<\/td>\n<td>47<\/td>\n<td>51<\/td>\n<td>54<\/td>\n<td>56<\/td>\n<td>58<\/td>\n<td>61<\/td>\n<\/tr>\n<tr>\n<td>Sitzrohr (mm)<\/td>\n<td>410<\/td>\n<td>430<\/td>\n<td>450<\/td>\n<td>480<\/td>\n<td>500<\/td>\n<td>520<\/td>\n<td>550<\/td>\n<\/tr>\n<tr>\n<td>Oberrohr (mm)<\/td>\n<td>495<\/td>\n<td>510<\/td>\n<td>525<\/td>\n<td>545<\/td>\n<td>563<\/td>\n<td>580<\/td>\n<td>595<\/td>\n<\/tr>\n<tr>\n<td>Grundl\u00e4nge (mm)<\/td>\n<td>412<\/td>\n<td>412<\/td>\n<td>415<\/td>\n<td>415<\/td>\n<td>415<\/td>\n<td>417<\/td>\n<td>417<\/td>\n<\/tr>\n<tr>\n<td>Steuerrohr (mm)<\/td>\n<td>115<\/td>\n<td>130<\/td>\n<td>145<\/td>\n<td>165<\/td>\n<td>185<\/td>\n<td>205<\/td>\n<td>225<\/td>\n<\/tr>\n<tr>\n<td>Lenkwinkel (\u00b0)<\/td>\n<td>70.3<\/td>\n<td>71.3<\/td>\n<td>72<\/td>\n<td>72,5<\/td>\n<td>72,5<\/td>\n<td>72,5<\/td>\n<td>72,5<\/td>\n<\/tr>\n<tr>\n<td>Sitzrohrwinkel (\u00b0)<\/td>\n<td>75.3<\/td>\n<td>74.7<\/td>\n<td>74,5<\/td>\n<td>74<\/td>\n<td>73,5<\/td>\n<td>73<\/td>\n<td>73<\/td>\n<\/tr>\n<tr>\n<td>Radstand (mm)<\/td>\n<td>977<\/td>\n<td>981<\/td>\n<td>989<\/td>\n<td>1000<\/td>\n<td>1013<\/td>\n<td>1027<\/td>\n<td>1042<\/td>\n<\/tr>\n<tr>\n<td>Stapel (mm)<\/td>\n<td>521<\/td>\n<td>539<\/td>\n<td>555<\/td>\n<td>576<\/td>\n<td>595<\/td>\n<td>614<\/td>\n<td>633<\/td>\n<\/tr>\n<tr>\n<td>Reichweite (mm)<\/td>\n<td>355<\/td>\n<td>362<\/td>\n<td>369<\/td>\n<td>379<\/td>\n<td>386<\/td>\n<td>392<\/td>\n<td>401<\/td>\n<\/tr>\n<\/tbody>\n<\/table>\n<\/div>\n<\/div>","protected":false},"excerpt":{"rendered":"<div class=\"col-lg-14 col-md-14 col-sm-14 col-xs-20\"><\/div>\n<div id=\"product-specifications-table\" class=\"col-lg-20 col-md-20 col-sm-20 col-xs-20\">\n<table class=\"table table-striped\">\n<tbody>\n<tr>\n<td class=\"spec-name\">Geschlecht<\/td>\n<td class=\"spec-value\">Herren<\/td>\n<\/tr>\n<tr>\n<td class=\"spec-name\">Gruppe<\/td>\n<td class=\"spec-value\">Shimano 105 11S<\/td>\n<\/tr>\n<tr>\n<td class=\"spec-name\">collection<\/td>\n<td class=\"spec-value\">2022<\/td>\n<\/tr>\n<\/tbody>\n<\/table>\n<\/div>","protected":false},"featured_media":60726,"comment_status":"open","ping_status":"closed","template":"","meta":{"_rtcl_gb_attr":""},"product_brand":[],"product_cat":[129],"product_tag":[],"class_list":{"0":"post-12236","1":"product","2":"type-product","3":"status-publish","4":"has-post-thumbnail","6":"product_cat-rennrad","7":"pa_marke-felt","9":"first","10":"instock","11":"sale","12":"taxable","13":"shipping-taxable","14":"purchasable","15":"product-type-variable"},"yoast_head":"<!-- This site is optimized with the Yoast SEO Premium plugin v20.12 (Yoast SEO v27.4) - https:\/\/yoast.com\/product\/yoast-seo-premium-wordpress\/ -->\n<title>FILZ VR PERFORMANCE 105 RENNRAD SHIMANO 105 11S 700MM SCHWARZ 2021<\/title>\n<meta name=\"description\" content=\"Entdecken Sie unseren Online-Fahrradladen: Gro\u00dfe Auswahl an Modellen f\u00fcr alle Radsportbegeisterten. Von Rennr\u00e4dern bis zu Mountainbikes - finden Sie heute Ihren perfekten Wegbegleiter!\" \/>\n<meta name=\"robots\" content=\"index, follow, max-snippet:-1, max-image-preview:large, max-video-preview:-1\" \/>\n<link rel=\"canonical\" href=\"https:\/\/cioelectro.com\/en\/produkt\/filz-vr-performance-105-rennrad-shimano-105-11s-700mm-schwarz-2021\/\" \/>\n<meta property=\"og:locale\" content=\"en_US\" \/>\n<meta property=\"og:type\" content=\"article\" \/>\n<meta property=\"og:title\" content=\"FILZ VR PERFORMANCE 105 RENNRAD SHIMANO 105 11S 700MM SCHWARZ 2021\" \/>\n<meta property=\"og:description\" content=\"Entdecken Sie unseren Online-Fahrradladen: Gro\u00dfe Auswahl an Modellen f\u00fcr alle Radsportbegeisterten. Von Rennr\u00e4dern bis zu Mountainbikes - finden Sie heute Ihren perfekten Wegbegleiter!\" \/>\n<meta property=\"og:url\" content=\"https:\/\/cioelectro.com\/en\/produkt\/filz-vr-performance-105-rennrad-shimano-105-11s-700mm-schwarz-2021\/\" \/>\n<meta property=\"og:site_name\" content=\"cioelectro.com\" \/>\n<meta property=\"article:modified_time\" content=\"2023-08-10T15:37:23+00:00\" \/>\n<meta property=\"og:image\" content=\"https:\/\/cioelectro.com\/wp-content\/uploads\/2023\/06\/FILZ-VR-PERFORMANCE-105-RENNRAD-SHIMANO-105-11S-700MM-SCHWARZ-2021.jpg\" \/>\n\t<meta property=\"og:image:width\" content=\"600\" \/>\n\t<meta property=\"og:image:height\" content=\"408\" \/>\n\t<meta property=\"og:image:type\" content=\"image\/jpeg\" \/>\n<meta name=\"twitter:card\" content=\"summary_large_image\" \/>\n<meta name=\"twitter:label1\" content=\"Est. reading time\" \/>\n\t<meta name=\"twitter:data1\" content=\"3 minutes\" \/>\n<script type=\"application\/ld+json\" class=\"yoast-schema-graph\">{\"@context\":\"https:\\\/\\\/schema.org\",\"@graph\":[{\"@type\":\"WebPage\",\"@id\":\"https:\\\/\\\/cioelectro.com\\\/produkt\\\/filz-vr-performance-105-rennrad-shimano-105-11s-700mm-schwarz-2021\\\/\",\"url\":\"https:\\\/\\\/cioelectro.com\\\/produkt\\\/filz-vr-performance-105-rennrad-shimano-105-11s-700mm-schwarz-2021\\\/\",\"name\":\"FILZ VR PERFORMANCE 105 RENNRAD SHIMANO 105 11S 700MM SCHWARZ 2021\",\"isPartOf\":{\"@id\":\"https:\\\/\\\/cioelectro.com\\\/#website\"},\"primaryImageOfPage\":{\"@id\":\"https:\\\/\\\/cioelectro.com\\\/produkt\\\/filz-vr-performance-105-rennrad-shimano-105-11s-700mm-schwarz-2021\\\/#primaryimage\"},\"image\":{\"@id\":\"https:\\\/\\\/cioelectro.com\\\/produkt\\\/filz-vr-performance-105-rennrad-shimano-105-11s-700mm-schwarz-2021\\\/#primaryimage\"},\"thumbnailUrl\":\"https:\\\/\\\/cioelectro.com\\\/wp-content\\\/uploads\\\/2023\\\/06\\\/FILZ-VR-PERFORMANCE-105-RENNRAD-SHIMANO-105-11S-700MM-SCHWARZ-2021.jpg\",\"datePublished\":\"2022-08-04T06:08:00+00:00\",\"dateModified\":\"2023-08-10T15:37:23+00:00\",\"description\":\"Entdecken Sie unseren Online-Fahrradladen: Gro\u00dfe Auswahl an Modellen f\u00fcr alle Radsportbegeisterten. Von Rennr\u00e4dern bis zu Mountainbikes - finden Sie heute Ihren perfekten Wegbegleiter!\",\"breadcrumb\":{\"@id\":\"https:\\\/\\\/cioelectro.com\\\/produkt\\\/filz-vr-performance-105-rennrad-shimano-105-11s-700mm-schwarz-2021\\\/#breadcrumb\"},\"inLanguage\":\"en-US\",\"potentialAction\":[{\"@type\":\"ReadAction\",\"target\":[\"https:\\\/\\\/cioelectro.com\\\/produkt\\\/filz-vr-performance-105-rennrad-shimano-105-11s-700mm-schwarz-2021\\\/\"]}]},{\"@type\":\"ImageObject\",\"inLanguage\":\"en-US\",\"@id\":\"https:\\\/\\\/cioelectro.com\\\/produkt\\\/filz-vr-performance-105-rennrad-shimano-105-11s-700mm-schwarz-2021\\\/#primaryimage\",\"url\":\"https:\\\/\\\/cioelectro.com\\\/wp-content\\\/uploads\\\/2023\\\/06\\\/FILZ-VR-PERFORMANCE-105-RENNRAD-SHIMANO-105-11S-700MM-SCHWARZ-2021.jpg\",\"contentUrl\":\"https:\\\/\\\/cioelectro.com\\\/wp-content\\\/uploads\\\/2023\\\/06\\\/FILZ-VR-PERFORMANCE-105-RENNRAD-SHIMANO-105-11S-700MM-SCHWARZ-2021.jpg\",\"width\":600,\"height\":408,\"caption\":\"FILZ VR PERFORMANCE 105 RENNRAD SHIMANO 105 11S 700MM SCHWARZ 2021\"},{\"@type\":\"BreadcrumbList\",\"@id\":\"https:\\\/\\\/cioelectro.com\\\/produkt\\\/filz-vr-performance-105-rennrad-shimano-105-11s-700mm-schwarz-2021\\\/#breadcrumb\",\"itemListElement\":[{\"@type\":\"ListItem\",\"position\":1,\"name\":\"Startseite\",\"item\":\"https:\\\/\\\/cioelectro.com\\\/\"},{\"@type\":\"ListItem\",\"position\":2,\"name\":\"LADEN\",\"item\":\"https:\\\/\\\/cioelectro.com\\\/laden\\\/\"},{\"@type\":\"ListItem\",\"position\":3,\"name\":\"FILZ VR PERFORMANCE 105 RENNRAD SHIMANO 105 11S 700MM SCHWARZ 2021\"}]},{\"@type\":\"WebSite\",\"@id\":\"https:\\\/\\\/cioelectro.com\\\/#website\",\"url\":\"https:\\\/\\\/cioelectro.com\\\/\",\"name\":\"cioelectro.com\",\"description\":\"Treten Sie mit uns ins Abenteuer!\",\"publisher\":{\"@id\":\"https:\\\/\\\/cioelectro.com\\\/#organization\"},\"alternateName\":\"MEIN RADLADEN\",\"potentialAction\":[{\"@type\":\"SearchAction\",\"target\":{\"@type\":\"EntryPoint\",\"urlTemplate\":\"https:\\\/\\\/cioelectro.com\\\/?s={search_term_string}\"},\"query-input\":{\"@type\":\"PropertyValueSpecification\",\"valueRequired\":true,\"valueName\":\"search_term_string\"}}],\"inLanguage\":\"en-US\"},{\"@type\":\"Organization\",\"@id\":\"https:\\\/\\\/cioelectro.com\\\/#organization\",\"name\":\"CIOELECTRO\",\"alternateName\":\"MEIN RADLADEN\",\"url\":\"https:\\\/\\\/cioelectro.com\\\/\",\"logo\":{\"@type\":\"ImageObject\",\"inLanguage\":\"en-US\",\"@id\":\"https:\\\/\\\/cioelectro.com\\\/#\\\/schema\\\/logo\\\/image\\\/\",\"url\":\"https:\\\/\\\/cioelectro.com\\\/wp-content\\\/uploads\\\/2025\\\/12\\\/Logo-2-1200x800.png\",\"contentUrl\":\"https:\\\/\\\/cioelectro.com\\\/wp-content\\\/uploads\\\/2025\\\/12\\\/Logo-2-1200x800.png\",\"width\":1200,\"height\":800,\"caption\":\"CIOELECTRO\"},\"image\":{\"@id\":\"https:\\\/\\\/cioelectro.com\\\/#\\\/schema\\\/logo\\\/image\\\/\"}}]}<\/script>\n<!-- \/ Yoast SEO Premium plugin. -->","yoast_head_json":{"title":"FILZ VR PERFORMANCE 105 RENNRAD SHIMANO 105 11S 700MM SCHWARZ 2021","description":"Entdecken Sie unseren Online-Fahrradladen: Gro\u00dfe Auswahl an Modellen f\u00fcr alle Radsportbegeisterten. Von Rennr\u00e4dern bis zu Mountainbikes - finden Sie heute Ihren perfekten Wegbegleiter!","robots":{"index":"index","follow":"follow","max-snippet":"max-snippet:-1","max-image-preview":"max-image-preview:large","max-video-preview":"max-video-preview:-1"},"canonical":"https:\/\/cioelectro.com\/en\/produkt\/filz-vr-performance-105-rennrad-shimano-105-11s-700mm-schwarz-2021\/","og_locale":"en_US","og_type":"article","og_title":"FILZ VR PERFORMANCE 105 RENNRAD SHIMANO 105 11S 700MM SCHWARZ 2021","og_description":"Entdecken Sie unseren Online-Fahrradladen: Gro\u00dfe Auswahl an Modellen f\u00fcr alle Radsportbegeisterten. Von Rennr\u00e4dern bis zu Mountainbikes - finden Sie heute Ihren perfekten Wegbegleiter!","og_url":"https:\/\/cioelectro.com\/en\/produkt\/filz-vr-performance-105-rennrad-shimano-105-11s-700mm-schwarz-2021\/","og_site_name":"cioelectro.com","article_modified_time":"2023-08-10T15:37:23+00:00","og_image":[{"width":600,"height":408,"url":"https:\/\/cioelectro.com\/wp-content\/uploads\/2023\/06\/FILZ-VR-PERFORMANCE-105-RENNRAD-SHIMANO-105-11S-700MM-SCHWARZ-2021.jpg","type":"image\/jpeg"}],"twitter_card":"summary_large_image","twitter_misc":{"Est. reading time":"3 minutes"},"schema":{"@context":"https:\/\/schema.org","@graph":[{"@type":"WebPage","@id":"https:\/\/cioelectro.com\/produkt\/filz-vr-performance-105-rennrad-shimano-105-11s-700mm-schwarz-2021\/","url":"https:\/\/cioelectro.com\/produkt\/filz-vr-performance-105-rennrad-shimano-105-11s-700mm-schwarz-2021\/","name":"FILZ VR PERFORMANCE 105 RENNRAD SHIMANO 105 11S 700MM SCHWARZ 2021","isPartOf":{"@id":"https:\/\/cioelectro.com\/#website"},"primaryImageOfPage":{"@id":"https:\/\/cioelectro.com\/produkt\/filz-vr-performance-105-rennrad-shimano-105-11s-700mm-schwarz-2021\/#primaryimage"},"image":{"@id":"https:\/\/cioelectro.com\/produkt\/filz-vr-performance-105-rennrad-shimano-105-11s-700mm-schwarz-2021\/#primaryimage"},"thumbnailUrl":"https:\/\/cioelectro.com\/wp-content\/uploads\/2023\/06\/FILZ-VR-PERFORMANCE-105-RENNRAD-SHIMANO-105-11S-700MM-SCHWARZ-2021.jpg","datePublished":"2022-08-04T06:08:00+00:00","dateModified":"2023-08-10T15:37:23+00:00","description":"Entdecken Sie unseren Online-Fahrradladen: Gro\u00dfe Auswahl an Modellen f\u00fcr alle Radsportbegeisterten. Von Rennr\u00e4dern bis zu Mountainbikes - finden Sie heute Ihren perfekten Wegbegleiter!","breadcrumb":{"@id":"https:\/\/cioelectro.com\/produkt\/filz-vr-performance-105-rennrad-shimano-105-11s-700mm-schwarz-2021\/#breadcrumb"},"inLanguage":"en-US","potentialAction":[{"@type":"ReadAction","target":["https:\/\/cioelectro.com\/produkt\/filz-vr-performance-105-rennrad-shimano-105-11s-700mm-schwarz-2021\/"]}]},{"@type":"ImageObject","inLanguage":"en-US","@id":"https:\/\/cioelectro.com\/produkt\/filz-vr-performance-105-rennrad-shimano-105-11s-700mm-schwarz-2021\/#primaryimage","url":"https:\/\/cioelectro.com\/wp-content\/uploads\/2023\/06\/FILZ-VR-PERFORMANCE-105-RENNRAD-SHIMANO-105-11S-700MM-SCHWARZ-2021.jpg","contentUrl":"https:\/\/cioelectro.com\/wp-content\/uploads\/2023\/06\/FILZ-VR-PERFORMANCE-105-RENNRAD-SHIMANO-105-11S-700MM-SCHWARZ-2021.jpg","width":600,"height":408,"caption":"FILZ VR PERFORMANCE 105 RENNRAD SHIMANO 105 11S 700MM SCHWARZ 2021"},{"@type":"BreadcrumbList","@id":"https:\/\/cioelectro.com\/produkt\/filz-vr-performance-105-rennrad-shimano-105-11s-700mm-schwarz-2021\/#breadcrumb","itemListElement":[{"@type":"ListItem","position":1,"name":"Startseite","item":"https:\/\/cioelectro.com\/"},{"@type":"ListItem","position":2,"name":"LADEN","item":"https:\/\/cioelectro.com\/laden\/"},{"@type":"ListItem","position":3,"name":"FILZ VR PERFORMANCE 105 RENNRAD SHIMANO 105 11S 700MM SCHWARZ 2021"}]},{"@type":"WebSite","@id":"https:\/\/cioelectro.com\/#website","url":"https:\/\/cioelectro.com\/","name":"cioelectro.com","description":"Treten Sie mit uns ins Abenteuer!","publisher":{"@id":"https:\/\/cioelectro.com\/#organization"},"alternateName":"MEIN RADLADEN","potentialAction":[{"@type":"SearchAction","target":{"@type":"EntryPoint","urlTemplate":"https:\/\/cioelectro.com\/?s={search_term_string}"},"query-input":{"@type":"PropertyValueSpecification","valueRequired":true,"valueName":"search_term_string"}}],"inLanguage":"en-US"},{"@type":"Organization","@id":"https:\/\/cioelectro.com\/#organization","name":"CIOELECTRO","alternateName":"MEIN RADLADEN","url":"https:\/\/cioelectro.com\/","logo":{"@type":"ImageObject","inLanguage":"en-US","@id":"https:\/\/cioelectro.com\/#\/schema\/logo\/image\/","url":"https:\/\/cioelectro.com\/wp-content\/uploads\/2025\/12\/Logo-2-1200x800.png","contentUrl":"https:\/\/cioelectro.com\/wp-content\/uploads\/2025\/12\/Logo-2-1200x800.png","width":1200,"height":800,"caption":"CIOELECTRO"},"image":{"@id":"https:\/\/cioelectro.com\/#\/schema\/logo\/image\/"}}]}},"_links":{"self":[{"href":"https:\/\/cioelectro.com\/en\/wp-json\/wp\/v2\/product\/12236","targetHints":{"allow":["GET"]}}],"collection":[{"href":"https:\/\/cioelectro.com\/en\/wp-json\/wp\/v2\/product"}],"about":[{"href":"https:\/\/cioelectro.com\/en\/wp-json\/wp\/v2\/types\/product"}],"replies":[{"embeddable":true,"href":"https:\/\/cioelectro.com\/en\/wp-json\/wp\/v2\/comments?post=12236"}],"version-history":[{"count":0,"href":"https:\/\/cioelectro.com\/en\/wp-json\/wp\/v2\/product\/12236\/revisions"}],"wp:featuredmedia":[{"embeddable":true,"href":"https:\/\/cioelectro.com\/en\/wp-json\/wp\/v2\/media\/60726"}],"wp:attachment":[{"href":"https:\/\/cioelectro.com\/en\/wp-json\/wp\/v2\/media?parent=12236"}],"wp:term":[{"taxonomy":"product_brand","embeddable":true,"href":"https:\/\/cioelectro.com\/en\/wp-json\/wp\/v2\/product_brand?post=12236"},{"taxonomy":"product_cat","embeddable":true,"href":"https:\/\/cioelectro.com\/en\/wp-json\/wp\/v2\/product_cat?post=12236"},{"taxonomy":"product_tag","embeddable":true,"href":"https:\/\/cioelectro.com\/en\/wp-json\/wp\/v2\/product_tag?post=12236"}],"curies":[{"name":"wp","href":"https:\/\/api.w.org\/{rel}","templated":true}]}}