{"id":12251,"date":"2022-08-04T10:54:31","date_gmt":"2022-08-04T08:54:31","guid":{"rendered":"https:\/\/meinradladen.com\/?post_type=product&#038;p=12251"},"modified":"2023-08-10T17:38:49","modified_gmt":"2023-08-10T15:38:49","slug":"gravel-bike-elektro-fuji-e-jari-shimano-grx-11v-700-mm-schwarz-2022","status":"publish","type":"product","link":"https:\/\/cioelectro.com\/en\/produkt\/gravel-bike-elektro-fuji-e-jari-shimano-grx-11v-700-mm-schwarz-2022\/","title":{"rendered":"GRAVEL BIKE ELEKTRO FUJI E-JARI SHIMANO GRX 11V 700 MM SCHWARZ 2022"},"content":{"rendered":"<div id=\"product-header-order-name\" class=\"col-lg-20 col-md-20 col-sm-20 col-xs-20\">\n<h2 class=\"heading-title-text\">GRAVEL BIKE ELEKTRO FUJI E-JARI SHIMANO GRX 11V 700 MM SCHWARZ 2022<\/h2>\n<div class=\"col col-sm-12 col-md-12 col-lg-12\">\n<p>Die Seele des\u00a0<strong>Fuji E-Jari<\/strong> trifft auf die Leichtigkeit und den Spa\u00df eines eBikes! Kombinieren Sie das beliebte Gravel-Modell mit dem leistungsstarken Fazua Evation-System mit Black Pepper Performance, das mehr Leistung, Effizienz und Kraft f\u00fcr ein nat\u00fcrlicheres Fahrerlebnis auf und abseits der Stra\u00dfen bietet. Das\u00a0<strong>E-Jari\u00a0<\/strong>verf\u00fcgt \u00fcber viele Ihrer Lieblingsaspekte des Original-Jari, darunter zus\u00e4tzliche Flaschenhalter, eine Gep\u00e4cktr\u00e4gerhalterung und 45 mm Reifen, damit Sie \u00fcberall hinfahren k\u00f6nnen, wo die Stra\u00dfe Sie hinf\u00fchrt.<\/p>\n<\/div>\n<div class=\"prodsheet_bullets col col-sm-8 col-md-8 col-lg-8\">\n<h4>DIE + PRODUKTE :<\/h4>\n<ul>\n<li>A6-SL Super-Butted Aluminiumrahmen mit integriertem Akku.<\/li>\n<li>Shimano GRX 1&#215;11-Gang-Schaltung.<\/li>\n<li>Hydraulische Scheibenbremsen Shimano GRX 160\/160 mm.<\/li>\n<li>Fuzea-Motor mit 250-Wh-Batterie.<\/li>\n<\/ul>\n<\/div>\n<div class=\"prodsheet_specs1 col col-sm-12 col-md-12 col-lg-12\">\n<h4>DETAILS :<\/h4>\n<table class=\"table table-striped\">\n<tbody>\n<tr>\n<td>Rahmen<\/td>\n<td>Aluminium: A6-SL Super-Butted Aluminum, interne Kabelf\u00fchrung, , Fazua kompatibel, integriertes Kopfrohr w\/ 1 1\/2&#8243; oben und unten, doppelte Wasserflaschenhalterungen, Flat-mount Disc System, Dropout w\/ 12mm replaceable hanger<\/td>\n<\/tr>\n<tr>\n<td>Gabel<\/td>\n<td>Carbon: FC-440 Cross carbon monocoque, 12mm thru-axle w\/ flat-mount disc tabs, tapered steerer, rack\/water bottle mounts<\/td>\n<\/tr>\n<tr>\n<td>Steuersatz<\/td>\n<td>FSA NO.55R \/ 1.5&#8243;-1.5&#8243; \/ SMR system \/ ACB bearings<\/td>\n<\/tr>\n<tr>\n<td>Motor<\/td>\n<td>Fazua Evation Mittelmotor, 250W Nennleistung, 55Nm Drehmoment, 20mph max<\/td>\n<\/tr>\n<tr>\n<td>Batterie<\/td>\n<td>Fazua Evation 250Wh mit Ladeger\u00e4t<\/td>\n<\/tr>\n<tr>\n<td>Bildschirm<\/td>\n<td>Fazua Evation Satellitenfernbedienung<\/td>\n<\/tr>\n<tr>\n<td>Schalthebel<\/td>\n<td>Shimano GRX Dual Control Hydraulic, 1&#215;11 G\u00e4nge<\/td>\n<\/tr>\n<tr>\n<td>Schaltwerk hinten<\/td>\n<td>Shimano GRX RX812 GS 11-fach<\/td>\n<\/tr>\n<tr>\n<td>Kassette<\/td>\n<td>Shimano HG-5100-11, 11-42 Z\u00e4hne<\/td>\n<\/tr>\n<tr>\n<td>Kette<\/td>\n<td>Shimano HG601-11, HyperGlide-X<\/td>\n<\/tr>\n<tr>\n<td>Tretlager<\/td>\n<td>FSA CK-746-1\/IS, 42T Megatooth, for Fazua<\/td>\n<\/tr>\n<tr>\n<td>Bremsen<\/td>\n<td>Shimano GRX Hydraulic, 160\/160mm Rotoren<\/td>\n<\/tr>\n<tr>\n<td>Laufr\u00e4der<\/td>\n<td>WTB HTZ i23 TCS 2.0, 32\/32h, 12mm thru-axle cartridge bearing hubs for e-gravel<\/td>\n<\/tr>\n<tr>\n<td>Reifen<\/td>\n<td>WTB Riddler, 700x45c, Dual DNA Compound, Lightweight Tubeless Casing, TCS Aramid Bead, Tan walls<\/td>\n<\/tr>\n<tr>\n<td>Lenker<\/td>\n<td>Fuji, 6061 alloy, 31.8mm clamp, 125mm drop, 25\u00b0 flare, 4\u00b0 sweep, width: S: 400mm \/ M: 420mm \/ L-XL: 440mm<\/td>\n<\/tr>\n<tr>\n<td>Vorbau<\/td>\n<td>FSA ST-OS-185 for SMR system, 6061 alloy, 31.8mm clamp, -6\u00b0, length: S: 90mm \/ M: 100mm \/ L-XL: 110mm<\/td>\n<\/tr>\n<tr>\n<td>Sattel<\/td>\n<td>Oval Concepts 300, Stahlschiene<\/td>\n<\/tr>\n<tr>\n<td>Sattelst\u00fctze<\/td>\n<td>FSA Energy, 6066 alloy micro adjust, 27.2mm diameter, 350mm length<\/td>\n<\/tr>\n<tr>\n<td>Gewicht<\/td>\n<td>&#8212;<\/td>\n<\/tr>\n<tr>\n<td>Farben<\/td>\n<td>Schwarz<\/td>\n<\/tr>\n<\/tbody>\n<\/table>\n<\/div>\n<div class=\"prodsheet_specs2 col col-sm-8 col-md-8 col-lg-8\">\n<h4>GEOMETRIEN :<\/h4>\n<p><img decoding=\"async\" src=\"http:\/\/media1.alltricks.fr\/ckfinder\/images\/cube_route_geo_en.jpg\" \/><\/p>\n<table class=\"table table-striped\">\n<tbody>\n<tr>\n<td>Gr\u00f6\u00dfe<\/td>\n<td>S<\/td>\n<td>M<\/td>\n<td>L<\/td>\n<td>XL<\/td>\n<\/tr>\n<tr>\n<td>Gr\u00f6\u00dfe Rahmen (cm)<\/td>\n<td>49<\/td>\n<td>53<\/td>\n<td>56<\/td>\n<td>59<\/td>\n<\/tr>\n<tr>\n<td>Sattelrohr (mm)<\/td>\n<td>490<\/td>\n<td>530<\/td>\n<td>560<\/td>\n<td>590<\/td>\n<\/tr>\n<tr>\n<td>Oberrohr (mm)<\/td>\n<td>530<\/td>\n<td>550<\/td>\n<td>575<\/td>\n<td>590<\/td>\n<\/tr>\n<tr>\n<td>L\u00e4nge Basis (mm)<\/td>\n<td>432<\/td>\n<td>432<\/td>\n<td>432<\/td>\n<td>432<\/td>\n<\/tr>\n<tr>\n<td>Lenkh\u00fclse (mm)<\/td>\n<td>125<\/td>\n<td>150<\/td>\n<td>175<\/td>\n<td>200<\/td>\n<\/tr>\n<tr>\n<td>Lenkwinkel (\u00b0)<\/td>\n<td>70.5<\/td>\n<td>71<\/td>\n<td>71.5<\/td>\n<td>72<\/td>\n<\/tr>\n<tr>\n<td>Winkel Sattelrohr (\u00b0)<\/td>\n<td>74.5<\/td>\n<td>74<\/td>\n<td>73<\/td>\n<td>73<\/td>\n<\/tr>\n<tr>\n<td>Radstand (mm)<\/td>\n<td>1023.8<\/td>\n<td>1035.2<\/td>\n<td>1044.9<\/td>\n<td>1055<\/td>\n<\/tr>\n<tr>\n<td>Stack (mm)<\/td>\n<td>552.7<\/td>\n<td>578.3<\/td>\n<td>604<\/td>\n<td>629.7<\/td>\n<\/tr>\n<tr>\n<td>Reach (mm)<\/td>\n<td>376.7<\/td>\n<td>384<\/td>\n<td>390.4<\/td>\n<td>397.5<\/td>\n<\/tr>\n<\/tbody>\n<\/table>\n<\/div>\n<\/div>\n<div id=\"product-header-order-form\" class=\"js-reload-on-event col-lg-20 col-md-20 col-sm-20 col-xs-20\" data-to-watch=\"body\" data-event=\"alltricks:cartChanged\" data-url=\"\/ajax\/product\/ajouter\/F-41505-velos-route-_-cyclocross-_-triathlon\/P-2284234-gravel_bike_elektro_fuji_e_jari_shimano_grx_11v_700_mm_schwarz_2022\"><\/div>","protected":false},"excerpt":{"rendered":"<div class=\"col-lg-14 col-md-14 col-sm-14 col-xs-20\"><\/div>\n<div id=\"product-specifications-table\" class=\"col-lg-20 col-md-20 col-sm-20 col-xs-20\">\n<table class=\"table table-striped\">\n<tbody>\n<tr>\n<td class=\"spec-name\">Geschlecht<\/td>\n<td class=\"spec-value\">Herren<\/td>\n<\/tr>\n<tr>\n<td class=\"spec-name\">Gruppe<\/td>\n<td class=\"spec-value\">Shimano GRX 11V<\/td>\n<\/tr>\n<tr>\n<td class=\"spec-name\">collection<\/td>\n<td class=\"spec-value\">2022<\/td>\n<\/tr>\n<\/tbody>\n<\/table>\n<\/div>","protected":false},"featured_media":60727,"comment_status":"open","ping_status":"closed","template":"","meta":{"_rtcl_gb_attr":""},"product_brand":[],"product_cat":[783],"product_tag":[],"class_list":{"0":"post-12251","1":"product","2":"type-product","3":"status-publish","4":"has-post-thumbnail","6":"product_cat-accessories","7":"pa_marke-fuji","9":"first","10":"instock","11":"sale","12":"taxable","13":"shipping-taxable","14":"purchasable","15":"product-type-variable"},"yoast_head":"<!-- This site is optimized with the Yoast SEO Premium plugin v20.12 (Yoast SEO v27.4) - https:\/\/yoast.com\/product\/yoast-seo-premium-wordpress\/ -->\n<title>GRAVEL BIKE ELEKTRO FUJI E-JARI SHIMANO GRX 11V 700<\/title>\n<meta name=\"description\" content=\"Entdecken Sie unseren Online-Fahrradladen: Gro\u00dfe Auswahl an Modellen f\u00fcr alle Radsportbegeisterten. Von Rennr\u00e4dern bis zu Mountainbikes - finden Sie heute Ihren perfekten Wegbegleiter!\" \/>\n<meta name=\"robots\" content=\"index, follow, max-snippet:-1, max-image-preview:large, max-video-preview:-1\" \/>\n<link rel=\"canonical\" href=\"https:\/\/cioelectro.com\/en\/produkt\/gravel-bike-elektro-fuji-e-jari-shimano-grx-11v-700-mm-schwarz-2022\/\" \/>\n<meta property=\"og:locale\" content=\"en_US\" \/>\n<meta property=\"og:type\" content=\"article\" \/>\n<meta property=\"og:title\" content=\"GRAVEL BIKE ELEKTRO FUJI E-JARI SHIMANO GRX 11V 700 MM SCHWARZ 2022\" \/>\n<meta property=\"og:description\" content=\"Entdecken Sie unseren Online-Fahrradladen: Gro\u00dfe Auswahl an Modellen f\u00fcr alle Radsportbegeisterten. Von Rennr\u00e4dern bis zu Mountainbikes - finden Sie heute Ihren perfekten Wegbegleiter!\" \/>\n<meta property=\"og:url\" content=\"https:\/\/cioelectro.com\/en\/produkt\/gravel-bike-elektro-fuji-e-jari-shimano-grx-11v-700-mm-schwarz-2022\/\" \/>\n<meta property=\"og:site_name\" content=\"cioelectro.com\" \/>\n<meta property=\"article:modified_time\" content=\"2023-08-10T15:38:49+00:00\" \/>\n<meta property=\"og:image\" content=\"https:\/\/cioelectro.com\/wp-content\/uploads\/2023\/06\/GRAVEL-BIKE-ELEKTRO-FUJI-E-JARI-SHIMANO-GRX-11V-700-MM-SCHWARZ-2022.jpg\" \/>\n\t<meta property=\"og:image:width\" content=\"600\" \/>\n\t<meta property=\"og:image:height\" content=\"407\" \/>\n\t<meta property=\"og:image:type\" content=\"image\/jpeg\" \/>\n<meta name=\"twitter:card\" content=\"summary_large_image\" \/>\n<meta name=\"twitter:label1\" content=\"Est. reading time\" \/>\n\t<meta name=\"twitter:data1\" content=\"3 minutes\" \/>\n<script type=\"application\/ld+json\" class=\"yoast-schema-graph\">{\"@context\":\"https:\\\/\\\/schema.org\",\"@graph\":[{\"@type\":\"WebPage\",\"@id\":\"https:\\\/\\\/cioelectro.com\\\/produkt\\\/gravel-bike-elektro-fuji-e-jari-shimano-grx-11v-700-mm-schwarz-2022\\\/\",\"url\":\"https:\\\/\\\/cioelectro.com\\\/produkt\\\/gravel-bike-elektro-fuji-e-jari-shimano-grx-11v-700-mm-schwarz-2022\\\/\",\"name\":\"GRAVEL BIKE ELEKTRO FUJI E-JARI SHIMANO GRX 11V 700\",\"isPartOf\":{\"@id\":\"https:\\\/\\\/cioelectro.com\\\/#website\"},\"primaryImageOfPage\":{\"@id\":\"https:\\\/\\\/cioelectro.com\\\/produkt\\\/gravel-bike-elektro-fuji-e-jari-shimano-grx-11v-700-mm-schwarz-2022\\\/#primaryimage\"},\"image\":{\"@id\":\"https:\\\/\\\/cioelectro.com\\\/produkt\\\/gravel-bike-elektro-fuji-e-jari-shimano-grx-11v-700-mm-schwarz-2022\\\/#primaryimage\"},\"thumbnailUrl\":\"https:\\\/\\\/cioelectro.com\\\/wp-content\\\/uploads\\\/2023\\\/06\\\/GRAVEL-BIKE-ELEKTRO-FUJI-E-JARI-SHIMANO-GRX-11V-700-MM-SCHWARZ-2022.jpg\",\"datePublished\":\"2022-08-04T08:54:31+00:00\",\"dateModified\":\"2023-08-10T15:38:49+00:00\",\"description\":\"Entdecken Sie unseren Online-Fahrradladen: Gro\u00dfe Auswahl an Modellen f\u00fcr alle Radsportbegeisterten. Von Rennr\u00e4dern bis zu Mountainbikes - finden Sie heute Ihren perfekten Wegbegleiter!\",\"breadcrumb\":{\"@id\":\"https:\\\/\\\/cioelectro.com\\\/produkt\\\/gravel-bike-elektro-fuji-e-jari-shimano-grx-11v-700-mm-schwarz-2022\\\/#breadcrumb\"},\"inLanguage\":\"en-US\",\"potentialAction\":[{\"@type\":\"ReadAction\",\"target\":[\"https:\\\/\\\/cioelectro.com\\\/produkt\\\/gravel-bike-elektro-fuji-e-jari-shimano-grx-11v-700-mm-schwarz-2022\\\/\"]}]},{\"@type\":\"ImageObject\",\"inLanguage\":\"en-US\",\"@id\":\"https:\\\/\\\/cioelectro.com\\\/produkt\\\/gravel-bike-elektro-fuji-e-jari-shimano-grx-11v-700-mm-schwarz-2022\\\/#primaryimage\",\"url\":\"https:\\\/\\\/cioelectro.com\\\/wp-content\\\/uploads\\\/2023\\\/06\\\/GRAVEL-BIKE-ELEKTRO-FUJI-E-JARI-SHIMANO-GRX-11V-700-MM-SCHWARZ-2022.jpg\",\"contentUrl\":\"https:\\\/\\\/cioelectro.com\\\/wp-content\\\/uploads\\\/2023\\\/06\\\/GRAVEL-BIKE-ELEKTRO-FUJI-E-JARI-SHIMANO-GRX-11V-700-MM-SCHWARZ-2022.jpg\",\"width\":600,\"height\":407,\"caption\":\"GRAVEL BIKE ELEKTRO FUJI E-JARI SHIMANO GRX 11V 700 MM SCHWARZ 2022\"},{\"@type\":\"BreadcrumbList\",\"@id\":\"https:\\\/\\\/cioelectro.com\\\/produkt\\\/gravel-bike-elektro-fuji-e-jari-shimano-grx-11v-700-mm-schwarz-2022\\\/#breadcrumb\",\"itemListElement\":[{\"@type\":\"ListItem\",\"position\":1,\"name\":\"Startseite\",\"item\":\"https:\\\/\\\/cioelectro.com\\\/\"},{\"@type\":\"ListItem\",\"position\":2,\"name\":\"LADEN\",\"item\":\"https:\\\/\\\/cioelectro.com\\\/laden\\\/\"},{\"@type\":\"ListItem\",\"position\":3,\"name\":\"GRAVEL BIKE ELEKTRO FUJI E-JARI SHIMANO GRX 11V 700 MM SCHWARZ 2022\"}]},{\"@type\":\"WebSite\",\"@id\":\"https:\\\/\\\/cioelectro.com\\\/#website\",\"url\":\"https:\\\/\\\/cioelectro.com\\\/\",\"name\":\"cioelectro.com\",\"description\":\"Treten Sie mit uns ins Abenteuer!\",\"publisher\":{\"@id\":\"https:\\\/\\\/cioelectro.com\\\/#organization\"},\"alternateName\":\"MEIN RADLADEN\",\"potentialAction\":[{\"@type\":\"SearchAction\",\"target\":{\"@type\":\"EntryPoint\",\"urlTemplate\":\"https:\\\/\\\/cioelectro.com\\\/?s={search_term_string}\"},\"query-input\":{\"@type\":\"PropertyValueSpecification\",\"valueRequired\":true,\"valueName\":\"search_term_string\"}}],\"inLanguage\":\"en-US\"},{\"@type\":\"Organization\",\"@id\":\"https:\\\/\\\/cioelectro.com\\\/#organization\",\"name\":\"CIOELECTRO\",\"alternateName\":\"MEIN RADLADEN\",\"url\":\"https:\\\/\\\/cioelectro.com\\\/\",\"logo\":{\"@type\":\"ImageObject\",\"inLanguage\":\"en-US\",\"@id\":\"https:\\\/\\\/cioelectro.com\\\/#\\\/schema\\\/logo\\\/image\\\/\",\"url\":\"https:\\\/\\\/cioelectro.com\\\/wp-content\\\/uploads\\\/2025\\\/12\\\/Logo-2-1200x800.png\",\"contentUrl\":\"https:\\\/\\\/cioelectro.com\\\/wp-content\\\/uploads\\\/2025\\\/12\\\/Logo-2-1200x800.png\",\"width\":1200,\"height\":800,\"caption\":\"CIOELECTRO\"},\"image\":{\"@id\":\"https:\\\/\\\/cioelectro.com\\\/#\\\/schema\\\/logo\\\/image\\\/\"}}]}<\/script>\n<!-- \/ Yoast SEO Premium plugin. -->","yoast_head_json":{"title":"GRAVEL BIKE ELEKTRO FUJI E-JARI SHIMANO GRX 11V 700","description":"Entdecken Sie unseren Online-Fahrradladen: Gro\u00dfe Auswahl an Modellen f\u00fcr alle Radsportbegeisterten. Von Rennr\u00e4dern bis zu Mountainbikes - finden Sie heute Ihren perfekten Wegbegleiter!","robots":{"index":"index","follow":"follow","max-snippet":"max-snippet:-1","max-image-preview":"max-image-preview:large","max-video-preview":"max-video-preview:-1"},"canonical":"https:\/\/cioelectro.com\/en\/produkt\/gravel-bike-elektro-fuji-e-jari-shimano-grx-11v-700-mm-schwarz-2022\/","og_locale":"en_US","og_type":"article","og_title":"GRAVEL BIKE ELEKTRO FUJI E-JARI SHIMANO GRX 11V 700 MM SCHWARZ 2022","og_description":"Entdecken Sie unseren Online-Fahrradladen: Gro\u00dfe Auswahl an Modellen f\u00fcr alle Radsportbegeisterten. Von Rennr\u00e4dern bis zu Mountainbikes - finden Sie heute Ihren perfekten Wegbegleiter!","og_url":"https:\/\/cioelectro.com\/en\/produkt\/gravel-bike-elektro-fuji-e-jari-shimano-grx-11v-700-mm-schwarz-2022\/","og_site_name":"cioelectro.com","article_modified_time":"2023-08-10T15:38:49+00:00","og_image":[{"width":600,"height":407,"url":"https:\/\/cioelectro.com\/wp-content\/uploads\/2023\/06\/GRAVEL-BIKE-ELEKTRO-FUJI-E-JARI-SHIMANO-GRX-11V-700-MM-SCHWARZ-2022.jpg","type":"image\/jpeg"}],"twitter_card":"summary_large_image","twitter_misc":{"Est. reading time":"3 minutes"},"schema":{"@context":"https:\/\/schema.org","@graph":[{"@type":"WebPage","@id":"https:\/\/cioelectro.com\/produkt\/gravel-bike-elektro-fuji-e-jari-shimano-grx-11v-700-mm-schwarz-2022\/","url":"https:\/\/cioelectro.com\/produkt\/gravel-bike-elektro-fuji-e-jari-shimano-grx-11v-700-mm-schwarz-2022\/","name":"GRAVEL BIKE ELEKTRO FUJI E-JARI SHIMANO GRX 11V 700","isPartOf":{"@id":"https:\/\/cioelectro.com\/#website"},"primaryImageOfPage":{"@id":"https:\/\/cioelectro.com\/produkt\/gravel-bike-elektro-fuji-e-jari-shimano-grx-11v-700-mm-schwarz-2022\/#primaryimage"},"image":{"@id":"https:\/\/cioelectro.com\/produkt\/gravel-bike-elektro-fuji-e-jari-shimano-grx-11v-700-mm-schwarz-2022\/#primaryimage"},"thumbnailUrl":"https:\/\/cioelectro.com\/wp-content\/uploads\/2023\/06\/GRAVEL-BIKE-ELEKTRO-FUJI-E-JARI-SHIMANO-GRX-11V-700-MM-SCHWARZ-2022.jpg","datePublished":"2022-08-04T08:54:31+00:00","dateModified":"2023-08-10T15:38:49+00:00","description":"Entdecken Sie unseren Online-Fahrradladen: Gro\u00dfe Auswahl an Modellen f\u00fcr alle Radsportbegeisterten. Von Rennr\u00e4dern bis zu Mountainbikes - finden Sie heute Ihren perfekten Wegbegleiter!","breadcrumb":{"@id":"https:\/\/cioelectro.com\/produkt\/gravel-bike-elektro-fuji-e-jari-shimano-grx-11v-700-mm-schwarz-2022\/#breadcrumb"},"inLanguage":"en-US","potentialAction":[{"@type":"ReadAction","target":["https:\/\/cioelectro.com\/produkt\/gravel-bike-elektro-fuji-e-jari-shimano-grx-11v-700-mm-schwarz-2022\/"]}]},{"@type":"ImageObject","inLanguage":"en-US","@id":"https:\/\/cioelectro.com\/produkt\/gravel-bike-elektro-fuji-e-jari-shimano-grx-11v-700-mm-schwarz-2022\/#primaryimage","url":"https:\/\/cioelectro.com\/wp-content\/uploads\/2023\/06\/GRAVEL-BIKE-ELEKTRO-FUJI-E-JARI-SHIMANO-GRX-11V-700-MM-SCHWARZ-2022.jpg","contentUrl":"https:\/\/cioelectro.com\/wp-content\/uploads\/2023\/06\/GRAVEL-BIKE-ELEKTRO-FUJI-E-JARI-SHIMANO-GRX-11V-700-MM-SCHWARZ-2022.jpg","width":600,"height":407,"caption":"GRAVEL BIKE ELEKTRO FUJI E-JARI SHIMANO GRX 11V 700 MM SCHWARZ 2022"},{"@type":"BreadcrumbList","@id":"https:\/\/cioelectro.com\/produkt\/gravel-bike-elektro-fuji-e-jari-shimano-grx-11v-700-mm-schwarz-2022\/#breadcrumb","itemListElement":[{"@type":"ListItem","position":1,"name":"Startseite","item":"https:\/\/cioelectro.com\/"},{"@type":"ListItem","position":2,"name":"LADEN","item":"https:\/\/cioelectro.com\/laden\/"},{"@type":"ListItem","position":3,"name":"GRAVEL BIKE ELEKTRO FUJI E-JARI SHIMANO GRX 11V 700 MM SCHWARZ 2022"}]},{"@type":"WebSite","@id":"https:\/\/cioelectro.com\/#website","url":"https:\/\/cioelectro.com\/","name":"cioelectro.com","description":"Treten Sie mit uns ins Abenteuer!","publisher":{"@id":"https:\/\/cioelectro.com\/#organization"},"alternateName":"MEIN RADLADEN","potentialAction":[{"@type":"SearchAction","target":{"@type":"EntryPoint","urlTemplate":"https:\/\/cioelectro.com\/?s={search_term_string}"},"query-input":{"@type":"PropertyValueSpecification","valueRequired":true,"valueName":"search_term_string"}}],"inLanguage":"en-US"},{"@type":"Organization","@id":"https:\/\/cioelectro.com\/#organization","name":"CIOELECTRO","alternateName":"MEIN RADLADEN","url":"https:\/\/cioelectro.com\/","logo":{"@type":"ImageObject","inLanguage":"en-US","@id":"https:\/\/cioelectro.com\/#\/schema\/logo\/image\/","url":"https:\/\/cioelectro.com\/wp-content\/uploads\/2025\/12\/Logo-2-1200x800.png","contentUrl":"https:\/\/cioelectro.com\/wp-content\/uploads\/2025\/12\/Logo-2-1200x800.png","width":1200,"height":800,"caption":"CIOELECTRO"},"image":{"@id":"https:\/\/cioelectro.com\/#\/schema\/logo\/image\/"}}]}},"_links":{"self":[{"href":"https:\/\/cioelectro.com\/en\/wp-json\/wp\/v2\/product\/12251","targetHints":{"allow":["GET"]}}],"collection":[{"href":"https:\/\/cioelectro.com\/en\/wp-json\/wp\/v2\/product"}],"about":[{"href":"https:\/\/cioelectro.com\/en\/wp-json\/wp\/v2\/types\/product"}],"replies":[{"embeddable":true,"href":"https:\/\/cioelectro.com\/en\/wp-json\/wp\/v2\/comments?post=12251"}],"version-history":[{"count":0,"href":"https:\/\/cioelectro.com\/en\/wp-json\/wp\/v2\/product\/12251\/revisions"}],"wp:featuredmedia":[{"embeddable":true,"href":"https:\/\/cioelectro.com\/en\/wp-json\/wp\/v2\/media\/60727"}],"wp:attachment":[{"href":"https:\/\/cioelectro.com\/en\/wp-json\/wp\/v2\/media?parent=12251"}],"wp:term":[{"taxonomy":"product_brand","embeddable":true,"href":"https:\/\/cioelectro.com\/en\/wp-json\/wp\/v2\/product_brand?post=12251"},{"taxonomy":"product_cat","embeddable":true,"href":"https:\/\/cioelectro.com\/en\/wp-json\/wp\/v2\/product_cat?post=12251"},{"taxonomy":"product_tag","embeddable":true,"href":"https:\/\/cioelectro.com\/en\/wp-json\/wp\/v2\/product_tag?post=12251"}],"curies":[{"name":"wp","href":"https:\/\/api.w.org\/{rel}","templated":true}]}}