{"id":12285,"date":"2022-08-04T11:49:56","date_gmt":"2022-08-04T09:49:56","guid":{"rendered":"https:\/\/meinradladen.com\/?post_type=product&#038;p=12285"},"modified":"2023-08-10T17:30:27","modified_gmt":"2023-08-10T15:30:27","slug":"wilier-triestina-cento10-sl-rennrad-schwarz-rot-matt-2022","status":"publish","type":"product","link":"https:\/\/cioelectro.com\/en\/produkt\/wilier-triestina-cento10-sl-rennrad-schwarz-rot-matt-2022\/","title":{"rendered":"WILIER TRIESTINA CENTO10 SL RENNRAD SCHWARZ ROT MATT 2022"},"content":{"rendered":"<div id=\"product-header-order-name\" class=\"col-lg-20 col-md-20 col-sm-20 col-xs-20\">\n<h2 class=\"heading-title-text\">WILIER TRIESTINA CENTO10 SL RENNRAD SHIMANO ULTEGRA 11S 700 MM SCHWARZ ROT MATT 2022<\/h2>\n<\/div>\n<div id=\"product-header-order-form\" class=\"js-reload-on-event col-lg-20 col-md-20 col-sm-20 col-xs-20\" data-to-watch=\"body\" data-event=\"alltricks:cartChanged\" data-url=\"\/ajax\/product\/ajouter\/F-41505-velos-route-_-cyclocross-_-triathlon\/P-2245017-wilier_triestina_cento10_sl_rennrad_shimano_ultegra_11s_700_mm_schwarz_rot_matt_2022\">\n<div class=\"col col-sm-12 col-md-12 col-lg-12\">\n<p>Das\u00a0<strong>Wilier Triestina Cento10 SL<\/strong>\u00a0ist das perfekte aerodynamische Rennrad f\u00fcr Athleten wie Sie, die auf der Suche nach maximaler Geschwindigkeit in einem eleganten, schlanken Fahrrad zu einem wettbewerbsf\u00e4higen Preis sind. Es verf\u00fcgt \u00fcber die gleichen technischen und dynamischen Qualit\u00e4ten wie das Cento10 Pro. Der neue runde Gabelschaft erh\u00f6ht die Torsionssteifigkeit und die Fahrsicherheit. Alle Z\u00fcge verlaufen innerhalb des Rahmens. Mit dem neuen Stemma SL Vorbau kann das Fahrrad montiert oder gewartet werden, ohne dass der Lenker abgenommen werden muss. Das Fahrrad ist standardm\u00e4\u00dfig mit 25-mm-Reifen ausgestattet, der Rahmen kann jedoch auch Reifen mit einer tats\u00e4chlichen Breite von maximal 28 mm aufnehmen.<\/p>\n<\/div>\n<div class=\"prodsheet_bullets col col-sm-8 col-md-8 col-lg-8\">\n<h4>HAUPTMERKMALE:<\/h4>\n<ul>\n<li>NH-MOD-Rahmen und -Gabel aus Carbon-Monocoque.<\/li>\n<li>Shimano Ultegra 2&#215;11-Gang-Antriebssystem.<\/li>\n<li>Hydraulische Scheibenbremsen Shimano Ultegra R8070, 160\/140 mm.<\/li>\n<li>Shimano RS171 Scheibenradsatz.<\/li>\n<\/ul>\n<\/div>\n<div class=\"prodsheet_specs1 col col-sm-12 col-md-12 col-lg-12\">\n<h4>EIGENSCHAFTEN:<\/h4>\n<table class=\"table table-striped\">\n<tbody>\n<tr>\n<td>Rahmen<\/td>\n<td>Carbon: Cento10 SL &#8211; Carbon Monocoque NH-MOD, Steckachse 12&#215;142 mm<\/td>\n<\/tr>\n<tr>\n<td>Gabel<\/td>\n<td>Carbon: Cento10 SL &#8211; Carbon Monocoque NH-MOD, Steckachse 12&#215;100 mm<\/td>\n<\/tr>\n<tr>\n<td>Schaltungen<\/td>\n<td>Shimano Ultegra ST-R8020, 2&#215;11-fach<\/td>\n<\/tr>\n<tr>\n<td>Umwerfer<\/td>\n<td>Shimano Ultegra FD-R8000<\/td>\n<\/tr>\n<tr>\n<td>Schaltwerk<\/td>\n<td>Shimano Ultegra RD-R8000-SS, 11-fach<\/td>\n<\/tr>\n<tr>\n<td>Kassette<\/td>\n<td>Shimano Ultegra CS-R8000, 11-30 Z\u00e4hne<\/td>\n<\/tr>\n<tr>\n<td>Kette<\/td>\n<td>Shimano Ultegra CN-HG701-11<\/td>\n<\/tr>\n<tr>\n<td>Kurbelgarnitur<\/td>\n<td>Shimano Ultegra FC-R8100<\/td>\n<\/tr>\n<tr>\n<td>Tretlager<\/td>\n<td>Shimano Ultegra FC-R8000, 50\/34T<\/td>\n<\/tr>\n<tr>\n<td>Bremsen<\/td>\n<td>Shimano Ultegra BR-R8070, hydr. Scheibenbremse, Shimano SM-RT800 Center Lock Rotoren (160\/140)<\/td>\n<\/tr>\n<tr>\n<td>Laufradsatz<\/td>\n<td>Shimano RS171 Scheibe, 12&#215;100\/12&#215;142 mm<\/td>\n<\/tr>\n<tr>\n<td>Bereifung<\/td>\n<td>Vittoria Rubino, 700x25C<\/td>\n<\/tr>\n<tr>\n<td>Lenker<\/td>\n<td>Barra SL<\/td>\n<\/tr>\n<tr>\n<td>Vorbau<\/td>\n<td>Stemma SL<\/td>\n<\/tr>\n<tr>\n<td>Steuersatz<\/td>\n<td>WTP-Lager-SS (oben) + MR137 (unten)<\/td>\n<\/tr>\n<tr>\n<td>Sattel<\/td>\n<td>Selle Italia Modell X<\/td>\n<\/tr>\n<tr>\n<td>Sattelst\u00fctze<\/td>\n<td>Cento10 SL Sonderanfertigung von Ritchey<\/td>\n<\/tr>\n<tr>\n<td>Gewicht<\/td>\n<td>8.65 kg (Rahmen: 1190 g \/ Gabel: 400 g)<\/td>\n<\/tr>\n<tr>\n<td>Farbe<\/td>\n<td>D14 &#8211; Schwarz \/ Rot; Matt<\/td>\n<\/tr>\n<tr>\n<td>Referenz<\/td>\n<td>E105UD1<\/td>\n<\/tr>\n<\/tbody>\n<\/table>\n<\/div>\n<div class=\"prodsheet_specs2 col col-sm-8 col-md-8 col-lg-8\">\n<h4>GEOMETRIEN:<\/h4>\n<p><img decoding=\"async\" src=\"http:\/\/media1.alltricks.fr\/ckfinder\/images\/cube_route_geo_en.jpg\" \/><\/p>\n<table class=\"table table-striped\">\n<tbody>\n<tr>\n<td>Rahmengr\u00f6\u00dfe<\/td>\n<td>XS<\/td>\n<td>S<\/td>\n<td>M<\/td>\n<td>L<\/td>\n<td>XL<\/td>\n<td>XXL<\/td>\n<\/tr>\n<tr>\n<td>Sitzrohr (mm)<\/td>\n<td>450<\/td>\n<td>480<\/td>\n<td>500<\/td>\n<td>520<\/td>\n<td>540<\/td>\n<td>560<\/td>\n<\/tr>\n<tr>\n<td>Oberrohr (mm)<\/td>\n<td>513<\/td>\n<td>526<\/td>\n<td>541<\/td>\n<td>556<\/td>\n<td>571<\/td>\n<td>587<\/td>\n<\/tr>\n<tr>\n<td>Kettenstreben (mm)<\/td>\n<td>404<\/td>\n<td>404<\/td>\n<td>405<\/td>\n<td>407<\/td>\n<td>409<\/td>\n<td>410<\/td>\n<\/tr>\n<tr>\n<td>L\u00e4nge des Steuerrohrs (mm)<\/td>\n<td>107<\/td>\n<td>121<\/td>\n<td>138<\/td>\n<td>154<\/td>\n<td>173<\/td>\n<td>190<\/td>\n<\/tr>\n<tr>\n<td>Winkel des Steuerrohrs (\u00b0)<\/td>\n<td>71.3<\/td>\n<td>72<\/td>\n<td>72.5<\/td>\n<td>73<\/td>\n<td>73<\/td>\n<td>73.5<\/td>\n<\/tr>\n<tr>\n<td>Winkel des Sitzrohrs (\u00b0)<\/td>\n<td>75<\/td>\n<td>74.5<\/td>\n<td>74<\/td>\n<td>73.5<\/td>\n<td>73<\/td>\n<td>72.5<\/td>\n<\/tr>\n<tr>\n<td>Stapel (mm)<\/td>\n<td>503<\/td>\n<td>519<\/td>\n<td>536<\/td>\n<td>554<\/td>\n<td>571<\/td>\n<td>589<\/td>\n<\/tr>\n<tr>\n<td>Reichweite (mm)<\/td>\n<td>378<\/td>\n<td>382<\/td>\n<td>387<\/td>\n<td>391<\/td>\n<td>396<\/td>\n<td>400<\/td>\n<\/tr>\n<\/tbody>\n<\/table>\n<\/div>\n<\/div>","protected":false},"excerpt":{"rendered":"<div class=\"col-lg-14 col-md-14 col-sm-14 col-xs-20\"><\/div>\n<div id=\"product-specifications-table\" class=\"col-lg-20 col-md-20 col-sm-20 col-xs-20\">\n<table class=\"table table-striped\">\n<tbody>\n<tr>\n<td class=\"spec-name\">Geschlecht<\/td>\n<td class=\"spec-value\">Herren<\/td>\n<\/tr>\n<tr>\n<td class=\"spec-name\">Gruppe<\/td>\n<td class=\"spec-value\">Shimano Ultegra 11S<\/td>\n<\/tr>\n<tr>\n<td class=\"spec-name\">collection<\/td>\n<td class=\"spec-value\">2022<\/td>\n<\/tr>\n<\/tbody>\n<\/table>\n<\/div>","protected":false},"featured_media":60739,"comment_status":"open","ping_status":"closed","template":"","meta":{"_rtcl_gb_attr":""},"product_brand":[],"product_cat":[129],"product_tag":[],"class_list":{"0":"post-12285","1":"product","2":"type-product","3":"status-publish","4":"has-post-thumbnail","6":"product_cat-rennrad","7":"pa_marke-wilier-triestina","9":"first","10":"instock","11":"sale","12":"taxable","13":"shipping-taxable","14":"purchasable","15":"product-type-variable"},"yoast_head":"<!-- This site is optimized with the Yoast SEO Premium plugin v20.12 (Yoast SEO v27.4) - https:\/\/yoast.com\/product\/yoast-seo-premium-wordpress\/ -->\n<title>WILIER TRIESTINA CENTO10 SL RENNRAD SCHWARZ ROT MATT 2022<\/title>\n<meta name=\"description\" content=\"Entdecken Sie unseren Online-Fahrradladen: Gro\u00dfe Auswahl an Modellen f\u00fcr alle Radsportbegeisterten. Von Rennr\u00e4dern bis zu Mountainbikes - finden Sie heute Ihren perfekten Wegbegleiter!\" \/>\n<meta name=\"robots\" content=\"index, follow, max-snippet:-1, max-image-preview:large, max-video-preview:-1\" \/>\n<link rel=\"canonical\" href=\"https:\/\/cioelectro.com\/en\/produkt\/wilier-triestina-cento10-sl-rennrad-schwarz-rot-matt-2022\/\" \/>\n<meta property=\"og:locale\" content=\"en_US\" \/>\n<meta property=\"og:type\" content=\"article\" \/>\n<meta property=\"og:title\" content=\"WILIER TRIESTINA CENTO10 SL RENNRAD SCHWARZ ROT MATT 2022\" \/>\n<meta property=\"og:description\" content=\"Entdecken Sie unseren Online-Fahrradladen: Gro\u00dfe Auswahl an Modellen f\u00fcr alle Radsportbegeisterten. Von Rennr\u00e4dern bis zu Mountainbikes - finden Sie heute Ihren perfekten Wegbegleiter!\" \/>\n<meta property=\"og:url\" content=\"https:\/\/cioelectro.com\/en\/produkt\/wilier-triestina-cento10-sl-rennrad-schwarz-rot-matt-2022\/\" \/>\n<meta property=\"og:site_name\" content=\"cioelectro.com\" \/>\n<meta property=\"article:modified_time\" content=\"2023-08-10T15:30:27+00:00\" \/>\n<meta property=\"og:image\" content=\"https:\/\/cioelectro.com\/wp-content\/uploads\/2023\/06\/WILIER-TRIESTINA-CENTO10-SL-RENNRAD-SHIMANO-ULTEGRA-11S-700-MM-SCHWARZ-ROT-MATT-2022.jpg\" \/>\n\t<meta property=\"og:image:width\" content=\"600\" \/>\n\t<meta property=\"og:image:height\" content=\"408\" \/>\n\t<meta property=\"og:image:type\" content=\"image\/jpeg\" \/>\n<meta name=\"twitter:card\" content=\"summary_large_image\" \/>\n<meta name=\"twitter:label1\" content=\"Est. reading time\" \/>\n\t<meta name=\"twitter:data1\" content=\"3 minutes\" \/>\n<script type=\"application\/ld+json\" class=\"yoast-schema-graph\">{\"@context\":\"https:\\\/\\\/schema.org\",\"@graph\":[{\"@type\":\"WebPage\",\"@id\":\"https:\\\/\\\/cioelectro.com\\\/produkt\\\/wilier-triestina-cento10-sl-rennrad-schwarz-rot-matt-2022\\\/\",\"url\":\"https:\\\/\\\/cioelectro.com\\\/produkt\\\/wilier-triestina-cento10-sl-rennrad-schwarz-rot-matt-2022\\\/\",\"name\":\"WILIER TRIESTINA CENTO10 SL RENNRAD SCHWARZ ROT MATT 2022\",\"isPartOf\":{\"@id\":\"https:\\\/\\\/cioelectro.com\\\/#website\"},\"primaryImageOfPage\":{\"@id\":\"https:\\\/\\\/cioelectro.com\\\/produkt\\\/wilier-triestina-cento10-sl-rennrad-schwarz-rot-matt-2022\\\/#primaryimage\"},\"image\":{\"@id\":\"https:\\\/\\\/cioelectro.com\\\/produkt\\\/wilier-triestina-cento10-sl-rennrad-schwarz-rot-matt-2022\\\/#primaryimage\"},\"thumbnailUrl\":\"https:\\\/\\\/cioelectro.com\\\/wp-content\\\/uploads\\\/2023\\\/06\\\/WILIER-TRIESTINA-CENTO10-SL-RENNRAD-SHIMANO-ULTEGRA-11S-700-MM-SCHWARZ-ROT-MATT-2022.jpg\",\"datePublished\":\"2022-08-04T09:49:56+00:00\",\"dateModified\":\"2023-08-10T15:30:27+00:00\",\"description\":\"Entdecken Sie unseren Online-Fahrradladen: Gro\u00dfe Auswahl an Modellen f\u00fcr alle Radsportbegeisterten. Von Rennr\u00e4dern bis zu Mountainbikes - finden Sie heute Ihren perfekten Wegbegleiter!\",\"breadcrumb\":{\"@id\":\"https:\\\/\\\/cioelectro.com\\\/produkt\\\/wilier-triestina-cento10-sl-rennrad-schwarz-rot-matt-2022\\\/#breadcrumb\"},\"inLanguage\":\"en-US\",\"potentialAction\":[{\"@type\":\"ReadAction\",\"target\":[\"https:\\\/\\\/cioelectro.com\\\/produkt\\\/wilier-triestina-cento10-sl-rennrad-schwarz-rot-matt-2022\\\/\"]}]},{\"@type\":\"ImageObject\",\"inLanguage\":\"en-US\",\"@id\":\"https:\\\/\\\/cioelectro.com\\\/produkt\\\/wilier-triestina-cento10-sl-rennrad-schwarz-rot-matt-2022\\\/#primaryimage\",\"url\":\"https:\\\/\\\/cioelectro.com\\\/wp-content\\\/uploads\\\/2023\\\/06\\\/WILIER-TRIESTINA-CENTO10-SL-RENNRAD-SHIMANO-ULTEGRA-11S-700-MM-SCHWARZ-ROT-MATT-2022.jpg\",\"contentUrl\":\"https:\\\/\\\/cioelectro.com\\\/wp-content\\\/uploads\\\/2023\\\/06\\\/WILIER-TRIESTINA-CENTO10-SL-RENNRAD-SHIMANO-ULTEGRA-11S-700-MM-SCHWARZ-ROT-MATT-2022.jpg\",\"width\":600,\"height\":408,\"caption\":\"WILIER TRIESTINA CENTO10 SL RENNRAD SHIMANO ULTEGRA 11S 700 MM SCHWARZ ROT MATT 2022\"},{\"@type\":\"BreadcrumbList\",\"@id\":\"https:\\\/\\\/cioelectro.com\\\/produkt\\\/wilier-triestina-cento10-sl-rennrad-schwarz-rot-matt-2022\\\/#breadcrumb\",\"itemListElement\":[{\"@type\":\"ListItem\",\"position\":1,\"name\":\"Startseite\",\"item\":\"https:\\\/\\\/cioelectro.com\\\/\"},{\"@type\":\"ListItem\",\"position\":2,\"name\":\"LADEN\",\"item\":\"https:\\\/\\\/cioelectro.com\\\/laden\\\/\"},{\"@type\":\"ListItem\",\"position\":3,\"name\":\"WILIER TRIESTINA CENTO10 SL RENNRAD SCHWARZ ROT MATT 2022\"}]},{\"@type\":\"WebSite\",\"@id\":\"https:\\\/\\\/cioelectro.com\\\/#website\",\"url\":\"https:\\\/\\\/cioelectro.com\\\/\",\"name\":\"cioelectro.com\",\"description\":\"Treten Sie mit uns ins Abenteuer!\",\"publisher\":{\"@id\":\"https:\\\/\\\/cioelectro.com\\\/#organization\"},\"alternateName\":\"MEIN RADLADEN\",\"potentialAction\":[{\"@type\":\"SearchAction\",\"target\":{\"@type\":\"EntryPoint\",\"urlTemplate\":\"https:\\\/\\\/cioelectro.com\\\/?s={search_term_string}\"},\"query-input\":{\"@type\":\"PropertyValueSpecification\",\"valueRequired\":true,\"valueName\":\"search_term_string\"}}],\"inLanguage\":\"en-US\"},{\"@type\":\"Organization\",\"@id\":\"https:\\\/\\\/cioelectro.com\\\/#organization\",\"name\":\"CIOELECTRO\",\"alternateName\":\"MEIN RADLADEN\",\"url\":\"https:\\\/\\\/cioelectro.com\\\/\",\"logo\":{\"@type\":\"ImageObject\",\"inLanguage\":\"en-US\",\"@id\":\"https:\\\/\\\/cioelectro.com\\\/#\\\/schema\\\/logo\\\/image\\\/\",\"url\":\"https:\\\/\\\/cioelectro.com\\\/wp-content\\\/uploads\\\/2025\\\/12\\\/Logo-2-1200x800.png\",\"contentUrl\":\"https:\\\/\\\/cioelectro.com\\\/wp-content\\\/uploads\\\/2025\\\/12\\\/Logo-2-1200x800.png\",\"width\":1200,\"height\":800,\"caption\":\"CIOELECTRO\"},\"image\":{\"@id\":\"https:\\\/\\\/cioelectro.com\\\/#\\\/schema\\\/logo\\\/image\\\/\"}}]}<\/script>\n<!-- \/ Yoast SEO Premium plugin. -->","yoast_head_json":{"title":"WILIER TRIESTINA CENTO10 SL RENNRAD SCHWARZ ROT MATT 2022","description":"Entdecken Sie unseren Online-Fahrradladen: Gro\u00dfe Auswahl an Modellen f\u00fcr alle Radsportbegeisterten. Von Rennr\u00e4dern bis zu Mountainbikes - finden Sie heute Ihren perfekten Wegbegleiter!","robots":{"index":"index","follow":"follow","max-snippet":"max-snippet:-1","max-image-preview":"max-image-preview:large","max-video-preview":"max-video-preview:-1"},"canonical":"https:\/\/cioelectro.com\/en\/produkt\/wilier-triestina-cento10-sl-rennrad-schwarz-rot-matt-2022\/","og_locale":"en_US","og_type":"article","og_title":"WILIER TRIESTINA CENTO10 SL RENNRAD SCHWARZ ROT MATT 2022","og_description":"Entdecken Sie unseren Online-Fahrradladen: Gro\u00dfe Auswahl an Modellen f\u00fcr alle Radsportbegeisterten. Von Rennr\u00e4dern bis zu Mountainbikes - finden Sie heute Ihren perfekten Wegbegleiter!","og_url":"https:\/\/cioelectro.com\/en\/produkt\/wilier-triestina-cento10-sl-rennrad-schwarz-rot-matt-2022\/","og_site_name":"cioelectro.com","article_modified_time":"2023-08-10T15:30:27+00:00","og_image":[{"width":600,"height":408,"url":"https:\/\/cioelectro.com\/wp-content\/uploads\/2023\/06\/WILIER-TRIESTINA-CENTO10-SL-RENNRAD-SHIMANO-ULTEGRA-11S-700-MM-SCHWARZ-ROT-MATT-2022.jpg","type":"image\/jpeg"}],"twitter_card":"summary_large_image","twitter_misc":{"Est. reading time":"3 minutes"},"schema":{"@context":"https:\/\/schema.org","@graph":[{"@type":"WebPage","@id":"https:\/\/cioelectro.com\/produkt\/wilier-triestina-cento10-sl-rennrad-schwarz-rot-matt-2022\/","url":"https:\/\/cioelectro.com\/produkt\/wilier-triestina-cento10-sl-rennrad-schwarz-rot-matt-2022\/","name":"WILIER TRIESTINA CENTO10 SL RENNRAD SCHWARZ ROT MATT 2022","isPartOf":{"@id":"https:\/\/cioelectro.com\/#website"},"primaryImageOfPage":{"@id":"https:\/\/cioelectro.com\/produkt\/wilier-triestina-cento10-sl-rennrad-schwarz-rot-matt-2022\/#primaryimage"},"image":{"@id":"https:\/\/cioelectro.com\/produkt\/wilier-triestina-cento10-sl-rennrad-schwarz-rot-matt-2022\/#primaryimage"},"thumbnailUrl":"https:\/\/cioelectro.com\/wp-content\/uploads\/2023\/06\/WILIER-TRIESTINA-CENTO10-SL-RENNRAD-SHIMANO-ULTEGRA-11S-700-MM-SCHWARZ-ROT-MATT-2022.jpg","datePublished":"2022-08-04T09:49:56+00:00","dateModified":"2023-08-10T15:30:27+00:00","description":"Entdecken Sie unseren Online-Fahrradladen: Gro\u00dfe Auswahl an Modellen f\u00fcr alle Radsportbegeisterten. Von Rennr\u00e4dern bis zu Mountainbikes - finden Sie heute Ihren perfekten Wegbegleiter!","breadcrumb":{"@id":"https:\/\/cioelectro.com\/produkt\/wilier-triestina-cento10-sl-rennrad-schwarz-rot-matt-2022\/#breadcrumb"},"inLanguage":"en-US","potentialAction":[{"@type":"ReadAction","target":["https:\/\/cioelectro.com\/produkt\/wilier-triestina-cento10-sl-rennrad-schwarz-rot-matt-2022\/"]}]},{"@type":"ImageObject","inLanguage":"en-US","@id":"https:\/\/cioelectro.com\/produkt\/wilier-triestina-cento10-sl-rennrad-schwarz-rot-matt-2022\/#primaryimage","url":"https:\/\/cioelectro.com\/wp-content\/uploads\/2023\/06\/WILIER-TRIESTINA-CENTO10-SL-RENNRAD-SHIMANO-ULTEGRA-11S-700-MM-SCHWARZ-ROT-MATT-2022.jpg","contentUrl":"https:\/\/cioelectro.com\/wp-content\/uploads\/2023\/06\/WILIER-TRIESTINA-CENTO10-SL-RENNRAD-SHIMANO-ULTEGRA-11S-700-MM-SCHWARZ-ROT-MATT-2022.jpg","width":600,"height":408,"caption":"WILIER TRIESTINA CENTO10 SL RENNRAD SHIMANO ULTEGRA 11S 700 MM SCHWARZ ROT MATT 2022"},{"@type":"BreadcrumbList","@id":"https:\/\/cioelectro.com\/produkt\/wilier-triestina-cento10-sl-rennrad-schwarz-rot-matt-2022\/#breadcrumb","itemListElement":[{"@type":"ListItem","position":1,"name":"Startseite","item":"https:\/\/cioelectro.com\/"},{"@type":"ListItem","position":2,"name":"LADEN","item":"https:\/\/cioelectro.com\/laden\/"},{"@type":"ListItem","position":3,"name":"WILIER TRIESTINA CENTO10 SL RENNRAD SCHWARZ ROT MATT 2022"}]},{"@type":"WebSite","@id":"https:\/\/cioelectro.com\/#website","url":"https:\/\/cioelectro.com\/","name":"cioelectro.com","description":"Treten Sie mit uns ins Abenteuer!","publisher":{"@id":"https:\/\/cioelectro.com\/#organization"},"alternateName":"MEIN RADLADEN","potentialAction":[{"@type":"SearchAction","target":{"@type":"EntryPoint","urlTemplate":"https:\/\/cioelectro.com\/?s={search_term_string}"},"query-input":{"@type":"PropertyValueSpecification","valueRequired":true,"valueName":"search_term_string"}}],"inLanguage":"en-US"},{"@type":"Organization","@id":"https:\/\/cioelectro.com\/#organization","name":"CIOELECTRO","alternateName":"MEIN RADLADEN","url":"https:\/\/cioelectro.com\/","logo":{"@type":"ImageObject","inLanguage":"en-US","@id":"https:\/\/cioelectro.com\/#\/schema\/logo\/image\/","url":"https:\/\/cioelectro.com\/wp-content\/uploads\/2025\/12\/Logo-2-1200x800.png","contentUrl":"https:\/\/cioelectro.com\/wp-content\/uploads\/2025\/12\/Logo-2-1200x800.png","width":1200,"height":800,"caption":"CIOELECTRO"},"image":{"@id":"https:\/\/cioelectro.com\/#\/schema\/logo\/image\/"}}]}},"_links":{"self":[{"href":"https:\/\/cioelectro.com\/en\/wp-json\/wp\/v2\/product\/12285","targetHints":{"allow":["GET"]}}],"collection":[{"href":"https:\/\/cioelectro.com\/en\/wp-json\/wp\/v2\/product"}],"about":[{"href":"https:\/\/cioelectro.com\/en\/wp-json\/wp\/v2\/types\/product"}],"replies":[{"embeddable":true,"href":"https:\/\/cioelectro.com\/en\/wp-json\/wp\/v2\/comments?post=12285"}],"version-history":[{"count":0,"href":"https:\/\/cioelectro.com\/en\/wp-json\/wp\/v2\/product\/12285\/revisions"}],"wp:featuredmedia":[{"embeddable":true,"href":"https:\/\/cioelectro.com\/en\/wp-json\/wp\/v2\/media\/60739"}],"wp:attachment":[{"href":"https:\/\/cioelectro.com\/en\/wp-json\/wp\/v2\/media?parent=12285"}],"wp:term":[{"taxonomy":"product_brand","embeddable":true,"href":"https:\/\/cioelectro.com\/en\/wp-json\/wp\/v2\/product_brand?post=12285"},{"taxonomy":"product_cat","embeddable":true,"href":"https:\/\/cioelectro.com\/en\/wp-json\/wp\/v2\/product_cat?post=12285"},{"taxonomy":"product_tag","embeddable":true,"href":"https:\/\/cioelectro.com\/en\/wp-json\/wp\/v2\/product_tag?post=12285"}],"curies":[{"name":"wp","href":"https:\/\/api.w.org\/{rel}","templated":true}]}}