{"id":12310,"date":"2022-08-04T12:48:41","date_gmt":"2022-08-04T10:48:41","guid":{"rendered":"https:\/\/meinradladen.com\/?post_type=product&#038;p=12310"},"modified":"2023-08-10T17:31:10","modified_gmt":"2023-08-10T15:31:10","slug":"gravel-bike-salsa-warbird-carbon-810-shimano-grx-11v-700mm-bleu-2021","status":"publish","type":"product","link":"https:\/\/cioelectro.com\/en\/produkt\/gravel-bike-salsa-warbird-carbon-810-shimano-grx-11v-700mm-bleu-2021\/","title":{"rendered":"GRAVELBIKE SALSA WARBIRD CARBON GRX 810 SHIMANO TEAL 2021"},"content":{"rendered":"<div id=\"product-header-order-name\" class=\"col-lg-20 col-md-20 col-sm-20 col-xs-20\">\n<h2 class=\"heading-title-text\">GRAVELBIKE\u00a0SALSA WARBIRD CARBON SHIMANO GRX 11F 700MM TEAL 2021<\/h2>\n<div class=\"col col-sm-12 col-md-12 col-lg-12\">\n<p>Eine Gravel-Fahrt kann sein, was immer Sie wollen: Geschwindigkeit anstreben, Distanz anstreben, Spa\u00df haben, Flucht machen. Was auch immer Ihr Ziel ist,\u00a0<strong>Warbird Carbon GRX 810<\/strong>\u00a0ist ein komfortabler und effizienter Weg, um dorthin zu gelangen. Der Carbonrahmen mit unserem Class 5 Vibration Reduction System (VRS) b\u00e4ndigt harte Stra\u00dfen. Unsere Gravel-Renngeometrie gibt dir die Kontrolle auf br\u00f6ckelnden Stra\u00dfen. Durchdachte Befestigungspunkte bieten Platz f\u00fcr alles, von zus\u00e4tzlichen Flaschen bis hin zu einem leichten Fahrrad-Setup. Shimanos GRX 810-Antrieb hat sich als zuverl\u00e4ssige, leistungsstarke Gravel-Gruppe bew\u00e4hrt.<\/p>\n<\/div>\n<div class=\"prodsheet_bullets col col-sm-8 col-md-8 col-lg-8\">\n<h4>DAS + PRODUKT:<\/h4>\n<ul>\n<li>Carbonrahmen mit VRS Class 5 System zur Schwingungsd\u00e4mpfung.<\/li>\n<li>Shimano GRX RX810 11-fach-Antrieb.<\/li>\n<li>Shimano GRX RX810 hydraulische Scheibenbremsen, 140\/160 mm.<\/li>\n<\/ul>\n<\/div>\n<div class=\"prodsheet_specs1 col col-sm-10 col-md-10 col-lg-10\">\n<h4>EINZELHEITEN:<\/h4>\n<table class=\"table table-striped\">\n<tbody>\n<tr>\n<td>Rahmen<\/td>\n<td>Kohlenstoff: Warbird-Kohlenstoff<\/td>\n<\/tr>\n<tr>\n<td>Gabel<\/td>\n<td>Seidenschwanz Deluxe<\/td>\n<\/tr>\n<tr>\n<td>Schalthebel<\/td>\n<td>Shimano GRX RX810 &#8211; 2&#215;11-fach<\/td>\n<\/tr>\n<tr>\n<td>Umwerfer<\/td>\n<td>Shimano GRX RX810<\/td>\n<\/tr>\n<tr>\n<td>Schaltwerk<\/td>\n<td>Shimano GRX RX810, 11-fach<\/td>\n<\/tr>\n<tr>\n<td>Kassette<\/td>\n<td>Shimano HG800 11-34 Z\u00e4hne<\/td>\n<\/tr>\n<tr>\n<td>Kette<\/td>\n<td>Shimano HG701<\/td>\n<\/tr>\n<tr>\n<td>Kurbel<\/td>\n<td>Shimano GRX RX810-2, 48\/31 Z\u00e4hne (49 cm, GRX RX-600, 46\/30 Z\u00e4hne)<br \/>\n(49 cm: 165 mm \/ 52,5 cm, 54,5 cm: 170 mm \/ 56 cm, 57,5 cm: 172,5 mm \/ 59 cm, 61 cm: 175 mm)<\/td>\n<\/tr>\n<tr>\n<td>Tretlager<\/td>\n<td>BB86 PressFit<\/td>\n<\/tr>\n<tr>\n<td>Bremsen<\/td>\n<td>Shimano GRX RX810, Shimano SM-RT70 Rotoren (140\/160 mm)<\/td>\n<\/tr>\n<tr>\n<td>R\u00e4der<\/td>\n<td>F: DT Swiss G 1800 Spline 25, 12&#215;100 mm \/<br \/>\nR: DT Swiss G 1800 Spline 25, 12&#215;142 mm<\/td>\n<\/tr>\n<tr>\n<td>Reifen<\/td>\n<td>Teravail Cannonball 700c x 42 cm, Strapazierf\u00e4higes Geh\u00e4use<\/td>\n<\/tr>\n<tr>\n<td>Lenker<\/td>\n<td>Salsa Kuhglocke<br \/>\n(49 cm: 380 mm \/ 52,5 cm: 400 mm \/ 54,5 cm: 420 mm \/ 56 cm: 44 cm \/ 57,5 cm, 59 cm, 61 cm: 460 mm)<\/td>\n<\/tr>\n<tr>\n<td>Lenkerband<\/td>\n<td>Rutschfestes Silikon-Lenkerband<\/td>\n<\/tr>\n<tr>\n<td>Stengel<\/td>\n<td>Salsa-Guide<br \/>\n(49 cm, 52,5 cm: 70 mm \/ 54,5 cm: 80 mm \/ 56 cm, 57,5 cm: 90 mm \/ 59 cm: 100 mm \/ 61 cm: 110 mm)<\/td>\n<\/tr>\n<tr>\n<td>Headset<\/td>\n<td>Cane Creek 40<\/td>\n<\/tr>\n<tr>\n<td>Sattel<\/td>\n<td>WTB SL8 Medium Cromoly<\/td>\n<\/tr>\n<tr>\n<td>Sattelst\u00fctze<\/td>\n<td>Salsa-Guide Carbon<\/td>\n<\/tr>\n<tr>\n<td>Gesamtgewicht<\/td>\n<td>9,12 kg<\/td>\n<\/tr>\n<\/tbody>\n<\/table>\n<\/div>\n<div class=\"prodsheet_specs2 col col-sm-10 col-md-10 col-lg-10\">\n<h4>GEOMETRIEN:<\/h4>\n<p><img decoding=\"async\" src=\"http:\/\/media1.alltricks.fr\/ckfinder\/images\/cube_route_geo_en.jpg\" \/><\/p>\n<table class=\"table table-striped\">\n<tbody>\n<tr>\n<td>Rahmengr\u00f6\u00dfe<\/td>\n<td>49 cm<\/td>\n<td>52,5 cm<\/td>\n<td>54,5 cm<\/td>\n<td>56 cm<\/td>\n<td>57,5 cm<\/td>\n<td>59 cm<\/td>\n<td>61 cm<\/td>\n<\/tr>\n<tr>\n<td>Sitzrohr (mm)<\/td>\n<td>390<\/td>\n<td>440<\/td>\n<td>475<\/td>\n<td>510<\/td>\n<td>520<\/td>\n<td>545<\/td>\n<td>570<\/td>\n<\/tr>\n<tr>\n<td>Oberrohr (mm)<\/td>\n<td>499<\/td>\n<td>525<\/td>\n<td>545<\/td>\n<td>560<\/td>\n<td>575<\/td>\n<td>590<\/td>\n<td>610<\/td>\n<\/tr>\n<tr>\n<td>Basisl\u00e4nge (mm)<\/td>\n<td>430<\/td>\n<td>430<\/td>\n<td>430<\/td>\n<td>430<\/td>\n<td>430<\/td>\n<td>430<\/td>\n<td>430<\/td>\n<\/tr>\n<tr>\n<td>Steuerrohr (mm)<\/td>\n<td>90<\/td>\n<td>120<\/td>\n<td>140<\/td>\n<td>160<\/td>\n<td>180<\/td>\n<td>200<\/td>\n<td>220<\/td>\n<\/tr>\n<tr>\n<td>Radstand (mm)<\/td>\n<td>996.14<\/td>\n<td>1011.96<\/td>\n<td>1022,39<\/td>\n<td>1038,21<\/td>\n<td>1054.03<\/td>\n<td>1069.85<\/td>\n<td>1084,54<\/td>\n<\/tr>\n<tr>\n<td>Lenkwinkel (\u00b0)<\/td>\n<td>71<\/td>\n<td>70,75<\/td>\n<td>70,75<\/td>\n<td>70,75<\/td>\n<td>70,75<\/td>\n<td>70,75<\/td>\n<td>70,75<\/td>\n<\/tr>\n<tr>\n<td>Sitzwinkel (\u00b0)<\/td>\n<td>75<\/td>\n<td>74<\/td>\n<td>73<\/td>\n<td>73<\/td>\n<td>73<\/td>\n<td>73<\/td>\n<td>72,5<\/td>\n<\/tr>\n<tr>\n<td>Stapel (mm)<\/td>\n<td>517,85<\/td>\n<td>547.09<\/td>\n<td>565,97<\/td>\n<td>584.85<\/td>\n<td>603,73<\/td>\n<td>622.61<\/td>\n<td>641,50<\/td>\n<\/tr>\n<tr>\n<td>Reichweite (mm)<\/td>\n<td>360,24<\/td>\n<td>368.13<\/td>\n<td>371.97<\/td>\n<td>381.19<\/td>\n<td>390.42<\/td>\n<td>399,65<\/td>\n<td>4077.74<\/td>\n<\/tr>\n<\/tbody>\n<\/table>\n<\/div>\n<\/div>\n<div id=\"product-header-order-form\" class=\"js-reload-on-event col-lg-20 col-md-20 col-sm-20 col-xs-20\" data-to-watch=\"body\" data-event=\"alltricks:cartChanged\" data-url=\"\/ajax\/product\/ajouter\/F-41505-velos-route-_-cyclocross-_-triathlon\/P-1979937-salsa_warbird_gravelbike_shimano_grx_11f_700mm_teal_2021\"><\/div>","protected":false},"excerpt":{"rendered":"<div class=\"col-lg-14 col-md-14 col-sm-14 col-xs-20\"><\/div>\n<div id=\"product-specifications-table\" class=\"col-lg-20 col-md-20 col-sm-20 col-xs-20\">\n<table class=\"table table-striped\">\n<tbody>\n<tr>\n<td class=\"spec-name\">Geschlecht<\/td>\n<td class=\"spec-value\">Herren<\/td>\n<\/tr>\n<tr>\n<td class=\"spec-name\">Gruppe<\/td>\n<td class=\"spec-value\">Shimano GRX 11V<\/td>\n<\/tr>\n<tr>\n<td class=\"spec-name\">collection<\/td>\n<td class=\"spec-value\">Restst\u00fccke<\/td>\n<\/tr>\n<\/tbody>\n<\/table>\n<\/div>","protected":false},"featured_media":60749,"comment_status":"open","ping_status":"closed","template":"","meta":{"_rtcl_gb_attr":""},"product_brand":[],"product_cat":[129],"product_tag":[],"class_list":{"0":"post-12310","1":"product","2":"type-product","3":"status-publish","4":"has-post-thumbnail","6":"product_cat-rennrad","7":"pa_marke-salsa","9":"first","10":"instock","11":"sale","12":"taxable","13":"shipping-taxable","14":"purchasable","15":"product-type-variable"},"yoast_head":"<!-- This site is optimized with the Yoast SEO Premium plugin v20.12 (Yoast SEO v27.4) - https:\/\/yoast.com\/product\/yoast-seo-premium-wordpress\/ -->\n<title>GRAVELBIKE SALSA WARBIRD CARBON GRX 810 SHIMANO<\/title>\n<meta name=\"description\" content=\"Entdecken Sie unseren Online-Fahrradladen: Gro\u00dfe Auswahl an Modellen f\u00fcr alle Radsportbegeisterten. Von Rennr\u00e4dern bis zu Mountainbikes - finden Sie heute Ihren perfekten Wegbegleiter!\" \/>\n<meta name=\"robots\" content=\"index, follow, max-snippet:-1, max-image-preview:large, max-video-preview:-1\" \/>\n<link rel=\"canonical\" href=\"https:\/\/cioelectro.com\/en\/produkt\/gravel-bike-salsa-warbird-carbon-810-shimano-grx-11v-700mm-bleu-2021\/\" \/>\n<meta property=\"og:locale\" content=\"en_US\" \/>\n<meta property=\"og:type\" content=\"article\" \/>\n<meta property=\"og:title\" content=\"GRAVELBIKE SALSA WARBIRD CARBON GRX 810 SHIMANO TEAL 2021\" \/>\n<meta property=\"og:description\" content=\"Entdecken Sie unseren Online-Fahrradladen: Gro\u00dfe Auswahl an Modellen f\u00fcr alle Radsportbegeisterten. Von Rennr\u00e4dern bis zu Mountainbikes - finden Sie heute Ihren perfekten Wegbegleiter!\" \/>\n<meta property=\"og:url\" content=\"https:\/\/cioelectro.com\/en\/produkt\/gravel-bike-salsa-warbird-carbon-810-shimano-grx-11v-700mm-bleu-2021\/\" \/>\n<meta property=\"og:site_name\" content=\"cioelectro.com\" \/>\n<meta property=\"article:modified_time\" content=\"2023-08-10T15:31:10+00:00\" \/>\n<meta property=\"og:image\" content=\"https:\/\/cioelectro.com\/wp-content\/uploads\/2023\/06\/GRAVEL-BIKE-SALSA-WARBIRD-CARBON-810-SHIMANO-GRX-11V-700MM-BLEU-2021.jpg\" \/>\n\t<meta property=\"og:image:width\" content=\"600\" \/>\n\t<meta property=\"og:image:height\" content=\"408\" \/>\n\t<meta property=\"og:image:type\" content=\"image\/jpeg\" \/>\n<meta name=\"twitter:card\" content=\"summary_large_image\" \/>\n<meta name=\"twitter:label1\" content=\"Est. reading time\" \/>\n\t<meta name=\"twitter:data1\" content=\"3 minutes\" \/>\n<script type=\"application\/ld+json\" class=\"yoast-schema-graph\">{\"@context\":\"https:\\\/\\\/schema.org\",\"@graph\":[{\"@type\":\"WebPage\",\"@id\":\"https:\\\/\\\/cioelectro.com\\\/produkt\\\/gravel-bike-salsa-warbird-carbon-810-shimano-grx-11v-700mm-bleu-2021\\\/\",\"url\":\"https:\\\/\\\/cioelectro.com\\\/produkt\\\/gravel-bike-salsa-warbird-carbon-810-shimano-grx-11v-700mm-bleu-2021\\\/\",\"name\":\"GRAVELBIKE SALSA WARBIRD CARBON GRX 810 SHIMANO\",\"isPartOf\":{\"@id\":\"https:\\\/\\\/cioelectro.com\\\/#website\"},\"primaryImageOfPage\":{\"@id\":\"https:\\\/\\\/cioelectro.com\\\/produkt\\\/gravel-bike-salsa-warbird-carbon-810-shimano-grx-11v-700mm-bleu-2021\\\/#primaryimage\"},\"image\":{\"@id\":\"https:\\\/\\\/cioelectro.com\\\/produkt\\\/gravel-bike-salsa-warbird-carbon-810-shimano-grx-11v-700mm-bleu-2021\\\/#primaryimage\"},\"thumbnailUrl\":\"https:\\\/\\\/cioelectro.com\\\/wp-content\\\/uploads\\\/2023\\\/06\\\/GRAVEL-BIKE-SALSA-WARBIRD-CARBON-810-SHIMANO-GRX-11V-700MM-BLEU-2021.jpg\",\"datePublished\":\"2022-08-04T10:48:41+00:00\",\"dateModified\":\"2023-08-10T15:31:10+00:00\",\"description\":\"Entdecken Sie unseren Online-Fahrradladen: Gro\u00dfe Auswahl an Modellen f\u00fcr alle Radsportbegeisterten. Von Rennr\u00e4dern bis zu Mountainbikes - finden Sie heute Ihren perfekten Wegbegleiter!\",\"breadcrumb\":{\"@id\":\"https:\\\/\\\/cioelectro.com\\\/produkt\\\/gravel-bike-salsa-warbird-carbon-810-shimano-grx-11v-700mm-bleu-2021\\\/#breadcrumb\"},\"inLanguage\":\"en-US\",\"potentialAction\":[{\"@type\":\"ReadAction\",\"target\":[\"https:\\\/\\\/cioelectro.com\\\/produkt\\\/gravel-bike-salsa-warbird-carbon-810-shimano-grx-11v-700mm-bleu-2021\\\/\"]}]},{\"@type\":\"ImageObject\",\"inLanguage\":\"en-US\",\"@id\":\"https:\\\/\\\/cioelectro.com\\\/produkt\\\/gravel-bike-salsa-warbird-carbon-810-shimano-grx-11v-700mm-bleu-2021\\\/#primaryimage\",\"url\":\"https:\\\/\\\/cioelectro.com\\\/wp-content\\\/uploads\\\/2023\\\/06\\\/GRAVEL-BIKE-SALSA-WARBIRD-CARBON-810-SHIMANO-GRX-11V-700MM-BLEU-2021.jpg\",\"contentUrl\":\"https:\\\/\\\/cioelectro.com\\\/wp-content\\\/uploads\\\/2023\\\/06\\\/GRAVEL-BIKE-SALSA-WARBIRD-CARBON-810-SHIMANO-GRX-11V-700MM-BLEU-2021.jpg\",\"width\":600,\"height\":408,\"caption\":\"GRAVEL\u00a0 BIKE SALSA WARBIRD CARBON 810 SHIMANO GRX 11V 700MM BLEU 2021\"},{\"@type\":\"BreadcrumbList\",\"@id\":\"https:\\\/\\\/cioelectro.com\\\/produkt\\\/gravel-bike-salsa-warbird-carbon-810-shimano-grx-11v-700mm-bleu-2021\\\/#breadcrumb\",\"itemListElement\":[{\"@type\":\"ListItem\",\"position\":1,\"name\":\"Startseite\",\"item\":\"https:\\\/\\\/cioelectro.com\\\/\"},{\"@type\":\"ListItem\",\"position\":2,\"name\":\"LADEN\",\"item\":\"https:\\\/\\\/cioelectro.com\\\/laden\\\/\"},{\"@type\":\"ListItem\",\"position\":3,\"name\":\"GRAVELBIKE SALSA WARBIRD CARBON GRX 810 SHIMANO TEAL 2021\"}]},{\"@type\":\"WebSite\",\"@id\":\"https:\\\/\\\/cioelectro.com\\\/#website\",\"url\":\"https:\\\/\\\/cioelectro.com\\\/\",\"name\":\"cioelectro.com\",\"description\":\"Treten Sie mit uns ins Abenteuer!\",\"publisher\":{\"@id\":\"https:\\\/\\\/cioelectro.com\\\/#organization\"},\"alternateName\":\"MEIN RADLADEN\",\"potentialAction\":[{\"@type\":\"SearchAction\",\"target\":{\"@type\":\"EntryPoint\",\"urlTemplate\":\"https:\\\/\\\/cioelectro.com\\\/?s={search_term_string}\"},\"query-input\":{\"@type\":\"PropertyValueSpecification\",\"valueRequired\":true,\"valueName\":\"search_term_string\"}}],\"inLanguage\":\"en-US\"},{\"@type\":\"Organization\",\"@id\":\"https:\\\/\\\/cioelectro.com\\\/#organization\",\"name\":\"CIOELECTRO\",\"alternateName\":\"MEIN RADLADEN\",\"url\":\"https:\\\/\\\/cioelectro.com\\\/\",\"logo\":{\"@type\":\"ImageObject\",\"inLanguage\":\"en-US\",\"@id\":\"https:\\\/\\\/cioelectro.com\\\/#\\\/schema\\\/logo\\\/image\\\/\",\"url\":\"https:\\\/\\\/cioelectro.com\\\/wp-content\\\/uploads\\\/2025\\\/12\\\/Logo-2-1200x800.png\",\"contentUrl\":\"https:\\\/\\\/cioelectro.com\\\/wp-content\\\/uploads\\\/2025\\\/12\\\/Logo-2-1200x800.png\",\"width\":1200,\"height\":800,\"caption\":\"CIOELECTRO\"},\"image\":{\"@id\":\"https:\\\/\\\/cioelectro.com\\\/#\\\/schema\\\/logo\\\/image\\\/\"}}]}<\/script>\n<!-- \/ Yoast SEO Premium plugin. -->","yoast_head_json":{"title":"GRAVELBIKE SALSA WARBIRD CARBON GRX 810 SHIMANO","description":"Entdecken Sie unseren Online-Fahrradladen: Gro\u00dfe Auswahl an Modellen f\u00fcr alle Radsportbegeisterten. Von Rennr\u00e4dern bis zu Mountainbikes - finden Sie heute Ihren perfekten Wegbegleiter!","robots":{"index":"index","follow":"follow","max-snippet":"max-snippet:-1","max-image-preview":"max-image-preview:large","max-video-preview":"max-video-preview:-1"},"canonical":"https:\/\/cioelectro.com\/en\/produkt\/gravel-bike-salsa-warbird-carbon-810-shimano-grx-11v-700mm-bleu-2021\/","og_locale":"en_US","og_type":"article","og_title":"GRAVELBIKE SALSA WARBIRD CARBON GRX 810 SHIMANO TEAL 2021","og_description":"Entdecken Sie unseren Online-Fahrradladen: Gro\u00dfe Auswahl an Modellen f\u00fcr alle Radsportbegeisterten. Von Rennr\u00e4dern bis zu Mountainbikes - finden Sie heute Ihren perfekten Wegbegleiter!","og_url":"https:\/\/cioelectro.com\/en\/produkt\/gravel-bike-salsa-warbird-carbon-810-shimano-grx-11v-700mm-bleu-2021\/","og_site_name":"cioelectro.com","article_modified_time":"2023-08-10T15:31:10+00:00","og_image":[{"width":600,"height":408,"url":"https:\/\/cioelectro.com\/wp-content\/uploads\/2023\/06\/GRAVEL-BIKE-SALSA-WARBIRD-CARBON-810-SHIMANO-GRX-11V-700MM-BLEU-2021.jpg","type":"image\/jpeg"}],"twitter_card":"summary_large_image","twitter_misc":{"Est. reading time":"3 minutes"},"schema":{"@context":"https:\/\/schema.org","@graph":[{"@type":"WebPage","@id":"https:\/\/cioelectro.com\/produkt\/gravel-bike-salsa-warbird-carbon-810-shimano-grx-11v-700mm-bleu-2021\/","url":"https:\/\/cioelectro.com\/produkt\/gravel-bike-salsa-warbird-carbon-810-shimano-grx-11v-700mm-bleu-2021\/","name":"GRAVELBIKE SALSA WARBIRD CARBON GRX 810 SHIMANO","isPartOf":{"@id":"https:\/\/cioelectro.com\/#website"},"primaryImageOfPage":{"@id":"https:\/\/cioelectro.com\/produkt\/gravel-bike-salsa-warbird-carbon-810-shimano-grx-11v-700mm-bleu-2021\/#primaryimage"},"image":{"@id":"https:\/\/cioelectro.com\/produkt\/gravel-bike-salsa-warbird-carbon-810-shimano-grx-11v-700mm-bleu-2021\/#primaryimage"},"thumbnailUrl":"https:\/\/cioelectro.com\/wp-content\/uploads\/2023\/06\/GRAVEL-BIKE-SALSA-WARBIRD-CARBON-810-SHIMANO-GRX-11V-700MM-BLEU-2021.jpg","datePublished":"2022-08-04T10:48:41+00:00","dateModified":"2023-08-10T15:31:10+00:00","description":"Entdecken Sie unseren Online-Fahrradladen: Gro\u00dfe Auswahl an Modellen f\u00fcr alle Radsportbegeisterten. Von Rennr\u00e4dern bis zu Mountainbikes - finden Sie heute Ihren perfekten Wegbegleiter!","breadcrumb":{"@id":"https:\/\/cioelectro.com\/produkt\/gravel-bike-salsa-warbird-carbon-810-shimano-grx-11v-700mm-bleu-2021\/#breadcrumb"},"inLanguage":"en-US","potentialAction":[{"@type":"ReadAction","target":["https:\/\/cioelectro.com\/produkt\/gravel-bike-salsa-warbird-carbon-810-shimano-grx-11v-700mm-bleu-2021\/"]}]},{"@type":"ImageObject","inLanguage":"en-US","@id":"https:\/\/cioelectro.com\/produkt\/gravel-bike-salsa-warbird-carbon-810-shimano-grx-11v-700mm-bleu-2021\/#primaryimage","url":"https:\/\/cioelectro.com\/wp-content\/uploads\/2023\/06\/GRAVEL-BIKE-SALSA-WARBIRD-CARBON-810-SHIMANO-GRX-11V-700MM-BLEU-2021.jpg","contentUrl":"https:\/\/cioelectro.com\/wp-content\/uploads\/2023\/06\/GRAVEL-BIKE-SALSA-WARBIRD-CARBON-810-SHIMANO-GRX-11V-700MM-BLEU-2021.jpg","width":600,"height":408,"caption":"GRAVEL\u00a0 BIKE SALSA WARBIRD CARBON 810 SHIMANO GRX 11V 700MM BLEU 2021"},{"@type":"BreadcrumbList","@id":"https:\/\/cioelectro.com\/produkt\/gravel-bike-salsa-warbird-carbon-810-shimano-grx-11v-700mm-bleu-2021\/#breadcrumb","itemListElement":[{"@type":"ListItem","position":1,"name":"Startseite","item":"https:\/\/cioelectro.com\/"},{"@type":"ListItem","position":2,"name":"LADEN","item":"https:\/\/cioelectro.com\/laden\/"},{"@type":"ListItem","position":3,"name":"GRAVELBIKE SALSA WARBIRD CARBON GRX 810 SHIMANO TEAL 2021"}]},{"@type":"WebSite","@id":"https:\/\/cioelectro.com\/#website","url":"https:\/\/cioelectro.com\/","name":"cioelectro.com","description":"Treten Sie mit uns ins Abenteuer!","publisher":{"@id":"https:\/\/cioelectro.com\/#organization"},"alternateName":"MEIN RADLADEN","potentialAction":[{"@type":"SearchAction","target":{"@type":"EntryPoint","urlTemplate":"https:\/\/cioelectro.com\/?s={search_term_string}"},"query-input":{"@type":"PropertyValueSpecification","valueRequired":true,"valueName":"search_term_string"}}],"inLanguage":"en-US"},{"@type":"Organization","@id":"https:\/\/cioelectro.com\/#organization","name":"CIOELECTRO","alternateName":"MEIN RADLADEN","url":"https:\/\/cioelectro.com\/","logo":{"@type":"ImageObject","inLanguage":"en-US","@id":"https:\/\/cioelectro.com\/#\/schema\/logo\/image\/","url":"https:\/\/cioelectro.com\/wp-content\/uploads\/2025\/12\/Logo-2-1200x800.png","contentUrl":"https:\/\/cioelectro.com\/wp-content\/uploads\/2025\/12\/Logo-2-1200x800.png","width":1200,"height":800,"caption":"CIOELECTRO"},"image":{"@id":"https:\/\/cioelectro.com\/#\/schema\/logo\/image\/"}}]}},"_links":{"self":[{"href":"https:\/\/cioelectro.com\/en\/wp-json\/wp\/v2\/product\/12310","targetHints":{"allow":["GET"]}}],"collection":[{"href":"https:\/\/cioelectro.com\/en\/wp-json\/wp\/v2\/product"}],"about":[{"href":"https:\/\/cioelectro.com\/en\/wp-json\/wp\/v2\/types\/product"}],"replies":[{"embeddable":true,"href":"https:\/\/cioelectro.com\/en\/wp-json\/wp\/v2\/comments?post=12310"}],"version-history":[{"count":0,"href":"https:\/\/cioelectro.com\/en\/wp-json\/wp\/v2\/product\/12310\/revisions"}],"wp:featuredmedia":[{"embeddable":true,"href":"https:\/\/cioelectro.com\/en\/wp-json\/wp\/v2\/media\/60749"}],"wp:attachment":[{"href":"https:\/\/cioelectro.com\/en\/wp-json\/wp\/v2\/media?parent=12310"}],"wp:term":[{"taxonomy":"product_brand","embeddable":true,"href":"https:\/\/cioelectro.com\/en\/wp-json\/wp\/v2\/product_brand?post=12310"},{"taxonomy":"product_cat","embeddable":true,"href":"https:\/\/cioelectro.com\/en\/wp-json\/wp\/v2\/product_cat?post=12310"},{"taxonomy":"product_tag","embeddable":true,"href":"https:\/\/cioelectro.com\/en\/wp-json\/wp\/v2\/product_tag?post=12310"}],"curies":[{"name":"wp","href":"https:\/\/api.w.org\/{rel}","templated":true}]}}