{"id":12433,"date":"2022-08-04T16:47:13","date_gmt":"2022-08-04T14:47:13","guid":{"rendered":"https:\/\/meinradladen.com\/?post_type=product&#038;p=12433"},"modified":"2023-08-10T17:08:33","modified_gmt":"2023-08-10T15:08:33","slug":"bmc-teammachine-slr-four-rennrad-sram-grau-2023","status":"publish","type":"product","link":"https:\/\/cioelectro.com\/en\/produkt\/bmc-teammachine-slr-four-rennrad-sram-grau-2023\/","title":{"rendered":"BMC TEAMMACHINE SLR FOUR RENNRAD SRAM GRAU 2023"},"content":{"rendered":"<div id=\"product-header-order-name\" class=\"col-lg-20 col-md-20 col-sm-20 col-xs-20\">\n<h2 class=\"heading-title-text\">BMC TEAMMACHINE SLR FOUR RENNRAD SRAM RIVAL ETAP AXS 12S 700 MM ANTHRAZIT GRAU 2023<\/h2>\n<\/div>\n<div id=\"product-header-order-form\" class=\"js-reload-on-event col-lg-20 col-md-20 col-sm-20 col-xs-20\" data-to-watch=\"body\" data-event=\"alltricks:cartChanged\" data-url=\"\/ajax\/product\/ajouter\/F-41505-velos-route-_-cyclocross-_-triathlon\/P-2291390-bmc_teammachine_slr_four_rennrad_sram_rival_etap_axs_12s_700_mm_anthrazit_grau_2023\">\n<div class=\"col col-sm-12 col-md-12 col-lg-12\">\n<p>vor 10 Jahren brachte\u00a0<strong>BMC<\/strong>\u00a0ein Fahrrad auf den Markt, das eine Revolution in der Entwicklung und Herstellung von Hochleistungs-Rennr\u00e4dern ausl\u00f6sen sollte. Die\u00a0<strong>Teammachine SLR<\/strong>\u00a0hat alle wichtigen Titel gewonnen, die ein Fahrrad gewinnen kann, darunter Monumente, Weltmeisterschaften, Olympische Spiele und die Tour de France. Dank des in diesem Jahrzehnt gesammelten Wissens hat BMC die Karten neu gemischt, um einen v\u00f6llig neuen, hochmodernen Rahmensatz zu pr\u00e4sentieren, der bereit ist, in den n\u00e4chsten 10 Jahren die Nase vorn zu haben.<\/p>\n<p>Die BMC-Ingenieure haben die Teammachine SLR nach dem Prinzip der ultimativen Leistung durch funktionale Integration entwickelt. Das Ergebnis: eine unvergleichliche Aerodynamik. Die neue Teammachine SLR ist flexibler denn je, dank der neuesten Entwicklungen in der Tuned Compliance Concept (TCC) Technologie. Pr\u00e4zise gewebte Karbonschichten und die ideale vertikale Flexibilit\u00e4t von Rahmen und Sattelst\u00fctze verbessern den Grip und die Kontrolle und verringern so die Muskelerm\u00fcdung. Eine Gabel mit neu gestalteter aerodynamischer Silhouette, mit dezentem Design der Schenkel und einer integrierten Steckachsenmutter verk\u00f6rpert die Allianz zwischen technischer Exzellenz und minimalistischer und stilvoller \u00c4sthetik.<\/p>\n<\/div>\n<div class=\"prodsheet_bullets col col-sm-8 col-md-8 col-lg-8\">\n<h4>HAUPTMERKMALE:<\/h4>\n<ul>\n<li>Ultimative Leistung durch funktionelle Integration.<\/li>\n<li>Flexibler als je zuvor, dank der neuesten Entwicklungen der Tuned Compliance Concept (TCC) Technologie.<\/li>\n<li>Sram Rival eTap AXS 2&#215;12-Gang-Antriebssystem.<\/li>\n<li>Hydraulische Scheibenbremsen Sram Rival eTap AXS HRD, 160\/160 mm.<\/li>\n<\/ul>\n<\/div>\n<div class=\"prodsheet_specs1 col col-sm-12 col-md-12 col-lg-12\">\n<h4>EIGENSCHAFTEN:<\/h4>\n<table class=\"table table-striped\">\n<tbody>\n<tr>\n<td>Rahmen<\/td>\n<td>Carbon: Teammachine SLR Carbon mit Aerocore Design, Stealth Dropout Design, TCC Race Compliance Level, PF86 Tretlager, integrierte Sattelst\u00fctzklemme, Flat Mount Disc, 12&#215;142 mm Steckachse, optimiert f\u00fcr Aerocore Flaschenhalter, Reifenfreiheit: 30 mm (Gemessene Breite)<\/td>\n<\/tr>\n<tr>\n<td>Gabel<\/td>\n<td>Carbon: Teammachine SLR Carbon, TCC Race Compliance Level, interne Kabelf\u00fchrung, Flat Mount Disc, Stealth Dropout Design, 12&#215;100 mm Steckachse, 48 mm Offset (Gr\u00f6\u00dfe 47-51), 43 mm Offset (Gr\u00f6\u00dfe 54-61)<\/td>\n<\/tr>\n<tr>\n<td>Schaltungen<\/td>\n<td>Sram Rival eTap AXS HRD, 2&#215;12-fach<\/td>\n<\/tr>\n<tr>\n<td>Umwerfer<\/td>\n<td>Sram Rival eTap AXS<\/td>\n<\/tr>\n<tr>\n<td>Schaltwerk<\/td>\n<td>Sram Rival eTap AXS, 12-fach<\/td>\n<\/tr>\n<tr>\n<td>Kassette<\/td>\n<td>Sram Rival XG-1250, 10-36T<\/td>\n<\/tr>\n<tr>\n<td>Kette<\/td>\n<td>Sram Rival<\/td>\n<\/tr>\n<tr>\n<td>Kurbelgarnitur<\/td>\n<td>Sram Rival AXS, 48\/35Z<\/td>\n<\/tr>\n<tr>\n<td>Tretlager<\/td>\n<td>PF86<\/td>\n<\/tr>\n<tr>\n<td>Bremsen<\/td>\n<td>Sram Rival eTap AXS HRD, Hydr. Scheibenbremse (160\/160) Sram Centerline X Rotoren<\/td>\n<\/tr>\n<tr>\n<td>Laufradsatz<\/td>\n<td>Felgen: XRD-522, Tubeless Ready, 25 mm \/ Naben: XRD-522, Steckachse<\/td>\n<\/tr>\n<tr>\n<td>Bereifung<\/td>\n<td>Vittoria Rubino, 700&#215;25 mm<\/td>\n<\/tr>\n<tr>\n<td>Lenker<\/td>\n<td>BMC RAB 02, Ergo Top Shape, Compact Bend, 70 mm Reichweite, 125 mm Ausfall<\/td>\n<\/tr>\n<tr>\n<td>Vorbau<\/td>\n<td>BMC RSM01, +\/-8\u00b0<\/td>\n<\/tr>\n<tr>\n<td>Sattel<\/td>\n<td>Fizik Antares R7<\/td>\n<\/tr>\n<tr>\n<td>Sattelst\u00fctze<\/td>\n<td>Teammachine SLR Carbon D-Shaped Sattelst\u00fctze, 15 mm Offset<\/td>\n<\/tr>\n<tr>\n<td>Gewicht<\/td>\n<td>&#8212;<\/td>\n<\/tr>\n<tr>\n<td>Gewichtslimit<\/td>\n<td>110 kg: das maximale Systemgewicht besteht aus dem Fahrrad, dem Fahrer und der Ausr\u00fcstung<\/td>\n<\/tr>\n<tr>\n<td>Farbe<\/td>\n<td>Anthrazit \/ Geb\u00fcrstete Legierung<\/td>\n<\/tr>\n<\/tbody>\n<\/table>\n<\/div>\n<div class=\"prodsheet_specs2 col col-sm-8 col-md-8 col-lg-8\">\n<h4>GEOMETRIEN:<\/h4>\n<p><img decoding=\"async\" src=\"http:\/\/media1.alltricks.fr\/ckfinder\/images\/cube_route_geo_en.jpg\" \/><\/p>\n<table class=\"table table-striped\">\n<tbody>\n<tr>\n<td>Rahmengr\u00f6\u00dfe (cm)<\/td>\n<td>47<\/td>\n<td>51<\/td>\n<td>54<\/td>\n<td>56<\/td>\n<td>58<\/td>\n<td>61<\/td>\n<\/tr>\n<tr>\n<td>Sitzrohr (mm)<\/td>\n<td>423<\/td>\n<td>468<\/td>\n<td>504<\/td>\n<td>524<\/td>\n<td>545<\/td>\n<td>574<\/td>\n<\/tr>\n<tr>\n<td>Oberes Rohr (mm)<\/td>\n<td>517<\/td>\n<td>534<\/td>\n<td>549<\/td>\n<td>559<\/td>\n<td>574<\/td>\n<td>589<\/td>\n<\/tr>\n<tr>\n<td>Kettenstreben (mm)<\/td>\n<td>410<\/td>\n<td>410<\/td>\n<td>410<\/td>\n<td>410<\/td>\n<td>410<\/td>\n<td>410<\/td>\n<\/tr>\n<tr>\n<td>L\u00e4nge Steuerrohr (mm)<\/td>\n<td>110<\/td>\n<td>130<\/td>\n<td>145<\/td>\n<td>165<\/td>\n<td>184<\/td>\n<td>210<\/td>\n<\/tr>\n<tr>\n<td>Winkel des Steuerrohrs (\u00b0)<\/td>\n<td>71.5<\/td>\n<td>71.5<\/td>\n<td>72.3<\/td>\n<td>72.3<\/td>\n<td>72.3<\/td>\n<td>72.3<\/td>\n<\/tr>\n<tr>\n<td>Winkel des Sitzrohrs (\u00b0)<\/td>\n<td>73.5<\/td>\n<td>73.5<\/td>\n<td>73.5<\/td>\n<td>73.5<\/td>\n<td>73.5<\/td>\n<td>73.5<\/td>\n<\/tr>\n<tr>\n<td>Radstand (mm)<\/td>\n<td>968<\/td>\n<td>986<\/td>\n<td>989<\/td>\n<td>1000<\/td>\n<td>1015<\/td>\n<td>1030<\/td>\n<\/tr>\n<tr>\n<td>Stapel (mm)<\/td>\n<td>506<\/td>\n<td>530<\/td>\n<td>550<\/td>\n<td>565<\/td>\n<td>584<\/td>\n<td>608<\/td>\n<\/tr>\n<tr>\n<td>Reichweite (mm)<\/td>\n<td>367<\/td>\n<td>377<\/td>\n<td>386<\/td>\n<td>392<\/td>\n<td>401<\/td>\n<td>409<\/td>\n<\/tr>\n<tr>\n<td>L\u00e4nge des Stiels (mm)<\/td>\n<td>90<\/td>\n<td>90<\/td>\n<td>100<\/td>\n<td>110<\/td>\n<td>110<\/td>\n<td>120<\/td>\n<\/tr>\n<tr>\n<td>Breite des Lenkers (mm)<\/td>\n<td>400<\/td>\n<td>420<\/td>\n<td>420<\/td>\n<td>420<\/td>\n<td>420<\/td>\n<td>440<\/td>\n<\/tr>\n<tr>\n<td>Gabelhub (mm)<\/td>\n<td>48<\/td>\n<td>48<\/td>\n<td>43<\/td>\n<td>43<\/td>\n<td>43<\/td>\n<td>43<\/td>\n<\/tr>\n<tr>\n<td>L\u00e4nge der Kurbel (mm)<\/td>\n<td>170<\/td>\n<td>170<\/td>\n<td>172.5<\/td>\n<td>172.5<\/td>\n<td>175<\/td>\n<td>175<\/td>\n<\/tr>\n<\/tbody>\n<\/table>\n<\/div>\n<\/div>","protected":false},"excerpt":{"rendered":"<div class=\"col-lg-14 col-md-14 col-sm-14 col-xs-20\"><\/div>\n<div id=\"product-specifications-table\" class=\"col-lg-20 col-md-20 col-sm-20 col-xs-20\">\n<table class=\"table table-striped\">\n<tbody>\n<tr>\n<td class=\"spec-name\">Geschlecht<\/td>\n<td class=\"spec-value\">Herren<\/td>\n<\/tr>\n<tr>\n<td class=\"spec-name\">Gruppe<\/td>\n<td class=\"spec-value\">Sram Rival eTap AXS 12V<\/td>\n<\/tr>\n<tr>\n<td class=\"spec-name\">collection<\/td>\n<td class=\"spec-value\">Restst\u00fccke<\/td>\n<\/tr>\n<\/tbody>\n<\/table>\n<\/div>","protected":false},"featured_media":60775,"comment_status":"open","ping_status":"closed","template":"","meta":{"_rtcl_gb_attr":""},"product_brand":[],"product_cat":[129],"product_tag":[],"class_list":{"0":"post-12433","1":"product","2":"type-product","3":"status-publish","4":"has-post-thumbnail","6":"product_cat-rennrad","7":"pa_marke-bmc","9":"first","10":"instock","11":"sale","12":"taxable","13":"shipping-taxable","14":"purchasable","15":"product-type-variable"},"yoast_head":"<!-- This site is optimized with the Yoast SEO Premium plugin v20.12 (Yoast SEO v27.4) - https:\/\/yoast.com\/product\/yoast-seo-premium-wordpress\/ -->\n<title>BMC TEAMMACHINE SLR FOUR RENNRAD SRAM GRAU 2023<\/title>\n<meta name=\"description\" content=\"Entdecken Sie unseren Online-Fahrradladen: Gro\u00dfe Auswahl an Modellen f\u00fcr alle Radsportbegeisterten. Von Rennr\u00e4dern bis zu Mountainbikes - finden Sie heute Ihren perfekten Wegbegleiter!\" \/>\n<meta name=\"robots\" content=\"index, follow, max-snippet:-1, max-image-preview:large, max-video-preview:-1\" \/>\n<link rel=\"canonical\" href=\"https:\/\/cioelectro.com\/en\/produkt\/bmc-teammachine-slr-four-rennrad-sram-grau-2023\/\" \/>\n<meta property=\"og:locale\" content=\"en_US\" \/>\n<meta property=\"og:type\" content=\"article\" \/>\n<meta property=\"og:title\" content=\"BMC TEAMMACHINE SLR FOUR RENNRAD SRAM GRAU 2023\" \/>\n<meta property=\"og:description\" content=\"Entdecken Sie unseren Online-Fahrradladen: Gro\u00dfe Auswahl an Modellen f\u00fcr alle Radsportbegeisterten. Von Rennr\u00e4dern bis zu Mountainbikes - finden Sie heute Ihren perfekten Wegbegleiter!\" \/>\n<meta property=\"og:url\" content=\"https:\/\/cioelectro.com\/en\/produkt\/bmc-teammachine-slr-four-rennrad-sram-grau-2023\/\" \/>\n<meta property=\"og:site_name\" content=\"cioelectro.com\" \/>\n<meta property=\"article:modified_time\" content=\"2023-08-10T15:08:33+00:00\" \/>\n<meta property=\"og:image\" content=\"https:\/\/cioelectro.com\/wp-content\/uploads\/2023\/06\/BMC-TEAMMACHINE-SLR-FOUR-RENNRAD-SRAM-RIVAL-ETAP-AXS-12S-700-MM-ANTHRAZIT-GRAU-2023.jpg\" \/>\n\t<meta property=\"og:image:width\" content=\"600\" \/>\n\t<meta property=\"og:image:height\" content=\"408\" \/>\n\t<meta property=\"og:image:type\" content=\"image\/jpeg\" \/>\n<meta name=\"twitter:card\" content=\"summary_large_image\" \/>\n<meta name=\"twitter:label1\" content=\"Est. reading time\" \/>\n\t<meta name=\"twitter:data1\" content=\"4 minutes\" \/>\n<script type=\"application\/ld+json\" class=\"yoast-schema-graph\">{\"@context\":\"https:\\\/\\\/schema.org\",\"@graph\":[{\"@type\":\"WebPage\",\"@id\":\"https:\\\/\\\/cioelectro.com\\\/produkt\\\/bmc-teammachine-slr-four-rennrad-sram-grau-2023\\\/\",\"url\":\"https:\\\/\\\/cioelectro.com\\\/produkt\\\/bmc-teammachine-slr-four-rennrad-sram-grau-2023\\\/\",\"name\":\"BMC TEAMMACHINE SLR FOUR RENNRAD SRAM GRAU 2023\",\"isPartOf\":{\"@id\":\"https:\\\/\\\/cioelectro.com\\\/#website\"},\"primaryImageOfPage\":{\"@id\":\"https:\\\/\\\/cioelectro.com\\\/produkt\\\/bmc-teammachine-slr-four-rennrad-sram-grau-2023\\\/#primaryimage\"},\"image\":{\"@id\":\"https:\\\/\\\/cioelectro.com\\\/produkt\\\/bmc-teammachine-slr-four-rennrad-sram-grau-2023\\\/#primaryimage\"},\"thumbnailUrl\":\"https:\\\/\\\/cioelectro.com\\\/wp-content\\\/uploads\\\/2023\\\/06\\\/BMC-TEAMMACHINE-SLR-FOUR-RENNRAD-SRAM-RIVAL-ETAP-AXS-12S-700-MM-ANTHRAZIT-GRAU-2023.jpg\",\"datePublished\":\"2022-08-04T14:47:13+00:00\",\"dateModified\":\"2023-08-10T15:08:33+00:00\",\"description\":\"Entdecken Sie unseren Online-Fahrradladen: Gro\u00dfe Auswahl an Modellen f\u00fcr alle Radsportbegeisterten. Von Rennr\u00e4dern bis zu Mountainbikes - finden Sie heute Ihren perfekten Wegbegleiter!\",\"breadcrumb\":{\"@id\":\"https:\\\/\\\/cioelectro.com\\\/produkt\\\/bmc-teammachine-slr-four-rennrad-sram-grau-2023\\\/#breadcrumb\"},\"inLanguage\":\"en-US\",\"potentialAction\":[{\"@type\":\"ReadAction\",\"target\":[\"https:\\\/\\\/cioelectro.com\\\/produkt\\\/bmc-teammachine-slr-four-rennrad-sram-grau-2023\\\/\"]}]},{\"@type\":\"ImageObject\",\"inLanguage\":\"en-US\",\"@id\":\"https:\\\/\\\/cioelectro.com\\\/produkt\\\/bmc-teammachine-slr-four-rennrad-sram-grau-2023\\\/#primaryimage\",\"url\":\"https:\\\/\\\/cioelectro.com\\\/wp-content\\\/uploads\\\/2023\\\/06\\\/BMC-TEAMMACHINE-SLR-FOUR-RENNRAD-SRAM-RIVAL-ETAP-AXS-12S-700-MM-ANTHRAZIT-GRAU-2023.jpg\",\"contentUrl\":\"https:\\\/\\\/cioelectro.com\\\/wp-content\\\/uploads\\\/2023\\\/06\\\/BMC-TEAMMACHINE-SLR-FOUR-RENNRAD-SRAM-RIVAL-ETAP-AXS-12S-700-MM-ANTHRAZIT-GRAU-2023.jpg\",\"width\":600,\"height\":408,\"caption\":\"BMC TEAMMACHINE SLR FOUR RENNRAD SRAM RIVAL ETAP AXS 12S 700 MM ANTHRAZIT GRAU 2023\"},{\"@type\":\"BreadcrumbList\",\"@id\":\"https:\\\/\\\/cioelectro.com\\\/produkt\\\/bmc-teammachine-slr-four-rennrad-sram-grau-2023\\\/#breadcrumb\",\"itemListElement\":[{\"@type\":\"ListItem\",\"position\":1,\"name\":\"Startseite\",\"item\":\"https:\\\/\\\/cioelectro.com\\\/\"},{\"@type\":\"ListItem\",\"position\":2,\"name\":\"LADEN\",\"item\":\"https:\\\/\\\/cioelectro.com\\\/laden\\\/\"},{\"@type\":\"ListItem\",\"position\":3,\"name\":\"BMC TEAMMACHINE SLR FOUR RENNRAD SRAM GRAU 2023\"}]},{\"@type\":\"WebSite\",\"@id\":\"https:\\\/\\\/cioelectro.com\\\/#website\",\"url\":\"https:\\\/\\\/cioelectro.com\\\/\",\"name\":\"cioelectro.com\",\"description\":\"Treten Sie mit uns ins Abenteuer!\",\"publisher\":{\"@id\":\"https:\\\/\\\/cioelectro.com\\\/#organization\"},\"alternateName\":\"MEIN RADLADEN\",\"potentialAction\":[{\"@type\":\"SearchAction\",\"target\":{\"@type\":\"EntryPoint\",\"urlTemplate\":\"https:\\\/\\\/cioelectro.com\\\/?s={search_term_string}\"},\"query-input\":{\"@type\":\"PropertyValueSpecification\",\"valueRequired\":true,\"valueName\":\"search_term_string\"}}],\"inLanguage\":\"en-US\"},{\"@type\":\"Organization\",\"@id\":\"https:\\\/\\\/cioelectro.com\\\/#organization\",\"name\":\"CIOELECTRO\",\"alternateName\":\"MEIN RADLADEN\",\"url\":\"https:\\\/\\\/cioelectro.com\\\/\",\"logo\":{\"@type\":\"ImageObject\",\"inLanguage\":\"en-US\",\"@id\":\"https:\\\/\\\/cioelectro.com\\\/#\\\/schema\\\/logo\\\/image\\\/\",\"url\":\"https:\\\/\\\/cioelectro.com\\\/wp-content\\\/uploads\\\/2025\\\/12\\\/Logo-2-1200x800.png\",\"contentUrl\":\"https:\\\/\\\/cioelectro.com\\\/wp-content\\\/uploads\\\/2025\\\/12\\\/Logo-2-1200x800.png\",\"width\":1200,\"height\":800,\"caption\":\"CIOELECTRO\"},\"image\":{\"@id\":\"https:\\\/\\\/cioelectro.com\\\/#\\\/schema\\\/logo\\\/image\\\/\"}}]}<\/script>\n<!-- \/ Yoast SEO Premium plugin. -->","yoast_head_json":{"title":"BMC TEAMMACHINE SLR FOUR RENNRAD SRAM GRAU 2023","description":"Entdecken Sie unseren Online-Fahrradladen: Gro\u00dfe Auswahl an Modellen f\u00fcr alle Radsportbegeisterten. Von Rennr\u00e4dern bis zu Mountainbikes - finden Sie heute Ihren perfekten Wegbegleiter!","robots":{"index":"index","follow":"follow","max-snippet":"max-snippet:-1","max-image-preview":"max-image-preview:large","max-video-preview":"max-video-preview:-1"},"canonical":"https:\/\/cioelectro.com\/en\/produkt\/bmc-teammachine-slr-four-rennrad-sram-grau-2023\/","og_locale":"en_US","og_type":"article","og_title":"BMC TEAMMACHINE SLR FOUR RENNRAD SRAM GRAU 2023","og_description":"Entdecken Sie unseren Online-Fahrradladen: Gro\u00dfe Auswahl an Modellen f\u00fcr alle Radsportbegeisterten. Von Rennr\u00e4dern bis zu Mountainbikes - finden Sie heute Ihren perfekten Wegbegleiter!","og_url":"https:\/\/cioelectro.com\/en\/produkt\/bmc-teammachine-slr-four-rennrad-sram-grau-2023\/","og_site_name":"cioelectro.com","article_modified_time":"2023-08-10T15:08:33+00:00","og_image":[{"width":600,"height":408,"url":"https:\/\/cioelectro.com\/wp-content\/uploads\/2023\/06\/BMC-TEAMMACHINE-SLR-FOUR-RENNRAD-SRAM-RIVAL-ETAP-AXS-12S-700-MM-ANTHRAZIT-GRAU-2023.jpg","type":"image\/jpeg"}],"twitter_card":"summary_large_image","twitter_misc":{"Est. reading time":"4 minutes"},"schema":{"@context":"https:\/\/schema.org","@graph":[{"@type":"WebPage","@id":"https:\/\/cioelectro.com\/produkt\/bmc-teammachine-slr-four-rennrad-sram-grau-2023\/","url":"https:\/\/cioelectro.com\/produkt\/bmc-teammachine-slr-four-rennrad-sram-grau-2023\/","name":"BMC TEAMMACHINE SLR FOUR RENNRAD SRAM GRAU 2023","isPartOf":{"@id":"https:\/\/cioelectro.com\/#website"},"primaryImageOfPage":{"@id":"https:\/\/cioelectro.com\/produkt\/bmc-teammachine-slr-four-rennrad-sram-grau-2023\/#primaryimage"},"image":{"@id":"https:\/\/cioelectro.com\/produkt\/bmc-teammachine-slr-four-rennrad-sram-grau-2023\/#primaryimage"},"thumbnailUrl":"https:\/\/cioelectro.com\/wp-content\/uploads\/2023\/06\/BMC-TEAMMACHINE-SLR-FOUR-RENNRAD-SRAM-RIVAL-ETAP-AXS-12S-700-MM-ANTHRAZIT-GRAU-2023.jpg","datePublished":"2022-08-04T14:47:13+00:00","dateModified":"2023-08-10T15:08:33+00:00","description":"Entdecken Sie unseren Online-Fahrradladen: Gro\u00dfe Auswahl an Modellen f\u00fcr alle Radsportbegeisterten. Von Rennr\u00e4dern bis zu Mountainbikes - finden Sie heute Ihren perfekten Wegbegleiter!","breadcrumb":{"@id":"https:\/\/cioelectro.com\/produkt\/bmc-teammachine-slr-four-rennrad-sram-grau-2023\/#breadcrumb"},"inLanguage":"en-US","potentialAction":[{"@type":"ReadAction","target":["https:\/\/cioelectro.com\/produkt\/bmc-teammachine-slr-four-rennrad-sram-grau-2023\/"]}]},{"@type":"ImageObject","inLanguage":"en-US","@id":"https:\/\/cioelectro.com\/produkt\/bmc-teammachine-slr-four-rennrad-sram-grau-2023\/#primaryimage","url":"https:\/\/cioelectro.com\/wp-content\/uploads\/2023\/06\/BMC-TEAMMACHINE-SLR-FOUR-RENNRAD-SRAM-RIVAL-ETAP-AXS-12S-700-MM-ANTHRAZIT-GRAU-2023.jpg","contentUrl":"https:\/\/cioelectro.com\/wp-content\/uploads\/2023\/06\/BMC-TEAMMACHINE-SLR-FOUR-RENNRAD-SRAM-RIVAL-ETAP-AXS-12S-700-MM-ANTHRAZIT-GRAU-2023.jpg","width":600,"height":408,"caption":"BMC TEAMMACHINE SLR FOUR RENNRAD SRAM RIVAL ETAP AXS 12S 700 MM ANTHRAZIT GRAU 2023"},{"@type":"BreadcrumbList","@id":"https:\/\/cioelectro.com\/produkt\/bmc-teammachine-slr-four-rennrad-sram-grau-2023\/#breadcrumb","itemListElement":[{"@type":"ListItem","position":1,"name":"Startseite","item":"https:\/\/cioelectro.com\/"},{"@type":"ListItem","position":2,"name":"LADEN","item":"https:\/\/cioelectro.com\/laden\/"},{"@type":"ListItem","position":3,"name":"BMC TEAMMACHINE SLR FOUR RENNRAD SRAM GRAU 2023"}]},{"@type":"WebSite","@id":"https:\/\/cioelectro.com\/#website","url":"https:\/\/cioelectro.com\/","name":"cioelectro.com","description":"Treten Sie mit uns ins Abenteuer!","publisher":{"@id":"https:\/\/cioelectro.com\/#organization"},"alternateName":"MEIN RADLADEN","potentialAction":[{"@type":"SearchAction","target":{"@type":"EntryPoint","urlTemplate":"https:\/\/cioelectro.com\/?s={search_term_string}"},"query-input":{"@type":"PropertyValueSpecification","valueRequired":true,"valueName":"search_term_string"}}],"inLanguage":"en-US"},{"@type":"Organization","@id":"https:\/\/cioelectro.com\/#organization","name":"CIOELECTRO","alternateName":"MEIN RADLADEN","url":"https:\/\/cioelectro.com\/","logo":{"@type":"ImageObject","inLanguage":"en-US","@id":"https:\/\/cioelectro.com\/#\/schema\/logo\/image\/","url":"https:\/\/cioelectro.com\/wp-content\/uploads\/2025\/12\/Logo-2-1200x800.png","contentUrl":"https:\/\/cioelectro.com\/wp-content\/uploads\/2025\/12\/Logo-2-1200x800.png","width":1200,"height":800,"caption":"CIOELECTRO"},"image":{"@id":"https:\/\/cioelectro.com\/#\/schema\/logo\/image\/"}}]}},"_links":{"self":[{"href":"https:\/\/cioelectro.com\/en\/wp-json\/wp\/v2\/product\/12433","targetHints":{"allow":["GET"]}}],"collection":[{"href":"https:\/\/cioelectro.com\/en\/wp-json\/wp\/v2\/product"}],"about":[{"href":"https:\/\/cioelectro.com\/en\/wp-json\/wp\/v2\/types\/product"}],"replies":[{"embeddable":true,"href":"https:\/\/cioelectro.com\/en\/wp-json\/wp\/v2\/comments?post=12433"}],"version-history":[{"count":0,"href":"https:\/\/cioelectro.com\/en\/wp-json\/wp\/v2\/product\/12433\/revisions"}],"wp:featuredmedia":[{"embeddable":true,"href":"https:\/\/cioelectro.com\/en\/wp-json\/wp\/v2\/media\/60775"}],"wp:attachment":[{"href":"https:\/\/cioelectro.com\/en\/wp-json\/wp\/v2\/media?parent=12433"}],"wp:term":[{"taxonomy":"product_brand","embeddable":true,"href":"https:\/\/cioelectro.com\/en\/wp-json\/wp\/v2\/product_brand?post=12433"},{"taxonomy":"product_cat","embeddable":true,"href":"https:\/\/cioelectro.com\/en\/wp-json\/wp\/v2\/product_cat?post=12433"},{"taxonomy":"product_tag","embeddable":true,"href":"https:\/\/cioelectro.com\/en\/wp-json\/wp\/v2\/product_tag?post=12433"}],"curies":[{"name":"wp","href":"https:\/\/api.w.org\/{rel}","templated":true}]}}