{"id":12473,"date":"2022-08-04T17:53:44","date_gmt":"2022-08-04T15:53:44","guid":{"rendered":"https:\/\/meinradladen.com\/?post_type=product&#038;p=12473"},"modified":"2023-08-10T18:32:57","modified_gmt":"2023-08-10T16:32:57","slug":"strassenrad-bh-rs1-4-5-shimano-ultegra-di2-12v-700-mm-blau-202","status":"publish","type":"product","link":"https:\/\/cioelectro.com\/en\/produkt\/strassenrad-bh-rs1-4-5-shimano-ultegra-di2-12v-700-mm-blau-202\/","title":{"rendered":"STRASSENRAD BH RS1 4.5 SHIMANO ULTEGRA DI2 12V 700 MM BLAU 2022"},"content":{"rendered":"<div id=\"product-header-order-name\" class=\"col-lg-20 col-md-20 col-sm-20 col-xs-20\">\n<h2 class=\"heading-title-text\">STRASSENRAD BH RS1 4.5 SHIMANO ULTEGRA DI2 12V 700 MM BLAU 202<\/h2>\n<\/div>\n<div id=\"product-header-order-form\" class=\"js-reload-on-event col-lg-20 col-md-20 col-sm-20 col-xs-20\" data-to-watch=\"body\" data-event=\"alltricks:cartChanged\" data-url=\"\/ajax\/product\/ajouter\/F-41505-velos-route-_-cyclocross-_-triathlon\/P-2063587-strasenrad_bh_rs1_4_5_shimano_ultegra_di2_12v_700_mm_blau_2022\">\n<div class=\"col col-sm-12 col-md-12 col-lg-12\">\n<p>Das\u00a0<strong>BH RS1 4.5\u00a0<\/strong>Rennrad ist das ideale Fahrrad, wenn Sie bei jedem Tritt in die Pedale gegen den Wind ank\u00e4mpfen. Sie brauchen nicht mehr zu k\u00e4mpfen, sondern k\u00f6nnen es nur noch genie\u00dfen. Wir Radfahrer sind die Einzigen, die das Gef\u00fchl von Leistung, Kraft und Effizienz kennen, das man erleben kann, wenn K\u00f6rper und Material eins werden. Die Sucht nach Geschwindigkeit.<\/p>\n<p>Dank der Verwendung des ACR-Systems ist keines der Kabel des\u00a0<strong>BH RS1<\/strong>\u00a0sichtbar, w\u00e4hrend es gleichzeitig einen einfachen Zugang f\u00fcr die Wartung bietet. Das zweite Schl\u00fcsselelement ist ein Sattelklemmsystem, das vollst\u00e4ndig in das Oberrohr des Rahmens integriert ist.<\/p>\n<p>Wie alle BH Carbonrahmen nutzt auch das Modell\u00a0<strong>RS1<\/strong>\u00a0die HCIM-Technologie zur Herstellung durch Hohlkern-Innenformen, um einen Rahmen zu erhalten, der den Zielen von geringem Gewicht und hoher Steifigkeit gerecht wird<\/p>\n<\/div>\n<div class=\"prodsheet_bullets col col-sm-8 col-md-8 col-lg-8\">\n<h4>DIE + PRODUKTE:<\/h4>\n<ul>\n<li>Rahmen und Gabel aus Carbon.<\/li>\n<li>Shimano Ultegra Di2 2&#215;12-Gang Schaltung.<\/li>\n<li>Hydraulische Scheibenbremsen Shimano Ultegra.<\/li>\n<\/ul>\n<\/div>\n<div class=\"prodsheet_specs1 col col-sm-12 col-md-12 col-lg-12\">\n<h4>DETAILS:<\/h4>\n<table class=\"table table-striped\">\n<tbody>\n<tr>\n<td>Rahmen<\/td>\n<td>Carbon: RS1 Disc ACR Monocoque<\/td>\n<\/tr>\n<tr>\n<td>Gabel<\/td>\n<td>Carbon: RS1 Disc Full Integrated Tapeder, Full Carbon 1.5<\/td>\n<\/tr>\n<tr>\n<td>Schalthebel<\/td>\n<td>Shimano Ultegra DI2 Hydra 2&#215;12 G\u00e4nge<\/td>\n<\/tr>\n<tr>\n<td>Umwerfer Vorne<\/td>\n<td>Shimano Ultegra DI2<\/td>\n<\/tr>\n<tr>\n<td>Hinterer Umwerfer<\/td>\n<td>Shimano Ultegra DI2 12-Gang<\/td>\n<\/tr>\n<tr>\n<td>Kassette<\/td>\n<td>Shimano Ultegra 11\/34 Z\u00e4hne<\/td>\n<\/tr>\n<tr>\n<td>Kette<\/td>\n<td>Shimano Ultegra 12v<\/td>\n<\/tr>\n<tr>\n<td>Tretlager<\/td>\n<td>Shimano Ultegra 52\/36 Z\u00e4hne<\/td>\n<\/tr>\n<tr>\n<td>Bremsen<\/td>\n<td>Shimano Ultegra Hydraulic<\/td>\n<\/tr>\n<tr>\n<td>Laufr\u00e4der<\/td>\n<td>Vision Team35<\/td>\n<\/tr>\n<tr>\n<td>Reifen<\/td>\n<td>Hutchinson Nitro2 700x 28<\/td>\n<\/tr>\n<tr>\n<td>Lenker<\/td>\n<td>EVO Monocoque ACR<\/td>\n<\/tr>\n<tr>\n<td>Vorbau<\/td>\n<td>EVO Monocoque ACR<\/td>\n<\/tr>\n<tr>\n<td>Steuersatz<\/td>\n<td>FSA ACR<\/td>\n<\/tr>\n<tr>\n<td>Sattelklemme<\/td>\n<td>RS1 Integrated<\/td>\n<\/tr>\n<tr>\n<td>Sattel<\/td>\n<td>Prologo Nago RS<\/td>\n<\/tr>\n<tr>\n<td>Sattelst\u00fctze<\/td>\n<td>RS1 Aero<\/td>\n<\/tr>\n<tr>\n<td>Gewicht<\/td>\n<td>8,1Kg<\/td>\n<\/tr>\n<tr>\n<td>Farben<\/td>\n<td>Blau<\/td>\n<\/tr>\n<\/tbody>\n<\/table>\n<\/div>\n<div class=\"prodsheet_specs2 col col-sm-8 col-md-8 col-lg-8\">\n<h4>GEOMETRIEN:<\/h4>\n<p><img decoding=\"async\" src=\"http:\/\/media1.alltricks.fr\/ckfinder\/images\/cube_route_geo_fr.jpg\" \/><\/p>\n<table class=\"table table-striped\">\n<tbody>\n<tr>\n<td>Rahmengr\u00f6\u00dfe<\/td>\n<td>XS<\/td>\n<td>S<\/td>\n<td>M<\/td>\n<td>L<\/td>\n<td>XL<\/td>\n<\/tr>\n<tr>\n<td>Sattelrohr (mm)<\/td>\n<td>460<\/td>\n<td>480<\/td>\n<td>500<\/td>\n<td>520<\/td>\n<td>540<\/td>\n<\/tr>\n<tr>\n<td>Oberes Rohr (mm)<\/td>\n<td>516<\/td>\n<td>531<\/td>\n<td>545<\/td>\n<td>561<\/td>\n<td>576<\/td>\n<\/tr>\n<tr>\n<td>L\u00e4nge der Basis (mm)<\/td>\n<td>412<\/td>\n<td>412<\/td>\n<td>415<\/td>\n<td>415<\/td>\n<td>418<\/td>\n<\/tr>\n<tr>\n<td>Lenkh\u00fclse (mm)<\/td>\n<td>120<\/td>\n<td>135<\/td>\n<td>150<\/td>\n<td>175<\/td>\n<td>190<\/td>\n<\/tr>\n<tr>\n<td>Lenkwinkel (\u00b0)<\/td>\n<td>71<\/td>\n<td>72<\/td>\n<td>72.5<\/td>\n<td>73<\/td>\n<td>73.5<\/td>\n<\/tr>\n<tr>\n<td>Winkel Sattelrohr (\u00b0)<\/td>\n<td>74.5<\/td>\n<td>74<\/td>\n<td>73.5<\/td>\n<td>73.5<\/td>\n<td>73<\/td>\n<\/tr>\n<tr>\n<td>Stack (mm)<\/td>\n<td>526<\/td>\n<td>544<\/td>\n<td>557<\/td>\n<td>583<\/td>\n<td>597<\/td>\n<\/tr>\n<tr>\n<td>Reichweite (mm)<\/td>\n<td>370<\/td>\n<td>375<\/td>\n<td>380<\/td>\n<td>388<\/td>\n<td>393<\/td>\n<\/tr>\n<\/tbody>\n<\/table>\n<\/div>\n<\/div>","protected":false},"excerpt":{"rendered":"<div class=\"col-lg-14 col-md-14 col-sm-14 col-xs-20\"><\/div>\n<div id=\"product-specifications-table\" class=\"col-lg-20 col-md-20 col-sm-20 col-xs-20\">\n<table class=\"table table-striped\">\n<tbody>\n<tr>\n<td class=\"spec-name\">Geschlecht<\/td>\n<td class=\"spec-value\">Herren<\/td>\n<\/tr>\n<tr>\n<td class=\"spec-name\">Gruppe<\/td>\n<td class=\"spec-value\">Shimano Ultegra Di2 12S<\/td>\n<\/tr>\n<tr>\n<td class=\"spec-name\">collection<\/td>\n<td class=\"spec-value\">2022<\/td>\n<\/tr>\n<\/tbody>\n<\/table>\n<\/div>","protected":false},"featured_media":60781,"comment_status":"open","ping_status":"closed","template":"","meta":{"_rtcl_gb_attr":""},"product_brand":[],"product_cat":[129],"product_tag":[],"class_list":{"0":"post-12473","1":"product","2":"type-product","3":"status-publish","4":"has-post-thumbnail","6":"product_cat-rennrad","7":"pa_marke-bh","9":"first","10":"instock","11":"sale","12":"taxable","13":"shipping-taxable","14":"purchasable","15":"product-type-variable"},"yoast_head":"<!-- This site is optimized with the Yoast SEO Premium plugin v20.12 (Yoast SEO v27.4) - https:\/\/yoast.com\/product\/yoast-seo-premium-wordpress\/ -->\n<title>STRASSENRAD BH RS1 4.5 SHIMANO ULTEGRA DI2 12V 2022<\/title>\n<meta name=\"description\" content=\"Entdecken Sie unseren Online-Fahrradladen: Gro\u00dfe Auswahl an Modellen f\u00fcr alle Radsportbegeisterten. Von Rennr\u00e4dern bis zu Mountainbikes - finden Sie heute Ihren perfekten Wegbegleiter!\" \/>\n<meta name=\"robots\" content=\"index, follow, max-snippet:-1, max-image-preview:large, max-video-preview:-1\" \/>\n<link rel=\"canonical\" href=\"https:\/\/cioelectro.com\/en\/produkt\/strassenrad-bh-rs1-4-5-shimano-ultegra-di2-12v-700-mm-blau-202\/\" \/>\n<meta property=\"og:locale\" content=\"en_US\" \/>\n<meta property=\"og:type\" content=\"article\" \/>\n<meta property=\"og:title\" content=\"STRASSENRAD BH RS1 4.5 SHIMANO ULTEGRA DI2 12V 700 MM BLAU 2022\" \/>\n<meta property=\"og:description\" content=\"Entdecken Sie unseren Online-Fahrradladen: Gro\u00dfe Auswahl an Modellen f\u00fcr alle Radsportbegeisterten. Von Rennr\u00e4dern bis zu Mountainbikes - finden Sie heute Ihren perfekten Wegbegleiter!\" \/>\n<meta property=\"og:url\" content=\"https:\/\/cioelectro.com\/en\/produkt\/strassenrad-bh-rs1-4-5-shimano-ultegra-di2-12v-700-mm-blau-202\/\" \/>\n<meta property=\"og:site_name\" content=\"cioelectro.com\" \/>\n<meta property=\"article:modified_time\" content=\"2023-08-10T16:32:57+00:00\" \/>\n<meta property=\"og:image\" content=\"https:\/\/cioelectro.com\/wp-content\/uploads\/2023\/06\/STRASSENRAD-BH-RS1-4.5-SHIMANO-ULTEGRA-DI2-12V-700-MM-BLAU-2022.jpg\" \/>\n\t<meta property=\"og:image:width\" content=\"600\" \/>\n\t<meta property=\"og:image:height\" content=\"408\" \/>\n\t<meta property=\"og:image:type\" content=\"image\/jpeg\" \/>\n<meta name=\"twitter:card\" content=\"summary_large_image\" \/>\n<meta name=\"twitter:label1\" content=\"Est. reading time\" \/>\n\t<meta name=\"twitter:data1\" content=\"2 minutes\" \/>\n<script type=\"application\/ld+json\" class=\"yoast-schema-graph\">{\"@context\":\"https:\\\/\\\/schema.org\",\"@graph\":[{\"@type\":\"WebPage\",\"@id\":\"https:\\\/\\\/cioelectro.com\\\/produkt\\\/strassenrad-bh-rs1-4-5-shimano-ultegra-di2-12v-700-mm-blau-202\\\/\",\"url\":\"https:\\\/\\\/cioelectro.com\\\/produkt\\\/strassenrad-bh-rs1-4-5-shimano-ultegra-di2-12v-700-mm-blau-202\\\/\",\"name\":\"STRASSENRAD BH RS1 4.5 SHIMANO ULTEGRA DI2 12V 2022\",\"isPartOf\":{\"@id\":\"https:\\\/\\\/cioelectro.com\\\/#website\"},\"primaryImageOfPage\":{\"@id\":\"https:\\\/\\\/cioelectro.com\\\/produkt\\\/strassenrad-bh-rs1-4-5-shimano-ultegra-di2-12v-700-mm-blau-202\\\/#primaryimage\"},\"image\":{\"@id\":\"https:\\\/\\\/cioelectro.com\\\/produkt\\\/strassenrad-bh-rs1-4-5-shimano-ultegra-di2-12v-700-mm-blau-202\\\/#primaryimage\"},\"thumbnailUrl\":\"https:\\\/\\\/cioelectro.com\\\/wp-content\\\/uploads\\\/2023\\\/06\\\/STRASSENRAD-BH-RS1-4.5-SHIMANO-ULTEGRA-DI2-12V-700-MM-BLAU-2022.jpg\",\"datePublished\":\"2022-08-04T15:53:44+00:00\",\"dateModified\":\"2023-08-10T16:32:57+00:00\",\"description\":\"Entdecken Sie unseren Online-Fahrradladen: Gro\u00dfe Auswahl an Modellen f\u00fcr alle Radsportbegeisterten. Von Rennr\u00e4dern bis zu Mountainbikes - finden Sie heute Ihren perfekten Wegbegleiter!\",\"breadcrumb\":{\"@id\":\"https:\\\/\\\/cioelectro.com\\\/produkt\\\/strassenrad-bh-rs1-4-5-shimano-ultegra-di2-12v-700-mm-blau-202\\\/#breadcrumb\"},\"inLanguage\":\"en-US\",\"potentialAction\":[{\"@type\":\"ReadAction\",\"target\":[\"https:\\\/\\\/cioelectro.com\\\/produkt\\\/strassenrad-bh-rs1-4-5-shimano-ultegra-di2-12v-700-mm-blau-202\\\/\"]}]},{\"@type\":\"ImageObject\",\"inLanguage\":\"en-US\",\"@id\":\"https:\\\/\\\/cioelectro.com\\\/produkt\\\/strassenrad-bh-rs1-4-5-shimano-ultegra-di2-12v-700-mm-blau-202\\\/#primaryimage\",\"url\":\"https:\\\/\\\/cioelectro.com\\\/wp-content\\\/uploads\\\/2023\\\/06\\\/STRASSENRAD-BH-RS1-4.5-SHIMANO-ULTEGRA-DI2-12V-700-MM-BLAU-2022.jpg\",\"contentUrl\":\"https:\\\/\\\/cioelectro.com\\\/wp-content\\\/uploads\\\/2023\\\/06\\\/STRASSENRAD-BH-RS1-4.5-SHIMANO-ULTEGRA-DI2-12V-700-MM-BLAU-2022.jpg\",\"width\":600,\"height\":408,\"caption\":\"STRASSENRAD BH RS1 4.5 SHIMANO ULTEGRA DI2 12V 700 MM BLAU 2022\"},{\"@type\":\"BreadcrumbList\",\"@id\":\"https:\\\/\\\/cioelectro.com\\\/produkt\\\/strassenrad-bh-rs1-4-5-shimano-ultegra-di2-12v-700-mm-blau-202\\\/#breadcrumb\",\"itemListElement\":[{\"@type\":\"ListItem\",\"position\":1,\"name\":\"Startseite\",\"item\":\"https:\\\/\\\/cioelectro.com\\\/\"},{\"@type\":\"ListItem\",\"position\":2,\"name\":\"LADEN\",\"item\":\"https:\\\/\\\/cioelectro.com\\\/laden\\\/\"},{\"@type\":\"ListItem\",\"position\":3,\"name\":\"STRASSENRAD BH RS1 4.5 SHIMANO ULTEGRA DI2 12V 700 MM BLAU 2022\"}]},{\"@type\":\"WebSite\",\"@id\":\"https:\\\/\\\/cioelectro.com\\\/#website\",\"url\":\"https:\\\/\\\/cioelectro.com\\\/\",\"name\":\"cioelectro.com\",\"description\":\"Treten Sie mit uns ins Abenteuer!\",\"publisher\":{\"@id\":\"https:\\\/\\\/cioelectro.com\\\/#organization\"},\"alternateName\":\"MEIN RADLADEN\",\"potentialAction\":[{\"@type\":\"SearchAction\",\"target\":{\"@type\":\"EntryPoint\",\"urlTemplate\":\"https:\\\/\\\/cioelectro.com\\\/?s={search_term_string}\"},\"query-input\":{\"@type\":\"PropertyValueSpecification\",\"valueRequired\":true,\"valueName\":\"search_term_string\"}}],\"inLanguage\":\"en-US\"},{\"@type\":\"Organization\",\"@id\":\"https:\\\/\\\/cioelectro.com\\\/#organization\",\"name\":\"CIOELECTRO\",\"alternateName\":\"MEIN RADLADEN\",\"url\":\"https:\\\/\\\/cioelectro.com\\\/\",\"logo\":{\"@type\":\"ImageObject\",\"inLanguage\":\"en-US\",\"@id\":\"https:\\\/\\\/cioelectro.com\\\/#\\\/schema\\\/logo\\\/image\\\/\",\"url\":\"https:\\\/\\\/cioelectro.com\\\/wp-content\\\/uploads\\\/2025\\\/12\\\/Logo-2-1200x800.png\",\"contentUrl\":\"https:\\\/\\\/cioelectro.com\\\/wp-content\\\/uploads\\\/2025\\\/12\\\/Logo-2-1200x800.png\",\"width\":1200,\"height\":800,\"caption\":\"CIOELECTRO\"},\"image\":{\"@id\":\"https:\\\/\\\/cioelectro.com\\\/#\\\/schema\\\/logo\\\/image\\\/\"}}]}<\/script>\n<!-- \/ Yoast SEO Premium plugin. -->","yoast_head_json":{"title":"STRASSENRAD BH RS1 4.5 SHIMANO ULTEGRA DI2 12V 2022","description":"Entdecken Sie unseren Online-Fahrradladen: Gro\u00dfe Auswahl an Modellen f\u00fcr alle Radsportbegeisterten. Von Rennr\u00e4dern bis zu Mountainbikes - finden Sie heute Ihren perfekten Wegbegleiter!","robots":{"index":"index","follow":"follow","max-snippet":"max-snippet:-1","max-image-preview":"max-image-preview:large","max-video-preview":"max-video-preview:-1"},"canonical":"https:\/\/cioelectro.com\/en\/produkt\/strassenrad-bh-rs1-4-5-shimano-ultegra-di2-12v-700-mm-blau-202\/","og_locale":"en_US","og_type":"article","og_title":"STRASSENRAD BH RS1 4.5 SHIMANO ULTEGRA DI2 12V 700 MM BLAU 2022","og_description":"Entdecken Sie unseren Online-Fahrradladen: Gro\u00dfe Auswahl an Modellen f\u00fcr alle Radsportbegeisterten. Von Rennr\u00e4dern bis zu Mountainbikes - finden Sie heute Ihren perfekten Wegbegleiter!","og_url":"https:\/\/cioelectro.com\/en\/produkt\/strassenrad-bh-rs1-4-5-shimano-ultegra-di2-12v-700-mm-blau-202\/","og_site_name":"cioelectro.com","article_modified_time":"2023-08-10T16:32:57+00:00","og_image":[{"width":600,"height":408,"url":"https:\/\/cioelectro.com\/wp-content\/uploads\/2023\/06\/STRASSENRAD-BH-RS1-4.5-SHIMANO-ULTEGRA-DI2-12V-700-MM-BLAU-2022.jpg","type":"image\/jpeg"}],"twitter_card":"summary_large_image","twitter_misc":{"Est. reading time":"2 minutes"},"schema":{"@context":"https:\/\/schema.org","@graph":[{"@type":"WebPage","@id":"https:\/\/cioelectro.com\/produkt\/strassenrad-bh-rs1-4-5-shimano-ultegra-di2-12v-700-mm-blau-202\/","url":"https:\/\/cioelectro.com\/produkt\/strassenrad-bh-rs1-4-5-shimano-ultegra-di2-12v-700-mm-blau-202\/","name":"STRASSENRAD BH RS1 4.5 SHIMANO ULTEGRA DI2 12V 2022","isPartOf":{"@id":"https:\/\/cioelectro.com\/#website"},"primaryImageOfPage":{"@id":"https:\/\/cioelectro.com\/produkt\/strassenrad-bh-rs1-4-5-shimano-ultegra-di2-12v-700-mm-blau-202\/#primaryimage"},"image":{"@id":"https:\/\/cioelectro.com\/produkt\/strassenrad-bh-rs1-4-5-shimano-ultegra-di2-12v-700-mm-blau-202\/#primaryimage"},"thumbnailUrl":"https:\/\/cioelectro.com\/wp-content\/uploads\/2023\/06\/STRASSENRAD-BH-RS1-4.5-SHIMANO-ULTEGRA-DI2-12V-700-MM-BLAU-2022.jpg","datePublished":"2022-08-04T15:53:44+00:00","dateModified":"2023-08-10T16:32:57+00:00","description":"Entdecken Sie unseren Online-Fahrradladen: Gro\u00dfe Auswahl an Modellen f\u00fcr alle Radsportbegeisterten. Von Rennr\u00e4dern bis zu Mountainbikes - finden Sie heute Ihren perfekten Wegbegleiter!","breadcrumb":{"@id":"https:\/\/cioelectro.com\/produkt\/strassenrad-bh-rs1-4-5-shimano-ultegra-di2-12v-700-mm-blau-202\/#breadcrumb"},"inLanguage":"en-US","potentialAction":[{"@type":"ReadAction","target":["https:\/\/cioelectro.com\/produkt\/strassenrad-bh-rs1-4-5-shimano-ultegra-di2-12v-700-mm-blau-202\/"]}]},{"@type":"ImageObject","inLanguage":"en-US","@id":"https:\/\/cioelectro.com\/produkt\/strassenrad-bh-rs1-4-5-shimano-ultegra-di2-12v-700-mm-blau-202\/#primaryimage","url":"https:\/\/cioelectro.com\/wp-content\/uploads\/2023\/06\/STRASSENRAD-BH-RS1-4.5-SHIMANO-ULTEGRA-DI2-12V-700-MM-BLAU-2022.jpg","contentUrl":"https:\/\/cioelectro.com\/wp-content\/uploads\/2023\/06\/STRASSENRAD-BH-RS1-4.5-SHIMANO-ULTEGRA-DI2-12V-700-MM-BLAU-2022.jpg","width":600,"height":408,"caption":"STRASSENRAD BH RS1 4.5 SHIMANO ULTEGRA DI2 12V 700 MM BLAU 2022"},{"@type":"BreadcrumbList","@id":"https:\/\/cioelectro.com\/produkt\/strassenrad-bh-rs1-4-5-shimano-ultegra-di2-12v-700-mm-blau-202\/#breadcrumb","itemListElement":[{"@type":"ListItem","position":1,"name":"Startseite","item":"https:\/\/cioelectro.com\/"},{"@type":"ListItem","position":2,"name":"LADEN","item":"https:\/\/cioelectro.com\/laden\/"},{"@type":"ListItem","position":3,"name":"STRASSENRAD BH RS1 4.5 SHIMANO ULTEGRA DI2 12V 700 MM BLAU 2022"}]},{"@type":"WebSite","@id":"https:\/\/cioelectro.com\/#website","url":"https:\/\/cioelectro.com\/","name":"cioelectro.com","description":"Treten Sie mit uns ins Abenteuer!","publisher":{"@id":"https:\/\/cioelectro.com\/#organization"},"alternateName":"MEIN RADLADEN","potentialAction":[{"@type":"SearchAction","target":{"@type":"EntryPoint","urlTemplate":"https:\/\/cioelectro.com\/?s={search_term_string}"},"query-input":{"@type":"PropertyValueSpecification","valueRequired":true,"valueName":"search_term_string"}}],"inLanguage":"en-US"},{"@type":"Organization","@id":"https:\/\/cioelectro.com\/#organization","name":"CIOELECTRO","alternateName":"MEIN RADLADEN","url":"https:\/\/cioelectro.com\/","logo":{"@type":"ImageObject","inLanguage":"en-US","@id":"https:\/\/cioelectro.com\/#\/schema\/logo\/image\/","url":"https:\/\/cioelectro.com\/wp-content\/uploads\/2025\/12\/Logo-2-1200x800.png","contentUrl":"https:\/\/cioelectro.com\/wp-content\/uploads\/2025\/12\/Logo-2-1200x800.png","width":1200,"height":800,"caption":"CIOELECTRO"},"image":{"@id":"https:\/\/cioelectro.com\/#\/schema\/logo\/image\/"}}]}},"_links":{"self":[{"href":"https:\/\/cioelectro.com\/en\/wp-json\/wp\/v2\/product\/12473","targetHints":{"allow":["GET"]}}],"collection":[{"href":"https:\/\/cioelectro.com\/en\/wp-json\/wp\/v2\/product"}],"about":[{"href":"https:\/\/cioelectro.com\/en\/wp-json\/wp\/v2\/types\/product"}],"replies":[{"embeddable":true,"href":"https:\/\/cioelectro.com\/en\/wp-json\/wp\/v2\/comments?post=12473"}],"version-history":[{"count":0,"href":"https:\/\/cioelectro.com\/en\/wp-json\/wp\/v2\/product\/12473\/revisions"}],"wp:featuredmedia":[{"embeddable":true,"href":"https:\/\/cioelectro.com\/en\/wp-json\/wp\/v2\/media\/60781"}],"wp:attachment":[{"href":"https:\/\/cioelectro.com\/en\/wp-json\/wp\/v2\/media?parent=12473"}],"wp:term":[{"taxonomy":"product_brand","embeddable":true,"href":"https:\/\/cioelectro.com\/en\/wp-json\/wp\/v2\/product_brand?post=12473"},{"taxonomy":"product_cat","embeddable":true,"href":"https:\/\/cioelectro.com\/en\/wp-json\/wp\/v2\/product_cat?post=12473"},{"taxonomy":"product_tag","embeddable":true,"href":"https:\/\/cioelectro.com\/en\/wp-json\/wp\/v2\/product_tag?post=12473"}],"curies":[{"name":"wp","href":"https:\/\/api.w.org\/{rel}","templated":true}]}}