{"id":12540,"date":"2022-08-05T11:24:58","date_gmt":"2022-08-05T09:24:58","guid":{"rendered":"https:\/\/meinradladen.com\/?post_type=product&#038;p=12540"},"modified":"2023-08-10T18:27:34","modified_gmt":"2023-08-10T16:27:34","slug":"bh-core-gravelx-carbon-2-6-shimano-grx-weiss-202","status":"publish","type":"product","link":"https:\/\/cioelectro.com\/en\/produkt\/bh-core-gravelx-carbon-2-6-shimano-grx-weiss-202\/","title":{"rendered":"BH CORE GRAVELX CARBON 2.6 SHIMANO GRX WEISS 202"},"content":{"rendered":"<div id=\"product-header-order-name\" class=\"col-lg-20 col-md-20 col-sm-20 col-xs-20\">\n<h3 class=\"heading-title-text\">GRAVEL BIKE ELEKTRO BH CORE GRAVELX CARBON 2.6 SHIMANO GRX 11V 540 WH 700 MM WEISS 202<\/h3>\n<div class=\"col col-sm-12 col-md-12 col-lg-12\">\n<p>Das\u00a0<strong>Core GravelX Carbon 2.6<\/strong>\u00a0ist das ideale\u00a0<strong>Gravelbike<\/strong>, wenn Sie ein elektrisches Stra\u00dfenrad suchen, das die \u00c4sthetik und Geometrie eines klassischen Fahrrads und einen optimierten Q-Faktor von 163 mm bietet.<\/p>\n<p>Das Unterrohr der Core-Elektrofahrr\u00e4der beherbergt einen Akku mit einer Kapazit\u00e4t von 540 Wh und einer Reichweite von bis zu 165 km.<br \/>\nDer 2EXMAG-Motor bietet eine maximale optische Integration in den Rahmen und ist 10 % leichter als der 2ESMAG. Er hat einen niedrigen Schwerpunkt f\u00fcr optimale Stabilit\u00e4t und verf\u00fcgt \u00fcber seitliche K\u00fchlrippen, die die W\u00e4rmeableitung deutlich verbessern.<\/p>\n<\/div>\n<div class=\"prodsheet_bullets col col-sm-8 col-md-8 col-lg-8\">\n<h4>DIE PRODUKTVORTEILE :<\/h4>\n<ul>\n<li>Monocoque-Rahmen und -Gabel aus ACR-Carbon.<\/li>\n<li>Shimano GRX 2&#215;11-Gang Schaltung.<\/li>\n<li>Hydraulische Scheibenbremsen Shimano GRX 160\/160 mm.<\/li>\n<\/ul>\n<\/div>\n<div class=\"prodsheet_specs1 col col-sm-12 col-md-12 col-lg-12\">\n<h4>DETAILS :<\/h4>\n<table class=\"table table-striped\">\n<tbody>\n<tr>\n<td>Rahmen<\/td>\n<td>Carbon: Gravel Carbon28&#8243; Internal Cable Routing, ACR CarbonMonocoque<\/td>\n<\/tr>\n<tr>\n<td>Gabel<\/td>\n<td>Carbon: BH Gravel Carbon ACR<\/td>\n<\/tr>\n<tr>\n<td>Motor<\/td>\n<td>BH 2EXMAG<\/td>\n<\/tr>\n<tr>\n<td>Akku<\/td>\n<td>540 Wh (bis zu 165 km)<\/td>\n<\/tr>\n<tr>\n<td>Bildschirm<\/td>\n<td>BH Core Display<\/td>\n<\/tr>\n<tr>\n<td>Schalthebel<\/td>\n<td>Shimano GRX, 2&#215;11 G\u00e4nge<\/td>\n<\/tr>\n<tr>\n<td>Umwerfer Vorne<\/td>\n<td>Shimano GRX<\/td>\n<\/tr>\n<tr>\n<td>Hinterer Umwerfer<\/td>\n<td>Shimano GRX, 11-Gang<\/td>\n<\/tr>\n<tr>\n<td>Kassette<\/td>\n<td>Shimano SLX 11-42 Z\u00e4hne<\/td>\n<\/tr>\n<tr>\n<td>Kette<\/td>\n<td>Shimano HG70<\/td>\n<\/tr>\n<tr>\n<td>Tretlager<\/td>\n<td>FSA 46\/36 Z\u00e4hne<\/td>\n<\/tr>\n<tr>\n<td>Bremsen<\/td>\n<td>Shimano GRX 160\/160 mm<\/td>\n<\/tr>\n<tr>\n<td>Laufr\u00e4der<\/td>\n<td>Shimano RS370 TR<\/td>\n<\/tr>\n<tr>\n<td>Reifen<\/td>\n<td>Schwalbe G-One 35-622<\/td>\n<\/tr>\n<tr>\n<td>Lenker<\/td>\n<td>FSA K-Wing AGX Carbon<\/td>\n<\/tr>\n<tr>\n<td>Vorbau<\/td>\n<td>BH Lite Ahead<\/td>\n<\/tr>\n<tr>\n<td>Steuersatz<\/td>\n<td>FSA ACR<\/td>\n<\/tr>\n<tr>\n<td>Sattelklemme<\/td>\n<td>Integrated<\/td>\n<\/tr>\n<tr>\n<td>Sattel<\/td>\n<td>Prologo Dimension Agx<\/td>\n<\/tr>\n<tr>\n<td>Sattelst\u00fctze<\/td>\n<td>BH Aero<\/td>\n<\/tr>\n<tr>\n<td>Gewicht<\/td>\n<td>14,13Kg<\/td>\n<\/tr>\n<tr>\n<td>Farben<\/td>\n<td>Wei\u00df<\/td>\n<\/tr>\n<\/tbody>\n<\/table>\n<\/div>\n<div class=\"prodsheet_specs2 col col-sm-8 col-md-8 col-lg-8\">\n<h4>GEOMETRIEN:<\/h4>\n<p><img decoding=\"async\" src=\"http:\/\/media1.alltricks.fr\/ckfinder\/images\/cube_route_geo_fr.jpg\" \/><\/p>\n<table class=\"table table-striped\">\n<tbody>\n<tr>\n<td>Rahmengr\u00f6\u00dfe<\/td>\n<td>S<\/td>\n<td>M<\/td>\n<td>L<\/td>\n<\/tr>\n<tr>\n<td>Sattelrohr (mm)<\/td>\n<td>450<\/td>\n<td>470<\/td>\n<td>500<\/td>\n<\/tr>\n<tr>\n<td>Oberrohr (mm)<\/td>\n<td>538<\/td>\n<td>558<\/td>\n<td>578<\/td>\n<\/tr>\n<tr>\n<td>L\u00e4nge Basis (mm)<\/td>\n<td>420<\/td>\n<td>420<\/td>\n<td>420<\/td>\n<\/tr>\n<tr>\n<td>Lenkh\u00fclse (mm)<\/td>\n<td>145<\/td>\n<td>160<\/td>\n<td>170<\/td>\n<\/tr>\n<tr>\n<td>Lenkwinkel (\u00b0)<\/td>\n<td>70.8<\/td>\n<td>72.3<\/td>\n<td>72.8<\/td>\n<\/tr>\n<tr>\n<td>Winkel Sattelrohr (\u00b0)<\/td>\n<td>73.8<\/td>\n<td>72.8<\/td>\n<td>72.8<\/td>\n<\/tr>\n<tr>\n<td>Stack (mm)<\/td>\n<td>544<\/td>\n<td>562<\/td>\n<td>578<\/td>\n<\/tr>\n<tr>\n<td>Reach (mm)<\/td>\n<td>379<\/td>\n<td>389<\/td>\n<td>399<\/td>\n<\/tr>\n<\/tbody>\n<\/table>\n<h4>WELCHE GR\u00d6SSE BRAUCHEN SIE?<\/h4>\n<p>Die Wahl der richtigen Fahrradgr\u00f6\u00dfe h\u00e4ngt von der Art des Fahrrads, Ihrer K\u00f6rpergr\u00f6\u00dfe, Ihrem Fahrstil und Ihren Vorlieben ab. Ein richtig passendes Fahrrad ist komfortabler, effizienter und macht mehr Spa\u00df zu fahren<\/p>\n<p>Messen Sie sich genau<\/p>\n<p>Messen Sie zun\u00e4chst Ihre K\u00f6rpergr\u00f6\u00dfe und verwenden Sie die Gr\u00f6\u00dfentabelle, die in jeder Produktbeschreibung verf\u00fcgbar ist.<\/p>\n<p>Was tun, wenn Sie zwischen zwei Fahrradgr\u00f6\u00dfen liegen?<\/p>\n<p>Wenn Sie an der Grenze zwischen zwei verschiedenen Fahrradgr\u00f6\u00dfen stehen, machen Sie sich keine Sorgen, Sie werden wahrscheinlich mit beiden Gr\u00f6\u00dfen in Ordnung sein (anstatt zu denken, dass eine Gr\u00f6\u00dfe schrecklich sein wird und die andere passen wird). Tats\u00e4chlich sind Fahrr\u00e4der verstellbar: Die Sattelst\u00fctze kann nach oben und unten gleiten, der Sattel kann sich vor und zur\u00fcck bewegen und Sie k\u00f6nnen sogar Teile wie den Vorbau gegen andere Gr\u00f6\u00dfen austauschen, damit das Fahrrad besser passt.<\/p>\n<p>Herauszufinden, ob Sie einen gr\u00f6\u00dferen oder kleineren Rahmen w\u00e4hlen sollten oder nicht, ist manchmal so einfach wie Ihre pers\u00f6nlichen Vorlieben, aber es gibt ein paar einfache M\u00f6glichkeiten, um herauszufinden, welcher am besten geeignet ist:<br \/>\nWenn Sie flexibel sind, bevorzugen Sie m\u00f6glicherweise ein k\u00fcrzeres Steuerrohr, sodass die kleinere Gr\u00f6\u00dfe m\u00f6glicherweise besser f\u00fcr Sie geeignet ist. Sie k\u00f6nnen einen l\u00e4ngeren Vorbau verwenden, um die Reichweite angenehmer zu gestalten.<br \/>\nBei einem gr\u00f6\u00dferen Fahrrad ist die Reichweite zum Lenker l\u00e4nger. Das bedeutet, dass Sie sich mit einem gr\u00f6\u00dferen Rahmen wohler f\u00fchlen, wenn Sie proportional l\u00e4ngere Arme haben.<\/p>\n<\/div>\n<\/div>\n<div id=\"product-header-order-form\" class=\"js-reload-on-event col-lg-20 col-md-20 col-sm-20 col-xs-20\" data-to-watch=\"body\" data-event=\"alltricks:cartChanged\" data-url=\"\/ajax\/product\/ajouter\/F-41505-velos-route-_-cyclocross-_-triathlon\/P-2137971-gravel_bike_elektro_bh_core_gravelx_carbon_2_6_shimano_grx_11v_540_wh_700_mm_weis_2022\"><\/div>","protected":false},"excerpt":{"rendered":"<div class=\"col-lg-14 col-md-14 col-sm-14 col-xs-20\"><\/div>\n<div id=\"product-specifications-table\" class=\"col-lg-20 col-md-20 col-sm-20 col-xs-20\">\n<table class=\"table table-striped\">\n<tbody>\n<tr>\n<td class=\"spec-name\">Geschlecht<\/td>\n<td class=\"spec-value\">Herren<\/td>\n<\/tr>\n<tr>\n<td class=\"spec-name\">Gruppe<\/td>\n<td class=\"spec-value\">Shimano GRX 11V<\/td>\n<\/tr>\n<tr>\n<td class=\"spec-name\">collection<\/td>\n<td class=\"spec-value\">2022<\/td>\n<\/tr>\n<\/tbody>\n<\/table>\n<\/div>","protected":false},"featured_media":60785,"comment_status":"open","ping_status":"closed","template":"","meta":{"_rtcl_gb_attr":""},"product_brand":[],"product_cat":[129],"product_tag":[],"class_list":{"0":"post-12540","1":"product","2":"type-product","3":"status-publish","4":"has-post-thumbnail","6":"product_cat-rennrad","7":"pa_marke-bh","9":"first","10":"instock","11":"sale","12":"taxable","13":"shipping-taxable","14":"purchasable","15":"product-type-variable"},"yoast_head":"<!-- This site is optimized with the Yoast SEO Premium plugin v20.12 (Yoast SEO v27.4) - https:\/\/yoast.com\/product\/yoast-seo-premium-wordpress\/ -->\n<title>BH CORE GRAVELX CARBON 2.6 SHIMANO GRX WEISS 202<\/title>\n<meta name=\"description\" content=\"Entdecken Sie unseren Online-Fahrradladen: Gro\u00dfe Auswahl an Modellen f\u00fcr alle Radsportbegeisterten. Von Rennr\u00e4dern bis zu Mountainbikes - finden Sie heute Ihren perfekten Wegbegleiter!\" \/>\n<meta name=\"robots\" content=\"index, follow, max-snippet:-1, max-image-preview:large, max-video-preview:-1\" \/>\n<link rel=\"canonical\" href=\"https:\/\/cioelectro.com\/en\/produkt\/bh-core-gravelx-carbon-2-6-shimano-grx-weiss-202\/\" \/>\n<meta property=\"og:locale\" content=\"en_US\" \/>\n<meta property=\"og:type\" content=\"article\" \/>\n<meta property=\"og:title\" content=\"BH CORE GRAVELX CARBON 2.6 SHIMANO GRX WEISS 202\" \/>\n<meta property=\"og:description\" content=\"Entdecken Sie unseren Online-Fahrradladen: Gro\u00dfe Auswahl an Modellen f\u00fcr alle Radsportbegeisterten. Von Rennr\u00e4dern bis zu Mountainbikes - finden Sie heute Ihren perfekten Wegbegleiter!\" \/>\n<meta property=\"og:url\" content=\"https:\/\/cioelectro.com\/en\/produkt\/bh-core-gravelx-carbon-2-6-shimano-grx-weiss-202\/\" \/>\n<meta property=\"og:site_name\" content=\"cioelectro.com\" \/>\n<meta property=\"article:modified_time\" content=\"2023-08-10T16:27:34+00:00\" \/>\n<meta property=\"og:image\" content=\"https:\/\/cioelectro.com\/wp-content\/uploads\/2023\/06\/GRAVEL-BIKE-ELEKTRO-BH-CORE-GRAVELX-CARBON-2.6.jpg\" \/>\n\t<meta property=\"og:image:width\" content=\"600\" \/>\n\t<meta property=\"og:image:height\" content=\"408\" \/>\n\t<meta property=\"og:image:type\" content=\"image\/jpeg\" \/>\n<meta name=\"twitter:card\" content=\"summary_large_image\" \/>\n<meta name=\"twitter:label1\" content=\"Est. reading time\" \/>\n\t<meta name=\"twitter:data1\" content=\"3 minutes\" \/>\n<script type=\"application\/ld+json\" class=\"yoast-schema-graph\">{\"@context\":\"https:\\\/\\\/schema.org\",\"@graph\":[{\"@type\":\"WebPage\",\"@id\":\"https:\\\/\\\/cioelectro.com\\\/produkt\\\/bh-core-gravelx-carbon-2-6-shimano-grx-weiss-202\\\/\",\"url\":\"https:\\\/\\\/cioelectro.com\\\/produkt\\\/bh-core-gravelx-carbon-2-6-shimano-grx-weiss-202\\\/\",\"name\":\"BH CORE GRAVELX CARBON 2.6 SHIMANO GRX WEISS 202\",\"isPartOf\":{\"@id\":\"https:\\\/\\\/cioelectro.com\\\/#website\"},\"primaryImageOfPage\":{\"@id\":\"https:\\\/\\\/cioelectro.com\\\/produkt\\\/bh-core-gravelx-carbon-2-6-shimano-grx-weiss-202\\\/#primaryimage\"},\"image\":{\"@id\":\"https:\\\/\\\/cioelectro.com\\\/produkt\\\/bh-core-gravelx-carbon-2-6-shimano-grx-weiss-202\\\/#primaryimage\"},\"thumbnailUrl\":\"https:\\\/\\\/cioelectro.com\\\/wp-content\\\/uploads\\\/2023\\\/06\\\/GRAVEL-BIKE-ELEKTRO-BH-CORE-GRAVELX-CARBON-2.6.jpg\",\"datePublished\":\"2022-08-05T09:24:58+00:00\",\"dateModified\":\"2023-08-10T16:27:34+00:00\",\"description\":\"Entdecken Sie unseren Online-Fahrradladen: Gro\u00dfe Auswahl an Modellen f\u00fcr alle Radsportbegeisterten. Von Rennr\u00e4dern bis zu Mountainbikes - finden Sie heute Ihren perfekten Wegbegleiter!\",\"breadcrumb\":{\"@id\":\"https:\\\/\\\/cioelectro.com\\\/produkt\\\/bh-core-gravelx-carbon-2-6-shimano-grx-weiss-202\\\/#breadcrumb\"},\"inLanguage\":\"en-US\",\"potentialAction\":[{\"@type\":\"ReadAction\",\"target\":[\"https:\\\/\\\/cioelectro.com\\\/produkt\\\/bh-core-gravelx-carbon-2-6-shimano-grx-weiss-202\\\/\"]}]},{\"@type\":\"ImageObject\",\"inLanguage\":\"en-US\",\"@id\":\"https:\\\/\\\/cioelectro.com\\\/produkt\\\/bh-core-gravelx-carbon-2-6-shimano-grx-weiss-202\\\/#primaryimage\",\"url\":\"https:\\\/\\\/cioelectro.com\\\/wp-content\\\/uploads\\\/2023\\\/06\\\/GRAVEL-BIKE-ELEKTRO-BH-CORE-GRAVELX-CARBON-2.6.jpg\",\"contentUrl\":\"https:\\\/\\\/cioelectro.com\\\/wp-content\\\/uploads\\\/2023\\\/06\\\/GRAVEL-BIKE-ELEKTRO-BH-CORE-GRAVELX-CARBON-2.6.jpg\",\"width\":600,\"height\":408,\"caption\":\"GRAVEL BIKE ELEKTRO BH CORE GRAVELX CARBON 2.6\"},{\"@type\":\"BreadcrumbList\",\"@id\":\"https:\\\/\\\/cioelectro.com\\\/produkt\\\/bh-core-gravelx-carbon-2-6-shimano-grx-weiss-202\\\/#breadcrumb\",\"itemListElement\":[{\"@type\":\"ListItem\",\"position\":1,\"name\":\"Startseite\",\"item\":\"https:\\\/\\\/cioelectro.com\\\/\"},{\"@type\":\"ListItem\",\"position\":2,\"name\":\"LADEN\",\"item\":\"https:\\\/\\\/cioelectro.com\\\/laden\\\/\"},{\"@type\":\"ListItem\",\"position\":3,\"name\":\"BH CORE GRAVELX CARBON 2.6 SHIMANO GRX WEISS 202\"}]},{\"@type\":\"WebSite\",\"@id\":\"https:\\\/\\\/cioelectro.com\\\/#website\",\"url\":\"https:\\\/\\\/cioelectro.com\\\/\",\"name\":\"cioelectro.com\",\"description\":\"Treten Sie mit uns ins Abenteuer!\",\"publisher\":{\"@id\":\"https:\\\/\\\/cioelectro.com\\\/#organization\"},\"alternateName\":\"MEIN RADLADEN\",\"potentialAction\":[{\"@type\":\"SearchAction\",\"target\":{\"@type\":\"EntryPoint\",\"urlTemplate\":\"https:\\\/\\\/cioelectro.com\\\/?s={search_term_string}\"},\"query-input\":{\"@type\":\"PropertyValueSpecification\",\"valueRequired\":true,\"valueName\":\"search_term_string\"}}],\"inLanguage\":\"en-US\"},{\"@type\":\"Organization\",\"@id\":\"https:\\\/\\\/cioelectro.com\\\/#organization\",\"name\":\"CIOELECTRO\",\"alternateName\":\"MEIN RADLADEN\",\"url\":\"https:\\\/\\\/cioelectro.com\\\/\",\"logo\":{\"@type\":\"ImageObject\",\"inLanguage\":\"en-US\",\"@id\":\"https:\\\/\\\/cioelectro.com\\\/#\\\/schema\\\/logo\\\/image\\\/\",\"url\":\"https:\\\/\\\/cioelectro.com\\\/wp-content\\\/uploads\\\/2025\\\/12\\\/Logo-2-1200x800.png\",\"contentUrl\":\"https:\\\/\\\/cioelectro.com\\\/wp-content\\\/uploads\\\/2025\\\/12\\\/Logo-2-1200x800.png\",\"width\":1200,\"height\":800,\"caption\":\"CIOELECTRO\"},\"image\":{\"@id\":\"https:\\\/\\\/cioelectro.com\\\/#\\\/schema\\\/logo\\\/image\\\/\"}}]}<\/script>\n<!-- \/ Yoast SEO Premium plugin. -->","yoast_head_json":{"title":"BH CORE GRAVELX CARBON 2.6 SHIMANO GRX WEISS 202","description":"Entdecken Sie unseren Online-Fahrradladen: Gro\u00dfe Auswahl an Modellen f\u00fcr alle Radsportbegeisterten. Von Rennr\u00e4dern bis zu Mountainbikes - finden Sie heute Ihren perfekten Wegbegleiter!","robots":{"index":"index","follow":"follow","max-snippet":"max-snippet:-1","max-image-preview":"max-image-preview:large","max-video-preview":"max-video-preview:-1"},"canonical":"https:\/\/cioelectro.com\/en\/produkt\/bh-core-gravelx-carbon-2-6-shimano-grx-weiss-202\/","og_locale":"en_US","og_type":"article","og_title":"BH CORE GRAVELX CARBON 2.6 SHIMANO GRX WEISS 202","og_description":"Entdecken Sie unseren Online-Fahrradladen: Gro\u00dfe Auswahl an Modellen f\u00fcr alle Radsportbegeisterten. Von Rennr\u00e4dern bis zu Mountainbikes - finden Sie heute Ihren perfekten Wegbegleiter!","og_url":"https:\/\/cioelectro.com\/en\/produkt\/bh-core-gravelx-carbon-2-6-shimano-grx-weiss-202\/","og_site_name":"cioelectro.com","article_modified_time":"2023-08-10T16:27:34+00:00","og_image":[{"width":600,"height":408,"url":"https:\/\/cioelectro.com\/wp-content\/uploads\/2023\/06\/GRAVEL-BIKE-ELEKTRO-BH-CORE-GRAVELX-CARBON-2.6.jpg","type":"image\/jpeg"}],"twitter_card":"summary_large_image","twitter_misc":{"Est. reading time":"3 minutes"},"schema":{"@context":"https:\/\/schema.org","@graph":[{"@type":"WebPage","@id":"https:\/\/cioelectro.com\/produkt\/bh-core-gravelx-carbon-2-6-shimano-grx-weiss-202\/","url":"https:\/\/cioelectro.com\/produkt\/bh-core-gravelx-carbon-2-6-shimano-grx-weiss-202\/","name":"BH CORE GRAVELX CARBON 2.6 SHIMANO GRX WEISS 202","isPartOf":{"@id":"https:\/\/cioelectro.com\/#website"},"primaryImageOfPage":{"@id":"https:\/\/cioelectro.com\/produkt\/bh-core-gravelx-carbon-2-6-shimano-grx-weiss-202\/#primaryimage"},"image":{"@id":"https:\/\/cioelectro.com\/produkt\/bh-core-gravelx-carbon-2-6-shimano-grx-weiss-202\/#primaryimage"},"thumbnailUrl":"https:\/\/cioelectro.com\/wp-content\/uploads\/2023\/06\/GRAVEL-BIKE-ELEKTRO-BH-CORE-GRAVELX-CARBON-2.6.jpg","datePublished":"2022-08-05T09:24:58+00:00","dateModified":"2023-08-10T16:27:34+00:00","description":"Entdecken Sie unseren Online-Fahrradladen: Gro\u00dfe Auswahl an Modellen f\u00fcr alle Radsportbegeisterten. Von Rennr\u00e4dern bis zu Mountainbikes - finden Sie heute Ihren perfekten Wegbegleiter!","breadcrumb":{"@id":"https:\/\/cioelectro.com\/produkt\/bh-core-gravelx-carbon-2-6-shimano-grx-weiss-202\/#breadcrumb"},"inLanguage":"en-US","potentialAction":[{"@type":"ReadAction","target":["https:\/\/cioelectro.com\/produkt\/bh-core-gravelx-carbon-2-6-shimano-grx-weiss-202\/"]}]},{"@type":"ImageObject","inLanguage":"en-US","@id":"https:\/\/cioelectro.com\/produkt\/bh-core-gravelx-carbon-2-6-shimano-grx-weiss-202\/#primaryimage","url":"https:\/\/cioelectro.com\/wp-content\/uploads\/2023\/06\/GRAVEL-BIKE-ELEKTRO-BH-CORE-GRAVELX-CARBON-2.6.jpg","contentUrl":"https:\/\/cioelectro.com\/wp-content\/uploads\/2023\/06\/GRAVEL-BIKE-ELEKTRO-BH-CORE-GRAVELX-CARBON-2.6.jpg","width":600,"height":408,"caption":"GRAVEL BIKE ELEKTRO BH CORE GRAVELX CARBON 2.6"},{"@type":"BreadcrumbList","@id":"https:\/\/cioelectro.com\/produkt\/bh-core-gravelx-carbon-2-6-shimano-grx-weiss-202\/#breadcrumb","itemListElement":[{"@type":"ListItem","position":1,"name":"Startseite","item":"https:\/\/cioelectro.com\/"},{"@type":"ListItem","position":2,"name":"LADEN","item":"https:\/\/cioelectro.com\/laden\/"},{"@type":"ListItem","position":3,"name":"BH CORE GRAVELX CARBON 2.6 SHIMANO GRX WEISS 202"}]},{"@type":"WebSite","@id":"https:\/\/cioelectro.com\/#website","url":"https:\/\/cioelectro.com\/","name":"cioelectro.com","description":"Treten Sie mit uns ins Abenteuer!","publisher":{"@id":"https:\/\/cioelectro.com\/#organization"},"alternateName":"MEIN RADLADEN","potentialAction":[{"@type":"SearchAction","target":{"@type":"EntryPoint","urlTemplate":"https:\/\/cioelectro.com\/?s={search_term_string}"},"query-input":{"@type":"PropertyValueSpecification","valueRequired":true,"valueName":"search_term_string"}}],"inLanguage":"en-US"},{"@type":"Organization","@id":"https:\/\/cioelectro.com\/#organization","name":"CIOELECTRO","alternateName":"MEIN RADLADEN","url":"https:\/\/cioelectro.com\/","logo":{"@type":"ImageObject","inLanguage":"en-US","@id":"https:\/\/cioelectro.com\/#\/schema\/logo\/image\/","url":"https:\/\/cioelectro.com\/wp-content\/uploads\/2025\/12\/Logo-2-1200x800.png","contentUrl":"https:\/\/cioelectro.com\/wp-content\/uploads\/2025\/12\/Logo-2-1200x800.png","width":1200,"height":800,"caption":"CIOELECTRO"},"image":{"@id":"https:\/\/cioelectro.com\/#\/schema\/logo\/image\/"}}]}},"_links":{"self":[{"href":"https:\/\/cioelectro.com\/en\/wp-json\/wp\/v2\/product\/12540","targetHints":{"allow":["GET"]}}],"collection":[{"href":"https:\/\/cioelectro.com\/en\/wp-json\/wp\/v2\/product"}],"about":[{"href":"https:\/\/cioelectro.com\/en\/wp-json\/wp\/v2\/types\/product"}],"replies":[{"embeddable":true,"href":"https:\/\/cioelectro.com\/en\/wp-json\/wp\/v2\/comments?post=12540"}],"version-history":[{"count":0,"href":"https:\/\/cioelectro.com\/en\/wp-json\/wp\/v2\/product\/12540\/revisions"}],"wp:featuredmedia":[{"embeddable":true,"href":"https:\/\/cioelectro.com\/en\/wp-json\/wp\/v2\/media\/60785"}],"wp:attachment":[{"href":"https:\/\/cioelectro.com\/en\/wp-json\/wp\/v2\/media?parent=12540"}],"wp:term":[{"taxonomy":"product_brand","embeddable":true,"href":"https:\/\/cioelectro.com\/en\/wp-json\/wp\/v2\/product_brand?post=12540"},{"taxonomy":"product_cat","embeddable":true,"href":"https:\/\/cioelectro.com\/en\/wp-json\/wp\/v2\/product_cat?post=12540"},{"taxonomy":"product_tag","embeddable":true,"href":"https:\/\/cioelectro.com\/en\/wp-json\/wp\/v2\/product_tag?post=12540"}],"curies":[{"name":"wp","href":"https:\/\/api.w.org\/{rel}","templated":true}]}}