{"id":12652,"date":"2022-08-05T16:37:01","date_gmt":"2022-08-05T14:37:01","guid":{"rendered":"https:\/\/meinradladen.com\/?post_type=product&#038;p=12652"},"modified":"2025-06-12T21:59:08","modified_gmt":"2025-06-12T19:59:08","slug":"fuji-touring-disc-ltd-reiserad-shimano-sora-9s-700-mm-anthrazit-2021","status":"publish","type":"product","link":"https:\/\/cioelectro.com\/en\/produkt\/fuji-touring-disc-ltd-reiserad-shimano-sora-9s-700-mm-anthrazit-2021\/","title":{"rendered":"FUJI TOURING DISC LTD REISERAD SHIMANO SORA 9S 700 MM ANTHRAZIT 2021"},"content":{"rendered":"<div id=\"product-header-order-name\" class=\"col-lg-20 col-md-20 col-sm-20 col-xs-20\">\n<h2 class=\"heading-title-text\">FUJI TOURING DISC LTD REISERAD SHIMANO SORA 9S 700 MM ANTHRAZIT 2021<\/h2>\n<\/div>\n<div id=\"product-header-order-form\" class=\"js-reload-on-event col-lg-20 col-md-20 col-sm-20 col-xs-20\" data-to-watch=\"body\" data-event=\"alltricks:cartChanged\" data-url=\"\/ajax\/product\/ajouter\/F-187976-velo-ville_voyage_vtc\/P-1669260-fuji_touring_disc_ltd_reiserad_shimano_sora_9s_700_mm_anthrazit_2021\">\n<div class=\"col col-sm-12 col-md-12 col-lg-12\">\n<p>Das\u00a0<strong>Fuji Touring Disc LTD<\/strong>\u00a0ist das perfekte Fahrrad, um mehrere lange Tage im Sattel zu verbringen und schwere Lasten an Ihr Ziel zu tragen. Das\u00a0<strong>Touring Disc LTD<\/strong>\u00a0ist Fujis klassisches Tourenrad aus Stahl. Wenn Sie nach einem zuverl\u00e4ssigen und komfortablen Fahrrad suchen, das Sie \u00fcberall hin mitnehmen kann, ist das Touring das richtige Fahrrad f\u00fcr Sie.<\/p>\n<\/div>\n<div class=\"prodsheet_bullets col col-sm-8 col-md-8 col-lg-8\">\n<h4>DAS + PRODUKT:<\/h4>\n<ul>\n<li>Stahlrahmen und Gabel.<\/li>\n<li>Shimano Sora 3&#215;9-Gang-Antrieb.<\/li>\n<li>Mechanische Scheibenbremsen TRP Spyre C, 160\/160 mm.<\/li>\n<li>Kotfl\u00fcgel und Gep\u00e4cktr\u00e4ger<\/li>\n<\/ul>\n<\/div>\n<div class=\"prodsheet_specs1 col col-sm-12 col-md-12 col-lg-12\">\n<h4>EINZELHEITEN:<\/h4>\n<table class=\"table table-striped\">\n<tbody>\n<tr>\n<td>Rahmen<\/td>\n<td>Stahl: Reynolds 520 Chromoly, Rack &amp; Fender-Halterungen, Pump Peg &amp; Chain Hanger<\/td>\n<\/tr>\n<tr>\n<td>Gabel<\/td>\n<td>Stahl: Chromoly mit 1 1\/8 &#8220;Gabelschaft, flach montierter Scheibe, Low-Rider-Wasserflasche und Rack-Halterungen<\/td>\n<\/tr>\n<tr>\n<td>Schalthebel<\/td>\n<td>Shimano Sora 3&#215;9-Gang.<\/td>\n<\/tr>\n<tr>\n<td>Umwerfer<\/td>\n<td>Shimano Sora, 28,6 mm Klemme<\/td>\n<\/tr>\n<tr>\n<td>Schaltwerk<\/td>\n<td>Shimano Sora, 9 Geschwindigkeit<\/td>\n<\/tr>\n<tr>\n<td>Kassette<\/td>\n<td>Shimano HG400, 11-34 Z\u00e4hne, 9 Geschwindigkeit<\/td>\n<\/tr>\n<tr>\n<td>Kette<\/td>\n<td>KMC X9<\/td>\n<\/tr>\n<tr>\n<td>Kurbelgarnitur<\/td>\n<td>FSA Tempo, 50\/39\/30 Zahn<\/td>\n<\/tr>\n<tr>\n<td>Tretlager<\/td>\n<td>Abgedichtetes Patronenlager<\/td>\n<\/tr>\n<tr>\n<td>Bremsen<\/td>\n<td>TRP Spyre C Mechanische Scheibe, flach montiert, 160 \/ 160mm Centerlock-Rotoren<\/td>\n<\/tr>\n<tr>\n<td>R\u00e4der<\/td>\n<td>Alex doppelwandig, 36h, F: Shimano Hub Dynamo, R: Shimano Deore T-675 Centerlock Disc Hub<\/td>\n<\/tr>\n<tr>\n<td>Reifen<\/td>\n<td>Vittoria Randonneur Tech, 700 x 40 c, 33 tpi<\/td>\n<\/tr>\n<tr>\n<td>Lenker<\/td>\n<td>Oval Concepts 310 Ergo, 6061-Legierung, 31,8 mm Klemme, 133 mm Gef\u00e4lle, 4 \u00b0 Sweep<\/td>\n<\/tr>\n<tr>\n<td>Galgen<\/td>\n<td>3D-geschmiedet 6061, +\/- 6 \u00b0<\/td>\n<\/tr>\n<tr>\n<td>Headset<\/td>\n<td>FSA, 1 1\/8 &#8220;, versiegelt<\/td>\n<\/tr>\n<tr>\n<td>Sattel<\/td>\n<td>Oval Concepts 344, Stahlschiene<\/td>\n<\/tr>\n<tr>\n<td>Sattelschaft<\/td>\n<td>6061 Legierung, 27,2 mm Durchmesser<\/td>\n<\/tr>\n<tr>\n<td>Farben<\/td>\n<td>Anthrazit<\/td>\n<\/tr>\n<\/tbody>\n<\/table>\n<\/div>\n<div class=\"prodsheet_specs2 col col-sm-8 col-md-8 col-lg-8\">\n<h4>GEOMETRIEN:<\/h4>\n<p><img decoding=\"async\" src=\"http:\/\/media1.alltricks.fr\/ckfinder\/images\/cube_route_geo_en.jpg\" \/><\/p>\n<table class=\"table table-striped\">\n<tbody>\n<tr>\n<td>Gr\u00f6\u00dfe<\/td>\n<td>49<\/td>\n<td>52<\/td>\n<td>54<\/td>\n<td>56<\/td>\n<td>58<\/td>\n<td>61<\/td>\n<td>64<\/td>\n<\/tr>\n<tr>\n<td>Sitzrohr (mm)<\/td>\n<td>450<\/td>\n<td>490<\/td>\n<td>510<\/td>\n<td>530<\/td>\n<td>550<\/td>\n<td>580<\/td>\n<td>610<\/td>\n<\/tr>\n<tr>\n<td>Oberrohr (mm)<\/td>\n<td>535<\/td>\n<td>540<\/td>\n<td>545<\/td>\n<td>555<\/td>\n<td>575<\/td>\n<td>590<\/td>\n<td>610<\/td>\n<\/tr>\n<tr>\n<td>Grundl\u00e4nge (mm)<\/td>\n<td>450<\/td>\n<td>450<\/td>\n<td>450<\/td>\n<td>450<\/td>\n<td>450<\/td>\n<td>450<\/td>\n<td>450<\/td>\n<\/tr>\n<tr>\n<td>Steuerrohr (mm)<\/td>\n<td>110<\/td>\n<td>120<\/td>\n<td>140<\/td>\n<td>160<\/td>\n<td>180<\/td>\n<td>200<\/td>\n<td>220<\/td>\n<\/tr>\n<tr>\n<td>Lenkwinkel (\u00b0)<\/td>\n<td>70<\/td>\n<td>70,5<\/td>\n<td>71<\/td>\n<td>71<\/td>\n<td>71<\/td>\n<td>71<\/td>\n<td>71<\/td>\n<\/tr>\n<tr>\n<td>Sitzrohrwinkel (\u00b0)<\/td>\n<td>74<\/td>\n<td>73,5<\/td>\n<td>73<\/td>\n<td>73,5<\/td>\n<td>73<\/td>\n<td>73<\/td>\n<td>72,5<\/td>\n<\/tr>\n<tr>\n<td>Radstand (mm)<\/td>\n<td>1048<\/td>\n<td>1048<\/td>\n<td>1048<\/td>\n<td>1055<\/td>\n<td>1070<\/td>\n<td>1086<\/td>\n<td>1100<\/td>\n<\/tr>\n<tr>\n<td>Stapel (mm)<\/td>\n<td>549<\/td>\n<td>561<\/td>\n<td>582<\/td>\n<td>601<\/td>\n<td>620<\/td>\n<td>638<\/td>\n<td>657<\/td>\n<\/tr>\n<tr>\n<td>Reichweite (mm)<\/td>\n<td>377<\/td>\n<td>379<\/td>\n<td>367<\/td>\n<td>377<\/td>\n<td>386<\/td>\n<td>395<\/td>\n<td>402<\/td>\n<\/tr>\n<\/tbody>\n<\/table>\n<\/div>\n<\/div>","protected":false},"excerpt":{"rendered":"<div class=\"col-lg-14 col-md-14 col-sm-14 col-xs-20\"><\/div>\n<div id=\"product-specifications-table\" class=\"col-lg-20 col-md-20 col-sm-20 col-xs-20\">\n<table class=\"table table-striped\">\n<tbody>\n<tr>\n<td class=\"spec-name\">Geschlecht<\/td>\n<td class=\"spec-value\">Herren<\/td>\n<\/tr>\n<tr>\n<td class=\"spec-name\">Groupe<\/td>\n<td class=\"spec-value\">Shimano Sora 9S<\/td>\n<\/tr>\n<tr>\n<td class=\"spec-name\">collection<\/td>\n<td class=\"spec-value\">2021<\/td>\n<\/tr>\n<\/tbody>\n<\/table>\n<\/div>","protected":false},"featured_media":60794,"comment_status":"open","ping_status":"closed","template":"","meta":{"_rtcl_gb_attr":""},"product_brand":[],"product_cat":[129],"product_tag":[],"class_list":{"0":"post-12652","1":"product","2":"type-product","3":"status-publish","4":"has-post-thumbnail","6":"product_cat-rennrad","7":"pa_marke-fuji","9":"first","10":"instock","11":"sale","12":"taxable","13":"shipping-taxable","14":"purchasable","15":"product-type-variable"},"yoast_head":"<!-- This site is optimized with the Yoast SEO Premium plugin v20.12 (Yoast SEO v27.4) - https:\/\/yoast.com\/product\/yoast-seo-premium-wordpress\/ -->\n<title>FUJI TOURING DISC LTD REISERAD SHIMANO SORA 9S 2021<\/title>\n<meta name=\"description\" content=\"Entdecken Sie unseren Online-Fahrradladen: Gro\u00dfe Auswahl an Modellen f\u00fcr alle Radsportbegeisterten. Von Rennr\u00e4dern bis zu Mountainbikes - finden Sie heute Ihren perfekten Wegbegleiter!\" \/>\n<meta name=\"robots\" content=\"index, follow, max-snippet:-1, max-image-preview:large, max-video-preview:-1\" \/>\n<link rel=\"canonical\" href=\"https:\/\/cioelectro.com\/en\/produkt\/fuji-touring-disc-ltd-reiserad-shimano-sora-9s-700-mm-anthrazit-2021\/\" \/>\n<meta property=\"og:locale\" content=\"en_US\" \/>\n<meta property=\"og:type\" content=\"article\" \/>\n<meta property=\"og:title\" content=\"FUJI TOURING DISC LTD REISERAD SHIMANO SORA 9S 700 MM ANTHRAZIT 2021\" \/>\n<meta property=\"og:description\" content=\"Entdecken Sie unseren Online-Fahrradladen: Gro\u00dfe Auswahl an Modellen f\u00fcr alle Radsportbegeisterten. Von Rennr\u00e4dern bis zu Mountainbikes - finden Sie heute Ihren perfekten Wegbegleiter!\" \/>\n<meta property=\"og:url\" content=\"https:\/\/cioelectro.com\/en\/produkt\/fuji-touring-disc-ltd-reiserad-shimano-sora-9s-700-mm-anthrazit-2021\/\" \/>\n<meta property=\"og:site_name\" content=\"cioelectro.com\" \/>\n<meta property=\"article:modified_time\" content=\"2025-06-12T19:59:08+00:00\" \/>\n<meta property=\"og:image\" content=\"https:\/\/cioelectro.com\/wp-content\/uploads\/2023\/06\/FUJI-TOURING-DISC-LTD-REISERAD-SHIMANO-SORA-9S-700-MM-ANTHRAZIT-2021.jpg\" \/>\n\t<meta property=\"og:image:width\" content=\"600\" \/>\n\t<meta property=\"og:image:height\" content=\"408\" \/>\n\t<meta property=\"og:image:type\" content=\"image\/jpeg\" \/>\n<meta name=\"twitter:card\" content=\"summary_large_image\" \/>\n<meta name=\"twitter:label1\" content=\"Est. reading time\" \/>\n\t<meta name=\"twitter:data1\" content=\"2 minutes\" \/>\n<script type=\"application\/ld+json\" class=\"yoast-schema-graph\">{\"@context\":\"https:\\\/\\\/schema.org\",\"@graph\":[{\"@type\":\"WebPage\",\"@id\":\"https:\\\/\\\/cioelectro.com\\\/produkt\\\/fuji-touring-disc-ltd-reiserad-shimano-sora-9s-700-mm-anthrazit-2021\\\/\",\"url\":\"https:\\\/\\\/cioelectro.com\\\/produkt\\\/fuji-touring-disc-ltd-reiserad-shimano-sora-9s-700-mm-anthrazit-2021\\\/\",\"name\":\"FUJI TOURING DISC LTD REISERAD SHIMANO SORA 9S 2021\",\"isPartOf\":{\"@id\":\"https:\\\/\\\/cioelectro.com\\\/#website\"},\"primaryImageOfPage\":{\"@id\":\"https:\\\/\\\/cioelectro.com\\\/produkt\\\/fuji-touring-disc-ltd-reiserad-shimano-sora-9s-700-mm-anthrazit-2021\\\/#primaryimage\"},\"image\":{\"@id\":\"https:\\\/\\\/cioelectro.com\\\/produkt\\\/fuji-touring-disc-ltd-reiserad-shimano-sora-9s-700-mm-anthrazit-2021\\\/#primaryimage\"},\"thumbnailUrl\":\"https:\\\/\\\/cioelectro.com\\\/wp-content\\\/uploads\\\/2023\\\/06\\\/FUJI-TOURING-DISC-LTD-REISERAD-SHIMANO-SORA-9S-700-MM-ANTHRAZIT-2021.jpg\",\"datePublished\":\"2022-08-05T14:37:01+00:00\",\"dateModified\":\"2025-06-12T19:59:08+00:00\",\"description\":\"Entdecken Sie unseren Online-Fahrradladen: Gro\u00dfe Auswahl an Modellen f\u00fcr alle Radsportbegeisterten. Von Rennr\u00e4dern bis zu Mountainbikes - finden Sie heute Ihren perfekten Wegbegleiter!\",\"breadcrumb\":{\"@id\":\"https:\\\/\\\/cioelectro.com\\\/produkt\\\/fuji-touring-disc-ltd-reiserad-shimano-sora-9s-700-mm-anthrazit-2021\\\/#breadcrumb\"},\"inLanguage\":\"en-US\",\"potentialAction\":[{\"@type\":\"ReadAction\",\"target\":[\"https:\\\/\\\/cioelectro.com\\\/produkt\\\/fuji-touring-disc-ltd-reiserad-shimano-sora-9s-700-mm-anthrazit-2021\\\/\"]}]},{\"@type\":\"ImageObject\",\"inLanguage\":\"en-US\",\"@id\":\"https:\\\/\\\/cioelectro.com\\\/produkt\\\/fuji-touring-disc-ltd-reiserad-shimano-sora-9s-700-mm-anthrazit-2021\\\/#primaryimage\",\"url\":\"https:\\\/\\\/cioelectro.com\\\/wp-content\\\/uploads\\\/2023\\\/06\\\/FUJI-TOURING-DISC-LTD-REISERAD-SHIMANO-SORA-9S-700-MM-ANTHRAZIT-2021.jpg\",\"contentUrl\":\"https:\\\/\\\/cioelectro.com\\\/wp-content\\\/uploads\\\/2023\\\/06\\\/FUJI-TOURING-DISC-LTD-REISERAD-SHIMANO-SORA-9S-700-MM-ANTHRAZIT-2021.jpg\",\"width\":600,\"height\":408,\"caption\":\"FUJI TOURING DISC LTD REISERAD SHIMANO SORA 9S 700 MM ANTHRAZIT 2021\"},{\"@type\":\"BreadcrumbList\",\"@id\":\"https:\\\/\\\/cioelectro.com\\\/produkt\\\/fuji-touring-disc-ltd-reiserad-shimano-sora-9s-700-mm-anthrazit-2021\\\/#breadcrumb\",\"itemListElement\":[{\"@type\":\"ListItem\",\"position\":1,\"name\":\"Startseite\",\"item\":\"https:\\\/\\\/cioelectro.com\\\/\"},{\"@type\":\"ListItem\",\"position\":2,\"name\":\"LADEN\",\"item\":\"https:\\\/\\\/cioelectro.com\\\/laden\\\/\"},{\"@type\":\"ListItem\",\"position\":3,\"name\":\"FUJI TOURING DISC LTD REISERAD SHIMANO SORA 9S 700 MM ANTHRAZIT 2021\"}]},{\"@type\":\"WebSite\",\"@id\":\"https:\\\/\\\/cioelectro.com\\\/#website\",\"url\":\"https:\\\/\\\/cioelectro.com\\\/\",\"name\":\"cioelectro.com\",\"description\":\"Treten Sie mit uns ins Abenteuer!\",\"publisher\":{\"@id\":\"https:\\\/\\\/cioelectro.com\\\/#organization\"},\"alternateName\":\"MEIN RADLADEN\",\"potentialAction\":[{\"@type\":\"SearchAction\",\"target\":{\"@type\":\"EntryPoint\",\"urlTemplate\":\"https:\\\/\\\/cioelectro.com\\\/?s={search_term_string}\"},\"query-input\":{\"@type\":\"PropertyValueSpecification\",\"valueRequired\":true,\"valueName\":\"search_term_string\"}}],\"inLanguage\":\"en-US\"},{\"@type\":\"Organization\",\"@id\":\"https:\\\/\\\/cioelectro.com\\\/#organization\",\"name\":\"CIOELECTRO\",\"alternateName\":\"MEIN RADLADEN\",\"url\":\"https:\\\/\\\/cioelectro.com\\\/\",\"logo\":{\"@type\":\"ImageObject\",\"inLanguage\":\"en-US\",\"@id\":\"https:\\\/\\\/cioelectro.com\\\/#\\\/schema\\\/logo\\\/image\\\/\",\"url\":\"https:\\\/\\\/cioelectro.com\\\/wp-content\\\/uploads\\\/2025\\\/12\\\/Logo-2-1200x800.png\",\"contentUrl\":\"https:\\\/\\\/cioelectro.com\\\/wp-content\\\/uploads\\\/2025\\\/12\\\/Logo-2-1200x800.png\",\"width\":1200,\"height\":800,\"caption\":\"CIOELECTRO\"},\"image\":{\"@id\":\"https:\\\/\\\/cioelectro.com\\\/#\\\/schema\\\/logo\\\/image\\\/\"}}]}<\/script>\n<!-- \/ Yoast SEO Premium plugin. -->","yoast_head_json":{"title":"FUJI TOURING DISC LTD REISERAD SHIMANO SORA 9S 2021","description":"Entdecken Sie unseren Online-Fahrradladen: Gro\u00dfe Auswahl an Modellen f\u00fcr alle Radsportbegeisterten. Von Rennr\u00e4dern bis zu Mountainbikes - finden Sie heute Ihren perfekten Wegbegleiter!","robots":{"index":"index","follow":"follow","max-snippet":"max-snippet:-1","max-image-preview":"max-image-preview:large","max-video-preview":"max-video-preview:-1"},"canonical":"https:\/\/cioelectro.com\/en\/produkt\/fuji-touring-disc-ltd-reiserad-shimano-sora-9s-700-mm-anthrazit-2021\/","og_locale":"en_US","og_type":"article","og_title":"FUJI TOURING DISC LTD REISERAD SHIMANO SORA 9S 700 MM ANTHRAZIT 2021","og_description":"Entdecken Sie unseren Online-Fahrradladen: Gro\u00dfe Auswahl an Modellen f\u00fcr alle Radsportbegeisterten. Von Rennr\u00e4dern bis zu Mountainbikes - finden Sie heute Ihren perfekten Wegbegleiter!","og_url":"https:\/\/cioelectro.com\/en\/produkt\/fuji-touring-disc-ltd-reiserad-shimano-sora-9s-700-mm-anthrazit-2021\/","og_site_name":"cioelectro.com","article_modified_time":"2025-06-12T19:59:08+00:00","og_image":[{"width":600,"height":408,"url":"https:\/\/cioelectro.com\/wp-content\/uploads\/2023\/06\/FUJI-TOURING-DISC-LTD-REISERAD-SHIMANO-SORA-9S-700-MM-ANTHRAZIT-2021.jpg","type":"image\/jpeg"}],"twitter_card":"summary_large_image","twitter_misc":{"Est. reading time":"2 minutes"},"schema":{"@context":"https:\/\/schema.org","@graph":[{"@type":"WebPage","@id":"https:\/\/cioelectro.com\/produkt\/fuji-touring-disc-ltd-reiserad-shimano-sora-9s-700-mm-anthrazit-2021\/","url":"https:\/\/cioelectro.com\/produkt\/fuji-touring-disc-ltd-reiserad-shimano-sora-9s-700-mm-anthrazit-2021\/","name":"FUJI TOURING DISC LTD REISERAD SHIMANO SORA 9S 2021","isPartOf":{"@id":"https:\/\/cioelectro.com\/#website"},"primaryImageOfPage":{"@id":"https:\/\/cioelectro.com\/produkt\/fuji-touring-disc-ltd-reiserad-shimano-sora-9s-700-mm-anthrazit-2021\/#primaryimage"},"image":{"@id":"https:\/\/cioelectro.com\/produkt\/fuji-touring-disc-ltd-reiserad-shimano-sora-9s-700-mm-anthrazit-2021\/#primaryimage"},"thumbnailUrl":"https:\/\/cioelectro.com\/wp-content\/uploads\/2023\/06\/FUJI-TOURING-DISC-LTD-REISERAD-SHIMANO-SORA-9S-700-MM-ANTHRAZIT-2021.jpg","datePublished":"2022-08-05T14:37:01+00:00","dateModified":"2025-06-12T19:59:08+00:00","description":"Entdecken Sie unseren Online-Fahrradladen: Gro\u00dfe Auswahl an Modellen f\u00fcr alle Radsportbegeisterten. Von Rennr\u00e4dern bis zu Mountainbikes - finden Sie heute Ihren perfekten Wegbegleiter!","breadcrumb":{"@id":"https:\/\/cioelectro.com\/produkt\/fuji-touring-disc-ltd-reiserad-shimano-sora-9s-700-mm-anthrazit-2021\/#breadcrumb"},"inLanguage":"en-US","potentialAction":[{"@type":"ReadAction","target":["https:\/\/cioelectro.com\/produkt\/fuji-touring-disc-ltd-reiserad-shimano-sora-9s-700-mm-anthrazit-2021\/"]}]},{"@type":"ImageObject","inLanguage":"en-US","@id":"https:\/\/cioelectro.com\/produkt\/fuji-touring-disc-ltd-reiserad-shimano-sora-9s-700-mm-anthrazit-2021\/#primaryimage","url":"https:\/\/cioelectro.com\/wp-content\/uploads\/2023\/06\/FUJI-TOURING-DISC-LTD-REISERAD-SHIMANO-SORA-9S-700-MM-ANTHRAZIT-2021.jpg","contentUrl":"https:\/\/cioelectro.com\/wp-content\/uploads\/2023\/06\/FUJI-TOURING-DISC-LTD-REISERAD-SHIMANO-SORA-9S-700-MM-ANTHRAZIT-2021.jpg","width":600,"height":408,"caption":"FUJI TOURING DISC LTD REISERAD SHIMANO SORA 9S 700 MM ANTHRAZIT 2021"},{"@type":"BreadcrumbList","@id":"https:\/\/cioelectro.com\/produkt\/fuji-touring-disc-ltd-reiserad-shimano-sora-9s-700-mm-anthrazit-2021\/#breadcrumb","itemListElement":[{"@type":"ListItem","position":1,"name":"Startseite","item":"https:\/\/cioelectro.com\/"},{"@type":"ListItem","position":2,"name":"LADEN","item":"https:\/\/cioelectro.com\/laden\/"},{"@type":"ListItem","position":3,"name":"FUJI TOURING DISC LTD REISERAD SHIMANO SORA 9S 700 MM ANTHRAZIT 2021"}]},{"@type":"WebSite","@id":"https:\/\/cioelectro.com\/#website","url":"https:\/\/cioelectro.com\/","name":"cioelectro.com","description":"Treten Sie mit uns ins Abenteuer!","publisher":{"@id":"https:\/\/cioelectro.com\/#organization"},"alternateName":"MEIN RADLADEN","potentialAction":[{"@type":"SearchAction","target":{"@type":"EntryPoint","urlTemplate":"https:\/\/cioelectro.com\/?s={search_term_string}"},"query-input":{"@type":"PropertyValueSpecification","valueRequired":true,"valueName":"search_term_string"}}],"inLanguage":"en-US"},{"@type":"Organization","@id":"https:\/\/cioelectro.com\/#organization","name":"CIOELECTRO","alternateName":"MEIN RADLADEN","url":"https:\/\/cioelectro.com\/","logo":{"@type":"ImageObject","inLanguage":"en-US","@id":"https:\/\/cioelectro.com\/#\/schema\/logo\/image\/","url":"https:\/\/cioelectro.com\/wp-content\/uploads\/2025\/12\/Logo-2-1200x800.png","contentUrl":"https:\/\/cioelectro.com\/wp-content\/uploads\/2025\/12\/Logo-2-1200x800.png","width":1200,"height":800,"caption":"CIOELECTRO"},"image":{"@id":"https:\/\/cioelectro.com\/#\/schema\/logo\/image\/"}}]}},"_links":{"self":[{"href":"https:\/\/cioelectro.com\/en\/wp-json\/wp\/v2\/product\/12652","targetHints":{"allow":["GET"]}}],"collection":[{"href":"https:\/\/cioelectro.com\/en\/wp-json\/wp\/v2\/product"}],"about":[{"href":"https:\/\/cioelectro.com\/en\/wp-json\/wp\/v2\/types\/product"}],"replies":[{"embeddable":true,"href":"https:\/\/cioelectro.com\/en\/wp-json\/wp\/v2\/comments?post=12652"}],"version-history":[{"count":0,"href":"https:\/\/cioelectro.com\/en\/wp-json\/wp\/v2\/product\/12652\/revisions"}],"wp:featuredmedia":[{"embeddable":true,"href":"https:\/\/cioelectro.com\/en\/wp-json\/wp\/v2\/media\/60794"}],"wp:attachment":[{"href":"https:\/\/cioelectro.com\/en\/wp-json\/wp\/v2\/media?parent=12652"}],"wp:term":[{"taxonomy":"product_brand","embeddable":true,"href":"https:\/\/cioelectro.com\/en\/wp-json\/wp\/v2\/product_brand?post=12652"},{"taxonomy":"product_cat","embeddable":true,"href":"https:\/\/cioelectro.com\/en\/wp-json\/wp\/v2\/product_cat?post=12652"},{"taxonomy":"product_tag","embeddable":true,"href":"https:\/\/cioelectro.com\/en\/wp-json\/wp\/v2\/product_tag?post=12652"}],"curies":[{"name":"wp","href":"https:\/\/api.w.org\/{rel}","templated":true}]}}