{"id":12679,"date":"2022-08-05T17:26:16","date_gmt":"2022-08-05T15:26:16","guid":{"rendered":"https:\/\/meinradladen.com\/?post_type=product&#038;p=12679"},"modified":"2023-08-10T18:18:15","modified_gmt":"2023-08-10T16:18:15","slug":"wilier-triestina-gtr-team-rennrad-campagnolo-matt-2022","status":"publish","type":"product","link":"https:\/\/cioelectro.com\/en\/produkt\/wilier-triestina-gtr-team-rennrad-campagnolo-matt-2022\/","title":{"rendered":"WILIER TRIESTINA GTR TEAM RENNRAD CAMPAGNOLO MATT 2022"},"content":{"rendered":"<div id=\"product-header-order-name\" class=\"col-lg-20 col-md-20 col-sm-20 col-xs-20\">\n<h3 class=\"heading-title-text\">WILIER TRIESTINA GTR TEAM RENNRAD CAMPAGNOLO CENTAUR 11S 700 MM SCHWARZ WEISS MATT 2022<\/h3>\n<div class=\"col col-sm-12 col-md-12 col-lg-12\">\n<p>Ob Sie nun Rennen fahren oder nicht, das\u00a0<strong>Wilier Triestina GTR Team<\/strong>\u00a0ist f\u00fcr den Fahrer gedacht, der ein Fahrrad f\u00fcr mehrere Zwecke braucht. Leicht und reaktionsschnell f\u00fcr den Rennfahrer, aber komfortabel und vielseitig f\u00fcr diejenigen, die das Radfahren ohne Stress genie\u00dfen.<\/p>\n<\/div>\n<div class=\"prodsheet_bullets col col-sm-8 col-md-8 col-lg-8\">\n<h4>HAUPTMERKMALE:<\/h4>\n<ul>\n<li>Rahmen und Gabel aus Carbon Monocoque 46TON.<\/li>\n<li>Campagnolo Centaur 2&#215;11-Gang-Antriebssystem.<\/li>\n<li>Campagnolo BR17-DIDM Felgenbremsen.<\/li>\n<li>Campagnolo Calima C17-Laufradsatz.<\/li>\n<\/ul>\n<\/div>\n<div class=\"prodsheet_specs1 col col-sm-12 col-md-12 col-lg-12\">\n<h4>EIGENSCHAFTEN:<\/h4>\n<table class=\"table table-striped\">\n<tbody>\n<tr>\n<td>Rahmen<\/td>\n<td>Carbon: GTR Team Felge &#8211; Carbon Monocoque 46TON<\/td>\n<\/tr>\n<tr>\n<td>Gabel<\/td>\n<td>Carbon: GTR Team Felge &#8211; Carbon Monocoque 46TON<\/td>\n<\/tr>\n<tr>\n<td>Schaltungen<\/td>\n<td>Campagnolo Ergopower EP18-CEB1C, 2&#215;11-fach<\/td>\n<\/tr>\n<tr>\n<td>Umwerfer<\/td>\n<td>Campagnolo Centaur FD18-CEB2B, anl\u00f6tbar<\/td>\n<\/tr>\n<tr>\n<td>Schaltwerk<\/td>\n<td>Campagnolo Centaur RD18-CEB1M, 11-fach<\/td>\n<\/tr>\n<tr>\n<td>Kassette<\/td>\n<td>Campagnolo Centaur CS18-CE22, 12-32T<\/td>\n<\/tr>\n<tr>\n<td>Kette<\/td>\n<td>Campagnolo CN17-1114<\/td>\n<\/tr>\n<tr>\n<td>Kurbelgarnitur<\/td>\n<td>Campagnolo Centaur FC18, 50\/34Z<\/td>\n<\/tr>\n<tr>\n<td>Tretlager<\/td>\n<td>Campagnolo BB Cup MC 86,5 x 41 EPS Comp Pressfit<\/td>\n<\/tr>\n<tr>\n<td>Bremsen<\/td>\n<td>Campagnolo BR17-DIDM, Felgenbremse, Direktmontage<\/td>\n<\/tr>\n<tr>\n<td>Laufradsatz<\/td>\n<td>Campagnolo Calima C17<\/td>\n<\/tr>\n<tr>\n<td>Bereifung<\/td>\n<td>Vittoria Zaffiro Pro4, 700x25C<\/td>\n<\/tr>\n<tr>\n<td>Lenker<\/td>\n<td>FSA Omega<\/td>\n<\/tr>\n<tr>\n<td>Vorbau<\/td>\n<td>FSA OS-168, Custom Wilier<\/td>\n<\/tr>\n<tr>\n<td>Steuersatz<\/td>\n<td>Ritchey Comp verj\u00fcngt PRD18228<\/td>\n<\/tr>\n<tr>\n<td>Sattel<\/td>\n<td>Selle Italia X1<\/td>\n<\/tr>\n<tr>\n<td>Sattelst\u00fctze<\/td>\n<td>FSA Gossamer SB20<\/td>\n<\/tr>\n<tr>\n<td>Gewicht<\/td>\n<td>8.3 kg (Rahmen: 1190 g \/ Gabel: 390 g)<\/td>\n<\/tr>\n<tr>\n<td>Farbe<\/td>\n<td>G26 &#8211; Schwarz \/ Wei\u00df; Matt<\/td>\n<\/tr>\n<tr>\n<td>Referenz<\/td>\n<td>E107ARC<\/td>\n<\/tr>\n<\/tbody>\n<\/table>\n<\/div>\n<div class=\"prodsheet_specs2 col col-sm-8 col-md-8 col-lg-8\">\n<h4>GEOMETRIEN:<\/h4>\n<p><img decoding=\"async\" src=\"http:\/\/media1.alltricks.fr\/ckfinder\/images\/cube_route_geo_en.jpg\" \/><\/p>\n<table class=\"table table-striped\">\n<tbody>\n<tr>\n<td>Rahmengr\u00f6\u00dfe<\/td>\n<td>XS<\/td>\n<td>S<\/td>\n<td>M<\/td>\n<td>L<\/td>\n<td>XL<\/td>\n<td>XXL<\/td>\n<\/tr>\n<tr>\n<td>Sitzrohr (mm)<\/td>\n<td>450<\/td>\n<td>480<\/td>\n<td>500<\/td>\n<td>520<\/td>\n<td>550<\/td>\n<td>580<\/td>\n<\/tr>\n<tr>\n<td>Oberrohr (mm)<\/td>\n<td>513<\/td>\n<td>527<\/td>\n<td>540<\/td>\n<td>557<\/td>\n<td>572<\/td>\n<td>589<\/td>\n<\/tr>\n<tr>\n<td>Kettenstreben (mm)<\/td>\n<td>406<\/td>\n<td>406<\/td>\n<td>408<\/td>\n<td>408<\/td>\n<td>410<\/td>\n<td>411<\/td>\n<\/tr>\n<tr>\n<td>L\u00e4nge des Steuerrohrs (mm)<\/td>\n<td>115<\/td>\n<td>130<\/td>\n<td>148<\/td>\n<td>166<\/td>\n<td>184<\/td>\n<td>203<\/td>\n<\/tr>\n<tr>\n<td>Winkel des Steuerrohrs (\u00b0)<\/td>\n<td>71<\/td>\n<td>71.5<\/td>\n<td>72<\/td>\n<td>72.5<\/td>\n<td>72<\/td>\n<td>72.5<\/td>\n<\/tr>\n<tr>\n<td>Winkel des Sitzrohrs (\u00b0)<\/td>\n<td>75<\/td>\n<td>74.5<\/td>\n<td>74<\/td>\n<td>73.5<\/td>\n<td>73<\/td>\n<td>72.5<\/td>\n<\/tr>\n<tr>\n<td>Stapel (mm)<\/td>\n<td>515<\/td>\n<td>531<\/td>\n<td>548<\/td>\n<td>566<\/td>\n<td>583<\/td>\n<td>602<\/td>\n<\/tr>\n<tr>\n<td>Reichweite (mm)<\/td>\n<td>373<\/td>\n<td>378<\/td>\n<td>383<\/td>\n<td>388<\/td>\n<td>394<\/td>\n<td>399<\/td>\n<\/tr>\n<\/tbody>\n<\/table>\n<\/div>\n<\/div>\n<div id=\"product-header-order-form\" class=\"js-reload-on-event col-lg-20 col-md-20 col-sm-20 col-xs-20\" data-to-watch=\"body\" data-event=\"alltricks:cartChanged\" data-url=\"\/ajax\/product\/ajouter\/F-41505-velos-route-_-cyclocross-_-triathlon\/P-2245023-wilier_triestina_gtr_team_rennrad_campagnolo_centaur_11s_700_mm_schwarz_weis_matt_2022\"><\/div>","protected":false},"excerpt":{"rendered":"<div class=\"col-lg-14 col-md-14 col-sm-14 col-xs-20\"><\/div>\n<div id=\"product-specifications-table\" class=\"col-lg-20 col-md-20 col-sm-20 col-xs-20\">\n<table class=\"table table-striped\">\n<tbody>\n<tr>\n<td class=\"spec-name\">Geschlecht<\/td>\n<td class=\"spec-value\">Herren<\/td>\n<\/tr>\n<tr>\n<td class=\"spec-name\">Gruppe<\/td>\n<td class=\"spec-value\">Campagnolo Centaur 11V<\/td>\n<\/tr>\n<tr>\n<td class=\"spec-name\">collection<\/td>\n<td class=\"spec-value\">2022<\/td>\n<\/tr>\n<\/tbody>\n<\/table>\n<\/div>","protected":false},"featured_media":60798,"comment_status":"open","ping_status":"closed","template":"","meta":{"_rtcl_gb_attr":""},"product_brand":[],"product_cat":[129],"product_tag":[],"class_list":{"0":"post-12679","1":"product","2":"type-product","3":"status-publish","4":"has-post-thumbnail","6":"product_cat-rennrad","7":"pa_marke-wilier-triestina","9":"first","10":"instock","11":"sale","12":"taxable","13":"shipping-taxable","14":"purchasable","15":"product-type-variable"},"yoast_head":"<!-- This site is optimized with the Yoast SEO Premium plugin v20.12 (Yoast SEO v27.4) - https:\/\/yoast.com\/product\/yoast-seo-premium-wordpress\/ -->\n<title>WILIER TRIESTINA GTR TEAM RENNRAD CAMPAGNOLO 2022<\/title>\n<meta name=\"description\" content=\"Entdecken Sie unseren Online-Fahrradladen: Gro\u00dfe Auswahl an Modellen f\u00fcr alle Radsportbegeisterten. Von Rennr\u00e4dern bis zu Mountainbikes - finden Sie heute Ihren perfekten Wegbegleiter!\" \/>\n<meta name=\"robots\" content=\"index, follow, max-snippet:-1, max-image-preview:large, max-video-preview:-1\" \/>\n<link rel=\"canonical\" href=\"https:\/\/cioelectro.com\/en\/produkt\/wilier-triestina-gtr-team-rennrad-campagnolo-matt-2022\/\" \/>\n<meta property=\"og:locale\" content=\"en_US\" \/>\n<meta property=\"og:type\" content=\"article\" \/>\n<meta property=\"og:title\" content=\"WILIER TRIESTINA GTR TEAM RENNRAD CAMPAGNOLO MATT 2022\" \/>\n<meta property=\"og:description\" content=\"Entdecken Sie unseren Online-Fahrradladen: Gro\u00dfe Auswahl an Modellen f\u00fcr alle Radsportbegeisterten. Von Rennr\u00e4dern bis zu Mountainbikes - finden Sie heute Ihren perfekten Wegbegleiter!\" \/>\n<meta property=\"og:url\" content=\"https:\/\/cioelectro.com\/en\/produkt\/wilier-triestina-gtr-team-rennrad-campagnolo-matt-2022\/\" \/>\n<meta property=\"og:site_name\" content=\"cioelectro.com\" \/>\n<meta property=\"article:modified_time\" content=\"2023-08-10T16:18:15+00:00\" \/>\n<meta property=\"og:image\" content=\"https:\/\/cioelectro.com\/wp-content\/uploads\/2023\/06\/WILIER-TRIESTINA-GTR-TEAM-RENNRAD-CAMPAGNOLO-CENTAUR-11S-700-MM-SCHWARZ-WEISS-MATT-2022.jpg\" \/>\n\t<meta property=\"og:image:width\" content=\"600\" \/>\n\t<meta property=\"og:image:height\" content=\"408\" \/>\n\t<meta property=\"og:image:type\" content=\"image\/jpeg\" \/>\n<meta name=\"twitter:card\" content=\"summary_large_image\" \/>\n<meta name=\"twitter:label1\" content=\"Est. reading time\" \/>\n\t<meta name=\"twitter:data1\" content=\"2 minutes\" \/>\n<script type=\"application\/ld+json\" class=\"yoast-schema-graph\">{\"@context\":\"https:\\\/\\\/schema.org\",\"@graph\":[{\"@type\":\"WebPage\",\"@id\":\"https:\\\/\\\/cioelectro.com\\\/produkt\\\/wilier-triestina-gtr-team-rennrad-campagnolo-matt-2022\\\/\",\"url\":\"https:\\\/\\\/cioelectro.com\\\/produkt\\\/wilier-triestina-gtr-team-rennrad-campagnolo-matt-2022\\\/\",\"name\":\"WILIER TRIESTINA GTR TEAM RENNRAD CAMPAGNOLO 2022\",\"isPartOf\":{\"@id\":\"https:\\\/\\\/cioelectro.com\\\/#website\"},\"primaryImageOfPage\":{\"@id\":\"https:\\\/\\\/cioelectro.com\\\/produkt\\\/wilier-triestina-gtr-team-rennrad-campagnolo-matt-2022\\\/#primaryimage\"},\"image\":{\"@id\":\"https:\\\/\\\/cioelectro.com\\\/produkt\\\/wilier-triestina-gtr-team-rennrad-campagnolo-matt-2022\\\/#primaryimage\"},\"thumbnailUrl\":\"https:\\\/\\\/cioelectro.com\\\/wp-content\\\/uploads\\\/2023\\\/06\\\/WILIER-TRIESTINA-GTR-TEAM-RENNRAD-CAMPAGNOLO-CENTAUR-11S-700-MM-SCHWARZ-WEISS-MATT-2022.jpg\",\"datePublished\":\"2022-08-05T15:26:16+00:00\",\"dateModified\":\"2023-08-10T16:18:15+00:00\",\"description\":\"Entdecken Sie unseren Online-Fahrradladen: Gro\u00dfe Auswahl an Modellen f\u00fcr alle Radsportbegeisterten. Von Rennr\u00e4dern bis zu Mountainbikes - finden Sie heute Ihren perfekten Wegbegleiter!\",\"breadcrumb\":{\"@id\":\"https:\\\/\\\/cioelectro.com\\\/produkt\\\/wilier-triestina-gtr-team-rennrad-campagnolo-matt-2022\\\/#breadcrumb\"},\"inLanguage\":\"en-US\",\"potentialAction\":[{\"@type\":\"ReadAction\",\"target\":[\"https:\\\/\\\/cioelectro.com\\\/produkt\\\/wilier-triestina-gtr-team-rennrad-campagnolo-matt-2022\\\/\"]}]},{\"@type\":\"ImageObject\",\"inLanguage\":\"en-US\",\"@id\":\"https:\\\/\\\/cioelectro.com\\\/produkt\\\/wilier-triestina-gtr-team-rennrad-campagnolo-matt-2022\\\/#primaryimage\",\"url\":\"https:\\\/\\\/cioelectro.com\\\/wp-content\\\/uploads\\\/2023\\\/06\\\/WILIER-TRIESTINA-GTR-TEAM-RENNRAD-CAMPAGNOLO-CENTAUR-11S-700-MM-SCHWARZ-WEISS-MATT-2022.jpg\",\"contentUrl\":\"https:\\\/\\\/cioelectro.com\\\/wp-content\\\/uploads\\\/2023\\\/06\\\/WILIER-TRIESTINA-GTR-TEAM-RENNRAD-CAMPAGNOLO-CENTAUR-11S-700-MM-SCHWARZ-WEISS-MATT-2022.jpg\",\"width\":600,\"height\":408,\"caption\":\"WILIER TRIESTINA GTR TEAM RENNRAD CAMPAGNOLO CENTAUR 11S 700 MM SCHWARZ WEISS MATT 2022\"},{\"@type\":\"BreadcrumbList\",\"@id\":\"https:\\\/\\\/cioelectro.com\\\/produkt\\\/wilier-triestina-gtr-team-rennrad-campagnolo-matt-2022\\\/#breadcrumb\",\"itemListElement\":[{\"@type\":\"ListItem\",\"position\":1,\"name\":\"Startseite\",\"item\":\"https:\\\/\\\/cioelectro.com\\\/\"},{\"@type\":\"ListItem\",\"position\":2,\"name\":\"LADEN\",\"item\":\"https:\\\/\\\/cioelectro.com\\\/laden\\\/\"},{\"@type\":\"ListItem\",\"position\":3,\"name\":\"WILIER TRIESTINA GTR TEAM RENNRAD CAMPAGNOLO MATT 2022\"}]},{\"@type\":\"WebSite\",\"@id\":\"https:\\\/\\\/cioelectro.com\\\/#website\",\"url\":\"https:\\\/\\\/cioelectro.com\\\/\",\"name\":\"cioelectro.com\",\"description\":\"Treten Sie mit uns ins Abenteuer!\",\"publisher\":{\"@id\":\"https:\\\/\\\/cioelectro.com\\\/#organization\"},\"alternateName\":\"MEIN RADLADEN\",\"potentialAction\":[{\"@type\":\"SearchAction\",\"target\":{\"@type\":\"EntryPoint\",\"urlTemplate\":\"https:\\\/\\\/cioelectro.com\\\/?s={search_term_string}\"},\"query-input\":{\"@type\":\"PropertyValueSpecification\",\"valueRequired\":true,\"valueName\":\"search_term_string\"}}],\"inLanguage\":\"en-US\"},{\"@type\":\"Organization\",\"@id\":\"https:\\\/\\\/cioelectro.com\\\/#organization\",\"name\":\"CIOELECTRO\",\"alternateName\":\"MEIN RADLADEN\",\"url\":\"https:\\\/\\\/cioelectro.com\\\/\",\"logo\":{\"@type\":\"ImageObject\",\"inLanguage\":\"en-US\",\"@id\":\"https:\\\/\\\/cioelectro.com\\\/#\\\/schema\\\/logo\\\/image\\\/\",\"url\":\"https:\\\/\\\/cioelectro.com\\\/wp-content\\\/uploads\\\/2025\\\/12\\\/Logo-2-1200x800.png\",\"contentUrl\":\"https:\\\/\\\/cioelectro.com\\\/wp-content\\\/uploads\\\/2025\\\/12\\\/Logo-2-1200x800.png\",\"width\":1200,\"height\":800,\"caption\":\"CIOELECTRO\"},\"image\":{\"@id\":\"https:\\\/\\\/cioelectro.com\\\/#\\\/schema\\\/logo\\\/image\\\/\"}}]}<\/script>\n<!-- \/ Yoast SEO Premium plugin. -->","yoast_head_json":{"title":"WILIER TRIESTINA GTR TEAM RENNRAD CAMPAGNOLO 2022","description":"Entdecken Sie unseren Online-Fahrradladen: Gro\u00dfe Auswahl an Modellen f\u00fcr alle Radsportbegeisterten. Von Rennr\u00e4dern bis zu Mountainbikes - finden Sie heute Ihren perfekten Wegbegleiter!","robots":{"index":"index","follow":"follow","max-snippet":"max-snippet:-1","max-image-preview":"max-image-preview:large","max-video-preview":"max-video-preview:-1"},"canonical":"https:\/\/cioelectro.com\/en\/produkt\/wilier-triestina-gtr-team-rennrad-campagnolo-matt-2022\/","og_locale":"en_US","og_type":"article","og_title":"WILIER TRIESTINA GTR TEAM RENNRAD CAMPAGNOLO MATT 2022","og_description":"Entdecken Sie unseren Online-Fahrradladen: Gro\u00dfe Auswahl an Modellen f\u00fcr alle Radsportbegeisterten. Von Rennr\u00e4dern bis zu Mountainbikes - finden Sie heute Ihren perfekten Wegbegleiter!","og_url":"https:\/\/cioelectro.com\/en\/produkt\/wilier-triestina-gtr-team-rennrad-campagnolo-matt-2022\/","og_site_name":"cioelectro.com","article_modified_time":"2023-08-10T16:18:15+00:00","og_image":[{"width":600,"height":408,"url":"https:\/\/cioelectro.com\/wp-content\/uploads\/2023\/06\/WILIER-TRIESTINA-GTR-TEAM-RENNRAD-CAMPAGNOLO-CENTAUR-11S-700-MM-SCHWARZ-WEISS-MATT-2022.jpg","type":"image\/jpeg"}],"twitter_card":"summary_large_image","twitter_misc":{"Est. reading time":"2 minutes"},"schema":{"@context":"https:\/\/schema.org","@graph":[{"@type":"WebPage","@id":"https:\/\/cioelectro.com\/produkt\/wilier-triestina-gtr-team-rennrad-campagnolo-matt-2022\/","url":"https:\/\/cioelectro.com\/produkt\/wilier-triestina-gtr-team-rennrad-campagnolo-matt-2022\/","name":"WILIER TRIESTINA GTR TEAM RENNRAD CAMPAGNOLO 2022","isPartOf":{"@id":"https:\/\/cioelectro.com\/#website"},"primaryImageOfPage":{"@id":"https:\/\/cioelectro.com\/produkt\/wilier-triestina-gtr-team-rennrad-campagnolo-matt-2022\/#primaryimage"},"image":{"@id":"https:\/\/cioelectro.com\/produkt\/wilier-triestina-gtr-team-rennrad-campagnolo-matt-2022\/#primaryimage"},"thumbnailUrl":"https:\/\/cioelectro.com\/wp-content\/uploads\/2023\/06\/WILIER-TRIESTINA-GTR-TEAM-RENNRAD-CAMPAGNOLO-CENTAUR-11S-700-MM-SCHWARZ-WEISS-MATT-2022.jpg","datePublished":"2022-08-05T15:26:16+00:00","dateModified":"2023-08-10T16:18:15+00:00","description":"Entdecken Sie unseren Online-Fahrradladen: Gro\u00dfe Auswahl an Modellen f\u00fcr alle Radsportbegeisterten. Von Rennr\u00e4dern bis zu Mountainbikes - finden Sie heute Ihren perfekten Wegbegleiter!","breadcrumb":{"@id":"https:\/\/cioelectro.com\/produkt\/wilier-triestina-gtr-team-rennrad-campagnolo-matt-2022\/#breadcrumb"},"inLanguage":"en-US","potentialAction":[{"@type":"ReadAction","target":["https:\/\/cioelectro.com\/produkt\/wilier-triestina-gtr-team-rennrad-campagnolo-matt-2022\/"]}]},{"@type":"ImageObject","inLanguage":"en-US","@id":"https:\/\/cioelectro.com\/produkt\/wilier-triestina-gtr-team-rennrad-campagnolo-matt-2022\/#primaryimage","url":"https:\/\/cioelectro.com\/wp-content\/uploads\/2023\/06\/WILIER-TRIESTINA-GTR-TEAM-RENNRAD-CAMPAGNOLO-CENTAUR-11S-700-MM-SCHWARZ-WEISS-MATT-2022.jpg","contentUrl":"https:\/\/cioelectro.com\/wp-content\/uploads\/2023\/06\/WILIER-TRIESTINA-GTR-TEAM-RENNRAD-CAMPAGNOLO-CENTAUR-11S-700-MM-SCHWARZ-WEISS-MATT-2022.jpg","width":600,"height":408,"caption":"WILIER TRIESTINA GTR TEAM RENNRAD CAMPAGNOLO CENTAUR 11S 700 MM SCHWARZ WEISS MATT 2022"},{"@type":"BreadcrumbList","@id":"https:\/\/cioelectro.com\/produkt\/wilier-triestina-gtr-team-rennrad-campagnolo-matt-2022\/#breadcrumb","itemListElement":[{"@type":"ListItem","position":1,"name":"Startseite","item":"https:\/\/cioelectro.com\/"},{"@type":"ListItem","position":2,"name":"LADEN","item":"https:\/\/cioelectro.com\/laden\/"},{"@type":"ListItem","position":3,"name":"WILIER TRIESTINA GTR TEAM RENNRAD CAMPAGNOLO MATT 2022"}]},{"@type":"WebSite","@id":"https:\/\/cioelectro.com\/#website","url":"https:\/\/cioelectro.com\/","name":"cioelectro.com","description":"Treten Sie mit uns ins Abenteuer!","publisher":{"@id":"https:\/\/cioelectro.com\/#organization"},"alternateName":"MEIN RADLADEN","potentialAction":[{"@type":"SearchAction","target":{"@type":"EntryPoint","urlTemplate":"https:\/\/cioelectro.com\/?s={search_term_string}"},"query-input":{"@type":"PropertyValueSpecification","valueRequired":true,"valueName":"search_term_string"}}],"inLanguage":"en-US"},{"@type":"Organization","@id":"https:\/\/cioelectro.com\/#organization","name":"CIOELECTRO","alternateName":"MEIN RADLADEN","url":"https:\/\/cioelectro.com\/","logo":{"@type":"ImageObject","inLanguage":"en-US","@id":"https:\/\/cioelectro.com\/#\/schema\/logo\/image\/","url":"https:\/\/cioelectro.com\/wp-content\/uploads\/2025\/12\/Logo-2-1200x800.png","contentUrl":"https:\/\/cioelectro.com\/wp-content\/uploads\/2025\/12\/Logo-2-1200x800.png","width":1200,"height":800,"caption":"CIOELECTRO"},"image":{"@id":"https:\/\/cioelectro.com\/#\/schema\/logo\/image\/"}}]}},"_links":{"self":[{"href":"https:\/\/cioelectro.com\/en\/wp-json\/wp\/v2\/product\/12679","targetHints":{"allow":["GET"]}}],"collection":[{"href":"https:\/\/cioelectro.com\/en\/wp-json\/wp\/v2\/product"}],"about":[{"href":"https:\/\/cioelectro.com\/en\/wp-json\/wp\/v2\/types\/product"}],"replies":[{"embeddable":true,"href":"https:\/\/cioelectro.com\/en\/wp-json\/wp\/v2\/comments?post=12679"}],"version-history":[{"count":0,"href":"https:\/\/cioelectro.com\/en\/wp-json\/wp\/v2\/product\/12679\/revisions"}],"wp:featuredmedia":[{"embeddable":true,"href":"https:\/\/cioelectro.com\/en\/wp-json\/wp\/v2\/media\/60798"}],"wp:attachment":[{"href":"https:\/\/cioelectro.com\/en\/wp-json\/wp\/v2\/media?parent=12679"}],"wp:term":[{"taxonomy":"product_brand","embeddable":true,"href":"https:\/\/cioelectro.com\/en\/wp-json\/wp\/v2\/product_brand?post=12679"},{"taxonomy":"product_cat","embeddable":true,"href":"https:\/\/cioelectro.com\/en\/wp-json\/wp\/v2\/product_cat?post=12679"},{"taxonomy":"product_tag","embeddable":true,"href":"https:\/\/cioelectro.com\/en\/wp-json\/wp\/v2\/product_tag?post=12679"}],"curies":[{"name":"wp","href":"https:\/\/api.w.org\/{rel}","templated":true}]}}