{"id":12806,"date":"2022-08-05T19:33:40","date_gmt":"2022-08-05T17:33:40","guid":{"rendered":"https:\/\/meinradladen.com\/?post_type=product&#038;p=12806"},"modified":"2023-08-10T18:09:28","modified_gmt":"2023-08-10T16:09:28","slug":"felt-fr-advanced-ultegra-shimano-ultegra-green-2021","status":"publish","type":"product","link":"https:\/\/cioelectro.com\/en\/produkt\/felt-fr-advanced-ultegra-shimano-ultegra-green-2021\/","title":{"rendered":"FELT FR ADVANCED ULTEGRA SHIMANO ULTEGRA GREEN 2021"},"content":{"rendered":"<div id=\"product-header-order-name\" class=\"col-lg-20 col-md-20 col-sm-20 col-xs-20\">\n<h1 class=\"heading-title-text\" data-titleproductread=\"\">TRIATHLONRAD FELT FR ADVANCED ULTEGRA SHIMANO ULTEGRA 11SPEED 700 MM GLOW GREEN 2021<\/h1>\n<div class=\"col col-sm-12 col-md-12 col-lg-12\">\n<p>Das\u00a0<strong>Felt FR Advanced Ultegra <\/strong>ist mit einem<strong>\u00a0<\/strong>Kohlefaserrahmen f\u00fcr maximale Effizienz und Vielseitigkeit. Es ist auch mit Leistungskomponenten ausgestattet, darunter hydraulische Scheibenbremsen, ein Shimano Ultegra-Antrieb und Reynolds-Carbonr\u00e4der. Seine Geometrie garantiert eine intuitive Lenkung bei gleichzeitig hoher Man\u00f6vrierf\u00e4higkeit.<\/p>\n<p>Scheibenbremsen sind der neue Standard in der Technologie f\u00fcr Rennr\u00e4der. Sie bieten eine erh\u00f6hte Bremskraft, eine pr\u00e4zisere Messung und eine bessere Leistung unter allen Fahrbedingungen. F\u00fcr Fahrer und leistungsorientierte Fahrer verbessern Scheibenbremsen auch das allgemeine Handling des Fahrrads und tragen dazu bei, die Geschwindigkeit in den Kurven f\u00fcr glattere Flugbahnen zu halten.<\/p>\n<\/div>\n<div class=\"prodsheet_bullets col col-sm-8 col-md-8 col-lg-8\">\n<h4>DAS + PRODUKT:<\/h4>\n<ul>\n<li>Carbonrahmen und Gabel.<\/li>\n<li>Shimano Ultegra 2&#215;11 Geschwindigkeitsantrieb.<\/li>\n<li>Shimano Ultegra hydraulische Scheibenbremsen.<\/li>\n<li>Reynolds AR41 Carbonr\u00e4der.<\/li>\n<\/ul>\n<\/div>\n<div class=\"prodsheet_specs1 col col-sm-12 col-md-12 col-lg-12\">\n<h4>EINZELHEITEN:<\/h4>\n<table class=\"table table-striped\">\n<tbody>\n<tr>\n<td>Rahmen<\/td>\n<td>Kohlenstoff: FeltRoad 3.0 | UHC Advanced + TeXtreme Kohlefaser, Steckachse 12&#215;142 mm<\/td>\n<\/tr>\n<tr>\n<td>Gabel<\/td>\n<td>Kohlenstoff: FeltRoad 3.0 | UHC Advanced + TeXtreme Kohlefaser, Steckachse 12&#215;100 mm<\/td>\n<\/tr>\n<tr>\n<td>Schalthebel<\/td>\n<td>Shimano Ultegra R8020, 2 x 11 Geschwindigkeit<\/td>\n<\/tr>\n<tr>\n<td>Umwerfer<\/td>\n<td>Shimano Ultegra R8000, anl\u00f6ten<\/td>\n<\/tr>\n<tr>\n<td>Schaltwerk<\/td>\n<td>Shimano Ultegra R8000, kurzer K\u00e4fig, 11 Geschwindigkeit<\/td>\n<\/tr>\n<tr>\n<td>Kassette<\/td>\n<td>Shimano Ultegra R8000, 11-30 Z\u00e4hne<\/td>\n<\/tr>\n<tr>\n<td>Kette<\/td>\n<td>Shimano Ultegra HG701<\/td>\n<\/tr>\n<tr>\n<td>Bremsen<\/td>\n<td>Shimano Ultegra RT800, Hydraulikscheibe, flache Halterung, Center Lock, 160\/140 mm<\/td>\n<\/tr>\n<tr>\n<td>Kurbelgarnitur<\/td>\n<td>Shimano Ultegra R8000, 52\/36 Z\u00e4hne<\/td>\n<\/tr>\n<tr>\n<td>R\u00e4der<\/td>\n<td>Reynolds AR41 DB Custom, Shimano<\/td>\n<\/tr>\n<tr>\n<td>Reifen<\/td>\n<td>Vittoria Rubino Pro IV, 700 x 25 c<\/td>\n<\/tr>\n<tr>\n<td>Lenker<\/td>\n<td>Devox DBar.C1, 31,8 mm Klemmdurchmesser, 125 mm Fall, 65 mm Reichweite<\/td>\n<\/tr>\n<tr>\n<td>Galgen<\/td>\n<td>Devox StemR.A1, 31,8 mm Klemmdurchmesser, -7 \u00b0.<br \/>\nL\u00e4nge: 43,47 cm: 80 mm \/ 51 cm: 90 mm \/ 54,56 cm: 100 mm \/ 58 cm: 110 mm \/ 61 cm: 120 mm<\/td>\n<\/tr>\n<tr>\n<td>Sattel<\/td>\n<td>Prologo Dimension 143 T4.0<\/td>\n<\/tr>\n<tr>\n<td>Sattelschaft<\/td>\n<td>Devox Post.C2 Kappe, 31,8 mm Durchmesser, 0 mm Versatz<br \/>\nL\u00e4nge: 43, 47, 51 cm: 294 mm \/ 54, 56, 58, 61 cm: 344 mm<\/td>\n<\/tr>\n<tr>\n<td>Gewicht<\/td>\n<td>7,73 kg<\/td>\n<\/tr>\n<tr>\n<td>Farben<\/td>\n<td>Gr\u00fcn leuchten<\/td>\n<\/tr>\n<\/tbody>\n<\/table>\n<\/div>\n<div class=\"prodsheet_specs2 col col-sm-8 col-md-8 col-lg-8\">\n<h4>GEOMETRIEN:<\/h4>\n<p><img decoding=\"async\" src=\"http:\/\/media1.alltricks.fr\/ckfinder\/images\/cube_route_geo_en.jpg\" \/><\/p>\n<table class=\"table table-striped\">\n<tbody>\n<tr>\n<td>Gr\u00f6\u00dfe<\/td>\n<td>XXS<\/td>\n<td>XS<\/td>\n<td>S.<\/td>\n<td>M.<\/td>\n<td>L.<\/td>\n<td>XL<\/td>\n<td>XXL<\/td>\n<\/tr>\n<tr>\n<td>Rahmengr\u00f6\u00dfe (cm)<\/td>\n<td>43<\/td>\n<td>47<\/td>\n<td>51<\/td>\n<td>54<\/td>\n<td>56<\/td>\n<td>58<\/td>\n<td>61<\/td>\n<\/tr>\n<tr>\n<td>Sitzrohr (mm)<\/td>\n<td>405<\/td>\n<td>425<\/td>\n<td>465<\/td>\n<td>505<\/td>\n<td>525<\/td>\n<td>555<\/td>\n<td>595<\/td>\n<\/tr>\n<tr>\n<td>Oberrohr (mm)<\/td>\n<td>495<\/td>\n<td>512<\/td>\n<td>530<\/td>\n<td>548<\/td>\n<td>563<\/td>\n<td>583<\/td>\n<td>604<\/td>\n<\/tr>\n<tr>\n<td>Grundl\u00e4nge (mm)<\/td>\n<td>403<\/td>\n<td>403<\/td>\n<td>403<\/td>\n<td>405<\/td>\n<td>405<\/td>\n<td>407<\/td>\n<td>410<\/td>\n<\/tr>\n<tr>\n<td>Steuerrohr (mm)<\/td>\n<td>90<\/td>\n<td>100<\/td>\n<td>115<\/td>\n<td>135<\/td>\n<td>155<\/td>\n<td>177<\/td>\n<td>205<\/td>\n<\/tr>\n<tr>\n<td>Lenkwinkel (\u00b0)<\/td>\n<td>70,5<\/td>\n<td>71,5<\/td>\n<td>72,25<\/td>\n<td>73<\/td>\n<td>73,5<\/td>\n<td>73,75<\/td>\n<td>74<\/td>\n<\/tr>\n<tr>\n<td>Sitzrohrwinkel (\u00b0)<\/td>\n<td>75,25<\/td>\n<td>74,5<\/td>\n<td>74<\/td>\n<td>73,5<\/td>\n<td>73,5<\/td>\n<td>73,25<\/td>\n<td>73<\/td>\n<\/tr>\n<tr>\n<td>Radstand (mm)<\/td>\n<td>965<\/td>\n<td>967<\/td>\n<td>969<\/td>\n<td>980<\/td>\n<td>986<\/td>\n<td>1003<\/td>\n<td>1021<\/td>\n<\/tr>\n<tr>\n<td>Stapel (mm)<\/td>\n<td>499<\/td>\n<td>512<\/td>\n<td>530<\/td>\n<td>550<\/td>\n<td>572<\/td>\n<td>594<\/td>\n<td>621<\/td>\n<\/tr>\n<tr>\n<td>Reichweite (mm)<\/td>\n<td>&#8212; &#8212;.<\/td>\n<td>&#8212; &#8212;.<\/td>\n<td>&#8212; &#8212;.<\/td>\n<td>&#8212; &#8212;.<\/td>\n<td>&#8212; &#8212;.<\/td>\n<td>&#8212; &#8212;.<\/td>\n<td>&#8212; &#8212;.<\/td>\n<\/tr>\n<\/tbody>\n<\/table>\n<\/div>\n<\/div>\n<div id=\"product-header-order-form\" class=\"js-reload-on-event col-lg-20 col-md-20 col-sm-20 col-xs-20\" data-to-watch=\"body\" data-event=\"alltricks:cartChanged\" data-url=\"\/ajax\/product\/ajouter\/F-41505-velos-route-_-cyclocross-_-triathlon\/P-1685771-triathlonrad_felt_fr_advanced_ultegra_shimano_ultegra_11speed_700_mm_glow_green_2021\"><\/div>","protected":false},"excerpt":{"rendered":"<div class=\"col-lg-14 col-md-14 col-sm-14 col-xs-20\"><\/div>\n<div id=\"product-specifications-table\" class=\"col-lg-20 col-md-20 col-sm-20 col-xs-20\">\n<table class=\"table table-striped\">\n<tbody>\n<tr>\n<td class=\"spec-name\">Geschlecht<\/td>\n<td class=\"spec-value\">Herren<\/td>\n<\/tr>\n<tr>\n<td class=\"spec-name\">Gruppe<\/td>\n<td class=\"spec-value\">Shimano Ultegra 11S<\/td>\n<\/tr>\n<tr>\n<td class=\"spec-name\">collection<\/td>\n<td class=\"spec-value\">2022<\/td>\n<\/tr>\n<\/tbody>\n<\/table>\n<\/div>","protected":false},"featured_media":60828,"comment_status":"open","ping_status":"closed","template":"","meta":{"_rtcl_gb_attr":""},"product_brand":[],"product_cat":[129],"product_tag":[],"class_list":{"0":"post-12806","1":"product","2":"type-product","3":"status-publish","4":"has-post-thumbnail","6":"product_cat-rennrad","7":"pa_marke-felt","9":"first","10":"instock","11":"sale","12":"taxable","13":"shipping-taxable","14":"purchasable","15":"product-type-variable"},"yoast_head":"<!-- This site is optimized with the Yoast SEO Premium plugin v20.12 (Yoast SEO v27.4) - https:\/\/yoast.com\/product\/yoast-seo-premium-wordpress\/ -->\n<title>FELT FR ADVANCED ULTEGRA SHIMANO ULTEGRA GREEN 2021<\/title>\n<meta name=\"description\" content=\"Entdecken Sie unseren Online-Fahrradladen: Gro\u00dfe Auswahl an Modellen f\u00fcr alle Radsportbegeisterten. Von Rennr\u00e4dern bis zu Mountainbikes - finden Sie heute Ihren perfekten Wegbegleiter!\" \/>\n<meta name=\"robots\" content=\"index, follow, max-snippet:-1, max-image-preview:large, max-video-preview:-1\" \/>\n<link rel=\"canonical\" href=\"https:\/\/cioelectro.com\/en\/produkt\/felt-fr-advanced-ultegra-shimano-ultegra-green-2021\/\" \/>\n<meta property=\"og:locale\" content=\"en_US\" \/>\n<meta property=\"og:type\" content=\"article\" \/>\n<meta property=\"og:title\" content=\"FELT FR ADVANCED ULTEGRA SHIMANO ULTEGRA GREEN 2021\" \/>\n<meta property=\"og:description\" content=\"Entdecken Sie unseren Online-Fahrradladen: Gro\u00dfe Auswahl an Modellen f\u00fcr alle Radsportbegeisterten. Von Rennr\u00e4dern bis zu Mountainbikes - finden Sie heute Ihren perfekten Wegbegleiter!\" \/>\n<meta property=\"og:url\" content=\"https:\/\/cioelectro.com\/en\/produkt\/felt-fr-advanced-ultegra-shimano-ultegra-green-2021\/\" \/>\n<meta property=\"og:site_name\" content=\"cioelectro.com\" \/>\n<meta property=\"article:modified_time\" content=\"2023-08-10T16:09:28+00:00\" \/>\n<meta property=\"og:image\" content=\"https:\/\/cioelectro.com\/wp-content\/uploads\/2023\/06\/TRIATHLONRAD-FELT-FR-ADVANCED-ULTEGRA-SHIMANO-ULTEGRA-11SPEED-700-MM-GLOW-GREEN-2021.jpg\" \/>\n\t<meta property=\"og:image:width\" content=\"600\" \/>\n\t<meta property=\"og:image:height\" content=\"408\" \/>\n\t<meta property=\"og:image:type\" content=\"image\/jpeg\" \/>\n<meta name=\"twitter:card\" content=\"summary_large_image\" \/>\n<meta name=\"twitter:label1\" content=\"Est. reading time\" \/>\n\t<meta name=\"twitter:data1\" content=\"3 minutes\" \/>\n<script type=\"application\/ld+json\" class=\"yoast-schema-graph\">{\"@context\":\"https:\\\/\\\/schema.org\",\"@graph\":[{\"@type\":\"WebPage\",\"@id\":\"https:\\\/\\\/cioelectro.com\\\/produkt\\\/felt-fr-advanced-ultegra-shimano-ultegra-green-2021\\\/\",\"url\":\"https:\\\/\\\/cioelectro.com\\\/produkt\\\/felt-fr-advanced-ultegra-shimano-ultegra-green-2021\\\/\",\"name\":\"FELT FR ADVANCED ULTEGRA SHIMANO ULTEGRA GREEN 2021\",\"isPartOf\":{\"@id\":\"https:\\\/\\\/cioelectro.com\\\/#website\"},\"primaryImageOfPage\":{\"@id\":\"https:\\\/\\\/cioelectro.com\\\/produkt\\\/felt-fr-advanced-ultegra-shimano-ultegra-green-2021\\\/#primaryimage\"},\"image\":{\"@id\":\"https:\\\/\\\/cioelectro.com\\\/produkt\\\/felt-fr-advanced-ultegra-shimano-ultegra-green-2021\\\/#primaryimage\"},\"thumbnailUrl\":\"https:\\\/\\\/cioelectro.com\\\/wp-content\\\/uploads\\\/2023\\\/06\\\/TRIATHLONRAD-FELT-FR-ADVANCED-ULTEGRA-SHIMANO-ULTEGRA-11SPEED-700-MM-GLOW-GREEN-2021.jpg\",\"datePublished\":\"2022-08-05T17:33:40+00:00\",\"dateModified\":\"2023-08-10T16:09:28+00:00\",\"description\":\"Entdecken Sie unseren Online-Fahrradladen: Gro\u00dfe Auswahl an Modellen f\u00fcr alle Radsportbegeisterten. Von Rennr\u00e4dern bis zu Mountainbikes - finden Sie heute Ihren perfekten Wegbegleiter!\",\"breadcrumb\":{\"@id\":\"https:\\\/\\\/cioelectro.com\\\/produkt\\\/felt-fr-advanced-ultegra-shimano-ultegra-green-2021\\\/#breadcrumb\"},\"inLanguage\":\"en-US\",\"potentialAction\":[{\"@type\":\"ReadAction\",\"target\":[\"https:\\\/\\\/cioelectro.com\\\/produkt\\\/felt-fr-advanced-ultegra-shimano-ultegra-green-2021\\\/\"]}]},{\"@type\":\"ImageObject\",\"inLanguage\":\"en-US\",\"@id\":\"https:\\\/\\\/cioelectro.com\\\/produkt\\\/felt-fr-advanced-ultegra-shimano-ultegra-green-2021\\\/#primaryimage\",\"url\":\"https:\\\/\\\/cioelectro.com\\\/wp-content\\\/uploads\\\/2023\\\/06\\\/TRIATHLONRAD-FELT-FR-ADVANCED-ULTEGRA-SHIMANO-ULTEGRA-11SPEED-700-MM-GLOW-GREEN-2021.jpg\",\"contentUrl\":\"https:\\\/\\\/cioelectro.com\\\/wp-content\\\/uploads\\\/2023\\\/06\\\/TRIATHLONRAD-FELT-FR-ADVANCED-ULTEGRA-SHIMANO-ULTEGRA-11SPEED-700-MM-GLOW-GREEN-2021.jpg\",\"width\":600,\"height\":408,\"caption\":\"TRIATHLONRAD FELT FR ADVANCED ULTEGRA SHIMANO ULTEGRA 11SPEED 700 MM GLOW GREEN 2021\"},{\"@type\":\"BreadcrumbList\",\"@id\":\"https:\\\/\\\/cioelectro.com\\\/produkt\\\/felt-fr-advanced-ultegra-shimano-ultegra-green-2021\\\/#breadcrumb\",\"itemListElement\":[{\"@type\":\"ListItem\",\"position\":1,\"name\":\"Startseite\",\"item\":\"https:\\\/\\\/cioelectro.com\\\/\"},{\"@type\":\"ListItem\",\"position\":2,\"name\":\"LADEN\",\"item\":\"https:\\\/\\\/cioelectro.com\\\/laden\\\/\"},{\"@type\":\"ListItem\",\"position\":3,\"name\":\"FELT FR ADVANCED ULTEGRA SHIMANO ULTEGRA GREEN 2021\"}]},{\"@type\":\"WebSite\",\"@id\":\"https:\\\/\\\/cioelectro.com\\\/#website\",\"url\":\"https:\\\/\\\/cioelectro.com\\\/\",\"name\":\"cioelectro.com\",\"description\":\"Treten Sie mit uns ins Abenteuer!\",\"publisher\":{\"@id\":\"https:\\\/\\\/cioelectro.com\\\/#organization\"},\"alternateName\":\"MEIN RADLADEN\",\"potentialAction\":[{\"@type\":\"SearchAction\",\"target\":{\"@type\":\"EntryPoint\",\"urlTemplate\":\"https:\\\/\\\/cioelectro.com\\\/?s={search_term_string}\"},\"query-input\":{\"@type\":\"PropertyValueSpecification\",\"valueRequired\":true,\"valueName\":\"search_term_string\"}}],\"inLanguage\":\"en-US\"},{\"@type\":\"Organization\",\"@id\":\"https:\\\/\\\/cioelectro.com\\\/#organization\",\"name\":\"CIOELECTRO\",\"alternateName\":\"MEIN RADLADEN\",\"url\":\"https:\\\/\\\/cioelectro.com\\\/\",\"logo\":{\"@type\":\"ImageObject\",\"inLanguage\":\"en-US\",\"@id\":\"https:\\\/\\\/cioelectro.com\\\/#\\\/schema\\\/logo\\\/image\\\/\",\"url\":\"https:\\\/\\\/cioelectro.com\\\/wp-content\\\/uploads\\\/2025\\\/12\\\/Logo-2-1200x800.png\",\"contentUrl\":\"https:\\\/\\\/cioelectro.com\\\/wp-content\\\/uploads\\\/2025\\\/12\\\/Logo-2-1200x800.png\",\"width\":1200,\"height\":800,\"caption\":\"CIOELECTRO\"},\"image\":{\"@id\":\"https:\\\/\\\/cioelectro.com\\\/#\\\/schema\\\/logo\\\/image\\\/\"}}]}<\/script>\n<!-- \/ Yoast SEO Premium plugin. -->","yoast_head_json":{"title":"FELT FR ADVANCED ULTEGRA SHIMANO ULTEGRA GREEN 2021","description":"Entdecken Sie unseren Online-Fahrradladen: Gro\u00dfe Auswahl an Modellen f\u00fcr alle Radsportbegeisterten. Von Rennr\u00e4dern bis zu Mountainbikes - finden Sie heute Ihren perfekten Wegbegleiter!","robots":{"index":"index","follow":"follow","max-snippet":"max-snippet:-1","max-image-preview":"max-image-preview:large","max-video-preview":"max-video-preview:-1"},"canonical":"https:\/\/cioelectro.com\/en\/produkt\/felt-fr-advanced-ultegra-shimano-ultegra-green-2021\/","og_locale":"en_US","og_type":"article","og_title":"FELT FR ADVANCED ULTEGRA SHIMANO ULTEGRA GREEN 2021","og_description":"Entdecken Sie unseren Online-Fahrradladen: Gro\u00dfe Auswahl an Modellen f\u00fcr alle Radsportbegeisterten. Von Rennr\u00e4dern bis zu Mountainbikes - finden Sie heute Ihren perfekten Wegbegleiter!","og_url":"https:\/\/cioelectro.com\/en\/produkt\/felt-fr-advanced-ultegra-shimano-ultegra-green-2021\/","og_site_name":"cioelectro.com","article_modified_time":"2023-08-10T16:09:28+00:00","og_image":[{"width":600,"height":408,"url":"https:\/\/cioelectro.com\/wp-content\/uploads\/2023\/06\/TRIATHLONRAD-FELT-FR-ADVANCED-ULTEGRA-SHIMANO-ULTEGRA-11SPEED-700-MM-GLOW-GREEN-2021.jpg","type":"image\/jpeg"}],"twitter_card":"summary_large_image","twitter_misc":{"Est. reading time":"3 minutes"},"schema":{"@context":"https:\/\/schema.org","@graph":[{"@type":"WebPage","@id":"https:\/\/cioelectro.com\/produkt\/felt-fr-advanced-ultegra-shimano-ultegra-green-2021\/","url":"https:\/\/cioelectro.com\/produkt\/felt-fr-advanced-ultegra-shimano-ultegra-green-2021\/","name":"FELT FR ADVANCED ULTEGRA SHIMANO ULTEGRA GREEN 2021","isPartOf":{"@id":"https:\/\/cioelectro.com\/#website"},"primaryImageOfPage":{"@id":"https:\/\/cioelectro.com\/produkt\/felt-fr-advanced-ultegra-shimano-ultegra-green-2021\/#primaryimage"},"image":{"@id":"https:\/\/cioelectro.com\/produkt\/felt-fr-advanced-ultegra-shimano-ultegra-green-2021\/#primaryimage"},"thumbnailUrl":"https:\/\/cioelectro.com\/wp-content\/uploads\/2023\/06\/TRIATHLONRAD-FELT-FR-ADVANCED-ULTEGRA-SHIMANO-ULTEGRA-11SPEED-700-MM-GLOW-GREEN-2021.jpg","datePublished":"2022-08-05T17:33:40+00:00","dateModified":"2023-08-10T16:09:28+00:00","description":"Entdecken Sie unseren Online-Fahrradladen: Gro\u00dfe Auswahl an Modellen f\u00fcr alle Radsportbegeisterten. Von Rennr\u00e4dern bis zu Mountainbikes - finden Sie heute Ihren perfekten Wegbegleiter!","breadcrumb":{"@id":"https:\/\/cioelectro.com\/produkt\/felt-fr-advanced-ultegra-shimano-ultegra-green-2021\/#breadcrumb"},"inLanguage":"en-US","potentialAction":[{"@type":"ReadAction","target":["https:\/\/cioelectro.com\/produkt\/felt-fr-advanced-ultegra-shimano-ultegra-green-2021\/"]}]},{"@type":"ImageObject","inLanguage":"en-US","@id":"https:\/\/cioelectro.com\/produkt\/felt-fr-advanced-ultegra-shimano-ultegra-green-2021\/#primaryimage","url":"https:\/\/cioelectro.com\/wp-content\/uploads\/2023\/06\/TRIATHLONRAD-FELT-FR-ADVANCED-ULTEGRA-SHIMANO-ULTEGRA-11SPEED-700-MM-GLOW-GREEN-2021.jpg","contentUrl":"https:\/\/cioelectro.com\/wp-content\/uploads\/2023\/06\/TRIATHLONRAD-FELT-FR-ADVANCED-ULTEGRA-SHIMANO-ULTEGRA-11SPEED-700-MM-GLOW-GREEN-2021.jpg","width":600,"height":408,"caption":"TRIATHLONRAD FELT FR ADVANCED ULTEGRA SHIMANO ULTEGRA 11SPEED 700 MM GLOW GREEN 2021"},{"@type":"BreadcrumbList","@id":"https:\/\/cioelectro.com\/produkt\/felt-fr-advanced-ultegra-shimano-ultegra-green-2021\/#breadcrumb","itemListElement":[{"@type":"ListItem","position":1,"name":"Startseite","item":"https:\/\/cioelectro.com\/"},{"@type":"ListItem","position":2,"name":"LADEN","item":"https:\/\/cioelectro.com\/laden\/"},{"@type":"ListItem","position":3,"name":"FELT FR ADVANCED ULTEGRA SHIMANO ULTEGRA GREEN 2021"}]},{"@type":"WebSite","@id":"https:\/\/cioelectro.com\/#website","url":"https:\/\/cioelectro.com\/","name":"cioelectro.com","description":"Treten Sie mit uns ins Abenteuer!","publisher":{"@id":"https:\/\/cioelectro.com\/#organization"},"alternateName":"MEIN RADLADEN","potentialAction":[{"@type":"SearchAction","target":{"@type":"EntryPoint","urlTemplate":"https:\/\/cioelectro.com\/?s={search_term_string}"},"query-input":{"@type":"PropertyValueSpecification","valueRequired":true,"valueName":"search_term_string"}}],"inLanguage":"en-US"},{"@type":"Organization","@id":"https:\/\/cioelectro.com\/#organization","name":"CIOELECTRO","alternateName":"MEIN RADLADEN","url":"https:\/\/cioelectro.com\/","logo":{"@type":"ImageObject","inLanguage":"en-US","@id":"https:\/\/cioelectro.com\/#\/schema\/logo\/image\/","url":"https:\/\/cioelectro.com\/wp-content\/uploads\/2025\/12\/Logo-2-1200x800.png","contentUrl":"https:\/\/cioelectro.com\/wp-content\/uploads\/2025\/12\/Logo-2-1200x800.png","width":1200,"height":800,"caption":"CIOELECTRO"},"image":{"@id":"https:\/\/cioelectro.com\/#\/schema\/logo\/image\/"}}]}},"_links":{"self":[{"href":"https:\/\/cioelectro.com\/en\/wp-json\/wp\/v2\/product\/12806","targetHints":{"allow":["GET"]}}],"collection":[{"href":"https:\/\/cioelectro.com\/en\/wp-json\/wp\/v2\/product"}],"about":[{"href":"https:\/\/cioelectro.com\/en\/wp-json\/wp\/v2\/types\/product"}],"replies":[{"embeddable":true,"href":"https:\/\/cioelectro.com\/en\/wp-json\/wp\/v2\/comments?post=12806"}],"version-history":[{"count":0,"href":"https:\/\/cioelectro.com\/en\/wp-json\/wp\/v2\/product\/12806\/revisions"}],"wp:featuredmedia":[{"embeddable":true,"href":"https:\/\/cioelectro.com\/en\/wp-json\/wp\/v2\/media\/60828"}],"wp:attachment":[{"href":"https:\/\/cioelectro.com\/en\/wp-json\/wp\/v2\/media?parent=12806"}],"wp:term":[{"taxonomy":"product_brand","embeddable":true,"href":"https:\/\/cioelectro.com\/en\/wp-json\/wp\/v2\/product_brand?post=12806"},{"taxonomy":"product_cat","embeddable":true,"href":"https:\/\/cioelectro.com\/en\/wp-json\/wp\/v2\/product_cat?post=12806"},{"taxonomy":"product_tag","embeddable":true,"href":"https:\/\/cioelectro.com\/en\/wp-json\/wp\/v2\/product_tag?post=12806"}],"curies":[{"name":"wp","href":"https:\/\/api.w.org\/{rel}","templated":true}]}}