{"id":12857,"date":"2022-08-05T20:42:01","date_gmt":"2022-08-05T18:42:01","guid":{"rendered":"https:\/\/meinradladen.com\/?post_type=product&#038;p=12857"},"modified":"2023-08-10T18:03:22","modified_gmt":"2023-08-10T16:03:22","slug":"felt-fr-ar-advanced-ultegra-di2-rennrad-blau-aquafresh-2021","status":"publish","type":"product","link":"https:\/\/cioelectro.com\/en\/produkt\/felt-fr-ar-advanced-ultegra-di2-rennrad-blau-aquafresh-2021\/","title":{"rendered":"FELT FR AR ADVANCED ULTEGRA DI2 RENNRAD BLAU AQUAFRESH 2021"},"content":{"rendered":"<div id=\"product-header-order-name\" class=\"col-lg-20 col-md-20 col-sm-20 col-xs-20\">\n<h2 class=\"heading-title-text\">FELT FR AR ADVANCED ULTEGRA DI2 RENNRAD SHIMANO ULTEGRA DI2 11F 700MM BLAU AQUAFRESH 2021<\/h2>\n<\/div>\n<div id=\"product-header-order-form\" class=\"js-reload-on-event col-lg-20 col-md-20 col-sm-20 col-xs-20\" data-to-watch=\"body\" data-event=\"alltricks:cartChanged\" data-url=\"\/ajax\/product\/ajouter\/F-41505-velos-route-_-cyclocross-_-triathlon\/P-1931278-felt_fr_ar_advanced_ultegra_di2_rennrad_shimano_ultegra_di2_11f_700mm_blau_aquafresh_2021\">\n<div class=\"col col-sm-12 col-md-12 col-lg-12\">\n<p>Das\u00a0<strong>AR Advanced Ultegra Di2 Modell<\/strong>\u00a0<strong>ist das<\/strong>\u00a0schnellste Rennrad von Felt. Aerodynamische Effizienz kombiniert mit einem reibungslosen Fahrkomfort, gepaart mit einer fein kuratierten Komponentenauswahl.<\/p>\n<\/div>\n<div class=\"prodsheet_bullets col col-sm-8 col-md-8 col-lg-8\">\n<h4>HAUPTEIGENSCHAFTEN:<\/h4>\n<ul>\n<li>Rahmen und Gabel aus Carbon.<\/li>\n<li>Shimano Ultegra Di2 elektronisches Getriebe<\/li>\n<li>Shimano Ultegra hydraulische Scheibenbremsen, 160\/140 mm.<\/li>\n<li>Teilintegriertes Cockpit f\u00fcr Leistung und Wartungsfreundlichkeit<\/li>\n<li>Reynolds AR58 Carbonlaufr\u00e4der.<\/li>\n<\/ul>\n<\/div>\n<div class=\"prodsheet_specs1 col col-sm-12 col-md-12 col-lg-12\">\n<h4>EINZELHEITEN:<\/h4>\n<table class=\"table table-striped\">\n<tbody>\n<tr>\n<td>Rahmen<\/td>\n<td>Carbon: Filz AeroRoad 3.0 | UHC Advanced + TeXtreme Kohlefaser, Steckachse 12&#215;142 mm<\/td>\n<\/tr>\n<tr>\n<td>Gabel<\/td>\n<td>Carbon: Filz AeroRoad 3.0 | UHC Advanced + TeXtreme Kohlefaser, Steckachse 12&#215;100 mm<\/td>\n<\/tr>\n<tr>\n<td>Schalthebel<\/td>\n<td>Shimano Ultegra Di2 R8070, 2 x 11-fach<\/td>\n<\/tr>\n<tr>\n<td>Umwerfer<\/td>\n<td>Shimano Ultegra R8050 Di2, Anl\u00f6t<\/td>\n<\/tr>\n<tr>\n<td>Schaltwerk<\/td>\n<td>Shimano Ultegra R8050 Di2, kurzer K\u00e4fig, 11-fach<\/td>\n<\/tr>\n<tr>\n<td>Kassette<\/td>\n<td>Shimano Ultegra R8000, 11-30 Z\u00e4hne<\/td>\n<\/tr>\n<tr>\n<td>Kette<\/td>\n<td>Shimano Ultegra HG701<\/td>\n<\/tr>\n<tr>\n<td>Bremsen<\/td>\n<td>Shimano Ultegra RT800, hydraulische Scheibe, Flat Mount, Center Lock, 160 \/ 140 mm<\/td>\n<\/tr>\n<tr>\n<td>Kurbel<\/td>\n<td>himano Ultegra R8000, 52\/36 Z\u00e4hne \/<br \/>\n48cm: 165mm \/ 51cm: 170mm \/ 54, 56cm: 172,5mm \/ 58, 61cm: 175mm<\/td>\n<\/tr>\n<tr>\n<td>R\u00e4der<\/td>\n<td>Reynolds AR58 DB Custom, Shimano<\/td>\n<\/tr>\n<tr>\n<td>Reifen<\/td>\n<td>Kontinentaler Grand Prix 5000, 700x25c<\/td>\n<\/tr>\n<tr>\n<td>Lenker<\/td>\n<td>Devox DBar.C0 Aero, 31,8 mm Klemmdurchmesser, 125 mm Drop, 80 mm Reach<\/td>\n<\/tr>\n<tr>\n<td>Stengel<\/td>\n<td>Filz Sprint | UHC Advanced Kohlefaser -6 \u00b0<br \/>\nL\u00e4nge: 48,51cm: 90mm \/ 54,56cm: 100mm \/ 58cm: 110mm \/ 61cm: 120mm \/ Aftermarket: 130, 140mm<\/td>\n<\/tr>\n<tr>\n<td>Sattel<\/td>\n<td>Prologo Dimension 143 T4.0<\/td>\n<\/tr>\n<tr>\n<td>Sattelst\u00fctze<\/td>\n<td>Filz AeroRoad IL 2.0 | UHC Advanced Kohlefaser, 0 mm Offset<br \/>\nL\u00e4nge: 350mm * kann auf L\u00e4nge geschnitten werden<\/td>\n<\/tr>\n<tr>\n<td>Gewicht<\/td>\n<td>8,26 kg<\/td>\n<\/tr>\n<tr>\n<td>Farben<\/td>\n<td>Aquafresh<\/td>\n<\/tr>\n<\/tbody>\n<\/table>\n<\/div>\n<div class=\"prodsheet_specs2 col col-sm-8 col-md-8 col-lg-8\">\n<h4>GEOMETRIEN:<\/h4>\n<p><img decoding=\"async\" src=\"http:\/\/media1.alltricks.fr\/ckfinder\/images\/cube_route_geo_en.jpg\" \/><\/p>\n<table class=\"table table-striped\">\n<tbody>\n<tr>\n<td>Gr\u00f6\u00dfe<\/td>\n<td>XS<\/td>\n<td>S<\/td>\n<td>M<\/td>\n<td>L<\/td>\n<td>XL<\/td>\n<td>XXL<\/td>\n<\/tr>\n<tr>\n<td>Rahmengr\u00f6\u00dfe (cm)<\/td>\n<td>48<\/td>\n<td>51<\/td>\n<td>54<\/td>\n<td>56<\/td>\n<td>58<\/td>\n<td>61<\/td>\n<\/tr>\n<tr>\n<td>Sitzrohr (mm)<\/td>\n<td>441<\/td>\n<td>473<\/td>\n<td>502,5<\/td>\n<td>526<\/td>\n<td>553<\/td>\n<td>601<\/td>\n<\/tr>\n<tr>\n<td>Oberrohr (mm)<\/td>\n<td>509<\/td>\n<td>529<\/td>\n<td>543<\/td>\n<td>560<\/td>\n<td>580<\/td>\n<td>605<\/td>\n<\/tr>\n<tr>\n<td>Basisl\u00e4nge (mm)<\/td>\n<td>408<\/td>\n<td>408<\/td>\n<td>410<\/td>\n<td>410<\/td>\n<td>410<\/td>\n<td>412<\/td>\n<\/tr>\n<tr>\n<td>Steuerrohr (mm)<\/td>\n<td>97<\/td>\n<td>111<\/td>\n<td>130<\/td>\n<td>150<\/td>\n<td>167<\/td>\n<td>197,5<\/td>\n<\/tr>\n<tr>\n<td>Lenkwinkel (\u00b0)<\/td>\n<td>71<\/td>\n<td>72,1<\/td>\n<td>73<\/td>\n<td>73,5<\/td>\n<td>74<\/td>\n<td>74<\/td>\n<\/tr>\n<tr>\n<td>Sitzwinkel (\u00b0)<\/td>\n<td>74,3<\/td>\n<td>74,4<\/td>\n<td>73,5<\/td>\n<td>73,5<\/td>\n<td>73,5<\/td>\n<td>73<\/td>\n<\/tr>\n<tr>\n<td>Radstand (mm)<\/td>\n<td>974<\/td>\n<td>977<\/td>\n<td>980<\/td>\n<td>988<\/td>\n<td>1003<\/td>\n<td>1024<\/td>\n<\/tr>\n<tr>\n<td>Stapel (mm)<\/td>\n<td>501<\/td>\n<td>518<\/td>\n<td>539<\/td>\n<td>561<\/td>\n<td>579<\/td>\n<td>608<\/td>\n<\/tr>\n<tr>\n<td>Reichweite (mm)<\/td>\n<td>370<\/td>\n<td>381<\/td>\n<td>383<\/td>\n<td>394<\/td>\n<td>408<\/td>\n<td>419<\/td>\n<\/tr>\n<\/tbody>\n<\/table>\n<\/div>\n<\/div>","protected":false},"excerpt":{"rendered":"<p>FELT FR AR ADVANCED ULTEGRA DI2 RENNRAD SHIMANO ULTEGRA DI2 11F 700MM BLAU AQUAFRESH 2021 Das\u00a0AR Advanced Ultegra Di2 Modell\u00a0ist<\/p>","protected":false},"featured_media":60839,"comment_status":"open","ping_status":"closed","template":"","meta":{"_rtcl_gb_attr":""},"product_brand":[],"product_cat":[129],"product_tag":[],"class_list":{"0":"post-12857","1":"product","2":"type-product","3":"status-publish","4":"has-post-thumbnail","6":"product_cat-rennrad","7":"pa_marke-felt","9":"first","10":"instock","11":"sale","12":"taxable","13":"shipping-taxable","14":"purchasable","15":"product-type-variable"},"yoast_head":"<!-- This site is optimized with the Yoast SEO Premium plugin v20.12 (Yoast SEO v27.4) - https:\/\/yoast.com\/product\/yoast-seo-premium-wordpress\/ -->\n<title>FELT FR AR ADVANCED ULTEGRA DI2 RENNRAD BLAU<\/title>\n<meta name=\"description\" content=\"Entdecken Sie unseren Online-Fahrradladen: Gro\u00dfe Auswahl an Modellen f\u00fcr alle Radsportbegeisterten. Von Rennr\u00e4dern bis zu Mountainbikes - finden Sie heute Ihren perfekten Wegbegleiter!\" \/>\n<meta name=\"robots\" content=\"index, follow, max-snippet:-1, max-image-preview:large, max-video-preview:-1\" \/>\n<link rel=\"canonical\" href=\"https:\/\/cioelectro.com\/en\/produkt\/felt-fr-ar-advanced-ultegra-di2-rennrad-blau-aquafresh-2021\/\" \/>\n<meta property=\"og:locale\" content=\"en_US\" \/>\n<meta property=\"og:type\" content=\"article\" \/>\n<meta property=\"og:title\" content=\"FELT FR AR ADVANCED ULTEGRA DI2 RENNRAD BLAU AQUAFRESH 2021\" \/>\n<meta property=\"og:description\" content=\"Entdecken Sie unseren Online-Fahrradladen: Gro\u00dfe Auswahl an Modellen f\u00fcr alle Radsportbegeisterten. Von Rennr\u00e4dern bis zu Mountainbikes - finden Sie heute Ihren perfekten Wegbegleiter!\" \/>\n<meta property=\"og:url\" content=\"https:\/\/cioelectro.com\/en\/produkt\/felt-fr-ar-advanced-ultegra-di2-rennrad-blau-aquafresh-2021\/\" \/>\n<meta property=\"og:site_name\" content=\"cioelectro.com\" \/>\n<meta property=\"article:modified_time\" content=\"2023-08-10T16:03:22+00:00\" \/>\n<meta property=\"og:image\" content=\"https:\/\/cioelectro.com\/wp-content\/uploads\/2023\/06\/FELT-FR-AR-ADVANCED-ULTEGRA-DI2-RENNRAD-SHIMANO-ULTEGRA-DI2-11F-700MM-BLAU-AQUAFRESH-2021.jpg\" \/>\n\t<meta property=\"og:image:width\" content=\"600\" \/>\n\t<meta property=\"og:image:height\" content=\"408\" \/>\n\t<meta property=\"og:image:type\" content=\"image\/jpeg\" \/>\n<meta name=\"twitter:card\" content=\"summary_large_image\" \/>\n<meta name=\"twitter:label1\" content=\"Est. reading time\" \/>\n\t<meta name=\"twitter:data1\" content=\"3 minutes\" \/>\n<script type=\"application\/ld+json\" class=\"yoast-schema-graph\">{\"@context\":\"https:\\\/\\\/schema.org\",\"@graph\":[{\"@type\":\"WebPage\",\"@id\":\"https:\\\/\\\/cioelectro.com\\\/produkt\\\/felt-fr-ar-advanced-ultegra-di2-rennrad-blau-aquafresh-2021\\\/\",\"url\":\"https:\\\/\\\/cioelectro.com\\\/produkt\\\/felt-fr-ar-advanced-ultegra-di2-rennrad-blau-aquafresh-2021\\\/\",\"name\":\"FELT FR AR ADVANCED ULTEGRA DI2 RENNRAD BLAU\",\"isPartOf\":{\"@id\":\"https:\\\/\\\/cioelectro.com\\\/#website\"},\"primaryImageOfPage\":{\"@id\":\"https:\\\/\\\/cioelectro.com\\\/produkt\\\/felt-fr-ar-advanced-ultegra-di2-rennrad-blau-aquafresh-2021\\\/#primaryimage\"},\"image\":{\"@id\":\"https:\\\/\\\/cioelectro.com\\\/produkt\\\/felt-fr-ar-advanced-ultegra-di2-rennrad-blau-aquafresh-2021\\\/#primaryimage\"},\"thumbnailUrl\":\"https:\\\/\\\/cioelectro.com\\\/wp-content\\\/uploads\\\/2023\\\/06\\\/FELT-FR-AR-ADVANCED-ULTEGRA-DI2-RENNRAD-SHIMANO-ULTEGRA-DI2-11F-700MM-BLAU-AQUAFRESH-2021.jpg\",\"datePublished\":\"2022-08-05T18:42:01+00:00\",\"dateModified\":\"2023-08-10T16:03:22+00:00\",\"description\":\"Entdecken Sie unseren Online-Fahrradladen: Gro\u00dfe Auswahl an Modellen f\u00fcr alle Radsportbegeisterten. Von Rennr\u00e4dern bis zu Mountainbikes - finden Sie heute Ihren perfekten Wegbegleiter!\",\"breadcrumb\":{\"@id\":\"https:\\\/\\\/cioelectro.com\\\/produkt\\\/felt-fr-ar-advanced-ultegra-di2-rennrad-blau-aquafresh-2021\\\/#breadcrumb\"},\"inLanguage\":\"en-US\",\"potentialAction\":[{\"@type\":\"ReadAction\",\"target\":[\"https:\\\/\\\/cioelectro.com\\\/produkt\\\/felt-fr-ar-advanced-ultegra-di2-rennrad-blau-aquafresh-2021\\\/\"]}]},{\"@type\":\"ImageObject\",\"inLanguage\":\"en-US\",\"@id\":\"https:\\\/\\\/cioelectro.com\\\/produkt\\\/felt-fr-ar-advanced-ultegra-di2-rennrad-blau-aquafresh-2021\\\/#primaryimage\",\"url\":\"https:\\\/\\\/cioelectro.com\\\/wp-content\\\/uploads\\\/2023\\\/06\\\/FELT-FR-AR-ADVANCED-ULTEGRA-DI2-RENNRAD-SHIMANO-ULTEGRA-DI2-11F-700MM-BLAU-AQUAFRESH-2021.jpg\",\"contentUrl\":\"https:\\\/\\\/cioelectro.com\\\/wp-content\\\/uploads\\\/2023\\\/06\\\/FELT-FR-AR-ADVANCED-ULTEGRA-DI2-RENNRAD-SHIMANO-ULTEGRA-DI2-11F-700MM-BLAU-AQUAFRESH-2021.jpg\",\"width\":600,\"height\":408,\"caption\":\"FELT FR AR ADVANCED ULTEGRA DI2 RENNRAD SHIMANO ULTEGRA DI2 11F 700MM BLAU AQUAFRESH 2021\"},{\"@type\":\"BreadcrumbList\",\"@id\":\"https:\\\/\\\/cioelectro.com\\\/produkt\\\/felt-fr-ar-advanced-ultegra-di2-rennrad-blau-aquafresh-2021\\\/#breadcrumb\",\"itemListElement\":[{\"@type\":\"ListItem\",\"position\":1,\"name\":\"Startseite\",\"item\":\"https:\\\/\\\/cioelectro.com\\\/\"},{\"@type\":\"ListItem\",\"position\":2,\"name\":\"LADEN\",\"item\":\"https:\\\/\\\/cioelectro.com\\\/laden\\\/\"},{\"@type\":\"ListItem\",\"position\":3,\"name\":\"FELT FR AR ADVANCED ULTEGRA DI2 RENNRAD BLAU AQUAFRESH 2021\"}]},{\"@type\":\"WebSite\",\"@id\":\"https:\\\/\\\/cioelectro.com\\\/#website\",\"url\":\"https:\\\/\\\/cioelectro.com\\\/\",\"name\":\"cioelectro.com\",\"description\":\"Treten Sie mit uns ins Abenteuer!\",\"publisher\":{\"@id\":\"https:\\\/\\\/cioelectro.com\\\/#organization\"},\"alternateName\":\"MEIN RADLADEN\",\"potentialAction\":[{\"@type\":\"SearchAction\",\"target\":{\"@type\":\"EntryPoint\",\"urlTemplate\":\"https:\\\/\\\/cioelectro.com\\\/?s={search_term_string}\"},\"query-input\":{\"@type\":\"PropertyValueSpecification\",\"valueRequired\":true,\"valueName\":\"search_term_string\"}}],\"inLanguage\":\"en-US\"},{\"@type\":\"Organization\",\"@id\":\"https:\\\/\\\/cioelectro.com\\\/#organization\",\"name\":\"CIOELECTRO\",\"alternateName\":\"MEIN RADLADEN\",\"url\":\"https:\\\/\\\/cioelectro.com\\\/\",\"logo\":{\"@type\":\"ImageObject\",\"inLanguage\":\"en-US\",\"@id\":\"https:\\\/\\\/cioelectro.com\\\/#\\\/schema\\\/logo\\\/image\\\/\",\"url\":\"https:\\\/\\\/cioelectro.com\\\/wp-content\\\/uploads\\\/2025\\\/12\\\/Logo-2-1200x800.png\",\"contentUrl\":\"https:\\\/\\\/cioelectro.com\\\/wp-content\\\/uploads\\\/2025\\\/12\\\/Logo-2-1200x800.png\",\"width\":1200,\"height\":800,\"caption\":\"CIOELECTRO\"},\"image\":{\"@id\":\"https:\\\/\\\/cioelectro.com\\\/#\\\/schema\\\/logo\\\/image\\\/\"}}]}<\/script>\n<!-- \/ Yoast SEO Premium plugin. -->","yoast_head_json":{"title":"FELT FR AR ADVANCED ULTEGRA DI2 RENNRAD BLAU","description":"Entdecken Sie unseren Online-Fahrradladen: Gro\u00dfe Auswahl an Modellen f\u00fcr alle Radsportbegeisterten. Von Rennr\u00e4dern bis zu Mountainbikes - finden Sie heute Ihren perfekten Wegbegleiter!","robots":{"index":"index","follow":"follow","max-snippet":"max-snippet:-1","max-image-preview":"max-image-preview:large","max-video-preview":"max-video-preview:-1"},"canonical":"https:\/\/cioelectro.com\/en\/produkt\/felt-fr-ar-advanced-ultegra-di2-rennrad-blau-aquafresh-2021\/","og_locale":"en_US","og_type":"article","og_title":"FELT FR AR ADVANCED ULTEGRA DI2 RENNRAD BLAU AQUAFRESH 2021","og_description":"Entdecken Sie unseren Online-Fahrradladen: Gro\u00dfe Auswahl an Modellen f\u00fcr alle Radsportbegeisterten. Von Rennr\u00e4dern bis zu Mountainbikes - finden Sie heute Ihren perfekten Wegbegleiter!","og_url":"https:\/\/cioelectro.com\/en\/produkt\/felt-fr-ar-advanced-ultegra-di2-rennrad-blau-aquafresh-2021\/","og_site_name":"cioelectro.com","article_modified_time":"2023-08-10T16:03:22+00:00","og_image":[{"width":600,"height":408,"url":"https:\/\/cioelectro.com\/wp-content\/uploads\/2023\/06\/FELT-FR-AR-ADVANCED-ULTEGRA-DI2-RENNRAD-SHIMANO-ULTEGRA-DI2-11F-700MM-BLAU-AQUAFRESH-2021.jpg","type":"image\/jpeg"}],"twitter_card":"summary_large_image","twitter_misc":{"Est. reading time":"3 minutes"},"schema":{"@context":"https:\/\/schema.org","@graph":[{"@type":"WebPage","@id":"https:\/\/cioelectro.com\/produkt\/felt-fr-ar-advanced-ultegra-di2-rennrad-blau-aquafresh-2021\/","url":"https:\/\/cioelectro.com\/produkt\/felt-fr-ar-advanced-ultegra-di2-rennrad-blau-aquafresh-2021\/","name":"FELT FR AR ADVANCED ULTEGRA DI2 RENNRAD BLAU","isPartOf":{"@id":"https:\/\/cioelectro.com\/#website"},"primaryImageOfPage":{"@id":"https:\/\/cioelectro.com\/produkt\/felt-fr-ar-advanced-ultegra-di2-rennrad-blau-aquafresh-2021\/#primaryimage"},"image":{"@id":"https:\/\/cioelectro.com\/produkt\/felt-fr-ar-advanced-ultegra-di2-rennrad-blau-aquafresh-2021\/#primaryimage"},"thumbnailUrl":"https:\/\/cioelectro.com\/wp-content\/uploads\/2023\/06\/FELT-FR-AR-ADVANCED-ULTEGRA-DI2-RENNRAD-SHIMANO-ULTEGRA-DI2-11F-700MM-BLAU-AQUAFRESH-2021.jpg","datePublished":"2022-08-05T18:42:01+00:00","dateModified":"2023-08-10T16:03:22+00:00","description":"Entdecken Sie unseren Online-Fahrradladen: Gro\u00dfe Auswahl an Modellen f\u00fcr alle Radsportbegeisterten. Von Rennr\u00e4dern bis zu Mountainbikes - finden Sie heute Ihren perfekten Wegbegleiter!","breadcrumb":{"@id":"https:\/\/cioelectro.com\/produkt\/felt-fr-ar-advanced-ultegra-di2-rennrad-blau-aquafresh-2021\/#breadcrumb"},"inLanguage":"en-US","potentialAction":[{"@type":"ReadAction","target":["https:\/\/cioelectro.com\/produkt\/felt-fr-ar-advanced-ultegra-di2-rennrad-blau-aquafresh-2021\/"]}]},{"@type":"ImageObject","inLanguage":"en-US","@id":"https:\/\/cioelectro.com\/produkt\/felt-fr-ar-advanced-ultegra-di2-rennrad-blau-aquafresh-2021\/#primaryimage","url":"https:\/\/cioelectro.com\/wp-content\/uploads\/2023\/06\/FELT-FR-AR-ADVANCED-ULTEGRA-DI2-RENNRAD-SHIMANO-ULTEGRA-DI2-11F-700MM-BLAU-AQUAFRESH-2021.jpg","contentUrl":"https:\/\/cioelectro.com\/wp-content\/uploads\/2023\/06\/FELT-FR-AR-ADVANCED-ULTEGRA-DI2-RENNRAD-SHIMANO-ULTEGRA-DI2-11F-700MM-BLAU-AQUAFRESH-2021.jpg","width":600,"height":408,"caption":"FELT FR AR ADVANCED ULTEGRA DI2 RENNRAD SHIMANO ULTEGRA DI2 11F 700MM BLAU AQUAFRESH 2021"},{"@type":"BreadcrumbList","@id":"https:\/\/cioelectro.com\/produkt\/felt-fr-ar-advanced-ultegra-di2-rennrad-blau-aquafresh-2021\/#breadcrumb","itemListElement":[{"@type":"ListItem","position":1,"name":"Startseite","item":"https:\/\/cioelectro.com\/"},{"@type":"ListItem","position":2,"name":"LADEN","item":"https:\/\/cioelectro.com\/laden\/"},{"@type":"ListItem","position":3,"name":"FELT FR AR ADVANCED ULTEGRA DI2 RENNRAD BLAU AQUAFRESH 2021"}]},{"@type":"WebSite","@id":"https:\/\/cioelectro.com\/#website","url":"https:\/\/cioelectro.com\/","name":"cioelectro.com","description":"Treten Sie mit uns ins Abenteuer!","publisher":{"@id":"https:\/\/cioelectro.com\/#organization"},"alternateName":"MEIN RADLADEN","potentialAction":[{"@type":"SearchAction","target":{"@type":"EntryPoint","urlTemplate":"https:\/\/cioelectro.com\/?s={search_term_string}"},"query-input":{"@type":"PropertyValueSpecification","valueRequired":true,"valueName":"search_term_string"}}],"inLanguage":"en-US"},{"@type":"Organization","@id":"https:\/\/cioelectro.com\/#organization","name":"CIOELECTRO","alternateName":"MEIN RADLADEN","url":"https:\/\/cioelectro.com\/","logo":{"@type":"ImageObject","inLanguage":"en-US","@id":"https:\/\/cioelectro.com\/#\/schema\/logo\/image\/","url":"https:\/\/cioelectro.com\/wp-content\/uploads\/2025\/12\/Logo-2-1200x800.png","contentUrl":"https:\/\/cioelectro.com\/wp-content\/uploads\/2025\/12\/Logo-2-1200x800.png","width":1200,"height":800,"caption":"CIOELECTRO"},"image":{"@id":"https:\/\/cioelectro.com\/#\/schema\/logo\/image\/"}}]}},"_links":{"self":[{"href":"https:\/\/cioelectro.com\/en\/wp-json\/wp\/v2\/product\/12857","targetHints":{"allow":["GET"]}}],"collection":[{"href":"https:\/\/cioelectro.com\/en\/wp-json\/wp\/v2\/product"}],"about":[{"href":"https:\/\/cioelectro.com\/en\/wp-json\/wp\/v2\/types\/product"}],"replies":[{"embeddable":true,"href":"https:\/\/cioelectro.com\/en\/wp-json\/wp\/v2\/comments?post=12857"}],"version-history":[{"count":0,"href":"https:\/\/cioelectro.com\/en\/wp-json\/wp\/v2\/product\/12857\/revisions"}],"wp:featuredmedia":[{"embeddable":true,"href":"https:\/\/cioelectro.com\/en\/wp-json\/wp\/v2\/media\/60839"}],"wp:attachment":[{"href":"https:\/\/cioelectro.com\/en\/wp-json\/wp\/v2\/media?parent=12857"}],"wp:term":[{"taxonomy":"product_brand","embeddable":true,"href":"https:\/\/cioelectro.com\/en\/wp-json\/wp\/v2\/product_brand?post=12857"},{"taxonomy":"product_cat","embeddable":true,"href":"https:\/\/cioelectro.com\/en\/wp-json\/wp\/v2\/product_cat?post=12857"},{"taxonomy":"product_tag","embeddable":true,"href":"https:\/\/cioelectro.com\/en\/wp-json\/wp\/v2\/product_tag?post=12857"}],"curies":[{"name":"wp","href":"https:\/\/api.w.org\/{rel}","templated":true}]}}