{"id":12870,"date":"2022-08-05T21:02:53","date_gmt":"2022-08-05T19:02:53","guid":{"rendered":"https:\/\/meinradladen.com\/?post_type=product&#038;p=12870"},"modified":"2023-08-10T18:05:02","modified_gmt":"2023-08-10T16:05:02","slug":"cannondale-supersix-evo-hi-mod-disc-shimano-ultegra-2022","status":"publish","type":"product","link":"https:\/\/cioelectro.com\/en\/produkt\/cannondale-supersix-evo-hi-mod-disc-shimano-ultegra-2022\/","title":{"rendered":"CANNONDALE SUPERSIX EVO HI-MOD DISC SHIMANO ULTEGRA 2022"},"content":{"rendered":"<div id=\"product-header-order-name\" class=\"col-lg-20 col-md-20 col-sm-20 col-xs-20\">\n<h2 class=\"heading-title-text\">CANNONDALE SUPERSIX EVO HI-MOD DISC SHIMANO ULTEGRA DI2 12V 700MM DEEP TEAL 2022 RENNRAD<\/h2>\n<div class=\"col col-sm-12 col-md-12 col-lg-12\">\n<p>Das <strong>CANNONDALE SuperSix EVO<\/strong>\u00a0ist eine gro\u00dfartige Weiterentwicklung unseres klassischen Wettkampfmotorrads. Wir haben die bekannte, preisgekr\u00f6nte Leichtigkeit und Handhabung der Vorg\u00e4ngerversion beibehalten und alles andere verbessert. Mehr Komfort, mehr Kapazit\u00e4t &#8230; Ab in die L\u00fcfte!<\/p>\n<p>30 Watt. Das ist die Kraft, die durch die aerodynamischen\u00a0<strong>Rohrformen und das integrierte Design des neuen SuperSix Evo<\/strong>\u00a0im Vergleich zur Vorg\u00e4ngerversion bei einer Geschwindigkeit von 48,3 km\/h eingespart wird. Sein Rahmen verwendet aerodynamische Profilrohre, die den Vorteil haben, bei gleichem Gewicht eine Steifigkeit zu bieten, die der von Rundrohren entspricht oder sogar \u00fcbertrifft, w\u00e4hrend der Luftwiderstand um bis zu 30% reduziert wird.<\/p>\n<p><strong>Fahrkomfort hat dem SuperSix Evo<\/strong>\u00a0schon immer den Ruf gemacht. Die SAVE Kettenstreben und die 27 SL KN\u00d8T Sattelst\u00fctze mit integrierter Aufnahme verbessern die vertikale Flexibilit\u00e4t um 18%.<\/p>\n<\/div>\n<div class=\"prodsheet_bullets col col-sm-8 col-md-8 col-lg-8\">\n<h4>DAS + PRODUKT:<\/h4>\n<ul>\n<li>SuperSix EVO Hi-MOD Carbonrahmen und -gabel.<\/li>\n<li>HollowGram KN\u00d8T Carbonlaufr\u00e4der mit 45mm Profil.<\/li>\n<li>Shimano Ultegra Di2 2&#215;12-fach Antrieb.<\/li>\n<li>Shimano Ultegra Di2 R8170 hydraulische Scheibenbremsen, 160\/140 mm.<\/li>\n<\/ul>\n<\/div>\n<div class=\"prodsheet_specs1 col col-sm-12 col-md-12 col-lg-12\">\n<h4>EINZELHEITEN:<\/h4>\n<table class=\"table table-striped\">\n<tbody>\n<tr>\n<td>Rahmen<\/td>\n<td>Carbon: SuperSix EVO Hi-MOD Carbon, integrierte Kabelf\u00fchrung mit Switchplate, 12&#215;142 Speed Release Steckachse, SAVE, PF30a, Flat Mount Disc, integrierte Sattelklemme<\/td>\n<\/tr>\n<tr>\n<td>Gabel<\/td>\n<td>Carbon: SuperSix EVO Hi-MOD Carbon, SAVE, integriertes Crown Race, 12x100mm Speed Release Steckachse, Flat Mount Disc, interne Zugf\u00fchrung, 1-1\/8&#8243; bis 1-1\/4&#8243; Gabelschaft und 55mm Offset (44 -54cm), 1-1\/8&#8243; bis 1-3\/8&#8243; Gabelschaft und 45mm Offset (56-62cm)<\/td>\n<\/tr>\n<tr>\n<td>Schalthebel<\/td>\n<td>Shimano Ultegra Di2 R8170, 2&#215;12-fach<\/td>\n<\/tr>\n<tr>\n<td>Umwerfer<\/td>\n<td>Shimano Ultegra Di2 R8150<\/td>\n<\/tr>\n<tr>\n<td>Schaltwerk<\/td>\n<td>Shimano Ultegra Di2 R8150, 12-fach<\/td>\n<\/tr>\n<tr>\n<td>Kassette<\/td>\n<td>Shimano Ultegra R8100, 11-30 Z\u00e4hne<\/td>\n<\/tr>\n<tr>\n<td>Kette<\/td>\n<td>Shimano Ultegra<\/td>\n<\/tr>\n<tr>\n<td>Kurbel<\/td>\n<td>Shimano Ultegra Di2 R8100, 52\/36 Z\u00e4hne<\/td>\n<\/tr>\n<tr>\n<td>Tretlager<\/td>\n<td>FSA PF30A auf 24mm Reduzierst\u00fcck<\/td>\n<\/tr>\n<tr>\n<td>Bremsen<\/td>\n<td>Shimano Ultegra Di2 R8170 hydraulische Scheibe, 160 \/ 140mm MT800 Rotoren<\/td>\n<\/tr>\n<tr>\n<td>R\u00e4der<\/td>\n<td>(F) HollowGram KN\u00d8T, abgedichtetes Lager 12x100mm Centerlock \/ (R) HollowGram KN\u00d8T, 12x142mm Centerlock mit DT Swiss 240 Einbauten<\/td>\n<\/tr>\n<tr>\n<td>Hubs<\/td>\n<td>HollowGram 45 SL KN\u00d8T, Carbon, 20h vorne, 24h hinten, 45mm tief, 21mm IW, Tubeless ready<\/td>\n<\/tr>\n<tr>\n<td>Reifen<\/td>\n<td>Vittoria Corsa, 700 x 25 c<\/td>\n<\/tr>\n<tr>\n<td>Lenker<\/td>\n<td>HollowGram SAVE SystemBar, Carbon, 8 Grad. Tonh\u00f6heneinstellung<\/td>\n<\/tr>\n<tr>\n<td>Aufh\u00e4ngerband<\/td>\n<td>Cannondale Lenkerband, 3,5 mm<\/td>\n<\/tr>\n<tr>\n<td>Galgen<\/td>\n<td>HollowGram KN\u00d8T, Alloy mit Kabelabdeckung, -6 \u00b0<\/td>\n<\/tr>\n<tr>\n<td>Sattel<\/td>\n<td>Fizik Tempo Argo R5, 150 mm Breite, S-Alu-Schienen<\/td>\n<\/tr>\n<tr>\n<td>Sattelvorbau<\/td>\n<td>HollowGram 27 SL KN\u00d8T, Carbon, 2-Loch-Klemme, 330mm, 0mm Offset (44-48cm), 15mm Offset (51-62cm)<\/td>\n<\/tr>\n<tr>\n<td>Gewicht<\/td>\n<td>&#8212;<\/td>\n<\/tr>\n<tr>\n<td>Farben<\/td>\n<td>Tiefgr\u00fcn<\/td>\n<\/tr>\n<\/tbody>\n<\/table>\n<\/div>\n<div class=\"prodsheet_specs2 col col-sm-8 col-md-8 col-lg-8\">\n<h4>GEOMETRIEN:<\/h4>\n<p><img decoding=\"async\" src=\"http:\/\/media1.alltricks.fr\/ckfinder\/images\/cube_route_geo_en.jpg\" \/><\/p>\n<table class=\"table table-striped\">\n<tbody>\n<tr>\n<td>Rahmengr\u00f6\u00dfe (cm)<\/td>\n<td>44<\/td>\n<td>48<\/td>\n<td>51<\/td>\n<td>54<\/td>\n<td>56<\/td>\n<td>58<\/td>\n<td>60<\/td>\n<td>62<\/td>\n<\/tr>\n<tr>\n<td>Sitzrohr (mm)<\/td>\n<td>400<\/td>\n<td>438<\/td>\n<td>477<\/td>\n<td>515<\/td>\n<td>536<\/td>\n<td>558<\/td>\n<td>579<\/td>\n<td>600<\/td>\n<\/tr>\n<tr>\n<td>Oberrohr (mm)<\/td>\n<td>512<\/td>\n<td>520<\/td>\n<td>528<\/td>\n<td>546<\/td>\n<td>562<\/td>\n<td>578<\/td>\n<td>594<\/td>\n<td>611<\/td>\n<\/tr>\n<tr>\n<td>Basisl\u00e4nge (mm)<\/td>\n<td>408<\/td>\n<td>408<\/td>\n<td>408<\/td>\n<td>408<\/td>\n<td>408<\/td>\n<td>408<\/td>\n<td>408<\/td>\n<td>408<\/td>\n<\/tr>\n<tr>\n<td>Steuerrohr (mm)<\/td>\n<td>99<\/td>\n<td>114<\/td>\n<td>130<\/td>\n<td>153<\/td>\n<td>164<\/td>\n<td>188<\/td>\n<td>209<\/td>\n<td>230<\/td>\n<\/tr>\n<tr>\n<td>Lenkwinkel (\u00b0)<\/td>\n<td>70,9<\/td>\n<td>71,2<\/td>\n<td>71,2<\/td>\n<td>71,2<\/td>\n<td>73<\/td>\n<td>73<\/td>\n<td>73<\/td>\n<td>73<\/td>\n<\/tr>\n<tr>\n<td>Sitzwinkel (\u00b0)<\/td>\n<td>74,3<\/td>\n<td>74,3<\/td>\n<td>74,3<\/td>\n<td>73,7<\/td>\n<td>73,3<\/td>\n<td>72,9<\/td>\n<td>72,5<\/td>\n<td>72,1<\/td>\n<\/tr>\n<tr>\n<td>Radstand (mm)<\/td>\n<td>979<\/td>\n<td>985<\/td>\n<td>994<\/td>\n<td>1008<\/td>\n<td>992<\/td>\n<td>1005<\/td>\n<td>1016<\/td>\n<td>1028<\/td>\n<\/tr>\n<tr>\n<td>Stapel (mm)<\/td>\n<td>504<\/td>\n<td>519<\/td>\n<td>534<\/td>\n<td>554<\/td>\n<td>574<\/td>\n<td>594<\/td>\n<td>614<\/td>\n<td>634<\/td>\n<\/tr>\n<tr>\n<td>Reichweite (mm)<\/td>\n<td>370<\/td>\n<td>374<\/td>\n<td>378<\/td>\n<td>384<\/td>\n<td>390<\/td>\n<td>395<\/td>\n<td>400<\/td>\n<td>406<\/td>\n<\/tr>\n<\/tbody>\n<\/table>\n<\/div>\n<\/div>\n<div id=\"product-header-order-form\" class=\"js-reload-on-event col-lg-20 col-md-20 col-sm-20 col-xs-20\" data-to-watch=\"body\" data-event=\"alltricks:cartChanged\" data-url=\"\/ajax\/product\/ajouter\/F-41505-velos-route-_-cyclocross-_-triathlon\/P-2035491-cannondale_supersix_evo_hi_mod_disc_shimano_ultegra_di2_12v_700mm_deep_teal_2022_rennrad\"><\/div>","protected":false},"excerpt":{"rendered":"<div class=\"col-lg-14 col-md-14 col-sm-14 col-xs-20\"><\/div>\n<div id=\"product-specifications-table\" class=\"col-lg-20 col-md-20 col-sm-20 col-xs-20\">\n<table class=\"table table-striped\">\n<tbody>\n<tr>\n<td class=\"spec-name\">Geschlecht<\/td>\n<td class=\"spec-value\">Herren<\/td>\n<\/tr>\n<tr>\n<td class=\"spec-name\">Gruppe<\/td>\n<td class=\"spec-value\">Shimano Ultegra Di2 12S<\/td>\n<\/tr>\n<tr>\n<td class=\"spec-name\">collection<\/td>\n<td class=\"spec-value\">2022<\/td>\n<\/tr>\n<\/tbody>\n<\/table>\n<\/div>","protected":false},"featured_media":60840,"comment_status":"open","ping_status":"closed","template":"","meta":{"_rtcl_gb_attr":""},"product_brand":[],"product_cat":[129],"product_tag":[],"class_list":{"0":"post-12870","1":"product","2":"type-product","3":"status-publish","4":"has-post-thumbnail","6":"product_cat-rennrad","7":"pa_marke-cannondale","9":"first","10":"instock","11":"sale","12":"taxable","13":"shipping-taxable","14":"purchasable","15":"product-type-variable"},"yoast_head":"<!-- This site is optimized with the Yoast SEO Premium plugin v20.12 (Yoast SEO v27.4) - https:\/\/yoast.com\/product\/yoast-seo-premium-wordpress\/ -->\n<title>CANNONDALE SUPERSIX EVO HI-MOD DISC SHIMANO ULTEGRA 2022<\/title>\n<meta name=\"description\" content=\"Entdecken Sie unseren Online-Fahrradladen: Gro\u00dfe Auswahl an Modellen f\u00fcr alle Radsportbegeisterten. Von Rennr\u00e4dern bis zu Mountainbikes - finden Sie heute Ihren perfekten Wegbegleiter!\" \/>\n<meta name=\"robots\" content=\"index, follow, max-snippet:-1, max-image-preview:large, max-video-preview:-1\" \/>\n<link rel=\"canonical\" href=\"https:\/\/cioelectro.com\/en\/produkt\/cannondale-supersix-evo-hi-mod-disc-shimano-ultegra-2022\/\" \/>\n<meta property=\"og:locale\" content=\"en_US\" \/>\n<meta property=\"og:type\" content=\"article\" \/>\n<meta property=\"og:title\" content=\"CANNONDALE SUPERSIX EVO HI-MOD DISC SHIMANO ULTEGRA 2022\" \/>\n<meta property=\"og:description\" content=\"Entdecken Sie unseren Online-Fahrradladen: Gro\u00dfe Auswahl an Modellen f\u00fcr alle Radsportbegeisterten. Von Rennr\u00e4dern bis zu Mountainbikes - finden Sie heute Ihren perfekten Wegbegleiter!\" \/>\n<meta property=\"og:url\" content=\"https:\/\/cioelectro.com\/en\/produkt\/cannondale-supersix-evo-hi-mod-disc-shimano-ultegra-2022\/\" \/>\n<meta property=\"og:site_name\" content=\"cioelectro.com\" \/>\n<meta property=\"article:modified_time\" content=\"2023-08-10T16:05:02+00:00\" \/>\n<meta property=\"og:image\" content=\"https:\/\/cioelectro.com\/wp-content\/uploads\/2023\/06\/CANNONDALE-SUPERSIX-EVO-HI-MOD-DISC-SHIMANO-ULTEGRA-DI2-12V-700MM-DEEP-TEAL-2022-RENNRAD.jpg\" \/>\n\t<meta property=\"og:image:width\" content=\"600\" \/>\n\t<meta property=\"og:image:height\" content=\"407\" \/>\n\t<meta property=\"og:image:type\" content=\"image\/jpeg\" \/>\n<meta name=\"twitter:card\" content=\"summary_large_image\" \/>\n<meta name=\"twitter:label1\" content=\"Est. reading time\" \/>\n\t<meta name=\"twitter:data1\" content=\"3 minutes\" \/>\n<script type=\"application\/ld+json\" class=\"yoast-schema-graph\">{\"@context\":\"https:\\\/\\\/schema.org\",\"@graph\":[{\"@type\":\"WebPage\",\"@id\":\"https:\\\/\\\/cioelectro.com\\\/produkt\\\/cannondale-supersix-evo-hi-mod-disc-shimano-ultegra-2022\\\/\",\"url\":\"https:\\\/\\\/cioelectro.com\\\/produkt\\\/cannondale-supersix-evo-hi-mod-disc-shimano-ultegra-2022\\\/\",\"name\":\"CANNONDALE SUPERSIX EVO HI-MOD DISC SHIMANO ULTEGRA 2022\",\"isPartOf\":{\"@id\":\"https:\\\/\\\/cioelectro.com\\\/#website\"},\"primaryImageOfPage\":{\"@id\":\"https:\\\/\\\/cioelectro.com\\\/produkt\\\/cannondale-supersix-evo-hi-mod-disc-shimano-ultegra-2022\\\/#primaryimage\"},\"image\":{\"@id\":\"https:\\\/\\\/cioelectro.com\\\/produkt\\\/cannondale-supersix-evo-hi-mod-disc-shimano-ultegra-2022\\\/#primaryimage\"},\"thumbnailUrl\":\"https:\\\/\\\/cioelectro.com\\\/wp-content\\\/uploads\\\/2023\\\/06\\\/CANNONDALE-SUPERSIX-EVO-HI-MOD-DISC-SHIMANO-ULTEGRA-DI2-12V-700MM-DEEP-TEAL-2022-RENNRAD.jpg\",\"datePublished\":\"2022-08-05T19:02:53+00:00\",\"dateModified\":\"2023-08-10T16:05:02+00:00\",\"description\":\"Entdecken Sie unseren Online-Fahrradladen: Gro\u00dfe Auswahl an Modellen f\u00fcr alle Radsportbegeisterten. Von Rennr\u00e4dern bis zu Mountainbikes - finden Sie heute Ihren perfekten Wegbegleiter!\",\"breadcrumb\":{\"@id\":\"https:\\\/\\\/cioelectro.com\\\/produkt\\\/cannondale-supersix-evo-hi-mod-disc-shimano-ultegra-2022\\\/#breadcrumb\"},\"inLanguage\":\"en-US\",\"potentialAction\":[{\"@type\":\"ReadAction\",\"target\":[\"https:\\\/\\\/cioelectro.com\\\/produkt\\\/cannondale-supersix-evo-hi-mod-disc-shimano-ultegra-2022\\\/\"]}]},{\"@type\":\"ImageObject\",\"inLanguage\":\"en-US\",\"@id\":\"https:\\\/\\\/cioelectro.com\\\/produkt\\\/cannondale-supersix-evo-hi-mod-disc-shimano-ultegra-2022\\\/#primaryimage\",\"url\":\"https:\\\/\\\/cioelectro.com\\\/wp-content\\\/uploads\\\/2023\\\/06\\\/CANNONDALE-SUPERSIX-EVO-HI-MOD-DISC-SHIMANO-ULTEGRA-DI2-12V-700MM-DEEP-TEAL-2022-RENNRAD.jpg\",\"contentUrl\":\"https:\\\/\\\/cioelectro.com\\\/wp-content\\\/uploads\\\/2023\\\/06\\\/CANNONDALE-SUPERSIX-EVO-HI-MOD-DISC-SHIMANO-ULTEGRA-DI2-12V-700MM-DEEP-TEAL-2022-RENNRAD.jpg\",\"width\":600,\"height\":407,\"caption\":\"CANNONDALE SUPERSIX EVO HI-MOD DISC SHIMANO ULTEGRA DI2 12V 700MM DEEP TEAL 2022 RENNRAD\"},{\"@type\":\"BreadcrumbList\",\"@id\":\"https:\\\/\\\/cioelectro.com\\\/produkt\\\/cannondale-supersix-evo-hi-mod-disc-shimano-ultegra-2022\\\/#breadcrumb\",\"itemListElement\":[{\"@type\":\"ListItem\",\"position\":1,\"name\":\"Startseite\",\"item\":\"https:\\\/\\\/cioelectro.com\\\/\"},{\"@type\":\"ListItem\",\"position\":2,\"name\":\"LADEN\",\"item\":\"https:\\\/\\\/cioelectro.com\\\/laden\\\/\"},{\"@type\":\"ListItem\",\"position\":3,\"name\":\"CANNONDALE SUPERSIX EVO HI-MOD DISC SHIMANO ULTEGRA 2022\"}]},{\"@type\":\"WebSite\",\"@id\":\"https:\\\/\\\/cioelectro.com\\\/#website\",\"url\":\"https:\\\/\\\/cioelectro.com\\\/\",\"name\":\"cioelectro.com\",\"description\":\"Treten Sie mit uns ins Abenteuer!\",\"publisher\":{\"@id\":\"https:\\\/\\\/cioelectro.com\\\/#organization\"},\"alternateName\":\"MEIN RADLADEN\",\"potentialAction\":[{\"@type\":\"SearchAction\",\"target\":{\"@type\":\"EntryPoint\",\"urlTemplate\":\"https:\\\/\\\/cioelectro.com\\\/?s={search_term_string}\"},\"query-input\":{\"@type\":\"PropertyValueSpecification\",\"valueRequired\":true,\"valueName\":\"search_term_string\"}}],\"inLanguage\":\"en-US\"},{\"@type\":\"Organization\",\"@id\":\"https:\\\/\\\/cioelectro.com\\\/#organization\",\"name\":\"CIOELECTRO\",\"alternateName\":\"MEIN RADLADEN\",\"url\":\"https:\\\/\\\/cioelectro.com\\\/\",\"logo\":{\"@type\":\"ImageObject\",\"inLanguage\":\"en-US\",\"@id\":\"https:\\\/\\\/cioelectro.com\\\/#\\\/schema\\\/logo\\\/image\\\/\",\"url\":\"https:\\\/\\\/cioelectro.com\\\/wp-content\\\/uploads\\\/2025\\\/12\\\/Logo-2-1200x800.png\",\"contentUrl\":\"https:\\\/\\\/cioelectro.com\\\/wp-content\\\/uploads\\\/2025\\\/12\\\/Logo-2-1200x800.png\",\"width\":1200,\"height\":800,\"caption\":\"CIOELECTRO\"},\"image\":{\"@id\":\"https:\\\/\\\/cioelectro.com\\\/#\\\/schema\\\/logo\\\/image\\\/\"}}]}<\/script>\n<!-- \/ Yoast SEO Premium plugin. -->","yoast_head_json":{"title":"CANNONDALE SUPERSIX EVO HI-MOD DISC SHIMANO ULTEGRA 2022","description":"Entdecken Sie unseren Online-Fahrradladen: Gro\u00dfe Auswahl an Modellen f\u00fcr alle Radsportbegeisterten. Von Rennr\u00e4dern bis zu Mountainbikes - finden Sie heute Ihren perfekten Wegbegleiter!","robots":{"index":"index","follow":"follow","max-snippet":"max-snippet:-1","max-image-preview":"max-image-preview:large","max-video-preview":"max-video-preview:-1"},"canonical":"https:\/\/cioelectro.com\/en\/produkt\/cannondale-supersix-evo-hi-mod-disc-shimano-ultegra-2022\/","og_locale":"en_US","og_type":"article","og_title":"CANNONDALE SUPERSIX EVO HI-MOD DISC SHIMANO ULTEGRA 2022","og_description":"Entdecken Sie unseren Online-Fahrradladen: Gro\u00dfe Auswahl an Modellen f\u00fcr alle Radsportbegeisterten. Von Rennr\u00e4dern bis zu Mountainbikes - finden Sie heute Ihren perfekten Wegbegleiter!","og_url":"https:\/\/cioelectro.com\/en\/produkt\/cannondale-supersix-evo-hi-mod-disc-shimano-ultegra-2022\/","og_site_name":"cioelectro.com","article_modified_time":"2023-08-10T16:05:02+00:00","og_image":[{"width":600,"height":407,"url":"https:\/\/cioelectro.com\/wp-content\/uploads\/2023\/06\/CANNONDALE-SUPERSIX-EVO-HI-MOD-DISC-SHIMANO-ULTEGRA-DI2-12V-700MM-DEEP-TEAL-2022-RENNRAD.jpg","type":"image\/jpeg"}],"twitter_card":"summary_large_image","twitter_misc":{"Est. reading time":"3 minutes"},"schema":{"@context":"https:\/\/schema.org","@graph":[{"@type":"WebPage","@id":"https:\/\/cioelectro.com\/produkt\/cannondale-supersix-evo-hi-mod-disc-shimano-ultegra-2022\/","url":"https:\/\/cioelectro.com\/produkt\/cannondale-supersix-evo-hi-mod-disc-shimano-ultegra-2022\/","name":"CANNONDALE SUPERSIX EVO HI-MOD DISC SHIMANO ULTEGRA 2022","isPartOf":{"@id":"https:\/\/cioelectro.com\/#website"},"primaryImageOfPage":{"@id":"https:\/\/cioelectro.com\/produkt\/cannondale-supersix-evo-hi-mod-disc-shimano-ultegra-2022\/#primaryimage"},"image":{"@id":"https:\/\/cioelectro.com\/produkt\/cannondale-supersix-evo-hi-mod-disc-shimano-ultegra-2022\/#primaryimage"},"thumbnailUrl":"https:\/\/cioelectro.com\/wp-content\/uploads\/2023\/06\/CANNONDALE-SUPERSIX-EVO-HI-MOD-DISC-SHIMANO-ULTEGRA-DI2-12V-700MM-DEEP-TEAL-2022-RENNRAD.jpg","datePublished":"2022-08-05T19:02:53+00:00","dateModified":"2023-08-10T16:05:02+00:00","description":"Entdecken Sie unseren Online-Fahrradladen: Gro\u00dfe Auswahl an Modellen f\u00fcr alle Radsportbegeisterten. Von Rennr\u00e4dern bis zu Mountainbikes - finden Sie heute Ihren perfekten Wegbegleiter!","breadcrumb":{"@id":"https:\/\/cioelectro.com\/produkt\/cannondale-supersix-evo-hi-mod-disc-shimano-ultegra-2022\/#breadcrumb"},"inLanguage":"en-US","potentialAction":[{"@type":"ReadAction","target":["https:\/\/cioelectro.com\/produkt\/cannondale-supersix-evo-hi-mod-disc-shimano-ultegra-2022\/"]}]},{"@type":"ImageObject","inLanguage":"en-US","@id":"https:\/\/cioelectro.com\/produkt\/cannondale-supersix-evo-hi-mod-disc-shimano-ultegra-2022\/#primaryimage","url":"https:\/\/cioelectro.com\/wp-content\/uploads\/2023\/06\/CANNONDALE-SUPERSIX-EVO-HI-MOD-DISC-SHIMANO-ULTEGRA-DI2-12V-700MM-DEEP-TEAL-2022-RENNRAD.jpg","contentUrl":"https:\/\/cioelectro.com\/wp-content\/uploads\/2023\/06\/CANNONDALE-SUPERSIX-EVO-HI-MOD-DISC-SHIMANO-ULTEGRA-DI2-12V-700MM-DEEP-TEAL-2022-RENNRAD.jpg","width":600,"height":407,"caption":"CANNONDALE SUPERSIX EVO HI-MOD DISC SHIMANO ULTEGRA DI2 12V 700MM DEEP TEAL 2022 RENNRAD"},{"@type":"BreadcrumbList","@id":"https:\/\/cioelectro.com\/produkt\/cannondale-supersix-evo-hi-mod-disc-shimano-ultegra-2022\/#breadcrumb","itemListElement":[{"@type":"ListItem","position":1,"name":"Startseite","item":"https:\/\/cioelectro.com\/"},{"@type":"ListItem","position":2,"name":"LADEN","item":"https:\/\/cioelectro.com\/laden\/"},{"@type":"ListItem","position":3,"name":"CANNONDALE SUPERSIX EVO HI-MOD DISC SHIMANO ULTEGRA 2022"}]},{"@type":"WebSite","@id":"https:\/\/cioelectro.com\/#website","url":"https:\/\/cioelectro.com\/","name":"cioelectro.com","description":"Treten Sie mit uns ins Abenteuer!","publisher":{"@id":"https:\/\/cioelectro.com\/#organization"},"alternateName":"MEIN RADLADEN","potentialAction":[{"@type":"SearchAction","target":{"@type":"EntryPoint","urlTemplate":"https:\/\/cioelectro.com\/?s={search_term_string}"},"query-input":{"@type":"PropertyValueSpecification","valueRequired":true,"valueName":"search_term_string"}}],"inLanguage":"en-US"},{"@type":"Organization","@id":"https:\/\/cioelectro.com\/#organization","name":"CIOELECTRO","alternateName":"MEIN RADLADEN","url":"https:\/\/cioelectro.com\/","logo":{"@type":"ImageObject","inLanguage":"en-US","@id":"https:\/\/cioelectro.com\/#\/schema\/logo\/image\/","url":"https:\/\/cioelectro.com\/wp-content\/uploads\/2025\/12\/Logo-2-1200x800.png","contentUrl":"https:\/\/cioelectro.com\/wp-content\/uploads\/2025\/12\/Logo-2-1200x800.png","width":1200,"height":800,"caption":"CIOELECTRO"},"image":{"@id":"https:\/\/cioelectro.com\/#\/schema\/logo\/image\/"}}]}},"_links":{"self":[{"href":"https:\/\/cioelectro.com\/en\/wp-json\/wp\/v2\/product\/12870","targetHints":{"allow":["GET"]}}],"collection":[{"href":"https:\/\/cioelectro.com\/en\/wp-json\/wp\/v2\/product"}],"about":[{"href":"https:\/\/cioelectro.com\/en\/wp-json\/wp\/v2\/types\/product"}],"replies":[{"embeddable":true,"href":"https:\/\/cioelectro.com\/en\/wp-json\/wp\/v2\/comments?post=12870"}],"version-history":[{"count":0,"href":"https:\/\/cioelectro.com\/en\/wp-json\/wp\/v2\/product\/12870\/revisions"}],"wp:featuredmedia":[{"embeddable":true,"href":"https:\/\/cioelectro.com\/en\/wp-json\/wp\/v2\/media\/60840"}],"wp:attachment":[{"href":"https:\/\/cioelectro.com\/en\/wp-json\/wp\/v2\/media?parent=12870"}],"wp:term":[{"taxonomy":"product_brand","embeddable":true,"href":"https:\/\/cioelectro.com\/en\/wp-json\/wp\/v2\/product_brand?post=12870"},{"taxonomy":"product_cat","embeddable":true,"href":"https:\/\/cioelectro.com\/en\/wp-json\/wp\/v2\/product_cat?post=12870"},{"taxonomy":"product_tag","embeddable":true,"href":"https:\/\/cioelectro.com\/en\/wp-json\/wp\/v2\/product_tag?post=12870"}],"curies":[{"name":"wp","href":"https:\/\/api.w.org\/{rel}","templated":true}]}}