{"id":13000,"date":"2022-08-06T15:03:44","date_gmt":"2022-08-06T13:03:44","guid":{"rendered":"https:\/\/meinradladen.com\/?post_type=product&#038;p=13000"},"modified":"2023-08-10T19:01:18","modified_gmt":"2023-08-10T17:01:18","slug":"fluid-cypress-comp-sram-apex-11v-schwarz-2021","status":"publish","type":"product","link":"https:\/\/cioelectro.com\/en\/produkt\/fluid-cypress-comp-sram-apex-11v-schwarz-2021\/","title":{"rendered":"FLUID CYPRESS COMP SRAM APEX 11V SCHWARZ 2021"},"content":{"rendered":"<div id=\"product-header-order-name\" class=\"col-lg-20 col-md-20 col-sm-20 col-xs-20\">\n<h2 class=\"heading-title-text\">GRAVELBIKE FLUID CYPRESS COMP SRAM APEX\u00a0 700MM SCHWARZ 2021<\/h2>\n<div class=\"col col-sm-12 col-md-12 col-lg-12\">\n<p>Kies wurde schnell Teil der DNA von Radfahrern. Hybrid-Bike f\u00fcr Stra\u00dfe und Wege, das FLUID CYPRESS ist dein bester Verb\u00fcndeter.<\/p>\n<\/div>\n<div class=\"prodsheet_bullets col col-sm-8 col-md-8 col-lg-8\">\n<h4>DAS + PRODUKT:<\/h4>\n<ul>\n<li>Stahlrahmen und Carbongabel.<\/li>\n<li>Sram Apex 1 1&#215;11-fach Antrieb.<\/li>\n<li>Tektro 160\/160 mm mechanische Scheibenbremsen.<\/li>\n<\/ul>\n<\/div>\n<div class=\"prodsheet_specs1 col col-sm-12 col-md-12 col-lg-12\">\n<h4>EINZELHEITEN:<\/h4>\n<table class=\"table table-striped\">\n<tbody>\n<tr>\n<td>Rahmen<\/td>\n<td>Tig Welded Double Butted COLUMBUS Chromoly Tubing, Flatmount Disc Mount, 1.1 \/ 8-1.5 &#8221; Taperd H \/ T, 12 mm F \/ R Steckachse<\/td>\n<\/tr>\n<tr>\n<td>Gabel<\/td>\n<td>Carbon: Carbon W\/Carbon Tapered 1.1\/8&#8243;-1.5&#8243; Gabelschaft, Flatmount Disc, 12mm Steckachse, Rack &amp; Fender Mounts Offset 50mm<\/td>\n<\/tr>\n<tr>\n<td>Headset<\/td>\n<td>1.1 \/ 8-1.5 &#8220;Abgedichtetes Lager<\/td>\n<\/tr>\n<tr>\n<td>Schalthebel<\/td>\n<td>Linker Apex &#8211; Rechter Apex 1&#215;11 Geschwindigkeit<\/td>\n<\/tr>\n<tr>\n<td>Schaltwerk<\/td>\n<td>Sram Apex 1, 11v langer K\u00e4fig<\/td>\n<\/tr>\n<tr>\n<td>Kassette<\/td>\n<td>Sram Apex 11v 11-42 Z\u00e4hne<\/td>\n<\/tr>\n<tr>\n<td>Kurbel<\/td>\n<td>FSA Vero Pro 40T x 172.5mm polnisch schwarz JIS-110.5mm<\/td>\n<\/tr>\n<tr>\n<td>Bremsen<\/td>\n<td>Tektro C550 Flat Mount Dual Position Mech Disc, 160mm Rotor F\/R<\/td>\n<\/tr>\n<tr>\n<td>R\u00e4der<\/td>\n<td>Fluid Alex DP23 700c Tubeless Ready, Legierung, Doppelwandig, 28H<\/td>\n<\/tr>\n<tr>\n<td>Naben<\/td>\n<td>Fluid Alloy Black Sealed Vorne 12x100mm \/ Hinten 12 x 142mm<\/td>\n<\/tr>\n<tr>\n<td>Reifen<\/td>\n<td>Kenda Flintridge 700x40C, 60TPI, SCHWARZ \/ HAUTWAND<\/td>\n<\/tr>\n<tr>\n<td>Lenker<\/td>\n<td>AL-6061, 31,8 mm, 16 \u00b0 FLARE, DRP, 130 mm, REICHWEITE: 86 mm<\/td>\n<\/tr>\n<tr>\n<td>Galgen<\/td>\n<td>3D-geschmiedete Legierung 31,8 mm au\u00dfen 100 mm<\/td>\n<\/tr>\n<tr>\n<td>Sattel<\/td>\n<td>Fl\u00fcssigkeit 1922 weich<\/td>\n<\/tr>\n<tr>\n<td>Sattelvorbau<\/td>\n<td>3D-geschmiedete Legierung, 27,2 mm<\/td>\n<\/tr>\n<tr>\n<td>Gewicht<\/td>\n<td>&#8212;<\/td>\n<\/tr>\n<tr>\n<td>Farben<\/td>\n<td>Schwarz<\/td>\n<\/tr>\n<\/tbody>\n<\/table>\n<\/div>\n<div class=\"prodsheet_specs2 col col-sm-8 col-md-8 col-lg-8\">\n<h4>GEOMETRIEN:<\/h4>\n<p><img decoding=\"async\" src=\"http:\/\/media1.alltricks.fr\/ckfinder\/images\/cube_route_geo_fr.jpg\" \/><\/p>\n<table class=\"table table-striped\">\n<tbody>\n<tr>\n<td>Rahmengr\u00f6\u00dfe<\/td>\n<td>S<\/td>\n<td>m<\/td>\n<td>DAS<\/td>\n<td>XL<\/td>\n<\/tr>\n<tr>\n<td>Sitzrohr (mm)<\/td>\n<td>510<\/td>\n<td>535<\/td>\n<td>560<\/td>\n<td>580<\/td>\n<\/tr>\n<tr>\n<td>Oberrohr (mm)<\/td>\n<td>530<\/td>\n<td>535<\/td>\n<td>555<\/td>\n<td>575<\/td>\n<\/tr>\n<tr>\n<td>Basisl\u00e4nge (mm)<\/td>\n<td>432<\/td>\n<td>432<\/td>\n<td>432<\/td>\n<td>432<\/td>\n<\/tr>\n<tr>\n<td>Steuerrohr (mm)<\/td>\n<td>110<\/td>\n<td>130<\/td>\n<td>160<\/td>\n<td>170<\/td>\n<\/tr>\n<tr>\n<td>Lenkwinkel (\u00b0)<\/td>\n<td>71,5<\/td>\n<td>72<\/td>\n<td>72<\/td>\n<td>72<\/td>\n<\/tr>\n<tr>\n<td>Sitzwinkel (\u00b0)<\/td>\n<td>74<\/td>\n<td>73,5<\/td>\n<td>73<\/td>\n<td>73<\/td>\n<\/tr>\n<tr>\n<td>Radstand (mm)<\/td>\n<td>1004<\/td>\n<td>1006<\/td>\n<td>1022<\/td>\n<td>1042<\/td>\n<\/tr>\n<\/tbody>\n<\/table>\n<h4>WELCHE GR\u00d6SSE BRAUCHEN SIE?<\/h4>\n<p>Die Wahl der richtigen Fahrradgr\u00f6\u00dfe h\u00e4ngt von der Art des Fahrrads, Ihrer K\u00f6rpergr\u00f6\u00dfe, Ihrem Fahrstil und Ihren Vorlieben ab. Ein richtig passendes Fahrrad ist komfortabler, effizienter und macht mehr Spa\u00df zu fahren<\/p>\n<p>Messen Sie sich genau<\/p>\n<p>Messen Sie zun\u00e4chst Ihre K\u00f6rpergr\u00f6\u00dfe und verwenden Sie die Gr\u00f6\u00dfentabelle, die in jeder Produktbeschreibung verf\u00fcgbar ist.<\/p>\n<p>Was tun, wenn Sie zwischen zwei Fahrradgr\u00f6\u00dfen liegen?<\/p>\n<p>Wenn Sie an der Grenze zwischen zwei verschiedenen Fahrradgr\u00f6\u00dfen stehen, machen Sie sich keine Sorgen, Sie werden wahrscheinlich mit beiden Gr\u00f6\u00dfen in Ordnung sein (anstatt zu denken, dass eine Gr\u00f6\u00dfe schrecklich sein wird und die andere passen wird). Tats\u00e4chlich sind Fahrr\u00e4der verstellbar: Die Sattelst\u00fctze kann nach oben und unten gleiten, der Sattel kann sich vor und zur\u00fcck bewegen und Sie k\u00f6nnen sogar Teile wie den Vorbau gegen andere Gr\u00f6\u00dfen austauschen, damit das Fahrrad besser passt.<\/p>\n<p>Herauszufinden, ob Sie einen gr\u00f6\u00dferen oder kleineren Rahmen w\u00e4hlen sollten oder nicht, ist manchmal so einfach wie Ihre pers\u00f6nlichen Vorlieben, aber es gibt ein paar einfache M\u00f6glichkeiten, um herauszufinden, welcher am besten geeignet ist:<br \/>\nWenn Sie flexibel sind, bevorzugen Sie m\u00f6glicherweise ein k\u00fcrzeres Steuerrohr, sodass die kleinere Gr\u00f6\u00dfe m\u00f6glicherweise besser f\u00fcr Sie geeignet ist. Sie k\u00f6nnen einen l\u00e4ngeren Vorbau verwenden, um die Reichweite angenehmer zu gestalten.<br \/>\nBei einem gr\u00f6\u00dferen Fahrrad ist die Reichweite zum Lenker l\u00e4nger. Das bedeutet, dass Sie sich mit einem gr\u00f6\u00dferen Rahmen wohler f\u00fchlen, wenn Sie proportional l\u00e4ngere Arme haben.<\/p>\n<\/div>\n<\/div>\n<div id=\"product-header-order-form\" class=\"js-reload-on-event col-lg-20 col-md-20 col-sm-20 col-xs-20\" data-to-watch=\"body\" data-event=\"alltricks:cartChanged\" data-url=\"\/ajax\/product\/ajouter\/F-41505-velos-route-_-cyclocross-_-triathlon\/P-1980355-gravelbike_fluid_cypress_comp_sram_apex_11v_700mm_schwarz_2021\"><\/div>","protected":false},"excerpt":{"rendered":"<div class=\"col-lg-14 col-md-14 col-sm-14 col-xs-20\"><\/div>\n<div id=\"product-specifications-table\" class=\"col-lg-20 col-md-20 col-sm-20 col-xs-20\">\n<table class=\"table table-striped\">\n<tbody>\n<tr>\n<td class=\"spec-name\">Geschlecht<\/td>\n<td class=\"spec-value\">Herren<\/td>\n<\/tr>\n<tr>\n<td class=\"spec-name\">Gruppe<\/td>\n<td class=\"spec-value\">Sram Apex 11S<\/td>\n<\/tr>\n<tr>\n<td class=\"spec-name\">collection<\/td>\n<td class=\"spec-value\">2022<\/td>\n<\/tr>\n<\/tbody>\n<\/table>\n<\/div>","protected":false},"featured_media":60869,"comment_status":"open","ping_status":"closed","template":"","meta":{"_rtcl_gb_attr":""},"product_brand":[],"product_cat":[129],"product_tag":[],"class_list":{"0":"post-13000","1":"product","2":"type-product","3":"status-publish","4":"has-post-thumbnail","6":"product_cat-rennrad","7":"pa_marke-fluide","9":"first","10":"instock","11":"sale","12":"taxable","13":"shipping-taxable","14":"purchasable","15":"product-type-variable"},"yoast_head":"<!-- This site is optimized with the Yoast SEO Premium plugin v20.12 (Yoast SEO v27.4) - https:\/\/yoast.com\/product\/yoast-seo-premium-wordpress\/ -->\n<title>FLUID CYPRESS COMP SRAM APEX 11V SCHWARZ 2021<\/title>\n<meta name=\"description\" content=\"Entdecken Sie unseren Online-Fahrradladen: Gro\u00dfe Auswahl an Modellen f\u00fcr alle Radsportbegeisterten. Von Rennr\u00e4dern bis zu Mountainbikes - finden Sie heute Ihren perfekten Wegbegleiter!\" \/>\n<meta name=\"robots\" content=\"index, follow, max-snippet:-1, max-image-preview:large, max-video-preview:-1\" \/>\n<link rel=\"canonical\" href=\"https:\/\/cioelectro.com\/en\/produkt\/fluid-cypress-comp-sram-apex-11v-schwarz-2021\/\" \/>\n<meta property=\"og:locale\" content=\"en_US\" \/>\n<meta property=\"og:type\" content=\"article\" \/>\n<meta property=\"og:title\" content=\"FLUID CYPRESS COMP SRAM APEX 11V SCHWARZ 2021\" \/>\n<meta property=\"og:description\" content=\"Entdecken Sie unseren Online-Fahrradladen: Gro\u00dfe Auswahl an Modellen f\u00fcr alle Radsportbegeisterten. Von Rennr\u00e4dern bis zu Mountainbikes - finden Sie heute Ihren perfekten Wegbegleiter!\" \/>\n<meta property=\"og:url\" content=\"https:\/\/cioelectro.com\/en\/produkt\/fluid-cypress-comp-sram-apex-11v-schwarz-2021\/\" \/>\n<meta property=\"og:site_name\" content=\"cioelectro.com\" \/>\n<meta property=\"article:modified_time\" content=\"2023-08-10T17:01:18+00:00\" \/>\n<meta property=\"og:image\" content=\"https:\/\/cioelectro.com\/wp-content\/uploads\/2023\/06\/GRAVELBIKE-FLUID-CYPRESS-COMP-SRAM-APEX-11V-700MM-SCHWARZ-2021.jpg\" \/>\n\t<meta property=\"og:image:width\" content=\"600\" \/>\n\t<meta property=\"og:image:height\" content=\"408\" \/>\n\t<meta property=\"og:image:type\" content=\"image\/jpeg\" \/>\n<meta name=\"twitter:card\" content=\"summary_large_image\" \/>\n<meta name=\"twitter:label1\" content=\"Est. reading time\" \/>\n\t<meta name=\"twitter:data1\" content=\"3 minutes\" \/>\n<script type=\"application\/ld+json\" class=\"yoast-schema-graph\">{\"@context\":\"https:\\\/\\\/schema.org\",\"@graph\":[{\"@type\":\"WebPage\",\"@id\":\"https:\\\/\\\/cioelectro.com\\\/produkt\\\/fluid-cypress-comp-sram-apex-11v-schwarz-2021\\\/\",\"url\":\"https:\\\/\\\/cioelectro.com\\\/produkt\\\/fluid-cypress-comp-sram-apex-11v-schwarz-2021\\\/\",\"name\":\"FLUID CYPRESS COMP SRAM APEX 11V SCHWARZ 2021\",\"isPartOf\":{\"@id\":\"https:\\\/\\\/cioelectro.com\\\/#website\"},\"primaryImageOfPage\":{\"@id\":\"https:\\\/\\\/cioelectro.com\\\/produkt\\\/fluid-cypress-comp-sram-apex-11v-schwarz-2021\\\/#primaryimage\"},\"image\":{\"@id\":\"https:\\\/\\\/cioelectro.com\\\/produkt\\\/fluid-cypress-comp-sram-apex-11v-schwarz-2021\\\/#primaryimage\"},\"thumbnailUrl\":\"https:\\\/\\\/cioelectro.com\\\/wp-content\\\/uploads\\\/2023\\\/06\\\/GRAVELBIKE-FLUID-CYPRESS-COMP-SRAM-APEX-11V-700MM-SCHWARZ-2021.jpg\",\"datePublished\":\"2022-08-06T13:03:44+00:00\",\"dateModified\":\"2023-08-10T17:01:18+00:00\",\"description\":\"Entdecken Sie unseren Online-Fahrradladen: Gro\u00dfe Auswahl an Modellen f\u00fcr alle Radsportbegeisterten. Von Rennr\u00e4dern bis zu Mountainbikes - finden Sie heute Ihren perfekten Wegbegleiter!\",\"breadcrumb\":{\"@id\":\"https:\\\/\\\/cioelectro.com\\\/produkt\\\/fluid-cypress-comp-sram-apex-11v-schwarz-2021\\\/#breadcrumb\"},\"inLanguage\":\"en-US\",\"potentialAction\":[{\"@type\":\"ReadAction\",\"target\":[\"https:\\\/\\\/cioelectro.com\\\/produkt\\\/fluid-cypress-comp-sram-apex-11v-schwarz-2021\\\/\"]}]},{\"@type\":\"ImageObject\",\"inLanguage\":\"en-US\",\"@id\":\"https:\\\/\\\/cioelectro.com\\\/produkt\\\/fluid-cypress-comp-sram-apex-11v-schwarz-2021\\\/#primaryimage\",\"url\":\"https:\\\/\\\/cioelectro.com\\\/wp-content\\\/uploads\\\/2023\\\/06\\\/GRAVELBIKE-FLUID-CYPRESS-COMP-SRAM-APEX-11V-700MM-SCHWARZ-2021.jpg\",\"contentUrl\":\"https:\\\/\\\/cioelectro.com\\\/wp-content\\\/uploads\\\/2023\\\/06\\\/GRAVELBIKE-FLUID-CYPRESS-COMP-SRAM-APEX-11V-700MM-SCHWARZ-2021.jpg\",\"width\":600,\"height\":408,\"caption\":\"GRAVELBIKE FLUID CYPRESS COMP SRAM APEX 11V 700MM SCHWARZ 2021\"},{\"@type\":\"BreadcrumbList\",\"@id\":\"https:\\\/\\\/cioelectro.com\\\/produkt\\\/fluid-cypress-comp-sram-apex-11v-schwarz-2021\\\/#breadcrumb\",\"itemListElement\":[{\"@type\":\"ListItem\",\"position\":1,\"name\":\"Startseite\",\"item\":\"https:\\\/\\\/cioelectro.com\\\/\"},{\"@type\":\"ListItem\",\"position\":2,\"name\":\"LADEN\",\"item\":\"https:\\\/\\\/cioelectro.com\\\/laden\\\/\"},{\"@type\":\"ListItem\",\"position\":3,\"name\":\"FLUID CYPRESS COMP SRAM APEX 11V SCHWARZ 2021\"}]},{\"@type\":\"WebSite\",\"@id\":\"https:\\\/\\\/cioelectro.com\\\/#website\",\"url\":\"https:\\\/\\\/cioelectro.com\\\/\",\"name\":\"cioelectro.com\",\"description\":\"Treten Sie mit uns ins Abenteuer!\",\"publisher\":{\"@id\":\"https:\\\/\\\/cioelectro.com\\\/#organization\"},\"alternateName\":\"MEIN RADLADEN\",\"potentialAction\":[{\"@type\":\"SearchAction\",\"target\":{\"@type\":\"EntryPoint\",\"urlTemplate\":\"https:\\\/\\\/cioelectro.com\\\/?s={search_term_string}\"},\"query-input\":{\"@type\":\"PropertyValueSpecification\",\"valueRequired\":true,\"valueName\":\"search_term_string\"}}],\"inLanguage\":\"en-US\"},{\"@type\":\"Organization\",\"@id\":\"https:\\\/\\\/cioelectro.com\\\/#organization\",\"name\":\"CIOELECTRO\",\"alternateName\":\"MEIN RADLADEN\",\"url\":\"https:\\\/\\\/cioelectro.com\\\/\",\"logo\":{\"@type\":\"ImageObject\",\"inLanguage\":\"en-US\",\"@id\":\"https:\\\/\\\/cioelectro.com\\\/#\\\/schema\\\/logo\\\/image\\\/\",\"url\":\"https:\\\/\\\/cioelectro.com\\\/wp-content\\\/uploads\\\/2025\\\/12\\\/Logo-2-1200x800.png\",\"contentUrl\":\"https:\\\/\\\/cioelectro.com\\\/wp-content\\\/uploads\\\/2025\\\/12\\\/Logo-2-1200x800.png\",\"width\":1200,\"height\":800,\"caption\":\"CIOELECTRO\"},\"image\":{\"@id\":\"https:\\\/\\\/cioelectro.com\\\/#\\\/schema\\\/logo\\\/image\\\/\"}}]}<\/script>\n<!-- \/ Yoast SEO Premium plugin. -->","yoast_head_json":{"title":"FLUID CYPRESS COMP SRAM APEX 11V SCHWARZ 2021","description":"Entdecken Sie unseren Online-Fahrradladen: Gro\u00dfe Auswahl an Modellen f\u00fcr alle Radsportbegeisterten. Von Rennr\u00e4dern bis zu Mountainbikes - finden Sie heute Ihren perfekten Wegbegleiter!","robots":{"index":"index","follow":"follow","max-snippet":"max-snippet:-1","max-image-preview":"max-image-preview:large","max-video-preview":"max-video-preview:-1"},"canonical":"https:\/\/cioelectro.com\/en\/produkt\/fluid-cypress-comp-sram-apex-11v-schwarz-2021\/","og_locale":"en_US","og_type":"article","og_title":"FLUID CYPRESS COMP SRAM APEX 11V SCHWARZ 2021","og_description":"Entdecken Sie unseren Online-Fahrradladen: Gro\u00dfe Auswahl an Modellen f\u00fcr alle Radsportbegeisterten. Von Rennr\u00e4dern bis zu Mountainbikes - finden Sie heute Ihren perfekten Wegbegleiter!","og_url":"https:\/\/cioelectro.com\/en\/produkt\/fluid-cypress-comp-sram-apex-11v-schwarz-2021\/","og_site_name":"cioelectro.com","article_modified_time":"2023-08-10T17:01:18+00:00","og_image":[{"width":600,"height":408,"url":"https:\/\/cioelectro.com\/wp-content\/uploads\/2023\/06\/GRAVELBIKE-FLUID-CYPRESS-COMP-SRAM-APEX-11V-700MM-SCHWARZ-2021.jpg","type":"image\/jpeg"}],"twitter_card":"summary_large_image","twitter_misc":{"Est. reading time":"3 minutes"},"schema":{"@context":"https:\/\/schema.org","@graph":[{"@type":"WebPage","@id":"https:\/\/cioelectro.com\/produkt\/fluid-cypress-comp-sram-apex-11v-schwarz-2021\/","url":"https:\/\/cioelectro.com\/produkt\/fluid-cypress-comp-sram-apex-11v-schwarz-2021\/","name":"FLUID CYPRESS COMP SRAM APEX 11V SCHWARZ 2021","isPartOf":{"@id":"https:\/\/cioelectro.com\/#website"},"primaryImageOfPage":{"@id":"https:\/\/cioelectro.com\/produkt\/fluid-cypress-comp-sram-apex-11v-schwarz-2021\/#primaryimage"},"image":{"@id":"https:\/\/cioelectro.com\/produkt\/fluid-cypress-comp-sram-apex-11v-schwarz-2021\/#primaryimage"},"thumbnailUrl":"https:\/\/cioelectro.com\/wp-content\/uploads\/2023\/06\/GRAVELBIKE-FLUID-CYPRESS-COMP-SRAM-APEX-11V-700MM-SCHWARZ-2021.jpg","datePublished":"2022-08-06T13:03:44+00:00","dateModified":"2023-08-10T17:01:18+00:00","description":"Entdecken Sie unseren Online-Fahrradladen: Gro\u00dfe Auswahl an Modellen f\u00fcr alle Radsportbegeisterten. Von Rennr\u00e4dern bis zu Mountainbikes - finden Sie heute Ihren perfekten Wegbegleiter!","breadcrumb":{"@id":"https:\/\/cioelectro.com\/produkt\/fluid-cypress-comp-sram-apex-11v-schwarz-2021\/#breadcrumb"},"inLanguage":"en-US","potentialAction":[{"@type":"ReadAction","target":["https:\/\/cioelectro.com\/produkt\/fluid-cypress-comp-sram-apex-11v-schwarz-2021\/"]}]},{"@type":"ImageObject","inLanguage":"en-US","@id":"https:\/\/cioelectro.com\/produkt\/fluid-cypress-comp-sram-apex-11v-schwarz-2021\/#primaryimage","url":"https:\/\/cioelectro.com\/wp-content\/uploads\/2023\/06\/GRAVELBIKE-FLUID-CYPRESS-COMP-SRAM-APEX-11V-700MM-SCHWARZ-2021.jpg","contentUrl":"https:\/\/cioelectro.com\/wp-content\/uploads\/2023\/06\/GRAVELBIKE-FLUID-CYPRESS-COMP-SRAM-APEX-11V-700MM-SCHWARZ-2021.jpg","width":600,"height":408,"caption":"GRAVELBIKE FLUID CYPRESS COMP SRAM APEX 11V 700MM SCHWARZ 2021"},{"@type":"BreadcrumbList","@id":"https:\/\/cioelectro.com\/produkt\/fluid-cypress-comp-sram-apex-11v-schwarz-2021\/#breadcrumb","itemListElement":[{"@type":"ListItem","position":1,"name":"Startseite","item":"https:\/\/cioelectro.com\/"},{"@type":"ListItem","position":2,"name":"LADEN","item":"https:\/\/cioelectro.com\/laden\/"},{"@type":"ListItem","position":3,"name":"FLUID CYPRESS COMP SRAM APEX 11V SCHWARZ 2021"}]},{"@type":"WebSite","@id":"https:\/\/cioelectro.com\/#website","url":"https:\/\/cioelectro.com\/","name":"cioelectro.com","description":"Treten Sie mit uns ins Abenteuer!","publisher":{"@id":"https:\/\/cioelectro.com\/#organization"},"alternateName":"MEIN RADLADEN","potentialAction":[{"@type":"SearchAction","target":{"@type":"EntryPoint","urlTemplate":"https:\/\/cioelectro.com\/?s={search_term_string}"},"query-input":{"@type":"PropertyValueSpecification","valueRequired":true,"valueName":"search_term_string"}}],"inLanguage":"en-US"},{"@type":"Organization","@id":"https:\/\/cioelectro.com\/#organization","name":"CIOELECTRO","alternateName":"MEIN RADLADEN","url":"https:\/\/cioelectro.com\/","logo":{"@type":"ImageObject","inLanguage":"en-US","@id":"https:\/\/cioelectro.com\/#\/schema\/logo\/image\/","url":"https:\/\/cioelectro.com\/wp-content\/uploads\/2025\/12\/Logo-2-1200x800.png","contentUrl":"https:\/\/cioelectro.com\/wp-content\/uploads\/2025\/12\/Logo-2-1200x800.png","width":1200,"height":800,"caption":"CIOELECTRO"},"image":{"@id":"https:\/\/cioelectro.com\/#\/schema\/logo\/image\/"}}]}},"_links":{"self":[{"href":"https:\/\/cioelectro.com\/en\/wp-json\/wp\/v2\/product\/13000","targetHints":{"allow":["GET"]}}],"collection":[{"href":"https:\/\/cioelectro.com\/en\/wp-json\/wp\/v2\/product"}],"about":[{"href":"https:\/\/cioelectro.com\/en\/wp-json\/wp\/v2\/types\/product"}],"replies":[{"embeddable":true,"href":"https:\/\/cioelectro.com\/en\/wp-json\/wp\/v2\/comments?post=13000"}],"version-history":[{"count":0,"href":"https:\/\/cioelectro.com\/en\/wp-json\/wp\/v2\/product\/13000\/revisions"}],"wp:featuredmedia":[{"embeddable":true,"href":"https:\/\/cioelectro.com\/en\/wp-json\/wp\/v2\/media\/60869"}],"wp:attachment":[{"href":"https:\/\/cioelectro.com\/en\/wp-json\/wp\/v2\/media?parent=13000"}],"wp:term":[{"taxonomy":"product_brand","embeddable":true,"href":"https:\/\/cioelectro.com\/en\/wp-json\/wp\/v2\/product_brand?post=13000"},{"taxonomy":"product_cat","embeddable":true,"href":"https:\/\/cioelectro.com\/en\/wp-json\/wp\/v2\/product_cat?post=13000"},{"taxonomy":"product_tag","embeddable":true,"href":"https:\/\/cioelectro.com\/en\/wp-json\/wp\/v2\/product_tag?post=13000"}],"curies":[{"name":"wp","href":"https:\/\/api.w.org\/{rel}","templated":true}]}}