{"id":13130,"date":"2022-08-10T15:41:14","date_gmt":"2022-08-10T13:41:14","guid":{"rendered":"https:\/\/meinradladen.com\/?post_type=product&#038;p=13130"},"modified":"2023-08-10T19:00:39","modified_gmt":"2023-08-10T17:00:39","slug":"bmc-urs-al-one-gravelbike-sram-apex-1-orange-2022","status":"publish","type":"product","link":"https:\/\/cioelectro.com\/en\/produkt\/bmc-urs-al-one-gravelbike-sram-apex-1-orange-2022\/","title":{"rendered":"BMC URS AL ONE GRAVELBIKE SRAM APEX 1 ORANGE 2022"},"content":{"rendered":"<div id=\"product-header-order-name\" class=\"col-lg-20 col-md-20 col-sm-20 col-xs-20\">\n<h2 class=\"heading-title-text\">BMC URS AL ONE GRAVELBIKE SRAM APEX 1 11S 700 MM ORANGE 2022<\/h2>\n<div class=\"col col-sm-12 col-md-12 col-lg-12\">\n<p>Gravel-Fahren hat sich wirklich in die Psyche der Radfahrer verstrickt, aber wir konnten\u00a0<strong>BMC<\/strong> <strong>URS AL<\/strong> nicht in die Besetzung aufnehmen, ohne zu 100 % sicher zu sein, dass es die Hauptrolle \u00fcbernehmen w\u00fcrde. Geben Sie <strong>URS ein<\/strong>\u00a0. URS ist wahrscheinlich der einzige B\u00e4r, den Sie jemals treffen m\u00f6chten. Er streift gerne durch UnReStricted, also pflegen Sie seine wilde Seite. Der superleichte, renntaugliche Rahmen und die leistungsstarke Konstruktion vereinen sich mit der Lehrbuch-BMC-Pr\u00e4zision, modernster Integration und der sorgf\u00e4ltig entwickelten Gravel+-Geometrie. Keine Grizzliness, nur gute Zeiten.<\/p>\n<p>Das\u00a0<strong>BMC URS AL<\/strong>\u00a0ist das Fahrrad\u00e4quivalent eines Cham\u00e4leons, das sich an unterschiedliche Umgebungen anpassen und perfekt einf\u00fcgen kann. Unter Beibehaltung der Fahr- und Handlingeigenschaften der URS-Familie und noch gr\u00f6\u00dferer Praktikabilit\u00e4t durch zus\u00e4tzliche Gep\u00e4ckhalterungen und Dropper-Post-Kompatibilit\u00e4t ist es Ihr Fahrrad f\u00fcr alle F\u00e4lle. Der TCC Gravel Premium Aluminiumrahmen und die Carbongabel sind mit einer SRAM Apex 1&#215;11-Gruppe, einem DT Swiss C1850 Spline-Laufradsatz und 45 mm breiten WTB-Reifen abgestimmt.<\/p>\n<p>Das URS AL ist Nabendynamo-f\u00e4hig und mit Gep\u00e4cktr\u00e4gern und Schutzblechen kompatibel, sodass Sie das perfekte Setup f\u00fcr Abenteuerfahrten oder Pendeln zusammenstellen k\u00f6nnen.<\/p>\n<\/div>\n<div class=\"prodsheet_bullets col col-sm-8 col-md-8 col-lg-8\">\n<h4>HAUPTEIGENSCHAFTEN:<\/h4>\n<ul>\n<li>Bereit f\u00fcr grenzenlose Erkundungen auf Nebenstra\u00dfen oder zum Pendeln.<\/li>\n<li>TCC Gravel Premium Aluminiumrahmen.<\/li>\n<li>Sram Apex 1 1&#215;11-fach Antrieb.<\/li>\n<li>Hydraulische Scheibenbremsen Sram Apex, 180\/160 mm.<\/li>\n<li>DT Swiss C1850 Spline Laufradsatz, 23 mm.<\/li>\n<\/ul>\n<\/div>\n<div class=\"prodsheet_specs1 col col-sm-12 col-md-12 col-lg-12\">\n<h4>MERKMALE:<\/h4>\n<table class=\"table table-striped\">\n<tbody>\n<tr>\n<td>Rahmen<\/td>\n<td>Aluminium: URS Premium Aluminium, Gravel+-Geometrie, interne Kabelf\u00fchrung, Schutzblech- und Gep\u00e4cktr\u00e4gerhalterungen, PF86-Tretlager, flach montierte Scheibe, 12 x 142 mm Steckachse, Reifenfreiheit: 45 mm (gemessene Breite)<\/td>\n<\/tr>\n<tr>\n<td>Gabel<\/td>\n<td>Carbon: URS Carbon, interne Brems- und Nabendynamo-Kabelf\u00fchrung, Schutzblechhalterungen, Gep\u00e4ckhalterungen, flach montierte Scheibe, 12 x 100 mm Steckachse, 45 mm Rake<\/td>\n<\/tr>\n<tr>\n<td>Schalthebel<\/td>\n<td>Sram Apex 1 HRD, 1&#215;11-fach<\/td>\n<\/tr>\n<tr>\n<td>Schaltwerk<\/td>\n<td>Sram Apex 1, langer K\u00e4fig, 11-fach<\/td>\n<\/tr>\n<tr>\n<td>Kassette<\/td>\n<td>Sram Apex, 11-42T<\/td>\n<\/tr>\n<tr>\n<td>Kette<\/td>\n<td>Sram Apex<\/td>\n<\/tr>\n<tr>\n<td>Kurbelgarnitur<\/td>\n<td>Sram Apex 1, 40Z<\/td>\n<\/tr>\n<tr>\n<td>Untere Halterung<\/td>\n<td>PF86<\/td>\n<\/tr>\n<tr>\n<td>Bremsen<\/td>\n<td>Sram Apex HRD-A1, hydr. Scheibenbremse, Mittellinienrotoren (180\/160)<\/td>\n<\/tr>\n<tr>\n<td>Laufradsatz<\/td>\n<td>DT Swiss C1850 Spline, 23 mm<\/td>\n<\/tr>\n<tr>\n<td>Reifen<\/td>\n<td>WTB Riddler, 700 x 40 mm<\/td>\n<\/tr>\n<tr>\n<td>Lenker<\/td>\n<td>BMC RAB 03, Ergo Top Shape, Compact Bend, 70 mm Reach, 130 mm Drop<\/td>\n<\/tr>\n<tr>\n<td>Stengel<\/td>\n<td>BMC MSM02, +\/-6\u00b0<\/td>\n<\/tr>\n<tr>\n<td>Sattel<\/td>\n<td>Verkaufe Royal<\/td>\n<\/tr>\n<tr>\n<td>Sattelst\u00fctze<\/td>\n<td>BMC RSP 03, 27,2 x 350 mm, 15 mm Versatz<\/td>\n<\/tr>\n<tr>\n<td>Gewicht<\/td>\n<td>&#8212;<\/td>\n<\/tr>\n<tr>\n<td>Gewichtsbeschr\u00e4nkung<\/td>\n<td>120 kg: Das maximale Systemgewicht setzt sich aus Rad, Fahrer und Ausr\u00fcstung zusammen<\/td>\n<\/tr>\n<tr>\n<td>Farbe<\/td>\n<td>Orange<\/td>\n<\/tr>\n<\/tbody>\n<\/table>\n<\/div>\n<div class=\"prodsheet_specs2 col col-sm-8 col-md-8 col-lg-8\">\n<h4>GEOMETRIEN:<\/h4>\n<p><img decoding=\"async\" src=\"http:\/\/media1.alltricks.fr\/ckfinder\/images\/cube_route_geo_en.jpg\" \/><\/p>\n<table class=\"table table-striped\">\n<tbody>\n<tr>\n<td>Rahmengr\u00f6\u00dfe<\/td>\n<td>XS<\/td>\n<td>S<\/td>\n<td>M<\/td>\n<td>L<\/td>\n<td>XL<\/td>\n<\/tr>\n<tr>\n<td>Sitzrohr (mm)<\/td>\n<td>430<\/td>\n<td>445<\/td>\n<td>475<\/td>\n<td>505<\/td>\n<td>540<\/td>\n<\/tr>\n<tr>\n<td>Oberrohr (mm)<\/td>\n<td>540<\/td>\n<td>558<\/td>\n<td>576<\/td>\n<td>595<\/td>\n<td>614<\/td>\n<\/tr>\n<tr>\n<td>Kettenstreben (mm)<\/td>\n<td>430<\/td>\n<td>430<\/td>\n<td>430<\/td>\n<td>430<\/td>\n<td>430<\/td>\n<\/tr>\n<tr>\n<td>Steuerrohrl\u00e4nge (mm)<\/td>\n<td>92<\/td>\n<td>118<\/td>\n<td>150<\/td>\n<td>182<\/td>\n<td>214<\/td>\n<\/tr>\n<tr>\n<td>Steuerrohrwinkel (\u00b0)<\/td>\n<td>70<\/td>\n<td>70<\/td>\n<td>70<\/td>\n<td>70<\/td>\n<td>70<\/td>\n<\/tr>\n<tr>\n<td>Sitzrohrwinkel (\u00b0)<\/td>\n<td>74<\/td>\n<td>74<\/td>\n<td>74<\/td>\n<td>74<\/td>\n<td>74<\/td>\n<\/tr>\n<tr>\n<td>Radstand (mm)<\/td>\n<td>1028<\/td>\n<td>1047<\/td>\n<td>1068<\/td>\n<td>1089<\/td>\n<td>1110<\/td>\n<\/tr>\n<tr>\n<td>Stapel (mm)<\/td>\n<td>525<\/td>\n<td>550<\/td>\n<td>580<\/td>\n<td>610<\/td>\n<td>640<\/td>\n<\/tr>\n<tr>\n<td>Reichweite (mm)<\/td>\n<td>390<\/td>\n<td>400<\/td>\n<td>410<\/td>\n<td>420<\/td>\n<td>430<\/td>\n<\/tr>\n<tr>\n<td>Lenkerbreite (mm)<\/td>\n<td>420<\/td>\n<td>420<\/td>\n<td>420<\/td>\n<td>440<\/td>\n<td>440<\/td>\n<\/tr>\n<tr>\n<td>Schaftl\u00e4nge (mm)<\/td>\n<td>70<\/td>\n<td>70<\/td>\n<td>70<\/td>\n<td>80<\/td>\n<td>80<\/td>\n<\/tr>\n<tr>\n<td>Kurbell\u00e4nge (mm)<\/td>\n<td>170<\/td>\n<td>170<\/td>\n<td>172.5<\/td>\n<td>172.5<\/td>\n<td>175<\/td>\n<\/tr>\n<\/tbody>\n<\/table>\n<\/div>\n<\/div>\n<div id=\"product-header-order-form\" class=\"js-reload-on-event col-lg-20 col-md-20 col-sm-20 col-xs-20\" data-to-watch=\"body\" data-event=\"alltricks:cartChanged\" data-url=\"\/ajax\/product\/ajouter\/F-41505-velos-route-_-cyclocross-_-triathlon\/P-2232322-bmc_urs_al_one_gravelbike_sram_apex_1_11s_700_mm_orange_2022\"><\/div>","protected":false},"excerpt":{"rendered":"<div class=\"col-lg-14 col-md-14 col-sm-14 col-xs-20\"><\/div>\n<div id=\"product-specifications-table\" class=\"col-lg-20 col-md-20 col-sm-20 col-xs-20\">\n<table class=\"table table-striped\">\n<tbody>\n<tr>\n<td class=\"spec-name\">Geschlecht<\/td>\n<td class=\"spec-value\">Herren<\/td>\n<\/tr>\n<tr>\n<td class=\"spec-name\">Gruppe<\/td>\n<td class=\"spec-value\">Sram Apex 11S<\/td>\n<\/tr>\n<tr>\n<td class=\"spec-name\">collection<\/td>\n<td class=\"spec-value\">2022<\/td>\n<\/tr>\n<\/tbody>\n<\/table>\n<\/div>","protected":false},"featured_media":60895,"comment_status":"open","ping_status":"closed","template":"","meta":{"_rtcl_gb_attr":""},"product_brand":[],"product_cat":[129],"product_tag":[],"class_list":{"0":"post-13130","1":"product","2":"type-product","3":"status-publish","4":"has-post-thumbnail","6":"product_cat-rennrad","7":"pa_marke-bmc","9":"first","10":"instock","11":"sale","12":"taxable","13":"shipping-taxable","14":"purchasable","15":"product-type-variable"},"yoast_head":"<!-- This site is optimized with the Yoast SEO Premium plugin v20.12 (Yoast SEO v27.4) - https:\/\/yoast.com\/product\/yoast-seo-premium-wordpress\/ -->\n<title>BMC URS AL ONE GRAVELBIKE SRAM APEX 1 ORANGE 2022<\/title>\n<meta name=\"description\" content=\"Entdecken Sie unseren Online-Fahrradladen: Gro\u00dfe Auswahl an Modellen f\u00fcr alle Radsportbegeisterten. Von Rennr\u00e4dern bis zu Mountainbikes - finden Sie heute Ihren perfekten Wegbegleiter!\" \/>\n<meta name=\"robots\" content=\"index, follow, max-snippet:-1, max-image-preview:large, max-video-preview:-1\" \/>\n<link rel=\"canonical\" href=\"https:\/\/cioelectro.com\/en\/produkt\/bmc-urs-al-one-gravelbike-sram-apex-1-orange-2022\/\" \/>\n<meta property=\"og:locale\" content=\"en_US\" \/>\n<meta property=\"og:type\" content=\"article\" \/>\n<meta property=\"og:title\" content=\"BMC URS AL ONE GRAVELBIKE SRAM APEX 1 ORANGE 2022\" \/>\n<meta property=\"og:description\" content=\"Entdecken Sie unseren Online-Fahrradladen: Gro\u00dfe Auswahl an Modellen f\u00fcr alle Radsportbegeisterten. Von Rennr\u00e4dern bis zu Mountainbikes - finden Sie heute Ihren perfekten Wegbegleiter!\" \/>\n<meta property=\"og:url\" content=\"https:\/\/cioelectro.com\/en\/produkt\/bmc-urs-al-one-gravelbike-sram-apex-1-orange-2022\/\" \/>\n<meta property=\"og:site_name\" content=\"cioelectro.com\" \/>\n<meta property=\"article:modified_time\" content=\"2023-08-10T17:00:39+00:00\" \/>\n<meta property=\"og:image\" content=\"https:\/\/cioelectro.com\/wp-content\/uploads\/2023\/06\/BMC-URS-AL-ONE-GRAVELBIKE-SRAM-APEX-1-11S-700-MM-ORANGE-2022.jpg\" \/>\n\t<meta property=\"og:image:width\" content=\"600\" \/>\n\t<meta property=\"og:image:height\" content=\"408\" \/>\n\t<meta property=\"og:image:type\" content=\"image\/jpeg\" \/>\n<meta name=\"twitter:card\" content=\"summary_large_image\" \/>\n<meta name=\"twitter:label1\" content=\"Est. reading time\" \/>\n\t<meta name=\"twitter:data1\" content=\"3 minutes\" \/>\n<script type=\"application\/ld+json\" class=\"yoast-schema-graph\">{\"@context\":\"https:\\\/\\\/schema.org\",\"@graph\":[{\"@type\":\"WebPage\",\"@id\":\"https:\\\/\\\/cioelectro.com\\\/produkt\\\/bmc-urs-al-one-gravelbike-sram-apex-1-orange-2022\\\/\",\"url\":\"https:\\\/\\\/cioelectro.com\\\/produkt\\\/bmc-urs-al-one-gravelbike-sram-apex-1-orange-2022\\\/\",\"name\":\"BMC URS AL ONE GRAVELBIKE SRAM APEX 1 ORANGE 2022\",\"isPartOf\":{\"@id\":\"https:\\\/\\\/cioelectro.com\\\/#website\"},\"primaryImageOfPage\":{\"@id\":\"https:\\\/\\\/cioelectro.com\\\/produkt\\\/bmc-urs-al-one-gravelbike-sram-apex-1-orange-2022\\\/#primaryimage\"},\"image\":{\"@id\":\"https:\\\/\\\/cioelectro.com\\\/produkt\\\/bmc-urs-al-one-gravelbike-sram-apex-1-orange-2022\\\/#primaryimage\"},\"thumbnailUrl\":\"https:\\\/\\\/cioelectro.com\\\/wp-content\\\/uploads\\\/2023\\\/06\\\/BMC-URS-AL-ONE-GRAVELBIKE-SRAM-APEX-1-11S-700-MM-ORANGE-2022.jpg\",\"datePublished\":\"2022-08-10T13:41:14+00:00\",\"dateModified\":\"2023-08-10T17:00:39+00:00\",\"description\":\"Entdecken Sie unseren Online-Fahrradladen: Gro\u00dfe Auswahl an Modellen f\u00fcr alle Radsportbegeisterten. Von Rennr\u00e4dern bis zu Mountainbikes - finden Sie heute Ihren perfekten Wegbegleiter!\",\"breadcrumb\":{\"@id\":\"https:\\\/\\\/cioelectro.com\\\/produkt\\\/bmc-urs-al-one-gravelbike-sram-apex-1-orange-2022\\\/#breadcrumb\"},\"inLanguage\":\"en-US\",\"potentialAction\":[{\"@type\":\"ReadAction\",\"target\":[\"https:\\\/\\\/cioelectro.com\\\/produkt\\\/bmc-urs-al-one-gravelbike-sram-apex-1-orange-2022\\\/\"]}]},{\"@type\":\"ImageObject\",\"inLanguage\":\"en-US\",\"@id\":\"https:\\\/\\\/cioelectro.com\\\/produkt\\\/bmc-urs-al-one-gravelbike-sram-apex-1-orange-2022\\\/#primaryimage\",\"url\":\"https:\\\/\\\/cioelectro.com\\\/wp-content\\\/uploads\\\/2023\\\/06\\\/BMC-URS-AL-ONE-GRAVELBIKE-SRAM-APEX-1-11S-700-MM-ORANGE-2022.jpg\",\"contentUrl\":\"https:\\\/\\\/cioelectro.com\\\/wp-content\\\/uploads\\\/2023\\\/06\\\/BMC-URS-AL-ONE-GRAVELBIKE-SRAM-APEX-1-11S-700-MM-ORANGE-2022.jpg\",\"width\":600,\"height\":408,\"caption\":\"BMC URS AL ONE GRAVELBIKE SRAM APEX 1 11S 700 MM ORANGE 2022\"},{\"@type\":\"BreadcrumbList\",\"@id\":\"https:\\\/\\\/cioelectro.com\\\/produkt\\\/bmc-urs-al-one-gravelbike-sram-apex-1-orange-2022\\\/#breadcrumb\",\"itemListElement\":[{\"@type\":\"ListItem\",\"position\":1,\"name\":\"Startseite\",\"item\":\"https:\\\/\\\/cioelectro.com\\\/\"},{\"@type\":\"ListItem\",\"position\":2,\"name\":\"LADEN\",\"item\":\"https:\\\/\\\/cioelectro.com\\\/laden\\\/\"},{\"@type\":\"ListItem\",\"position\":3,\"name\":\"BMC URS AL ONE GRAVELBIKE SRAM APEX 1 ORANGE 2022\"}]},{\"@type\":\"WebSite\",\"@id\":\"https:\\\/\\\/cioelectro.com\\\/#website\",\"url\":\"https:\\\/\\\/cioelectro.com\\\/\",\"name\":\"cioelectro.com\",\"description\":\"Treten Sie mit uns ins Abenteuer!\",\"publisher\":{\"@id\":\"https:\\\/\\\/cioelectro.com\\\/#organization\"},\"alternateName\":\"MEIN RADLADEN\",\"potentialAction\":[{\"@type\":\"SearchAction\",\"target\":{\"@type\":\"EntryPoint\",\"urlTemplate\":\"https:\\\/\\\/cioelectro.com\\\/?s={search_term_string}\"},\"query-input\":{\"@type\":\"PropertyValueSpecification\",\"valueRequired\":true,\"valueName\":\"search_term_string\"}}],\"inLanguage\":\"en-US\"},{\"@type\":\"Organization\",\"@id\":\"https:\\\/\\\/cioelectro.com\\\/#organization\",\"name\":\"CIOELECTRO\",\"alternateName\":\"MEIN RADLADEN\",\"url\":\"https:\\\/\\\/cioelectro.com\\\/\",\"logo\":{\"@type\":\"ImageObject\",\"inLanguage\":\"en-US\",\"@id\":\"https:\\\/\\\/cioelectro.com\\\/#\\\/schema\\\/logo\\\/image\\\/\",\"url\":\"https:\\\/\\\/cioelectro.com\\\/wp-content\\\/uploads\\\/2025\\\/12\\\/Logo-2-1200x800.png\",\"contentUrl\":\"https:\\\/\\\/cioelectro.com\\\/wp-content\\\/uploads\\\/2025\\\/12\\\/Logo-2-1200x800.png\",\"width\":1200,\"height\":800,\"caption\":\"CIOELECTRO\"},\"image\":{\"@id\":\"https:\\\/\\\/cioelectro.com\\\/#\\\/schema\\\/logo\\\/image\\\/\"}}]}<\/script>\n<!-- \/ Yoast SEO Premium plugin. -->","yoast_head_json":{"title":"BMC URS AL ONE GRAVELBIKE SRAM APEX 1 ORANGE 2022","description":"Entdecken Sie unseren Online-Fahrradladen: Gro\u00dfe Auswahl an Modellen f\u00fcr alle Radsportbegeisterten. Von Rennr\u00e4dern bis zu Mountainbikes - finden Sie heute Ihren perfekten Wegbegleiter!","robots":{"index":"index","follow":"follow","max-snippet":"max-snippet:-1","max-image-preview":"max-image-preview:large","max-video-preview":"max-video-preview:-1"},"canonical":"https:\/\/cioelectro.com\/en\/produkt\/bmc-urs-al-one-gravelbike-sram-apex-1-orange-2022\/","og_locale":"en_US","og_type":"article","og_title":"BMC URS AL ONE GRAVELBIKE SRAM APEX 1 ORANGE 2022","og_description":"Entdecken Sie unseren Online-Fahrradladen: Gro\u00dfe Auswahl an Modellen f\u00fcr alle Radsportbegeisterten. Von Rennr\u00e4dern bis zu Mountainbikes - finden Sie heute Ihren perfekten Wegbegleiter!","og_url":"https:\/\/cioelectro.com\/en\/produkt\/bmc-urs-al-one-gravelbike-sram-apex-1-orange-2022\/","og_site_name":"cioelectro.com","article_modified_time":"2023-08-10T17:00:39+00:00","og_image":[{"width":600,"height":408,"url":"https:\/\/cioelectro.com\/wp-content\/uploads\/2023\/06\/BMC-URS-AL-ONE-GRAVELBIKE-SRAM-APEX-1-11S-700-MM-ORANGE-2022.jpg","type":"image\/jpeg"}],"twitter_card":"summary_large_image","twitter_misc":{"Est. reading time":"3 minutes"},"schema":{"@context":"https:\/\/schema.org","@graph":[{"@type":"WebPage","@id":"https:\/\/cioelectro.com\/produkt\/bmc-urs-al-one-gravelbike-sram-apex-1-orange-2022\/","url":"https:\/\/cioelectro.com\/produkt\/bmc-urs-al-one-gravelbike-sram-apex-1-orange-2022\/","name":"BMC URS AL ONE GRAVELBIKE SRAM APEX 1 ORANGE 2022","isPartOf":{"@id":"https:\/\/cioelectro.com\/#website"},"primaryImageOfPage":{"@id":"https:\/\/cioelectro.com\/produkt\/bmc-urs-al-one-gravelbike-sram-apex-1-orange-2022\/#primaryimage"},"image":{"@id":"https:\/\/cioelectro.com\/produkt\/bmc-urs-al-one-gravelbike-sram-apex-1-orange-2022\/#primaryimage"},"thumbnailUrl":"https:\/\/cioelectro.com\/wp-content\/uploads\/2023\/06\/BMC-URS-AL-ONE-GRAVELBIKE-SRAM-APEX-1-11S-700-MM-ORANGE-2022.jpg","datePublished":"2022-08-10T13:41:14+00:00","dateModified":"2023-08-10T17:00:39+00:00","description":"Entdecken Sie unseren Online-Fahrradladen: Gro\u00dfe Auswahl an Modellen f\u00fcr alle Radsportbegeisterten. Von Rennr\u00e4dern bis zu Mountainbikes - finden Sie heute Ihren perfekten Wegbegleiter!","breadcrumb":{"@id":"https:\/\/cioelectro.com\/produkt\/bmc-urs-al-one-gravelbike-sram-apex-1-orange-2022\/#breadcrumb"},"inLanguage":"en-US","potentialAction":[{"@type":"ReadAction","target":["https:\/\/cioelectro.com\/produkt\/bmc-urs-al-one-gravelbike-sram-apex-1-orange-2022\/"]}]},{"@type":"ImageObject","inLanguage":"en-US","@id":"https:\/\/cioelectro.com\/produkt\/bmc-urs-al-one-gravelbike-sram-apex-1-orange-2022\/#primaryimage","url":"https:\/\/cioelectro.com\/wp-content\/uploads\/2023\/06\/BMC-URS-AL-ONE-GRAVELBIKE-SRAM-APEX-1-11S-700-MM-ORANGE-2022.jpg","contentUrl":"https:\/\/cioelectro.com\/wp-content\/uploads\/2023\/06\/BMC-URS-AL-ONE-GRAVELBIKE-SRAM-APEX-1-11S-700-MM-ORANGE-2022.jpg","width":600,"height":408,"caption":"BMC URS AL ONE GRAVELBIKE SRAM APEX 1 11S 700 MM ORANGE 2022"},{"@type":"BreadcrumbList","@id":"https:\/\/cioelectro.com\/produkt\/bmc-urs-al-one-gravelbike-sram-apex-1-orange-2022\/#breadcrumb","itemListElement":[{"@type":"ListItem","position":1,"name":"Startseite","item":"https:\/\/cioelectro.com\/"},{"@type":"ListItem","position":2,"name":"LADEN","item":"https:\/\/cioelectro.com\/laden\/"},{"@type":"ListItem","position":3,"name":"BMC URS AL ONE GRAVELBIKE SRAM APEX 1 ORANGE 2022"}]},{"@type":"WebSite","@id":"https:\/\/cioelectro.com\/#website","url":"https:\/\/cioelectro.com\/","name":"cioelectro.com","description":"Treten Sie mit uns ins Abenteuer!","publisher":{"@id":"https:\/\/cioelectro.com\/#organization"},"alternateName":"MEIN RADLADEN","potentialAction":[{"@type":"SearchAction","target":{"@type":"EntryPoint","urlTemplate":"https:\/\/cioelectro.com\/?s={search_term_string}"},"query-input":{"@type":"PropertyValueSpecification","valueRequired":true,"valueName":"search_term_string"}}],"inLanguage":"en-US"},{"@type":"Organization","@id":"https:\/\/cioelectro.com\/#organization","name":"CIOELECTRO","alternateName":"MEIN RADLADEN","url":"https:\/\/cioelectro.com\/","logo":{"@type":"ImageObject","inLanguage":"en-US","@id":"https:\/\/cioelectro.com\/#\/schema\/logo\/image\/","url":"https:\/\/cioelectro.com\/wp-content\/uploads\/2025\/12\/Logo-2-1200x800.png","contentUrl":"https:\/\/cioelectro.com\/wp-content\/uploads\/2025\/12\/Logo-2-1200x800.png","width":1200,"height":800,"caption":"CIOELECTRO"},"image":{"@id":"https:\/\/cioelectro.com\/#\/schema\/logo\/image\/"}}]}},"_links":{"self":[{"href":"https:\/\/cioelectro.com\/en\/wp-json\/wp\/v2\/product\/13130","targetHints":{"allow":["GET"]}}],"collection":[{"href":"https:\/\/cioelectro.com\/en\/wp-json\/wp\/v2\/product"}],"about":[{"href":"https:\/\/cioelectro.com\/en\/wp-json\/wp\/v2\/types\/product"}],"replies":[{"embeddable":true,"href":"https:\/\/cioelectro.com\/en\/wp-json\/wp\/v2\/comments?post=13130"}],"version-history":[{"count":0,"href":"https:\/\/cioelectro.com\/en\/wp-json\/wp\/v2\/product\/13130\/revisions"}],"wp:featuredmedia":[{"embeddable":true,"href":"https:\/\/cioelectro.com\/en\/wp-json\/wp\/v2\/media\/60895"}],"wp:attachment":[{"href":"https:\/\/cioelectro.com\/en\/wp-json\/wp\/v2\/media?parent=13130"}],"wp:term":[{"taxonomy":"product_brand","embeddable":true,"href":"https:\/\/cioelectro.com\/en\/wp-json\/wp\/v2\/product_brand?post=13130"},{"taxonomy":"product_cat","embeddable":true,"href":"https:\/\/cioelectro.com\/en\/wp-json\/wp\/v2\/product_cat?post=13130"},{"taxonomy":"product_tag","embeddable":true,"href":"https:\/\/cioelectro.com\/en\/wp-json\/wp\/v2\/product_tag?post=13130"}],"curies":[{"name":"wp","href":"https:\/\/api.w.org\/{rel}","templated":true}]}}