{"id":13454,"date":"2022-08-19T18:33:51","date_gmt":"2022-08-19T16:33:51","guid":{"rendered":"https:\/\/meinradladen.com\/?post_type=product&#038;p=13454"},"modified":"2024-09-21T09:06:25","modified_gmt":"2024-09-21T07:06:25","slug":"bmc-alpenchallenge-01-one-fitness-city-bike-anthrazit-grau-2021","status":"publish","type":"product","link":"https:\/\/cioelectro.com\/en\/produkt\/bmc-alpenchallenge-01-one-fitness-city-bike-anthrazit-grau-2021\/","title":{"rendered":"BMC ALPENCHALLENGE 01 ONE FITNESS CITY BIKE ANTHRAZIT GRAU 2021"},"content":{"rendered":"<div id=\"product-header-order-name\" class=\"col-lg-20 col-md-20 col-sm-20 col-xs-20\">\n<h2 class=\"heading-title-text\">BMC ALPENCHALLENGE 01 ONE FITNESS CITY BIKE SHIMANO ALFINE 8S G\u00dcRTEL 700 MM METALLIC ANTHRAZIT GRAU 2021<\/h2>\n<div class=\"col col-sm-12 col-md-12 col-lg-12\">\n<p>Das Leben ist eine Rasse. Gehen Sie schnell, haben Sie Spa\u00df und drehen Sie die K\u00f6pfe, w\u00e4hrend Sie dem Rudel voraus sind. Mit maximalem Stil und ultimativem Design f\u00fcr Geschwindigkeit ist die\u00a0<strong>BMC Alpenchallenge<\/strong>\u00a0das Fahrrad der Wahl f\u00fcr Fahrer, die auf niemanden warten. Versteckte schnell montierte Kotfl\u00fcgel\u00f6sen, interne Kabelf\u00fchrung und nachmontierte Scheibenbremsen halten das Verh\u00e4ltnis von Form zu Funktion maximal.<\/p>\n<p>Diese Alumnium-gerahmte Speed-Maschine mit Carbon-Gabel wurde als ultimatives Allround-Rennrad entwickelt und erf\u00fcllt die beiden Hauptpfeiler Funktionalit\u00e4t und Form. Die\u00a0<strong>BMC Alpenchallenge 01 One<\/strong>\u00a0vereint Aero-Tube-Profile mit versteckten Kotfl\u00fcgelhalterungen und gro\u00dfz\u00fcgigem Reifenabstand, um maximale Geschwindigkeit und Stil in einer einzigartigen Fahrt zu erzielen.<\/p>\n<\/div>\n<div class=\"prodsheet_bullets col col-sm-8 col-md-8 col-lg-8\">\n<h4>HAUPTEIGENSCHAFTEN:<\/h4>\n<ul>\n<li>Eine designgetriebene Fahrt &#8211; die Alpenchallenge 01.<\/li>\n<li>Alumniumrahmen und Carbongabel.<\/li>\n<li>Im Lenker und in der Sattelst\u00fctze integrierte LightSKIN-Leuchten.<\/li>\n<li>Shimano Alfine 1&#215;8-Gang-Antrieb, Riemenantrieb.<\/li>\n<li>Hydraulische Scheibenbremsen Shimano MT400, 160\/160 mm.<\/li>\n<\/ul>\n<\/div>\n<div class=\"prodsheet_specs1 col col-sm-12 col-md-12 col-lg-12\">\n<h4>EIGENSCHAFTEN:<\/h4>\n<table class=\"table table-striped\">\n<tbody>\n<tr>\n<td>Rahmen<\/td>\n<td>Aluminium: Alpenchallenge 01 Premium-Legierung, Riemenantrieb, dreifach konifiziertes, hydrogeformtes Aluminium, interne Kabelf\u00fchrung, exzentrisches Innenlager, 32 mm Reifenabstand<\/td>\n<\/tr>\n<tr>\n<td>Gabel<\/td>\n<td>Carbon: Alpenchallenge 01 Carbon, 45 mm Versatz<\/td>\n<\/tr>\n<tr>\n<td>Schalthebel<\/td>\n<td>Shimano Alfine 8, Rapidfire Plus, 1&#215;8-Gang<\/td>\n<\/tr>\n<tr>\n<td>Hinterradnabe<\/td>\n<td>Shimano Alfine 8, 8-Gang-Nabe mit Innenverzahnung<\/td>\n<\/tr>\n<tr>\n<td>Kassette<\/td>\n<td>Gates CDX-CT SureFit, 24T, 8-Gang<\/td>\n<\/tr>\n<tr>\n<td>G\u00fcrtel<\/td>\n<td>G\u00fcrtel, Gates CDN-CT 115<\/td>\n<\/tr>\n<tr>\n<td>Kurbelgarnitur<\/td>\n<td>Gates CenterTrack CDN-S-150, 55T<\/td>\n<\/tr>\n<tr>\n<td>Bremsen<\/td>\n<td>Shimano MT400, Hydr. Scheibenbremse, (160\/160) RT30-Rotoren<\/td>\n<\/tr>\n<tr>\n<td>Radsatz<\/td>\n<td>Felgen: SR500 \/ Naben: Shimano HB-M4050 \/ Shimano Alfine 8<\/td>\n<\/tr>\n<tr>\n<td>Reifen<\/td>\n<td>Kontinentale Kontaktgeschwindigkeit 700&#215;28 mm<\/td>\n<\/tr>\n<tr>\n<td>Lenker<\/td>\n<td>Lichthaut mit integrierten Lichtern, 620 mm, 9 \u00b0 R\u00fccken<\/td>\n<\/tr>\n<tr>\n<td>Stengel<\/td>\n<td>BMC MSM01, -5 \u00b0<\/td>\n<\/tr>\n<tr>\n<td>Sattel<\/td>\n<td>Selle Royal Vivo<\/td>\n<\/tr>\n<tr>\n<td>Sattelst\u00fctze<\/td>\n<td>Lichthaut mit integrierten Lichtern<\/td>\n<\/tr>\n<tr>\n<td>Gewicht<\/td>\n<td>11,5 kg<\/td>\n<\/tr>\n<tr>\n<td>Farbe<\/td>\n<td>Metallic Anthracite<\/td>\n<\/tr>\n<\/tbody>\n<\/table>\n<\/div>\n<div class=\"prodsheet_specs2 col col-sm-8 col-md-8 col-lg-8\">\n<h4>GEOMETRIEN:<\/h4>\n<p><img decoding=\"async\" src=\"http:\/\/media1.alltricks.fr\/ckfinder\/images\/cube_ville_geo_en.jpg\" \/><\/p>\n<table class=\"table table-striped\">\n<tbody>\n<tr>\n<td>Rahmengr\u00f6\u00dfe<\/td>\n<td>S<\/td>\n<td>M<\/td>\n<td>L<\/td>\n<td>XL<\/td>\n<\/tr>\n<tr>\n<td>Sitzrohr (mm)<\/td>\n<td>440<\/td>\n<td>485<\/td>\n<td>515<\/td>\n<td>560<\/td>\n<\/tr>\n<tr>\n<td>Oberrohr (mm)<\/td>\n<td>547<\/td>\n<td>575<\/td>\n<td>590<\/td>\n<td>617<\/td>\n<\/tr>\n<tr>\n<td>Kettenstreben (mm)<\/td>\n<td>412<\/td>\n<td>412<\/td>\n<td>412<\/td>\n<td>412<\/td>\n<\/tr>\n<tr>\n<td>Steuerrohrl\u00e4nge (mm)<\/td>\n<td>100<\/td>\n<td>140<\/td>\n<td>160<\/td>\n<td>200<\/td>\n<\/tr>\n<tr>\n<td>Steuerrohrwinkel (\u00b0)<\/td>\n<td>72<\/td>\n<td>72<\/td>\n<td>72<\/td>\n<td>72<\/td>\n<\/tr>\n<tr>\n<td>Sitzrohrwinkel (\u00b0)<\/td>\n<td>73,5<\/td>\n<td>73,5<\/td>\n<td>73,5<\/td>\n<td>73,5<\/td>\n<\/tr>\n<tr>\n<td>Radstand (mm)<\/td>\n<td>992<\/td>\n<td>1022<\/td>\n<td>1037<\/td>\n<td>1075<\/td>\n<\/tr>\n<tr>\n<td>Stapel (mm)<\/td>\n<td>533<\/td>\n<td>571<\/td>\n<td>590<\/td>\n<td>628<\/td>\n<\/tr>\n<tr>\n<td>Reichweite (mm)<\/td>\n<td>390<\/td>\n<td>406<\/td>\n<td>415<\/td>\n<td>431<\/td>\n<\/tr>\n<tr>\n<td>Schaftl\u00e4nge (mm)<\/td>\n<td>80<\/td>\n<td>80<\/td>\n<td>90<\/td>\n<td>90<\/td>\n<\/tr>\n<\/tbody>\n<\/table>\n<\/div>\n<\/div>\n<div id=\"product-header-order-form\" class=\"js-reload-on-event col-lg-20 col-md-20 col-sm-20 col-xs-20\" data-to-watch=\"body\" data-event=\"alltricks:cartChanged\" data-url=\"\/ajax\/product\/ajouter\/F-187976-velo-ville_voyage_vtc\/P-2054966-bmc_alpenchallenge_01_one_fitness_city_bike_shimano_alfine_8s_gurtel_700_mm_metallic_anthrazit_grau_2021\"><\/div>","protected":false},"excerpt":{"rendered":"<div class=\"col-lg-14 col-md-14 col-sm-14 col-xs-20\"><\/div>\n<div id=\"product-specifications-table\" class=\"col-lg-20 col-md-20 col-sm-20 col-xs-20\">\n<table class=\"table table-striped\">\n<tbody>\n<tr>\n<td class=\"spec-name\">Geschlecht<\/td>\n<td class=\"spec-value\">Herren<\/td>\n<\/tr>\n<tr>\n<td class=\"spec-name\">Groupe<\/td>\n<td class=\"spec-value\">Shimano Alfine 8v Belt<\/td>\n<\/tr>\n<tr>\n<td class=\"spec-name\">collection<\/td>\n<td class=\"spec-value\">2021<\/td>\n<\/tr>\n<\/tbody>\n<\/table>\n<\/div>","protected":false},"featured_media":60924,"comment_status":"open","ping_status":"closed","template":"","meta":{"_rtcl_gb_attr":""},"product_brand":[],"product_cat":[221],"product_tag":[],"class_list":{"0":"post-13454","1":"product","2":"type-product","3":"status-publish","4":"has-post-thumbnail","6":"product_cat-city-bikes","7":"pa_marke-bmc","9":"first","10":"instock","11":"sale","12":"taxable","13":"shipping-taxable","14":"purchasable","15":"product-type-variable"},"yoast_head":"<!-- This site is optimized with the Yoast SEO Premium plugin v20.12 (Yoast SEO v27.4) - https:\/\/yoast.com\/product\/yoast-seo-premium-wordpress\/ -->\n<title>BMC ALPENCHALLENGE 01 ONE FITNESS CITY BIKE ANTHRAZIT GRAU 2021<\/title>\n<meta name=\"description\" content=\"Entdecken Sie unseren Online-Fahrradladen: Gro\u00dfe Auswahl an Modellen f\u00fcr alle Radsportbegeisterten. Von Rennr\u00e4dern bis zu Mountainbikes - finden Sie heute Ihren perfekten Wegbegleiter!\" \/>\n<meta name=\"robots\" content=\"index, follow, max-snippet:-1, max-image-preview:large, max-video-preview:-1\" \/>\n<link rel=\"canonical\" href=\"https:\/\/cioelectro.com\/en\/produkt\/bmc-alpenchallenge-01-one-fitness-city-bike-anthrazit-grau-2021\/\" \/>\n<meta property=\"og:locale\" content=\"en_US\" \/>\n<meta property=\"og:type\" content=\"article\" \/>\n<meta property=\"og:title\" content=\"BMC ALPENCHALLENGE 01 ONE FITNESS CITY BIKE ANTHRAZIT GRAU 2021\" \/>\n<meta property=\"og:description\" content=\"Entdecken Sie unseren Online-Fahrradladen: Gro\u00dfe Auswahl an Modellen f\u00fcr alle Radsportbegeisterten. Von Rennr\u00e4dern bis zu Mountainbikes - finden Sie heute Ihren perfekten Wegbegleiter!\" \/>\n<meta property=\"og:url\" content=\"https:\/\/cioelectro.com\/en\/produkt\/bmc-alpenchallenge-01-one-fitness-city-bike-anthrazit-grau-2021\/\" \/>\n<meta property=\"og:site_name\" content=\"cioelectro.com\" \/>\n<meta property=\"article:modified_time\" content=\"2024-09-21T07:06:25+00:00\" \/>\n<meta property=\"og:image\" content=\"https:\/\/cioelectro.com\/wp-content\/uploads\/2023\/06\/BMC-ALPENCHALLENGE-01-ONE-FITNESS-CITY-BIKE-SHIMANO-ALFINE-8S-GUeRTEL-700-MM-METALLIC-ANTHRAZIT-GRAU-2021.jpg\" \/>\n\t<meta property=\"og:image:width\" content=\"600\" \/>\n\t<meta property=\"og:image:height\" content=\"408\" \/>\n\t<meta property=\"og:image:type\" content=\"image\/jpeg\" \/>\n<meta name=\"twitter:card\" content=\"summary_large_image\" \/>\n<meta name=\"twitter:label1\" content=\"Est. reading time\" \/>\n\t<meta name=\"twitter:data1\" content=\"3 minutes\" \/>\n<script type=\"application\/ld+json\" class=\"yoast-schema-graph\">{\"@context\":\"https:\\\/\\\/schema.org\",\"@graph\":[{\"@type\":\"WebPage\",\"@id\":\"https:\\\/\\\/cioelectro.com\\\/produkt\\\/bmc-alpenchallenge-01-one-fitness-city-bike-anthrazit-grau-2021\\\/\",\"url\":\"https:\\\/\\\/cioelectro.com\\\/produkt\\\/bmc-alpenchallenge-01-one-fitness-city-bike-anthrazit-grau-2021\\\/\",\"name\":\"BMC ALPENCHALLENGE 01 ONE FITNESS CITY BIKE ANTHRAZIT GRAU 2021\",\"isPartOf\":{\"@id\":\"https:\\\/\\\/cioelectro.com\\\/#website\"},\"primaryImageOfPage\":{\"@id\":\"https:\\\/\\\/cioelectro.com\\\/produkt\\\/bmc-alpenchallenge-01-one-fitness-city-bike-anthrazit-grau-2021\\\/#primaryimage\"},\"image\":{\"@id\":\"https:\\\/\\\/cioelectro.com\\\/produkt\\\/bmc-alpenchallenge-01-one-fitness-city-bike-anthrazit-grau-2021\\\/#primaryimage\"},\"thumbnailUrl\":\"https:\\\/\\\/cioelectro.com\\\/wp-content\\\/uploads\\\/2023\\\/06\\\/BMC-ALPENCHALLENGE-01-ONE-FITNESS-CITY-BIKE-SHIMANO-ALFINE-8S-GUeRTEL-700-MM-METALLIC-ANTHRAZIT-GRAU-2021.jpg\",\"datePublished\":\"2022-08-19T16:33:51+00:00\",\"dateModified\":\"2024-09-21T07:06:25+00:00\",\"description\":\"Entdecken Sie unseren Online-Fahrradladen: Gro\u00dfe Auswahl an Modellen f\u00fcr alle Radsportbegeisterten. Von Rennr\u00e4dern bis zu Mountainbikes - finden Sie heute Ihren perfekten Wegbegleiter!\",\"breadcrumb\":{\"@id\":\"https:\\\/\\\/cioelectro.com\\\/produkt\\\/bmc-alpenchallenge-01-one-fitness-city-bike-anthrazit-grau-2021\\\/#breadcrumb\"},\"inLanguage\":\"en-US\",\"potentialAction\":[{\"@type\":\"ReadAction\",\"target\":[\"https:\\\/\\\/cioelectro.com\\\/produkt\\\/bmc-alpenchallenge-01-one-fitness-city-bike-anthrazit-grau-2021\\\/\"]}]},{\"@type\":\"ImageObject\",\"inLanguage\":\"en-US\",\"@id\":\"https:\\\/\\\/cioelectro.com\\\/produkt\\\/bmc-alpenchallenge-01-one-fitness-city-bike-anthrazit-grau-2021\\\/#primaryimage\",\"url\":\"https:\\\/\\\/cioelectro.com\\\/wp-content\\\/uploads\\\/2023\\\/06\\\/BMC-ALPENCHALLENGE-01-ONE-FITNESS-CITY-BIKE-SHIMANO-ALFINE-8S-GUeRTEL-700-MM-METALLIC-ANTHRAZIT-GRAU-2021.jpg\",\"contentUrl\":\"https:\\\/\\\/cioelectro.com\\\/wp-content\\\/uploads\\\/2023\\\/06\\\/BMC-ALPENCHALLENGE-01-ONE-FITNESS-CITY-BIKE-SHIMANO-ALFINE-8S-GUeRTEL-700-MM-METALLIC-ANTHRAZIT-GRAU-2021.jpg\",\"width\":600,\"height\":408,\"caption\":\"BMC ALPENCHALLENGE 01 ONE FITNESS CITY BIKE SHIMANO ALFINE 8S G\u00dcRTEL 700 MM METALLIC ANTHRAZIT GRAU 2021\"},{\"@type\":\"BreadcrumbList\",\"@id\":\"https:\\\/\\\/cioelectro.com\\\/produkt\\\/bmc-alpenchallenge-01-one-fitness-city-bike-anthrazit-grau-2021\\\/#breadcrumb\",\"itemListElement\":[{\"@type\":\"ListItem\",\"position\":1,\"name\":\"Startseite\",\"item\":\"https:\\\/\\\/cioelectro.com\\\/\"},{\"@type\":\"ListItem\",\"position\":2,\"name\":\"LADEN\",\"item\":\"https:\\\/\\\/cioelectro.com\\\/laden\\\/\"},{\"@type\":\"ListItem\",\"position\":3,\"name\":\"BMC ALPENCHALLENGE 01 ONE FITNESS CITY BIKE ANTHRAZIT GRAU 2021\"}]},{\"@type\":\"WebSite\",\"@id\":\"https:\\\/\\\/cioelectro.com\\\/#website\",\"url\":\"https:\\\/\\\/cioelectro.com\\\/\",\"name\":\"cioelectro.com\",\"description\":\"Treten Sie mit uns ins Abenteuer!\",\"publisher\":{\"@id\":\"https:\\\/\\\/cioelectro.com\\\/#organization\"},\"alternateName\":\"MEIN RADLADEN\",\"potentialAction\":[{\"@type\":\"SearchAction\",\"target\":{\"@type\":\"EntryPoint\",\"urlTemplate\":\"https:\\\/\\\/cioelectro.com\\\/?s={search_term_string}\"},\"query-input\":{\"@type\":\"PropertyValueSpecification\",\"valueRequired\":true,\"valueName\":\"search_term_string\"}}],\"inLanguage\":\"en-US\"},{\"@type\":\"Organization\",\"@id\":\"https:\\\/\\\/cioelectro.com\\\/#organization\",\"name\":\"CIOELECTRO\",\"alternateName\":\"MEIN RADLADEN\",\"url\":\"https:\\\/\\\/cioelectro.com\\\/\",\"logo\":{\"@type\":\"ImageObject\",\"inLanguage\":\"en-US\",\"@id\":\"https:\\\/\\\/cioelectro.com\\\/#\\\/schema\\\/logo\\\/image\\\/\",\"url\":\"https:\\\/\\\/cioelectro.com\\\/wp-content\\\/uploads\\\/2025\\\/12\\\/Logo-2-1200x800.png\",\"contentUrl\":\"https:\\\/\\\/cioelectro.com\\\/wp-content\\\/uploads\\\/2025\\\/12\\\/Logo-2-1200x800.png\",\"width\":1200,\"height\":800,\"caption\":\"CIOELECTRO\"},\"image\":{\"@id\":\"https:\\\/\\\/cioelectro.com\\\/#\\\/schema\\\/logo\\\/image\\\/\"}}]}<\/script>\n<!-- \/ Yoast SEO Premium plugin. -->","yoast_head_json":{"title":"BMC ALPENCHALLENGE 01 ONE FITNESS CITY BIKE ANTHRAZIT GRAU 2021","description":"Entdecken Sie unseren Online-Fahrradladen: Gro\u00dfe Auswahl an Modellen f\u00fcr alle Radsportbegeisterten. Von Rennr\u00e4dern bis zu Mountainbikes - finden Sie heute Ihren perfekten Wegbegleiter!","robots":{"index":"index","follow":"follow","max-snippet":"max-snippet:-1","max-image-preview":"max-image-preview:large","max-video-preview":"max-video-preview:-1"},"canonical":"https:\/\/cioelectro.com\/en\/produkt\/bmc-alpenchallenge-01-one-fitness-city-bike-anthrazit-grau-2021\/","og_locale":"en_US","og_type":"article","og_title":"BMC ALPENCHALLENGE 01 ONE FITNESS CITY BIKE ANTHRAZIT GRAU 2021","og_description":"Entdecken Sie unseren Online-Fahrradladen: Gro\u00dfe Auswahl an Modellen f\u00fcr alle Radsportbegeisterten. Von Rennr\u00e4dern bis zu Mountainbikes - finden Sie heute Ihren perfekten Wegbegleiter!","og_url":"https:\/\/cioelectro.com\/en\/produkt\/bmc-alpenchallenge-01-one-fitness-city-bike-anthrazit-grau-2021\/","og_site_name":"cioelectro.com","article_modified_time":"2024-09-21T07:06:25+00:00","og_image":[{"width":600,"height":408,"url":"https:\/\/cioelectro.com\/wp-content\/uploads\/2023\/06\/BMC-ALPENCHALLENGE-01-ONE-FITNESS-CITY-BIKE-SHIMANO-ALFINE-8S-GUeRTEL-700-MM-METALLIC-ANTHRAZIT-GRAU-2021.jpg","type":"image\/jpeg"}],"twitter_card":"summary_large_image","twitter_misc":{"Est. reading time":"3 minutes"},"schema":{"@context":"https:\/\/schema.org","@graph":[{"@type":"WebPage","@id":"https:\/\/cioelectro.com\/produkt\/bmc-alpenchallenge-01-one-fitness-city-bike-anthrazit-grau-2021\/","url":"https:\/\/cioelectro.com\/produkt\/bmc-alpenchallenge-01-one-fitness-city-bike-anthrazit-grau-2021\/","name":"BMC ALPENCHALLENGE 01 ONE FITNESS CITY BIKE ANTHRAZIT GRAU 2021","isPartOf":{"@id":"https:\/\/cioelectro.com\/#website"},"primaryImageOfPage":{"@id":"https:\/\/cioelectro.com\/produkt\/bmc-alpenchallenge-01-one-fitness-city-bike-anthrazit-grau-2021\/#primaryimage"},"image":{"@id":"https:\/\/cioelectro.com\/produkt\/bmc-alpenchallenge-01-one-fitness-city-bike-anthrazit-grau-2021\/#primaryimage"},"thumbnailUrl":"https:\/\/cioelectro.com\/wp-content\/uploads\/2023\/06\/BMC-ALPENCHALLENGE-01-ONE-FITNESS-CITY-BIKE-SHIMANO-ALFINE-8S-GUeRTEL-700-MM-METALLIC-ANTHRAZIT-GRAU-2021.jpg","datePublished":"2022-08-19T16:33:51+00:00","dateModified":"2024-09-21T07:06:25+00:00","description":"Entdecken Sie unseren Online-Fahrradladen: Gro\u00dfe Auswahl an Modellen f\u00fcr alle Radsportbegeisterten. Von Rennr\u00e4dern bis zu Mountainbikes - finden Sie heute Ihren perfekten Wegbegleiter!","breadcrumb":{"@id":"https:\/\/cioelectro.com\/produkt\/bmc-alpenchallenge-01-one-fitness-city-bike-anthrazit-grau-2021\/#breadcrumb"},"inLanguage":"en-US","potentialAction":[{"@type":"ReadAction","target":["https:\/\/cioelectro.com\/produkt\/bmc-alpenchallenge-01-one-fitness-city-bike-anthrazit-grau-2021\/"]}]},{"@type":"ImageObject","inLanguage":"en-US","@id":"https:\/\/cioelectro.com\/produkt\/bmc-alpenchallenge-01-one-fitness-city-bike-anthrazit-grau-2021\/#primaryimage","url":"https:\/\/cioelectro.com\/wp-content\/uploads\/2023\/06\/BMC-ALPENCHALLENGE-01-ONE-FITNESS-CITY-BIKE-SHIMANO-ALFINE-8S-GUeRTEL-700-MM-METALLIC-ANTHRAZIT-GRAU-2021.jpg","contentUrl":"https:\/\/cioelectro.com\/wp-content\/uploads\/2023\/06\/BMC-ALPENCHALLENGE-01-ONE-FITNESS-CITY-BIKE-SHIMANO-ALFINE-8S-GUeRTEL-700-MM-METALLIC-ANTHRAZIT-GRAU-2021.jpg","width":600,"height":408,"caption":"BMC ALPENCHALLENGE 01 ONE FITNESS CITY BIKE SHIMANO ALFINE 8S G\u00dcRTEL 700 MM METALLIC ANTHRAZIT GRAU 2021"},{"@type":"BreadcrumbList","@id":"https:\/\/cioelectro.com\/produkt\/bmc-alpenchallenge-01-one-fitness-city-bike-anthrazit-grau-2021\/#breadcrumb","itemListElement":[{"@type":"ListItem","position":1,"name":"Startseite","item":"https:\/\/cioelectro.com\/"},{"@type":"ListItem","position":2,"name":"LADEN","item":"https:\/\/cioelectro.com\/laden\/"},{"@type":"ListItem","position":3,"name":"BMC ALPENCHALLENGE 01 ONE FITNESS CITY BIKE ANTHRAZIT GRAU 2021"}]},{"@type":"WebSite","@id":"https:\/\/cioelectro.com\/#website","url":"https:\/\/cioelectro.com\/","name":"cioelectro.com","description":"Treten Sie mit uns ins Abenteuer!","publisher":{"@id":"https:\/\/cioelectro.com\/#organization"},"alternateName":"MEIN RADLADEN","potentialAction":[{"@type":"SearchAction","target":{"@type":"EntryPoint","urlTemplate":"https:\/\/cioelectro.com\/?s={search_term_string}"},"query-input":{"@type":"PropertyValueSpecification","valueRequired":true,"valueName":"search_term_string"}}],"inLanguage":"en-US"},{"@type":"Organization","@id":"https:\/\/cioelectro.com\/#organization","name":"CIOELECTRO","alternateName":"MEIN RADLADEN","url":"https:\/\/cioelectro.com\/","logo":{"@type":"ImageObject","inLanguage":"en-US","@id":"https:\/\/cioelectro.com\/#\/schema\/logo\/image\/","url":"https:\/\/cioelectro.com\/wp-content\/uploads\/2025\/12\/Logo-2-1200x800.png","contentUrl":"https:\/\/cioelectro.com\/wp-content\/uploads\/2025\/12\/Logo-2-1200x800.png","width":1200,"height":800,"caption":"CIOELECTRO"},"image":{"@id":"https:\/\/cioelectro.com\/#\/schema\/logo\/image\/"}}]}},"_links":{"self":[{"href":"https:\/\/cioelectro.com\/en\/wp-json\/wp\/v2\/product\/13454","targetHints":{"allow":["GET"]}}],"collection":[{"href":"https:\/\/cioelectro.com\/en\/wp-json\/wp\/v2\/product"}],"about":[{"href":"https:\/\/cioelectro.com\/en\/wp-json\/wp\/v2\/types\/product"}],"replies":[{"embeddable":true,"href":"https:\/\/cioelectro.com\/en\/wp-json\/wp\/v2\/comments?post=13454"}],"version-history":[{"count":0,"href":"https:\/\/cioelectro.com\/en\/wp-json\/wp\/v2\/product\/13454\/revisions"}],"wp:featuredmedia":[{"embeddable":true,"href":"https:\/\/cioelectro.com\/en\/wp-json\/wp\/v2\/media\/60924"}],"wp:attachment":[{"href":"https:\/\/cioelectro.com\/en\/wp-json\/wp\/v2\/media?parent=13454"}],"wp:term":[{"taxonomy":"product_brand","embeddable":true,"href":"https:\/\/cioelectro.com\/en\/wp-json\/wp\/v2\/product_brand?post=13454"},{"taxonomy":"product_cat","embeddable":true,"href":"https:\/\/cioelectro.com\/en\/wp-json\/wp\/v2\/product_cat?post=13454"},{"taxonomy":"product_tag","embeddable":true,"href":"https:\/\/cioelectro.com\/en\/wp-json\/wp\/v2\/product_tag?post=13454"}],"curies":[{"name":"wp","href":"https:\/\/api.w.org\/{rel}","templated":true}]}}