{"id":13464,"date":"2022-08-19T23:02:14","date_gmt":"2022-08-19T21:02:14","guid":{"rendered":"https:\/\/meinradladen.com\/?post_type=product&#038;p=13464"},"modified":"2023-08-10T18:46:50","modified_gmt":"2023-08-10T16:46:50","slug":"rennrad-bmc-teammachine-slr-two-sram-schwarz-carbon-2023","status":"publish","type":"product","link":"https:\/\/cioelectro.com\/en\/produkt\/rennrad-bmc-teammachine-slr-two-sram-schwarz-carbon-2023\/","title":{"rendered":"RENNRAD BMC TEAMMACHINE SLR TWO SRAM SCHWARZ CARBON 2023"},"content":{"rendered":"<div id=\"product-header-order-name\" class=\"col-lg-20 col-md-20 col-sm-20 col-xs-20\">\n<h2 class=\"heading-title-text\">RENNRAD BMC TEAMMACHINE SLR TWO SRAM FORCE ETAP AXS 12V 700 SCHWARZ CARBON 2023<\/h2>\n<\/div>\n<div id=\"product-header-order-form\" class=\"js-reload-on-event col-lg-20 col-md-20 col-sm-20 col-xs-20\" data-to-watch=\"body\" data-event=\"alltricks:cartChanged\" data-url=\"\/ajax\/product\/ajouter\/F-41505-velos-route-_-cyclocross-_-triathlon\/P-2321789-rennrad_bmc_teammachine_slr_two_sram_force_etap_axs_12v_700_schwarz_carbon_2023\">\n<div class=\"col col-sm-12 col-md-12 col-lg-12\">\n<p>Vor zehn Jahren brachte\u00a0<strong>BMC<\/strong> ein Fahrrad auf den Markt, das eine Revolution in der Entwicklung und Herstellung von leistungsstarken Stra\u00dfenr\u00e4dern ausl\u00f6sen sollte. Die <strong>Rennrad BMC Teammachine SLR<\/strong>\u00a0gewann jeden wichtigen Titel, den ein Fahrrad gewinnen kann, darunter Monumente, Weltmeisterschaften, Olympische Spiele und die Tour de France. Mit dem in diesem Jahrzehnt gesammelten Wissen hat BMC die Karten neu gemischt und ein brandneues, hochmodernes Rahmenset pr\u00e4sentiert, das bereit ist, auch in den n\u00e4chsten 10 Jahren an der Spitze zu bleiben.<\/p>\n<p>Die Ingenieure von BMC haben die Teammachine SLR nach dem Prinzip der ultimativen Leistung durch funktionelle Integration entwickelt. Das Ergebnis ist eine un\u00fcbertroffene Aerodynamik. Die neue Teammachine SLR ist dank der neuesten Entwicklungen im Rahmen der Tuned Compliance Concept (TCC) Technologie geschmeidiger als je zuvor. Die pr\u00e4zise gewebten Carbonschichten und die ideale vertikale Flexibilit\u00e4t des Rahmens und der Sattelst\u00fctze verbessern den Grip und die Kontrolle, was zu einer geringeren Erm\u00fcdung der Muskeln f\u00fchrt. Eine neu gestaltete Gabel mit aerodynamischer Silhouette, dezentem Ausfallendendesign und integrierter durchgehender Achsmutter verk\u00f6rpert die Verbindung von technischer Exzellenz mit minimalistischer, eleganter \u00c4sthetik.<\/p>\n<\/div>\n<div class=\"prodsheet_bullets col col-sm-8 col-md-8 col-lg-8\">\n<h4>DIE + PRODUKTE :<\/h4>\n<ul>\n<li>Ultimative Leistung dank funktionaler Integration.<\/li>\n<li>Flexibler als je zuvor, dank der neuesten Entwicklungen durch die Tuned Compliance Concept (TCC) Technologie.<\/li>\n<li>Sram Force eTap AXS 2&#215;12-Gang Schaltung.<\/li>\n<li>Hydraulische Scheibenbremsen Sram Force eTap AXS HRD, 160\/160 mm.<\/li>\n<\/ul>\n<\/div>\n<div class=\"prodsheet_specs1 col col-sm-12 col-md-12 col-lg-12\">\n<h4>DETAILS :<\/h4>\n<table class=\"table table-striped\">\n<tbody>\n<tr>\n<td>Rahmen<\/td>\n<td>Carbon: Teammachine SLR Carbon with Aerocore Design, Stealth Dropout Design, TCC Race Compliance Level, PF86 Bottom Bracket, Integrated Seatpost Clamp, Flat Mount Disc, 12&#215;142 mm Thru-Axle, Optimized for Aerocore Bottle Cages, Tire clearance: 30 mm (Measured Width)<\/td>\n<\/tr>\n<tr>\n<td>Gabel<\/td>\n<td>Carbon: Teammachine SLR Carbon, TCC Race Compliance Level, Internal Cable Routing, Flat Mount Disc, Stealth Dropout Design, 12&#215;100 mm Thru-Axle, 48 mm Offset (Size 47-51), 43 mm Offset (Size 54-61)<\/td>\n<\/tr>\n<tr>\n<td>Schalthebel f\u00fcr das Schaltwerk<\/td>\n<td>Sram Force eTap AXS HRD, 2&#215;12 G\u00e4nge<\/td>\n<\/tr>\n<tr>\n<td>Umwerfer vorne<\/td>\n<td>Sram Force eTap AXS<\/td>\n<\/tr>\n<tr>\n<td>Schaltwerk hinten<\/td>\n<td>Sram Force eTap AXS, 12 G\u00e4nge<\/td>\n<\/tr>\n<tr>\n<td>Kassette<\/td>\n<td>Sram Force XG-1270 10-33 Z\u00e4hne<\/td>\n<\/tr>\n<tr>\n<td>Kette<\/td>\n<td>Sram Force<\/td>\n<\/tr>\n<tr>\n<td>Tretlager<\/td>\n<td>Sram Force AXS 48-35 Z\u00e4hne<\/td>\n<\/tr>\n<tr>\n<td>Tretlagergeh\u00e4use<\/td>\n<td>PF86<\/td>\n<\/tr>\n<tr>\n<td>Bremsen<\/td>\n<td>Sram Force eTap AXS HRD, Centerline XR Rotors (160\/160)<\/td>\n<\/tr>\n<tr>\n<td>Laufr\u00e4der<\/td>\n<td>Felgen: DT Swiss P1800 Disc, 32 mm \/ Naben: DT Swiss 370 Spline Disc<\/td>\n<\/tr>\n<tr>\n<td>Reifen<\/td>\n<td>Vittoria Rubino, 25 mm<\/td>\n<\/tr>\n<tr>\n<td>Lenker<\/td>\n<td>BMC RAB 02, Ergo Top Shpae, Compact Bend<\/td>\n<\/tr>\n<tr>\n<td>Vorbau<\/td>\n<td>BMC RSM01<\/td>\n<\/tr>\n<tr>\n<td>Sattel<\/td>\n<td>Fizik Antares R7<\/td>\n<\/tr>\n<tr>\n<td>Sattelst\u00fctze<\/td>\n<td>Teammachine SLR Carbon D-Shapped, 15 mm Offset<\/td>\n<\/tr>\n<tr>\n<td>Gewicht<\/td>\n<td>&#8212;<\/td>\n<\/tr>\n<tr>\n<td>Maximales Gewicht<\/td>\n<td>110 kg: Das maximale Systemgewicht umfasst das Fahrrad, den Fahrer und die Ausr\u00fcstung<\/td>\n<\/tr>\n<tr>\n<td>Farben<\/td>\n<td>Carbon \/ Prisma<\/td>\n<\/tr>\n<\/tbody>\n<\/table>\n<\/div>\n<div class=\"prodsheet_specs2 col col-sm-8 col-md-8 col-lg-8\">\n<h4>GEOMETRIEN:<\/h4>\n<p><img decoding=\"async\" src=\"http:\/\/media1.alltricks.fr\/ckfinder\/images\/cube_route_geo_en.jpg\" \/><\/p>\n<table class=\"table table-striped\">\n<tbody>\n<tr>\n<td>Rahmengr\u00f6\u00dfe (cm)<\/td>\n<td>47<\/td>\n<td>51<\/td>\n<td>54<\/td>\n<td>56<\/td>\n<td>58<\/td>\n<td>61<\/td>\n<\/tr>\n<tr>\n<td>Sattelrohr (mm)<\/td>\n<td>423<\/td>\n<td>468<\/td>\n<td>504<\/td>\n<td>524<\/td>\n<td>545<\/td>\n<td>574<\/td>\n<\/tr>\n<tr>\n<td>Oberes Rohr (mm)<\/td>\n<td>517<\/td>\n<td>534<\/td>\n<td>549<\/td>\n<td>559<\/td>\n<td>574<\/td>\n<td>589<\/td>\n<\/tr>\n<tr>\n<td>L\u00e4nge der Basis (mm)<\/td>\n<td>410<\/td>\n<td>410<\/td>\n<td>410<\/td>\n<td>410<\/td>\n<td>410<\/td>\n<td>410<\/td>\n<\/tr>\n<tr>\n<td>Lenkh\u00fclse (mm)<\/td>\n<td>110<\/td>\n<td>130<\/td>\n<td>145<\/td>\n<td>165<\/td>\n<td>184<\/td>\n<td>210<\/td>\n<\/tr>\n<tr>\n<td>Lenkwinkel (\u00b0)<\/td>\n<td>71.5<\/td>\n<td>71.5<\/td>\n<td>72.3<\/td>\n<td>72.3<\/td>\n<td>72.3<\/td>\n<td>72.3<\/td>\n<\/tr>\n<tr>\n<td>Winkel Sattelrohr (\u00b0)<\/td>\n<td>73.5<\/td>\n<td>73.5<\/td>\n<td>73.5<\/td>\n<td>73.5<\/td>\n<td>73.5<\/td>\n<td>73.5<\/td>\n<\/tr>\n<tr>\n<td>Radstand (mm)<\/td>\n<td>968<\/td>\n<td>986<\/td>\n<td>989<\/td>\n<td>1000<\/td>\n<td>1015<\/td>\n<td>1030<\/td>\n<\/tr>\n<tr>\n<td>Stack (mm)<\/td>\n<td>506<\/td>\n<td>530<\/td>\n<td>550<\/td>\n<td>565<\/td>\n<td>584<\/td>\n<td>608<\/td>\n<\/tr>\n<tr>\n<td>Reichweite (mm)<\/td>\n<td>367<\/td>\n<td>377<\/td>\n<td>386<\/td>\n<td>392<\/td>\n<td>401<\/td>\n<td>409<\/td>\n<\/tr>\n<tr>\n<td>L\u00e4nge des Vorbaus (mm)<\/td>\n<td>90<\/td>\n<td>90<\/td>\n<td>100<\/td>\n<td>110<\/td>\n<td>110<\/td>\n<td>120<\/td>\n<\/tr>\n<tr>\n<td>Breite des Kleiderb\u00fcgels (mm)<\/td>\n<td>400<\/td>\n<td>420<\/td>\n<td>420<\/td>\n<td>420<\/td>\n<td>420<\/td>\n<td>440<\/td>\n<\/tr>\n<tr>\n<td>Abstand Gabel (mm)<\/td>\n<td>48<\/td>\n<td>48<\/td>\n<td>43<\/td>\n<td>43<\/td>\n<td>43<\/td>\n<td>43<\/td>\n<\/tr>\n<tr>\n<td>L\u00e4nge der Kurbeln (mm)<\/td>\n<td>170<\/td>\n<td>170<\/td>\n<td>172.5<\/td>\n<td>172.5<\/td>\n<td>175<\/td>\n<td>175<\/td>\n<\/tr>\n<\/tbody>\n<\/table>\n<\/div>\n<\/div>","protected":false},"excerpt":{"rendered":"<div class=\"col-lg-14 col-md-14 col-sm-14 col-xs-20\"><\/div>\n<div id=\"product-specifications-table\" class=\"col-lg-20 col-md-20 col-sm-20 col-xs-20\">\n<table class=\"table table-striped\">\n<tbody>\n<tr>\n<td class=\"spec-name\">Geschlecht<\/td>\n<td class=\"spec-value\">Herren<\/td>\n<\/tr>\n<tr>\n<td class=\"spec-name\">Gruppe<\/td>\n<td class=\"spec-value\">Sram Force eTap AXS 12V<\/td>\n<\/tr>\n<tr>\n<td class=\"spec-name\">collection<\/td>\n<td class=\"spec-value\">Restst\u00fccke<\/td>\n<\/tr>\n<\/tbody>\n<\/table>\n<\/div>","protected":false},"featured_media":60930,"comment_status":"open","ping_status":"closed","template":"","meta":{"_rtcl_gb_attr":""},"product_brand":[],"product_cat":[129],"product_tag":[],"class_list":{"0":"post-13464","1":"product","2":"type-product","3":"status-publish","4":"has-post-thumbnail","6":"product_cat-rennrad","7":"pa_marke-bmc","9":"first","10":"instock","11":"sale","12":"taxable","13":"shipping-taxable","14":"purchasable","15":"product-type-variable"},"yoast_head":"<!-- This site is optimized with the Yoast SEO Premium plugin v20.12 (Yoast SEO v27.4) - https:\/\/yoast.com\/product\/yoast-seo-premium-wordpress\/ -->\n<title>RENNRAD BMC TEAMMACHINE SLR TWO SRAM SCHWARZ CARBON 2023<\/title>\n<meta name=\"description\" content=\"Entdecken Sie unseren Online-Fahrradladen: Gro\u00dfe Auswahl an Modellen f\u00fcr alle Radsportbegeisterten. Von Rennr\u00e4dern bis zu Mountainbikes - finden Sie heute Ihren perfekten Wegbegleiter!\" \/>\n<meta name=\"robots\" content=\"index, follow, max-snippet:-1, max-image-preview:large, max-video-preview:-1\" \/>\n<link rel=\"canonical\" href=\"https:\/\/cioelectro.com\/en\/produkt\/rennrad-bmc-teammachine-slr-two-sram-schwarz-carbon-2023\/\" \/>\n<meta property=\"og:locale\" content=\"en_US\" \/>\n<meta property=\"og:type\" content=\"article\" \/>\n<meta property=\"og:title\" content=\"RENNRAD BMC TEAMMACHINE SLR TWO SRAM SCHWARZ CARBON 2023\" \/>\n<meta property=\"og:description\" content=\"Entdecken Sie unseren Online-Fahrradladen: Gro\u00dfe Auswahl an Modellen f\u00fcr alle Radsportbegeisterten. Von Rennr\u00e4dern bis zu Mountainbikes - finden Sie heute Ihren perfekten Wegbegleiter!\" \/>\n<meta property=\"og:url\" content=\"https:\/\/cioelectro.com\/en\/produkt\/rennrad-bmc-teammachine-slr-two-sram-schwarz-carbon-2023\/\" \/>\n<meta property=\"og:site_name\" content=\"cioelectro.com\" \/>\n<meta property=\"article:modified_time\" content=\"2023-08-10T16:46:50+00:00\" \/>\n<meta property=\"og:image\" content=\"https:\/\/cioelectro.com\/wp-content\/uploads\/2023\/06\/RENNRAD-BMC-TEAMMACHINE-SLR-TWO-SRAM-FORCE-ETAP-AXS-12V-700-SCHWARZ-CARBON-2023.jpg\" \/>\n\t<meta property=\"og:image:width\" content=\"600\" \/>\n\t<meta property=\"og:image:height\" content=\"408\" \/>\n\t<meta property=\"og:image:type\" content=\"image\/jpeg\" \/>\n<meta name=\"twitter:card\" content=\"summary_large_image\" \/>\n<meta name=\"twitter:label1\" content=\"Est. reading time\" \/>\n\t<meta name=\"twitter:data1\" content=\"4 minutes\" \/>\n<script type=\"application\/ld+json\" class=\"yoast-schema-graph\">{\"@context\":\"https:\\\/\\\/schema.org\",\"@graph\":[{\"@type\":\"WebPage\",\"@id\":\"https:\\\/\\\/cioelectro.com\\\/produkt\\\/rennrad-bmc-teammachine-slr-two-sram-schwarz-carbon-2023\\\/\",\"url\":\"https:\\\/\\\/cioelectro.com\\\/produkt\\\/rennrad-bmc-teammachine-slr-two-sram-schwarz-carbon-2023\\\/\",\"name\":\"RENNRAD BMC TEAMMACHINE SLR TWO SRAM SCHWARZ CARBON 2023\",\"isPartOf\":{\"@id\":\"https:\\\/\\\/cioelectro.com\\\/#website\"},\"primaryImageOfPage\":{\"@id\":\"https:\\\/\\\/cioelectro.com\\\/produkt\\\/rennrad-bmc-teammachine-slr-two-sram-schwarz-carbon-2023\\\/#primaryimage\"},\"image\":{\"@id\":\"https:\\\/\\\/cioelectro.com\\\/produkt\\\/rennrad-bmc-teammachine-slr-two-sram-schwarz-carbon-2023\\\/#primaryimage\"},\"thumbnailUrl\":\"https:\\\/\\\/cioelectro.com\\\/wp-content\\\/uploads\\\/2023\\\/06\\\/RENNRAD-BMC-TEAMMACHINE-SLR-TWO-SRAM-FORCE-ETAP-AXS-12V-700-SCHWARZ-CARBON-2023.jpg\",\"datePublished\":\"2022-08-19T21:02:14+00:00\",\"dateModified\":\"2023-08-10T16:46:50+00:00\",\"description\":\"Entdecken Sie unseren Online-Fahrradladen: Gro\u00dfe Auswahl an Modellen f\u00fcr alle Radsportbegeisterten. Von Rennr\u00e4dern bis zu Mountainbikes - finden Sie heute Ihren perfekten Wegbegleiter!\",\"breadcrumb\":{\"@id\":\"https:\\\/\\\/cioelectro.com\\\/produkt\\\/rennrad-bmc-teammachine-slr-two-sram-schwarz-carbon-2023\\\/#breadcrumb\"},\"inLanguage\":\"en-US\",\"potentialAction\":[{\"@type\":\"ReadAction\",\"target\":[\"https:\\\/\\\/cioelectro.com\\\/produkt\\\/rennrad-bmc-teammachine-slr-two-sram-schwarz-carbon-2023\\\/\"]}]},{\"@type\":\"ImageObject\",\"inLanguage\":\"en-US\",\"@id\":\"https:\\\/\\\/cioelectro.com\\\/produkt\\\/rennrad-bmc-teammachine-slr-two-sram-schwarz-carbon-2023\\\/#primaryimage\",\"url\":\"https:\\\/\\\/cioelectro.com\\\/wp-content\\\/uploads\\\/2023\\\/06\\\/RENNRAD-BMC-TEAMMACHINE-SLR-TWO-SRAM-FORCE-ETAP-AXS-12V-700-SCHWARZ-CARBON-2023.jpg\",\"contentUrl\":\"https:\\\/\\\/cioelectro.com\\\/wp-content\\\/uploads\\\/2023\\\/06\\\/RENNRAD-BMC-TEAMMACHINE-SLR-TWO-SRAM-FORCE-ETAP-AXS-12V-700-SCHWARZ-CARBON-2023.jpg\",\"width\":600,\"height\":408,\"caption\":\"RENNRAD BMC TEAMMACHINE SLR TWO SRAM FORCE ETAP AXS 12V 700 SCHWARZ CARBON 2023\"},{\"@type\":\"BreadcrumbList\",\"@id\":\"https:\\\/\\\/cioelectro.com\\\/produkt\\\/rennrad-bmc-teammachine-slr-two-sram-schwarz-carbon-2023\\\/#breadcrumb\",\"itemListElement\":[{\"@type\":\"ListItem\",\"position\":1,\"name\":\"Startseite\",\"item\":\"https:\\\/\\\/cioelectro.com\\\/\"},{\"@type\":\"ListItem\",\"position\":2,\"name\":\"LADEN\",\"item\":\"https:\\\/\\\/cioelectro.com\\\/laden\\\/\"},{\"@type\":\"ListItem\",\"position\":3,\"name\":\"RENNRAD BMC TEAMMACHINE SLR TWO SRAM SCHWARZ CARBON 2023\"}]},{\"@type\":\"WebSite\",\"@id\":\"https:\\\/\\\/cioelectro.com\\\/#website\",\"url\":\"https:\\\/\\\/cioelectro.com\\\/\",\"name\":\"cioelectro.com\",\"description\":\"Treten Sie mit uns ins Abenteuer!\",\"publisher\":{\"@id\":\"https:\\\/\\\/cioelectro.com\\\/#organization\"},\"alternateName\":\"MEIN RADLADEN\",\"potentialAction\":[{\"@type\":\"SearchAction\",\"target\":{\"@type\":\"EntryPoint\",\"urlTemplate\":\"https:\\\/\\\/cioelectro.com\\\/?s={search_term_string}\"},\"query-input\":{\"@type\":\"PropertyValueSpecification\",\"valueRequired\":true,\"valueName\":\"search_term_string\"}}],\"inLanguage\":\"en-US\"},{\"@type\":\"Organization\",\"@id\":\"https:\\\/\\\/cioelectro.com\\\/#organization\",\"name\":\"CIOELECTRO\",\"alternateName\":\"MEIN RADLADEN\",\"url\":\"https:\\\/\\\/cioelectro.com\\\/\",\"logo\":{\"@type\":\"ImageObject\",\"inLanguage\":\"en-US\",\"@id\":\"https:\\\/\\\/cioelectro.com\\\/#\\\/schema\\\/logo\\\/image\\\/\",\"url\":\"https:\\\/\\\/cioelectro.com\\\/wp-content\\\/uploads\\\/2025\\\/12\\\/Logo-2-1200x800.png\",\"contentUrl\":\"https:\\\/\\\/cioelectro.com\\\/wp-content\\\/uploads\\\/2025\\\/12\\\/Logo-2-1200x800.png\",\"width\":1200,\"height\":800,\"caption\":\"CIOELECTRO\"},\"image\":{\"@id\":\"https:\\\/\\\/cioelectro.com\\\/#\\\/schema\\\/logo\\\/image\\\/\"}}]}<\/script>\n<!-- \/ Yoast SEO Premium plugin. -->","yoast_head_json":{"title":"RENNRAD BMC TEAMMACHINE SLR TWO SRAM SCHWARZ CARBON 2023","description":"Entdecken Sie unseren Online-Fahrradladen: Gro\u00dfe Auswahl an Modellen f\u00fcr alle Radsportbegeisterten. Von Rennr\u00e4dern bis zu Mountainbikes - finden Sie heute Ihren perfekten Wegbegleiter!","robots":{"index":"index","follow":"follow","max-snippet":"max-snippet:-1","max-image-preview":"max-image-preview:large","max-video-preview":"max-video-preview:-1"},"canonical":"https:\/\/cioelectro.com\/en\/produkt\/rennrad-bmc-teammachine-slr-two-sram-schwarz-carbon-2023\/","og_locale":"en_US","og_type":"article","og_title":"RENNRAD BMC TEAMMACHINE SLR TWO SRAM SCHWARZ CARBON 2023","og_description":"Entdecken Sie unseren Online-Fahrradladen: Gro\u00dfe Auswahl an Modellen f\u00fcr alle Radsportbegeisterten. Von Rennr\u00e4dern bis zu Mountainbikes - finden Sie heute Ihren perfekten Wegbegleiter!","og_url":"https:\/\/cioelectro.com\/en\/produkt\/rennrad-bmc-teammachine-slr-two-sram-schwarz-carbon-2023\/","og_site_name":"cioelectro.com","article_modified_time":"2023-08-10T16:46:50+00:00","og_image":[{"width":600,"height":408,"url":"https:\/\/cioelectro.com\/wp-content\/uploads\/2023\/06\/RENNRAD-BMC-TEAMMACHINE-SLR-TWO-SRAM-FORCE-ETAP-AXS-12V-700-SCHWARZ-CARBON-2023.jpg","type":"image\/jpeg"}],"twitter_card":"summary_large_image","twitter_misc":{"Est. reading time":"4 minutes"},"schema":{"@context":"https:\/\/schema.org","@graph":[{"@type":"WebPage","@id":"https:\/\/cioelectro.com\/produkt\/rennrad-bmc-teammachine-slr-two-sram-schwarz-carbon-2023\/","url":"https:\/\/cioelectro.com\/produkt\/rennrad-bmc-teammachine-slr-two-sram-schwarz-carbon-2023\/","name":"RENNRAD BMC TEAMMACHINE SLR TWO SRAM SCHWARZ CARBON 2023","isPartOf":{"@id":"https:\/\/cioelectro.com\/#website"},"primaryImageOfPage":{"@id":"https:\/\/cioelectro.com\/produkt\/rennrad-bmc-teammachine-slr-two-sram-schwarz-carbon-2023\/#primaryimage"},"image":{"@id":"https:\/\/cioelectro.com\/produkt\/rennrad-bmc-teammachine-slr-two-sram-schwarz-carbon-2023\/#primaryimage"},"thumbnailUrl":"https:\/\/cioelectro.com\/wp-content\/uploads\/2023\/06\/RENNRAD-BMC-TEAMMACHINE-SLR-TWO-SRAM-FORCE-ETAP-AXS-12V-700-SCHWARZ-CARBON-2023.jpg","datePublished":"2022-08-19T21:02:14+00:00","dateModified":"2023-08-10T16:46:50+00:00","description":"Entdecken Sie unseren Online-Fahrradladen: Gro\u00dfe Auswahl an Modellen f\u00fcr alle Radsportbegeisterten. Von Rennr\u00e4dern bis zu Mountainbikes - finden Sie heute Ihren perfekten Wegbegleiter!","breadcrumb":{"@id":"https:\/\/cioelectro.com\/produkt\/rennrad-bmc-teammachine-slr-two-sram-schwarz-carbon-2023\/#breadcrumb"},"inLanguage":"en-US","potentialAction":[{"@type":"ReadAction","target":["https:\/\/cioelectro.com\/produkt\/rennrad-bmc-teammachine-slr-two-sram-schwarz-carbon-2023\/"]}]},{"@type":"ImageObject","inLanguage":"en-US","@id":"https:\/\/cioelectro.com\/produkt\/rennrad-bmc-teammachine-slr-two-sram-schwarz-carbon-2023\/#primaryimage","url":"https:\/\/cioelectro.com\/wp-content\/uploads\/2023\/06\/RENNRAD-BMC-TEAMMACHINE-SLR-TWO-SRAM-FORCE-ETAP-AXS-12V-700-SCHWARZ-CARBON-2023.jpg","contentUrl":"https:\/\/cioelectro.com\/wp-content\/uploads\/2023\/06\/RENNRAD-BMC-TEAMMACHINE-SLR-TWO-SRAM-FORCE-ETAP-AXS-12V-700-SCHWARZ-CARBON-2023.jpg","width":600,"height":408,"caption":"RENNRAD BMC TEAMMACHINE SLR TWO SRAM FORCE ETAP AXS 12V 700 SCHWARZ CARBON 2023"},{"@type":"BreadcrumbList","@id":"https:\/\/cioelectro.com\/produkt\/rennrad-bmc-teammachine-slr-two-sram-schwarz-carbon-2023\/#breadcrumb","itemListElement":[{"@type":"ListItem","position":1,"name":"Startseite","item":"https:\/\/cioelectro.com\/"},{"@type":"ListItem","position":2,"name":"LADEN","item":"https:\/\/cioelectro.com\/laden\/"},{"@type":"ListItem","position":3,"name":"RENNRAD BMC TEAMMACHINE SLR TWO SRAM SCHWARZ CARBON 2023"}]},{"@type":"WebSite","@id":"https:\/\/cioelectro.com\/#website","url":"https:\/\/cioelectro.com\/","name":"cioelectro.com","description":"Treten Sie mit uns ins Abenteuer!","publisher":{"@id":"https:\/\/cioelectro.com\/#organization"},"alternateName":"MEIN RADLADEN","potentialAction":[{"@type":"SearchAction","target":{"@type":"EntryPoint","urlTemplate":"https:\/\/cioelectro.com\/?s={search_term_string}"},"query-input":{"@type":"PropertyValueSpecification","valueRequired":true,"valueName":"search_term_string"}}],"inLanguage":"en-US"},{"@type":"Organization","@id":"https:\/\/cioelectro.com\/#organization","name":"CIOELECTRO","alternateName":"MEIN RADLADEN","url":"https:\/\/cioelectro.com\/","logo":{"@type":"ImageObject","inLanguage":"en-US","@id":"https:\/\/cioelectro.com\/#\/schema\/logo\/image\/","url":"https:\/\/cioelectro.com\/wp-content\/uploads\/2025\/12\/Logo-2-1200x800.png","contentUrl":"https:\/\/cioelectro.com\/wp-content\/uploads\/2025\/12\/Logo-2-1200x800.png","width":1200,"height":800,"caption":"CIOELECTRO"},"image":{"@id":"https:\/\/cioelectro.com\/#\/schema\/logo\/image\/"}}]}},"_links":{"self":[{"href":"https:\/\/cioelectro.com\/en\/wp-json\/wp\/v2\/product\/13464","targetHints":{"allow":["GET"]}}],"collection":[{"href":"https:\/\/cioelectro.com\/en\/wp-json\/wp\/v2\/product"}],"about":[{"href":"https:\/\/cioelectro.com\/en\/wp-json\/wp\/v2\/types\/product"}],"replies":[{"embeddable":true,"href":"https:\/\/cioelectro.com\/en\/wp-json\/wp\/v2\/comments?post=13464"}],"version-history":[{"count":0,"href":"https:\/\/cioelectro.com\/en\/wp-json\/wp\/v2\/product\/13464\/revisions"}],"wp:featuredmedia":[{"embeddable":true,"href":"https:\/\/cioelectro.com\/en\/wp-json\/wp\/v2\/media\/60930"}],"wp:attachment":[{"href":"https:\/\/cioelectro.com\/en\/wp-json\/wp\/v2\/media?parent=13464"}],"wp:term":[{"taxonomy":"product_brand","embeddable":true,"href":"https:\/\/cioelectro.com\/en\/wp-json\/wp\/v2\/product_brand?post=13464"},{"taxonomy":"product_cat","embeddable":true,"href":"https:\/\/cioelectro.com\/en\/wp-json\/wp\/v2\/product_cat?post=13464"},{"taxonomy":"product_tag","embeddable":true,"href":"https:\/\/cioelectro.com\/en\/wp-json\/wp\/v2\/product_tag?post=13464"}],"curies":[{"name":"wp","href":"https:\/\/api.w.org\/{rel}","templated":true}]}}