{"id":13472,"date":"2022-08-20T13:07:43","date_gmt":"2022-08-20T11:07:43","guid":{"rendered":"https:\/\/meinradladen.com\/?post_type=product&#038;p=13472"},"modified":"2023-08-10T18:43:31","modified_gmt":"2023-08-10T16:43:31","slug":"bmc-urs-01-two-sram-force-etap-axs-12v-700-mm-weiss-2023","status":"publish","type":"product","link":"https:\/\/cioelectro.com\/en\/produkt\/bmc-urs-01-two-sram-force-etap-axs-12v-700-mm-weiss-2023\/","title":{"rendered":"BMC URS 01 TWO SRAM FORCE ETAP AXS 12V 700 MM WEISS 2023"},"content":{"rendered":"<div id=\"product-header-order-name\" class=\"col-lg-20 col-md-20 col-sm-20 col-xs-20\">\n<h2 class=\"heading-title-text\">GRAVEL BIKE BMC URS 01 TWO SRAM FORCE ETAP AXS 12V 700 MM WEISS 2023<\/h2>\n<div class=\"col col-sm-12 col-md-12 col-lg-12\">\n<p>Gravel hat sich schnell in die DNA der Radfahrer integriert. Aber <strong>BMC URS 01 Two<\/strong>\u00a0 konnte seine ersten Schritte in dieser Disziplin nicht machen, ohne sicherzustellen, dass es eine f\u00fchrende Rolle spielt. Der einzige URS, den du auf deinem Weg treffen m\u00f6chtest, ist ein UnReStricted-Fahrer, also f\u00fcttere seine wilde Seite. Der superleichte, wettkampftaugliche Rahmen und das leistungsstarke Design werden mit der ikonischen Pr\u00e4zision, der extremen Integration und der sorgf\u00e4ltig entwickelten Gravel+-Geometrie von BMC kombiniert. Da ist Spa\u00df garantiert.<\/p>\n<p>BMC hat sein mechanisches Fachwissen genutzt, um eine v\u00f6llig neue Plattform f\u00fcr hochintensive Gravel-Rennen und unbegrenzte Erkundungen von Feldwegen zu schaffen. Das\u00a0<strong>BMC URS<\/strong>\u00a0(UnReStricted) ist f\u00fcr Fahrten abseits der ausgetretenen Pfade konzipiert und verf\u00fcgt \u00fcber eine progressive Geometrie und den brandneuen Gravel-Rahmen, damit Sie Ihr Abenteuer auf einer perfekt angepassten und komfortablen Maschine bestreiten k\u00f6nnen.<\/p>\n<p>Mit seiner klaren \u00c4sthetik braucht sich das leichteste und am st\u00e4rksten integrierte URS-Modell nicht zu verstecken; es ist so leistungsstark, wie es sich ein Gravel-Fahrer nur w\u00fcnschen kann. Sein Gravel-Master-Rahmenset aus hochwertigem Carbon verf\u00fcgt \u00fcber ICS- und MTT-Technologien und ist dank der zahlreichen Befestigungsm\u00f6glichkeiten, der Gravel+-Geometrie und der gro\u00dfen Reifenfreiheit sehr praktisch.<\/p>\n<\/div>\n<div class=\"prodsheet_bullets col col-sm-8 col-md-8 col-lg-8\">\n<h4>DIE PRODUKTVORTEILE :<\/h4>\n<ul>\n<li>Bereit, die Feldwege endlos zu erkunden.<\/li>\n<li>Carbon-Rahmen mit Mikro-Federweg-Technologie (MTT).<\/li>\n<li>Sram Force eTap AXS 1&#215;12-Gang-Schaltung.<\/li>\n<li>Hydraulische Scheibenbremsen Sram Force eTap AXS HRD, 180\/160 mm.<\/li>\n<li>CRD-400 Carbon-Laufradsatz mit 40 mm Profil.<\/li>\n<\/ul>\n<\/div>\n<div class=\"prodsheet_specs1 col col-sm-12 col-md-12 col-lg-12\">\n<h4>DETAILS :<\/h4>\n<table class=\"table table-striped\">\n<tbody>\n<tr>\n<td>Rahmen<\/td>\n<td>Carbon: URS 01 Premium Carbon with Micro Travel Technology, Tuned Compliance Concept Gravel, Gravel+ Geometry, ICS Technology, Stealth Cable Routing, Fender and Rack Mounts, PF86 Bottom Bracket, Flat Mount Disc, 12&#215;142 mm Thru-Axle, Tire Clearance: 42 mm (Measured Width)<\/td>\n<\/tr>\n<tr>\n<td>Gabel<\/td>\n<td>Carbon: URS 01 Premium Carbon with Tuned Compliance Concept Gravel, ICS Technology, Integrated Brake &amp; Hub Dynamo Routing, Fender Mounts, Flat Mount Disc, 12&#215;100 mm Thru-Axle<\/td>\n<\/tr>\n<tr>\n<td>Schalthebel<\/td>\n<td>Sram Force eTap AXS HRD, 1&#215;12 G\u00e4nge<\/td>\n<\/tr>\n<tr>\n<td>Schaltwerk hinten<\/td>\n<td>Sram X01 Eagle AXS, 12 G\u00e4nge<\/td>\n<\/tr>\n<tr>\n<td>Kassette<\/td>\n<td>Sram XG 1275 Eagle 10-52 Z\u00e4hne<\/td>\n<\/tr>\n<tr>\n<td>Kette<\/td>\n<td>Sram X01 Eagle<\/td>\n<\/tr>\n<tr>\n<td>Tretlager<\/td>\n<td>Sram Force 1 AXS 38 Z\u00e4hne<\/td>\n<\/tr>\n<tr>\n<td>Bremsen<\/td>\n<td>Sram Force eTap AXS HRD, Centerline X Rotors (180\/160 mm)<\/td>\n<\/tr>\n<tr>\n<td>Laufr\u00e4der<\/td>\n<td>Felgen CRD-400 Carbon, Tubeless Ready, 40 mm<\/td>\n<\/tr>\n<tr>\n<td>Reifen<\/td>\n<td>WTB Raddler, 40 mm<\/td>\n<\/tr>\n<tr>\n<td>Lenker<\/td>\n<td>Easton EA70 AX<\/td>\n<\/tr>\n<tr>\n<td>Vorbau<\/td>\n<td>ICS MTT x Redshift Suspension Stem, Integrated Cockpit Design<\/td>\n<\/tr>\n<tr>\n<td>Sattel<\/td>\n<td>WTB SL8<\/td>\n<\/tr>\n<tr>\n<td>Sattelst\u00fctze<\/td>\n<td>URS 01 Premium Carbon D-Shaped, 0 mm Offset<\/td>\n<\/tr>\n<tr>\n<td>Gewicht<\/td>\n<td>&#8212;<\/td>\n<\/tr>\n<tr>\n<td>Maximales Gewicht<\/td>\n<td>120 kg: Das maximale Systemgewicht umfasst das Fahrrad, den Fahrer und die Ausr\u00fcstung<\/td>\n<\/tr>\n<tr>\n<td>Farben<\/td>\n<td>Splatter White \/ Black<\/td>\n<\/tr>\n<\/tbody>\n<\/table>\n<\/div>\n<div class=\"prodsheet_specs2 col col-sm-8 col-md-8 col-lg-8\">\n<h4>GEOMETRIEN:<\/h4>\n<p><img decoding=\"async\" src=\"http:\/\/media1.alltricks.fr\/ckfinder\/images\/cube_route_geo_en.jpg\" \/><\/p>\n<table class=\"table table-striped\">\n<tbody>\n<tr>\n<td>Rahmengr\u00f6\u00dfe<\/td>\n<td>S<\/td>\n<td>M<\/td>\n<td>L<\/td>\n<td>XL<\/td>\n<\/tr>\n<tr>\n<td>Sattelrohr (mm)<\/td>\n<td>431<\/td>\n<td>459<\/td>\n<td>492<\/td>\n<td>527<\/td>\n<\/tr>\n<tr>\n<td>Oberrohr (mm)<\/td>\n<td>557<\/td>\n<td>578<\/td>\n<td>591<\/td>\n<td>612<\/td>\n<\/tr>\n<tr>\n<td>L\u00e4nge Basis (mm)<\/td>\n<td>425<\/td>\n<td>425<\/td>\n<td>425<\/td>\n<td>425<\/td>\n<\/tr>\n<tr>\n<td>Lenkh\u00fclse (mm)<\/td>\n<td>113<\/td>\n<td>146<\/td>\n<td>172<\/td>\n<td>207<\/td>\n<\/tr>\n<tr>\n<td>Lenkwinkel (\u00b0)<\/td>\n<td>70<\/td>\n<td>70<\/td>\n<td>70<\/td>\n<td>70<\/td>\n<\/tr>\n<tr>\n<td>Winkel Sattelrohr (\u00b0)<\/td>\n<td>74<\/td>\n<td>74<\/td>\n<td>74<\/td>\n<td>74<\/td>\n<\/tr>\n<tr>\n<td>Radstand (mm)<\/td>\n<td>1041<\/td>\n<td>1064<\/td>\n<td>1081<\/td>\n<td>1105<\/td>\n<\/tr>\n<tr>\n<td>Stack (mm)<\/td>\n<td>538<\/td>\n<td>569<\/td>\n<td>603<\/td>\n<td>641<\/td>\n<\/tr>\n<tr>\n<td>Reach (mm)<\/td>\n<td>403<\/td>\n<td>415<\/td>\n<td>419<\/td>\n<td>429<\/td>\n<\/tr>\n<tr>\n<td>Breite des B\u00fcgels (mm)<\/td>\n<td>420<\/td>\n<td>420<\/td>\n<td>440<\/td>\n<td>440<\/td>\n<\/tr>\n<tr>\n<td>L\u00e4nge des Vorbaus (mm)<\/td>\n<td>70<\/td>\n<td>70<\/td>\n<td>80<\/td>\n<td>90<\/td>\n<\/tr>\n<tr>\n<td>L\u00e4nge der Kurbeln (mm)<\/td>\n<td>170<\/td>\n<td>172.5<\/td>\n<td>172.5<\/td>\n<td>175<\/td>\n<\/tr>\n<\/tbody>\n<\/table>\n<\/div>\n<\/div>\n<div id=\"product-header-order-form\" class=\"js-reload-on-event col-lg-20 col-md-20 col-sm-20 col-xs-20\" data-to-watch=\"body\" data-event=\"alltricks:cartChanged\" data-url=\"\/ajax\/product\/ajouter\/F-41505-velos-route-_-cyclocross-_-triathlon\/P-2321785-gravel_bike_bmc_urs_01_two_sram_force_etap_axs_12v_700_mm_weis_2023\"><\/div>","protected":false},"excerpt":{"rendered":"<div class=\"col-lg-14 col-md-14 col-sm-14 col-xs-20\"><\/div>\n<div id=\"product-specifications-table\" class=\"col-lg-20 col-md-20 col-sm-20 col-xs-20\">\n<table class=\"table table-striped\">\n<tbody>\n<tr>\n<td class=\"spec-name\">Geschlecht<\/td>\n<td class=\"spec-value\">Herren<\/td>\n<\/tr>\n<tr>\n<td class=\"spec-name\">Gruppe<\/td>\n<td class=\"spec-value\">Sram Force eTap AXS 12V<\/td>\n<\/tr>\n<tr>\n<td class=\"spec-name\">collection<\/td>\n<td class=\"spec-value\">Restst\u00fccke<\/td>\n<\/tr>\n<\/tbody>\n<\/table>\n<\/div>","protected":false},"featured_media":60931,"comment_status":"open","ping_status":"closed","template":"","meta":{"_rtcl_gb_attr":""},"product_brand":[],"product_cat":[129],"product_tag":[],"class_list":{"0":"post-13472","1":"product","2":"type-product","3":"status-publish","4":"has-post-thumbnail","6":"product_cat-rennrad","7":"pa_marke-bmc","9":"first","10":"instock","11":"sale","12":"taxable","13":"shipping-taxable","14":"purchasable","15":"product-type-variable"},"yoast_head":"<!-- This site is optimized with the Yoast SEO Premium plugin v20.12 (Yoast SEO v27.4) - https:\/\/yoast.com\/product\/yoast-seo-premium-wordpress\/ -->\n<title>BMC URS 01 TWO SRAM FORCE ETAP AXS 12V 700 MM WEISS 2023<\/title>\n<meta name=\"description\" content=\"Entdecken Sie unseren Online-Fahrradladen: Gro\u00dfe Auswahl an Modellen f\u00fcr alle Radsportbegeisterten. Von Rennr\u00e4dern bis zu Mountainbikes - finden Sie heute Ihren perfekten Wegbegleiter!\" \/>\n<meta name=\"robots\" content=\"index, follow, max-snippet:-1, max-image-preview:large, max-video-preview:-1\" \/>\n<link rel=\"canonical\" href=\"https:\/\/cioelectro.com\/en\/produkt\/bmc-urs-01-two-sram-force-etap-axs-12v-700-mm-weiss-2023\/\" \/>\n<meta property=\"og:locale\" content=\"en_US\" \/>\n<meta property=\"og:type\" content=\"article\" \/>\n<meta property=\"og:title\" content=\"BMC URS 01 TWO SRAM FORCE ETAP AXS 12V 700 MM WEISS 2023\" \/>\n<meta property=\"og:description\" content=\"Entdecken Sie unseren Online-Fahrradladen: Gro\u00dfe Auswahl an Modellen f\u00fcr alle Radsportbegeisterten. Von Rennr\u00e4dern bis zu Mountainbikes - finden Sie heute Ihren perfekten Wegbegleiter!\" \/>\n<meta property=\"og:url\" content=\"https:\/\/cioelectro.com\/en\/produkt\/bmc-urs-01-two-sram-force-etap-axs-12v-700-mm-weiss-2023\/\" \/>\n<meta property=\"og:site_name\" content=\"cioelectro.com\" \/>\n<meta property=\"article:modified_time\" content=\"2023-08-10T16:43:31+00:00\" \/>\n<meta property=\"og:image\" content=\"https:\/\/cioelectro.com\/wp-content\/uploads\/2023\/06\/GRAVEL-BIKE-BMC-URS-01-TWO-SRAM-FORCE-ETAP-AXS-12V-700-MM-WEISS-2023.jpg\" \/>\n\t<meta property=\"og:image:width\" content=\"600\" \/>\n\t<meta property=\"og:image:height\" content=\"407\" \/>\n\t<meta property=\"og:image:type\" content=\"image\/jpeg\" \/>\n<meta name=\"twitter:card\" content=\"summary_large_image\" \/>\n<meta name=\"twitter:label1\" content=\"Est. reading time\" \/>\n\t<meta name=\"twitter:data1\" content=\"3 minutes\" \/>\n<script type=\"application\/ld+json\" class=\"yoast-schema-graph\">{\"@context\":\"https:\\\/\\\/schema.org\",\"@graph\":[{\"@type\":\"WebPage\",\"@id\":\"https:\\\/\\\/cioelectro.com\\\/produkt\\\/bmc-urs-01-two-sram-force-etap-axs-12v-700-mm-weiss-2023\\\/\",\"url\":\"https:\\\/\\\/cioelectro.com\\\/produkt\\\/bmc-urs-01-two-sram-force-etap-axs-12v-700-mm-weiss-2023\\\/\",\"name\":\"BMC URS 01 TWO SRAM FORCE ETAP AXS 12V 700 MM WEISS 2023\",\"isPartOf\":{\"@id\":\"https:\\\/\\\/cioelectro.com\\\/#website\"},\"primaryImageOfPage\":{\"@id\":\"https:\\\/\\\/cioelectro.com\\\/produkt\\\/bmc-urs-01-two-sram-force-etap-axs-12v-700-mm-weiss-2023\\\/#primaryimage\"},\"image\":{\"@id\":\"https:\\\/\\\/cioelectro.com\\\/produkt\\\/bmc-urs-01-two-sram-force-etap-axs-12v-700-mm-weiss-2023\\\/#primaryimage\"},\"thumbnailUrl\":\"https:\\\/\\\/cioelectro.com\\\/wp-content\\\/uploads\\\/2023\\\/06\\\/GRAVEL-BIKE-BMC-URS-01-TWO-SRAM-FORCE-ETAP-AXS-12V-700-MM-WEISS-2023.jpg\",\"datePublished\":\"2022-08-20T11:07:43+00:00\",\"dateModified\":\"2023-08-10T16:43:31+00:00\",\"description\":\"Entdecken Sie unseren Online-Fahrradladen: Gro\u00dfe Auswahl an Modellen f\u00fcr alle Radsportbegeisterten. Von Rennr\u00e4dern bis zu Mountainbikes - finden Sie heute Ihren perfekten Wegbegleiter!\",\"breadcrumb\":{\"@id\":\"https:\\\/\\\/cioelectro.com\\\/produkt\\\/bmc-urs-01-two-sram-force-etap-axs-12v-700-mm-weiss-2023\\\/#breadcrumb\"},\"inLanguage\":\"en-US\",\"potentialAction\":[{\"@type\":\"ReadAction\",\"target\":[\"https:\\\/\\\/cioelectro.com\\\/produkt\\\/bmc-urs-01-two-sram-force-etap-axs-12v-700-mm-weiss-2023\\\/\"]}]},{\"@type\":\"ImageObject\",\"inLanguage\":\"en-US\",\"@id\":\"https:\\\/\\\/cioelectro.com\\\/produkt\\\/bmc-urs-01-two-sram-force-etap-axs-12v-700-mm-weiss-2023\\\/#primaryimage\",\"url\":\"https:\\\/\\\/cioelectro.com\\\/wp-content\\\/uploads\\\/2023\\\/06\\\/GRAVEL-BIKE-BMC-URS-01-TWO-SRAM-FORCE-ETAP-AXS-12V-700-MM-WEISS-2023.jpg\",\"contentUrl\":\"https:\\\/\\\/cioelectro.com\\\/wp-content\\\/uploads\\\/2023\\\/06\\\/GRAVEL-BIKE-BMC-URS-01-TWO-SRAM-FORCE-ETAP-AXS-12V-700-MM-WEISS-2023.jpg\",\"width\":600,\"height\":407,\"caption\":\"GRAVEL BIKE BMC URS 01 TWO SRAM FORCE ETAP AXS 12V 700 MM WEISS 2023\"},{\"@type\":\"BreadcrumbList\",\"@id\":\"https:\\\/\\\/cioelectro.com\\\/produkt\\\/bmc-urs-01-two-sram-force-etap-axs-12v-700-mm-weiss-2023\\\/#breadcrumb\",\"itemListElement\":[{\"@type\":\"ListItem\",\"position\":1,\"name\":\"Startseite\",\"item\":\"https:\\\/\\\/cioelectro.com\\\/\"},{\"@type\":\"ListItem\",\"position\":2,\"name\":\"LADEN\",\"item\":\"https:\\\/\\\/cioelectro.com\\\/laden\\\/\"},{\"@type\":\"ListItem\",\"position\":3,\"name\":\"BMC URS 01 TWO SRAM FORCE ETAP AXS 12V 700 MM WEISS 2023\"}]},{\"@type\":\"WebSite\",\"@id\":\"https:\\\/\\\/cioelectro.com\\\/#website\",\"url\":\"https:\\\/\\\/cioelectro.com\\\/\",\"name\":\"cioelectro.com\",\"description\":\"Treten Sie mit uns ins Abenteuer!\",\"publisher\":{\"@id\":\"https:\\\/\\\/cioelectro.com\\\/#organization\"},\"alternateName\":\"MEIN RADLADEN\",\"potentialAction\":[{\"@type\":\"SearchAction\",\"target\":{\"@type\":\"EntryPoint\",\"urlTemplate\":\"https:\\\/\\\/cioelectro.com\\\/?s={search_term_string}\"},\"query-input\":{\"@type\":\"PropertyValueSpecification\",\"valueRequired\":true,\"valueName\":\"search_term_string\"}}],\"inLanguage\":\"en-US\"},{\"@type\":\"Organization\",\"@id\":\"https:\\\/\\\/cioelectro.com\\\/#organization\",\"name\":\"CIOELECTRO\",\"alternateName\":\"MEIN RADLADEN\",\"url\":\"https:\\\/\\\/cioelectro.com\\\/\",\"logo\":{\"@type\":\"ImageObject\",\"inLanguage\":\"en-US\",\"@id\":\"https:\\\/\\\/cioelectro.com\\\/#\\\/schema\\\/logo\\\/image\\\/\",\"url\":\"https:\\\/\\\/cioelectro.com\\\/wp-content\\\/uploads\\\/2025\\\/12\\\/Logo-2-1200x800.png\",\"contentUrl\":\"https:\\\/\\\/cioelectro.com\\\/wp-content\\\/uploads\\\/2025\\\/12\\\/Logo-2-1200x800.png\",\"width\":1200,\"height\":800,\"caption\":\"CIOELECTRO\"},\"image\":{\"@id\":\"https:\\\/\\\/cioelectro.com\\\/#\\\/schema\\\/logo\\\/image\\\/\"}}]}<\/script>\n<!-- \/ Yoast SEO Premium plugin. -->","yoast_head_json":{"title":"BMC URS 01 TWO SRAM FORCE ETAP AXS 12V 700 MM WEISS 2023","description":"Entdecken Sie unseren Online-Fahrradladen: Gro\u00dfe Auswahl an Modellen f\u00fcr alle Radsportbegeisterten. Von Rennr\u00e4dern bis zu Mountainbikes - finden Sie heute Ihren perfekten Wegbegleiter!","robots":{"index":"index","follow":"follow","max-snippet":"max-snippet:-1","max-image-preview":"max-image-preview:large","max-video-preview":"max-video-preview:-1"},"canonical":"https:\/\/cioelectro.com\/en\/produkt\/bmc-urs-01-two-sram-force-etap-axs-12v-700-mm-weiss-2023\/","og_locale":"en_US","og_type":"article","og_title":"BMC URS 01 TWO SRAM FORCE ETAP AXS 12V 700 MM WEISS 2023","og_description":"Entdecken Sie unseren Online-Fahrradladen: Gro\u00dfe Auswahl an Modellen f\u00fcr alle Radsportbegeisterten. Von Rennr\u00e4dern bis zu Mountainbikes - finden Sie heute Ihren perfekten Wegbegleiter!","og_url":"https:\/\/cioelectro.com\/en\/produkt\/bmc-urs-01-two-sram-force-etap-axs-12v-700-mm-weiss-2023\/","og_site_name":"cioelectro.com","article_modified_time":"2023-08-10T16:43:31+00:00","og_image":[{"width":600,"height":407,"url":"https:\/\/cioelectro.com\/wp-content\/uploads\/2023\/06\/GRAVEL-BIKE-BMC-URS-01-TWO-SRAM-FORCE-ETAP-AXS-12V-700-MM-WEISS-2023.jpg","type":"image\/jpeg"}],"twitter_card":"summary_large_image","twitter_misc":{"Est. reading time":"3 minutes"},"schema":{"@context":"https:\/\/schema.org","@graph":[{"@type":"WebPage","@id":"https:\/\/cioelectro.com\/produkt\/bmc-urs-01-two-sram-force-etap-axs-12v-700-mm-weiss-2023\/","url":"https:\/\/cioelectro.com\/produkt\/bmc-urs-01-two-sram-force-etap-axs-12v-700-mm-weiss-2023\/","name":"BMC URS 01 TWO SRAM FORCE ETAP AXS 12V 700 MM WEISS 2023","isPartOf":{"@id":"https:\/\/cioelectro.com\/#website"},"primaryImageOfPage":{"@id":"https:\/\/cioelectro.com\/produkt\/bmc-urs-01-two-sram-force-etap-axs-12v-700-mm-weiss-2023\/#primaryimage"},"image":{"@id":"https:\/\/cioelectro.com\/produkt\/bmc-urs-01-two-sram-force-etap-axs-12v-700-mm-weiss-2023\/#primaryimage"},"thumbnailUrl":"https:\/\/cioelectro.com\/wp-content\/uploads\/2023\/06\/GRAVEL-BIKE-BMC-URS-01-TWO-SRAM-FORCE-ETAP-AXS-12V-700-MM-WEISS-2023.jpg","datePublished":"2022-08-20T11:07:43+00:00","dateModified":"2023-08-10T16:43:31+00:00","description":"Entdecken Sie unseren Online-Fahrradladen: Gro\u00dfe Auswahl an Modellen f\u00fcr alle Radsportbegeisterten. Von Rennr\u00e4dern bis zu Mountainbikes - finden Sie heute Ihren perfekten Wegbegleiter!","breadcrumb":{"@id":"https:\/\/cioelectro.com\/produkt\/bmc-urs-01-two-sram-force-etap-axs-12v-700-mm-weiss-2023\/#breadcrumb"},"inLanguage":"en-US","potentialAction":[{"@type":"ReadAction","target":["https:\/\/cioelectro.com\/produkt\/bmc-urs-01-two-sram-force-etap-axs-12v-700-mm-weiss-2023\/"]}]},{"@type":"ImageObject","inLanguage":"en-US","@id":"https:\/\/cioelectro.com\/produkt\/bmc-urs-01-two-sram-force-etap-axs-12v-700-mm-weiss-2023\/#primaryimage","url":"https:\/\/cioelectro.com\/wp-content\/uploads\/2023\/06\/GRAVEL-BIKE-BMC-URS-01-TWO-SRAM-FORCE-ETAP-AXS-12V-700-MM-WEISS-2023.jpg","contentUrl":"https:\/\/cioelectro.com\/wp-content\/uploads\/2023\/06\/GRAVEL-BIKE-BMC-URS-01-TWO-SRAM-FORCE-ETAP-AXS-12V-700-MM-WEISS-2023.jpg","width":600,"height":407,"caption":"GRAVEL BIKE BMC URS 01 TWO SRAM FORCE ETAP AXS 12V 700 MM WEISS 2023"},{"@type":"BreadcrumbList","@id":"https:\/\/cioelectro.com\/produkt\/bmc-urs-01-two-sram-force-etap-axs-12v-700-mm-weiss-2023\/#breadcrumb","itemListElement":[{"@type":"ListItem","position":1,"name":"Startseite","item":"https:\/\/cioelectro.com\/"},{"@type":"ListItem","position":2,"name":"LADEN","item":"https:\/\/cioelectro.com\/laden\/"},{"@type":"ListItem","position":3,"name":"BMC URS 01 TWO SRAM FORCE ETAP AXS 12V 700 MM WEISS 2023"}]},{"@type":"WebSite","@id":"https:\/\/cioelectro.com\/#website","url":"https:\/\/cioelectro.com\/","name":"cioelectro.com","description":"Treten Sie mit uns ins Abenteuer!","publisher":{"@id":"https:\/\/cioelectro.com\/#organization"},"alternateName":"MEIN RADLADEN","potentialAction":[{"@type":"SearchAction","target":{"@type":"EntryPoint","urlTemplate":"https:\/\/cioelectro.com\/?s={search_term_string}"},"query-input":{"@type":"PropertyValueSpecification","valueRequired":true,"valueName":"search_term_string"}}],"inLanguage":"en-US"},{"@type":"Organization","@id":"https:\/\/cioelectro.com\/#organization","name":"CIOELECTRO","alternateName":"MEIN RADLADEN","url":"https:\/\/cioelectro.com\/","logo":{"@type":"ImageObject","inLanguage":"en-US","@id":"https:\/\/cioelectro.com\/#\/schema\/logo\/image\/","url":"https:\/\/cioelectro.com\/wp-content\/uploads\/2025\/12\/Logo-2-1200x800.png","contentUrl":"https:\/\/cioelectro.com\/wp-content\/uploads\/2025\/12\/Logo-2-1200x800.png","width":1200,"height":800,"caption":"CIOELECTRO"},"image":{"@id":"https:\/\/cioelectro.com\/#\/schema\/logo\/image\/"}}]}},"_links":{"self":[{"href":"https:\/\/cioelectro.com\/en\/wp-json\/wp\/v2\/product\/13472","targetHints":{"allow":["GET"]}}],"collection":[{"href":"https:\/\/cioelectro.com\/en\/wp-json\/wp\/v2\/product"}],"about":[{"href":"https:\/\/cioelectro.com\/en\/wp-json\/wp\/v2\/types\/product"}],"replies":[{"embeddable":true,"href":"https:\/\/cioelectro.com\/en\/wp-json\/wp\/v2\/comments?post=13472"}],"version-history":[{"count":0,"href":"https:\/\/cioelectro.com\/en\/wp-json\/wp\/v2\/product\/13472\/revisions"}],"wp:featuredmedia":[{"embeddable":true,"href":"https:\/\/cioelectro.com\/en\/wp-json\/wp\/v2\/media\/60931"}],"wp:attachment":[{"href":"https:\/\/cioelectro.com\/en\/wp-json\/wp\/v2\/media?parent=13472"}],"wp:term":[{"taxonomy":"product_brand","embeddable":true,"href":"https:\/\/cioelectro.com\/en\/wp-json\/wp\/v2\/product_brand?post=13472"},{"taxonomy":"product_cat","embeddable":true,"href":"https:\/\/cioelectro.com\/en\/wp-json\/wp\/v2\/product_cat?post=13472"},{"taxonomy":"product_tag","embeddable":true,"href":"https:\/\/cioelectro.com\/en\/wp-json\/wp\/v2\/product_tag?post=13472"}],"curies":[{"name":"wp","href":"https:\/\/api.w.org\/{rel}","templated":true}]}}