{"id":13487,"date":"2022-08-20T13:24:38","date_gmt":"2022-08-20T11:24:38","guid":{"rendered":"https:\/\/meinradladen.com\/?post_type=product&#038;p=13487"},"modified":"2023-08-10T18:43:01","modified_gmt":"2023-08-10T16:43:01","slug":"bmc-urs-lt-two-gravel-bike-sram-rival-etap-moss-grey-2023","status":"publish","type":"product","link":"https:\/\/cioelectro.com\/en\/produkt\/bmc-urs-lt-two-gravel-bike-sram-rival-etap-moss-grey-2023\/","title":{"rendered":"BMC URS LT TWO GRAVEL BIKE SRAM RIVAL ETAP MOSS GREY 2023"},"content":{"rendered":"<div id=\"product-header-order-name\" class=\"col-lg-20 col-md-20 col-sm-20 col-xs-20\">\n<h2 class=\"heading-title-text\">BMC URS LT TWO GRAVEL BIKE SRAM RIVAL ETAP AXS\/GX EAGLE AXS 12S 700 MM METALLIC MOSS GREY 2023<\/h2>\n<\/div>\n<div id=\"product-header-order-form\" class=\"js-reload-on-event col-lg-20 col-md-20 col-sm-20 col-xs-20\" data-to-watch=\"body\" data-event=\"alltricks:cartChanged\" data-url=\"\/ajax\/product\/ajouter\/F-41505-velos-route-_-cyclocross-_-triathlon\/P-2314786-bmc_urs_lt_two_gravel_bike_sram_rival_etap_axs_gx_eagle_axs_12s_700_mm_metallic_moss_grey_2023\">\n<div class=\"col col-sm-12 col-md-12 col-lg-12\">\n<p>Erleben Sie eine neue Dimension des Schotterfahrens. Volle Mikro-Federung f\u00fcr wirklich grenzenlose Erkundung. Das URS LT verk\u00f6rpert den Geist des Abenteuers unter Beibehaltung der charakteristischen URS-Silhouette und der klassenbesten Leistung. Das\u00a0<strong>BMC URS LT Two<\/strong>\u00a0nutzt modernste Fahrradtechnologien und wurde als einzigartiger Hochleistungsrohling entwickelt, der ein abenteuertaugliches Fahrverhalten f\u00fcr jeden Untergrund, jeden Stil, jede Strecke und dar\u00fcber hinaus bietet.<\/p>\n<p>Die\u00a0<strong>MTT-Federgabel (Micro Travel Technology)<\/strong>, die in Zusammenarbeit mit HiRide entwickelt wurde,\u00a0<strong>bietet 20 mm Federweg<\/strong>\u00a0mit einer f\u00fcr Schotterfahrten optimierten Federkennlinie. Sie d\u00e4mpft mehr als 46 % der typischen St\u00f6\u00dfe, die beim Fahren auf Schotter auftreten. Die fein abgestimmte Federungsleistung der MTT-Gabel passt sich an ein breites Spektrum von Gel\u00e4ndeformen an, erg\u00e4nzt sportliche und effiziente Fahrstile und filtert Hindernisse f\u00fcr ein vertrauenserweckendes Fahrgef\u00fchl heraus.<\/p>\n<p>Das Tuned Compliance Concept (TCC) Gravel bietet ein H\u00f6chstma\u00df an Nachgiebigkeit durch ein spezielles Carbon-Layup, eine D-Shape-Sattelst\u00fctze und die Micro Travel Technology,\u00a0<strong>ein leichtes und minimalistisches Federungssystem, das den Hinterbau um 10 mm Federweg erweitert<\/strong>\u00a0und so f\u00fcr eine perfekte Kraft\u00fcbertragung und Kontrolle auf dem anspruchsvollsten Terrain sorgt.<\/p>\n<\/div>\n<div class=\"prodsheet_bullets col col-sm-8 col-md-8 col-lg-8\">\n<h4>WICHTIGSTE MERKMALE:<\/h4>\n<ul>\n<li>Abenteuersicheres Fahrverhalten.<\/li>\n<li>Carbon-Rahmen mit Micro Travel Technology (MTT).<\/li>\n<li>MTT Federgabel, 20 mm Federweg.<\/li>\n<li>Sram Rival eTap AXS 1&#215;12-Gang-Antriebssystem mit Sram GX Eagle AXS-Schaltwerk.<\/li>\n<li>Hydraulische Scheibenbremsen Sram Rival eTap AXS HRD, 180\/160 mm.<\/li>\n<li>CRD-400 Carbon-Laufradsatz, 40 mm Profil.<\/li>\n<\/ul>\n<\/div>\n<div class=\"prodsheet_specs1 col col-sm-12 col-md-12 col-lg-12\">\n<h4>EIGENSCHAFTEN:<\/h4>\n<table class=\"table table-striped\">\n<tbody>\n<tr>\n<td>Rahmen<\/td>\n<td>Carbon: URS Premium Carbon mit Micro Travel Technologie, Tuned Compliance Concept Gravel, Gravel+ Geometrie, interne Kabelf\u00fchrung, Schutzblech- und Gep\u00e4cktr\u00e4gerhalterungen, PF86 Tretlager, Flat Mount Disc, 12&#215;142 mm Steckachse, Reifenfreiheit: 45 mm (gemessene Breite)<\/td>\n<\/tr>\n<tr>\n<td>Gabel<\/td>\n<td>Carbon: Federgabel mit Micro Travel Technologie, Premium Carbon Blades, 20 mm Federweg, Spiralfeder und hydraulischer D\u00e4mpfer, Schutzblechhalterungen, Flat Mount Disc, 12&#215;100 mm Steckachse<\/td>\n<\/tr>\n<tr>\n<td>Schaltung<\/td>\n<td>Sram Rival eTap AXS, 1&#215;12-fach<\/td>\n<\/tr>\n<tr>\n<td>Schaltwerk<\/td>\n<td>Sram Gx Eagle AXS, 12-fach<\/td>\n<\/tr>\n<tr>\n<td>Kassette<\/td>\n<td>Sram Eagle XG-1275, 10-52T<\/td>\n<\/tr>\n<tr>\n<td>Kette<\/td>\n<td>Sram Gx Eagle<\/td>\n<\/tr>\n<tr>\n<td>Kurbelgarnitur<\/td>\n<td>Sram Rival 1, 38Z<\/td>\n<\/tr>\n<tr>\n<td>Tretlager<\/td>\n<td>PF86<\/td>\n<\/tr>\n<tr>\n<td>Bremsen<\/td>\n<td>Sram Rival eTap AXS HRD, Hydr. Scheibenbremse, Centerline Rotoren (180\/160)<\/td>\n<\/tr>\n<tr>\n<td>Laufradsatz<\/td>\n<td>Felgen: CRD-400 Carbon, Tubeless Ready, 40 mm \/ Naben: CRD-400<\/td>\n<\/tr>\n<tr>\n<td>Bereifung<\/td>\n<td>WTB Raddler, 700&#215;40 mm<\/td>\n<\/tr>\n<tr>\n<td>Lenker<\/td>\n<td>Easton EA70 AX, 80 mm Reichweite, 120 mm Ausfall<\/td>\n<\/tr>\n<tr>\n<td>Vorbau<\/td>\n<td>BMC MSM, 0\u00b0<\/td>\n<\/tr>\n<tr>\n<td>Sattel<\/td>\n<td>WTB SL8<\/td>\n<\/tr>\n<tr>\n<td>Sattelst\u00fctze<\/td>\n<td>URS 01 Premium Carbon D-Shaped Sattelst\u00fctze, 0 mm Offset<\/td>\n<\/tr>\n<tr>\n<td>Gewicht<\/td>\n<td>&#8212;<\/td>\n<\/tr>\n<tr>\n<td>Gewichtslimit<\/td>\n<td>120 kg: das maximale Systemgewicht besteht aus Fahrrad, Fahrer und Ausr\u00fcstung<\/td>\n<\/tr>\n<tr>\n<td>Farbe<\/td>\n<td>Metallic Moos \/ Bernstein<\/td>\n<\/tr>\n<\/tbody>\n<\/table>\n<\/div>\n<div class=\"prodsheet_specs2 col col-sm-8 col-md-8 col-lg-8\">\n<h4>GEOMETRIEN:<\/h4>\n<p><img decoding=\"async\" src=\"http:\/\/media1.alltricks.fr\/ckfinder\/images\/cube_route_geo_en.jpg\" \/><\/p>\n<table class=\"table table-striped\">\n<tbody>\n<tr>\n<td>Rahmengr\u00f6\u00dfe<\/td>\n<td>S<\/td>\n<td>M<\/td>\n<td>L<\/td>\n<td>XL<\/td>\n<\/tr>\n<tr>\n<td>Sitzrohr (mm)<\/td>\n<td>431<\/td>\n<td>459<\/td>\n<td>492<\/td>\n<td>527<\/td>\n<\/tr>\n<tr>\n<td>Oberrohr (mm)<\/td>\n<td>557<\/td>\n<td>578<\/td>\n<td>591<\/td>\n<td>612<\/td>\n<\/tr>\n<tr>\n<td>Kettenstreben (mm)<\/td>\n<td>425<\/td>\n<td>425<\/td>\n<td>425<\/td>\n<td>425<\/td>\n<\/tr>\n<tr>\n<td>Steuerrohr L\u00e4nge (mm)<\/td>\n<td>113<\/td>\n<td>146<\/td>\n<td>172<\/td>\n<td>207<\/td>\n<\/tr>\n<tr>\n<td>Winkel des Steuerrohrs (\u00b0)<\/td>\n<td>70<\/td>\n<td>70<\/td>\n<td>70<\/td>\n<td>70<\/td>\n<\/tr>\n<tr>\n<td>Sitzrohr-Winkel (\u00b0)<\/td>\n<td>74<\/td>\n<td>74<\/td>\n<td>74<\/td>\n<td>74<\/td>\n<\/tr>\n<tr>\n<td>Radstand (mm)<\/td>\n<td>1041<\/td>\n<td>1064<\/td>\n<td>1081<\/td>\n<td>1105<\/td>\n<\/tr>\n<tr>\n<td>Stapel (mm)<\/td>\n<td>538<\/td>\n<td>569<\/td>\n<td>603<\/td>\n<td>641<\/td>\n<\/tr>\n<tr>\n<td>Reichweite (mm)<\/td>\n<td>403<\/td>\n<td>415<\/td>\n<td>419<\/td>\n<td>429<\/td>\n<\/tr>\n<tr>\n<td>Breite des Lenkers (mm)<\/td>\n<td>420<\/td>\n<td>420<\/td>\n<td>440<\/td>\n<td>440<\/td>\n<\/tr>\n<tr>\n<td>Vorbaul\u00e4nge (mm)<\/td>\n<td>70<\/td>\n<td>70<\/td>\n<td>80<\/td>\n<td>90<\/td>\n<\/tr>\n<tr>\n<td>L\u00e4nge der Kurbel (mm)<\/td>\n<td>170<\/td>\n<td>172.5<\/td>\n<td>172.5<\/td>\n<td>175<\/td>\n<\/tr>\n<\/tbody>\n<\/table>\n<\/div>\n<\/div>","protected":false},"excerpt":{"rendered":"<div class=\"col-lg-14 col-md-14 col-sm-14 col-xs-20\"><\/div>\n<div id=\"product-specifications-table\" class=\"col-lg-20 col-md-20 col-sm-20 col-xs-20\">\n<table class=\"table table-striped\">\n<tbody>\n<tr>\n<td class=\"spec-name\">Geschlecht<\/td>\n<td class=\"spec-value\">Herren<\/td>\n<\/tr>\n<tr>\n<td class=\"spec-name\">Gruppe<\/td>\n<td class=\"spec-value\">Sram GX Eagle AXS 12V<br \/>\nSram Rival eTap AXS 12V<\/td>\n<\/tr>\n<tr>\n<td class=\"spec-name\">collection<\/td>\n<td class=\"spec-value\">Restst\u00fccke<\/td>\n<\/tr>\n<\/tbody>\n<\/table>\n<\/div>","protected":false},"featured_media":60934,"comment_status":"open","ping_status":"closed","template":"","meta":{"_rtcl_gb_attr":""},"product_brand":[],"product_cat":[129],"product_tag":[],"class_list":{"0":"post-13487","1":"product","2":"type-product","3":"status-publish","4":"has-post-thumbnail","6":"product_cat-rennrad","7":"pa_marke-bmc","9":"first","10":"instock","11":"sale","12":"taxable","13":"shipping-taxable","14":"purchasable","15":"product-type-variable"},"yoast_head":"<!-- This site is optimized with the Yoast SEO Premium plugin v20.12 (Yoast SEO v27.4) - https:\/\/yoast.com\/product\/yoast-seo-premium-wordpress\/ -->\n<title>BMC URS LT TWO GRAVEL BIKE SRAM RIVAL ETAP MOSS GREY 2023<\/title>\n<meta name=\"description\" content=\"Entdecken Sie unseren Online-Fahrradladen: Gro\u00dfe Auswahl an Modellen f\u00fcr alle Radsportbegeisterten. Von Rennr\u00e4dern bis zu Mountainbikes - finden Sie heute Ihren perfekten Wegbegleiter!\" \/>\n<meta name=\"robots\" content=\"index, follow, max-snippet:-1, max-image-preview:large, max-video-preview:-1\" \/>\n<link rel=\"canonical\" href=\"https:\/\/cioelectro.com\/en\/produkt\/bmc-urs-lt-two-gravel-bike-sram-rival-etap-moss-grey-2023\/\" \/>\n<meta property=\"og:locale\" content=\"en_US\" \/>\n<meta property=\"og:type\" content=\"article\" \/>\n<meta property=\"og:title\" content=\"BMC URS LT TWO GRAVEL BIKE SRAM RIVAL ETAP MOSS GREY 2023\" \/>\n<meta property=\"og:description\" content=\"Entdecken Sie unseren Online-Fahrradladen: Gro\u00dfe Auswahl an Modellen f\u00fcr alle Radsportbegeisterten. Von Rennr\u00e4dern bis zu Mountainbikes - finden Sie heute Ihren perfekten Wegbegleiter!\" \/>\n<meta property=\"og:url\" content=\"https:\/\/cioelectro.com\/en\/produkt\/bmc-urs-lt-two-gravel-bike-sram-rival-etap-moss-grey-2023\/\" \/>\n<meta property=\"og:site_name\" content=\"cioelectro.com\" \/>\n<meta property=\"article:modified_time\" content=\"2023-08-10T16:43:01+00:00\" \/>\n<meta property=\"og:image\" content=\"https:\/\/cioelectro.com\/wp-content\/uploads\/2023\/06\/BMC-URS-LT-TWO-GRAVEL-BIKE-SRAM-RIVAL-ETAP-AXSGX-EAGLE-AXS-12S-700-MM-METALLIC-MOSS-GREY-2023.jpg\" \/>\n\t<meta property=\"og:image:width\" content=\"600\" \/>\n\t<meta property=\"og:image:height\" content=\"408\" \/>\n\t<meta property=\"og:image:type\" content=\"image\/jpeg\" \/>\n<meta name=\"twitter:card\" content=\"summary_large_image\" \/>\n<meta name=\"twitter:label1\" content=\"Est. reading time\" \/>\n\t<meta name=\"twitter:data1\" content=\"3 minutes\" \/>\n<script type=\"application\/ld+json\" class=\"yoast-schema-graph\">{\"@context\":\"https:\\\/\\\/schema.org\",\"@graph\":[{\"@type\":\"WebPage\",\"@id\":\"https:\\\/\\\/cioelectro.com\\\/produkt\\\/bmc-urs-lt-two-gravel-bike-sram-rival-etap-moss-grey-2023\\\/\",\"url\":\"https:\\\/\\\/cioelectro.com\\\/produkt\\\/bmc-urs-lt-two-gravel-bike-sram-rival-etap-moss-grey-2023\\\/\",\"name\":\"BMC URS LT TWO GRAVEL BIKE SRAM RIVAL ETAP MOSS GREY 2023\",\"isPartOf\":{\"@id\":\"https:\\\/\\\/cioelectro.com\\\/#website\"},\"primaryImageOfPage\":{\"@id\":\"https:\\\/\\\/cioelectro.com\\\/produkt\\\/bmc-urs-lt-two-gravel-bike-sram-rival-etap-moss-grey-2023\\\/#primaryimage\"},\"image\":{\"@id\":\"https:\\\/\\\/cioelectro.com\\\/produkt\\\/bmc-urs-lt-two-gravel-bike-sram-rival-etap-moss-grey-2023\\\/#primaryimage\"},\"thumbnailUrl\":\"https:\\\/\\\/cioelectro.com\\\/wp-content\\\/uploads\\\/2023\\\/06\\\/BMC-URS-LT-TWO-GRAVEL-BIKE-SRAM-RIVAL-ETAP-AXSGX-EAGLE-AXS-12S-700-MM-METALLIC-MOSS-GREY-2023.jpg\",\"datePublished\":\"2022-08-20T11:24:38+00:00\",\"dateModified\":\"2023-08-10T16:43:01+00:00\",\"description\":\"Entdecken Sie unseren Online-Fahrradladen: Gro\u00dfe Auswahl an Modellen f\u00fcr alle Radsportbegeisterten. Von Rennr\u00e4dern bis zu Mountainbikes - finden Sie heute Ihren perfekten Wegbegleiter!\",\"breadcrumb\":{\"@id\":\"https:\\\/\\\/cioelectro.com\\\/produkt\\\/bmc-urs-lt-two-gravel-bike-sram-rival-etap-moss-grey-2023\\\/#breadcrumb\"},\"inLanguage\":\"en-US\",\"potentialAction\":[{\"@type\":\"ReadAction\",\"target\":[\"https:\\\/\\\/cioelectro.com\\\/produkt\\\/bmc-urs-lt-two-gravel-bike-sram-rival-etap-moss-grey-2023\\\/\"]}]},{\"@type\":\"ImageObject\",\"inLanguage\":\"en-US\",\"@id\":\"https:\\\/\\\/cioelectro.com\\\/produkt\\\/bmc-urs-lt-two-gravel-bike-sram-rival-etap-moss-grey-2023\\\/#primaryimage\",\"url\":\"https:\\\/\\\/cioelectro.com\\\/wp-content\\\/uploads\\\/2023\\\/06\\\/BMC-URS-LT-TWO-GRAVEL-BIKE-SRAM-RIVAL-ETAP-AXSGX-EAGLE-AXS-12S-700-MM-METALLIC-MOSS-GREY-2023.jpg\",\"contentUrl\":\"https:\\\/\\\/cioelectro.com\\\/wp-content\\\/uploads\\\/2023\\\/06\\\/BMC-URS-LT-TWO-GRAVEL-BIKE-SRAM-RIVAL-ETAP-AXSGX-EAGLE-AXS-12S-700-MM-METALLIC-MOSS-GREY-2023.jpg\",\"width\":600,\"height\":408,\"caption\":\"BMC URS LT TWO GRAVEL BIKE SRAM RIVAL ETAP AXSGX EAGLE AXS 12S 700 MM METALLIC MOSS GREY 2023\"},{\"@type\":\"BreadcrumbList\",\"@id\":\"https:\\\/\\\/cioelectro.com\\\/produkt\\\/bmc-urs-lt-two-gravel-bike-sram-rival-etap-moss-grey-2023\\\/#breadcrumb\",\"itemListElement\":[{\"@type\":\"ListItem\",\"position\":1,\"name\":\"Startseite\",\"item\":\"https:\\\/\\\/cioelectro.com\\\/\"},{\"@type\":\"ListItem\",\"position\":2,\"name\":\"LADEN\",\"item\":\"https:\\\/\\\/cioelectro.com\\\/laden\\\/\"},{\"@type\":\"ListItem\",\"position\":3,\"name\":\"BMC URS LT TWO GRAVEL BIKE SRAM RIVAL ETAP MOSS GREY 2023\"}]},{\"@type\":\"WebSite\",\"@id\":\"https:\\\/\\\/cioelectro.com\\\/#website\",\"url\":\"https:\\\/\\\/cioelectro.com\\\/\",\"name\":\"cioelectro.com\",\"description\":\"Treten Sie mit uns ins Abenteuer!\",\"publisher\":{\"@id\":\"https:\\\/\\\/cioelectro.com\\\/#organization\"},\"alternateName\":\"MEIN RADLADEN\",\"potentialAction\":[{\"@type\":\"SearchAction\",\"target\":{\"@type\":\"EntryPoint\",\"urlTemplate\":\"https:\\\/\\\/cioelectro.com\\\/?s={search_term_string}\"},\"query-input\":{\"@type\":\"PropertyValueSpecification\",\"valueRequired\":true,\"valueName\":\"search_term_string\"}}],\"inLanguage\":\"en-US\"},{\"@type\":\"Organization\",\"@id\":\"https:\\\/\\\/cioelectro.com\\\/#organization\",\"name\":\"CIOELECTRO\",\"alternateName\":\"MEIN RADLADEN\",\"url\":\"https:\\\/\\\/cioelectro.com\\\/\",\"logo\":{\"@type\":\"ImageObject\",\"inLanguage\":\"en-US\",\"@id\":\"https:\\\/\\\/cioelectro.com\\\/#\\\/schema\\\/logo\\\/image\\\/\",\"url\":\"https:\\\/\\\/cioelectro.com\\\/wp-content\\\/uploads\\\/2025\\\/12\\\/Logo-2-1200x800.png\",\"contentUrl\":\"https:\\\/\\\/cioelectro.com\\\/wp-content\\\/uploads\\\/2025\\\/12\\\/Logo-2-1200x800.png\",\"width\":1200,\"height\":800,\"caption\":\"CIOELECTRO\"},\"image\":{\"@id\":\"https:\\\/\\\/cioelectro.com\\\/#\\\/schema\\\/logo\\\/image\\\/\"}}]}<\/script>\n<!-- \/ Yoast SEO Premium plugin. -->","yoast_head_json":{"title":"BMC URS LT TWO GRAVEL BIKE SRAM RIVAL ETAP MOSS GREY 2023","description":"Entdecken Sie unseren Online-Fahrradladen: Gro\u00dfe Auswahl an Modellen f\u00fcr alle Radsportbegeisterten. Von Rennr\u00e4dern bis zu Mountainbikes - finden Sie heute Ihren perfekten Wegbegleiter!","robots":{"index":"index","follow":"follow","max-snippet":"max-snippet:-1","max-image-preview":"max-image-preview:large","max-video-preview":"max-video-preview:-1"},"canonical":"https:\/\/cioelectro.com\/en\/produkt\/bmc-urs-lt-two-gravel-bike-sram-rival-etap-moss-grey-2023\/","og_locale":"en_US","og_type":"article","og_title":"BMC URS LT TWO GRAVEL BIKE SRAM RIVAL ETAP MOSS GREY 2023","og_description":"Entdecken Sie unseren Online-Fahrradladen: Gro\u00dfe Auswahl an Modellen f\u00fcr alle Radsportbegeisterten. Von Rennr\u00e4dern bis zu Mountainbikes - finden Sie heute Ihren perfekten Wegbegleiter!","og_url":"https:\/\/cioelectro.com\/en\/produkt\/bmc-urs-lt-two-gravel-bike-sram-rival-etap-moss-grey-2023\/","og_site_name":"cioelectro.com","article_modified_time":"2023-08-10T16:43:01+00:00","og_image":[{"width":600,"height":408,"url":"https:\/\/cioelectro.com\/wp-content\/uploads\/2023\/06\/BMC-URS-LT-TWO-GRAVEL-BIKE-SRAM-RIVAL-ETAP-AXSGX-EAGLE-AXS-12S-700-MM-METALLIC-MOSS-GREY-2023.jpg","type":"image\/jpeg"}],"twitter_card":"summary_large_image","twitter_misc":{"Est. reading time":"3 minutes"},"schema":{"@context":"https:\/\/schema.org","@graph":[{"@type":"WebPage","@id":"https:\/\/cioelectro.com\/produkt\/bmc-urs-lt-two-gravel-bike-sram-rival-etap-moss-grey-2023\/","url":"https:\/\/cioelectro.com\/produkt\/bmc-urs-lt-two-gravel-bike-sram-rival-etap-moss-grey-2023\/","name":"BMC URS LT TWO GRAVEL BIKE SRAM RIVAL ETAP MOSS GREY 2023","isPartOf":{"@id":"https:\/\/cioelectro.com\/#website"},"primaryImageOfPage":{"@id":"https:\/\/cioelectro.com\/produkt\/bmc-urs-lt-two-gravel-bike-sram-rival-etap-moss-grey-2023\/#primaryimage"},"image":{"@id":"https:\/\/cioelectro.com\/produkt\/bmc-urs-lt-two-gravel-bike-sram-rival-etap-moss-grey-2023\/#primaryimage"},"thumbnailUrl":"https:\/\/cioelectro.com\/wp-content\/uploads\/2023\/06\/BMC-URS-LT-TWO-GRAVEL-BIKE-SRAM-RIVAL-ETAP-AXSGX-EAGLE-AXS-12S-700-MM-METALLIC-MOSS-GREY-2023.jpg","datePublished":"2022-08-20T11:24:38+00:00","dateModified":"2023-08-10T16:43:01+00:00","description":"Entdecken Sie unseren Online-Fahrradladen: Gro\u00dfe Auswahl an Modellen f\u00fcr alle Radsportbegeisterten. Von Rennr\u00e4dern bis zu Mountainbikes - finden Sie heute Ihren perfekten Wegbegleiter!","breadcrumb":{"@id":"https:\/\/cioelectro.com\/produkt\/bmc-urs-lt-two-gravel-bike-sram-rival-etap-moss-grey-2023\/#breadcrumb"},"inLanguage":"en-US","potentialAction":[{"@type":"ReadAction","target":["https:\/\/cioelectro.com\/produkt\/bmc-urs-lt-two-gravel-bike-sram-rival-etap-moss-grey-2023\/"]}]},{"@type":"ImageObject","inLanguage":"en-US","@id":"https:\/\/cioelectro.com\/produkt\/bmc-urs-lt-two-gravel-bike-sram-rival-etap-moss-grey-2023\/#primaryimage","url":"https:\/\/cioelectro.com\/wp-content\/uploads\/2023\/06\/BMC-URS-LT-TWO-GRAVEL-BIKE-SRAM-RIVAL-ETAP-AXSGX-EAGLE-AXS-12S-700-MM-METALLIC-MOSS-GREY-2023.jpg","contentUrl":"https:\/\/cioelectro.com\/wp-content\/uploads\/2023\/06\/BMC-URS-LT-TWO-GRAVEL-BIKE-SRAM-RIVAL-ETAP-AXSGX-EAGLE-AXS-12S-700-MM-METALLIC-MOSS-GREY-2023.jpg","width":600,"height":408,"caption":"BMC URS LT TWO GRAVEL BIKE SRAM RIVAL ETAP AXSGX EAGLE AXS 12S 700 MM METALLIC MOSS GREY 2023"},{"@type":"BreadcrumbList","@id":"https:\/\/cioelectro.com\/produkt\/bmc-urs-lt-two-gravel-bike-sram-rival-etap-moss-grey-2023\/#breadcrumb","itemListElement":[{"@type":"ListItem","position":1,"name":"Startseite","item":"https:\/\/cioelectro.com\/"},{"@type":"ListItem","position":2,"name":"LADEN","item":"https:\/\/cioelectro.com\/laden\/"},{"@type":"ListItem","position":3,"name":"BMC URS LT TWO GRAVEL BIKE SRAM RIVAL ETAP MOSS GREY 2023"}]},{"@type":"WebSite","@id":"https:\/\/cioelectro.com\/#website","url":"https:\/\/cioelectro.com\/","name":"cioelectro.com","description":"Treten Sie mit uns ins Abenteuer!","publisher":{"@id":"https:\/\/cioelectro.com\/#organization"},"alternateName":"MEIN RADLADEN","potentialAction":[{"@type":"SearchAction","target":{"@type":"EntryPoint","urlTemplate":"https:\/\/cioelectro.com\/?s={search_term_string}"},"query-input":{"@type":"PropertyValueSpecification","valueRequired":true,"valueName":"search_term_string"}}],"inLanguage":"en-US"},{"@type":"Organization","@id":"https:\/\/cioelectro.com\/#organization","name":"CIOELECTRO","alternateName":"MEIN RADLADEN","url":"https:\/\/cioelectro.com\/","logo":{"@type":"ImageObject","inLanguage":"en-US","@id":"https:\/\/cioelectro.com\/#\/schema\/logo\/image\/","url":"https:\/\/cioelectro.com\/wp-content\/uploads\/2025\/12\/Logo-2-1200x800.png","contentUrl":"https:\/\/cioelectro.com\/wp-content\/uploads\/2025\/12\/Logo-2-1200x800.png","width":1200,"height":800,"caption":"CIOELECTRO"},"image":{"@id":"https:\/\/cioelectro.com\/#\/schema\/logo\/image\/"}}]}},"_links":{"self":[{"href":"https:\/\/cioelectro.com\/en\/wp-json\/wp\/v2\/product\/13487","targetHints":{"allow":["GET"]}}],"collection":[{"href":"https:\/\/cioelectro.com\/en\/wp-json\/wp\/v2\/product"}],"about":[{"href":"https:\/\/cioelectro.com\/en\/wp-json\/wp\/v2\/types\/product"}],"replies":[{"embeddable":true,"href":"https:\/\/cioelectro.com\/en\/wp-json\/wp\/v2\/comments?post=13487"}],"version-history":[{"count":0,"href":"https:\/\/cioelectro.com\/en\/wp-json\/wp\/v2\/product\/13487\/revisions"}],"wp:featuredmedia":[{"embeddable":true,"href":"https:\/\/cioelectro.com\/en\/wp-json\/wp\/v2\/media\/60934"}],"wp:attachment":[{"href":"https:\/\/cioelectro.com\/en\/wp-json\/wp\/v2\/media?parent=13487"}],"wp:term":[{"taxonomy":"product_brand","embeddable":true,"href":"https:\/\/cioelectro.com\/en\/wp-json\/wp\/v2\/product_brand?post=13487"},{"taxonomy":"product_cat","embeddable":true,"href":"https:\/\/cioelectro.com\/en\/wp-json\/wp\/v2\/product_cat?post=13487"},{"taxonomy":"product_tag","embeddable":true,"href":"https:\/\/cioelectro.com\/en\/wp-json\/wp\/v2\/product_tag?post=13487"}],"curies":[{"name":"wp","href":"https:\/\/api.w.org\/{rel}","templated":true}]}}