{"id":13572,"date":"2022-08-20T16:51:50","date_gmt":"2022-08-20T14:51:50","guid":{"rendered":"https:\/\/meinradladen.com\/?post_type=product&#038;p=13572"},"modified":"2024-09-07T10:02:14","modified_gmt":"2024-09-07T08:02:14","slug":"bmc-twostroke-al-20-kinder-mtb-sram-x4-8s-20-gruen-2022-5-8-jahre","status":"publish","type":"product","link":"https:\/\/cioelectro.com\/en\/produkt\/bmc-twostroke-al-20-kinder-mtb-sram-x4-8s-20-gruen-2022-5-8-jahre\/","title":{"rendered":"BMC TWOSTROKE AL 20 KINDER MTB SRAM X4 8S 20&#8221; GR\u00dcN 2022 5 &#8211; 8 JAHRE"},"content":{"rendered":"<div id=\"product-header-order-name\" class=\"col-lg-20 col-md-20 col-sm-20 col-xs-20\">\n<h2 class=\"heading-title-text\">BMC TWOSTROKE AL 20 KINDER MTB SRAM X4 8S 20&#8221; GR\u00dcN 2022 5 &#8211; 8 JAHRE<\/h2>\n<\/div>\n<div id=\"product-header-order-form\" class=\"js-reload-on-event col-lg-20 col-md-20 col-sm-20 col-xs-20\" data-to-watch=\"body\" data-event=\"alltricks:cartChanged\" data-url=\"\/ajax\/product\/ajouter\/F-41503-kid-bikes\/P-2023126-bmc_twostroke_al_20_kinder_mtb_sram_x4_8s_20___grun_2022_5___8_jahre\">\n<div class=\"col col-sm-12 col-md-12 col-lg-12\">\n<p>Freiheit zum Erkunden.\u00a0<strong>Die Mission von BMC Twostroke AL 20 Kinder<\/strong>\u00a0ist es, jungen Fahrern die M\u00f6glichkeit zu geben, auszugehen und zu entkommen, Erfahrungen zu teilen und unglaubliche Erinnerungen zu schaffen, auf die sie f\u00fcr immer zur\u00fcckblicken werden.<\/p>\n<p>Entwickelt, damit junge Fahrer selbstbewusst shredden, sich wohl f\u00fchlen und die totale Kontrolle haben. Das\u00a0<strong>BMC Twostroke AL 20 ist<\/strong>\u00a0f\u00fcr Kinder von 5 bis 8 Jahren geeignet, damit sie mit ihren Fahrr\u00e4dern mitwachsen k\u00f6nnen. Leicht, zuverl\u00e4ssig und macht Spa\u00df!<\/p>\n<\/div>\n<div class=\"prodsheet_bullets col col-sm-8 col-md-8 col-lg-8\">\n<h4>HAUPTEIGENSCHAFTEN:<\/h4>\n<ul>\n<li>Leichter Aluminiumrahmen und -gabel.<\/li>\n<li>Sram X4 1&#215;8-fach Antrieb.<\/li>\n<li>Hydraulische Scheibenbremsen Tektro HD-M286, 140\/140 mm.<\/li>\n<\/ul>\n<\/div>\n<div class=\"prodsheet_specs1 col col-sm-12 col-md-12 col-lg-12\">\n<h4>MERKMALE:<\/h4>\n<table class=\"table table-striped\">\n<tbody>\n<tr>\n<td>Rahmen<\/td>\n<td>Aluminium: Zweitakt AL 20&#8243; Lightweight Aluminium mit Pulverbeschichtung, 1 1\/8&#8243; Steuerrohr, BSA Innenlager mit Gewinde, 140 mm Post Mount, 9&#215;135 mm QR<\/td>\n<\/tr>\n<tr>\n<td>Gabel<\/td>\n<td>Aluminium: Zweitakt AL 20&#8243; Lightweight Aluminium mit Pulverbeschichtung, 140 mm Post Mount, 9&#215;100 mm QR<\/td>\n<\/tr>\n<tr>\n<td>Schalthebel<\/td>\n<td>Sram X4 Trigger, 1&#215;8-fach<\/td>\n<\/tr>\n<tr>\n<td>Schaltwerk<\/td>\n<td>Sram X4, mittlerer K\u00e4fig, 8-fach<\/td>\n<\/tr>\n<tr>\n<td>Kassette<\/td>\n<td>Sonnenlauf, 11-34T<\/td>\n<\/tr>\n<tr>\n<td>Kette<\/td>\n<td>Sram<\/td>\n<\/tr>\n<tr>\n<td>Kurbel<\/td>\n<td>Leichte geschmiedete Aluminiumkurbeln, 32T, 1x Specific Narrow Wide Kettenblatt, 127 mm<\/td>\n<\/tr>\n<tr>\n<td>Innenlager<\/td>\n<td>BSA Gewinde BB<\/td>\n<\/tr>\n<tr>\n<td>Bremsen<\/td>\n<td>Tektro HD-M286, hydr. Scheibenbremse, (140\/140) Bremsscheiben, Short-Reach-Hebel<\/td>\n<\/tr>\n<tr>\n<td>Laufradsatz<\/td>\n<td>Felgen: DD32 \/ Naben: CNC-gefr\u00e4ster Alu-Nabenk\u00f6rper, abgedichtete Lager, Schnellspanner<\/td>\n<\/tr>\n<tr>\n<td>Reifen<\/td>\n<td>Kenda-Booster, 20&#215;2.4&#8243;<\/td>\n<\/tr>\n<tr>\n<td>Lenker<\/td>\n<td>SDG Slater Lenker, 650 mm breit, 20 mm Rise, 19 mm Bar Ends, 31,8 mm Klemmung<\/td>\n<\/tr>\n<tr>\n<td>Stengel<\/td>\n<td>BMC, 40 mm L\u00e4nge, \/- 6\u00b0<\/td>\n<\/tr>\n<tr>\n<td>Sattel<\/td>\n<td>SDG Fly Jr<\/td>\n<\/tr>\n<tr>\n<td>Sattelst\u00fctze<\/td>\n<td>Legierung 27,2 mm<\/td>\n<\/tr>\n<tr>\n<td>Gewicht<\/td>\n<td>9,2 kg<\/td>\n<\/tr>\n<tr>\n<td>Maximales Gewicht<\/td>\n<td>60 kg: Das maximale Gewicht des Systems umfasst das Fahrrad, den Radfahrer und die Ausr\u00fcstung<\/td>\n<\/tr>\n<tr>\n<td>Farbe<\/td>\n<td>Gr\u00fcn<\/td>\n<\/tr>\n<\/tbody>\n<\/table>\n<\/div>\n<div class=\"prodsheet_specs2 col col-sm-8 col-md-8 col-lg-8\">\n<h4>GEOMETRIEN:<\/h4>\n<p><img decoding=\"async\" src=\"http:\/\/media1.alltricks.fr\/ckfinder\/images\/hardtail_en.jpg\" \/><\/p>\n<table class=\"table table-striped\">\n<tbody>\n<tr>\n<td>Radgr\u00f6\u00dfe (Zoll)<\/td>\n<td>20<\/td>\n<\/tr>\n<tr>\n<td>Fahrerh\u00f6he (cm)<\/td>\n<td>110 &#8211; 135<\/td>\n<\/tr>\n<tr>\n<td>Sitzrohr (mm)<\/td>\n<td>275<\/td>\n<\/tr>\n<tr>\n<td>Oberrohr (mm)<\/td>\n<td>431<\/td>\n<\/tr>\n<tr>\n<td>Kettenstreben (mm)<\/td>\n<td>342<\/td>\n<\/tr>\n<tr>\n<td>Steuerrohrl\u00e4nge (mm)<\/td>\n<td>105<\/td>\n<\/tr>\n<tr>\n<td>Steuerrohrwinkel (\u00b0)<\/td>\n<td>68<\/td>\n<\/tr>\n<tr>\n<td>Sitzrohrwinkel (\u00b0)<\/td>\n<td>73<\/td>\n<\/tr>\n<tr>\n<td>Radstand (mm)<\/td>\n<td>833<\/td>\n<\/tr>\n<tr>\n<td>Stapel (mm)<\/td>\n<td>412<\/td>\n<\/tr>\n<tr>\n<td>Reichweite (mm)<\/td>\n<td>305<\/td>\n<\/tr>\n<\/tbody>\n<\/table>\n<h4>WELCHE GR\u00d6SSE BRAUCHE ICH F\u00dcR EIN KINDERFAHRRAD?<\/h4>\n<p>This handy chart should show you the right bike for your child, based on age, height and wheel size (inches). Bikes with 12&#8243; wheels are generally balance bikes: with no pedals or cranks, they are designed to teach balance and control and are the perfect introduction for young children up to 90cm.<\/p>\n<p>Gr\u00f6\u00dfentabelle Kid&#8217;s bike:<\/p>\n<table class=\"table table table-striped\">\n<tbody>\n<tr>\n<th>Laufradgr\u00f6\u00dfe<\/th>\n<td>10&#8221; &#8211; 12.5&#8221;<\/td>\n<td>14&#8221;<\/td>\n<td>16&#8221;<\/td>\n<td>18&#8221;<\/td>\n<td>20&#8221;<\/td>\n<td>24&#8221;<\/td>\n<\/tr>\n<tr>\n<th>K\u00f6rpergr\u00f6\u00dfe (cm)<\/th>\n<td>85 &#8211; 95<\/td>\n<td>95 &#8211; 105<\/td>\n<td>100 &#8211; 115<\/td>\n<td>110 &#8211; 125<\/td>\n<td>120 &#8211; 135<\/td>\n<td>130 &#8211; 155<\/td>\n<\/tr>\n<tr>\n<th>Alter<\/th>\n<td>1.5 &#8211; 3<\/td>\n<td>3 &#8211; 4<\/td>\n<td>4 &#8211; 6<\/td>\n<td>6 &#8211; 7<\/td>\n<td>7 &#8211; 9<\/td>\n<td>9 and<\/td>\n<\/tr>\n<\/tbody>\n<\/table>\n<p>Alle kleinen Reiter wachsen unterschiedlich schnell. Der beste Weg, um die richtige Fahrradgr\u00f6\u00dfe f\u00fcr sie zu finden, besteht also darin, sich Modelle in ihrer Altersgruppe anzusehen und dann ihre K\u00f6rpergr\u00f6\u00dfe mit dem richtigen Fahrrad abzugleichen. In der Regel ist es am besten, Ihr Kind auf ein potenzielles neues Fahrrad setzen zu lassen und zu pr\u00fcfen, ob es mit beiden F\u00fc\u00dfen den Boden ber\u00fchren kann.<\/p>\n<\/div>\n<\/div>","protected":false},"excerpt":{"rendered":"<div class=\"col-lg-14 col-md-14 col-sm-14 col-xs-20\"><\/div>\n<div id=\"product-specifications-table\" class=\"col-lg-20 col-md-20 col-sm-20 col-xs-20\">\n<table class=\"table table-striped\">\n<tbody>\n<tr>\n<td class=\"spec-name\">Geschlecht<\/td>\n<td class=\"spec-value\">Junge<br \/>\nM\u00e4dchen<\/td>\n<\/tr>\n<tr>\n<td class=\"spec-name\">Gr\u00f6\u00dfe<\/td>\n<td class=\"spec-value\">20&#8221;<\/td>\n<\/tr>\n<tr>\n<td class=\"spec-name\">Gruppe<\/td>\n<td class=\"spec-value\">Sram X4 8S<\/td>\n<\/tr>\n<tr>\n<td class=\"spec-name\">collection<\/td>\n<td class=\"spec-value\">Fins de S\u00e9ries<\/td>\n<\/tr>\n<tr>\n<td class=\"spec-name\">Age<\/td>\n<td class=\"spec-value\">5 &#8211; 8<\/td>\n<\/tr>\n<\/tbody>\n<\/table>\n<\/div>","protected":false},"featured_media":60949,"comment_status":"open","ping_status":"closed","template":"","meta":{"_rtcl_gb_attr":""},"product_brand":[],"product_cat":[129],"product_tag":[],"class_list":{"0":"post-13572","1":"product","2":"type-product","3":"status-publish","4":"has-post-thumbnail","6":"product_cat-rennrad","8":"first","9":"instock","10":"sale","11":"taxable","12":"shipping-taxable","13":"purchasable","14":"product-type-simple"},"yoast_head":"<!-- This site is optimized with the Yoast SEO Premium plugin v20.12 (Yoast SEO v27.4) - https:\/\/yoast.com\/product\/yoast-seo-premium-wordpress\/ -->\n<title>BMC TWOSTROKE AL 20 KINDER MTB SRAM X4 8S 20&#039;&#039; GR\u00dcN 2022 5 - 8 JAHRE<\/title>\n<meta name=\"description\" content=\"Entdecken Sie unseren Online-Fahrradladen: Gro\u00dfe Auswahl an Modellen f\u00fcr alle Radsportbegeisterten. Von Rennr\u00e4dern bis zu Mountainbikes - finden Sie heute Ihren perfekten Wegbegleiter!\" \/>\n<meta name=\"robots\" content=\"index, follow, max-snippet:-1, max-image-preview:large, max-video-preview:-1\" \/>\n<link rel=\"canonical\" href=\"https:\/\/cioelectro.com\/en\/produkt\/bmc-twostroke-al-20-kinder-mtb-sram-x4-8s-20-gruen-2022-5-8-jahre\/\" \/>\n<meta property=\"og:locale\" content=\"en_US\" \/>\n<meta property=\"og:type\" content=\"article\" \/>\n<meta property=\"og:title\" content=\"BMC TWOSTROKE AL 20 KINDER MTB SRAM X4 8S 20&#039;&#039; GR\u00dcN 2022 5 - 8 JAHRE\" \/>\n<meta property=\"og:description\" content=\"Entdecken Sie unseren Online-Fahrradladen: Gro\u00dfe Auswahl an Modellen f\u00fcr alle Radsportbegeisterten. Von Rennr\u00e4dern bis zu Mountainbikes - finden Sie heute Ihren perfekten Wegbegleiter!\" \/>\n<meta property=\"og:url\" content=\"https:\/\/cioelectro.com\/en\/produkt\/bmc-twostroke-al-20-kinder-mtb-sram-x4-8s-20-gruen-2022-5-8-jahre\/\" \/>\n<meta property=\"og:site_name\" content=\"cioelectro.com\" \/>\n<meta property=\"article:modified_time\" content=\"2024-09-07T08:02:14+00:00\" \/>\n<meta property=\"og:image\" content=\"https:\/\/cioelectro.com\/wp-content\/uploads\/2023\/06\/BMC-TWOSTROKE-AL-20-KINDER-MTB-SRAM-X4-8S-20-GRUeN-2022-5-8-JAHRE.jpg\" \/>\n\t<meta property=\"og:image:width\" content=\"600\" \/>\n\t<meta property=\"og:image:height\" content=\"408\" \/>\n\t<meta property=\"og:image:type\" content=\"image\/jpeg\" \/>\n<meta name=\"twitter:card\" content=\"summary_large_image\" \/>\n<meta name=\"twitter:label1\" content=\"Est. reading time\" \/>\n\t<meta name=\"twitter:data1\" content=\"3 minutes\" \/>\n<script type=\"application\/ld+json\" class=\"yoast-schema-graph\">{\"@context\":\"https:\\\/\\\/schema.org\",\"@graph\":[{\"@type\":\"WebPage\",\"@id\":\"https:\\\/\\\/cioelectro.com\\\/produkt\\\/bmc-twostroke-al-20-kinder-mtb-sram-x4-8s-20-gruen-2022-5-8-jahre\\\/\",\"url\":\"https:\\\/\\\/cioelectro.com\\\/produkt\\\/bmc-twostroke-al-20-kinder-mtb-sram-x4-8s-20-gruen-2022-5-8-jahre\\\/\",\"name\":\"BMC TWOSTROKE AL 20 KINDER MTB SRAM X4 8S 20'' GR\u00dcN 2022 5 - 8 JAHRE\",\"isPartOf\":{\"@id\":\"https:\\\/\\\/cioelectro.com\\\/#website\"},\"primaryImageOfPage\":{\"@id\":\"https:\\\/\\\/cioelectro.com\\\/produkt\\\/bmc-twostroke-al-20-kinder-mtb-sram-x4-8s-20-gruen-2022-5-8-jahre\\\/#primaryimage\"},\"image\":{\"@id\":\"https:\\\/\\\/cioelectro.com\\\/produkt\\\/bmc-twostroke-al-20-kinder-mtb-sram-x4-8s-20-gruen-2022-5-8-jahre\\\/#primaryimage\"},\"thumbnailUrl\":\"https:\\\/\\\/cioelectro.com\\\/wp-content\\\/uploads\\\/2023\\\/06\\\/BMC-TWOSTROKE-AL-20-KINDER-MTB-SRAM-X4-8S-20-GRUeN-2022-5-8-JAHRE.jpg\",\"datePublished\":\"2022-08-20T14:51:50+00:00\",\"dateModified\":\"2024-09-07T08:02:14+00:00\",\"description\":\"Entdecken Sie unseren Online-Fahrradladen: Gro\u00dfe Auswahl an Modellen f\u00fcr alle Radsportbegeisterten. Von Rennr\u00e4dern bis zu Mountainbikes - finden Sie heute Ihren perfekten Wegbegleiter!\",\"breadcrumb\":{\"@id\":\"https:\\\/\\\/cioelectro.com\\\/produkt\\\/bmc-twostroke-al-20-kinder-mtb-sram-x4-8s-20-gruen-2022-5-8-jahre\\\/#breadcrumb\"},\"inLanguage\":\"en-US\",\"potentialAction\":[{\"@type\":\"ReadAction\",\"target\":[\"https:\\\/\\\/cioelectro.com\\\/produkt\\\/bmc-twostroke-al-20-kinder-mtb-sram-x4-8s-20-gruen-2022-5-8-jahre\\\/\"]}]},{\"@type\":\"ImageObject\",\"inLanguage\":\"en-US\",\"@id\":\"https:\\\/\\\/cioelectro.com\\\/produkt\\\/bmc-twostroke-al-20-kinder-mtb-sram-x4-8s-20-gruen-2022-5-8-jahre\\\/#primaryimage\",\"url\":\"https:\\\/\\\/cioelectro.com\\\/wp-content\\\/uploads\\\/2023\\\/06\\\/BMC-TWOSTROKE-AL-20-KINDER-MTB-SRAM-X4-8S-20-GRUeN-2022-5-8-JAHRE.jpg\",\"contentUrl\":\"https:\\\/\\\/cioelectro.com\\\/wp-content\\\/uploads\\\/2023\\\/06\\\/BMC-TWOSTROKE-AL-20-KINDER-MTB-SRAM-X4-8S-20-GRUeN-2022-5-8-JAHRE.jpg\",\"width\":600,\"height\":408,\"caption\":\"BMC TWOSTROKE AL 20 KINDER MTB SRAM X4 8S 20'' GR\u00dcN 2022 5 - 8 JAHRE\"},{\"@type\":\"BreadcrumbList\",\"@id\":\"https:\\\/\\\/cioelectro.com\\\/produkt\\\/bmc-twostroke-al-20-kinder-mtb-sram-x4-8s-20-gruen-2022-5-8-jahre\\\/#breadcrumb\",\"itemListElement\":[{\"@type\":\"ListItem\",\"position\":1,\"name\":\"Startseite\",\"item\":\"https:\\\/\\\/cioelectro.com\\\/\"},{\"@type\":\"ListItem\",\"position\":2,\"name\":\"LADEN\",\"item\":\"https:\\\/\\\/cioelectro.com\\\/laden\\\/\"},{\"@type\":\"ListItem\",\"position\":3,\"name\":\"BMC TWOSTROKE AL 20 KINDER MTB SRAM X4 8S 20&#8221; GR\u00dcN 2022 5 &#8211; 8 JAHRE\"}]},{\"@type\":\"WebSite\",\"@id\":\"https:\\\/\\\/cioelectro.com\\\/#website\",\"url\":\"https:\\\/\\\/cioelectro.com\\\/\",\"name\":\"cioelectro.com\",\"description\":\"Treten Sie mit uns ins Abenteuer!\",\"publisher\":{\"@id\":\"https:\\\/\\\/cioelectro.com\\\/#organization\"},\"alternateName\":\"MEIN RADLADEN\",\"potentialAction\":[{\"@type\":\"SearchAction\",\"target\":{\"@type\":\"EntryPoint\",\"urlTemplate\":\"https:\\\/\\\/cioelectro.com\\\/?s={search_term_string}\"},\"query-input\":{\"@type\":\"PropertyValueSpecification\",\"valueRequired\":true,\"valueName\":\"search_term_string\"}}],\"inLanguage\":\"en-US\"},{\"@type\":\"Organization\",\"@id\":\"https:\\\/\\\/cioelectro.com\\\/#organization\",\"name\":\"CIOELECTRO\",\"alternateName\":\"MEIN RADLADEN\",\"url\":\"https:\\\/\\\/cioelectro.com\\\/\",\"logo\":{\"@type\":\"ImageObject\",\"inLanguage\":\"en-US\",\"@id\":\"https:\\\/\\\/cioelectro.com\\\/#\\\/schema\\\/logo\\\/image\\\/\",\"url\":\"https:\\\/\\\/cioelectro.com\\\/wp-content\\\/uploads\\\/2025\\\/12\\\/Logo-2-1200x800.png\",\"contentUrl\":\"https:\\\/\\\/cioelectro.com\\\/wp-content\\\/uploads\\\/2025\\\/12\\\/Logo-2-1200x800.png\",\"width\":1200,\"height\":800,\"caption\":\"CIOELECTRO\"},\"image\":{\"@id\":\"https:\\\/\\\/cioelectro.com\\\/#\\\/schema\\\/logo\\\/image\\\/\"}}]}<\/script>\n<!-- \/ Yoast SEO Premium plugin. -->","yoast_head_json":{"title":"BMC TWOSTROKE AL 20 KINDER MTB SRAM X4 8S 20'' GR\u00dcN 2022 5 - 8 JAHRE","description":"Entdecken Sie unseren Online-Fahrradladen: Gro\u00dfe Auswahl an Modellen f\u00fcr alle Radsportbegeisterten. Von Rennr\u00e4dern bis zu Mountainbikes - finden Sie heute Ihren perfekten Wegbegleiter!","robots":{"index":"index","follow":"follow","max-snippet":"max-snippet:-1","max-image-preview":"max-image-preview:large","max-video-preview":"max-video-preview:-1"},"canonical":"https:\/\/cioelectro.com\/en\/produkt\/bmc-twostroke-al-20-kinder-mtb-sram-x4-8s-20-gruen-2022-5-8-jahre\/","og_locale":"en_US","og_type":"article","og_title":"BMC TWOSTROKE AL 20 KINDER MTB SRAM X4 8S 20'' GR\u00dcN 2022 5 - 8 JAHRE","og_description":"Entdecken Sie unseren Online-Fahrradladen: Gro\u00dfe Auswahl an Modellen f\u00fcr alle Radsportbegeisterten. Von Rennr\u00e4dern bis zu Mountainbikes - finden Sie heute Ihren perfekten Wegbegleiter!","og_url":"https:\/\/cioelectro.com\/en\/produkt\/bmc-twostroke-al-20-kinder-mtb-sram-x4-8s-20-gruen-2022-5-8-jahre\/","og_site_name":"cioelectro.com","article_modified_time":"2024-09-07T08:02:14+00:00","og_image":[{"width":600,"height":408,"url":"https:\/\/cioelectro.com\/wp-content\/uploads\/2023\/06\/BMC-TWOSTROKE-AL-20-KINDER-MTB-SRAM-X4-8S-20-GRUeN-2022-5-8-JAHRE.jpg","type":"image\/jpeg"}],"twitter_card":"summary_large_image","twitter_misc":{"Est. reading time":"3 minutes"},"schema":{"@context":"https:\/\/schema.org","@graph":[{"@type":"WebPage","@id":"https:\/\/cioelectro.com\/produkt\/bmc-twostroke-al-20-kinder-mtb-sram-x4-8s-20-gruen-2022-5-8-jahre\/","url":"https:\/\/cioelectro.com\/produkt\/bmc-twostroke-al-20-kinder-mtb-sram-x4-8s-20-gruen-2022-5-8-jahre\/","name":"BMC TWOSTROKE AL 20 KINDER MTB SRAM X4 8S 20'' GR\u00dcN 2022 5 - 8 JAHRE","isPartOf":{"@id":"https:\/\/cioelectro.com\/#website"},"primaryImageOfPage":{"@id":"https:\/\/cioelectro.com\/produkt\/bmc-twostroke-al-20-kinder-mtb-sram-x4-8s-20-gruen-2022-5-8-jahre\/#primaryimage"},"image":{"@id":"https:\/\/cioelectro.com\/produkt\/bmc-twostroke-al-20-kinder-mtb-sram-x4-8s-20-gruen-2022-5-8-jahre\/#primaryimage"},"thumbnailUrl":"https:\/\/cioelectro.com\/wp-content\/uploads\/2023\/06\/BMC-TWOSTROKE-AL-20-KINDER-MTB-SRAM-X4-8S-20-GRUeN-2022-5-8-JAHRE.jpg","datePublished":"2022-08-20T14:51:50+00:00","dateModified":"2024-09-07T08:02:14+00:00","description":"Entdecken Sie unseren Online-Fahrradladen: Gro\u00dfe Auswahl an Modellen f\u00fcr alle Radsportbegeisterten. Von Rennr\u00e4dern bis zu Mountainbikes - finden Sie heute Ihren perfekten Wegbegleiter!","breadcrumb":{"@id":"https:\/\/cioelectro.com\/produkt\/bmc-twostroke-al-20-kinder-mtb-sram-x4-8s-20-gruen-2022-5-8-jahre\/#breadcrumb"},"inLanguage":"en-US","potentialAction":[{"@type":"ReadAction","target":["https:\/\/cioelectro.com\/produkt\/bmc-twostroke-al-20-kinder-mtb-sram-x4-8s-20-gruen-2022-5-8-jahre\/"]}]},{"@type":"ImageObject","inLanguage":"en-US","@id":"https:\/\/cioelectro.com\/produkt\/bmc-twostroke-al-20-kinder-mtb-sram-x4-8s-20-gruen-2022-5-8-jahre\/#primaryimage","url":"https:\/\/cioelectro.com\/wp-content\/uploads\/2023\/06\/BMC-TWOSTROKE-AL-20-KINDER-MTB-SRAM-X4-8S-20-GRUeN-2022-5-8-JAHRE.jpg","contentUrl":"https:\/\/cioelectro.com\/wp-content\/uploads\/2023\/06\/BMC-TWOSTROKE-AL-20-KINDER-MTB-SRAM-X4-8S-20-GRUeN-2022-5-8-JAHRE.jpg","width":600,"height":408,"caption":"BMC TWOSTROKE AL 20 KINDER MTB SRAM X4 8S 20'' GR\u00dcN 2022 5 - 8 JAHRE"},{"@type":"BreadcrumbList","@id":"https:\/\/cioelectro.com\/produkt\/bmc-twostroke-al-20-kinder-mtb-sram-x4-8s-20-gruen-2022-5-8-jahre\/#breadcrumb","itemListElement":[{"@type":"ListItem","position":1,"name":"Startseite","item":"https:\/\/cioelectro.com\/"},{"@type":"ListItem","position":2,"name":"LADEN","item":"https:\/\/cioelectro.com\/laden\/"},{"@type":"ListItem","position":3,"name":"BMC TWOSTROKE AL 20 KINDER MTB SRAM X4 8S 20&#8221; GR\u00dcN 2022 5 &#8211; 8 JAHRE"}]},{"@type":"WebSite","@id":"https:\/\/cioelectro.com\/#website","url":"https:\/\/cioelectro.com\/","name":"cioelectro.com","description":"Treten Sie mit uns ins Abenteuer!","publisher":{"@id":"https:\/\/cioelectro.com\/#organization"},"alternateName":"MEIN RADLADEN","potentialAction":[{"@type":"SearchAction","target":{"@type":"EntryPoint","urlTemplate":"https:\/\/cioelectro.com\/?s={search_term_string}"},"query-input":{"@type":"PropertyValueSpecification","valueRequired":true,"valueName":"search_term_string"}}],"inLanguage":"en-US"},{"@type":"Organization","@id":"https:\/\/cioelectro.com\/#organization","name":"CIOELECTRO","alternateName":"MEIN RADLADEN","url":"https:\/\/cioelectro.com\/","logo":{"@type":"ImageObject","inLanguage":"en-US","@id":"https:\/\/cioelectro.com\/#\/schema\/logo\/image\/","url":"https:\/\/cioelectro.com\/wp-content\/uploads\/2025\/12\/Logo-2-1200x800.png","contentUrl":"https:\/\/cioelectro.com\/wp-content\/uploads\/2025\/12\/Logo-2-1200x800.png","width":1200,"height":800,"caption":"CIOELECTRO"},"image":{"@id":"https:\/\/cioelectro.com\/#\/schema\/logo\/image\/"}}]}},"_links":{"self":[{"href":"https:\/\/cioelectro.com\/en\/wp-json\/wp\/v2\/product\/13572","targetHints":{"allow":["GET"]}}],"collection":[{"href":"https:\/\/cioelectro.com\/en\/wp-json\/wp\/v2\/product"}],"about":[{"href":"https:\/\/cioelectro.com\/en\/wp-json\/wp\/v2\/types\/product"}],"replies":[{"embeddable":true,"href":"https:\/\/cioelectro.com\/en\/wp-json\/wp\/v2\/comments?post=13572"}],"version-history":[{"count":0,"href":"https:\/\/cioelectro.com\/en\/wp-json\/wp\/v2\/product\/13572\/revisions"}],"wp:featuredmedia":[{"embeddable":true,"href":"https:\/\/cioelectro.com\/en\/wp-json\/wp\/v2\/media\/60949"}],"wp:attachment":[{"href":"https:\/\/cioelectro.com\/en\/wp-json\/wp\/v2\/media?parent=13572"}],"wp:term":[{"taxonomy":"product_brand","embeddable":true,"href":"https:\/\/cioelectro.com\/en\/wp-json\/wp\/v2\/product_brand?post=13572"},{"taxonomy":"product_cat","embeddable":true,"href":"https:\/\/cioelectro.com\/en\/wp-json\/wp\/v2\/product_cat?post=13572"},{"taxonomy":"product_tag","embeddable":true,"href":"https:\/\/cioelectro.com\/en\/wp-json\/wp\/v2\/product_tag?post=13572"}],"curies":[{"name":"wp","href":"https:\/\/api.w.org\/{rel}","templated":true}]}}