{"id":13684,"date":"2022-08-20T22:42:23","date_gmt":"2022-08-20T20:42:23","guid":{"rendered":"https:\/\/meinradladen.com\/?post_type=product&#038;p=13684"},"modified":"2023-08-10T19:23:08","modified_gmt":"2023-08-10T17:23:08","slug":"bmc-teammachine-slr01-two-sram-red-etap-axs-12-gaenge-700-mm-grau-rot-2021","status":"publish","type":"product","link":"https:\/\/cioelectro.com\/en\/produkt\/bmc-teammachine-slr01-two-sram-red-etap-axs-12-gaenge-700-mm-grau-rot-2021\/","title":{"rendered":"BMC TEAMMACHINE SLR01 TWO SRAM RED ETAP AXS 12 G\u00c4NGE 700 MM GRAU ROT 2021"},"content":{"rendered":"<div id=\"product-header-order-name\" class=\"col-lg-20 col-md-20 col-sm-20 col-xs-20\">\n<h2 class=\"heading-title-text\">RENNRAD BMC TEAMMACHINE SLR01 TWO SRAM RED ETAP AXS 12 G\u00c4NGE 700 MM GRAU ROT 2021<\/h2>\n<\/div>\n<div id=\"product-header-order-form\" class=\"js-reload-on-event col-lg-20 col-md-20 col-sm-20 col-xs-20\" data-to-watch=\"body\" data-event=\"alltricks:cartChanged\" data-url=\"\/ajax\/product\/ajouter\/F-41505-velos-route-_-cyclocross-_-triathlon\/P-1892611-rennrad_bmc_teammachine_slr01_two_sram_red_etap_axs_12_gange_700_mm_grau_rot_2021\">\n<div class=\"col col-sm-12 col-md-12 col-lg-12\">\n<p>Vor zehn Jahren brachte\u00a0<strong>BMC<\/strong>\u00a0ein Fahrrad auf den Markt, das das Design und die Herstellung von Hochleistungs-Rennr\u00e4dern revolutionieren sollte. Das\u00a0<strong>Teammachine SLR01 TWO<\/strong>\u00a0hat all die wichtigen Titel gewonnen, die ein Fahrrad nur gewinnen kann, darunter die Klassiker, Weltmeisterschaften, Olympische Spiele und die Tour de France. Mit den Erkenntnissen aus dem letzten Jahrzehnt hat BMC die Karten neu gemischt und pr\u00e4sentiert nun einen komplett neuen, hochmodernen Rahmensatz, der auch die n\u00e4chsten 10 Jahre ganz oben mitspielen wird.<\/p>\n<p>In ihrem unerl\u00e4sslichen Streben nach ultimativer Leistung haben die Ingenieure bei BMC die Grenzen des Machbaren erweitert und das gesamte Wissen der letzten zehn Jahre genutzt, um Ihnen einen hochmodernen Rahmensatz zu liefern, der f\u00fcr die Zukunft bereit ist. Das neue\u00a0<strong>Teammachine SLR01<\/strong>\u00a0ist dank der neuesten Entwicklungen der Technologie Tuned Compliance Concept (TCC) flexibler denn je. Pr\u00e4zise gewebte Schichten aus Carbon und die ideale vertikale Flexibilit\u00e4t von Rahmen und Sattelst\u00fctze verbessern den Grip und die Kontrolle, sodass die Muskeln nicht so schnell erm\u00fcden. Eine neu gestaltete aerodynamische Gabel mit dezenten Ausfallenden und integrierter Steckachsenmutter verk\u00f6rpern die Kombination aus technischer Spitzenleistung und minimalistischer, eleganter \u00c4sthetik.<\/p>\n<\/div>\n<div class=\"prodsheet_bullets col col-sm-8 col-md-8 col-lg-8\">\n<h4>PRODUKT-HIGHLIGHTS:<\/h4>\n<ul>\n<li>Bereit f\u00fcr die n\u00e4chste Generation der World Tour-Sieger.<\/li>\n<li>Integriertes ICS2-Cockpit, mit deutlicher Gewichtsreduzierung, hoher Steifigkeit und sauberer Optik.<\/li>\n<li>Schaltung Sram Red eTap AXS 2 x 12 G\u00e4nge.<\/li>\n<li>Hydraulische Scheibenbremsen Sram Red eTap AXS HRD, 160\/160 mm.<\/li>\n<li>Perfekt in die Kurbelgarnitur integrierter Leistungssensor.<\/li>\n<li>Satz Laufr\u00e4der aus Carbon Enve SES 3.4 Disc.<\/li>\n<\/ul>\n<\/div>\n<div class=\"prodsheet_specs1 col col-sm-12 col-md-12 col-lg-12\">\n<h4>EINZELHEITEN:<\/h4>\n<table class=\"table table-striped\">\n<tbody>\n<tr>\n<td>Rahmen<\/td>\n<td>Carbon: Teammachine SLR 01 Premium Carbon with Aerocore Design, ICS Technology, Integrated Aerocore Bottle Cages, Stealth Dropout Design, TCC Race compliance level, PF86 bottom bracket, 12&#215;142 mm thru-axle, Tire clearance: 30 mm (Measured Width)<\/td>\n<\/tr>\n<tr>\n<td>Gabel<\/td>\n<td>Carbon: Teammachine SLR 01 Premium Carbon, ICS Technology, Stealth Cable Routing, TCC Race Compliance Level, Stealth Dropout Design, Flat Mount Disc, 12&#215;100 mm Thru-Axle, 48 mm offset (Size 47-51), 43 mm offset (Size 54-61)<\/td>\n<\/tr>\n<tr>\n<td>Schalthebel<\/td>\n<td>Sram Red eTap AXS HRD, 2 x 12 G\u00e4nge<\/td>\n<\/tr>\n<tr>\n<td>Vordere Kettenschaltung<\/td>\n<td>Sram Red eTap AXS<\/td>\n<\/tr>\n<tr>\n<td>Hintere Kettenschaltung<\/td>\n<td>Sram Red eTap AXS, 12 G\u00e4nge<\/td>\n<\/tr>\n<tr>\n<td>Kassette<\/td>\n<td>Sram Red XG-1290, 10-28 Z\u00e4hne<\/td>\n<\/tr>\n<tr>\n<td>Kette<\/td>\n<td>Sram Red<\/td>\n<\/tr>\n<tr>\n<td>Kurbelsatz<\/td>\n<td>Sram Red AXS, Power Meter, 48\/35 Z\u00e4hne<\/td>\n<\/tr>\n<tr>\n<td>Tretlager<\/td>\n<td>PF86<\/td>\n<\/tr>\n<tr>\n<td>Bremsen<\/td>\n<td>Sram Red eTap AXS HRD, Hydr. Disc Brake, (160\/160) Centerline XR Rotors<\/td>\n<\/tr>\n<tr>\n<td>Laufr\u00e4der<\/td>\n<td>Felgen: Enve SES 3.4 Disc, 38\/42mm \/ Naben: Enve Alloy Disc<\/td>\n<\/tr>\n<tr>\n<td>Reifen<\/td>\n<td>Pirelli P Zero Race TLR SL<\/td>\n<\/tr>\n<tr>\n<td>Lenker<\/td>\n<td>ICS Carbon, One-Piece Full Carbon Cockpit, 67 mm reach, 127 mm drop<\/td>\n<\/tr>\n<tr>\n<td>Vorbau<\/td>\n<td>ICS Carbon, One-Piece Full Carbon Cockpit, -12.5\u00b0<\/td>\n<\/tr>\n<tr>\n<td>Sattel<\/td>\n<td>Fizik Argo Vento R3, 140 mm<\/td>\n<\/tr>\n<tr>\n<td>Sattelst\u00fctze<\/td>\n<td>Teammachine SLR 01 Premium Carbon D-Shaped Seatpost, 15 mm Offset<\/td>\n<\/tr>\n<tr>\n<td>Gewicht<\/td>\n<td>6,70 kg<\/td>\n<\/tr>\n<tr>\n<td>Maximales Gewicht<\/td>\n<td>110 kg: Im maximalen Gewicht des Systems sind Fahrrad, Fahrer und Ausr\u00fcstung enthalten<\/td>\n<\/tr>\n<tr>\n<td>Farbe<\/td>\n<td>Grey White<\/td>\n<\/tr>\n<\/tbody>\n<\/table>\n<\/div>\n<div class=\"prodsheet_specs2 col col-sm-8 col-md-8 col-lg-8\">\n<h4>GEOMETRIE:<\/h4>\n<p><img decoding=\"async\" src=\"http:\/\/media1.alltricks.fr\/ckfinder\/images\/cube_route_geo_fr.jpg\" \/><\/p>\n<table class=\"table table-striped\">\n<tbody>\n<tr>\n<td>Rahmengr\u00f6\u00dfe (cm)<\/td>\n<td>47<\/td>\n<td>51<\/td>\n<td>54<\/td>\n<td>56<\/td>\n<td>58<\/td>\n<td>61<\/td>\n<\/tr>\n<tr>\n<td>Sattelrohr (mm)<\/td>\n<td>423<\/td>\n<td>468<\/td>\n<td>504<\/td>\n<td>524<\/td>\n<td>545<\/td>\n<td>574<\/td>\n<\/tr>\n<tr>\n<td>Oberrohr (mm)<\/td>\n<td>517<\/td>\n<td>534<\/td>\n<td>549<\/td>\n<td>559<\/td>\n<td>574<\/td>\n<td>589<\/td>\n<\/tr>\n<tr>\n<td>Kettenstrebenl\u00e4nge (mm)<\/td>\n<td>410<\/td>\n<td>410<\/td>\n<td>410<\/td>\n<td>410<\/td>\n<td>410<\/td>\n<td>410<\/td>\n<\/tr>\n<tr>\n<td>Steuerrohr (mm)<\/td>\n<td>110<\/td>\n<td>130<\/td>\n<td>145<\/td>\n<td>165<\/td>\n<td>184<\/td>\n<td>210<\/td>\n<\/tr>\n<tr>\n<td>Lenkwinkel (\u00b0)<\/td>\n<td>71.5<\/td>\n<td>71.5<\/td>\n<td>72.3<\/td>\n<td>72.3<\/td>\n<td>72.3<\/td>\n<td>72.3<\/td>\n<\/tr>\n<tr>\n<td>Sitzwinkel (\u00b0)<\/td>\n<td>73.5<\/td>\n<td>73.5<\/td>\n<td>73.5<\/td>\n<td>73.5<\/td>\n<td>73.5<\/td>\n<td>73.5<\/td>\n<\/tr>\n<tr>\n<td>Radstand (mm)<\/td>\n<td>968<\/td>\n<td>986<\/td>\n<td>989<\/td>\n<td>1000<\/td>\n<td>1015<\/td>\n<td>1030<\/td>\n<\/tr>\n<tr>\n<td>Stack (mm)<\/td>\n<td>506<\/td>\n<td>530<\/td>\n<td>550<\/td>\n<td>565<\/td>\n<td>584<\/td>\n<td>608<\/td>\n<\/tr>\n<tr>\n<td>Reach (mm)<\/td>\n<td>367<\/td>\n<td>377<\/td>\n<td>386<\/td>\n<td>392<\/td>\n<td>401<\/td>\n<td>409<\/td>\n<\/tr>\n<tr>\n<td>Lenkkopfl\u00e4nge (mm):<\/td>\n<td>90<\/td>\n<td>100<\/td>\n<td>100<\/td>\n<td>110<\/td>\n<td>110<\/td>\n<td>120<\/td>\n<\/tr>\n<tr>\n<td>Lenkerbreite (mm)<\/td>\n<td>400<\/td>\n<td>420<\/td>\n<td>420<\/td>\n<td>420<\/td>\n<td>420<\/td>\n<td>420<\/td>\n<\/tr>\n<tr>\n<td>Gabelversatz (mm)<\/td>\n<td>48<\/td>\n<td>48<\/td>\n<td>43<\/td>\n<td>43<\/td>\n<td>43<\/td>\n<td>43<\/td>\n<\/tr>\n<tr>\n<td>Kurbell\u00e4nge (mm)<\/td>\n<td>170<\/td>\n<td>170<\/td>\n<td>172.5<\/td>\n<td>172.5<\/td>\n<td>175<\/td>\n<td>175<\/td>\n<\/tr>\n<\/tbody>\n<\/table>\n<\/div>\n<\/div>","protected":false},"excerpt":{"rendered":"<div class=\"col-lg-14 col-md-14 col-sm-14 col-xs-20\"><\/div>\n<div id=\"product-specifications-table\" class=\"col-lg-20 col-md-20 col-sm-20 col-xs-20\">\n<table class=\"table table-striped\">\n<tbody>\n<tr>\n<td class=\"spec-name\">Geschlecht<\/td>\n<td class=\"spec-value\">Herren<\/td>\n<\/tr>\n<tr>\n<td class=\"spec-name\">Gruppe<\/td>\n<td class=\"spec-value\">Sram Red eTap AXS 12V<\/td>\n<\/tr>\n<tr>\n<td class=\"spec-name\">collection<\/td>\n<td class=\"spec-value\">2022<\/td>\n<\/tr>\n<\/tbody>\n<\/table>\n<\/div>","protected":false},"featured_media":60967,"comment_status":"open","ping_status":"closed","template":"","meta":{"_rtcl_gb_attr":""},"product_brand":[],"product_cat":[36,129],"product_tag":[],"class_list":{"0":"post-13684","1":"product","2":"type-product","3":"status-publish","4":"has-post-thumbnail","6":"product_cat-fahrrad","7":"product_cat-rennrad","8":"pa_marke-bmc","10":"first","11":"instock","12":"sale","13":"taxable","14":"shipping-taxable","15":"purchasable","16":"product-type-variable"},"yoast_head":"<!-- This site is optimized with the Yoast SEO Premium plugin v20.12 (Yoast SEO v27.4) - https:\/\/yoast.com\/product\/yoast-seo-premium-wordpress\/ -->\n<title>BMC TEAMMACHINE SLR01 TWO SRAM RED ETAP AXS 12 G\u00c4NGE 700 MM GRAU ROT 2021<\/title>\n<meta name=\"description\" content=\"Entdecken Sie unseren Online-Fahrradladen: Gro\u00dfe Auswahl an Modellen f\u00fcr alle Radsportbegeisterten. Von Rennr\u00e4dern bis zu Mountainbikes - finden Sie heute Ihren perfekten Wegbegleiter!\" \/>\n<meta name=\"robots\" content=\"index, follow, max-snippet:-1, max-image-preview:large, max-video-preview:-1\" \/>\n<link rel=\"canonical\" href=\"https:\/\/cioelectro.com\/en\/produkt\/bmc-teammachine-slr01-two-sram-red-etap-axs-12-gaenge-700-mm-grau-rot-2021\/\" \/>\n<meta property=\"og:locale\" content=\"en_US\" \/>\n<meta property=\"og:type\" content=\"article\" \/>\n<meta property=\"og:title\" content=\"BMC TEAMMACHINE SLR01 TWO SRAM RED ETAP AXS 12 G\u00c4NGE 700 MM GRAU ROT 2021\" \/>\n<meta property=\"og:description\" content=\"Entdecken Sie unseren Online-Fahrradladen: Gro\u00dfe Auswahl an Modellen f\u00fcr alle Radsportbegeisterten. Von Rennr\u00e4dern bis zu Mountainbikes - finden Sie heute Ihren perfekten Wegbegleiter!\" \/>\n<meta property=\"og:url\" content=\"https:\/\/cioelectro.com\/en\/produkt\/bmc-teammachine-slr01-two-sram-red-etap-axs-12-gaenge-700-mm-grau-rot-2021\/\" \/>\n<meta property=\"og:site_name\" content=\"cioelectro.com\" \/>\n<meta property=\"article:modified_time\" content=\"2023-08-10T17:23:08+00:00\" \/>\n<meta property=\"og:image\" content=\"https:\/\/cioelectro.com\/wp-content\/uploads\/2023\/06\/RENNRAD-BMC-TEAMMACHINE-SLR01-TWO-SRAM-RED-ETAP-AXS-12-GAeNGE-700-MM-GRAU-ROT-2021.jpg\" \/>\n\t<meta property=\"og:image:width\" content=\"600\" \/>\n\t<meta property=\"og:image:height\" content=\"408\" \/>\n\t<meta property=\"og:image:type\" content=\"image\/jpeg\" \/>\n<meta name=\"twitter:card\" content=\"summary_large_image\" \/>\n<meta name=\"twitter:label1\" content=\"Est. reading time\" \/>\n\t<meta name=\"twitter:data1\" content=\"4 minutes\" \/>\n<script type=\"application\/ld+json\" class=\"yoast-schema-graph\">{\"@context\":\"https:\\\/\\\/schema.org\",\"@graph\":[{\"@type\":\"WebPage\",\"@id\":\"https:\\\/\\\/cioelectro.com\\\/produkt\\\/bmc-teammachine-slr01-two-sram-red-etap-axs-12-gaenge-700-mm-grau-rot-2021\\\/\",\"url\":\"https:\\\/\\\/cioelectro.com\\\/produkt\\\/bmc-teammachine-slr01-two-sram-red-etap-axs-12-gaenge-700-mm-grau-rot-2021\\\/\",\"name\":\"BMC TEAMMACHINE SLR01 TWO SRAM RED ETAP AXS 12 G\u00c4NGE 700 MM GRAU ROT 2021\",\"isPartOf\":{\"@id\":\"https:\\\/\\\/cioelectro.com\\\/#website\"},\"primaryImageOfPage\":{\"@id\":\"https:\\\/\\\/cioelectro.com\\\/produkt\\\/bmc-teammachine-slr01-two-sram-red-etap-axs-12-gaenge-700-mm-grau-rot-2021\\\/#primaryimage\"},\"image\":{\"@id\":\"https:\\\/\\\/cioelectro.com\\\/produkt\\\/bmc-teammachine-slr01-two-sram-red-etap-axs-12-gaenge-700-mm-grau-rot-2021\\\/#primaryimage\"},\"thumbnailUrl\":\"https:\\\/\\\/cioelectro.com\\\/wp-content\\\/uploads\\\/2023\\\/06\\\/RENNRAD-BMC-TEAMMACHINE-SLR01-TWO-SRAM-RED-ETAP-AXS-12-GAeNGE-700-MM-GRAU-ROT-2021.jpg\",\"datePublished\":\"2022-08-20T20:42:23+00:00\",\"dateModified\":\"2023-08-10T17:23:08+00:00\",\"description\":\"Entdecken Sie unseren Online-Fahrradladen: Gro\u00dfe Auswahl an Modellen f\u00fcr alle Radsportbegeisterten. Von Rennr\u00e4dern bis zu Mountainbikes - finden Sie heute Ihren perfekten Wegbegleiter!\",\"breadcrumb\":{\"@id\":\"https:\\\/\\\/cioelectro.com\\\/produkt\\\/bmc-teammachine-slr01-two-sram-red-etap-axs-12-gaenge-700-mm-grau-rot-2021\\\/#breadcrumb\"},\"inLanguage\":\"en-US\",\"potentialAction\":[{\"@type\":\"ReadAction\",\"target\":[\"https:\\\/\\\/cioelectro.com\\\/produkt\\\/bmc-teammachine-slr01-two-sram-red-etap-axs-12-gaenge-700-mm-grau-rot-2021\\\/\"]}]},{\"@type\":\"ImageObject\",\"inLanguage\":\"en-US\",\"@id\":\"https:\\\/\\\/cioelectro.com\\\/produkt\\\/bmc-teammachine-slr01-two-sram-red-etap-axs-12-gaenge-700-mm-grau-rot-2021\\\/#primaryimage\",\"url\":\"https:\\\/\\\/cioelectro.com\\\/wp-content\\\/uploads\\\/2023\\\/06\\\/RENNRAD-BMC-TEAMMACHINE-SLR01-TWO-SRAM-RED-ETAP-AXS-12-GAeNGE-700-MM-GRAU-ROT-2021.jpg\",\"contentUrl\":\"https:\\\/\\\/cioelectro.com\\\/wp-content\\\/uploads\\\/2023\\\/06\\\/RENNRAD-BMC-TEAMMACHINE-SLR01-TWO-SRAM-RED-ETAP-AXS-12-GAeNGE-700-MM-GRAU-ROT-2021.jpg\",\"width\":600,\"height\":408,\"caption\":\"RENNRAD BMC TEAMMACHINE SLR01 TWO SRAM RED ETAP AXS 12 G\u00c4NGE 700 MM GRAU ROT 2021\"},{\"@type\":\"BreadcrumbList\",\"@id\":\"https:\\\/\\\/cioelectro.com\\\/produkt\\\/bmc-teammachine-slr01-two-sram-red-etap-axs-12-gaenge-700-mm-grau-rot-2021\\\/#breadcrumb\",\"itemListElement\":[{\"@type\":\"ListItem\",\"position\":1,\"name\":\"Startseite\",\"item\":\"https:\\\/\\\/cioelectro.com\\\/\"},{\"@type\":\"ListItem\",\"position\":2,\"name\":\"LADEN\",\"item\":\"https:\\\/\\\/cioelectro.com\\\/laden\\\/\"},{\"@type\":\"ListItem\",\"position\":3,\"name\":\"BMC TEAMMACHINE SLR01 TWO SRAM RED ETAP AXS 12 G\u00c4NGE 700 MM GRAU ROT 2021\"}]},{\"@type\":\"WebSite\",\"@id\":\"https:\\\/\\\/cioelectro.com\\\/#website\",\"url\":\"https:\\\/\\\/cioelectro.com\\\/\",\"name\":\"cioelectro.com\",\"description\":\"Treten Sie mit uns ins Abenteuer!\",\"publisher\":{\"@id\":\"https:\\\/\\\/cioelectro.com\\\/#organization\"},\"alternateName\":\"MEIN RADLADEN\",\"potentialAction\":[{\"@type\":\"SearchAction\",\"target\":{\"@type\":\"EntryPoint\",\"urlTemplate\":\"https:\\\/\\\/cioelectro.com\\\/?s={search_term_string}\"},\"query-input\":{\"@type\":\"PropertyValueSpecification\",\"valueRequired\":true,\"valueName\":\"search_term_string\"}}],\"inLanguage\":\"en-US\"},{\"@type\":\"Organization\",\"@id\":\"https:\\\/\\\/cioelectro.com\\\/#organization\",\"name\":\"CIOELECTRO\",\"alternateName\":\"MEIN RADLADEN\",\"url\":\"https:\\\/\\\/cioelectro.com\\\/\",\"logo\":{\"@type\":\"ImageObject\",\"inLanguage\":\"en-US\",\"@id\":\"https:\\\/\\\/cioelectro.com\\\/#\\\/schema\\\/logo\\\/image\\\/\",\"url\":\"https:\\\/\\\/cioelectro.com\\\/wp-content\\\/uploads\\\/2025\\\/12\\\/Logo-2-1200x800.png\",\"contentUrl\":\"https:\\\/\\\/cioelectro.com\\\/wp-content\\\/uploads\\\/2025\\\/12\\\/Logo-2-1200x800.png\",\"width\":1200,\"height\":800,\"caption\":\"CIOELECTRO\"},\"image\":{\"@id\":\"https:\\\/\\\/cioelectro.com\\\/#\\\/schema\\\/logo\\\/image\\\/\"}}]}<\/script>\n<!-- \/ Yoast SEO Premium plugin. -->","yoast_head_json":{"title":"BMC TEAMMACHINE SLR01 TWO SRAM RED ETAP AXS 12 G\u00c4NGE 700 MM GRAU ROT 2021","description":"Entdecken Sie unseren Online-Fahrradladen: Gro\u00dfe Auswahl an Modellen f\u00fcr alle Radsportbegeisterten. Von Rennr\u00e4dern bis zu Mountainbikes - finden Sie heute Ihren perfekten Wegbegleiter!","robots":{"index":"index","follow":"follow","max-snippet":"max-snippet:-1","max-image-preview":"max-image-preview:large","max-video-preview":"max-video-preview:-1"},"canonical":"https:\/\/cioelectro.com\/en\/produkt\/bmc-teammachine-slr01-two-sram-red-etap-axs-12-gaenge-700-mm-grau-rot-2021\/","og_locale":"en_US","og_type":"article","og_title":"BMC TEAMMACHINE SLR01 TWO SRAM RED ETAP AXS 12 G\u00c4NGE 700 MM GRAU ROT 2021","og_description":"Entdecken Sie unseren Online-Fahrradladen: Gro\u00dfe Auswahl an Modellen f\u00fcr alle Radsportbegeisterten. Von Rennr\u00e4dern bis zu Mountainbikes - finden Sie heute Ihren perfekten Wegbegleiter!","og_url":"https:\/\/cioelectro.com\/en\/produkt\/bmc-teammachine-slr01-two-sram-red-etap-axs-12-gaenge-700-mm-grau-rot-2021\/","og_site_name":"cioelectro.com","article_modified_time":"2023-08-10T17:23:08+00:00","og_image":[{"width":600,"height":408,"url":"https:\/\/cioelectro.com\/wp-content\/uploads\/2023\/06\/RENNRAD-BMC-TEAMMACHINE-SLR01-TWO-SRAM-RED-ETAP-AXS-12-GAeNGE-700-MM-GRAU-ROT-2021.jpg","type":"image\/jpeg"}],"twitter_card":"summary_large_image","twitter_misc":{"Est. reading time":"4 minutes"},"schema":{"@context":"https:\/\/schema.org","@graph":[{"@type":"WebPage","@id":"https:\/\/cioelectro.com\/produkt\/bmc-teammachine-slr01-two-sram-red-etap-axs-12-gaenge-700-mm-grau-rot-2021\/","url":"https:\/\/cioelectro.com\/produkt\/bmc-teammachine-slr01-two-sram-red-etap-axs-12-gaenge-700-mm-grau-rot-2021\/","name":"BMC TEAMMACHINE SLR01 TWO SRAM RED ETAP AXS 12 G\u00c4NGE 700 MM GRAU ROT 2021","isPartOf":{"@id":"https:\/\/cioelectro.com\/#website"},"primaryImageOfPage":{"@id":"https:\/\/cioelectro.com\/produkt\/bmc-teammachine-slr01-two-sram-red-etap-axs-12-gaenge-700-mm-grau-rot-2021\/#primaryimage"},"image":{"@id":"https:\/\/cioelectro.com\/produkt\/bmc-teammachine-slr01-two-sram-red-etap-axs-12-gaenge-700-mm-grau-rot-2021\/#primaryimage"},"thumbnailUrl":"https:\/\/cioelectro.com\/wp-content\/uploads\/2023\/06\/RENNRAD-BMC-TEAMMACHINE-SLR01-TWO-SRAM-RED-ETAP-AXS-12-GAeNGE-700-MM-GRAU-ROT-2021.jpg","datePublished":"2022-08-20T20:42:23+00:00","dateModified":"2023-08-10T17:23:08+00:00","description":"Entdecken Sie unseren Online-Fahrradladen: Gro\u00dfe Auswahl an Modellen f\u00fcr alle Radsportbegeisterten. Von Rennr\u00e4dern bis zu Mountainbikes - finden Sie heute Ihren perfekten Wegbegleiter!","breadcrumb":{"@id":"https:\/\/cioelectro.com\/produkt\/bmc-teammachine-slr01-two-sram-red-etap-axs-12-gaenge-700-mm-grau-rot-2021\/#breadcrumb"},"inLanguage":"en-US","potentialAction":[{"@type":"ReadAction","target":["https:\/\/cioelectro.com\/produkt\/bmc-teammachine-slr01-two-sram-red-etap-axs-12-gaenge-700-mm-grau-rot-2021\/"]}]},{"@type":"ImageObject","inLanguage":"en-US","@id":"https:\/\/cioelectro.com\/produkt\/bmc-teammachine-slr01-two-sram-red-etap-axs-12-gaenge-700-mm-grau-rot-2021\/#primaryimage","url":"https:\/\/cioelectro.com\/wp-content\/uploads\/2023\/06\/RENNRAD-BMC-TEAMMACHINE-SLR01-TWO-SRAM-RED-ETAP-AXS-12-GAeNGE-700-MM-GRAU-ROT-2021.jpg","contentUrl":"https:\/\/cioelectro.com\/wp-content\/uploads\/2023\/06\/RENNRAD-BMC-TEAMMACHINE-SLR01-TWO-SRAM-RED-ETAP-AXS-12-GAeNGE-700-MM-GRAU-ROT-2021.jpg","width":600,"height":408,"caption":"RENNRAD BMC TEAMMACHINE SLR01 TWO SRAM RED ETAP AXS 12 G\u00c4NGE 700 MM GRAU ROT 2021"},{"@type":"BreadcrumbList","@id":"https:\/\/cioelectro.com\/produkt\/bmc-teammachine-slr01-two-sram-red-etap-axs-12-gaenge-700-mm-grau-rot-2021\/#breadcrumb","itemListElement":[{"@type":"ListItem","position":1,"name":"Startseite","item":"https:\/\/cioelectro.com\/"},{"@type":"ListItem","position":2,"name":"LADEN","item":"https:\/\/cioelectro.com\/laden\/"},{"@type":"ListItem","position":3,"name":"BMC TEAMMACHINE SLR01 TWO SRAM RED ETAP AXS 12 G\u00c4NGE 700 MM GRAU ROT 2021"}]},{"@type":"WebSite","@id":"https:\/\/cioelectro.com\/#website","url":"https:\/\/cioelectro.com\/","name":"cioelectro.com","description":"Treten Sie mit uns ins Abenteuer!","publisher":{"@id":"https:\/\/cioelectro.com\/#organization"},"alternateName":"MEIN RADLADEN","potentialAction":[{"@type":"SearchAction","target":{"@type":"EntryPoint","urlTemplate":"https:\/\/cioelectro.com\/?s={search_term_string}"},"query-input":{"@type":"PropertyValueSpecification","valueRequired":true,"valueName":"search_term_string"}}],"inLanguage":"en-US"},{"@type":"Organization","@id":"https:\/\/cioelectro.com\/#organization","name":"CIOELECTRO","alternateName":"MEIN RADLADEN","url":"https:\/\/cioelectro.com\/","logo":{"@type":"ImageObject","inLanguage":"en-US","@id":"https:\/\/cioelectro.com\/#\/schema\/logo\/image\/","url":"https:\/\/cioelectro.com\/wp-content\/uploads\/2025\/12\/Logo-2-1200x800.png","contentUrl":"https:\/\/cioelectro.com\/wp-content\/uploads\/2025\/12\/Logo-2-1200x800.png","width":1200,"height":800,"caption":"CIOELECTRO"},"image":{"@id":"https:\/\/cioelectro.com\/#\/schema\/logo\/image\/"}}]}},"_links":{"self":[{"href":"https:\/\/cioelectro.com\/en\/wp-json\/wp\/v2\/product\/13684","targetHints":{"allow":["GET"]}}],"collection":[{"href":"https:\/\/cioelectro.com\/en\/wp-json\/wp\/v2\/product"}],"about":[{"href":"https:\/\/cioelectro.com\/en\/wp-json\/wp\/v2\/types\/product"}],"replies":[{"embeddable":true,"href":"https:\/\/cioelectro.com\/en\/wp-json\/wp\/v2\/comments?post=13684"}],"version-history":[{"count":0,"href":"https:\/\/cioelectro.com\/en\/wp-json\/wp\/v2\/product\/13684\/revisions"}],"wp:featuredmedia":[{"embeddable":true,"href":"https:\/\/cioelectro.com\/en\/wp-json\/wp\/v2\/media\/60967"}],"wp:attachment":[{"href":"https:\/\/cioelectro.com\/en\/wp-json\/wp\/v2\/media?parent=13684"}],"wp:term":[{"taxonomy":"product_brand","embeddable":true,"href":"https:\/\/cioelectro.com\/en\/wp-json\/wp\/v2\/product_brand?post=13684"},{"taxonomy":"product_cat","embeddable":true,"href":"https:\/\/cioelectro.com\/en\/wp-json\/wp\/v2\/product_cat?post=13684"},{"taxonomy":"product_tag","embeddable":true,"href":"https:\/\/cioelectro.com\/en\/wp-json\/wp\/v2\/product_tag?post=13684"}],"curies":[{"name":"wp","href":"https:\/\/api.w.org\/{rel}","templated":true}]}}