{"id":14018,"date":"2022-08-22T20:57:20","date_gmt":"2022-08-22T18:57:20","guid":{"rendered":"https:\/\/meinradladen.com\/?post_type=product&#038;p=14018"},"modified":"2023-08-10T19:15:20","modified_gmt":"2023-08-10T17:15:20","slug":"wilier-triestina-jena-hybrid-elektro-gravelbike-gruen-2022","status":"publish","type":"product","link":"https:\/\/cioelectro.com\/en\/produkt\/wilier-triestina-jena-hybrid-elektro-gravelbike-gruen-2022\/","title":{"rendered":"WILIER TRIESTINA JENA HYBRID ELEKTRO-GRAVELBIKE GR\u00dcN 2022"},"content":{"rendered":"<div id=\"product-header-order-name\" class=\"col-lg-20 col-md-20 col-sm-20 col-xs-20\">\n<h3 class=\"heading-title-text\">WILIER TRIESTINA JENA HYBRID ELEKTRO-GRAVELBIKE SHIMANO GRX DI2 11S 250 WH 700 MM GR\u00dcN 2022<\/h3>\n<\/div>\n<div id=\"product-header-order-form\" class=\"js-reload-on-event col-lg-20 col-md-20 col-sm-20 col-xs-20\" data-to-watch=\"body\" data-event=\"alltricks:cartChanged\" data-url=\"\/ajax\/product\/ajouter\/F-41505-velos-route-_-cyclocross-_-triathlon\/P-2293262-wilier_triestina_jena_hybrid_elektro_gravelbike_shimano_grx_di2_11s_250_wh_700_mm_grun_2022\">\n<div class=\"col col-sm-12 col-md-12 col-lg-12\">\n<p>Das <strong>Wilier Triestina Jena Hybrid<\/strong>\u00a0hat einen Rahmen und eine Gabel aus Carbon-Monocoque. Die Geometrie des Rahmens \u00e4hnelt der des Jena und bietet eine leistungsstarke Ausdauerfahrt in Kombination mit einer komfortablen Fahrposition f\u00fcr lange Stunden im Sattel. Das Jena Hybrid verf\u00fcgt \u00fcber traditionelle Komponenten wie hydraulische Scheibenbremsen, 11-Gang-Schaltung und Carbon- oder Aluminiumfelgen. Die einzige Komponente, die der traditionellen Konfiguration hinzugef\u00fcgt wurde, ist die Hinterradnabe, die den 40 Nm Ebikemotion-Motor zur Unterst\u00fctzung der Tretbewegung enth\u00e4lt. Der Motor wird von einer 250-Wh-Batterie gespeist, die perfekt in das Unterrohr des Rahmens integriert ist. Die Steuerung des Systems (Einschalten, Ausschalten und \u00dcberwachung) erfolgt \u00fcber den am Lenker angebrachten iWoc-Knopf, mit dem der Fahrer die verschiedenen Unterst\u00fctzungsmodi von Jena Hybrid ausw\u00e4hlen kann.<\/p>\n<p>Das X35+ PAS (Pedal Assist System) besteht aus einer Reihe von Komponenten, die sich nahtlos in die neuesten Rennr\u00e4der integrieren. Mit einem Gesamtgewicht von nur 3,5 kg (Motor, Akku, Kabel und Controller) ist es eines der leichtesten PAS auf dem Markt. Unsere X35+ Version nutzt das ANT+ Kommunikationsprotokoll, um sich mit den modernsten Fahrradcomputern auf dem Markt zu verbinden.<\/p>\n<p>Der Motor befindet sich in der Nabe des Hinterrads, so dass die untere Halterung die gleiche Gr\u00f6\u00dfe wie bei einem normalen Fahrrad hat. Dadurch k\u00f6nnen Sie Standard-Kettens\u00e4tze installieren. Bei dieser L\u00f6sung bleibt das Tretgef\u00fchl eines herk\u00f6mmlichen Fahrrads erhalten.<\/p>\n<\/div>\n<div class=\"prodsheet_bullets col col-sm-8 col-md-8 col-lg-8\">\n<h4>HAUPTMERKMALE:<\/h4>\n<ul>\n<li>NH-MOD Monocoque-Rahmen und -Gabel aus Carbon.<\/li>\n<li>Mahle Ebikemotion X35+ Tretunterst\u00fctzungssystem.<\/li>\n<li>Shimano GRX Di2 2&#215;11-Gang-Antriebssystem.<\/li>\n<li>Hydraulische Scheibenbremsen Shimano GRX, 160\/160 mm.<\/li>\n<\/ul>\n<\/div>\n<div class=\"prodsheet_specs1 col col-sm-12 col-md-12 col-lg-12\">\n<h4>EIGENSCHAFTEN:<\/h4>\n<table class=\"table table-striped\">\n<tbody>\n<tr>\n<td>Rahmen<\/td>\n<td>Carbon: Carbon Monocoque NH-MOD, 136 mm, Reifendurchmesser: 42 mm (700C) \/ 47 mm (650B)<\/td>\n<\/tr>\n<tr>\n<td>Gabel<\/td>\n<td>Carbon: Carbon Monocoque NH-MOD, Steckachse 12&#215;100 mm<\/td>\n<\/tr>\n<tr>\n<td>Motor<\/td>\n<td>Mahle Ebikemotion X35+ Motor Nabenantrieb, 250 W, 40 Nm, 25 km\/h<\/td>\n<\/tr>\n<tr>\n<td>Akku<\/td>\n<td>Unterrohr-Akku, 250 Wh<\/td>\n<\/tr>\n<tr>\n<td>Schaltungen<\/td>\n<td>Shimano GRX Di2 ST-RX815, 2&#215;11-fach<\/td>\n<\/tr>\n<tr>\n<td>Umwerfer<\/td>\n<td>Shimano GRX Di2 FD-RX815<\/td>\n<\/tr>\n<tr>\n<td>Schaltwerk<\/td>\n<td>Shimano GRX Di2 RD-RX815, 11-fach<\/td>\n<\/tr>\n<tr>\n<td>Kassette<\/td>\n<td>Shimano CS-HG700, 11-34T<\/td>\n<\/tr>\n<tr>\n<td>Kette<\/td>\n<td>Shimano CN-HG701-11<\/td>\n<\/tr>\n<tr>\n<td>Kurbelgarnitur<\/td>\n<td>Shimano GRX, Hollowtech, 46\/30Z<\/td>\n<\/tr>\n<tr>\n<td>Tretlager<\/td>\n<td>Shimano PressFit<\/td>\n<\/tr>\n<tr>\n<td>Bremsen<\/td>\n<td>Shimano GRX BR-RX810, hydr. Scheibenbremse, Shimano RT66 Rotoren (160\/160)<\/td>\n<\/tr>\n<tr>\n<td>Laufradsatz<\/td>\n<td>Wilier Triestina HY-NDR28AC-EU<\/td>\n<\/tr>\n<tr>\n<td>Bereifung<\/td>\n<td>Vittoria Terreno Dry, faltbar, 700x38C<\/td>\n<\/tr>\n<tr>\n<td>Lenker<\/td>\n<td>Ritchey Ergomax Stra\u00dfe Comp<\/td>\n<\/tr>\n<tr>\n<td>Vorbau<\/td>\n<td>Ritchey Comp<\/td>\n<\/tr>\n<tr>\n<td>Steuersatz<\/td>\n<td>FSA MR137, verj\u00fcngt 1&#8243;1\/8 (oben), 1&#8243;1\/4 (unten)<\/td>\n<\/tr>\n<tr>\n<td>Sattel<\/td>\n<td>Selle Italia Modell X<\/td>\n<\/tr>\n<tr>\n<td>Sattelst\u00fctze<\/td>\n<td>Ritchey Cmp 2-Bolt V2 Alloy<\/td>\n<\/tr>\n<tr>\n<td>Gewicht<\/td>\n<td>&#8212;<\/td>\n<\/tr>\n<tr>\n<td>Farbe<\/td>\n<td>Y9 &#8211; Gr\u00fcn \/ Wei\u00df; Matt<\/td>\n<\/tr>\n<tr>\n<td>Referenz<\/td>\n<td>E122WD0<\/td>\n<\/tr>\n<\/tbody>\n<\/table>\n<\/div>\n<div class=\"prodsheet_specs2 col col-sm-8 col-md-8 col-lg-8\">\n<h4>GEOMETRIEN:<\/h4>\n<p><img decoding=\"async\" src=\"http:\/\/media1.alltricks.fr\/ckfinder\/images\/cube_route_geo_en.jpg\" \/><\/p>\n<table class=\"table table-striped\">\n<tbody>\n<tr>\n<td>Rahmengr\u00f6\u00dfe<\/td>\n<td>S<\/td>\n<td>M<\/td>\n<td>L<\/td>\n<td>XL<\/td>\n<\/tr>\n<tr>\n<td>Sitzrohr (mm)<\/td>\n<td>470<\/td>\n<td>500<\/td>\n<td>530<\/td>\n<td>570<\/td>\n<\/tr>\n<tr>\n<td>Oberrohr (mm)<\/td>\n<td>529<\/td>\n<td>553<\/td>\n<td>576<\/td>\n<td>600<\/td>\n<\/tr>\n<tr>\n<td>Kettenstreben (mm)<\/td>\n<td>423<\/td>\n<td>423<\/td>\n<td>423<\/td>\n<td>423<\/td>\n<\/tr>\n<tr>\n<td>L\u00e4nge Steuerrohr (mm)<\/td>\n<td>125<\/td>\n<td>150<\/td>\n<td>175<\/td>\n<td>200<\/td>\n<\/tr>\n<tr>\n<td>Winkel des Steuerrohrs (\u00b0)<\/td>\n<td>70.5<\/td>\n<td>71<\/td>\n<td>71.5<\/td>\n<td>72<\/td>\n<\/tr>\n<tr>\n<td>Sitzrohr-Winkel (\u00b0)<\/td>\n<td>72.8<\/td>\n<td>73.7<\/td>\n<td>73.1<\/td>\n<td>72.8<\/td>\n<\/tr>\n<tr>\n<td>Stapel (mm)<\/td>\n<td>556<\/td>\n<td>582<\/td>\n<td>608<\/td>\n<td>633<\/td>\n<\/tr>\n<tr>\n<td>Reichweite (mm)<\/td>\n<td>373<\/td>\n<td>382<\/td>\n<td>392<\/td>\n<td>401<\/td>\n<\/tr>\n<\/tbody>\n<\/table>\n<\/div>\n<\/div>","protected":false},"excerpt":{"rendered":"<div class=\"col-lg-14 col-md-14 col-sm-14 col-xs-20\"><\/div>\n<div id=\"product-specifications-table\" class=\"col-lg-20 col-md-20 col-sm-20 col-xs-20\">\n<table class=\"table table-striped\">\n<tbody>\n<tr>\n<td class=\"spec-name\">Geschlecht<\/td>\n<td class=\"spec-value\">Herren<\/td>\n<\/tr>\n<tr>\n<td class=\"spec-name\">Gruppe<\/td>\n<td class=\"spec-value\">Shimano GRX Di2 11S<\/td>\n<\/tr>\n<tr>\n<td class=\"spec-name\">collection<\/td>\n<td class=\"spec-value\">2022<\/td>\n<\/tr>\n<\/tbody>\n<\/table>\n<\/div>","protected":false},"featured_media":60980,"comment_status":"open","ping_status":"closed","template":"","meta":{"_rtcl_gb_attr":""},"product_brand":[],"product_cat":[129],"product_tag":[],"class_list":{"0":"post-14018","1":"product","2":"type-product","3":"status-publish","4":"has-post-thumbnail","6":"product_cat-rennrad","7":"pa_marke-wilier-triestina","9":"first","10":"instock","11":"sale","12":"taxable","13":"shipping-taxable","14":"purchasable","15":"product-type-variable"},"yoast_head":"<!-- This site is optimized with the Yoast SEO Premium plugin v20.12 (Yoast SEO v27.4) - https:\/\/yoast.com\/product\/yoast-seo-premium-wordpress\/ -->\n<title>WILIER TRIESTINA JENA HYBRID ELEKTRO-GRAVELBIKE GR\u00dcN 2022<\/title>\n<meta name=\"description\" content=\"Entdecken Sie unseren Online-Fahrradladen: Gro\u00dfe Auswahl an Modellen f\u00fcr alle Radsportbegeisterten. Von Rennr\u00e4dern bis zu Mountainbikes - finden Sie heute Ihren perfekten Wegbegleiter!\" \/>\n<meta name=\"robots\" content=\"index, follow, max-snippet:-1, max-image-preview:large, max-video-preview:-1\" \/>\n<link rel=\"canonical\" href=\"https:\/\/cioelectro.com\/en\/produkt\/wilier-triestina-jena-hybrid-elektro-gravelbike-gruen-2022\/\" \/>\n<meta property=\"og:locale\" content=\"en_US\" \/>\n<meta property=\"og:type\" content=\"article\" \/>\n<meta property=\"og:title\" content=\"WILIER TRIESTINA JENA HYBRID ELEKTRO-GRAVELBIKE GR\u00dcN 2022\" \/>\n<meta property=\"og:description\" content=\"Entdecken Sie unseren Online-Fahrradladen: Gro\u00dfe Auswahl an Modellen f\u00fcr alle Radsportbegeisterten. Von Rennr\u00e4dern bis zu Mountainbikes - finden Sie heute Ihren perfekten Wegbegleiter!\" \/>\n<meta property=\"og:url\" content=\"https:\/\/cioelectro.com\/en\/produkt\/wilier-triestina-jena-hybrid-elektro-gravelbike-gruen-2022\/\" \/>\n<meta property=\"og:site_name\" content=\"cioelectro.com\" \/>\n<meta property=\"article:modified_time\" content=\"2023-08-10T17:15:20+00:00\" \/>\n<meta property=\"og:image\" content=\"https:\/\/cioelectro.com\/wp-content\/uploads\/2023\/06\/WILIER-TRIESTINA-JENA-HYBRID-ELEKTRO-GRAVELBIKE-SHIMANO-GRX-DI2-11S-250-WH-700-MM-GRUeN-2022.jpg\" \/>\n\t<meta property=\"og:image:width\" content=\"600\" \/>\n\t<meta property=\"og:image:height\" content=\"408\" \/>\n\t<meta property=\"og:image:type\" content=\"image\/jpeg\" \/>\n<meta name=\"twitter:card\" content=\"summary_large_image\" \/>\n<meta name=\"twitter:label1\" content=\"Est. reading time\" \/>\n\t<meta name=\"twitter:data1\" content=\"3 minutes\" \/>\n<script type=\"application\/ld+json\" class=\"yoast-schema-graph\">{\"@context\":\"https:\\\/\\\/schema.org\",\"@graph\":[{\"@type\":\"WebPage\",\"@id\":\"https:\\\/\\\/cioelectro.com\\\/produkt\\\/wilier-triestina-jena-hybrid-elektro-gravelbike-gruen-2022\\\/\",\"url\":\"https:\\\/\\\/cioelectro.com\\\/produkt\\\/wilier-triestina-jena-hybrid-elektro-gravelbike-gruen-2022\\\/\",\"name\":\"WILIER TRIESTINA JENA HYBRID ELEKTRO-GRAVELBIKE GR\u00dcN 2022\",\"isPartOf\":{\"@id\":\"https:\\\/\\\/cioelectro.com\\\/#website\"},\"primaryImageOfPage\":{\"@id\":\"https:\\\/\\\/cioelectro.com\\\/produkt\\\/wilier-triestina-jena-hybrid-elektro-gravelbike-gruen-2022\\\/#primaryimage\"},\"image\":{\"@id\":\"https:\\\/\\\/cioelectro.com\\\/produkt\\\/wilier-triestina-jena-hybrid-elektro-gravelbike-gruen-2022\\\/#primaryimage\"},\"thumbnailUrl\":\"https:\\\/\\\/cioelectro.com\\\/wp-content\\\/uploads\\\/2023\\\/06\\\/WILIER-TRIESTINA-JENA-HYBRID-ELEKTRO-GRAVELBIKE-SHIMANO-GRX-DI2-11S-250-WH-700-MM-GRUeN-2022.jpg\",\"datePublished\":\"2022-08-22T18:57:20+00:00\",\"dateModified\":\"2023-08-10T17:15:20+00:00\",\"description\":\"Entdecken Sie unseren Online-Fahrradladen: Gro\u00dfe Auswahl an Modellen f\u00fcr alle Radsportbegeisterten. Von Rennr\u00e4dern bis zu Mountainbikes - finden Sie heute Ihren perfekten Wegbegleiter!\",\"breadcrumb\":{\"@id\":\"https:\\\/\\\/cioelectro.com\\\/produkt\\\/wilier-triestina-jena-hybrid-elektro-gravelbike-gruen-2022\\\/#breadcrumb\"},\"inLanguage\":\"en-US\",\"potentialAction\":[{\"@type\":\"ReadAction\",\"target\":[\"https:\\\/\\\/cioelectro.com\\\/produkt\\\/wilier-triestina-jena-hybrid-elektro-gravelbike-gruen-2022\\\/\"]}]},{\"@type\":\"ImageObject\",\"inLanguage\":\"en-US\",\"@id\":\"https:\\\/\\\/cioelectro.com\\\/produkt\\\/wilier-triestina-jena-hybrid-elektro-gravelbike-gruen-2022\\\/#primaryimage\",\"url\":\"https:\\\/\\\/cioelectro.com\\\/wp-content\\\/uploads\\\/2023\\\/06\\\/WILIER-TRIESTINA-JENA-HYBRID-ELEKTRO-GRAVELBIKE-SHIMANO-GRX-DI2-11S-250-WH-700-MM-GRUeN-2022.jpg\",\"contentUrl\":\"https:\\\/\\\/cioelectro.com\\\/wp-content\\\/uploads\\\/2023\\\/06\\\/WILIER-TRIESTINA-JENA-HYBRID-ELEKTRO-GRAVELBIKE-SHIMANO-GRX-DI2-11S-250-WH-700-MM-GRUeN-2022.jpg\",\"width\":600,\"height\":408,\"caption\":\"WILIER TRIESTINA JENA HYBRID ELEKTRO-GRAVELBIKE SHIMANO GRX DI2 11S 250 WH 700 MM GR\u00dcN 2022\"},{\"@type\":\"BreadcrumbList\",\"@id\":\"https:\\\/\\\/cioelectro.com\\\/produkt\\\/wilier-triestina-jena-hybrid-elektro-gravelbike-gruen-2022\\\/#breadcrumb\",\"itemListElement\":[{\"@type\":\"ListItem\",\"position\":1,\"name\":\"Startseite\",\"item\":\"https:\\\/\\\/cioelectro.com\\\/\"},{\"@type\":\"ListItem\",\"position\":2,\"name\":\"LADEN\",\"item\":\"https:\\\/\\\/cioelectro.com\\\/laden\\\/\"},{\"@type\":\"ListItem\",\"position\":3,\"name\":\"WILIER TRIESTINA JENA HYBRID ELEKTRO-GRAVELBIKE GR\u00dcN 2022\"}]},{\"@type\":\"WebSite\",\"@id\":\"https:\\\/\\\/cioelectro.com\\\/#website\",\"url\":\"https:\\\/\\\/cioelectro.com\\\/\",\"name\":\"cioelectro.com\",\"description\":\"Treten Sie mit uns ins Abenteuer!\",\"publisher\":{\"@id\":\"https:\\\/\\\/cioelectro.com\\\/#organization\"},\"alternateName\":\"MEIN RADLADEN\",\"potentialAction\":[{\"@type\":\"SearchAction\",\"target\":{\"@type\":\"EntryPoint\",\"urlTemplate\":\"https:\\\/\\\/cioelectro.com\\\/?s={search_term_string}\"},\"query-input\":{\"@type\":\"PropertyValueSpecification\",\"valueRequired\":true,\"valueName\":\"search_term_string\"}}],\"inLanguage\":\"en-US\"},{\"@type\":\"Organization\",\"@id\":\"https:\\\/\\\/cioelectro.com\\\/#organization\",\"name\":\"CIOELECTRO\",\"alternateName\":\"MEIN RADLADEN\",\"url\":\"https:\\\/\\\/cioelectro.com\\\/\",\"logo\":{\"@type\":\"ImageObject\",\"inLanguage\":\"en-US\",\"@id\":\"https:\\\/\\\/cioelectro.com\\\/#\\\/schema\\\/logo\\\/image\\\/\",\"url\":\"https:\\\/\\\/cioelectro.com\\\/wp-content\\\/uploads\\\/2025\\\/12\\\/Logo-2-1200x800.png\",\"contentUrl\":\"https:\\\/\\\/cioelectro.com\\\/wp-content\\\/uploads\\\/2025\\\/12\\\/Logo-2-1200x800.png\",\"width\":1200,\"height\":800,\"caption\":\"CIOELECTRO\"},\"image\":{\"@id\":\"https:\\\/\\\/cioelectro.com\\\/#\\\/schema\\\/logo\\\/image\\\/\"}}]}<\/script>\n<!-- \/ Yoast SEO Premium plugin. -->","yoast_head_json":{"title":"WILIER TRIESTINA JENA HYBRID ELEKTRO-GRAVELBIKE GR\u00dcN 2022","description":"Entdecken Sie unseren Online-Fahrradladen: Gro\u00dfe Auswahl an Modellen f\u00fcr alle Radsportbegeisterten. Von Rennr\u00e4dern bis zu Mountainbikes - finden Sie heute Ihren perfekten Wegbegleiter!","robots":{"index":"index","follow":"follow","max-snippet":"max-snippet:-1","max-image-preview":"max-image-preview:large","max-video-preview":"max-video-preview:-1"},"canonical":"https:\/\/cioelectro.com\/en\/produkt\/wilier-triestina-jena-hybrid-elektro-gravelbike-gruen-2022\/","og_locale":"en_US","og_type":"article","og_title":"WILIER TRIESTINA JENA HYBRID ELEKTRO-GRAVELBIKE GR\u00dcN 2022","og_description":"Entdecken Sie unseren Online-Fahrradladen: Gro\u00dfe Auswahl an Modellen f\u00fcr alle Radsportbegeisterten. Von Rennr\u00e4dern bis zu Mountainbikes - finden Sie heute Ihren perfekten Wegbegleiter!","og_url":"https:\/\/cioelectro.com\/en\/produkt\/wilier-triestina-jena-hybrid-elektro-gravelbike-gruen-2022\/","og_site_name":"cioelectro.com","article_modified_time":"2023-08-10T17:15:20+00:00","og_image":[{"width":600,"height":408,"url":"https:\/\/cioelectro.com\/wp-content\/uploads\/2023\/06\/WILIER-TRIESTINA-JENA-HYBRID-ELEKTRO-GRAVELBIKE-SHIMANO-GRX-DI2-11S-250-WH-700-MM-GRUeN-2022.jpg","type":"image\/jpeg"}],"twitter_card":"summary_large_image","twitter_misc":{"Est. reading time":"3 minutes"},"schema":{"@context":"https:\/\/schema.org","@graph":[{"@type":"WebPage","@id":"https:\/\/cioelectro.com\/produkt\/wilier-triestina-jena-hybrid-elektro-gravelbike-gruen-2022\/","url":"https:\/\/cioelectro.com\/produkt\/wilier-triestina-jena-hybrid-elektro-gravelbike-gruen-2022\/","name":"WILIER TRIESTINA JENA HYBRID ELEKTRO-GRAVELBIKE GR\u00dcN 2022","isPartOf":{"@id":"https:\/\/cioelectro.com\/#website"},"primaryImageOfPage":{"@id":"https:\/\/cioelectro.com\/produkt\/wilier-triestina-jena-hybrid-elektro-gravelbike-gruen-2022\/#primaryimage"},"image":{"@id":"https:\/\/cioelectro.com\/produkt\/wilier-triestina-jena-hybrid-elektro-gravelbike-gruen-2022\/#primaryimage"},"thumbnailUrl":"https:\/\/cioelectro.com\/wp-content\/uploads\/2023\/06\/WILIER-TRIESTINA-JENA-HYBRID-ELEKTRO-GRAVELBIKE-SHIMANO-GRX-DI2-11S-250-WH-700-MM-GRUeN-2022.jpg","datePublished":"2022-08-22T18:57:20+00:00","dateModified":"2023-08-10T17:15:20+00:00","description":"Entdecken Sie unseren Online-Fahrradladen: Gro\u00dfe Auswahl an Modellen f\u00fcr alle Radsportbegeisterten. Von Rennr\u00e4dern bis zu Mountainbikes - finden Sie heute Ihren perfekten Wegbegleiter!","breadcrumb":{"@id":"https:\/\/cioelectro.com\/produkt\/wilier-triestina-jena-hybrid-elektro-gravelbike-gruen-2022\/#breadcrumb"},"inLanguage":"en-US","potentialAction":[{"@type":"ReadAction","target":["https:\/\/cioelectro.com\/produkt\/wilier-triestina-jena-hybrid-elektro-gravelbike-gruen-2022\/"]}]},{"@type":"ImageObject","inLanguage":"en-US","@id":"https:\/\/cioelectro.com\/produkt\/wilier-triestina-jena-hybrid-elektro-gravelbike-gruen-2022\/#primaryimage","url":"https:\/\/cioelectro.com\/wp-content\/uploads\/2023\/06\/WILIER-TRIESTINA-JENA-HYBRID-ELEKTRO-GRAVELBIKE-SHIMANO-GRX-DI2-11S-250-WH-700-MM-GRUeN-2022.jpg","contentUrl":"https:\/\/cioelectro.com\/wp-content\/uploads\/2023\/06\/WILIER-TRIESTINA-JENA-HYBRID-ELEKTRO-GRAVELBIKE-SHIMANO-GRX-DI2-11S-250-WH-700-MM-GRUeN-2022.jpg","width":600,"height":408,"caption":"WILIER TRIESTINA JENA HYBRID ELEKTRO-GRAVELBIKE SHIMANO GRX DI2 11S 250 WH 700 MM GR\u00dcN 2022"},{"@type":"BreadcrumbList","@id":"https:\/\/cioelectro.com\/produkt\/wilier-triestina-jena-hybrid-elektro-gravelbike-gruen-2022\/#breadcrumb","itemListElement":[{"@type":"ListItem","position":1,"name":"Startseite","item":"https:\/\/cioelectro.com\/"},{"@type":"ListItem","position":2,"name":"LADEN","item":"https:\/\/cioelectro.com\/laden\/"},{"@type":"ListItem","position":3,"name":"WILIER TRIESTINA JENA HYBRID ELEKTRO-GRAVELBIKE GR\u00dcN 2022"}]},{"@type":"WebSite","@id":"https:\/\/cioelectro.com\/#website","url":"https:\/\/cioelectro.com\/","name":"cioelectro.com","description":"Treten Sie mit uns ins Abenteuer!","publisher":{"@id":"https:\/\/cioelectro.com\/#organization"},"alternateName":"MEIN RADLADEN","potentialAction":[{"@type":"SearchAction","target":{"@type":"EntryPoint","urlTemplate":"https:\/\/cioelectro.com\/?s={search_term_string}"},"query-input":{"@type":"PropertyValueSpecification","valueRequired":true,"valueName":"search_term_string"}}],"inLanguage":"en-US"},{"@type":"Organization","@id":"https:\/\/cioelectro.com\/#organization","name":"CIOELECTRO","alternateName":"MEIN RADLADEN","url":"https:\/\/cioelectro.com\/","logo":{"@type":"ImageObject","inLanguage":"en-US","@id":"https:\/\/cioelectro.com\/#\/schema\/logo\/image\/","url":"https:\/\/cioelectro.com\/wp-content\/uploads\/2025\/12\/Logo-2-1200x800.png","contentUrl":"https:\/\/cioelectro.com\/wp-content\/uploads\/2025\/12\/Logo-2-1200x800.png","width":1200,"height":800,"caption":"CIOELECTRO"},"image":{"@id":"https:\/\/cioelectro.com\/#\/schema\/logo\/image\/"}}]}},"_links":{"self":[{"href":"https:\/\/cioelectro.com\/en\/wp-json\/wp\/v2\/product\/14018","targetHints":{"allow":["GET"]}}],"collection":[{"href":"https:\/\/cioelectro.com\/en\/wp-json\/wp\/v2\/product"}],"about":[{"href":"https:\/\/cioelectro.com\/en\/wp-json\/wp\/v2\/types\/product"}],"replies":[{"embeddable":true,"href":"https:\/\/cioelectro.com\/en\/wp-json\/wp\/v2\/comments?post=14018"}],"version-history":[{"count":0,"href":"https:\/\/cioelectro.com\/en\/wp-json\/wp\/v2\/product\/14018\/revisions"}],"wp:featuredmedia":[{"embeddable":true,"href":"https:\/\/cioelectro.com\/en\/wp-json\/wp\/v2\/media\/60980"}],"wp:attachment":[{"href":"https:\/\/cioelectro.com\/en\/wp-json\/wp\/v2\/media?parent=14018"}],"wp:term":[{"taxonomy":"product_brand","embeddable":true,"href":"https:\/\/cioelectro.com\/en\/wp-json\/wp\/v2\/product_brand?post=14018"},{"taxonomy":"product_cat","embeddable":true,"href":"https:\/\/cioelectro.com\/en\/wp-json\/wp\/v2\/product_cat?post=14018"},{"taxonomy":"product_tag","embeddable":true,"href":"https:\/\/cioelectro.com\/en\/wp-json\/wp\/v2\/product_tag?post=14018"}],"curies":[{"name":"wp","href":"https:\/\/api.w.org\/{rel}","templated":true}]}}